{"id":1255,"date":"2019-02-05T11:26:52","date_gmt":"2019-02-05T10:26:52","guid":{"rendered":"https:\/\/www.normisjon.no\/ostfold\/?page_id=1255"},"modified":"2026-02-19T12:03:32","modified_gmt":"2026-02-19T11:03:32","slug":"frivillige-medarbeidere-pa-sjoglimt","status":"publish","type":"page","link":"https:\/\/www.normisjon.no\/ostfold\/sjoglimt-leirsted\/frivillige-medarbeidere-pa-sjoglimt\/","title":{"rendered":"Frivillige medarbeidere p\u00e5 Sj\u00f8glimt"},"content":{"rendered":"<div id=\"module-0\" class=\"hogan-module hogan-module-image hogan-module-0 hogan-image-size-large\"><div class=\"hogan-module-inner\"><figure class=\"wp-caption size-large\"><img loading=\"lazy\" decoding=\"async\" width=\"1024\" height=\"334\" src=\"https:\/\/www.normisjon.no\/content\/uploads\/sites\/24\/2019\/02\/IMG_6645-2-1024x334.jpg\" class=\"attachment-large size-large\" alt=\"\" srcset=\"https:\/\/www.normisjon.no\/content\/uploads\/sites\/24\/2019\/02\/IMG_6645-2-1024x334.jpg 1024w, https:\/\/www.normisjon.no\/content\/uploads\/sites\/24\/2019\/02\/IMG_6645-2-300x98.jpg 300w, https:\/\/www.normisjon.no\/content\/uploads\/sites\/24\/2019\/02\/IMG_6645-2-768x251.jpg 768w, https:\/\/www.normisjon.no\/content\/uploads\/sites\/24\/2019\/02\/IMG_6645-2-960x313.jpg 960w, https:\/\/www.normisjon.no\/content\/uploads\/sites\/24\/2019\/02\/IMG_6645-2.jpg 1130w\" sizes=\"auto, (max-width: 1024px) 100vw, 1024px\" \/><\/figure><\/div><\/div><div id=\"module-1\" class=\"hogan-module hogan-module-text hogan-module-1\"><div class=\"hogan-module-inner\"><p>Det er mange praktiske behov p\u00e5 Sj\u00f8glimt. Vi \u00f8nsker \u00e5 involvere mange frivillige b\u00e5de for \u00e5 f\u00e5 til mest mulig innenfor v\u00e5re \u00f8konomiske rammer, og ogs\u00e5 for at mange skal f\u00e5 et n\u00e6rt forhold til stedet. Kj\u00f8kkentjeneste er en viktig rolle, og denne oppgaven gj\u00f8res i samarbeid med en ansvarlig kokk. Vaktmestertjenesten har mange forskjellige roller. Ved utleie inng\u00e5r vaktmester- og kj\u00f8kkentjeneste i husfolk-rollen. Den rollen dreier seg i hovedsak om forberedelser\/rydding til m\u00e5ltider samt forefallende oppf\u00f8lgning av stedet p\u00e5 utleiedagene. I dager uten utleie inkluderer vaktmesterrollen vedlikehold og oppf\u00f8lgning av leirstedets bygg og uteomr\u00e5der. Frivillig arbeid p\u00e5 Sj\u00f8glimt skal f\u00f8les b\u00e5de nyttig og hyggelig, og vi bestreber derfor god informasjon og individuell tilpassing av oppgaver. St\u00f8rste leietaker p\u00e5 Sj\u00f8glimt er v\u00e5r egen barne- og ungdomsavdeling &#8211; Acta. P\u00e5 v\u00e5re leirer trenger vi b\u00e5de unge (fra 14 \u00e5r) og voksne ledere. Ogs\u00e5 i denne rollen vil man f\u00e5 oppl\u00e6ring. Vi gjennomf\u00f8rer i forkant et intervju med alle nye ledere og for ledere fra 18 \u00e5r krever vi framvisning av gyldig politiattest.<\/p>\n<ul>\n<li>For informasjon og p\u00e5melding ring 95757610 \/ eller send epost til sjoglimt@normisjon.no<\/li>\n<li>Kalender for Acta-leirer\u00a0 <a href=\"https:\/\/www.normisjon.no\/content\/uploads\/sites\/24\/2025\/12\/Leirkalender-2026-Ny-logo.png\" target=\"_blank\" rel=\"noopener\">&#8211; trykk her!<\/a> For informasjon og p\u00e5melding ring 69133660 eller epost til acta.ostfold@normisjon.no<\/li>\n<\/ul><\/div><\/div>","protected":false},"excerpt":{"rendered":"<p>Det er mange praktiske behov p\u00e5 Sj\u00f8glimt. Vi \u00f8nsker \u00e5 involvere mange frivillige b\u00e5de for \u00e5 f\u00e5 til mest mulig innenfor v\u00e5re \u00f8konomiske rammer, og [&hellip;]<\/p>\n","protected":false},"author":25,"featured_media":822,"parent":112,"menu_order":0,"comment_status":"closed","ping_status":"closed","template":"","meta":{"_acf_changed":false,"footnotes":""},"class_list":["post-1255","page","type-page","status-publish","has-post-thumbnail","hentry"],"acf":[],"yoast_head":"<!-- This site is optimized with the Yoast SEO plugin v25.9 - https:\/\/yoast.com\/wordpress\/plugins\/seo\/ -->\n<title>Frivillige medarbeidere p\u00e5 Sj\u00f8glimt - Region \u00d8stfold<\/title>\n<meta name=\"robots\" content=\"index, follow, max-snippet:-1, max-image-preview:large, max-video-preview:-1\" \/>\n<link rel=\"canonical\" href=\"https:\/\/www.normisjon.no\/ostfold\/sjoglimt-leirsted\/frivillige-medarbeidere-pa-sjoglimt\/\" \/>\n<meta property=\"og:locale\" content=\"nb_NO\" \/>\n<meta property=\"og:type\" content=\"article\" \/>\n<meta property=\"og:title\" content=\"Frivillige medarbeidere p\u00e5 Sj\u00f8glimt - Region \u00d8stfold\" \/>\n<meta property=\"og:description\" content=\"Det er mange praktiske behov p\u00e5 Sj\u00f8glimt. Vi \u00f8nsker \u00e5 involvere mange frivillige b\u00e5de for \u00e5 f\u00e5 til mest mulig innenfor v\u00e5re \u00f8konomiske rammer, og [&hellip;]\" \/>\n<meta property=\"og:url\" content=\"https:\/\/www.normisjon.no\/ostfold\/sjoglimt-leirsted\/frivillige-medarbeidere-pa-sjoglimt\/\" \/>\n<meta property=\"og:site_name\" content=\"Region \u00d8stfold\" \/>\n<meta property=\"article:publisher\" content=\"https:\/\/www.facebook.com\/NormisjonRegionOstfold\" \/>\n<meta property=\"article:modified_time\" content=\"2026-02-19T11:03:32+00:00\" \/>\n<meta property=\"og:image\" content=\"https:\/\/www.normisjon.no\/content\/uploads\/sites\/24\/2018\/09\/Sj\u00f8glimt-1024x680.jpg\" \/>\n\t<meta property=\"og:image:width\" content=\"1024\" \/>\n\t<meta property=\"og:image:height\" content=\"680\" \/>\n\t<meta property=\"og:image:type\" content=\"image\/jpeg\" \/>\n<meta name=\"twitter:card\" content=\"summary_large_image\" \/>\n<meta name=\"twitter:label1\" content=\"Ansl. lesetid\" \/>\n\t<meta name=\"twitter:data1\" content=\"1 minutt\" \/>\n<script type=\"application\/ld+json\" class=\"yoast-schema-graph\">{\"@context\":\"https:\/\/schema.org\",\"@graph\":[{\"@type\":\"WebPage\",\"@id\":\"https:\/\/www.normisjon.no\/ostfold\/sjoglimt-leirsted\/frivillige-medarbeidere-pa-sjoglimt\/\",\"url\":\"https:\/\/www.normisjon.no\/ostfold\/sjoglimt-leirsted\/frivillige-medarbeidere-pa-sjoglimt\/\",\"name\":\"Frivillige medarbeidere p\u00e5 Sj\u00f8glimt - Region \u00d8stfold\",\"isPartOf\":{\"@id\":\"https:\/\/www.normisjon.no\/ostfold\/#website\"},\"primaryImageOfPage\":{\"@id\":\"https:\/\/www.normisjon.no\/ostfold\/sjoglimt-leirsted\/frivillige-medarbeidere-pa-sjoglimt\/#primaryimage\"},\"image\":{\"@id\":\"https:\/\/www.normisjon.no\/ostfold\/sjoglimt-leirsted\/frivillige-medarbeidere-pa-sjoglimt\/#primaryimage\"},\"thumbnailUrl\":\"https:\/\/www.normisjon.no\/content\/uploads\/sites\/24\/2018\/09\/Sj\u00f8glimt.jpg\",\"datePublished\":\"2019-02-05T10:26:52+00:00\",\"dateModified\":\"2026-02-19T11:03:32+00:00\",\"breadcrumb\":{\"@id\":\"https:\/\/www.normisjon.no\/ostfold\/sjoglimt-leirsted\/frivillige-medarbeidere-pa-sjoglimt\/#breadcrumb\"},\"inLanguage\":\"nb-NO\",\"potentialAction\":[{\"@type\":\"ReadAction\",\"target\":[\"https:\/\/www.normisjon.no\/ostfold\/sjoglimt-leirsted\/frivillige-medarbeidere-pa-sjoglimt\/\"]}]},{\"@type\":\"ImageObject\",\"inLanguage\":\"nb-NO\",\"@id\":\"https:\/\/www.normisjon.no\/ostfold\/sjoglimt-leirsted\/frivillige-medarbeidere-pa-sjoglimt\/#primaryimage\",\"url\":\"https:\/\/www.normisjon.no\/content\/uploads\/sites\/24\/2018\/09\/Sj\u00f8glimt.jpg\",\"contentUrl\":\"https:\/\/www.normisjon.no\/content\/uploads\/sites\/24\/2018\/09\/Sj\u00f8glimt.jpg\",\"width\":3216,\"height\":2136},{\"@type\":\"BreadcrumbList\",\"@id\":\"https:\/\/www.normisjon.no\/ostfold\/sjoglimt-leirsted\/frivillige-medarbeidere-pa-sjoglimt\/#breadcrumb\",\"itemListElement\":[{\"@type\":\"ListItem\",\"position\":1,\"name\":\"Home\",\"item\":\"https:\/\/www.normisjon.no\/ostfold\/\"},{\"@type\":\"ListItem\",\"position\":2,\"name\":\"Sj\u00f8glimt leirsted\",\"item\":\"https:\/\/www.normisjon.no\/ostfold\/sjoglimt-leirsted\/\"},{\"@type\":\"ListItem\",\"position\":3,\"name\":\"Frivillige medarbeidere p\u00e5 Sj\u00f8glimt\"}]},{\"@type\":\"WebSite\",\"@id\":\"https:\/\/www.normisjon.no\/ostfold\/#website\",\"url\":\"https:\/\/www.normisjon.no\/ostfold\/\",\"name\":\"Region \u00d8stfold\",\"description\":\"\",\"publisher\":{\"@id\":\"https:\/\/www.normisjon.no\/ostfold\/#organization\"},\"potentialAction\":[{\"@type\":\"SearchAction\",\"target\":{\"@type\":\"EntryPoint\",\"urlTemplate\":\"https:\/\/www.normisjon.no\/ostfold\/?s={search_term_string}\"},\"query-input\":{\"@type\":\"PropertyValueSpecification\",\"valueRequired\":true,\"valueName\":\"search_term_string\"}}],\"inLanguage\":\"nb-NO\"},{\"@type\":\"Organization\",\"@id\":\"https:\/\/www.normisjon.no\/ostfold\/#organization\",\"name\":\"Region \u00d8stfold\",\"url\":\"https:\/\/www.normisjon.no\/ostfold\/\",\"logo\":{\"@type\":\"ImageObject\",\"inLanguage\":\"nb-NO\",\"@id\":\"https:\/\/www.normisjon.no\/ostfold\/#\/schema\/logo\/image\/\",\"url\":\"https:\/\/www.normisjon.no\/content\/uploads\/sites\/24\/2024\/11\/logo_Normisjon_lang_regionostfold_bla\u2560e.png\",\"contentUrl\":\"https:\/\/www.normisjon.no\/content\/uploads\/sites\/24\/2024\/11\/logo_Normisjon_lang_regionostfold_bla\u2560e.png\",\"width\":1952,\"height\":562,\"caption\":\"Region \u00d8stfold\"},\"image\":{\"@id\":\"https:\/\/www.normisjon.no\/ostfold\/#\/schema\/logo\/image\/\"},\"sameAs\":[\"https:\/\/www.facebook.com\/NormisjonRegionOstfold\"]}]}<\/script>\n<!-- \/ Yoast SEO plugin. -->","yoast_head_json":{"title":"Frivillige medarbeidere p\u00e5 Sj\u00f8glimt - Region \u00d8stfold","robots":{"index":"index","follow":"follow","max-snippet":"max-snippet:-1","max-image-preview":"max-image-preview:large","max-video-preview":"max-video-preview:-1"},"canonical":"https:\/\/www.normisjon.no\/ostfold\/sjoglimt-leirsted\/frivillige-medarbeidere-pa-sjoglimt\/","og_locale":"nb_NO","og_type":"article","og_title":"Frivillige medarbeidere p\u00e5 Sj\u00f8glimt - Region \u00d8stfold","og_description":"Det er mange praktiske behov p\u00e5 Sj\u00f8glimt. Vi \u00f8nsker \u00e5 involvere mange frivillige b\u00e5de for \u00e5 f\u00e5 til mest mulig innenfor v\u00e5re \u00f8konomiske rammer, og [&hellip;]","og_url":"https:\/\/www.normisjon.no\/ostfold\/sjoglimt-leirsted\/frivillige-medarbeidere-pa-sjoglimt\/","og_site_name":"Region \u00d8stfold","article_publisher":"https:\/\/www.facebook.com\/NormisjonRegionOstfold","article_modified_time":"2026-02-19T11:03:32+00:00","og_image":[{"width":1024,"height":680,"url":"https:\/\/www.normisjon.no\/content\/uploads\/sites\/24\/2018\/09\/Sj\u00f8glimt-1024x680.jpg","type":"image\/jpeg"}],"twitter_card":"summary_large_image","twitter_misc":{"Ansl. lesetid":"1 minutt"},"schema":{"@context":"https:\/\/schema.org","@graph":[{"@type":"WebPage","@id":"https:\/\/www.normisjon.no\/ostfold\/sjoglimt-leirsted\/frivillige-medarbeidere-pa-sjoglimt\/","url":"https:\/\/www.normisjon.no\/ostfold\/sjoglimt-leirsted\/frivillige-medarbeidere-pa-sjoglimt\/","name":"Frivillige medarbeidere p\u00e5 Sj\u00f8glimt - Region \u00d8stfold","isPartOf":{"@id":"https:\/\/www.normisjon.no\/ostfold\/#website"},"primaryImageOfPage":{"@id":"https:\/\/www.normisjon.no\/ostfold\/sjoglimt-leirsted\/frivillige-medarbeidere-pa-sjoglimt\/#primaryimage"},"image":{"@id":"https:\/\/www.normisjon.no\/ostfold\/sjoglimt-leirsted\/frivillige-medarbeidere-pa-sjoglimt\/#primaryimage"},"thumbnailUrl":"https:\/\/www.normisjon.no\/content\/uploads\/sites\/24\/2018\/09\/Sj\u00f8glimt.jpg","datePublished":"2019-02-05T10:26:52+00:00","dateModified":"2026-02-19T11:03:32+00:00","breadcrumb":{"@id":"https:\/\/www.normisjon.no\/ostfold\/sjoglimt-leirsted\/frivillige-medarbeidere-pa-sjoglimt\/#breadcrumb"},"inLanguage":"nb-NO","potentialAction":[{"@type":"ReadAction","target":["https:\/\/www.normisjon.no\/ostfold\/sjoglimt-leirsted\/frivillige-medarbeidere-pa-sjoglimt\/"]}]},{"@type":"ImageObject","inLanguage":"nb-NO","@id":"https:\/\/www.normisjon.no\/ostfold\/sjoglimt-leirsted\/frivillige-medarbeidere-pa-sjoglimt\/#primaryimage","url":"https:\/\/www.normisjon.no\/content\/uploads\/sites\/24\/2018\/09\/Sj\u00f8glimt.jpg","contentUrl":"https:\/\/www.normisjon.no\/content\/uploads\/sites\/24\/2018\/09\/Sj\u00f8glimt.jpg","width":3216,"height":2136},{"@type":"BreadcrumbList","@id":"https:\/\/www.normisjon.no\/ostfold\/sjoglimt-leirsted\/frivillige-medarbeidere-pa-sjoglimt\/#breadcrumb","itemListElement":[{"@type":"ListItem","position":1,"name":"Home","item":"https:\/\/www.normisjon.no\/ostfold\/"},{"@type":"ListItem","position":2,"name":"Sj\u00f8glimt leirsted","item":"https:\/\/www.normisjon.no\/ostfold\/sjoglimt-leirsted\/"},{"@type":"ListItem","position":3,"name":"Frivillige medarbeidere p\u00e5 Sj\u00f8glimt"}]},{"@type":"WebSite","@id":"https:\/\/www.normisjon.no\/ostfold\/#website","url":"https:\/\/www.normisjon.no\/ostfold\/","name":"Region \u00d8stfold","description":"","publisher":{"@id":"https:\/\/www.normisjon.no\/ostfold\/#organization"},"potentialAction":[{"@type":"SearchAction","target":{"@type":"EntryPoint","urlTemplate":"https:\/\/www.normisjon.no\/ostfold\/?s={search_term_string}"},"query-input":{"@type":"PropertyValueSpecification","valueRequired":true,"valueName":"search_term_string"}}],"inLanguage":"nb-NO"},{"@type":"Organization","@id":"https:\/\/www.normisjon.no\/ostfold\/#organization","name":"Region \u00d8stfold","url":"https:\/\/www.normisjon.no\/ostfold\/","logo":{"@type":"ImageObject","inLanguage":"nb-NO","@id":"https:\/\/www.normisjon.no\/ostfold\/#\/schema\/logo\/image\/","url":"https:\/\/www.normisjon.no\/content\/uploads\/sites\/24\/2024\/11\/logo_Normisjon_lang_regionostfold_bla\u2560e.png","contentUrl":"https:\/\/www.normisjon.no\/content\/uploads\/sites\/24\/2024\/11\/logo_Normisjon_lang_regionostfold_bla\u2560e.png","width":1952,"height":562,"caption":"Region \u00d8stfold"},"image":{"@id":"https:\/\/www.normisjon.no\/ostfold\/#\/schema\/logo\/image\/"},"sameAs":["https:\/\/www.facebook.com\/NormisjonRegionOstfold"]}]}},"_links":{"self":[{"href":"https:\/\/www.normisjon.no\/ostfold\/wp-json\/wp\/v2\/pages\/1255","targetHints":{"allow":["GET"]}}],"collection":[{"href":"https:\/\/www.normisjon.no\/ostfold\/wp-json\/wp\/v2\/pages"}],"about":[{"href":"https:\/\/www.normisjon.no\/ostfold\/wp-json\/wp\/v2\/types\/page"}],"author":[{"embeddable":true,"href":"https:\/\/www.normisjon.no\/ostfold\/wp-json\/wp\/v2\/users\/25"}],"replies":[{"embeddable":true,"href":"https:\/\/www.normisjon.no\/ostfold\/wp-json\/wp\/v2\/comments?post=1255"}],"version-history":[{"count":4,"href":"https:\/\/www.normisjon.no\/ostfold\/wp-json\/wp\/v2\/pages\/1255\/revisions"}],"predecessor-version":[{"id":5357,"href":"https:\/\/www.normisjon.no\/ostfold\/wp-json\/wp\/v2\/pages\/1255\/revisions\/5357"}],"up":[{"embeddable":true,"href":"https:\/\/www.normisjon.no\/ostfold\/wp-json\/wp\/v2\/pages\/112"}],"wp:featuredmedia":[{"embeddable":true,"href":"https:\/\/www.normisjon.no\/ostfold\/wp-json\/wp\/v2\/media\/822"}],"wp:attachment":[{"href":"https:\/\/www.normisjon.no\/ostfold\/wp-json\/wp\/v2\/media?parent=1255"}],"curies":[{"name":"wp","href":"https:\/\/api.w.org\/{rel}","templated":true}]}}