{"id":1300,"date":"2019-02-18T19:53:34","date_gmt":"2019-02-18T18:53:34","guid":{"rendered":"https:\/\/www.normisjon.no\/ostfold\/?page_id=1300"},"modified":"2025-02-04T15:53:09","modified_gmt":"2025-02-04T14:53:09","slug":"gi-en-gave","status":"publish","type":"page","link":"https:\/\/www.normisjon.no\/ostfold\/bidra\/gi-en-gave\/","title":{"rendered":"Gi en gave"},"content":{"rendered":"<div id=\"module-0\" class=\"hogan-module hogan-module-text hogan-module-0\"><div class=\"hogan-module-inner\"><p>Tusen takk for at du \u00f8nsker \u00e5 st\u00f8tte Normisjons arbeid i \u00d8stfold!<\/p>\n<p>Du kan gi en enkelt gave eller inng\u00e5 avtale for fast givertjeneste ved \u00e5 klikke p\u00e5 <a href=\"https:\/\/normisjon.profundo.no\/gi_normisjonostfold\" target=\"_blank\" rel=\"noopener\">denne linken<\/a>.<\/p>\n<p>Du kan ogs\u00e5 gi en enkelt gave p\u00e5 f\u00f8lgende m\u00e5ter:<\/p>\n<p>Bankkonto nr. 3000.14.71682 (merk betalingen med \u00f8nsket form\u00e5l f.eks: \u00abGave til Acta\u00bb eller \u00abGave til Region \u00d8stfold\u00bb<\/p>\n<p>Normisjon \u00d8stfold: Vipps nr. 12613<\/p>\n<p>Acta \u00d8stfold: Vipps nr. 18177<\/p>\n<p>Sauevika leirsted: Vipps nr. 107825<\/p>\n<p>Sj\u00f8glimt leirsted: Vipps nr. 107821<\/p>\n<p>For gaver til Normisjons internasjonale prosjekter henviser vi til <a href=\"http:\/\/www.normisjon.no\/vare-prosjekter\/\" target=\"_blank\" rel=\"noopener\">Normisjons prosjekter<\/a>.<\/p><\/div><\/div>","protected":false},"excerpt":{"rendered":"<p>Tusen takk for at du \u00f8nsker \u00e5 st\u00f8tte Normisjons arbeid i \u00d8stfold! Du kan gi en enkelt gave eller inng\u00e5 avtale for fast givertjeneste ved [&hellip;]<\/p>\n","protected":false},"author":40,"featured_media":2720,"parent":2714,"menu_order":0,"comment_status":"closed","ping_status":"closed","template":"","meta":{"_acf_changed":false,"footnotes":""},"class_list":["post-1300","page","type-page","status-publish","has-post-thumbnail","hentry"],"acf":[],"yoast_head":"<!-- This site is optimized with the Yoast SEO plugin v25.9 - https:\/\/yoast.com\/wordpress\/plugins\/seo\/ -->\n<title>Gi en gave - Region \u00d8stfold<\/title>\n<meta name=\"robots\" content=\"index, follow, max-snippet:-1, max-image-preview:large, max-video-preview:-1\" \/>\n<link rel=\"canonical\" href=\"https:\/\/www.normisjon.no\/ostfold\/bidra\/gi-en-gave\/\" \/>\n<meta property=\"og:locale\" content=\"nb_NO\" \/>\n<meta property=\"og:type\" content=\"article\" \/>\n<meta property=\"og:title\" content=\"Gi en gave - Region \u00d8stfold\" \/>\n<meta property=\"og:description\" content=\"Tusen takk for at du \u00f8nsker \u00e5 st\u00f8tte Normisjons arbeid i \u00d8stfold! Du kan gi en enkelt gave eller inng\u00e5 avtale for fast givertjeneste ved [&hellip;]\" \/>\n<meta property=\"og:url\" content=\"https:\/\/www.normisjon.no\/ostfold\/bidra\/gi-en-gave\/\" \/>\n<meta property=\"og:site_name\" content=\"Region \u00d8stfold\" \/>\n<meta property=\"article:publisher\" content=\"https:\/\/www.facebook.com\/NormisjonRegionOstfold\" \/>\n<meta property=\"article:modified_time\" content=\"2025-02-04T14:53:09+00:00\" \/>\n<meta property=\"og:image\" content=\"https:\/\/www.normisjon.no\/content\/uploads\/sites\/24\/2021\/02\/Gi-en-gave-normisjon-hjemmeside.png\" \/>\n\t<meta property=\"og:image:width\" content=\"1080\" \/>\n\t<meta property=\"og:image:height\" content=\"1080\" \/>\n\t<meta property=\"og:image:type\" content=\"image\/png\" \/>\n<meta name=\"twitter:card\" content=\"summary_large_image\" \/>\n<script type=\"application\/ld+json\" class=\"yoast-schema-graph\">{\"@context\":\"https:\/\/schema.org\",\"@graph\":[{\"@type\":\"WebPage\",\"@id\":\"https:\/\/www.normisjon.no\/ostfold\/bidra\/gi-en-gave\/\",\"url\":\"https:\/\/www.normisjon.no\/ostfold\/bidra\/gi-en-gave\/\",\"name\":\"Gi en gave - Region \u00d8stfold\",\"isPartOf\":{\"@id\":\"https:\/\/www.normisjon.no\/ostfold\/#website\"},\"primaryImageOfPage\":{\"@id\":\"https:\/\/www.normisjon.no\/ostfold\/bidra\/gi-en-gave\/#primaryimage\"},\"image\":{\"@id\":\"https:\/\/www.normisjon.no\/ostfold\/bidra\/gi-en-gave\/#primaryimage\"},\"thumbnailUrl\":\"https:\/\/www.normisjon.no\/content\/uploads\/sites\/24\/2021\/02\/Gi-en-gave-normisjon-hjemmeside.png\",\"datePublished\":\"2019-02-18T18:53:34+00:00\",\"dateModified\":\"2025-02-04T14:53:09+00:00\",\"breadcrumb\":{\"@id\":\"https:\/\/www.normisjon.no\/ostfold\/bidra\/gi-en-gave\/#breadcrumb\"},\"inLanguage\":\"nb-NO\",\"potentialAction\":[{\"@type\":\"ReadAction\",\"target\":[\"https:\/\/www.normisjon.no\/ostfold\/bidra\/gi-en-gave\/\"]}]},{\"@type\":\"ImageObject\",\"inLanguage\":\"nb-NO\",\"@id\":\"https:\/\/www.normisjon.no\/ostfold\/bidra\/gi-en-gave\/#primaryimage\",\"url\":\"https:\/\/www.normisjon.no\/content\/uploads\/sites\/24\/2021\/02\/Gi-en-gave-normisjon-hjemmeside.png\",\"contentUrl\":\"https:\/\/www.normisjon.no\/content\/uploads\/sites\/24\/2021\/02\/Gi-en-gave-normisjon-hjemmeside.png\",\"width\":1080,\"height\":1080},{\"@type\":\"BreadcrumbList\",\"@id\":\"https:\/\/www.normisjon.no\/ostfold\/bidra\/gi-en-gave\/#breadcrumb\",\"itemListElement\":[{\"@type\":\"ListItem\",\"position\":1,\"name\":\"Home\",\"item\":\"https:\/\/www.normisjon.no\/ostfold\/\"},{\"@type\":\"ListItem\",\"position\":2,\"name\":\"Bidra\",\"item\":\"https:\/\/www.normisjon.no\/ostfold\/bidra\/\"},{\"@type\":\"ListItem\",\"position\":3,\"name\":\"Gi en gave\"}]},{\"@type\":\"WebSite\",\"@id\":\"https:\/\/www.normisjon.no\/ostfold\/#website\",\"url\":\"https:\/\/www.normisjon.no\/ostfold\/\",\"name\":\"Region \u00d8stfold\",\"description\":\"\",\"publisher\":{\"@id\":\"https:\/\/www.normisjon.no\/ostfold\/#organization\"},\"potentialAction\":[{\"@type\":\"SearchAction\",\"target\":{\"@type\":\"EntryPoint\",\"urlTemplate\":\"https:\/\/www.normisjon.no\/ostfold\/?s={search_term_string}\"},\"query-input\":{\"@type\":\"PropertyValueSpecification\",\"valueRequired\":true,\"valueName\":\"search_term_string\"}}],\"inLanguage\":\"nb-NO\"},{\"@type\":\"Organization\",\"@id\":\"https:\/\/www.normisjon.no\/ostfold\/#organization\",\"name\":\"Region \u00d8stfold\",\"url\":\"https:\/\/www.normisjon.no\/ostfold\/\",\"logo\":{\"@type\":\"ImageObject\",\"inLanguage\":\"nb-NO\",\"@id\":\"https:\/\/www.normisjon.no\/ostfold\/#\/schema\/logo\/image\/\",\"url\":\"https:\/\/www.normisjon.no\/content\/uploads\/sites\/24\/2024\/11\/logo_Normisjon_lang_regionostfold_bla\u2560e.png\",\"contentUrl\":\"https:\/\/www.normisjon.no\/content\/uploads\/sites\/24\/2024\/11\/logo_Normisjon_lang_regionostfold_bla\u2560e.png\",\"width\":1952,\"height\":562,\"caption\":\"Region \u00d8stfold\"},\"image\":{\"@id\":\"https:\/\/www.normisjon.no\/ostfold\/#\/schema\/logo\/image\/\"},\"sameAs\":[\"https:\/\/www.facebook.com\/NormisjonRegionOstfold\"]}]}<\/script>\n<!-- \/ Yoast SEO plugin. -->","yoast_head_json":{"title":"Gi en gave - Region \u00d8stfold","robots":{"index":"index","follow":"follow","max-snippet":"max-snippet:-1","max-image-preview":"max-image-preview:large","max-video-preview":"max-video-preview:-1"},"canonical":"https:\/\/www.normisjon.no\/ostfold\/bidra\/gi-en-gave\/","og_locale":"nb_NO","og_type":"article","og_title":"Gi en gave - Region \u00d8stfold","og_description":"Tusen takk for at du \u00f8nsker \u00e5 st\u00f8tte Normisjons arbeid i \u00d8stfold! Du kan gi en enkelt gave eller inng\u00e5 avtale for fast givertjeneste ved [&hellip;]","og_url":"https:\/\/www.normisjon.no\/ostfold\/bidra\/gi-en-gave\/","og_site_name":"Region \u00d8stfold","article_publisher":"https:\/\/www.facebook.com\/NormisjonRegionOstfold","article_modified_time":"2025-02-04T14:53:09+00:00","og_image":[{"width":1080,"height":1080,"url":"https:\/\/www.normisjon.no\/content\/uploads\/sites\/24\/2021\/02\/Gi-en-gave-normisjon-hjemmeside.png","type":"image\/png"}],"twitter_card":"summary_large_image","schema":{"@context":"https:\/\/schema.org","@graph":[{"@type":"WebPage","@id":"https:\/\/www.normisjon.no\/ostfold\/bidra\/gi-en-gave\/","url":"https:\/\/www.normisjon.no\/ostfold\/bidra\/gi-en-gave\/","name":"Gi en gave - Region \u00d8stfold","isPartOf":{"@id":"https:\/\/www.normisjon.no\/ostfold\/#website"},"primaryImageOfPage":{"@id":"https:\/\/www.normisjon.no\/ostfold\/bidra\/gi-en-gave\/#primaryimage"},"image":{"@id":"https:\/\/www.normisjon.no\/ostfold\/bidra\/gi-en-gave\/#primaryimage"},"thumbnailUrl":"https:\/\/www.normisjon.no\/content\/uploads\/sites\/24\/2021\/02\/Gi-en-gave-normisjon-hjemmeside.png","datePublished":"2019-02-18T18:53:34+00:00","dateModified":"2025-02-04T14:53:09+00:00","breadcrumb":{"@id":"https:\/\/www.normisjon.no\/ostfold\/bidra\/gi-en-gave\/#breadcrumb"},"inLanguage":"nb-NO","potentialAction":[{"@type":"ReadAction","target":["https:\/\/www.normisjon.no\/ostfold\/bidra\/gi-en-gave\/"]}]},{"@type":"ImageObject","inLanguage":"nb-NO","@id":"https:\/\/www.normisjon.no\/ostfold\/bidra\/gi-en-gave\/#primaryimage","url":"https:\/\/www.normisjon.no\/content\/uploads\/sites\/24\/2021\/02\/Gi-en-gave-normisjon-hjemmeside.png","contentUrl":"https:\/\/www.normisjon.no\/content\/uploads\/sites\/24\/2021\/02\/Gi-en-gave-normisjon-hjemmeside.png","width":1080,"height":1080},{"@type":"BreadcrumbList","@id":"https:\/\/www.normisjon.no\/ostfold\/bidra\/gi-en-gave\/#breadcrumb","itemListElement":[{"@type":"ListItem","position":1,"name":"Home","item":"https:\/\/www.normisjon.no\/ostfold\/"},{"@type":"ListItem","position":2,"name":"Bidra","item":"https:\/\/www.normisjon.no\/ostfold\/bidra\/"},{"@type":"ListItem","position":3,"name":"Gi en gave"}]},{"@type":"WebSite","@id":"https:\/\/www.normisjon.no\/ostfold\/#website","url":"https:\/\/www.normisjon.no\/ostfold\/","name":"Region \u00d8stfold","description":"","publisher":{"@id":"https:\/\/www.normisjon.no\/ostfold\/#organization"},"potentialAction":[{"@type":"SearchAction","target":{"@type":"EntryPoint","urlTemplate":"https:\/\/www.normisjon.no\/ostfold\/?s={search_term_string}"},"query-input":{"@type":"PropertyValueSpecification","valueRequired":true,"valueName":"search_term_string"}}],"inLanguage":"nb-NO"},{"@type":"Organization","@id":"https:\/\/www.normisjon.no\/ostfold\/#organization","name":"Region \u00d8stfold","url":"https:\/\/www.normisjon.no\/ostfold\/","logo":{"@type":"ImageObject","inLanguage":"nb-NO","@id":"https:\/\/www.normisjon.no\/ostfold\/#\/schema\/logo\/image\/","url":"https:\/\/www.normisjon.no\/content\/uploads\/sites\/24\/2024\/11\/logo_Normisjon_lang_regionostfold_bla\u2560e.png","contentUrl":"https:\/\/www.normisjon.no\/content\/uploads\/sites\/24\/2024\/11\/logo_Normisjon_lang_regionostfold_bla\u2560e.png","width":1952,"height":562,"caption":"Region \u00d8stfold"},"image":{"@id":"https:\/\/www.normisjon.no\/ostfold\/#\/schema\/logo\/image\/"},"sameAs":["https:\/\/www.facebook.com\/NormisjonRegionOstfold"]}]}},"_links":{"self":[{"href":"https:\/\/www.normisjon.no\/ostfold\/wp-json\/wp\/v2\/pages\/1300","targetHints":{"allow":["GET"]}}],"collection":[{"href":"https:\/\/www.normisjon.no\/ostfold\/wp-json\/wp\/v2\/pages"}],"about":[{"href":"https:\/\/www.normisjon.no\/ostfold\/wp-json\/wp\/v2\/types\/page"}],"author":[{"embeddable":true,"href":"https:\/\/www.normisjon.no\/ostfold\/wp-json\/wp\/v2\/users\/40"}],"replies":[{"embeddable":true,"href":"https:\/\/www.normisjon.no\/ostfold\/wp-json\/wp\/v2\/comments?post=1300"}],"version-history":[{"count":4,"href":"https:\/\/www.normisjon.no\/ostfold\/wp-json\/wp\/v2\/pages\/1300\/revisions"}],"predecessor-version":[{"id":4961,"href":"https:\/\/www.normisjon.no\/ostfold\/wp-json\/wp\/v2\/pages\/1300\/revisions\/4961"}],"up":[{"embeddable":true,"href":"https:\/\/www.normisjon.no\/ostfold\/wp-json\/wp\/v2\/pages\/2714"}],"wp:featuredmedia":[{"embeddable":true,"href":"https:\/\/www.normisjon.no\/ostfold\/wp-json\/wp\/v2\/media\/2720"}],"wp:attachment":[{"href":"https:\/\/www.normisjon.no\/ostfold\/wp-json\/wp\/v2\/media?parent=1300"}],"curies":[{"name":"wp","href":"https:\/\/api.w.org\/{rel}","templated":true}]}}