{"id":2102,"date":"2020-05-20T10:44:20","date_gmt":"2020-05-20T08:44:20","guid":{"rendered":"https:\/\/www.normisjon.no\/ostfold\/?page_id=2102"},"modified":"2021-01-21T10:42:08","modified_gmt":"2021-01-21T09:42:08","slug":"digitale-moter","status":"publish","type":"page","link":"https:\/\/www.normisjon.no\/ostfold\/arrangementer\/digitale-moter\/","title":{"rendered":"Digitale m\u00f8ter"},"content":{"rendered":"<div id=\"module-0\" class=\"hogan-module hogan-module-image hogan-module-0 hogan-image-size-large\"><div class=\"hogan-module-inner\"><figure class=\"wp-caption size-large\"><img loading=\"lazy\" decoding=\"async\" width=\"820\" height=\"312\" src=\"https:\/\/www.normisjon.no\/content\/uploads\/sites\/24\/2020\/05\/Digitale-m\u00f8ter-toppbilde-1.png\" class=\"attachment-large size-large\" alt=\"\" srcset=\"https:\/\/www.normisjon.no\/content\/uploads\/sites\/24\/2020\/05\/Digitale-m\u00f8ter-toppbilde-1.png 820w, https:\/\/www.normisjon.no\/content\/uploads\/sites\/24\/2020\/05\/Digitale-m\u00f8ter-toppbilde-1-300x114.png 300w, https:\/\/www.normisjon.no\/content\/uploads\/sites\/24\/2020\/05\/Digitale-m\u00f8ter-toppbilde-1-768x292.png 768w\" sizes=\"auto, (max-width: 820px) 100vw, 820px\" \/><\/figure><\/div><\/div><div id=\"module-1\" class=\"hogan-module hogan-module-text hogan-module-1\"><div class=\"hogan-module-inner\"><p style=\"text-align: center;\">Her vil vi legge ut m\u00f8ter som vi har produsert for bruk hjemme eller i sm\u00e5 samlinger. Ta kontakt med regionkontoret dersom du har behov for nedlastbarfil.<\/p><\/div><\/div><div id=\"module-2\" class=\"hogan-module hogan-module-embed hogan-module-2 normisjon-hogan-embed-size-large\"><div class=\"hogan-module-inner\"><iframe loading=\"lazy\" title=\"Misjonsm\u00f8te 27.mai 2020\" width=\"815\" height=\"458\" src=\"https:\/\/www.youtube.com\/embed\/TloOqtMRRPw?feature=oembed\" frameborder=\"0\" allow=\"accelerometer; autoplay; clipboard-write; encrypted-media; gyroscope; picture-in-picture; web-share\" referrerpolicy=\"strict-origin-when-cross-origin\" allowfullscreen><\/iframe><figcaption class=\"hogan-caption\">Misjonsm\u00f8te med tale av Boe Johannes Hermansen, sang av Leviticus og misjonsinfo ved Astrid \u00d8rebech. Innleder er\u00a0Sverre Fjeldberg.\n<\/figcaption><\/div><\/div><div id=\"module-3\" class=\"hogan-module hogan-module-embed hogan-module-3 normisjon-hogan-embed-size-large\"><div class=\"hogan-module-inner\"><iframe loading=\"lazy\" title=\"Misjonsm\u00f8te 20. mai 2020\" width=\"815\" height=\"458\" src=\"https:\/\/www.youtube.com\/embed\/2MqS3vSTin0?feature=oembed\" frameborder=\"0\" allow=\"accelerometer; autoplay; clipboard-write; encrypted-media; gyroscope; picture-in-picture; web-share\" referrerpolicy=\"strict-origin-when-cross-origin\" allowfullscreen><\/iframe><figcaption class=\"hogan-caption\">Misjonsm\u00f8te med tale av Sverre Fjeldberg, sang av Leviticus og misjonsinfo ved Astrid \u00d8rebech. Innleder er Boe Johannes Hermansen\n<\/figcaption><\/div><\/div>","protected":false},"excerpt":{"rendered":"<p>Her vil vi legge ut m\u00f8ter som vi har produsert for bruk hjemme eller i sm\u00e5 samlinger. Ta kontakt med regionkontoret dersom du har behov [&hellip;]<\/p>\n","protected":false},"author":63,"featured_media":2107,"parent":164,"menu_order":0,"comment_status":"closed","ping_status":"closed","template":"","meta":{"_acf_changed":false,"footnotes":""},"class_list":["post-2102","page","type-page","status-publish","has-post-thumbnail","hentry"],"acf":[],"yoast_head":"<!-- This site is optimized with the Yoast SEO plugin v25.9 - https:\/\/yoast.com\/wordpress\/plugins\/seo\/ -->\n<title>Digitale m\u00f8ter - Region \u00d8stfold<\/title>\n<meta name=\"robots\" content=\"index, follow, max-snippet:-1, max-image-preview:large, max-video-preview:-1\" \/>\n<link rel=\"canonical\" href=\"https:\/\/www.normisjon.no\/ostfold\/arrangementer\/digitale-moter\/\" \/>\n<meta property=\"og:locale\" content=\"nb_NO\" \/>\n<meta property=\"og:type\" content=\"article\" \/>\n<meta property=\"og:title\" content=\"Digitale m\u00f8ter - Region \u00d8stfold\" \/>\n<meta property=\"og:description\" content=\"Her vil vi legge ut m\u00f8ter som vi har produsert for bruk hjemme eller i sm\u00e5 samlinger. Ta kontakt med regionkontoret dersom du har behov [&hellip;]\" \/>\n<meta property=\"og:url\" content=\"https:\/\/www.normisjon.no\/ostfold\/arrangementer\/digitale-moter\/\" \/>\n<meta property=\"og:site_name\" content=\"Region \u00d8stfold\" \/>\n<meta property=\"article:publisher\" content=\"https:\/\/www.facebook.com\/NormisjonRegionOstfold\" \/>\n<meta property=\"article:modified_time\" content=\"2021-01-21T09:42:08+00:00\" \/>\n<meta property=\"og:image\" content=\"https:\/\/www.normisjon.no\/content\/uploads\/sites\/24\/2020\/05\/Digitale-m\u00f8ter-1.png\" \/>\n\t<meta property=\"og:image:width\" content=\"1080\" \/>\n\t<meta property=\"og:image:height\" content=\"1080\" \/>\n\t<meta property=\"og:image:type\" content=\"image\/png\" \/>\n<meta name=\"twitter:card\" content=\"summary_large_image\" \/>\n<script type=\"application\/ld+json\" class=\"yoast-schema-graph\">{\"@context\":\"https:\/\/schema.org\",\"@graph\":[{\"@type\":\"WebPage\",\"@id\":\"https:\/\/www.normisjon.no\/ostfold\/arrangementer\/digitale-moter\/\",\"url\":\"https:\/\/www.normisjon.no\/ostfold\/arrangementer\/digitale-moter\/\",\"name\":\"Digitale m\u00f8ter - Region \u00d8stfold\",\"isPartOf\":{\"@id\":\"https:\/\/www.normisjon.no\/ostfold\/#website\"},\"primaryImageOfPage\":{\"@id\":\"https:\/\/www.normisjon.no\/ostfold\/arrangementer\/digitale-moter\/#primaryimage\"},\"image\":{\"@id\":\"https:\/\/www.normisjon.no\/ostfold\/arrangementer\/digitale-moter\/#primaryimage\"},\"thumbnailUrl\":\"https:\/\/www.normisjon.no\/content\/uploads\/sites\/24\/2020\/05\/Digitale-m\u00f8ter-1.png\",\"datePublished\":\"2020-05-20T08:44:20+00:00\",\"dateModified\":\"2021-01-21T09:42:08+00:00\",\"breadcrumb\":{\"@id\":\"https:\/\/www.normisjon.no\/ostfold\/arrangementer\/digitale-moter\/#breadcrumb\"},\"inLanguage\":\"nb-NO\",\"potentialAction\":[{\"@type\":\"ReadAction\",\"target\":[\"https:\/\/www.normisjon.no\/ostfold\/arrangementer\/digitale-moter\/\"]}]},{\"@type\":\"ImageObject\",\"inLanguage\":\"nb-NO\",\"@id\":\"https:\/\/www.normisjon.no\/ostfold\/arrangementer\/digitale-moter\/#primaryimage\",\"url\":\"https:\/\/www.normisjon.no\/content\/uploads\/sites\/24\/2020\/05\/Digitale-m\u00f8ter-1.png\",\"contentUrl\":\"https:\/\/www.normisjon.no\/content\/uploads\/sites\/24\/2020\/05\/Digitale-m\u00f8ter-1.png\",\"width\":1080,\"height\":1080},{\"@type\":\"BreadcrumbList\",\"@id\":\"https:\/\/www.normisjon.no\/ostfold\/arrangementer\/digitale-moter\/#breadcrumb\",\"itemListElement\":[{\"@type\":\"ListItem\",\"position\":1,\"name\":\"Home\",\"item\":\"https:\/\/www.normisjon.no\/ostfold\/\"},{\"@type\":\"ListItem\",\"position\":2,\"name\":\"Ressurser\",\"item\":\"https:\/\/www.normisjon.no\/ostfold\/arrangementer\/\"},{\"@type\":\"ListItem\",\"position\":3,\"name\":\"Digitale m\u00f8ter\"}]},{\"@type\":\"WebSite\",\"@id\":\"https:\/\/www.normisjon.no\/ostfold\/#website\",\"url\":\"https:\/\/www.normisjon.no\/ostfold\/\",\"name\":\"Region \u00d8stfold\",\"description\":\"\",\"publisher\":{\"@id\":\"https:\/\/www.normisjon.no\/ostfold\/#organization\"},\"potentialAction\":[{\"@type\":\"SearchAction\",\"target\":{\"@type\":\"EntryPoint\",\"urlTemplate\":\"https:\/\/www.normisjon.no\/ostfold\/?s={search_term_string}\"},\"query-input\":{\"@type\":\"PropertyValueSpecification\",\"valueRequired\":true,\"valueName\":\"search_term_string\"}}],\"inLanguage\":\"nb-NO\"},{\"@type\":\"Organization\",\"@id\":\"https:\/\/www.normisjon.no\/ostfold\/#organization\",\"name\":\"Region \u00d8stfold\",\"url\":\"https:\/\/www.normisjon.no\/ostfold\/\",\"logo\":{\"@type\":\"ImageObject\",\"inLanguage\":\"nb-NO\",\"@id\":\"https:\/\/www.normisjon.no\/ostfold\/#\/schema\/logo\/image\/\",\"url\":\"https:\/\/www.normisjon.no\/content\/uploads\/sites\/24\/2024\/11\/logo_Normisjon_lang_regionostfold_bla\u2560e.png\",\"contentUrl\":\"https:\/\/www.normisjon.no\/content\/uploads\/sites\/24\/2024\/11\/logo_Normisjon_lang_regionostfold_bla\u2560e.png\",\"width\":1952,\"height\":562,\"caption\":\"Region \u00d8stfold\"},\"image\":{\"@id\":\"https:\/\/www.normisjon.no\/ostfold\/#\/schema\/logo\/image\/\"},\"sameAs\":[\"https:\/\/www.facebook.com\/NormisjonRegionOstfold\"]}]}<\/script>\n<!-- \/ Yoast SEO plugin. -->","yoast_head_json":{"title":"Digitale m\u00f8ter - Region \u00d8stfold","robots":{"index":"index","follow":"follow","max-snippet":"max-snippet:-1","max-image-preview":"max-image-preview:large","max-video-preview":"max-video-preview:-1"},"canonical":"https:\/\/www.normisjon.no\/ostfold\/arrangementer\/digitale-moter\/","og_locale":"nb_NO","og_type":"article","og_title":"Digitale m\u00f8ter - Region \u00d8stfold","og_description":"Her vil vi legge ut m\u00f8ter som vi har produsert for bruk hjemme eller i sm\u00e5 samlinger. Ta kontakt med regionkontoret dersom du har behov [&hellip;]","og_url":"https:\/\/www.normisjon.no\/ostfold\/arrangementer\/digitale-moter\/","og_site_name":"Region \u00d8stfold","article_publisher":"https:\/\/www.facebook.com\/NormisjonRegionOstfold","article_modified_time":"2021-01-21T09:42:08+00:00","og_image":[{"width":1080,"height":1080,"url":"https:\/\/www.normisjon.no\/content\/uploads\/sites\/24\/2020\/05\/Digitale-m\u00f8ter-1.png","type":"image\/png"}],"twitter_card":"summary_large_image","schema":{"@context":"https:\/\/schema.org","@graph":[{"@type":"WebPage","@id":"https:\/\/www.normisjon.no\/ostfold\/arrangementer\/digitale-moter\/","url":"https:\/\/www.normisjon.no\/ostfold\/arrangementer\/digitale-moter\/","name":"Digitale m\u00f8ter - Region \u00d8stfold","isPartOf":{"@id":"https:\/\/www.normisjon.no\/ostfold\/#website"},"primaryImageOfPage":{"@id":"https:\/\/www.normisjon.no\/ostfold\/arrangementer\/digitale-moter\/#primaryimage"},"image":{"@id":"https:\/\/www.normisjon.no\/ostfold\/arrangementer\/digitale-moter\/#primaryimage"},"thumbnailUrl":"https:\/\/www.normisjon.no\/content\/uploads\/sites\/24\/2020\/05\/Digitale-m\u00f8ter-1.png","datePublished":"2020-05-20T08:44:20+00:00","dateModified":"2021-01-21T09:42:08+00:00","breadcrumb":{"@id":"https:\/\/www.normisjon.no\/ostfold\/arrangementer\/digitale-moter\/#breadcrumb"},"inLanguage":"nb-NO","potentialAction":[{"@type":"ReadAction","target":["https:\/\/www.normisjon.no\/ostfold\/arrangementer\/digitale-moter\/"]}]},{"@type":"ImageObject","inLanguage":"nb-NO","@id":"https:\/\/www.normisjon.no\/ostfold\/arrangementer\/digitale-moter\/#primaryimage","url":"https:\/\/www.normisjon.no\/content\/uploads\/sites\/24\/2020\/05\/Digitale-m\u00f8ter-1.png","contentUrl":"https:\/\/www.normisjon.no\/content\/uploads\/sites\/24\/2020\/05\/Digitale-m\u00f8ter-1.png","width":1080,"height":1080},{"@type":"BreadcrumbList","@id":"https:\/\/www.normisjon.no\/ostfold\/arrangementer\/digitale-moter\/#breadcrumb","itemListElement":[{"@type":"ListItem","position":1,"name":"Home","item":"https:\/\/www.normisjon.no\/ostfold\/"},{"@type":"ListItem","position":2,"name":"Ressurser","item":"https:\/\/www.normisjon.no\/ostfold\/arrangementer\/"},{"@type":"ListItem","position":3,"name":"Digitale m\u00f8ter"}]},{"@type":"WebSite","@id":"https:\/\/www.normisjon.no\/ostfold\/#website","url":"https:\/\/www.normisjon.no\/ostfold\/","name":"Region \u00d8stfold","description":"","publisher":{"@id":"https:\/\/www.normisjon.no\/ostfold\/#organization"},"potentialAction":[{"@type":"SearchAction","target":{"@type":"EntryPoint","urlTemplate":"https:\/\/www.normisjon.no\/ostfold\/?s={search_term_string}"},"query-input":{"@type":"PropertyValueSpecification","valueRequired":true,"valueName":"search_term_string"}}],"inLanguage":"nb-NO"},{"@type":"Organization","@id":"https:\/\/www.normisjon.no\/ostfold\/#organization","name":"Region \u00d8stfold","url":"https:\/\/www.normisjon.no\/ostfold\/","logo":{"@type":"ImageObject","inLanguage":"nb-NO","@id":"https:\/\/www.normisjon.no\/ostfold\/#\/schema\/logo\/image\/","url":"https:\/\/www.normisjon.no\/content\/uploads\/sites\/24\/2024\/11\/logo_Normisjon_lang_regionostfold_bla\u2560e.png","contentUrl":"https:\/\/www.normisjon.no\/content\/uploads\/sites\/24\/2024\/11\/logo_Normisjon_lang_regionostfold_bla\u2560e.png","width":1952,"height":562,"caption":"Region \u00d8stfold"},"image":{"@id":"https:\/\/www.normisjon.no\/ostfold\/#\/schema\/logo\/image\/"},"sameAs":["https:\/\/www.facebook.com\/NormisjonRegionOstfold"]}]}},"_links":{"self":[{"href":"https:\/\/www.normisjon.no\/ostfold\/wp-json\/wp\/v2\/pages\/2102","targetHints":{"allow":["GET"]}}],"collection":[{"href":"https:\/\/www.normisjon.no\/ostfold\/wp-json\/wp\/v2\/pages"}],"about":[{"href":"https:\/\/www.normisjon.no\/ostfold\/wp-json\/wp\/v2\/types\/page"}],"author":[{"embeddable":true,"href":"https:\/\/www.normisjon.no\/ostfold\/wp-json\/wp\/v2\/users\/63"}],"replies":[{"embeddable":true,"href":"https:\/\/www.normisjon.no\/ostfold\/wp-json\/wp\/v2\/comments?post=2102"}],"version-history":[{"count":3,"href":"https:\/\/www.normisjon.no\/ostfold\/wp-json\/wp\/v2\/pages\/2102\/revisions"}],"predecessor-version":[{"id":2129,"href":"https:\/\/www.normisjon.no\/ostfold\/wp-json\/wp\/v2\/pages\/2102\/revisions\/2129"}],"up":[{"embeddable":true,"href":"https:\/\/www.normisjon.no\/ostfold\/wp-json\/wp\/v2\/pages\/164"}],"wp:featuredmedia":[{"embeddable":true,"href":"https:\/\/www.normisjon.no\/ostfold\/wp-json\/wp\/v2\/media\/2107"}],"wp:attachment":[{"href":"https:\/\/www.normisjon.no\/ostfold\/wp-json\/wp\/v2\/media?parent=2102"}],"curies":[{"name":"wp","href":"https:\/\/api.w.org\/{rel}","templated":true}]}}