{"id":216,"date":"2018-05-30T15:34:34","date_gmt":"2018-05-30T13:34:34","guid":{"rendered":"https:\/\/www.normisjon.no\/region-ostfold\/?page_id=216"},"modified":"2024-11-20T15:02:33","modified_gmt":"2024-11-20T14:02:33","slug":"ansatte","status":"publish","type":"page","link":"https:\/\/www.normisjon.no\/ostfold\/om-oss\/ansatte\/","title":{"rendered":"Ansatte"},"content":{"rendered":"<div id=\"module-0\" class=\"hogan-module hogan-module-employees hogan-module-0\"><div class=\"hogan-module-inner\"><div class=\"hogan-grid hogan-grid-text-center\">\n\t<div class=\"hogan-grid-inner\">\n\t\t\t<div class=\"hogan-grid-item hogan-grid-item-size-small savage-has-heading savage-has-excerpt\" itemscope itemtype=\"http:\/\/schema.org\/Person\">\n\t\t\t<div class=\"hogan-grid-item-inner\">\n\t\t\t\t\t\t\t\t<div class=\"savage-card-body\">\n\t\t\t\t\t<div class=\"savage-card-body-inner\">\n\t\t\t\t\t\t<h2 class=\"savage-card-heading\" itemprop=\"name\">Ole - Kristian Delviken<\/h2><p class=\"position\"><span itemprop=\"jobTitle\">Regionleder<\/span><br \/>Normisjon region \u00d8stfold<\/p><p class=\"meta\">tel. <span itemprop=\"telephone\" content=\"90100465\">90100465<\/span><br \/><a href=\"mailto:okd@normisjon.no\" class=\"employee-email-link\" itemprop=\"email\">okd@normisjon.no<\/a><\/p>\t\t\t\t\t<\/div>\n\t\t\t\t<\/div>\n\t\t\t<\/div>\n\t\t<\/div>\n\t\t\t\t<div class=\"hogan-grid-item hogan-grid-item-size-small savage-has-heading savage-has-excerpt\" itemscope itemtype=\"http:\/\/schema.org\/Person\">\n\t\t\t<div class=\"hogan-grid-item-inner\">\n\t\t\t\t\t\t\t\t<div class=\"savage-card-body\">\n\t\t\t\t\t<div class=\"savage-card-body-inner\">\n\t\t\t\t\t\t<h2 class=\"savage-card-heading\" itemprop=\"name\">\u00c5smund Bj\u00f8rnstad<\/h2><p class=\"position\"><span itemprop=\"jobTitle\">Nestleder<\/span><br \/>Normisjon region \u00d8stfold<\/p><p class=\"meta\">tel. <span itemprop=\"telephone\" content=\"90079700\">90079700<\/span><br \/><a href=\"mailto:asmund@normisjon.no\" class=\"employee-email-link\" itemprop=\"email\">asmund@normisjon.no<\/a><\/p>\t\t\t\t\t<\/div>\n\t\t\t\t<\/div>\n\t\t\t<\/div>\n\t\t<\/div>\n\t\t\t\t<div class=\"hogan-grid-item hogan-grid-item-size-small savage-has-heading savage-has-excerpt\" itemscope itemtype=\"http:\/\/schema.org\/Person\">\n\t\t\t<div class=\"hogan-grid-item-inner\">\n\t\t\t\t\t\t\t\t<div class=\"savage-card-body\">\n\t\t\t\t\t<div class=\"savage-card-body-inner\">\n\t\t\t\t\t\t<h2 class=\"savage-card-heading\" itemprop=\"name\">Camilla Sundstr\u00f8m<\/h2><p class=\"position\"><span itemprop=\"jobTitle\">Acta Team-leder<\/span><br \/>Normisjon region \u00d8stfold<\/p><p class=\"meta\">tel. <span itemprop=\"telephone\" content=\"91393076\">91393076<\/span><br \/><a href=\"mailto:camilla.sundstrom@normisjon.no\" class=\"employee-email-link\" itemprop=\"email\">camilla.sundstrom@normisjon.no<\/a><\/p>\t\t\t\t\t<\/div>\n\t\t\t\t<\/div>\n\t\t\t<\/div>\n\t\t<\/div>\n\t\t\t\t<div class=\"hogan-grid-item hogan-grid-item-size-small savage-has-heading savage-has-excerpt\" itemscope itemtype=\"http:\/\/schema.org\/Person\">\n\t\t\t<div class=\"hogan-grid-item-inner\">\n\t\t\t\t\t\t\t\t<div class=\"savage-card-body\">\n\t\t\t\t\t<div class=\"savage-card-body-inner\">\n\t\t\t\t\t\t<h2 class=\"savage-card-heading\" itemprop=\"name\">Wenche Bj\u00f8rknes<\/h2><p class=\"position\"><span itemprop=\"jobTitle\">Bestyrer\/kokk p\u00e5 Sj\u00f8glimt<\/span><br \/>Normisjon region \u00d8stfold<\/p><p class=\"meta\">tel. <span itemprop=\"telephone\" content=\"95757610\">95757610<\/span><br \/><a href=\"mailto:wenbjo@hotmail.com\" class=\"employee-email-link\" itemprop=\"email\">wenbjo@hotmail.com<\/a><\/p>\t\t\t\t\t<\/div>\n\t\t\t\t<\/div>\n\t\t\t<\/div>\n\t\t<\/div>\n\t\t\t\t<div class=\"hogan-grid-item hogan-grid-item-size-small savage-has-heading savage-has-excerpt\" itemscope itemtype=\"http:\/\/schema.org\/Person\">\n\t\t\t<div class=\"hogan-grid-item-inner\">\n\t\t\t\t\t\t\t\t<div class=\"savage-card-body\">\n\t\t\t\t\t<div class=\"savage-card-body-inner\">\n\t\t\t\t\t\t<h2 class=\"savage-card-heading\" itemprop=\"name\">Mikael Lindstr\u00f8m<\/h2><p class=\"position\"><span itemprop=\"jobTitle\">Leirstedsansvarlig<\/span><br \/>Normisjon region \u00d8stfold<\/p><p class=\"meta\">tel. <span itemprop=\"telephone\" content=\"99551155\">99551155<\/span><br \/><a href=\"mailto:mikael@normisjon.no\" class=\"employee-email-link\" itemprop=\"email\">mikael@normisjon.no<\/a><\/p>\t\t\t\t\t<\/div>\n\t\t\t\t<\/div>\n\t\t\t<\/div>\n\t\t<\/div>\n\t\t\t\t<div class=\"hogan-grid-item hogan-grid-item-size-small savage-has-heading savage-has-excerpt\" itemscope itemtype=\"http:\/\/schema.org\/Person\">\n\t\t\t<div class=\"hogan-grid-item-inner\">\n\t\t\t\t\t\t\t\t<div class=\"savage-card-body\">\n\t\t\t\t\t<div class=\"savage-card-body-inner\">\n\t\t\t\t\t\t<h2 class=\"savage-card-heading\" itemprop=\"name\">Hans J\u00f8rgen Grenebrant<\/h2><p class=\"position\"><span itemprop=\"jobTitle\">Bestyrer\/kokk p\u00e5 Sauevika<\/span><br \/>Normisjon region \u00d8stfold<\/p><p class=\"meta\">tel. <span itemprop=\"telephone\" content=\"46836188\">46836188<\/span><br \/><a href=\"mailto:jorgen@normisjon.no\" class=\"employee-email-link\" itemprop=\"email\">jorgen@normisjon.no<\/a><\/p>\t\t\t\t\t<\/div>\n\t\t\t\t<\/div>\n\t\t\t<\/div>\n\t\t<\/div>\n\t\t\t<\/div>\n<\/div>\n<\/div><\/div>","protected":false},"excerpt":{"rendered":"<p>Ole &#8211; Kristian DelvikenRegionlederNormisjon region \u00d8stfoldtel. 90100465okd@normisjon.no \u00c5smund Bj\u00f8rnstadNestlederNormisjon region \u00d8stfoldtel. 90079700asmund@normisjon.no Camilla Sundstr\u00f8mActa Team-lederNormisjon region \u00d8stfoldtel. 91393076camilla.sundstrom@normisjon.no Wenche Bj\u00f8rknesBestyrer\/kokk p\u00e5 Sj\u00f8glimtNormisjon region \u00d8stfoldtel. 95757610wenbjo@hotmail.com [&hellip;]<\/p>\n","protected":false},"author":25,"featured_media":0,"parent":42,"menu_order":0,"comment_status":"closed","ping_status":"closed","template":"","meta":{"_acf_changed":false,"footnotes":""},"class_list":["post-216","page","type-page","status-publish","hentry"],"acf":[],"yoast_head":"<!-- This site is optimized with the Yoast SEO plugin v25.9 - https:\/\/yoast.com\/wordpress\/plugins\/seo\/ -->\n<title>Ansatte - Region \u00d8stfold<\/title>\n<meta name=\"robots\" content=\"index, follow, max-snippet:-1, max-image-preview:large, max-video-preview:-1\" \/>\n<link rel=\"canonical\" href=\"https:\/\/www.normisjon.no\/ostfold\/om-oss\/ansatte\/\" \/>\n<meta property=\"og:locale\" content=\"nb_NO\" \/>\n<meta property=\"og:type\" content=\"article\" \/>\n<meta property=\"og:title\" content=\"Ansatte - Region \u00d8stfold\" \/>\n<meta property=\"og:description\" content=\"Ole - Kristian DelvikenRegionlederNormisjon region \u00d8stfoldtel. 90100465okd@normisjon.no \u00c5smund Bj\u00f8rnstadNestlederNormisjon region \u00d8stfoldtel. 90079700asmund@normisjon.no Camilla Sundstr\u00f8mActa Team-lederNormisjon region \u00d8stfoldtel. 91393076camilla.sundstrom@normisjon.no Wenche Bj\u00f8rknesBestyrer\/kokk p\u00e5 Sj\u00f8glimtNormisjon region \u00d8stfoldtel. 95757610wenbjo@hotmail.com [&hellip;]\" \/>\n<meta property=\"og:url\" content=\"https:\/\/www.normisjon.no\/ostfold\/om-oss\/ansatte\/\" \/>\n<meta property=\"og:site_name\" content=\"Region \u00d8stfold\" \/>\n<meta property=\"article:publisher\" content=\"https:\/\/www.facebook.com\/NormisjonRegionOstfold\" \/>\n<meta property=\"article:modified_time\" content=\"2024-11-20T14:02:33+00:00\" \/>\n<meta name=\"twitter:card\" content=\"summary_large_image\" \/>\n<script type=\"application\/ld+json\" class=\"yoast-schema-graph\">{\"@context\":\"https:\/\/schema.org\",\"@graph\":[{\"@type\":\"WebPage\",\"@id\":\"https:\/\/www.normisjon.no\/ostfold\/om-oss\/ansatte\/\",\"url\":\"https:\/\/www.normisjon.no\/ostfold\/om-oss\/ansatte\/\",\"name\":\"Ansatte - Region \u00d8stfold\",\"isPartOf\":{\"@id\":\"https:\/\/www.normisjon.no\/ostfold\/#website\"},\"datePublished\":\"2018-05-30T13:34:34+00:00\",\"dateModified\":\"2024-11-20T14:02:33+00:00\",\"breadcrumb\":{\"@id\":\"https:\/\/www.normisjon.no\/ostfold\/om-oss\/ansatte\/#breadcrumb\"},\"inLanguage\":\"nb-NO\",\"potentialAction\":[{\"@type\":\"ReadAction\",\"target\":[\"https:\/\/www.normisjon.no\/ostfold\/om-oss\/ansatte\/\"]}]},{\"@type\":\"BreadcrumbList\",\"@id\":\"https:\/\/www.normisjon.no\/ostfold\/om-oss\/ansatte\/#breadcrumb\",\"itemListElement\":[{\"@type\":\"ListItem\",\"position\":1,\"name\":\"Home\",\"item\":\"https:\/\/www.normisjon.no\/ostfold\/\"},{\"@type\":\"ListItem\",\"position\":2,\"name\":\"Om Normisjon\",\"item\":\"https:\/\/www.normisjon.no\/ostfold\/om-oss\/\"},{\"@type\":\"ListItem\",\"position\":3,\"name\":\"Ansatte\"}]},{\"@type\":\"WebSite\",\"@id\":\"https:\/\/www.normisjon.no\/ostfold\/#website\",\"url\":\"https:\/\/www.normisjon.no\/ostfold\/\",\"name\":\"Region \u00d8stfold\",\"description\":\"\",\"publisher\":{\"@id\":\"https:\/\/www.normisjon.no\/ostfold\/#organization\"},\"potentialAction\":[{\"@type\":\"SearchAction\",\"target\":{\"@type\":\"EntryPoint\",\"urlTemplate\":\"https:\/\/www.normisjon.no\/ostfold\/?s={search_term_string}\"},\"query-input\":{\"@type\":\"PropertyValueSpecification\",\"valueRequired\":true,\"valueName\":\"search_term_string\"}}],\"inLanguage\":\"nb-NO\"},{\"@type\":\"Organization\",\"@id\":\"https:\/\/www.normisjon.no\/ostfold\/#organization\",\"name\":\"Region \u00d8stfold\",\"url\":\"https:\/\/www.normisjon.no\/ostfold\/\",\"logo\":{\"@type\":\"ImageObject\",\"inLanguage\":\"nb-NO\",\"@id\":\"https:\/\/www.normisjon.no\/ostfold\/#\/schema\/logo\/image\/\",\"url\":\"https:\/\/www.normisjon.no\/content\/uploads\/sites\/24\/2024\/11\/logo_Normisjon_lang_regionostfold_bla\u2560e.png\",\"contentUrl\":\"https:\/\/www.normisjon.no\/content\/uploads\/sites\/24\/2024\/11\/logo_Normisjon_lang_regionostfold_bla\u2560e.png\",\"width\":1952,\"height\":562,\"caption\":\"Region \u00d8stfold\"},\"image\":{\"@id\":\"https:\/\/www.normisjon.no\/ostfold\/#\/schema\/logo\/image\/\"},\"sameAs\":[\"https:\/\/www.facebook.com\/NormisjonRegionOstfold\"]}]}<\/script>\n<!-- \/ Yoast SEO plugin. -->","yoast_head_json":{"title":"Ansatte - Region \u00d8stfold","robots":{"index":"index","follow":"follow","max-snippet":"max-snippet:-1","max-image-preview":"max-image-preview:large","max-video-preview":"max-video-preview:-1"},"canonical":"https:\/\/www.normisjon.no\/ostfold\/om-oss\/ansatte\/","og_locale":"nb_NO","og_type":"article","og_title":"Ansatte - Region \u00d8stfold","og_description":"Ole - Kristian DelvikenRegionlederNormisjon region \u00d8stfoldtel. 90100465okd@normisjon.no \u00c5smund Bj\u00f8rnstadNestlederNormisjon region \u00d8stfoldtel. 90079700asmund@normisjon.no Camilla Sundstr\u00f8mActa Team-lederNormisjon region \u00d8stfoldtel. 91393076camilla.sundstrom@normisjon.no Wenche Bj\u00f8rknesBestyrer\/kokk p\u00e5 Sj\u00f8glimtNormisjon region \u00d8stfoldtel. 95757610wenbjo@hotmail.com [&hellip;]","og_url":"https:\/\/www.normisjon.no\/ostfold\/om-oss\/ansatte\/","og_site_name":"Region \u00d8stfold","article_publisher":"https:\/\/www.facebook.com\/NormisjonRegionOstfold","article_modified_time":"2024-11-20T14:02:33+00:00","twitter_card":"summary_large_image","schema":{"@context":"https:\/\/schema.org","@graph":[{"@type":"WebPage","@id":"https:\/\/www.normisjon.no\/ostfold\/om-oss\/ansatte\/","url":"https:\/\/www.normisjon.no\/ostfold\/om-oss\/ansatte\/","name":"Ansatte - Region \u00d8stfold","isPartOf":{"@id":"https:\/\/www.normisjon.no\/ostfold\/#website"},"datePublished":"2018-05-30T13:34:34+00:00","dateModified":"2024-11-20T14:02:33+00:00","breadcrumb":{"@id":"https:\/\/www.normisjon.no\/ostfold\/om-oss\/ansatte\/#breadcrumb"},"inLanguage":"nb-NO","potentialAction":[{"@type":"ReadAction","target":["https:\/\/www.normisjon.no\/ostfold\/om-oss\/ansatte\/"]}]},{"@type":"BreadcrumbList","@id":"https:\/\/www.normisjon.no\/ostfold\/om-oss\/ansatte\/#breadcrumb","itemListElement":[{"@type":"ListItem","position":1,"name":"Home","item":"https:\/\/www.normisjon.no\/ostfold\/"},{"@type":"ListItem","position":2,"name":"Om Normisjon","item":"https:\/\/www.normisjon.no\/ostfold\/om-oss\/"},{"@type":"ListItem","position":3,"name":"Ansatte"}]},{"@type":"WebSite","@id":"https:\/\/www.normisjon.no\/ostfold\/#website","url":"https:\/\/www.normisjon.no\/ostfold\/","name":"Region \u00d8stfold","description":"","publisher":{"@id":"https:\/\/www.normisjon.no\/ostfold\/#organization"},"potentialAction":[{"@type":"SearchAction","target":{"@type":"EntryPoint","urlTemplate":"https:\/\/www.normisjon.no\/ostfold\/?s={search_term_string}"},"query-input":{"@type":"PropertyValueSpecification","valueRequired":true,"valueName":"search_term_string"}}],"inLanguage":"nb-NO"},{"@type":"Organization","@id":"https:\/\/www.normisjon.no\/ostfold\/#organization","name":"Region \u00d8stfold","url":"https:\/\/www.normisjon.no\/ostfold\/","logo":{"@type":"ImageObject","inLanguage":"nb-NO","@id":"https:\/\/www.normisjon.no\/ostfold\/#\/schema\/logo\/image\/","url":"https:\/\/www.normisjon.no\/content\/uploads\/sites\/24\/2024\/11\/logo_Normisjon_lang_regionostfold_bla\u2560e.png","contentUrl":"https:\/\/www.normisjon.no\/content\/uploads\/sites\/24\/2024\/11\/logo_Normisjon_lang_regionostfold_bla\u2560e.png","width":1952,"height":562,"caption":"Region \u00d8stfold"},"image":{"@id":"https:\/\/www.normisjon.no\/ostfold\/#\/schema\/logo\/image\/"},"sameAs":["https:\/\/www.facebook.com\/NormisjonRegionOstfold"]}]}},"_links":{"self":[{"href":"https:\/\/www.normisjon.no\/ostfold\/wp-json\/wp\/v2\/pages\/216","targetHints":{"allow":["GET"]}}],"collection":[{"href":"https:\/\/www.normisjon.no\/ostfold\/wp-json\/wp\/v2\/pages"}],"about":[{"href":"https:\/\/www.normisjon.no\/ostfold\/wp-json\/wp\/v2\/types\/page"}],"author":[{"embeddable":true,"href":"https:\/\/www.normisjon.no\/ostfold\/wp-json\/wp\/v2\/users\/25"}],"replies":[{"embeddable":true,"href":"https:\/\/www.normisjon.no\/ostfold\/wp-json\/wp\/v2\/comments?post=216"}],"version-history":[{"count":18,"href":"https:\/\/www.normisjon.no\/ostfold\/wp-json\/wp\/v2\/pages\/216\/revisions"}],"predecessor-version":[{"id":4861,"href":"https:\/\/www.normisjon.no\/ostfold\/wp-json\/wp\/v2\/pages\/216\/revisions\/4861"}],"up":[{"embeddable":true,"href":"https:\/\/www.normisjon.no\/ostfold\/wp-json\/wp\/v2\/pages\/42"}],"wp:attachment":[{"href":"https:\/\/www.normisjon.no\/ostfold\/wp-json\/wp\/v2\/media?parent=216"}],"curies":[{"name":"wp","href":"https:\/\/api.w.org\/{rel}","templated":true}]}}