{"id":2234,"date":"2020-06-17T16:19:45","date_gmt":"2020-06-17T14:19:45","guid":{"rendered":"https:\/\/www.normisjon.no\/ostfold\/?page_id=2234"},"modified":"2020-06-18T13:19:30","modified_gmt":"2020-06-18T11:19:30","slug":"smittevernguide-for-leirstedene","status":"publish","type":"page","link":"https:\/\/www.normisjon.no\/ostfold\/smittevernguide-for-leirstedene\/","title":{"rendered":"Smittevernguide for leirstedene"},"content":{"rendered":"<div id=\"module-0\" class=\"hogan-module hogan-module-image hogan-module-0 hogan-image-size-large\"><div class=\"hogan-module-inner\"><figure class=\"wp-caption size-large\"><img loading=\"lazy\" decoding=\"async\" width=\"1024\" height=\"550\" src=\"https:\/\/www.normisjon.no\/content\/uploads\/sites\/24\/2020\/06\/covid-19-4960254_1280-1024x550.png\" class=\"attachment-large size-large\" alt=\"\" srcset=\"https:\/\/www.normisjon.no\/content\/uploads\/sites\/24\/2020\/06\/covid-19-4960254_1280-1024x550.png 1024w, https:\/\/www.normisjon.no\/content\/uploads\/sites\/24\/2020\/06\/covid-19-4960254_1280-300x161.png 300w, https:\/\/www.normisjon.no\/content\/uploads\/sites\/24\/2020\/06\/covid-19-4960254_1280-768x413.png 768w, https:\/\/www.normisjon.no\/content\/uploads\/sites\/24\/2020\/06\/covid-19-4960254_1280-960x516.png 960w, https:\/\/www.normisjon.no\/content\/uploads\/sites\/24\/2020\/06\/covid-19-4960254_1280.png 1280w\" sizes=\"auto, (max-width: 1024px) 100vw, 1024px\" \/><\/figure><\/div><\/div><div id=\"module-1\" class=\"hogan-module hogan-module-text hogan-module-1\"><div class=\"hogan-module-inner\"><p>Vi har etter r\u00e5d fra myndighetene utarbeidet en smittevernguide for leirstedene v\u00e5re. Guidene er oversendt kommuneoverlegen for leirstedets hjemmekommune og guidene som er lagt ut her er kommentert av disse uten innsigelser. Uansett er det vi som arrang\u00f8rer av aktiviteter\/leirer som er ansvarlige for at gjeldene restriksjoner f\u00f8lges opp, mens denne guiden skal hjelpe b\u00e5de ledere og deltakere\/foresatte \u00e5 etterleve restriksjoner og r\u00e5d i praksis p\u00e5 v\u00e5rt leirsted.<\/p>\n<p>&nbsp;<\/p>\n<p><a href=\"https:\/\/www.normisjon.no\/content\/uploads\/sites\/24\/2020\/06\/Smittevern-Sauevika_ver2_A4.pdf\" target=\"_blank\" rel=\"noopener\">Nyeste smittevernsguide for Sauevika kan lastes ned her!<\/a><\/p>\n<p>&nbsp;<\/p>\n<p><a href=\"https:\/\/www.normisjon.no\/content\/uploads\/sites\/24\/2020\/06\/Smittevern-Sj\u00f8glimt_ver2_A4.pdf\" target=\"_blank\" rel=\"noopener\">Nyeste smittevernsguide for Sj\u00f8glimt kan lastes ned her!<\/a><\/p><\/div><\/div>","protected":false},"excerpt":{"rendered":"<p>Vi har etter r\u00e5d fra myndighetene utarbeidet en smittevernguide for leirstedene v\u00e5re. Guidene er oversendt kommuneoverlegen for leirstedets hjemmekommune og guidene som er lagt ut [&hellip;]<\/p>\n","protected":false},"author":25,"featured_media":2236,"parent":0,"menu_order":0,"comment_status":"closed","ping_status":"closed","template":"","meta":{"_acf_changed":false,"footnotes":""},"class_list":["post-2234","page","type-page","status-publish","has-post-thumbnail","hentry"],"acf":[],"yoast_head":"<!-- This site is optimized with the Yoast SEO plugin v25.9 - https:\/\/yoast.com\/wordpress\/plugins\/seo\/ -->\n<title>Smittevernguide for leirstedene - Region \u00d8stfold<\/title>\n<meta name=\"robots\" content=\"index, follow, max-snippet:-1, max-image-preview:large, max-video-preview:-1\" \/>\n<link rel=\"canonical\" href=\"https:\/\/www.normisjon.no\/ostfold\/smittevernguide-for-leirstedene\/\" \/>\n<meta property=\"og:locale\" content=\"nb_NO\" \/>\n<meta property=\"og:type\" content=\"article\" \/>\n<meta property=\"og:title\" content=\"Smittevernguide for leirstedene - Region \u00d8stfold\" \/>\n<meta property=\"og:description\" content=\"Vi har etter r\u00e5d fra myndighetene utarbeidet en smittevernguide for leirstedene v\u00e5re. Guidene er oversendt kommuneoverlegen for leirstedets hjemmekommune og guidene som er lagt ut [&hellip;]\" \/>\n<meta property=\"og:url\" content=\"https:\/\/www.normisjon.no\/ostfold\/smittevernguide-for-leirstedene\/\" \/>\n<meta property=\"og:site_name\" content=\"Region \u00d8stfold\" \/>\n<meta property=\"article:publisher\" content=\"https:\/\/www.facebook.com\/NormisjonRegionOstfold\" \/>\n<meta property=\"article:modified_time\" content=\"2020-06-18T11:19:30+00:00\" \/>\n<meta property=\"og:image\" content=\"https:\/\/www.normisjon.no\/content\/uploads\/sites\/24\/2020\/06\/covid-19-4960254_1280.png\" \/>\n\t<meta property=\"og:image:width\" content=\"1280\" \/>\n\t<meta property=\"og:image:height\" content=\"688\" \/>\n\t<meta property=\"og:image:type\" content=\"image\/png\" \/>\n<meta name=\"twitter:card\" content=\"summary_large_image\" \/>\n<script type=\"application\/ld+json\" class=\"yoast-schema-graph\">{\"@context\":\"https:\/\/schema.org\",\"@graph\":[{\"@type\":\"WebPage\",\"@id\":\"https:\/\/www.normisjon.no\/ostfold\/smittevernguide-for-leirstedene\/\",\"url\":\"https:\/\/www.normisjon.no\/ostfold\/smittevernguide-for-leirstedene\/\",\"name\":\"Smittevernguide for leirstedene - Region \u00d8stfold\",\"isPartOf\":{\"@id\":\"https:\/\/www.normisjon.no\/ostfold\/#website\"},\"primaryImageOfPage\":{\"@id\":\"https:\/\/www.normisjon.no\/ostfold\/smittevernguide-for-leirstedene\/#primaryimage\"},\"image\":{\"@id\":\"https:\/\/www.normisjon.no\/ostfold\/smittevernguide-for-leirstedene\/#primaryimage\"},\"thumbnailUrl\":\"https:\/\/www.normisjon.no\/content\/uploads\/sites\/24\/2020\/06\/covid-19-4960254_1280.png\",\"datePublished\":\"2020-06-17T14:19:45+00:00\",\"dateModified\":\"2020-06-18T11:19:30+00:00\",\"breadcrumb\":{\"@id\":\"https:\/\/www.normisjon.no\/ostfold\/smittevernguide-for-leirstedene\/#breadcrumb\"},\"inLanguage\":\"nb-NO\",\"potentialAction\":[{\"@type\":\"ReadAction\",\"target\":[\"https:\/\/www.normisjon.no\/ostfold\/smittevernguide-for-leirstedene\/\"]}]},{\"@type\":\"ImageObject\",\"inLanguage\":\"nb-NO\",\"@id\":\"https:\/\/www.normisjon.no\/ostfold\/smittevernguide-for-leirstedene\/#primaryimage\",\"url\":\"https:\/\/www.normisjon.no\/content\/uploads\/sites\/24\/2020\/06\/covid-19-4960254_1280.png\",\"contentUrl\":\"https:\/\/www.normisjon.no\/content\/uploads\/sites\/24\/2020\/06\/covid-19-4960254_1280.png\",\"width\":1280,\"height\":688},{\"@type\":\"BreadcrumbList\",\"@id\":\"https:\/\/www.normisjon.no\/ostfold\/smittevernguide-for-leirstedene\/#breadcrumb\",\"itemListElement\":[{\"@type\":\"ListItem\",\"position\":1,\"name\":\"Home\",\"item\":\"https:\/\/www.normisjon.no\/ostfold\/\"},{\"@type\":\"ListItem\",\"position\":2,\"name\":\"Smittevernguide for leirstedene\"}]},{\"@type\":\"WebSite\",\"@id\":\"https:\/\/www.normisjon.no\/ostfold\/#website\",\"url\":\"https:\/\/www.normisjon.no\/ostfold\/\",\"name\":\"Region \u00d8stfold\",\"description\":\"\",\"publisher\":{\"@id\":\"https:\/\/www.normisjon.no\/ostfold\/#organization\"},\"potentialAction\":[{\"@type\":\"SearchAction\",\"target\":{\"@type\":\"EntryPoint\",\"urlTemplate\":\"https:\/\/www.normisjon.no\/ostfold\/?s={search_term_string}\"},\"query-input\":{\"@type\":\"PropertyValueSpecification\",\"valueRequired\":true,\"valueName\":\"search_term_string\"}}],\"inLanguage\":\"nb-NO\"},{\"@type\":\"Organization\",\"@id\":\"https:\/\/www.normisjon.no\/ostfold\/#organization\",\"name\":\"Region \u00d8stfold\",\"url\":\"https:\/\/www.normisjon.no\/ostfold\/\",\"logo\":{\"@type\":\"ImageObject\",\"inLanguage\":\"nb-NO\",\"@id\":\"https:\/\/www.normisjon.no\/ostfold\/#\/schema\/logo\/image\/\",\"url\":\"https:\/\/www.normisjon.no\/content\/uploads\/sites\/24\/2024\/11\/logo_Normisjon_lang_regionostfold_bla\u2560e.png\",\"contentUrl\":\"https:\/\/www.normisjon.no\/content\/uploads\/sites\/24\/2024\/11\/logo_Normisjon_lang_regionostfold_bla\u2560e.png\",\"width\":1952,\"height\":562,\"caption\":\"Region \u00d8stfold\"},\"image\":{\"@id\":\"https:\/\/www.normisjon.no\/ostfold\/#\/schema\/logo\/image\/\"},\"sameAs\":[\"https:\/\/www.facebook.com\/NormisjonRegionOstfold\"]}]}<\/script>\n<!-- \/ Yoast SEO plugin. -->","yoast_head_json":{"title":"Smittevernguide for leirstedene - Region \u00d8stfold","robots":{"index":"index","follow":"follow","max-snippet":"max-snippet:-1","max-image-preview":"max-image-preview:large","max-video-preview":"max-video-preview:-1"},"canonical":"https:\/\/www.normisjon.no\/ostfold\/smittevernguide-for-leirstedene\/","og_locale":"nb_NO","og_type":"article","og_title":"Smittevernguide for leirstedene - Region \u00d8stfold","og_description":"Vi har etter r\u00e5d fra myndighetene utarbeidet en smittevernguide for leirstedene v\u00e5re. Guidene er oversendt kommuneoverlegen for leirstedets hjemmekommune og guidene som er lagt ut [&hellip;]","og_url":"https:\/\/www.normisjon.no\/ostfold\/smittevernguide-for-leirstedene\/","og_site_name":"Region \u00d8stfold","article_publisher":"https:\/\/www.facebook.com\/NormisjonRegionOstfold","article_modified_time":"2020-06-18T11:19:30+00:00","og_image":[{"width":1280,"height":688,"url":"https:\/\/www.normisjon.no\/content\/uploads\/sites\/24\/2020\/06\/covid-19-4960254_1280.png","type":"image\/png"}],"twitter_card":"summary_large_image","schema":{"@context":"https:\/\/schema.org","@graph":[{"@type":"WebPage","@id":"https:\/\/www.normisjon.no\/ostfold\/smittevernguide-for-leirstedene\/","url":"https:\/\/www.normisjon.no\/ostfold\/smittevernguide-for-leirstedene\/","name":"Smittevernguide for leirstedene - Region \u00d8stfold","isPartOf":{"@id":"https:\/\/www.normisjon.no\/ostfold\/#website"},"primaryImageOfPage":{"@id":"https:\/\/www.normisjon.no\/ostfold\/smittevernguide-for-leirstedene\/#primaryimage"},"image":{"@id":"https:\/\/www.normisjon.no\/ostfold\/smittevernguide-for-leirstedene\/#primaryimage"},"thumbnailUrl":"https:\/\/www.normisjon.no\/content\/uploads\/sites\/24\/2020\/06\/covid-19-4960254_1280.png","datePublished":"2020-06-17T14:19:45+00:00","dateModified":"2020-06-18T11:19:30+00:00","breadcrumb":{"@id":"https:\/\/www.normisjon.no\/ostfold\/smittevernguide-for-leirstedene\/#breadcrumb"},"inLanguage":"nb-NO","potentialAction":[{"@type":"ReadAction","target":["https:\/\/www.normisjon.no\/ostfold\/smittevernguide-for-leirstedene\/"]}]},{"@type":"ImageObject","inLanguage":"nb-NO","@id":"https:\/\/www.normisjon.no\/ostfold\/smittevernguide-for-leirstedene\/#primaryimage","url":"https:\/\/www.normisjon.no\/content\/uploads\/sites\/24\/2020\/06\/covid-19-4960254_1280.png","contentUrl":"https:\/\/www.normisjon.no\/content\/uploads\/sites\/24\/2020\/06\/covid-19-4960254_1280.png","width":1280,"height":688},{"@type":"BreadcrumbList","@id":"https:\/\/www.normisjon.no\/ostfold\/smittevernguide-for-leirstedene\/#breadcrumb","itemListElement":[{"@type":"ListItem","position":1,"name":"Home","item":"https:\/\/www.normisjon.no\/ostfold\/"},{"@type":"ListItem","position":2,"name":"Smittevernguide for leirstedene"}]},{"@type":"WebSite","@id":"https:\/\/www.normisjon.no\/ostfold\/#website","url":"https:\/\/www.normisjon.no\/ostfold\/","name":"Region \u00d8stfold","description":"","publisher":{"@id":"https:\/\/www.normisjon.no\/ostfold\/#organization"},"potentialAction":[{"@type":"SearchAction","target":{"@type":"EntryPoint","urlTemplate":"https:\/\/www.normisjon.no\/ostfold\/?s={search_term_string}"},"query-input":{"@type":"PropertyValueSpecification","valueRequired":true,"valueName":"search_term_string"}}],"inLanguage":"nb-NO"},{"@type":"Organization","@id":"https:\/\/www.normisjon.no\/ostfold\/#organization","name":"Region \u00d8stfold","url":"https:\/\/www.normisjon.no\/ostfold\/","logo":{"@type":"ImageObject","inLanguage":"nb-NO","@id":"https:\/\/www.normisjon.no\/ostfold\/#\/schema\/logo\/image\/","url":"https:\/\/www.normisjon.no\/content\/uploads\/sites\/24\/2024\/11\/logo_Normisjon_lang_regionostfold_bla\u2560e.png","contentUrl":"https:\/\/www.normisjon.no\/content\/uploads\/sites\/24\/2024\/11\/logo_Normisjon_lang_regionostfold_bla\u2560e.png","width":1952,"height":562,"caption":"Region \u00d8stfold"},"image":{"@id":"https:\/\/www.normisjon.no\/ostfold\/#\/schema\/logo\/image\/"},"sameAs":["https:\/\/www.facebook.com\/NormisjonRegionOstfold"]}]}},"_links":{"self":[{"href":"https:\/\/www.normisjon.no\/ostfold\/wp-json\/wp\/v2\/pages\/2234","targetHints":{"allow":["GET"]}}],"collection":[{"href":"https:\/\/www.normisjon.no\/ostfold\/wp-json\/wp\/v2\/pages"}],"about":[{"href":"https:\/\/www.normisjon.no\/ostfold\/wp-json\/wp\/v2\/types\/page"}],"author":[{"embeddable":true,"href":"https:\/\/www.normisjon.no\/ostfold\/wp-json\/wp\/v2\/users\/25"}],"replies":[{"embeddable":true,"href":"https:\/\/www.normisjon.no\/ostfold\/wp-json\/wp\/v2\/comments?post=2234"}],"version-history":[{"count":3,"href":"https:\/\/www.normisjon.no\/ostfold\/wp-json\/wp\/v2\/pages\/2234\/revisions"}],"predecessor-version":[{"id":2249,"href":"https:\/\/www.normisjon.no\/ostfold\/wp-json\/wp\/v2\/pages\/2234\/revisions\/2249"}],"wp:featuredmedia":[{"embeddable":true,"href":"https:\/\/www.normisjon.no\/ostfold\/wp-json\/wp\/v2\/media\/2236"}],"wp:attachment":[{"href":"https:\/\/www.normisjon.no\/ostfold\/wp-json\/wp\/v2\/media?parent=2234"}],"curies":[{"name":"wp","href":"https:\/\/api.w.org\/{rel}","templated":true}]}}