{"id":430,"date":"2018-06-20T13:29:33","date_gmt":"2018-06-20T11:29:33","guid":{"rendered":"https:\/\/www.normisjon.no\/ostfold\/?page_id=430"},"modified":"2025-02-04T15:51:45","modified_gmt":"2025-02-04T14:51:45","slug":"regionstyret","status":"publish","type":"page","link":"https:\/\/www.normisjon.no\/ostfold\/regionstyret\/","title":{"rendered":"Regionstyret"},"content":{"rendered":"<div id=\"module-0\" class=\"hogan-module hogan-module-text hogan-module-0\"><div class=\"hogan-module-inner\"><p><!-- wp:paragraph --><\/p>\n<p><strong>Styreleder:<br \/>\n<\/strong>Frode Bilsbak, Halden, styreleder, valgt til 2025<\/p>\n<p><strong>Medlemmer:<br \/>\n<\/strong>Ola Rusaanes, R\u00e5de, nestleder, valgt til 2026<br \/>\nIngar O. Carlsen, Askim, valgt til 2026<br \/>\nEllen Lindheim Slettevold, Borge, valgt til 2025<br \/>\nBj\u00f8rg Saks\u00e6ther, Halden, valgt til 2027<br \/>\nRobert K\u00e4ld, R\u00e5de, valgt til 2027<br \/>\nCamilla Sundstr\u00f8m, R\u00e5de, ansattes representant<br \/>\nOle-Kristian Delviken, Kr\u00e5ker\u00f8y, styrets sekret\u00e6r<\/p>\n<p><!-- \/wp:paragraph --> <!-- wp:paragraph --><\/p>\n<p><strong>Vararepresentanter:<br \/>\n<\/strong>1. vara: Andreas Graff, Degernes, valgt til 2025<br \/>\n2. vara: Anne Karlsen, Borgenhaugen, valgt til 2025<br \/>\n3. vara: Wenche Aamoth, Rakkestad, valgt til 2025<\/p>\n<p><!-- \/wp:paragraph --><\/p>\n<p>&nbsp;<\/p>\n<p>&nbsp;<\/p><\/div><\/div>","protected":false},"excerpt":{"rendered":"<p>Styreleder: Frode Bilsbak, Halden, styreleder, valgt til 2025 Medlemmer: Ola Rusaanes, R\u00e5de, nestleder, valgt til 2026 Ingar O. Carlsen, Askim, valgt til 2026 Ellen Lindheim [&hellip;]<\/p>\n","protected":false},"author":40,"featured_media":0,"parent":0,"menu_order":0,"comment_status":"closed","ping_status":"closed","template":"","meta":{"_acf_changed":false,"footnotes":""},"class_list":["post-430","page","type-page","status-publish","hentry"],"acf":[],"yoast_head":"<!-- This site is optimized with the Yoast SEO plugin v25.9 - https:\/\/yoast.com\/wordpress\/plugins\/seo\/ -->\n<title>Regionstyret - Region \u00d8stfold<\/title>\n<meta name=\"robots\" content=\"index, follow, max-snippet:-1, max-image-preview:large, max-video-preview:-1\" \/>\n<link rel=\"canonical\" href=\"https:\/\/www.normisjon.no\/ostfold\/regionstyret\/\" \/>\n<meta property=\"og:locale\" content=\"nb_NO\" \/>\n<meta property=\"og:type\" content=\"article\" \/>\n<meta property=\"og:title\" content=\"Regionstyret - Region \u00d8stfold\" \/>\n<meta property=\"og:description\" content=\"Styreleder: Frode Bilsbak, Halden, styreleder, valgt til 2025 Medlemmer: Ola Rusaanes, R\u00e5de, nestleder, valgt til 2026 Ingar O. Carlsen, Askim, valgt til 2026 Ellen Lindheim [&hellip;]\" \/>\n<meta property=\"og:url\" content=\"https:\/\/www.normisjon.no\/ostfold\/regionstyret\/\" \/>\n<meta property=\"og:site_name\" content=\"Region \u00d8stfold\" \/>\n<meta property=\"article:publisher\" content=\"https:\/\/www.facebook.com\/NormisjonRegionOstfold\" \/>\n<meta property=\"article:modified_time\" content=\"2025-02-04T14:51:45+00:00\" \/>\n<meta name=\"twitter:card\" content=\"summary_large_image\" \/>\n<script type=\"application\/ld+json\" class=\"yoast-schema-graph\">{\"@context\":\"https:\/\/schema.org\",\"@graph\":[{\"@type\":\"WebPage\",\"@id\":\"https:\/\/www.normisjon.no\/ostfold\/regionstyret\/\",\"url\":\"https:\/\/www.normisjon.no\/ostfold\/regionstyret\/\",\"name\":\"Regionstyret - Region \u00d8stfold\",\"isPartOf\":{\"@id\":\"https:\/\/www.normisjon.no\/ostfold\/#website\"},\"datePublished\":\"2018-06-20T11:29:33+00:00\",\"dateModified\":\"2025-02-04T14:51:45+00:00\",\"breadcrumb\":{\"@id\":\"https:\/\/www.normisjon.no\/ostfold\/regionstyret\/#breadcrumb\"},\"inLanguage\":\"nb-NO\",\"potentialAction\":[{\"@type\":\"ReadAction\",\"target\":[\"https:\/\/www.normisjon.no\/ostfold\/regionstyret\/\"]}]},{\"@type\":\"BreadcrumbList\",\"@id\":\"https:\/\/www.normisjon.no\/ostfold\/regionstyret\/#breadcrumb\",\"itemListElement\":[{\"@type\":\"ListItem\",\"position\":1,\"name\":\"Home\",\"item\":\"https:\/\/www.normisjon.no\/ostfold\/\"},{\"@type\":\"ListItem\",\"position\":2,\"name\":\"Regionstyret\"}]},{\"@type\":\"WebSite\",\"@id\":\"https:\/\/www.normisjon.no\/ostfold\/#website\",\"url\":\"https:\/\/www.normisjon.no\/ostfold\/\",\"name\":\"Region \u00d8stfold\",\"description\":\"\",\"publisher\":{\"@id\":\"https:\/\/www.normisjon.no\/ostfold\/#organization\"},\"potentialAction\":[{\"@type\":\"SearchAction\",\"target\":{\"@type\":\"EntryPoint\",\"urlTemplate\":\"https:\/\/www.normisjon.no\/ostfold\/?s={search_term_string}\"},\"query-input\":{\"@type\":\"PropertyValueSpecification\",\"valueRequired\":true,\"valueName\":\"search_term_string\"}}],\"inLanguage\":\"nb-NO\"},{\"@type\":\"Organization\",\"@id\":\"https:\/\/www.normisjon.no\/ostfold\/#organization\",\"name\":\"Region \u00d8stfold\",\"url\":\"https:\/\/www.normisjon.no\/ostfold\/\",\"logo\":{\"@type\":\"ImageObject\",\"inLanguage\":\"nb-NO\",\"@id\":\"https:\/\/www.normisjon.no\/ostfold\/#\/schema\/logo\/image\/\",\"url\":\"https:\/\/www.normisjon.no\/content\/uploads\/sites\/24\/2024\/11\/logo_Normisjon_lang_regionostfold_bla\u2560e.png\",\"contentUrl\":\"https:\/\/www.normisjon.no\/content\/uploads\/sites\/24\/2024\/11\/logo_Normisjon_lang_regionostfold_bla\u2560e.png\",\"width\":1952,\"height\":562,\"caption\":\"Region \u00d8stfold\"},\"image\":{\"@id\":\"https:\/\/www.normisjon.no\/ostfold\/#\/schema\/logo\/image\/\"},\"sameAs\":[\"https:\/\/www.facebook.com\/NormisjonRegionOstfold\"]}]}<\/script>\n<!-- \/ Yoast SEO plugin. -->","yoast_head_json":{"title":"Regionstyret - Region \u00d8stfold","robots":{"index":"index","follow":"follow","max-snippet":"max-snippet:-1","max-image-preview":"max-image-preview:large","max-video-preview":"max-video-preview:-1"},"canonical":"https:\/\/www.normisjon.no\/ostfold\/regionstyret\/","og_locale":"nb_NO","og_type":"article","og_title":"Regionstyret - Region \u00d8stfold","og_description":"Styreleder: Frode Bilsbak, Halden, styreleder, valgt til 2025 Medlemmer: Ola Rusaanes, R\u00e5de, nestleder, valgt til 2026 Ingar O. Carlsen, Askim, valgt til 2026 Ellen Lindheim [&hellip;]","og_url":"https:\/\/www.normisjon.no\/ostfold\/regionstyret\/","og_site_name":"Region \u00d8stfold","article_publisher":"https:\/\/www.facebook.com\/NormisjonRegionOstfold","article_modified_time":"2025-02-04T14:51:45+00:00","twitter_card":"summary_large_image","schema":{"@context":"https:\/\/schema.org","@graph":[{"@type":"WebPage","@id":"https:\/\/www.normisjon.no\/ostfold\/regionstyret\/","url":"https:\/\/www.normisjon.no\/ostfold\/regionstyret\/","name":"Regionstyret - Region \u00d8stfold","isPartOf":{"@id":"https:\/\/www.normisjon.no\/ostfold\/#website"},"datePublished":"2018-06-20T11:29:33+00:00","dateModified":"2025-02-04T14:51:45+00:00","breadcrumb":{"@id":"https:\/\/www.normisjon.no\/ostfold\/regionstyret\/#breadcrumb"},"inLanguage":"nb-NO","potentialAction":[{"@type":"ReadAction","target":["https:\/\/www.normisjon.no\/ostfold\/regionstyret\/"]}]},{"@type":"BreadcrumbList","@id":"https:\/\/www.normisjon.no\/ostfold\/regionstyret\/#breadcrumb","itemListElement":[{"@type":"ListItem","position":1,"name":"Home","item":"https:\/\/www.normisjon.no\/ostfold\/"},{"@type":"ListItem","position":2,"name":"Regionstyret"}]},{"@type":"WebSite","@id":"https:\/\/www.normisjon.no\/ostfold\/#website","url":"https:\/\/www.normisjon.no\/ostfold\/","name":"Region \u00d8stfold","description":"","publisher":{"@id":"https:\/\/www.normisjon.no\/ostfold\/#organization"},"potentialAction":[{"@type":"SearchAction","target":{"@type":"EntryPoint","urlTemplate":"https:\/\/www.normisjon.no\/ostfold\/?s={search_term_string}"},"query-input":{"@type":"PropertyValueSpecification","valueRequired":true,"valueName":"search_term_string"}}],"inLanguage":"nb-NO"},{"@type":"Organization","@id":"https:\/\/www.normisjon.no\/ostfold\/#organization","name":"Region \u00d8stfold","url":"https:\/\/www.normisjon.no\/ostfold\/","logo":{"@type":"ImageObject","inLanguage":"nb-NO","@id":"https:\/\/www.normisjon.no\/ostfold\/#\/schema\/logo\/image\/","url":"https:\/\/www.normisjon.no\/content\/uploads\/sites\/24\/2024\/11\/logo_Normisjon_lang_regionostfold_bla\u2560e.png","contentUrl":"https:\/\/www.normisjon.no\/content\/uploads\/sites\/24\/2024\/11\/logo_Normisjon_lang_regionostfold_bla\u2560e.png","width":1952,"height":562,"caption":"Region \u00d8stfold"},"image":{"@id":"https:\/\/www.normisjon.no\/ostfold\/#\/schema\/logo\/image\/"},"sameAs":["https:\/\/www.facebook.com\/NormisjonRegionOstfold"]}]}},"_links":{"self":[{"href":"https:\/\/www.normisjon.no\/ostfold\/wp-json\/wp\/v2\/pages\/430","targetHints":{"allow":["GET"]}}],"collection":[{"href":"https:\/\/www.normisjon.no\/ostfold\/wp-json\/wp\/v2\/pages"}],"about":[{"href":"https:\/\/www.normisjon.no\/ostfold\/wp-json\/wp\/v2\/types\/page"}],"author":[{"embeddable":true,"href":"https:\/\/www.normisjon.no\/ostfold\/wp-json\/wp\/v2\/users\/40"}],"replies":[{"embeddable":true,"href":"https:\/\/www.normisjon.no\/ostfold\/wp-json\/wp\/v2\/comments?post=430"}],"version-history":[{"count":10,"href":"https:\/\/www.normisjon.no\/ostfold\/wp-json\/wp\/v2\/pages\/430\/revisions"}],"predecessor-version":[{"id":4960,"href":"https:\/\/www.normisjon.no\/ostfold\/wp-json\/wp\/v2\/pages\/430\/revisions\/4960"}],"wp:attachment":[{"href":"https:\/\/www.normisjon.no\/ostfold\/wp-json\/wp\/v2\/media?parent=430"}],"curies":[{"name":"wp","href":"https:\/\/api.w.org\/{rel}","templated":true}]}}