{"id":4875,"date":"2024-12-10T16:42:01","date_gmt":"2024-12-10T15:42:01","guid":{"rendered":"https:\/\/www.normisjon.no\/ostfold\/?page_id=4875"},"modified":"2026-02-09T14:31:49","modified_gmt":"2026-02-09T13:31:49","slug":"strategiarbeid-i-ostfold","status":"publish","type":"page","link":"https:\/\/www.normisjon.no\/ostfold\/strategiarbeid-i-ostfold\/","title":{"rendered":"Strategiarbeid"},"content":{"rendered":"<div id=\"module-0\" class=\"hogan-module hogan-module-image hogan-module-0 hogan-image-size-large\"><div class=\"hogan-module-inner\"><figure class=\"wp-caption size-large\"><img loading=\"lazy\" decoding=\"async\" width=\"1024\" height=\"682\" src=\"https:\/\/www.normisjon.no\/content\/uploads\/sites\/24\/2024\/12\/DPULS-1-1024x682.png\" class=\"attachment-large size-large\" alt=\"\" srcset=\"https:\/\/www.normisjon.no\/content\/uploads\/sites\/24\/2024\/12\/DPULS-1-1024x682.png 1024w, https:\/\/www.normisjon.no\/content\/uploads\/sites\/24\/2024\/12\/DPULS-1-300x200.png 300w, https:\/\/www.normisjon.no\/content\/uploads\/sites\/24\/2024\/12\/DPULS-1-768x512.png 768w, https:\/\/www.normisjon.no\/content\/uploads\/sites\/24\/2024\/12\/DPULS-1-1536x1024.png 1536w, https:\/\/www.normisjon.no\/content\/uploads\/sites\/24\/2024\/12\/DPULS-1-1360x906.png 1360w, https:\/\/www.normisjon.no\/content\/uploads\/sites\/24\/2024\/12\/DPULS-1-960x640.png 960w, https:\/\/www.normisjon.no\/content\/uploads\/sites\/24\/2024\/12\/DPULS-1.png 1772w\" sizes=\"auto, (max-width: 1024px) 100vw, 1024px\" \/><\/figure><\/div><\/div><div id=\"module-1\" class=\"hogan-module hogan-module-text hogan-module-1\"><div class=\"hogan-module-inner\"><p>Her har vi samlet presentasjoner og annet materiell som er benyttet p\u00e5 strategisamlingene v\u00e5re gjennom \u00e5ret. Her finner du ogs\u00e5 linken til materialet som er lagt ut fra sentralt hold.<\/p><\/div><\/div><div id=\"module-2\" class=\"hogan-module hogan-module-linklist hogan-module-2\"><nav class=\"hogan-module-inner\">\n<ul class=\"hogan-linklist-container\">\n\t\t\t<li class=\"hogan-linklist-inner\">\n\t\t\t\t\t\t\t<h3 class=\"hogan-linklist-title\">Nettsteder, presentasjoner og skjemaer<\/h3>\n\t\t\t\n\t\t\t<ul class=\"hogan-linklist-items\">\n\t\t\t\t<li class=\"hogan-linklist-item hogan-linklist-item-external\"><a href=\"https:\/\/www.normisjon.no\/strategi\/\" target=\"_blank\" rel=\"noopener noreferrer\">Strategiarbeid i Normisjon nasjonalt<svg xmlns=\"http:\/\/www.w3.org\/2000\/svg\" viewBox=\"0 0 56 100\" class=\"hogan-linklist-icon\"><path d=\"M54.3 47.3L7 0 .1 6.9l42.2 42.2L0 93.1l7.1 6.8 48.9-51z\"\/><\/svg><\/a><\/li><li class=\"hogan-linklist-item hogan-linklist-item-external\"><a href=\"https:\/\/www.normisjon.no\/plante\/\" target=\"_blank\" rel=\"noopener noreferrer\">Plante nye fellesskap i Normisjon<svg xmlns=\"http:\/\/www.w3.org\/2000\/svg\" viewBox=\"0 0 56 100\" class=\"hogan-linklist-icon\"><path d=\"M54.3 47.3L7 0 .1 6.9l42.2 42.2L0 93.1l7.1 6.8 48.9-51z\"\/><\/svg><\/a><\/li><li class=\"hogan-linklist-item hogan-linklist-item-external\"><a href=\"https:\/\/www.normisjon.no\/content\/uploads\/sites\/24\/2024\/06\/Velkommen-til-strategisamling-1.pdf\" target=\"_blank\" rel=\"noopener noreferrer\">Hvorfor og hvordan jobbe strategisk? (Samling 1 - 2024)<svg xmlns=\"http:\/\/www.w3.org\/2000\/svg\" viewBox=\"0 0 56 100\" class=\"hogan-linklist-icon\"><path d=\"M54.3 47.3L7 0 .1 6.9l42.2 42.2L0 93.1l7.1 6.8 48.9-51z\"\/><\/svg><\/a><\/li><li class=\"hogan-linklist-item hogan-linklist-item-external\"><a href=\"https:\/\/www.normisjon.no\/content\/uploads\/sites\/24\/2024\/12\/Strategisamling-2.pdf\" target=\"_blank\" rel=\"noopener noreferrer\">Endrings pyskologi og Hva kan bli? (Samling 2 - 2024)<svg xmlns=\"http:\/\/www.w3.org\/2000\/svg\" viewBox=\"0 0 56 100\" class=\"hogan-linklist-icon\"><path d=\"M54.3 47.3L7 0 .1 6.9l42.2 42.2L0 93.1l7.1 6.8 48.9-51z\"\/><\/svg><\/a><\/li><li class=\"hogan-linklist-item hogan-linklist-item-external\"><a href=\"https:\/\/www.normisjon.no\/content\/uploads\/sites\/24\/2024\/12\/Oppsummering-fra-Strategimote-2.pdf\" target=\"_blank\" rel=\"noopener noreferrer\">Oppsummering av Strategisamling 2<svg xmlns=\"http:\/\/www.w3.org\/2000\/svg\" viewBox=\"0 0 56 100\" class=\"hogan-linklist-icon\"><path d=\"M54.3 47.3L7 0 .1 6.9l42.2 42.2L0 93.1l7.1 6.8 48.9-51z\"\/><\/svg><\/a><\/li><li class=\"hogan-linklist-item hogan-linklist-item-external\"><a href=\"https:\/\/www.normisjon.no\/content\/uploads\/sites\/24\/2024\/12\/DPULS-katalog-for-Ostfold.pdf\" target=\"_blank\" rel=\"noopener noreferrer\">DPLUS-katalog for region \u00d8stfold<svg xmlns=\"http:\/\/www.w3.org\/2000\/svg\" viewBox=\"0 0 56 100\" class=\"hogan-linklist-icon\"><path d=\"M54.3 47.3L7 0 .1 6.9l42.2 42.2L0 93.1l7.1 6.8 48.9-51z\"\/><\/svg><\/a><\/li><li class=\"hogan-linklist-item hogan-linklist-item-external\"><a href=\"https:\/\/www.normisjon.no\/content\/uploads\/sites\/24\/2024\/12\/Strategisamling-3-presentasjon.pdf\" target=\"_blank\" rel=\"noopener noreferrer\">P\u00e5 sporet til endring + kulturvalg (Samling 3 - 2024)<svg xmlns=\"http:\/\/www.w3.org\/2000\/svg\" viewBox=\"0 0 56 100\" class=\"hogan-linklist-icon\"><path d=\"M54.3 47.3L7 0 .1 6.9l42.2 42.2L0 93.1l7.1 6.8 48.9-51z\"\/><\/svg><\/a><\/li><li class=\"hogan-linklist-item hogan-linklist-item-external\"><a href=\"https:\/\/www.normisjon.no\/content\/uploads\/sites\/24\/2024\/12\/5-steg.pdf\" target=\"_blank\" rel=\"noopener noreferrer\">5 trinn i b\u00f8nn og arbeid<svg xmlns=\"http:\/\/www.w3.org\/2000\/svg\" viewBox=\"0 0 56 100\" class=\"hogan-linklist-icon\"><path d=\"M54.3 47.3L7 0 .1 6.9l42.2 42.2L0 93.1l7.1 6.8 48.9-51z\"\/><\/svg><\/a><\/li><li class=\"hogan-linklist-item hogan-linklist-item-external\"><a href=\"https:\/\/www.normisjon.no\/content\/uploads\/sites\/24\/2024\/12\/Oppgavefordeling.pdf\" target=\"_blank\" rel=\"noopener noreferrer\">Oppgavefordeling ved sammenkobling<svg xmlns=\"http:\/\/www.w3.org\/2000\/svg\" viewBox=\"0 0 56 100\" class=\"hogan-linklist-icon\"><path d=\"M54.3 47.3L7 0 .1 6.9l42.2 42.2L0 93.1l7.1 6.8 48.9-51z\"\/><\/svg><\/a><\/li><li class=\"hogan-linklist-item hogan-linklist-item-external\"><a href=\"https:\/\/www.normisjon.no\/content\/uploads\/sites\/24\/2025\/04\/Handlingsplan-2025-utskriftsmal.pdf\">Vedtatt Handlingsplan for 2025 inkludert Endringsm\u00e5l for 2025 - 2030.  <svg xmlns=\"http:\/\/www.w3.org\/2000\/svg\" viewBox=\"0 0 56 100\" class=\"hogan-linklist-icon\"><path d=\"M54.3 47.3L7 0 .1 6.9l42.2 42.2L0 93.1l7.1 6.8 48.9-51z\"\/><\/svg><\/a><\/li>\t\t\t<\/ul>\n\t\t<\/li>\n\t<\/ul>\n<\/nav><\/div>","protected":false},"excerpt":{"rendered":"<p>Her har vi samlet presentasjoner og annet materiell som er benyttet p\u00e5 strategisamlingene v\u00e5re gjennom \u00e5ret. Her finner du ogs\u00e5 linken til materialet som er [&hellip;]<\/p>\n","protected":false},"author":25,"featured_media":4876,"parent":0,"menu_order":0,"comment_status":"closed","ping_status":"closed","template":"","meta":{"_acf_changed":false,"footnotes":""},"class_list":["post-4875","page","type-page","status-publish","has-post-thumbnail","hentry"],"acf":[],"yoast_head":"<!-- This site is optimized with the Yoast SEO plugin v25.9 - https:\/\/yoast.com\/wordpress\/plugins\/seo\/ -->\n<title>Strategiarbeid - Region \u00d8stfold<\/title>\n<meta name=\"robots\" content=\"index, follow, max-snippet:-1, max-image-preview:large, max-video-preview:-1\" \/>\n<link rel=\"canonical\" href=\"https:\/\/www.normisjon.no\/ostfold\/strategiarbeid-i-ostfold\/\" \/>\n<meta property=\"og:locale\" content=\"nb_NO\" \/>\n<meta property=\"og:type\" content=\"article\" \/>\n<meta property=\"og:title\" content=\"Strategiarbeid - Region \u00d8stfold\" \/>\n<meta property=\"og:description\" content=\"Her har vi samlet presentasjoner og annet materiell som er benyttet p\u00e5 strategisamlingene v\u00e5re gjennom \u00e5ret. Her finner du ogs\u00e5 linken til materialet som er [&hellip;]\" \/>\n<meta property=\"og:url\" content=\"https:\/\/www.normisjon.no\/ostfold\/strategiarbeid-i-ostfold\/\" \/>\n<meta property=\"og:site_name\" content=\"Region \u00d8stfold\" \/>\n<meta property=\"article:publisher\" content=\"https:\/\/www.facebook.com\/NormisjonRegionOstfold\" \/>\n<meta property=\"article:modified_time\" content=\"2026-02-09T13:31:49+00:00\" \/>\n<meta property=\"og:image\" content=\"https:\/\/www.normisjon.no\/content\/uploads\/sites\/24\/2024\/12\/DPULS-1.png\" \/>\n\t<meta property=\"og:image:width\" content=\"1772\" \/>\n\t<meta property=\"og:image:height\" content=\"1181\" \/>\n\t<meta property=\"og:image:type\" content=\"image\/png\" \/>\n<meta name=\"twitter:card\" content=\"summary_large_image\" \/>\n<meta name=\"twitter:label1\" content=\"Ansl. lesetid\" \/>\n\t<meta name=\"twitter:data1\" content=\"1 minutt\" \/>\n<script type=\"application\/ld+json\" class=\"yoast-schema-graph\">{\"@context\":\"https:\/\/schema.org\",\"@graph\":[{\"@type\":\"WebPage\",\"@id\":\"https:\/\/www.normisjon.no\/ostfold\/strategiarbeid-i-ostfold\/\",\"url\":\"https:\/\/www.normisjon.no\/ostfold\/strategiarbeid-i-ostfold\/\",\"name\":\"Strategiarbeid - Region \u00d8stfold\",\"isPartOf\":{\"@id\":\"https:\/\/www.normisjon.no\/ostfold\/#website\"},\"primaryImageOfPage\":{\"@id\":\"https:\/\/www.normisjon.no\/ostfold\/strategiarbeid-i-ostfold\/#primaryimage\"},\"image\":{\"@id\":\"https:\/\/www.normisjon.no\/ostfold\/strategiarbeid-i-ostfold\/#primaryimage\"},\"thumbnailUrl\":\"https:\/\/www.normisjon.no\/content\/uploads\/sites\/24\/2024\/12\/DPULS-1.png\",\"datePublished\":\"2024-12-10T15:42:01+00:00\",\"dateModified\":\"2026-02-09T13:31:49+00:00\",\"breadcrumb\":{\"@id\":\"https:\/\/www.normisjon.no\/ostfold\/strategiarbeid-i-ostfold\/#breadcrumb\"},\"inLanguage\":\"nb-NO\",\"potentialAction\":[{\"@type\":\"ReadAction\",\"target\":[\"https:\/\/www.normisjon.no\/ostfold\/strategiarbeid-i-ostfold\/\"]}]},{\"@type\":\"ImageObject\",\"inLanguage\":\"nb-NO\",\"@id\":\"https:\/\/www.normisjon.no\/ostfold\/strategiarbeid-i-ostfold\/#primaryimage\",\"url\":\"https:\/\/www.normisjon.no\/content\/uploads\/sites\/24\/2024\/12\/DPULS-1.png\",\"contentUrl\":\"https:\/\/www.normisjon.no\/content\/uploads\/sites\/24\/2024\/12\/DPULS-1.png\",\"width\":1772,\"height\":1181},{\"@type\":\"BreadcrumbList\",\"@id\":\"https:\/\/www.normisjon.no\/ostfold\/strategiarbeid-i-ostfold\/#breadcrumb\",\"itemListElement\":[{\"@type\":\"ListItem\",\"position\":1,\"name\":\"Home\",\"item\":\"https:\/\/www.normisjon.no\/ostfold\/\"},{\"@type\":\"ListItem\",\"position\":2,\"name\":\"Strategiarbeid\"}]},{\"@type\":\"WebSite\",\"@id\":\"https:\/\/www.normisjon.no\/ostfold\/#website\",\"url\":\"https:\/\/www.normisjon.no\/ostfold\/\",\"name\":\"Region \u00d8stfold\",\"description\":\"\",\"publisher\":{\"@id\":\"https:\/\/www.normisjon.no\/ostfold\/#organization\"},\"potentialAction\":[{\"@type\":\"SearchAction\",\"target\":{\"@type\":\"EntryPoint\",\"urlTemplate\":\"https:\/\/www.normisjon.no\/ostfold\/?s={search_term_string}\"},\"query-input\":{\"@type\":\"PropertyValueSpecification\",\"valueRequired\":true,\"valueName\":\"search_term_string\"}}],\"inLanguage\":\"nb-NO\"},{\"@type\":\"Organization\",\"@id\":\"https:\/\/www.normisjon.no\/ostfold\/#organization\",\"name\":\"Region \u00d8stfold\",\"url\":\"https:\/\/www.normisjon.no\/ostfold\/\",\"logo\":{\"@type\":\"ImageObject\",\"inLanguage\":\"nb-NO\",\"@id\":\"https:\/\/www.normisjon.no\/ostfold\/#\/schema\/logo\/image\/\",\"url\":\"https:\/\/www.normisjon.no\/content\/uploads\/sites\/24\/2024\/11\/logo_Normisjon_lang_regionostfold_bla\u2560e.png\",\"contentUrl\":\"https:\/\/www.normisjon.no\/content\/uploads\/sites\/24\/2024\/11\/logo_Normisjon_lang_regionostfold_bla\u2560e.png\",\"width\":1952,\"height\":562,\"caption\":\"Region \u00d8stfold\"},\"image\":{\"@id\":\"https:\/\/www.normisjon.no\/ostfold\/#\/schema\/logo\/image\/\"},\"sameAs\":[\"https:\/\/www.facebook.com\/NormisjonRegionOstfold\"]}]}<\/script>\n<!-- \/ Yoast SEO plugin. -->","yoast_head_json":{"title":"Strategiarbeid - Region \u00d8stfold","robots":{"index":"index","follow":"follow","max-snippet":"max-snippet:-1","max-image-preview":"max-image-preview:large","max-video-preview":"max-video-preview:-1"},"canonical":"https:\/\/www.normisjon.no\/ostfold\/strategiarbeid-i-ostfold\/","og_locale":"nb_NO","og_type":"article","og_title":"Strategiarbeid - Region \u00d8stfold","og_description":"Her har vi samlet presentasjoner og annet materiell som er benyttet p\u00e5 strategisamlingene v\u00e5re gjennom \u00e5ret. Her finner du ogs\u00e5 linken til materialet som er [&hellip;]","og_url":"https:\/\/www.normisjon.no\/ostfold\/strategiarbeid-i-ostfold\/","og_site_name":"Region \u00d8stfold","article_publisher":"https:\/\/www.facebook.com\/NormisjonRegionOstfold","article_modified_time":"2026-02-09T13:31:49+00:00","og_image":[{"width":1772,"height":1181,"url":"https:\/\/www.normisjon.no\/content\/uploads\/sites\/24\/2024\/12\/DPULS-1.png","type":"image\/png"}],"twitter_card":"summary_large_image","twitter_misc":{"Ansl. lesetid":"1 minutt"},"schema":{"@context":"https:\/\/schema.org","@graph":[{"@type":"WebPage","@id":"https:\/\/www.normisjon.no\/ostfold\/strategiarbeid-i-ostfold\/","url":"https:\/\/www.normisjon.no\/ostfold\/strategiarbeid-i-ostfold\/","name":"Strategiarbeid - Region \u00d8stfold","isPartOf":{"@id":"https:\/\/www.normisjon.no\/ostfold\/#website"},"primaryImageOfPage":{"@id":"https:\/\/www.normisjon.no\/ostfold\/strategiarbeid-i-ostfold\/#primaryimage"},"image":{"@id":"https:\/\/www.normisjon.no\/ostfold\/strategiarbeid-i-ostfold\/#primaryimage"},"thumbnailUrl":"https:\/\/www.normisjon.no\/content\/uploads\/sites\/24\/2024\/12\/DPULS-1.png","datePublished":"2024-12-10T15:42:01+00:00","dateModified":"2026-02-09T13:31:49+00:00","breadcrumb":{"@id":"https:\/\/www.normisjon.no\/ostfold\/strategiarbeid-i-ostfold\/#breadcrumb"},"inLanguage":"nb-NO","potentialAction":[{"@type":"ReadAction","target":["https:\/\/www.normisjon.no\/ostfold\/strategiarbeid-i-ostfold\/"]}]},{"@type":"ImageObject","inLanguage":"nb-NO","@id":"https:\/\/www.normisjon.no\/ostfold\/strategiarbeid-i-ostfold\/#primaryimage","url":"https:\/\/www.normisjon.no\/content\/uploads\/sites\/24\/2024\/12\/DPULS-1.png","contentUrl":"https:\/\/www.normisjon.no\/content\/uploads\/sites\/24\/2024\/12\/DPULS-1.png","width":1772,"height":1181},{"@type":"BreadcrumbList","@id":"https:\/\/www.normisjon.no\/ostfold\/strategiarbeid-i-ostfold\/#breadcrumb","itemListElement":[{"@type":"ListItem","position":1,"name":"Home","item":"https:\/\/www.normisjon.no\/ostfold\/"},{"@type":"ListItem","position":2,"name":"Strategiarbeid"}]},{"@type":"WebSite","@id":"https:\/\/www.normisjon.no\/ostfold\/#website","url":"https:\/\/www.normisjon.no\/ostfold\/","name":"Region \u00d8stfold","description":"","publisher":{"@id":"https:\/\/www.normisjon.no\/ostfold\/#organization"},"potentialAction":[{"@type":"SearchAction","target":{"@type":"EntryPoint","urlTemplate":"https:\/\/www.normisjon.no\/ostfold\/?s={search_term_string}"},"query-input":{"@type":"PropertyValueSpecification","valueRequired":true,"valueName":"search_term_string"}}],"inLanguage":"nb-NO"},{"@type":"Organization","@id":"https:\/\/www.normisjon.no\/ostfold\/#organization","name":"Region \u00d8stfold","url":"https:\/\/www.normisjon.no\/ostfold\/","logo":{"@type":"ImageObject","inLanguage":"nb-NO","@id":"https:\/\/www.normisjon.no\/ostfold\/#\/schema\/logo\/image\/","url":"https:\/\/www.normisjon.no\/content\/uploads\/sites\/24\/2024\/11\/logo_Normisjon_lang_regionostfold_bla\u2560e.png","contentUrl":"https:\/\/www.normisjon.no\/content\/uploads\/sites\/24\/2024\/11\/logo_Normisjon_lang_regionostfold_bla\u2560e.png","width":1952,"height":562,"caption":"Region \u00d8stfold"},"image":{"@id":"https:\/\/www.normisjon.no\/ostfold\/#\/schema\/logo\/image\/"},"sameAs":["https:\/\/www.facebook.com\/NormisjonRegionOstfold"]}]}},"_links":{"self":[{"href":"https:\/\/www.normisjon.no\/ostfold\/wp-json\/wp\/v2\/pages\/4875","targetHints":{"allow":["GET"]}}],"collection":[{"href":"https:\/\/www.normisjon.no\/ostfold\/wp-json\/wp\/v2\/pages"}],"about":[{"href":"https:\/\/www.normisjon.no\/ostfold\/wp-json\/wp\/v2\/types\/page"}],"author":[{"embeddable":true,"href":"https:\/\/www.normisjon.no\/ostfold\/wp-json\/wp\/v2\/users\/25"}],"replies":[{"embeddable":true,"href":"https:\/\/www.normisjon.no\/ostfold\/wp-json\/wp\/v2\/comments?post=4875"}],"version-history":[{"count":6,"href":"https:\/\/www.normisjon.no\/ostfold\/wp-json\/wp\/v2\/pages\/4875\/revisions"}],"predecessor-version":[{"id":5023,"href":"https:\/\/www.normisjon.no\/ostfold\/wp-json\/wp\/v2\/pages\/4875\/revisions\/5023"}],"wp:featuredmedia":[{"embeddable":true,"href":"https:\/\/www.normisjon.no\/ostfold\/wp-json\/wp\/v2\/media\/4876"}],"wp:attachment":[{"href":"https:\/\/www.normisjon.no\/ostfold\/wp-json\/wp\/v2\/media?parent=4875"}],"curies":[{"name":"wp","href":"https:\/\/api.w.org\/{rel}","templated":true}]}}