{"id":5199,"date":"2026-01-31T09:15:16","date_gmt":"2026-01-31T08:15:16","guid":{"rendered":"https:\/\/www.normisjon.no\/ostfold\/?page_id=5199"},"modified":"2026-04-15T09:55:20","modified_gmt":"2026-04-15T07:55:20","slug":"regionarsmote-16-april-2026","status":"publish","type":"page","link":"https:\/\/www.normisjon.no\/ostfold\/regionarsmote-16-april-2026\/","title":{"rendered":"Region\u00e5rsm\u00f8te 16. april 2026 p\u00e5 Effata, Saltnes"},"content":{"rendered":"<div class=\"entry-content alignfull wp-block-post-content has-global-padding is-layout-constrained wp-block-post-content-is-layout-constrained\">\n<p><\/p>\n\n\n\n<figure class=\"wp-block-image alignwide size-full\"><img loading=\"lazy\" decoding=\"async\" width=\"1313\" height=\"661\" src=\"https:\/\/www.normisjon.no\/content\/uploads\/sites\/24\/2026\/02\/Arsmote-2026-1.png\" alt=\"\" class=\"wp-image-5255\" srcset=\"https:\/\/www.normisjon.no\/content\/uploads\/sites\/24\/2026\/02\/Arsmote-2026-1.png 1313w, https:\/\/www.normisjon.no\/content\/uploads\/sites\/24\/2026\/02\/Arsmote-2026-1-300x151.png 300w, https:\/\/www.normisjon.no\/content\/uploads\/sites\/24\/2026\/02\/Arsmote-2026-1-1024x516.png 1024w, https:\/\/www.normisjon.no\/content\/uploads\/sites\/24\/2026\/02\/Arsmote-2026-1-768x387.png 768w, https:\/\/www.normisjon.no\/content\/uploads\/sites\/24\/2026\/02\/Arsmote-2026-1-960x483.png 960w\" sizes=\"auto, (max-width: 1313px) 100vw, 1313px\" \/><\/figure>\n\n\n\n<p class=\"has-heading-2-font-size\"><strong>Velkommen til region\u00e5rsm\u00f8te<\/strong><\/p>\n\n\n\n<p>Torsdag 16. april, Effata bedehus, Andersr\u00f8dveien 15, 1642 SALTNES.<br><br>P\u00e5 \u00e5rsm\u00f8tet har alle medlemmer av Normisjon over 15 \u00e5r m\u00f8te og stemmerett.<br>Landsstyrets utsending i \u00e5r er Vegard Tenneb\u00f8, leder for Misjon i Norge.<\/p>\n\n\n\n<p><strong>\u00c5rsm\u00f8teprogram<\/strong>:<br>16.30 Registrering, betaling og servering av middag.<br>17.30 Forhandlingsm\u00f8te<br>&nbsp;&nbsp;&nbsp;&nbsp;&nbsp;&nbsp;&nbsp;&nbsp;&nbsp;&nbsp; &nbsp;&nbsp;1. &nbsp;Godkjenning av innkalling og dagsorden<br>&nbsp;&nbsp;&nbsp;&nbsp;&nbsp;&nbsp;&nbsp;&nbsp;&nbsp;&nbsp;&nbsp;&nbsp;&nbsp; 2. Konstituering av \u00e5rsm\u00f8tet med valg av dirigenter og referenter<br>&nbsp;&nbsp;&nbsp;&nbsp;&nbsp;&nbsp;&nbsp;&nbsp;&nbsp;&nbsp;&nbsp;&nbsp;&nbsp; 3. Godkjenning av \u00e5rsrapport<br>&nbsp;&nbsp;&nbsp;&nbsp;&nbsp;&nbsp;&nbsp;&nbsp;&nbsp;&nbsp;&nbsp;&nbsp;&nbsp; 4. Godkjenning av regnskap<br>&nbsp;&nbsp;&nbsp;&nbsp;&nbsp;&nbsp;&nbsp;&nbsp;&nbsp;&nbsp;&nbsp;&nbsp;&nbsp; 5. Valg<br>&nbsp;&nbsp;&nbsp;&nbsp;&nbsp;&nbsp;&nbsp;&nbsp;&nbsp;&nbsp;&nbsp;&nbsp;&nbsp;&nbsp;&nbsp;&nbsp;&nbsp;&nbsp;&nbsp;&nbsp;&nbsp;&nbsp;&nbsp;&nbsp;&nbsp; a. Styremedlemmer<br>&nbsp;&nbsp;&nbsp;&nbsp;&nbsp;&nbsp;&nbsp;&nbsp;&nbsp;&nbsp;&nbsp;&nbsp;&nbsp;&nbsp;&nbsp;&nbsp;&nbsp;&nbsp;&nbsp;&nbsp;&nbsp;&nbsp;&nbsp;&nbsp;&nbsp; b. Vararepresentanter<br>&nbsp;&nbsp;&nbsp;&nbsp;&nbsp;&nbsp;&nbsp;&nbsp;&nbsp;&nbsp;&nbsp;&nbsp;&nbsp;&nbsp;&nbsp;&nbsp;&nbsp;&nbsp;&nbsp;&nbsp;&nbsp;&nbsp;&nbsp;&nbsp;&nbsp; c. Valgkomite<br>&nbsp;&nbsp;&nbsp;&nbsp;&nbsp;&nbsp;&nbsp;&nbsp;&nbsp;&nbsp;&nbsp;&nbsp;&nbsp;&nbsp;&nbsp;&nbsp;&nbsp;&nbsp;&nbsp;&nbsp;&nbsp;&nbsp;&nbsp;&nbsp;&nbsp; d. Revisor<\/p>\n\n\n\n<p>              6.     Bethel bedehus, Fredrikstad; framtidig eierskap og driftsansvar. Se vedlagt saksdokumentasjon.          <\/p>\n\n\n\n<p>&nbsp;&nbsp; &nbsp;&nbsp;&nbsp;&nbsp;&nbsp;&nbsp;&nbsp;&nbsp;&nbsp;&nbsp;&nbsp;Presentasjon av styrer og r\u00e5d<\/p>\n\n\n\n<p>19.30 \u00c5pent kveldsm\u00f8te med tale av Vegard Tenneb\u00f8. Vi f\u00e5r sang av Ekko barnekor (i oppstarten av m\u00f8tet) og Per Lindhaugen som akkompagneres av Marte-Kari Melkerud.<\/p>\n\n\n\n<p><br>Du kan ogs\u00e5 m\u00f8te representanter fra Acta, Sauevika, Sj\u00f8glimt, Fredrikstad folkeh\u00f8gskole,<br>Misjonsutvalget og Diakoniutvalget.<br><strong>P\u00e5melding via QR-koden p\u00e5 toppen av siden, <a href=\"https:\/\/forms.gle\/hkxN2weENmBjB35t9\">via denne linken<\/a> eventuelt til<\/strong><a href=\"mailto:region.ostfold@normisjon.no\"> region.ostfold@normisjon.no<\/a> eller telefon 69133660 &#8211;<strong> innen 09. april<br><br><\/strong>Frode Bilsbak, regionstyreleder \/ Ole-Kristian Delviken, regionleder<\/p>\n\n\n\n<p><\/p>\n\n\n\n<p class=\"has-heading-3-font-size\">Sakspapirer til \u00e5rsm\u00f8te legges ut her fortl\u00f8pende :<\/p>\n\n\n\n<p>PS! Sakdokumentasjon leveres ut p\u00e5 papir ved innregistrering p\u00e5 \u00e5rsm\u00f8tet.<\/p>\n<\/div><div id=\"module-0\" class=\"hogan-module hogan-module-linklist hogan-module-0\"><nav class=\"hogan-module-inner\">\n<ul class=\"hogan-linklist-container\">\n\t\t\t<li class=\"hogan-linklist-inner\">\n\t\t\t\n\t\t\t<ul class=\"hogan-linklist-items\">\n\t\t\t\t<li class=\"hogan-linklist-item hogan-linklist-item-external\"><a href=\"https:\/\/www.normisjon.no\/content\/uploads\/sites\/24\/2026\/04\/Revidert-innkalling-og-dagsorden.pdf\" target=\"_blank\" rel=\"noopener noreferrer\">Revidert innkalling og dagsorden<svg xmlns=\"http:\/\/www.w3.org\/2000\/svg\" viewBox=\"0 0 56 100\" class=\"hogan-linklist-icon\"><path d=\"M54.3 47.3L7 0 .1 6.9l42.2 42.2L0 93.1l7.1 6.8 48.9-51z\"\/><\/svg><\/a><\/li><li class=\"hogan-linklist-item hogan-linklist-item-external\"><a href=\"https:\/\/www.normisjon.no\/content\/uploads\/sites\/24\/2026\/04\/Regionstyrets-arsrapport-2025-pr.-2601-formatert-1.pdf\" target=\"_blank\" rel=\"noopener noreferrer\">Signert \u00e5rsrapport for regionen - 2025<svg xmlns=\"http:\/\/www.w3.org\/2000\/svg\" viewBox=\"0 0 56 100\" class=\"hogan-linklist-icon\"><path d=\"M54.3 47.3L7 0 .1 6.9l42.2 42.2L0 93.1l7.1 6.8 48.9-51z\"\/><\/svg><\/a><\/li><li class=\"hogan-linklist-item hogan-linklist-item-external\"><a href=\"https:\/\/www.normisjon.no\/content\/uploads\/sites\/24\/2026\/04\/25.12.31_Arsoppgjor_med_noter_Normisjon_region_Ostfold.pdf\" target=\"_blank\" rel=\"noopener noreferrer\">Godkjent \u00e5rsregnskap for 2025 med noter<svg xmlns=\"http:\/\/www.w3.org\/2000\/svg\" viewBox=\"0 0 56 100\" class=\"hogan-linklist-icon\"><path d=\"M54.3 47.3L7 0 .1 6.9l42.2 42.2L0 93.1l7.1 6.8 48.9-51z\"\/><\/svg><\/a><\/li><li class=\"hogan-linklist-item hogan-linklist-item-external\"><a href=\"https:\/\/www.normisjon.no\/content\/uploads\/sites\/24\/2026\/04\/Uavhengig_revisors_beretning_-_Normisjon_Region_Ostfold.pdf\" target=\"_blank\" rel=\"noopener noreferrer\">Revisjonsrapport for 2025<svg xmlns=\"http:\/\/www.w3.org\/2000\/svg\" viewBox=\"0 0 56 100\" class=\"hogan-linklist-icon\"><path d=\"M54.3 47.3L7 0 .1 6.9l42.2 42.2L0 93.1l7.1 6.8 48.9-51z\"\/><\/svg><\/a><\/li><li class=\"hogan-linklist-item hogan-linklist-item-external\"><a href=\"https:\/\/www.normisjon.no\/content\/uploads\/sites\/24\/2026\/04\/Styrets-merknader-Arsregnskap-Til-arsmotet.pdf\" target=\"_blank\" rel=\"noopener noreferrer\">Styrets merknader til regnskapet<svg xmlns=\"http:\/\/www.w3.org\/2000\/svg\" viewBox=\"0 0 56 100\" class=\"hogan-linklist-icon\"><path d=\"M54.3 47.3L7 0 .1 6.9l42.2 42.2L0 93.1l7.1 6.8 48.9-51z\"\/><\/svg><\/a><\/li><li class=\"hogan-linklist-item hogan-linklist-item-external\"><a href=\"https:\/\/www.normisjon.no\/content\/uploads\/sites\/24\/2026\/04\/Valgkomite-2026.pdf\" target=\"_blank\" rel=\"noopener noreferrer\">Valgkomiteens innstilling<svg xmlns=\"http:\/\/www.w3.org\/2000\/svg\" viewBox=\"0 0 56 100\" class=\"hogan-linklist-icon\"><path d=\"M54.3 47.3L7 0 .1 6.9l42.2 42.2L0 93.1l7.1 6.8 48.9-51z\"\/><\/svg><\/a><\/li><li class=\"hogan-linklist-item hogan-linklist-item-external\"><a href=\"https:\/\/www.normisjon.no\/content\/uploads\/sites\/24\/2026\/04\/Bethel-Frdrikstads-framtid-Sak-til-regionarsmotet-2026.pdf\" target=\"_blank\" rel=\"noopener noreferrer\">Bethel Fredrikstad; framtidig eierskap og driftsansvar<svg xmlns=\"http:\/\/www.w3.org\/2000\/svg\" viewBox=\"0 0 56 100\" class=\"hogan-linklist-icon\"><path d=\"M54.3 47.3L7 0 .1 6.9l42.2 42.2L0 93.1l7.1 6.8 48.9-51z\"\/><\/svg><\/a><\/li>\t\t\t<\/ul>\n\t\t<\/li>\n\t<\/ul>\n<\/nav><\/div>","protected":false},"excerpt":{"rendered":"<p>Velkommen til region\u00e5rsm\u00f8te Torsdag 16. april, Effata bedehus, Andersr\u00f8dveien 15, 1642 SALTNES. P\u00e5 \u00e5rsm\u00f8tet har alle medlemmer av Normisjon over 15 \u00e5r m\u00f8te og stemmerett.Landsstyrets [&hellip;]<\/p>\n","protected":false},"author":25,"featured_media":5252,"parent":0,"menu_order":0,"comment_status":"closed","ping_status":"closed","template":"","meta":{"_acf_changed":false,"footnotes":""},"class_list":["post-5199","page","type-page","status-publish","has-post-thumbnail","hentry"],"acf":[],"yoast_head":"<!-- This site is optimized with the Yoast SEO plugin v25.9 - https:\/\/yoast.com\/wordpress\/plugins\/seo\/ -->\n<title>Region\u00e5rsm\u00f8te 16. april 2026 p\u00e5 Effata, Saltnes - Region \u00d8stfold<\/title>\n<meta name=\"robots\" content=\"index, follow, max-snippet:-1, max-image-preview:large, max-video-preview:-1\" \/>\n<link rel=\"canonical\" href=\"https:\/\/www.normisjon.no\/ostfold\/regionarsmote-16-april-2026\/\" \/>\n<meta property=\"og:locale\" content=\"nb_NO\" \/>\n<meta property=\"og:type\" content=\"article\" \/>\n<meta property=\"og:title\" content=\"Region\u00e5rsm\u00f8te 16. april 2026 p\u00e5 Effata, Saltnes - Region \u00d8stfold\" \/>\n<meta property=\"og:description\" content=\"Velkommen til region\u00e5rsm\u00f8te Torsdag 16. april, Effata bedehus, Andersr\u00f8dveien 15, 1642 SALTNES. P\u00e5 \u00e5rsm\u00f8tet har alle medlemmer av Normisjon over 15 \u00e5r m\u00f8te og stemmerett.Landsstyrets [&hellip;]\" \/>\n<meta property=\"og:url\" content=\"https:\/\/www.normisjon.no\/ostfold\/regionarsmote-16-april-2026\/\" \/>\n<meta property=\"og:site_name\" content=\"Region \u00d8stfold\" \/>\n<meta property=\"article:publisher\" content=\"https:\/\/www.facebook.com\/NormisjonRegionOstfold\" \/>\n<meta property=\"article:modified_time\" content=\"2026-04-15T07:55:20+00:00\" \/>\n<meta property=\"og:image\" content=\"https:\/\/www.normisjon.no\/content\/uploads\/sites\/24\/2026\/02\/effata.jpg\" \/>\n\t<meta property=\"og:image:width\" content=\"512\" \/>\n\t<meta property=\"og:image:height\" content=\"342\" \/>\n\t<meta property=\"og:image:type\" content=\"image\/jpeg\" \/>\n<meta name=\"twitter:card\" content=\"summary_large_image\" \/>\n<meta name=\"twitter:label1\" content=\"Ansl. lesetid\" \/>\n\t<meta name=\"twitter:data1\" content=\"2 minutter\" \/>\n<script type=\"application\/ld+json\" class=\"yoast-schema-graph\">{\"@context\":\"https:\/\/schema.org\",\"@graph\":[{\"@type\":\"WebPage\",\"@id\":\"https:\/\/www.normisjon.no\/ostfold\/regionarsmote-16-april-2026\/\",\"url\":\"https:\/\/www.normisjon.no\/ostfold\/regionarsmote-16-april-2026\/\",\"name\":\"Region\u00e5rsm\u00f8te 16. april 2026 p\u00e5 Effata, Saltnes - Region \u00d8stfold\",\"isPartOf\":{\"@id\":\"https:\/\/www.normisjon.no\/ostfold\/#website\"},\"primaryImageOfPage\":{\"@id\":\"https:\/\/www.normisjon.no\/ostfold\/regionarsmote-16-april-2026\/#primaryimage\"},\"image\":{\"@id\":\"https:\/\/www.normisjon.no\/ostfold\/regionarsmote-16-april-2026\/#primaryimage\"},\"thumbnailUrl\":\"https:\/\/www.normisjon.no\/content\/uploads\/sites\/24\/2026\/02\/effata.jpg\",\"datePublished\":\"2026-01-31T08:15:16+00:00\",\"dateModified\":\"2026-04-15T07:55:20+00:00\",\"breadcrumb\":{\"@id\":\"https:\/\/www.normisjon.no\/ostfold\/regionarsmote-16-april-2026\/#breadcrumb\"},\"inLanguage\":\"nb-NO\",\"potentialAction\":[{\"@type\":\"ReadAction\",\"target\":[\"https:\/\/www.normisjon.no\/ostfold\/regionarsmote-16-april-2026\/\"]}]},{\"@type\":\"ImageObject\",\"inLanguage\":\"nb-NO\",\"@id\":\"https:\/\/www.normisjon.no\/ostfold\/regionarsmote-16-april-2026\/#primaryimage\",\"url\":\"https:\/\/www.normisjon.no\/content\/uploads\/sites\/24\/2026\/02\/effata.jpg\",\"contentUrl\":\"https:\/\/www.normisjon.no\/content\/uploads\/sites\/24\/2026\/02\/effata.jpg\",\"width\":512,\"height\":342},{\"@type\":\"BreadcrumbList\",\"@id\":\"https:\/\/www.normisjon.no\/ostfold\/regionarsmote-16-april-2026\/#breadcrumb\",\"itemListElement\":[{\"@type\":\"ListItem\",\"position\":1,\"name\":\"Home\",\"item\":\"https:\/\/www.normisjon.no\/ostfold\/\"},{\"@type\":\"ListItem\",\"position\":2,\"name\":\"Region\u00e5rsm\u00f8te 16. april 2026 p\u00e5 Effata, Saltnes\"}]},{\"@type\":\"WebSite\",\"@id\":\"https:\/\/www.normisjon.no\/ostfold\/#website\",\"url\":\"https:\/\/www.normisjon.no\/ostfold\/\",\"name\":\"Region \u00d8stfold\",\"description\":\"\",\"publisher\":{\"@id\":\"https:\/\/www.normisjon.no\/ostfold\/#organization\"},\"potentialAction\":[{\"@type\":\"SearchAction\",\"target\":{\"@type\":\"EntryPoint\",\"urlTemplate\":\"https:\/\/www.normisjon.no\/ostfold\/?s={search_term_string}\"},\"query-input\":{\"@type\":\"PropertyValueSpecification\",\"valueRequired\":true,\"valueName\":\"search_term_string\"}}],\"inLanguage\":\"nb-NO\"},{\"@type\":\"Organization\",\"@id\":\"https:\/\/www.normisjon.no\/ostfold\/#organization\",\"name\":\"Region \u00d8stfold\",\"url\":\"https:\/\/www.normisjon.no\/ostfold\/\",\"logo\":{\"@type\":\"ImageObject\",\"inLanguage\":\"nb-NO\",\"@id\":\"https:\/\/www.normisjon.no\/ostfold\/#\/schema\/logo\/image\/\",\"url\":\"https:\/\/www.normisjon.no\/content\/uploads\/sites\/24\/2024\/11\/logo_Normisjon_lang_regionostfold_bla\u2560e.png\",\"contentUrl\":\"https:\/\/www.normisjon.no\/content\/uploads\/sites\/24\/2024\/11\/logo_Normisjon_lang_regionostfold_bla\u2560e.png\",\"width\":1952,\"height\":562,\"caption\":\"Region \u00d8stfold\"},\"image\":{\"@id\":\"https:\/\/www.normisjon.no\/ostfold\/#\/schema\/logo\/image\/\"},\"sameAs\":[\"https:\/\/www.facebook.com\/NormisjonRegionOstfold\"]}]}<\/script>\n<!-- \/ Yoast SEO plugin. -->","yoast_head_json":{"title":"Region\u00e5rsm\u00f8te 16. april 2026 p\u00e5 Effata, Saltnes - Region \u00d8stfold","robots":{"index":"index","follow":"follow","max-snippet":"max-snippet:-1","max-image-preview":"max-image-preview:large","max-video-preview":"max-video-preview:-1"},"canonical":"https:\/\/www.normisjon.no\/ostfold\/regionarsmote-16-april-2026\/","og_locale":"nb_NO","og_type":"article","og_title":"Region\u00e5rsm\u00f8te 16. april 2026 p\u00e5 Effata, Saltnes - Region \u00d8stfold","og_description":"Velkommen til region\u00e5rsm\u00f8te Torsdag 16. april, Effata bedehus, Andersr\u00f8dveien 15, 1642 SALTNES. P\u00e5 \u00e5rsm\u00f8tet har alle medlemmer av Normisjon over 15 \u00e5r m\u00f8te og stemmerett.Landsstyrets [&hellip;]","og_url":"https:\/\/www.normisjon.no\/ostfold\/regionarsmote-16-april-2026\/","og_site_name":"Region \u00d8stfold","article_publisher":"https:\/\/www.facebook.com\/NormisjonRegionOstfold","article_modified_time":"2026-04-15T07:55:20+00:00","og_image":[{"width":512,"height":342,"url":"https:\/\/www.normisjon.no\/content\/uploads\/sites\/24\/2026\/02\/effata.jpg","type":"image\/jpeg"}],"twitter_card":"summary_large_image","twitter_misc":{"Ansl. lesetid":"2 minutter"},"schema":{"@context":"https:\/\/schema.org","@graph":[{"@type":"WebPage","@id":"https:\/\/www.normisjon.no\/ostfold\/regionarsmote-16-april-2026\/","url":"https:\/\/www.normisjon.no\/ostfold\/regionarsmote-16-april-2026\/","name":"Region\u00e5rsm\u00f8te 16. april 2026 p\u00e5 Effata, Saltnes - Region \u00d8stfold","isPartOf":{"@id":"https:\/\/www.normisjon.no\/ostfold\/#website"},"primaryImageOfPage":{"@id":"https:\/\/www.normisjon.no\/ostfold\/regionarsmote-16-april-2026\/#primaryimage"},"image":{"@id":"https:\/\/www.normisjon.no\/ostfold\/regionarsmote-16-april-2026\/#primaryimage"},"thumbnailUrl":"https:\/\/www.normisjon.no\/content\/uploads\/sites\/24\/2026\/02\/effata.jpg","datePublished":"2026-01-31T08:15:16+00:00","dateModified":"2026-04-15T07:55:20+00:00","breadcrumb":{"@id":"https:\/\/www.normisjon.no\/ostfold\/regionarsmote-16-april-2026\/#breadcrumb"},"inLanguage":"nb-NO","potentialAction":[{"@type":"ReadAction","target":["https:\/\/www.normisjon.no\/ostfold\/regionarsmote-16-april-2026\/"]}]},{"@type":"ImageObject","inLanguage":"nb-NO","@id":"https:\/\/www.normisjon.no\/ostfold\/regionarsmote-16-april-2026\/#primaryimage","url":"https:\/\/www.normisjon.no\/content\/uploads\/sites\/24\/2026\/02\/effata.jpg","contentUrl":"https:\/\/www.normisjon.no\/content\/uploads\/sites\/24\/2026\/02\/effata.jpg","width":512,"height":342},{"@type":"BreadcrumbList","@id":"https:\/\/www.normisjon.no\/ostfold\/regionarsmote-16-april-2026\/#breadcrumb","itemListElement":[{"@type":"ListItem","position":1,"name":"Home","item":"https:\/\/www.normisjon.no\/ostfold\/"},{"@type":"ListItem","position":2,"name":"Region\u00e5rsm\u00f8te 16. april 2026 p\u00e5 Effata, Saltnes"}]},{"@type":"WebSite","@id":"https:\/\/www.normisjon.no\/ostfold\/#website","url":"https:\/\/www.normisjon.no\/ostfold\/","name":"Region \u00d8stfold","description":"","publisher":{"@id":"https:\/\/www.normisjon.no\/ostfold\/#organization"},"potentialAction":[{"@type":"SearchAction","target":{"@type":"EntryPoint","urlTemplate":"https:\/\/www.normisjon.no\/ostfold\/?s={search_term_string}"},"query-input":{"@type":"PropertyValueSpecification","valueRequired":true,"valueName":"search_term_string"}}],"inLanguage":"nb-NO"},{"@type":"Organization","@id":"https:\/\/www.normisjon.no\/ostfold\/#organization","name":"Region \u00d8stfold","url":"https:\/\/www.normisjon.no\/ostfold\/","logo":{"@type":"ImageObject","inLanguage":"nb-NO","@id":"https:\/\/www.normisjon.no\/ostfold\/#\/schema\/logo\/image\/","url":"https:\/\/www.normisjon.no\/content\/uploads\/sites\/24\/2024\/11\/logo_Normisjon_lang_regionostfold_bla\u2560e.png","contentUrl":"https:\/\/www.normisjon.no\/content\/uploads\/sites\/24\/2024\/11\/logo_Normisjon_lang_regionostfold_bla\u2560e.png","width":1952,"height":562,"caption":"Region \u00d8stfold"},"image":{"@id":"https:\/\/www.normisjon.no\/ostfold\/#\/schema\/logo\/image\/"},"sameAs":["https:\/\/www.facebook.com\/NormisjonRegionOstfold"]}]}},"_links":{"self":[{"href":"https:\/\/www.normisjon.no\/ostfold\/wp-json\/wp\/v2\/pages\/5199","targetHints":{"allow":["GET"]}}],"collection":[{"href":"https:\/\/www.normisjon.no\/ostfold\/wp-json\/wp\/v2\/pages"}],"about":[{"href":"https:\/\/www.normisjon.no\/ostfold\/wp-json\/wp\/v2\/types\/page"}],"author":[{"embeddable":true,"href":"https:\/\/www.normisjon.no\/ostfold\/wp-json\/wp\/v2\/users\/25"}],"replies":[{"embeddable":true,"href":"https:\/\/www.normisjon.no\/ostfold\/wp-json\/wp\/v2\/comments?post=5199"}],"version-history":[{"count":15,"href":"https:\/\/www.normisjon.no\/ostfold\/wp-json\/wp\/v2\/pages\/5199\/revisions"}],"predecessor-version":[{"id":5401,"href":"https:\/\/www.normisjon.no\/ostfold\/wp-json\/wp\/v2\/pages\/5199\/revisions\/5401"}],"wp:featuredmedia":[{"embeddable":true,"href":"https:\/\/www.normisjon.no\/ostfold\/wp-json\/wp\/v2\/media\/5252"}],"wp:attachment":[{"href":"https:\/\/www.normisjon.no\/ostfold\/wp-json\/wp\/v2\/media?parent=5199"}],"curies":[{"name":"wp","href":"https:\/\/api.w.org\/{rel}","templated":true}]}}