{"id":12,"date":"2024-05-06T14:52:14","date_gmt":"2024-05-06T12:52:14","guid":{"rendered":"https:\/\/www.normisjon.no\/plante\/?page_id=12"},"modified":"2025-10-06T12:27:21","modified_gmt":"2025-10-06T10:27:21","slug":"hvorfor-plante","status":"publish","type":"page","link":"https:\/\/www.normisjon.no\/plante\/hvorfor-plante\/","title":{"rendered":"Hvorfor plante?"},"content":{"rendered":"<div class=\"entry-content alignfull wp-block-post-content has-global-padding is-layout-constrained wp-block-post-content-is-layout-constrained\">\n<figure class=\"wp-block-image size-large is-style-default\"><img loading=\"lazy\" decoding=\"async\" width=\"1024\" height=\"683\" src=\"https:\/\/www.normisjon.no\/content\/uploads\/sites\/44\/2024\/05\/BIBEL-7-1024x683.jpg\" alt=\"\" class=\"wp-image-179\" srcset=\"https:\/\/www.normisjon.no\/content\/uploads\/sites\/44\/2024\/05\/BIBEL-7-1024x683.jpg 1024w, https:\/\/www.normisjon.no\/content\/uploads\/sites\/44\/2024\/05\/BIBEL-7-300x200.jpg 300w, https:\/\/www.normisjon.no\/content\/uploads\/sites\/44\/2024\/05\/BIBEL-7-768x512.jpg 768w, https:\/\/www.normisjon.no\/content\/uploads\/sites\/44\/2024\/05\/BIBEL-7-1536x1025.jpg 1536w, https:\/\/www.normisjon.no\/content\/uploads\/sites\/44\/2024\/05\/BIBEL-7-1360x907.jpg 1360w, https:\/\/www.normisjon.no\/content\/uploads\/sites\/44\/2024\/05\/BIBEL-7-960x640.jpg 960w\" sizes=\"auto, (max-width: 1024px) 100vw, 1024px\" \/><\/figure>\n\n\n\n<p><strong>Sammen har vi i Normisjon satt oss noen m\u00e5l frem mot 2030. Vi vil plante minst 30 misjonale flergenerasjonsmenigheter i Norge. Vi vil ogs\u00e5 plante mange nye Jesussentrerte, inkluderende og disippelgj\u00f8rende fellesskap. <\/strong><\/p>\n\n\n\n<p>Vi har s\u00e5 lyst \u00e5 ha deg med p\u00e5 laget. Men hvorfor \u00f8nsker vi \u00e5 plante? Hvorfor \u00f8nsker du? <\/p>\n\n\n\n<p><\/p>\n\n\n\n<div style=\"background:none repeat scroll 0 0 #ccc;margin:0 auto;width:80%;\"><div style=\"position:relative;\"><img decoding=\"async\" style=\"display:block;height:auto;width:100%\" alt=\"\" src=\"https:\/\/im16.inviewer.se\/skiss\/31\/31LEJIGSRK.jpg\"><iframe title=\"HVORFOR PLANTE FERDIG\" style=\"position:absolute;top:0;left:0;width:100%;height:100%;border:0;\" src=\"\/\/play.mediaflow.com\/ovp\/16\/31LEJIGSRK?theme=\" allowfullscreen=\"\"><\/iframe><\/div><\/div>\n\n\n\n<p><\/p>\n\n\n\n<p><\/p>\n\n\n\n<p><\/p>\n<\/div><div id=\"module-0\" class=\"hogan-module hogan-module-grid hogan-module-0\"><div class=\"hogan-module-inner\"><div class=\"hogan-grid hogan-grid-text-center hogan-grid-size-dynamic\">\n\t<div class=\"hogan-grid-inner\">\n\t\t\t\t\t<div class=\"hogan-grid-item hogan-grid-item-size-small hogan-grid-item-type-page savage-has-image savage-has-heading\">\n\t\t\t\t<div class=\"hogan-grid-item-inner\">\n\t\t\t\t\t<div class=\"savage-card-image\">\n\t<div class=\"savage-card-image-inner\">\n\t\t<span class=\"savage-card-image-image\" style=\"background-image: url(https:\/\/www.normisjon.no\/content\/uploads\/sites\/44\/2024\/06\/bIBEL-BESKJAERT-2-768x538.jpg);\"><\/span>\t<\/div>\n<\/div>\n\t\t<div class=\"savage-card-body\">\n\t\t\t<div class=\"savage-card-body-inner\">\n\t\t\t\t<h2 class=\"savage-card-heading\">V\u00e5r teologi bak planting.<\/h2>\t\t\t<\/div>\n\t\t<\/div>\n\t\t<a href=\"https:\/\/www.normisjon.no\/plante\/teologien-bak-planting\/\" class=\"savage-card-link\"><span class=\"screen-reader-text\">Read article &quot;V\u00e5r teologi bak planting.&quot;<\/span><\/a>\t\t\t\t<\/div>\n\t\t\t<\/div>\n\t\t\t\t\t\t<div class=\"hogan-grid-item hogan-grid-item-size-small hogan-grid-item-type-page savage-has-image savage-has-heading\">\n\t\t\t\t<div class=\"hogan-grid-item-inner\">\n\t\t\t\t\t<div class=\"savage-card-image\">\n\t<div class=\"savage-card-image-inner\">\n\t\t<span class=\"savage-card-image-image\" style=\"background-image: url(https:\/\/www.normisjon.no\/content\/uploads\/sites\/44\/2024\/06\/bIBEL-BESKJAERT-768x768.jpg);\"><\/span>\t<\/div>\n<\/div>\n\t\t<div class=\"savage-card-body\">\n\t\t\t<div class=\"savage-card-body-inner\">\n\t\t\t\t<h2 class=\"savage-card-heading\">7 grunner for \u00e5 plante<\/h2>\t\t\t<\/div>\n\t\t<\/div>\n\t\t<a href=\"https:\/\/www.normisjon.no\/plante\/grunner-for-a-plante\/\" class=\"savage-card-link\"><span class=\"screen-reader-text\">Read article &quot;7 grunner for \u00e5 plante&quot;<\/span><\/a>\t\t\t\t<\/div>\n\t\t\t<\/div>\n\t\t\t\t\t\t<div class=\"hogan-grid-item hogan-grid-item-size-small hogan-grid-item-type-page savage-has-image savage-has-heading\">\n\t\t\t\t<div class=\"hogan-grid-item-inner\">\n\t\t\t\t\t<div class=\"savage-card-image\">\n\t<div class=\"savage-card-image-inner\">\n\t\t<span class=\"savage-card-image-image\" style=\"background-image: url(https:\/\/www.normisjon.no\/content\/uploads\/sites\/44\/2024\/05\/Elise-med-luft-1-768x512.jpg);\"><\/span>\t<\/div>\n<\/div>\n\t\t<div class=\"savage-card-body\">\n\t\t\t<div class=\"savage-card-body-inner\">\n\t\t\t\t<h2 class=\"savage-card-heading\">Strategi.<\/h2>\t\t\t<\/div>\n\t\t<\/div>\n\t\t<a href=\"https:\/\/www.normisjon.no\/plante\/strategi\/\" class=\"savage-card-link\"><span class=\"screen-reader-text\">Read article &quot;Strategi.&quot;<\/span><\/a>\t\t\t\t<\/div>\n\t\t\t<\/div>\n\t\t\t\t<\/div>\n<\/div>\n<\/div><\/div><div id=\"module-1\" class=\"hogan-module hogan-module-text hogan-module-1\"><div class=\"hogan-module-inner\"><p style=\"text-align: right;\"><a class=\"hogan-button button-blue\" href=\"https:\/\/www.normisjon.no\/plante\/vil-du-plante\/\">Vil du plante?<\/a><\/p>\n<p style=\"text-align: left;\"><a class=\"hogan-button button-blue\" href=\"https:\/\/www.normisjon.no\/prosjekt\/plante-i-norge\/\">Gi til planting<\/a><\/p><\/div><\/div>","protected":false},"excerpt":{"rendered":"<p>Sammen har vi i Normisjon satt oss noen m\u00e5l frem mot 2030. Vi vil plante minst 30 misjonale flergenerasjonsmenigheter i Norge. Vi vil ogs\u00e5 plante [&hellip;]<\/p>\n","protected":false},"author":117,"featured_media":0,"parent":0,"menu_order":0,"comment_status":"closed","ping_status":"closed","template":"","meta":{"_acf_changed":false,"footnotes":""},"class_list":["post-12","page","type-page","status-publish","hentry"],"acf":[],"yoast_head":"<!-- This site is optimized with the Yoast SEO plugin v25.9 - https:\/\/yoast.com\/wordpress\/plugins\/seo\/ -->\n<title>Hvorfor plante? - Plante<\/title>\n<meta name=\"robots\" content=\"index, follow, max-snippet:-1, max-image-preview:large, max-video-preview:-1\" \/>\n<link rel=\"canonical\" href=\"https:\/\/www.normisjon.no\/plante\/hvorfor-plante\/\" \/>\n<meta property=\"og:locale\" content=\"nb_NO\" \/>\n<meta property=\"og:type\" content=\"article\" \/>\n<meta property=\"og:title\" content=\"Hvorfor plante? - Plante\" \/>\n<meta property=\"og:description\" content=\"Sammen har vi i Normisjon satt oss noen m\u00e5l frem mot 2030. Vi vil plante minst 30 misjonale flergenerasjonsmenigheter i Norge. Vi vil ogs\u00e5 plante [&hellip;]\" \/>\n<meta property=\"og:url\" content=\"https:\/\/www.normisjon.no\/plante\/hvorfor-plante\/\" \/>\n<meta property=\"og:site_name\" content=\"Plante\" \/>\n<meta property=\"article:modified_time\" content=\"2025-10-06T10:27:21+00:00\" \/>\n<meta property=\"og:image\" content=\"https:\/\/www.normisjon.no\/content\/uploads\/sites\/44\/2024\/05\/BIBEL-7-1024x683.jpg\" \/>\n\t<meta property=\"og:image:width\" content=\"1024\" \/>\n\t<meta property=\"og:image:height\" content=\"683\" \/>\n\t<meta property=\"og:image:type\" content=\"image\/jpeg\" \/>\n<meta name=\"twitter:card\" content=\"summary_large_image\" \/>\n<meta name=\"twitter:label1\" content=\"Ansl. lesetid\" \/>\n\t<meta name=\"twitter:data1\" content=\"1 minutt\" \/>\n<script type=\"application\/ld+json\" class=\"yoast-schema-graph\">{\"@context\":\"https:\/\/schema.org\",\"@graph\":[{\"@type\":\"WebPage\",\"@id\":\"https:\/\/www.normisjon.no\/plante\/hvorfor-plante\/\",\"url\":\"https:\/\/www.normisjon.no\/plante\/hvorfor-plante\/\",\"name\":\"Hvorfor plante? - Plante\",\"isPartOf\":{\"@id\":\"https:\/\/www.normisjon.no\/plante\/#website\"},\"primaryImageOfPage\":{\"@id\":\"https:\/\/www.normisjon.no\/plante\/hvorfor-plante\/#primaryimage\"},\"image\":{\"@id\":\"https:\/\/www.normisjon.no\/plante\/hvorfor-plante\/#primaryimage\"},\"thumbnailUrl\":\"https:\/\/www.normisjon.no\/content\/uploads\/sites\/44\/2024\/05\/BIBEL-7-1024x683.jpg\",\"datePublished\":\"2024-05-06T12:52:14+00:00\",\"dateModified\":\"2025-10-06T10:27:21+00:00\",\"breadcrumb\":{\"@id\":\"https:\/\/www.normisjon.no\/plante\/hvorfor-plante\/#breadcrumb\"},\"inLanguage\":\"nb-NO\",\"potentialAction\":[{\"@type\":\"ReadAction\",\"target\":[\"https:\/\/www.normisjon.no\/plante\/hvorfor-plante\/\"]}]},{\"@type\":\"ImageObject\",\"inLanguage\":\"nb-NO\",\"@id\":\"https:\/\/www.normisjon.no\/plante\/hvorfor-plante\/#primaryimage\",\"url\":\"https:\/\/www.normisjon.no\/content\/uploads\/sites\/44\/2024\/05\/BIBEL-7-1024x683.jpg\",\"contentUrl\":\"https:\/\/www.normisjon.no\/content\/uploads\/sites\/44\/2024\/05\/BIBEL-7-1024x683.jpg\"},{\"@type\":\"BreadcrumbList\",\"@id\":\"https:\/\/www.normisjon.no\/plante\/hvorfor-plante\/#breadcrumb\",\"itemListElement\":[{\"@type\":\"ListItem\",\"position\":1,\"name\":\"Hjem\",\"item\":\"https:\/\/www.normisjon.no\/plante\/\"},{\"@type\":\"ListItem\",\"position\":2,\"name\":\"Hvorfor plante?\"}]},{\"@type\":\"WebSite\",\"@id\":\"https:\/\/www.normisjon.no\/plante\/#website\",\"url\":\"https:\/\/www.normisjon.no\/plante\/\",\"name\":\"Plante\",\"description\":\"\",\"potentialAction\":[{\"@type\":\"SearchAction\",\"target\":{\"@type\":\"EntryPoint\",\"urlTemplate\":\"https:\/\/www.normisjon.no\/plante\/?s={search_term_string}\"},\"query-input\":{\"@type\":\"PropertyValueSpecification\",\"valueRequired\":true,\"valueName\":\"search_term_string\"}}],\"inLanguage\":\"nb-NO\"}]}<\/script>\n<!-- \/ Yoast SEO plugin. -->","yoast_head_json":{"title":"Hvorfor plante? - Plante","robots":{"index":"index","follow":"follow","max-snippet":"max-snippet:-1","max-image-preview":"max-image-preview:large","max-video-preview":"max-video-preview:-1"},"canonical":"https:\/\/www.normisjon.no\/plante\/hvorfor-plante\/","og_locale":"nb_NO","og_type":"article","og_title":"Hvorfor plante? - Plante","og_description":"Sammen har vi i Normisjon satt oss noen m\u00e5l frem mot 2030. Vi vil plante minst 30 misjonale flergenerasjonsmenigheter i Norge. Vi vil ogs\u00e5 plante [&hellip;]","og_url":"https:\/\/www.normisjon.no\/plante\/hvorfor-plante\/","og_site_name":"Plante","article_modified_time":"2025-10-06T10:27:21+00:00","og_image":[{"width":1024,"height":683,"url":"https:\/\/www.normisjon.no\/content\/uploads\/sites\/44\/2024\/05\/BIBEL-7-1024x683.jpg","type":"image\/jpeg"}],"twitter_card":"summary_large_image","twitter_misc":{"Ansl. lesetid":"1 minutt"},"schema":{"@context":"https:\/\/schema.org","@graph":[{"@type":"WebPage","@id":"https:\/\/www.normisjon.no\/plante\/hvorfor-plante\/","url":"https:\/\/www.normisjon.no\/plante\/hvorfor-plante\/","name":"Hvorfor plante? - Plante","isPartOf":{"@id":"https:\/\/www.normisjon.no\/plante\/#website"},"primaryImageOfPage":{"@id":"https:\/\/www.normisjon.no\/plante\/hvorfor-plante\/#primaryimage"},"image":{"@id":"https:\/\/www.normisjon.no\/plante\/hvorfor-plante\/#primaryimage"},"thumbnailUrl":"https:\/\/www.normisjon.no\/content\/uploads\/sites\/44\/2024\/05\/BIBEL-7-1024x683.jpg","datePublished":"2024-05-06T12:52:14+00:00","dateModified":"2025-10-06T10:27:21+00:00","breadcrumb":{"@id":"https:\/\/www.normisjon.no\/plante\/hvorfor-plante\/#breadcrumb"},"inLanguage":"nb-NO","potentialAction":[{"@type":"ReadAction","target":["https:\/\/www.normisjon.no\/plante\/hvorfor-plante\/"]}]},{"@type":"ImageObject","inLanguage":"nb-NO","@id":"https:\/\/www.normisjon.no\/plante\/hvorfor-plante\/#primaryimage","url":"https:\/\/www.normisjon.no\/content\/uploads\/sites\/44\/2024\/05\/BIBEL-7-1024x683.jpg","contentUrl":"https:\/\/www.normisjon.no\/content\/uploads\/sites\/44\/2024\/05\/BIBEL-7-1024x683.jpg"},{"@type":"BreadcrumbList","@id":"https:\/\/www.normisjon.no\/plante\/hvorfor-plante\/#breadcrumb","itemListElement":[{"@type":"ListItem","position":1,"name":"Hjem","item":"https:\/\/www.normisjon.no\/plante\/"},{"@type":"ListItem","position":2,"name":"Hvorfor plante?"}]},{"@type":"WebSite","@id":"https:\/\/www.normisjon.no\/plante\/#website","url":"https:\/\/www.normisjon.no\/plante\/","name":"Plante","description":"","potentialAction":[{"@type":"SearchAction","target":{"@type":"EntryPoint","urlTemplate":"https:\/\/www.normisjon.no\/plante\/?s={search_term_string}"},"query-input":{"@type":"PropertyValueSpecification","valueRequired":true,"valueName":"search_term_string"}}],"inLanguage":"nb-NO"}]}},"_links":{"self":[{"href":"https:\/\/www.normisjon.no\/plante\/wp-json\/wp\/v2\/pages\/12","targetHints":{"allow":["GET"]}}],"collection":[{"href":"https:\/\/www.normisjon.no\/plante\/wp-json\/wp\/v2\/pages"}],"about":[{"href":"https:\/\/www.normisjon.no\/plante\/wp-json\/wp\/v2\/types\/page"}],"author":[{"embeddable":true,"href":"https:\/\/www.normisjon.no\/plante\/wp-json\/wp\/v2\/users\/117"}],"replies":[{"embeddable":true,"href":"https:\/\/www.normisjon.no\/plante\/wp-json\/wp\/v2\/comments?post=12"}],"version-history":[{"count":33,"href":"https:\/\/www.normisjon.no\/plante\/wp-json\/wp\/v2\/pages\/12\/revisions"}],"predecessor-version":[{"id":780,"href":"https:\/\/www.normisjon.no\/plante\/wp-json\/wp\/v2\/pages\/12\/revisions\/780"}],"wp:attachment":[{"href":"https:\/\/www.normisjon.no\/plante\/wp-json\/wp\/v2\/media?parent=12"}],"curies":[{"name":"wp","href":"https:\/\/api.w.org\/{rel}","templated":true}]}}