{"id":307,"date":"2024-05-29T12:22:41","date_gmt":"2024-05-29T10:22:41","guid":{"rendered":"https:\/\/www.normisjon.no\/plante\/?page_id=307"},"modified":"2024-06-07T18:31:50","modified_gmt":"2024-06-07T16:31:50","slug":"vil-du-plante","status":"publish","type":"page","link":"https:\/\/www.normisjon.no\/plante\/vil-du-plante\/","title":{"rendered":"Vil du plante?"},"content":{"rendered":"<div class=\"entry-content alignfull wp-block-post-content has-global-padding is-layout-constrained wp-block-post-content-is-layout-constrained\">\n<p><strong>B\u00e6rer du p\u00e5 en visjon eller \u00f8nsker du \u00e5 vite mer? Trenger du noen \u00e5 lufte id\u00e9er med eller har du konkrete tips eller innspill? Da vil vi gjerne h\u00f8re fra deg!<\/strong><\/p>\n\n\n\n<p>Ta gjerne kontakt med oss Vi har veldig lyst til \u00e5 snakke med deg, slik at vi kan g\u00e5 sammen med deg og samarbeide med deg om den dr\u00f8mmen du b\u00e6rer p\u00e5. Skal nye mennesker n\u00e5s med evangeliet og nye fellesskap plantes, er vi avhengige av Guds hjelp og hverandres st\u00f8tte. <\/p>\n\n\n\n<p>Sammen er vi Normisjon!<\/p>\n<\/div><div id=\"module-0\" class=\"hogan-module hogan-module-text hogan-module-0\"><div class=\"hogan-module-inner\"><p style=\"text-align: center;\">\n<p><a class=\"hogan-button button-blue\" href=\"mailto:vegard.tennebo@normisjon.no\">kontakt oss<\/a><\/p><\/div><\/div>","protected":false},"excerpt":{"rendered":"<p>B\u00e6rer du p\u00e5 en visjon eller \u00f8nsker du \u00e5 vite mer? Trenger du noen \u00e5 lufte id\u00e9er med eller har du konkrete tips eller innspill? [&hellip;]<\/p>\n","protected":false},"author":82,"featured_media":0,"parent":0,"menu_order":0,"comment_status":"closed","ping_status":"closed","template":"","meta":{"_acf_changed":false,"footnotes":""},"class_list":["post-307","page","type-page","status-publish","hentry"],"acf":[],"yoast_head":"<!-- This site is optimized with the Yoast SEO plugin v25.9 - https:\/\/yoast.com\/wordpress\/plugins\/seo\/ -->\n<title>Vil du plante? - Plante<\/title>\n<meta name=\"robots\" content=\"index, follow, max-snippet:-1, max-image-preview:large, max-video-preview:-1\" \/>\n<link rel=\"canonical\" href=\"https:\/\/www.normisjon.no\/plante\/vil-du-plante\/\" \/>\n<meta property=\"og:locale\" content=\"nb_NO\" \/>\n<meta property=\"og:type\" content=\"article\" \/>\n<meta property=\"og:title\" content=\"Vil du plante? - Plante\" \/>\n<meta property=\"og:description\" content=\"B\u00e6rer du p\u00e5 en visjon eller \u00f8nsker du \u00e5 vite mer? Trenger du noen \u00e5 lufte id\u00e9er med eller har du konkrete tips eller innspill? [&hellip;]\" \/>\n<meta property=\"og:url\" content=\"https:\/\/www.normisjon.no\/plante\/vil-du-plante\/\" \/>\n<meta property=\"og:site_name\" content=\"Plante\" \/>\n<meta property=\"article:modified_time\" content=\"2024-06-07T16:31:50+00:00\" \/>\n<meta name=\"twitter:card\" content=\"summary_large_image\" \/>\n<meta name=\"twitter:label1\" content=\"Ansl. lesetid\" \/>\n\t<meta name=\"twitter:data1\" content=\"1 minutt\" \/>\n<script type=\"application\/ld+json\" class=\"yoast-schema-graph\">{\"@context\":\"https:\/\/schema.org\",\"@graph\":[{\"@type\":\"WebPage\",\"@id\":\"https:\/\/www.normisjon.no\/plante\/vil-du-plante\/\",\"url\":\"https:\/\/www.normisjon.no\/plante\/vil-du-plante\/\",\"name\":\"Vil du plante? - Plante\",\"isPartOf\":{\"@id\":\"https:\/\/www.normisjon.no\/plante\/#website\"},\"datePublished\":\"2024-05-29T10:22:41+00:00\",\"dateModified\":\"2024-06-07T16:31:50+00:00\",\"breadcrumb\":{\"@id\":\"https:\/\/www.normisjon.no\/plante\/vil-du-plante\/#breadcrumb\"},\"inLanguage\":\"nb-NO\",\"potentialAction\":[{\"@type\":\"ReadAction\",\"target\":[\"https:\/\/www.normisjon.no\/plante\/vil-du-plante\/\"]}]},{\"@type\":\"BreadcrumbList\",\"@id\":\"https:\/\/www.normisjon.no\/plante\/vil-du-plante\/#breadcrumb\",\"itemListElement\":[{\"@type\":\"ListItem\",\"position\":1,\"name\":\"Hjem\",\"item\":\"https:\/\/www.normisjon.no\/plante\/\"},{\"@type\":\"ListItem\",\"position\":2,\"name\":\"Vil du plante?\"}]},{\"@type\":\"WebSite\",\"@id\":\"https:\/\/www.normisjon.no\/plante\/#website\",\"url\":\"https:\/\/www.normisjon.no\/plante\/\",\"name\":\"Plante\",\"description\":\"\",\"potentialAction\":[{\"@type\":\"SearchAction\",\"target\":{\"@type\":\"EntryPoint\",\"urlTemplate\":\"https:\/\/www.normisjon.no\/plante\/?s={search_term_string}\"},\"query-input\":{\"@type\":\"PropertyValueSpecification\",\"valueRequired\":true,\"valueName\":\"search_term_string\"}}],\"inLanguage\":\"nb-NO\"}]}<\/script>\n<!-- \/ Yoast SEO plugin. -->","yoast_head_json":{"title":"Vil du plante? - Plante","robots":{"index":"index","follow":"follow","max-snippet":"max-snippet:-1","max-image-preview":"max-image-preview:large","max-video-preview":"max-video-preview:-1"},"canonical":"https:\/\/www.normisjon.no\/plante\/vil-du-plante\/","og_locale":"nb_NO","og_type":"article","og_title":"Vil du plante? - Plante","og_description":"B\u00e6rer du p\u00e5 en visjon eller \u00f8nsker du \u00e5 vite mer? Trenger du noen \u00e5 lufte id\u00e9er med eller har du konkrete tips eller innspill? [&hellip;]","og_url":"https:\/\/www.normisjon.no\/plante\/vil-du-plante\/","og_site_name":"Plante","article_modified_time":"2024-06-07T16:31:50+00:00","twitter_card":"summary_large_image","twitter_misc":{"Ansl. lesetid":"1 minutt"},"schema":{"@context":"https:\/\/schema.org","@graph":[{"@type":"WebPage","@id":"https:\/\/www.normisjon.no\/plante\/vil-du-plante\/","url":"https:\/\/www.normisjon.no\/plante\/vil-du-plante\/","name":"Vil du plante? - Plante","isPartOf":{"@id":"https:\/\/www.normisjon.no\/plante\/#website"},"datePublished":"2024-05-29T10:22:41+00:00","dateModified":"2024-06-07T16:31:50+00:00","breadcrumb":{"@id":"https:\/\/www.normisjon.no\/plante\/vil-du-plante\/#breadcrumb"},"inLanguage":"nb-NO","potentialAction":[{"@type":"ReadAction","target":["https:\/\/www.normisjon.no\/plante\/vil-du-plante\/"]}]},{"@type":"BreadcrumbList","@id":"https:\/\/www.normisjon.no\/plante\/vil-du-plante\/#breadcrumb","itemListElement":[{"@type":"ListItem","position":1,"name":"Hjem","item":"https:\/\/www.normisjon.no\/plante\/"},{"@type":"ListItem","position":2,"name":"Vil du plante?"}]},{"@type":"WebSite","@id":"https:\/\/www.normisjon.no\/plante\/#website","url":"https:\/\/www.normisjon.no\/plante\/","name":"Plante","description":"","potentialAction":[{"@type":"SearchAction","target":{"@type":"EntryPoint","urlTemplate":"https:\/\/www.normisjon.no\/plante\/?s={search_term_string}"},"query-input":{"@type":"PropertyValueSpecification","valueRequired":true,"valueName":"search_term_string"}}],"inLanguage":"nb-NO"}]}},"_links":{"self":[{"href":"https:\/\/www.normisjon.no\/plante\/wp-json\/wp\/v2\/pages\/307","targetHints":{"allow":["GET"]}}],"collection":[{"href":"https:\/\/www.normisjon.no\/plante\/wp-json\/wp\/v2\/pages"}],"about":[{"href":"https:\/\/www.normisjon.no\/plante\/wp-json\/wp\/v2\/types\/page"}],"author":[{"embeddable":true,"href":"https:\/\/www.normisjon.no\/plante\/wp-json\/wp\/v2\/users\/82"}],"replies":[{"embeddable":true,"href":"https:\/\/www.normisjon.no\/plante\/wp-json\/wp\/v2\/comments?post=307"}],"version-history":[{"count":8,"href":"https:\/\/www.normisjon.no\/plante\/wp-json\/wp\/v2\/pages\/307\/revisions"}],"predecessor-version":[{"id":732,"href":"https:\/\/www.normisjon.no\/plante\/wp-json\/wp\/v2\/pages\/307\/revisions\/732"}],"wp:attachment":[{"href":"https:\/\/www.normisjon.no\/plante\/wp-json\/wp\/v2\/media?parent=307"}],"curies":[{"name":"wp","href":"https:\/\/api.w.org\/{rel}","templated":true}]}}