{"id":347,"date":"2024-05-29T22:03:14","date_gmt":"2024-05-29T20:03:14","guid":{"rendered":"https:\/\/www.normisjon.no\/plante\/?page_id=347"},"modified":"2024-06-10T17:09:28","modified_gmt":"2024-06-10T15:09:28","slug":"4-plantefaser","status":"publish","type":"page","link":"https:\/\/www.normisjon.no\/plante\/4-plantefaser\/","title":{"rendered":"4 plantefaser"},"content":{"rendered":"<div class=\"entry-content alignfull wp-block-post-content has-global-padding is-layout-constrained wp-block-post-content-is-layout-constrained\">\n<figure class=\"wp-block-image size-large is-style-default\"><img loading=\"lazy\" decoding=\"async\" width=\"1024\" height=\"683\" src=\"https:\/\/www.normisjon.no\/content\/uploads\/sites\/44\/2024\/05\/Oyvind-i-elsket-og-sendt-1024x683.jpg\" alt=\"\" class=\"wp-image-215\" srcset=\"https:\/\/www.normisjon.no\/content\/uploads\/sites\/44\/2024\/05\/Oyvind-i-elsket-og-sendt-1024x683.jpg 1024w, https:\/\/www.normisjon.no\/content\/uploads\/sites\/44\/2024\/05\/Oyvind-i-elsket-og-sendt-300x200.jpg 300w, https:\/\/www.normisjon.no\/content\/uploads\/sites\/44\/2024\/05\/Oyvind-i-elsket-og-sendt-768x512.jpg 768w, https:\/\/www.normisjon.no\/content\/uploads\/sites\/44\/2024\/05\/Oyvind-i-elsket-og-sendt-1536x1025.jpg 1536w, https:\/\/www.normisjon.no\/content\/uploads\/sites\/44\/2024\/05\/Oyvind-i-elsket-og-sendt-1360x907.jpg 1360w, https:\/\/www.normisjon.no\/content\/uploads\/sites\/44\/2024\/05\/Oyvind-i-elsket-og-sendt-960x640.jpg 960w\" sizes=\"auto, (max-width: 1024px) 100vw, 1024px\" \/><\/figure>\n\n\n\n<p><strong>En planteprosess har ofte fire faser. Uansett hvilken fase du\/dere befinner dere i, anbefaler vi \u00e5 be mye og hente l\u00e6rdom og inspirasjon fra Bibelen.<\/strong><\/p>\n\n\n\n<ol class=\"wp-block-list\">\n<li><strong>Forberedelsesfasen<\/strong><\/li>\n<\/ol>\n\n\n\n<ul class=\"wp-block-list\">\n<li>Visjon og dr\u00f8m deles og et planteteam etableres. Be mye sammen og del liv<\/li>\n\n\n\n<li>Forankrer prosessen i Normisjon, enten\n<ul class=\"wp-block-list\">\n<li>i en annen Normisjonsmenighet<\/li>\n\n\n\n<li>i en region<\/li>\n\n\n\n<li>i Misjon i Norge &#8211; avdelingen p\u00e5 hovedkontoret<\/li>\n<\/ul>\n<\/li>\n\n\n\n<li>Finne ut viktige ting om den lokale konteksten du skal plante i<\/li>\n\n\n\n<li>Legg en plan for oppstart<\/li>\n\n\n\n<li>Etabler kontakt og kommunisere med andre lokale menigheter og fellesskap om hva man vil igang med. Bygg relasjoner og bygg tillit<\/li>\n<\/ul>\n\n\n\n<ol class=\"wp-block-list\" start=\"2\">\n<li><strong>Oppstartsfasen<\/strong> (kan og\u00e5 kalles involveringsfasen)<\/li>\n<\/ol>\n\n\n\n<ul class=\"wp-block-list\">\n<li>Starte med utgangspunkt i planen som har blitt laget, og korrigere ved behov<\/li>\n\n\n\n<li>Inviterer flere inn og tilrettelegger for deltakelse, fellesskap og eierskap gjennom involverende og klargj\u00f8rende aktiviteter, f.eks. gjennom visjonskvelder, dna-m\u00f8ter o.l. NB: ikke undervurder m\u00e5ltidsfellesskapet<\/li>\n\n\n\n<li>Tilrettelegg for et involvert medarbeiderskap av frivillige der s\u00e5 mange som mulig kan v\u00e6re med i fellesskapet og ha en tjeneste<\/li>\n\n\n\n<li>Evt. utvide og sette et forpliktet lederskap for kommende periode<\/li>\n\n\n\n<li>Etablere og styrke \u00f8nsket kultur (hvordan vil vi ha det sammen?) gjennom visjonsformulering og etablerte verdier<\/li>\n<\/ul>\n\n\n\n<ol class=\"wp-block-list\" start=\"3\">\n<li><strong>Etableringsfasen<\/strong><\/li>\n<\/ol>\n\n\n\n<ul class=\"wp-block-list\">\n<li>Ressursvurdering: har vi det vi trenger? (menneskelige ressurser, lokaler, utstyr, forkynnelse, musikk, ledelse, teknisk osv.) Start med det dere har<\/li>\n\n\n\n<li>Etablere (faste) rytmer for m\u00f8tepunkter (for helheten -gudstjenester\/m\u00f8ter og deler &#8211; sm\u00e5grupper, lederm\u00f8ter o.l.)<\/li>\n\n\n\n<li>Avklare forventninger, ansvarsomr\u00e5der og oppgaver til frivillige<\/li>\n\n\n\n<li>Registrere ny enhet i Br\u00f8nn\u00f8ysundregistrene og hos Normisjon sentralt (da kan man begynne \u00e5 rekruttere medlemmer og fastgivere)<\/li>\n\n\n\n<li>Arbeide intensjonelt med misjon og finne et misjonsarbeid i Normisjon man vil la seg engasjere i<\/li>\n<\/ul>\n\n\n\n<ol class=\"wp-block-list\" start=\"4\">\n<li><strong>Struktureringsfasen<\/strong><\/li>\n<\/ol>\n\n\n\n<ul class=\"wp-block-list\">\n<li>Velge styre og ha \u00e5rsm\u00f8te og etablere vedtekter<\/li>\n\n\n\n<li>Finne en gjennomsiktig og tydelig m\u00e5te \u00e5 gj\u00f8re (pastoral) ledelse p\u00e5<\/li>\n\n\n\n<li>Etablere hensiktsmessige strukturer og ordninger for kommunikasjon, \u00f8konomih\u00e5ndtering og kontakt (nettsider, sosiale medier, vipps m.m.)<\/li>\n\n\n\n<li>S\u00f8rge for sammenheng og helhet rundt evt. barnarbeid, ungdomsarbeid eller andre etablerte virkegreiner<\/li>\n\n\n\n<li>vurdere \u00f8konomisk b\u00e6rekraft for evt. tilsettelse av pastor og\/eller andre stillinger<\/li>\n<\/ul>\n<\/div>","protected":false},"excerpt":{"rendered":"<p>En planteprosess har ofte fire faser. Uansett hvilken fase du\/dere befinner dere i, anbefaler vi \u00e5 be mye og hente l\u00e6rdom og inspirasjon fra Bibelen.<\/p>\n","protected":false},"author":117,"featured_media":215,"parent":0,"menu_order":0,"comment_status":"closed","ping_status":"closed","template":"","meta":{"_acf_changed":false,"footnotes":""},"class_list":["post-347","page","type-page","status-publish","has-post-thumbnail","hentry"],"acf":[],"yoast_head":"<!-- This site is optimized with the Yoast SEO plugin v25.9 - https:\/\/yoast.com\/wordpress\/plugins\/seo\/ -->\n<title>4 plantefaser - Plante<\/title>\n<meta name=\"robots\" content=\"index, follow, max-snippet:-1, max-image-preview:large, max-video-preview:-1\" \/>\n<link rel=\"canonical\" href=\"https:\/\/www.normisjon.no\/plante\/4-plantefaser\/\" \/>\n<meta property=\"og:locale\" content=\"nb_NO\" \/>\n<meta property=\"og:type\" content=\"article\" \/>\n<meta property=\"og:title\" content=\"4 plantefaser - Plante\" \/>\n<meta property=\"og:description\" content=\"En planteprosess har ofte fire faser. Uansett hvilken fase du\/dere befinner dere i, anbefaler vi \u00e5 be mye og hente l\u00e6rdom og inspirasjon fra Bibelen.\" \/>\n<meta property=\"og:url\" content=\"https:\/\/www.normisjon.no\/plante\/4-plantefaser\/\" \/>\n<meta property=\"og:site_name\" content=\"Plante\" \/>\n<meta property=\"article:modified_time\" content=\"2024-06-10T15:09:28+00:00\" \/>\n<meta property=\"og:image\" content=\"https:\/\/www.normisjon.no\/content\/uploads\/sites\/44\/2024\/05\/Oyvind-i-elsket-og-sendt-1024x683.jpg\" \/>\n\t<meta property=\"og:image:width\" content=\"1024\" \/>\n\t<meta property=\"og:image:height\" content=\"683\" \/>\n\t<meta property=\"og:image:type\" content=\"image\/jpeg\" \/>\n<meta name=\"twitter:card\" content=\"summary_large_image\" \/>\n<meta name=\"twitter:label1\" content=\"Ansl. lesetid\" \/>\n\t<meta name=\"twitter:data1\" content=\"2 minutter\" \/>\n<script type=\"application\/ld+json\" class=\"yoast-schema-graph\">{\"@context\":\"https:\/\/schema.org\",\"@graph\":[{\"@type\":\"WebPage\",\"@id\":\"https:\/\/www.normisjon.no\/plante\/4-plantefaser\/\",\"url\":\"https:\/\/www.normisjon.no\/plante\/4-plantefaser\/\",\"name\":\"4 plantefaser - Plante\",\"isPartOf\":{\"@id\":\"https:\/\/www.normisjon.no\/plante\/#website\"},\"primaryImageOfPage\":{\"@id\":\"https:\/\/www.normisjon.no\/plante\/4-plantefaser\/#primaryimage\"},\"image\":{\"@id\":\"https:\/\/www.normisjon.no\/plante\/4-plantefaser\/#primaryimage\"},\"thumbnailUrl\":\"https:\/\/www.normisjon.no\/content\/uploads\/sites\/44\/2024\/05\/Oyvind-i-elsket-og-sendt.jpg\",\"datePublished\":\"2024-05-29T20:03:14+00:00\",\"dateModified\":\"2024-06-10T15:09:28+00:00\",\"breadcrumb\":{\"@id\":\"https:\/\/www.normisjon.no\/plante\/4-plantefaser\/#breadcrumb\"},\"inLanguage\":\"nb-NO\",\"potentialAction\":[{\"@type\":\"ReadAction\",\"target\":[\"https:\/\/www.normisjon.no\/plante\/4-plantefaser\/\"]}]},{\"@type\":\"ImageObject\",\"inLanguage\":\"nb-NO\",\"@id\":\"https:\/\/www.normisjon.no\/plante\/4-plantefaser\/#primaryimage\",\"url\":\"https:\/\/www.normisjon.no\/content\/uploads\/sites\/44\/2024\/05\/Oyvind-i-elsket-og-sendt.jpg\",\"contentUrl\":\"https:\/\/www.normisjon.no\/content\/uploads\/sites\/44\/2024\/05\/Oyvind-i-elsket-og-sendt.jpg\",\"width\":8192,\"height\":5464},{\"@type\":\"BreadcrumbList\",\"@id\":\"https:\/\/www.normisjon.no\/plante\/4-plantefaser\/#breadcrumb\",\"itemListElement\":[{\"@type\":\"ListItem\",\"position\":1,\"name\":\"Hjem\",\"item\":\"https:\/\/www.normisjon.no\/plante\/\"},{\"@type\":\"ListItem\",\"position\":2,\"name\":\"4 plantefaser\"}]},{\"@type\":\"WebSite\",\"@id\":\"https:\/\/www.normisjon.no\/plante\/#website\",\"url\":\"https:\/\/www.normisjon.no\/plante\/\",\"name\":\"Plante\",\"description\":\"\",\"potentialAction\":[{\"@type\":\"SearchAction\",\"target\":{\"@type\":\"EntryPoint\",\"urlTemplate\":\"https:\/\/www.normisjon.no\/plante\/?s={search_term_string}\"},\"query-input\":{\"@type\":\"PropertyValueSpecification\",\"valueRequired\":true,\"valueName\":\"search_term_string\"}}],\"inLanguage\":\"nb-NO\"}]}<\/script>\n<!-- \/ Yoast SEO plugin. -->","yoast_head_json":{"title":"4 plantefaser - Plante","robots":{"index":"index","follow":"follow","max-snippet":"max-snippet:-1","max-image-preview":"max-image-preview:large","max-video-preview":"max-video-preview:-1"},"canonical":"https:\/\/www.normisjon.no\/plante\/4-plantefaser\/","og_locale":"nb_NO","og_type":"article","og_title":"4 plantefaser - Plante","og_description":"En planteprosess har ofte fire faser. Uansett hvilken fase du\/dere befinner dere i, anbefaler vi \u00e5 be mye og hente l\u00e6rdom og inspirasjon fra Bibelen.","og_url":"https:\/\/www.normisjon.no\/plante\/4-plantefaser\/","og_site_name":"Plante","article_modified_time":"2024-06-10T15:09:28+00:00","og_image":[{"width":1024,"height":683,"url":"https:\/\/www.normisjon.no\/content\/uploads\/sites\/44\/2024\/05\/Oyvind-i-elsket-og-sendt-1024x683.jpg","type":"image\/jpeg"}],"twitter_card":"summary_large_image","twitter_misc":{"Ansl. lesetid":"2 minutter"},"schema":{"@context":"https:\/\/schema.org","@graph":[{"@type":"WebPage","@id":"https:\/\/www.normisjon.no\/plante\/4-plantefaser\/","url":"https:\/\/www.normisjon.no\/plante\/4-plantefaser\/","name":"4 plantefaser - Plante","isPartOf":{"@id":"https:\/\/www.normisjon.no\/plante\/#website"},"primaryImageOfPage":{"@id":"https:\/\/www.normisjon.no\/plante\/4-plantefaser\/#primaryimage"},"image":{"@id":"https:\/\/www.normisjon.no\/plante\/4-plantefaser\/#primaryimage"},"thumbnailUrl":"https:\/\/www.normisjon.no\/content\/uploads\/sites\/44\/2024\/05\/Oyvind-i-elsket-og-sendt.jpg","datePublished":"2024-05-29T20:03:14+00:00","dateModified":"2024-06-10T15:09:28+00:00","breadcrumb":{"@id":"https:\/\/www.normisjon.no\/plante\/4-plantefaser\/#breadcrumb"},"inLanguage":"nb-NO","potentialAction":[{"@type":"ReadAction","target":["https:\/\/www.normisjon.no\/plante\/4-plantefaser\/"]}]},{"@type":"ImageObject","inLanguage":"nb-NO","@id":"https:\/\/www.normisjon.no\/plante\/4-plantefaser\/#primaryimage","url":"https:\/\/www.normisjon.no\/content\/uploads\/sites\/44\/2024\/05\/Oyvind-i-elsket-og-sendt.jpg","contentUrl":"https:\/\/www.normisjon.no\/content\/uploads\/sites\/44\/2024\/05\/Oyvind-i-elsket-og-sendt.jpg","width":8192,"height":5464},{"@type":"BreadcrumbList","@id":"https:\/\/www.normisjon.no\/plante\/4-plantefaser\/#breadcrumb","itemListElement":[{"@type":"ListItem","position":1,"name":"Hjem","item":"https:\/\/www.normisjon.no\/plante\/"},{"@type":"ListItem","position":2,"name":"4 plantefaser"}]},{"@type":"WebSite","@id":"https:\/\/www.normisjon.no\/plante\/#website","url":"https:\/\/www.normisjon.no\/plante\/","name":"Plante","description":"","potentialAction":[{"@type":"SearchAction","target":{"@type":"EntryPoint","urlTemplate":"https:\/\/www.normisjon.no\/plante\/?s={search_term_string}"},"query-input":{"@type":"PropertyValueSpecification","valueRequired":true,"valueName":"search_term_string"}}],"inLanguage":"nb-NO"}]}},"_links":{"self":[{"href":"https:\/\/www.normisjon.no\/plante\/wp-json\/wp\/v2\/pages\/347","targetHints":{"allow":["GET"]}}],"collection":[{"href":"https:\/\/www.normisjon.no\/plante\/wp-json\/wp\/v2\/pages"}],"about":[{"href":"https:\/\/www.normisjon.no\/plante\/wp-json\/wp\/v2\/types\/page"}],"author":[{"embeddable":true,"href":"https:\/\/www.normisjon.no\/plante\/wp-json\/wp\/v2\/users\/117"}],"replies":[{"embeddable":true,"href":"https:\/\/www.normisjon.no\/plante\/wp-json\/wp\/v2\/comments?post=347"}],"version-history":[{"count":6,"href":"https:\/\/www.normisjon.no\/plante\/wp-json\/wp\/v2\/pages\/347\/revisions"}],"predecessor-version":[{"id":745,"href":"https:\/\/www.normisjon.no\/plante\/wp-json\/wp\/v2\/pages\/347\/revisions\/745"}],"wp:featuredmedia":[{"embeddable":true,"href":"https:\/\/www.normisjon.no\/plante\/wp-json\/wp\/v2\/media\/215"}],"wp:attachment":[{"href":"https:\/\/www.normisjon.no\/plante\/wp-json\/wp\/v2\/media?parent=347"}],"curies":[{"name":"wp","href":"https:\/\/api.w.org\/{rel}","templated":true}]}}