{"id":356,"date":"2024-05-30T10:19:10","date_gmt":"2024-05-30T08:19:10","guid":{"rendered":"https:\/\/www.normisjon.no\/plante\/?page_id=356"},"modified":"2025-10-07T10:55:02","modified_gmt":"2025-10-07T08:55:02","slug":"strategi","status":"publish","type":"page","link":"https:\/\/www.normisjon.no\/plante\/strategi\/","title":{"rendered":"Strategi."},"content":{"rendered":"<div class=\"entry-content alignfull wp-block-post-content has-global-padding is-layout-constrained wp-block-post-content-is-layout-constrained\">\n<figure class=\"wp-block-image size-large is-style-default\"><img loading=\"lazy\" decoding=\"async\" width=\"1024\" height=\"683\" src=\"https:\/\/www.normisjon.no\/content\/uploads\/sites\/44\/2024\/05\/Elise-med-luft-1-1024x683.jpg\" alt=\"\" class=\"wp-image-175\" srcset=\"https:\/\/www.normisjon.no\/content\/uploads\/sites\/44\/2024\/05\/Elise-med-luft-1-1024x683.jpg 1024w, https:\/\/www.normisjon.no\/content\/uploads\/sites\/44\/2024\/05\/Elise-med-luft-1-300x200.jpg 300w, https:\/\/www.normisjon.no\/content\/uploads\/sites\/44\/2024\/05\/Elise-med-luft-1-768x512.jpg 768w, https:\/\/www.normisjon.no\/content\/uploads\/sites\/44\/2024\/05\/Elise-med-luft-1-1536x1025.jpg 1536w, https:\/\/www.normisjon.no\/content\/uploads\/sites\/44\/2024\/05\/Elise-med-luft-1-1360x907.jpg 1360w, https:\/\/www.normisjon.no\/content\/uploads\/sites\/44\/2024\/05\/Elise-med-luft-1-960x640.jpg 960w\" sizes=\"auto, (max-width: 1024px) 100vw, 1024px\" \/><\/figure>\n\n\n\n<p><strong>\u00c5 plante nye menigheter og fellesskap er en enormt viktig del av Normisjon sin strategi frem mot 2030. <\/strong><\/p>\n\n\n\n<p>I arbeidet v\u00e5rt med denne strategien identifiserte vi \u00e5tte hovedutfordringer for Normisjon og endringer som m\u00e5 til. De to f\u00f8rste gir god begrunnelse og forklaring til hvorfor vi m\u00e5 plante nytt.&nbsp;<\/p>\n\n\n\n<figure class=\"wp-block-image size-large\"><img loading=\"lazy\" decoding=\"async\" width=\"1024\" height=\"274\" src=\"https:\/\/www.normisjon.no\/content\/uploads\/sites\/44\/2024\/05\/Skjermbilde-2024-05-06-kl.-14.36.25-1024x274.png\" alt=\"\" class=\"wp-image-19\" srcset=\"https:\/\/www.normisjon.no\/content\/uploads\/sites\/44\/2024\/05\/Skjermbilde-2024-05-06-kl.-14.36.25-1024x274.png 1024w, https:\/\/www.normisjon.no\/content\/uploads\/sites\/44\/2024\/05\/Skjermbilde-2024-05-06-kl.-14.36.25-300x80.png 300w, https:\/\/www.normisjon.no\/content\/uploads\/sites\/44\/2024\/05\/Skjermbilde-2024-05-06-kl.-14.36.25-768x206.png 768w, https:\/\/www.normisjon.no\/content\/uploads\/sites\/44\/2024\/05\/Skjermbilde-2024-05-06-kl.-14.36.25-1536x412.png 1536w, https:\/\/www.normisjon.no\/content\/uploads\/sites\/44\/2024\/05\/Skjermbilde-2024-05-06-kl.-14.36.25-1360x365.png 1360w, https:\/\/www.normisjon.no\/content\/uploads\/sites\/44\/2024\/05\/Skjermbilde-2024-05-06-kl.-14.36.25-960x257.png 960w, https:\/\/www.normisjon.no\/content\/uploads\/sites\/44\/2024\/05\/Skjermbilde-2024-05-06-kl.-14.36.25.png 1858w\" sizes=\"auto, (max-width: 1024px) 100vw, 1024px\" \/><\/figure>\n\n\n\n<p>At flere mennesker skal f\u00e5 h\u00f8re om Jesus og finne en plass i et fellesskap er dermed en hovedmotivasjon for at vi vil satse p\u00e5 planting. <\/p>\n\n\n\n<p class=\"has-text-align-center\">Om du er interessert, klikk deg gjerne inn og se hele strategien i sammenheng. Vi h\u00e5per det vil gi deg PULS. <\/p>\n<\/div><div id=\"module-0\" class=\"hogan-module hogan-module-text hogan-module-0\"><div class=\"hogan-module-inner\"><p style=\"text-align: right;\"><a class=\"hogan-button button-blue\" href=\"https:\/\/www.normisjon.no\/strategi\/\">Les mer om v\u00e5r strategi<\/a><\/p><\/div><\/div>","protected":false},"excerpt":{"rendered":"<p>\u00c5 plante nye menigheter og fellesskap er en enormt viktig del av Normisjon sin strategi frem mot 2030. I arbeidet v\u00e5rt med denne strategien identifiserte [&hellip;]<\/p>\n","protected":false},"author":117,"featured_media":175,"parent":0,"menu_order":0,"comment_status":"closed","ping_status":"closed","template":"","meta":{"_acf_changed":false,"footnotes":""},"class_list":["post-356","page","type-page","status-publish","has-post-thumbnail","hentry"],"acf":[],"yoast_head":"<!-- This site is optimized with the Yoast SEO plugin v25.9 - https:\/\/yoast.com\/wordpress\/plugins\/seo\/ -->\n<title>Strategi. - Plante<\/title>\n<meta name=\"robots\" content=\"index, follow, max-snippet:-1, max-image-preview:large, max-video-preview:-1\" \/>\n<link rel=\"canonical\" href=\"https:\/\/www.normisjon.no\/plante\/strategi\/\" \/>\n<meta property=\"og:locale\" content=\"nb_NO\" \/>\n<meta property=\"og:type\" content=\"article\" \/>\n<meta property=\"og:title\" content=\"Strategi. - Plante\" \/>\n<meta property=\"og:description\" content=\"\u00c5 plante nye menigheter og fellesskap er en enormt viktig del av Normisjon sin strategi frem mot 2030. I arbeidet v\u00e5rt med denne strategien identifiserte [&hellip;]\" \/>\n<meta property=\"og:url\" content=\"https:\/\/www.normisjon.no\/plante\/strategi\/\" \/>\n<meta property=\"og:site_name\" content=\"Plante\" \/>\n<meta property=\"article:modified_time\" content=\"2025-10-07T08:55:02+00:00\" \/>\n<meta property=\"og:image\" content=\"https:\/\/www.normisjon.no\/content\/uploads\/sites\/44\/2024\/05\/Elise-med-luft-1-1024x683.jpg\" \/>\n\t<meta property=\"og:image:width\" content=\"1024\" \/>\n\t<meta property=\"og:image:height\" content=\"683\" \/>\n\t<meta property=\"og:image:type\" content=\"image\/jpeg\" \/>\n<meta name=\"twitter:card\" content=\"summary_large_image\" \/>\n<meta name=\"twitter:label1\" content=\"Ansl. lesetid\" \/>\n\t<meta name=\"twitter:data1\" content=\"1 minutt\" \/>\n<script type=\"application\/ld+json\" class=\"yoast-schema-graph\">{\"@context\":\"https:\/\/schema.org\",\"@graph\":[{\"@type\":\"WebPage\",\"@id\":\"https:\/\/www.normisjon.no\/plante\/strategi\/\",\"url\":\"https:\/\/www.normisjon.no\/plante\/strategi\/\",\"name\":\"Strategi. - Plante\",\"isPartOf\":{\"@id\":\"https:\/\/www.normisjon.no\/plante\/#website\"},\"primaryImageOfPage\":{\"@id\":\"https:\/\/www.normisjon.no\/plante\/strategi\/#primaryimage\"},\"image\":{\"@id\":\"https:\/\/www.normisjon.no\/plante\/strategi\/#primaryimage\"},\"thumbnailUrl\":\"https:\/\/www.normisjon.no\/content\/uploads\/sites\/44\/2024\/05\/Elise-med-luft-1.jpg\",\"datePublished\":\"2024-05-30T08:19:10+00:00\",\"dateModified\":\"2025-10-07T08:55:02+00:00\",\"breadcrumb\":{\"@id\":\"https:\/\/www.normisjon.no\/plante\/strategi\/#breadcrumb\"},\"inLanguage\":\"nb-NO\",\"potentialAction\":[{\"@type\":\"ReadAction\",\"target\":[\"https:\/\/www.normisjon.no\/plante\/strategi\/\"]}]},{\"@type\":\"ImageObject\",\"inLanguage\":\"nb-NO\",\"@id\":\"https:\/\/www.normisjon.no\/plante\/strategi\/#primaryimage\",\"url\":\"https:\/\/www.normisjon.no\/content\/uploads\/sites\/44\/2024\/05\/Elise-med-luft-1.jpg\",\"contentUrl\":\"https:\/\/www.normisjon.no\/content\/uploads\/sites\/44\/2024\/05\/Elise-med-luft-1.jpg\",\"width\":8192,\"height\":5464},{\"@type\":\"BreadcrumbList\",\"@id\":\"https:\/\/www.normisjon.no\/plante\/strategi\/#breadcrumb\",\"itemListElement\":[{\"@type\":\"ListItem\",\"position\":1,\"name\":\"Hjem\",\"item\":\"https:\/\/www.normisjon.no\/plante\/\"},{\"@type\":\"ListItem\",\"position\":2,\"name\":\"Strategi.\"}]},{\"@type\":\"WebSite\",\"@id\":\"https:\/\/www.normisjon.no\/plante\/#website\",\"url\":\"https:\/\/www.normisjon.no\/plante\/\",\"name\":\"Plante\",\"description\":\"\",\"potentialAction\":[{\"@type\":\"SearchAction\",\"target\":{\"@type\":\"EntryPoint\",\"urlTemplate\":\"https:\/\/www.normisjon.no\/plante\/?s={search_term_string}\"},\"query-input\":{\"@type\":\"PropertyValueSpecification\",\"valueRequired\":true,\"valueName\":\"search_term_string\"}}],\"inLanguage\":\"nb-NO\"}]}<\/script>\n<!-- \/ Yoast SEO plugin. -->","yoast_head_json":{"title":"Strategi. - Plante","robots":{"index":"index","follow":"follow","max-snippet":"max-snippet:-1","max-image-preview":"max-image-preview:large","max-video-preview":"max-video-preview:-1"},"canonical":"https:\/\/www.normisjon.no\/plante\/strategi\/","og_locale":"nb_NO","og_type":"article","og_title":"Strategi. - Plante","og_description":"\u00c5 plante nye menigheter og fellesskap er en enormt viktig del av Normisjon sin strategi frem mot 2030. I arbeidet v\u00e5rt med denne strategien identifiserte [&hellip;]","og_url":"https:\/\/www.normisjon.no\/plante\/strategi\/","og_site_name":"Plante","article_modified_time":"2025-10-07T08:55:02+00:00","og_image":[{"width":1024,"height":683,"url":"https:\/\/www.normisjon.no\/content\/uploads\/sites\/44\/2024\/05\/Elise-med-luft-1-1024x683.jpg","type":"image\/jpeg"}],"twitter_card":"summary_large_image","twitter_misc":{"Ansl. lesetid":"1 minutt"},"schema":{"@context":"https:\/\/schema.org","@graph":[{"@type":"WebPage","@id":"https:\/\/www.normisjon.no\/plante\/strategi\/","url":"https:\/\/www.normisjon.no\/plante\/strategi\/","name":"Strategi. - Plante","isPartOf":{"@id":"https:\/\/www.normisjon.no\/plante\/#website"},"primaryImageOfPage":{"@id":"https:\/\/www.normisjon.no\/plante\/strategi\/#primaryimage"},"image":{"@id":"https:\/\/www.normisjon.no\/plante\/strategi\/#primaryimage"},"thumbnailUrl":"https:\/\/www.normisjon.no\/content\/uploads\/sites\/44\/2024\/05\/Elise-med-luft-1.jpg","datePublished":"2024-05-30T08:19:10+00:00","dateModified":"2025-10-07T08:55:02+00:00","breadcrumb":{"@id":"https:\/\/www.normisjon.no\/plante\/strategi\/#breadcrumb"},"inLanguage":"nb-NO","potentialAction":[{"@type":"ReadAction","target":["https:\/\/www.normisjon.no\/plante\/strategi\/"]}]},{"@type":"ImageObject","inLanguage":"nb-NO","@id":"https:\/\/www.normisjon.no\/plante\/strategi\/#primaryimage","url":"https:\/\/www.normisjon.no\/content\/uploads\/sites\/44\/2024\/05\/Elise-med-luft-1.jpg","contentUrl":"https:\/\/www.normisjon.no\/content\/uploads\/sites\/44\/2024\/05\/Elise-med-luft-1.jpg","width":8192,"height":5464},{"@type":"BreadcrumbList","@id":"https:\/\/www.normisjon.no\/plante\/strategi\/#breadcrumb","itemListElement":[{"@type":"ListItem","position":1,"name":"Hjem","item":"https:\/\/www.normisjon.no\/plante\/"},{"@type":"ListItem","position":2,"name":"Strategi."}]},{"@type":"WebSite","@id":"https:\/\/www.normisjon.no\/plante\/#website","url":"https:\/\/www.normisjon.no\/plante\/","name":"Plante","description":"","potentialAction":[{"@type":"SearchAction","target":{"@type":"EntryPoint","urlTemplate":"https:\/\/www.normisjon.no\/plante\/?s={search_term_string}"},"query-input":{"@type":"PropertyValueSpecification","valueRequired":true,"valueName":"search_term_string"}}],"inLanguage":"nb-NO"}]}},"_links":{"self":[{"href":"https:\/\/www.normisjon.no\/plante\/wp-json\/wp\/v2\/pages\/356","targetHints":{"allow":["GET"]}}],"collection":[{"href":"https:\/\/www.normisjon.no\/plante\/wp-json\/wp\/v2\/pages"}],"about":[{"href":"https:\/\/www.normisjon.no\/plante\/wp-json\/wp\/v2\/types\/page"}],"author":[{"embeddable":true,"href":"https:\/\/www.normisjon.no\/plante\/wp-json\/wp\/v2\/users\/117"}],"replies":[{"embeddable":true,"href":"https:\/\/www.normisjon.no\/plante\/wp-json\/wp\/v2\/comments?post=356"}],"version-history":[{"count":8,"href":"https:\/\/www.normisjon.no\/plante\/wp-json\/wp\/v2\/pages\/356\/revisions"}],"predecessor-version":[{"id":797,"href":"https:\/\/www.normisjon.no\/plante\/wp-json\/wp\/v2\/pages\/356\/revisions\/797"}],"wp:featuredmedia":[{"embeddable":true,"href":"https:\/\/www.normisjon.no\/plante\/wp-json\/wp\/v2\/media\/175"}],"wp:attachment":[{"href":"https:\/\/www.normisjon.no\/plante\/wp-json\/wp\/v2\/media?parent=356"}],"curies":[{"name":"wp","href":"https:\/\/api.w.org\/{rel}","templated":true}]}}