{"id":469,"date":"2024-06-06T01:56:59","date_gmt":"2024-06-05T23:56:59","guid":{"rendered":"https:\/\/www.normisjon.no\/plante\/?page_id=469"},"modified":"2025-10-07T10:55:27","modified_gmt":"2025-10-07T08:55:27","slug":"plantenettverk","status":"publish","type":"page","link":"https:\/\/www.normisjon.no\/plante\/plantenettverk\/","title":{"rendered":"V\u00e5rt Plantenettverk."},"content":{"rendered":"<div class=\"entry-content alignfull wp-block-post-content has-global-padding is-layout-constrained wp-block-post-content-is-layout-constrained\">\n<p><strong>Vi ber om og arbeider for at vi skal lykkes med dr\u00f8mmen om \u00e5 plante nye menigheter og fellesskap.&nbsp;<\/strong><\/p>\n\n\n\n<p>Det betyr at vi arbeider for gode ordninger, rammer og tiltak for at du skal lykkes med din dr\u00f8m om planting. Vi i Normisjon \u00f8nsker \u00e5 g\u00e5 sammen med deg s\u00e5 du skal f\u00e5 mot og tro og redskap til \u00e5 plante.&nbsp;<\/p>\n\n\n\n<p>Her er noen av de grepene som gj\u00f8r at du skal kjenne deg trygg og st\u00f8ttet n\u00e5r du \u00f8nsker \u00e5 plante i Normisjon. For vi vil g\u00e5 sammen med deg hele veien.<\/p>\n\n\n\n<p><\/p>\n<\/div><div id=\"module-0\" class=\"hogan-module hogan-module-grid hogan-module-0\"><div class=\"hogan-module-inner\"><div class=\"hogan-grid hogan-grid-text-center hogan-grid-size-dynamic\">\n\t<div class=\"hogan-grid-inner\">\n\t\t\t\t\t<div class=\"hogan-grid-item hogan-grid-item-size-small hogan-grid-item-type-savage_custom_card savage-has-image savage-has-background savage-bg-default savage-has-heading\">\n\t\t\t\t<div class=\"hogan-grid-item-inner\">\n\t\t\t\t\t<div class=\"savage-card-image\">\n\t<div class=\"savage-card-image-inner\">\n\t\t<span class=\"savage-card-image-image\" style=\"background-image: url(https:\/\/www.normisjon.no\/content\/uploads\/sites\/44\/2024\/05\/Elise-pa-bibelgrrrruppe-6-768x1151.jpg);\"><\/span>\t<\/div>\n<\/div>\n\t\t<div class=\"savage-card-body\">\n\t\t\t<div class=\"savage-card-body-inner\">\n\t\t\t\t<h2 class=\"savage-card-heading\">Nasjonalt planteteam<\/h2>\t\t\t<\/div>\n\t\t<\/div>\n\t\t<a href=\"https:\/\/www.normisjon.no\/plante\/vart-plantenettverk\/\" class=\"savage-card-link\"><span class=\"screen-reader-text\">Read article &quot;Nasjonalt planteteam&quot;<\/span><\/a>\t\t\t\t<\/div>\n\t\t\t<\/div>\n\t\t\t\t\t\t<div class=\"hogan-grid-item hogan-grid-item-size-small hogan-grid-item-type-savage_custom_card savage-has-image savage-has-background savage-bg-default savage-has-heading\">\n\t\t\t\t<div class=\"hogan-grid-item-inner\">\n\t\t\t\t\t<div class=\"savage-card-image\">\n\t<div class=\"savage-card-image-inner\">\n\t\t<span class=\"savage-card-image-image\" style=\"background-image: url(https:\/\/www.normisjon.no\/content\/uploads\/sites\/44\/2024\/05\/Josefine-pa-bibelgruppe-768x512.jpg);\"><\/span>\t<\/div>\n<\/div>\n\t\t<div class=\"savage-card-body\">\n\t\t\t<div class=\"savage-card-body-inner\">\n\t\t\t\t<h2 class=\"savage-card-heading\">St\u00f8tte og utrustning<\/h2>\t\t\t<\/div>\n\t\t<\/div>\n\t\t<a href=\"https:\/\/www.normisjon.no\/plante\/planteteam-og-planteveiledere\/\" class=\"savage-card-link\"><span class=\"screen-reader-text\">Read article &quot;St\u00f8tte og Utrustning.&quot;<\/span><\/a>\t\t\t\t<\/div>\n\t\t\t<\/div>\n\t\t\t\t\t\t<div class=\"hogan-grid-item hogan-grid-item-size-small hogan-grid-item-type-page savage-has-image savage-has-heading\">\n\t\t\t\t<div class=\"hogan-grid-item-inner\">\n\t\t\t\t\t<div class=\"savage-card-image\">\n\t<div class=\"savage-card-image-inner\">\n\t\t<span class=\"savage-card-image-image\" style=\"background-image: url(https:\/\/www.normisjon.no\/content\/uploads\/sites\/44\/2024\/05\/Oyvind-gronn-hekk-luftig-768x512.jpg);\"><\/span>\t<\/div>\n<\/div>\n\t\t<div class=\"savage-card-body\">\n\t\t\t<div class=\"savage-card-body-inner\">\n\t\t\t\t<h2 class=\"savage-card-heading\">Plantenettverket.<\/h2>\t\t\t<\/div>\n\t\t<\/div>\n\t\t<a href=\"https:\/\/www.normisjon.no\/plante\/normisjons-plantenettverk\/\" class=\"savage-card-link\"><span class=\"screen-reader-text\">Read article &quot;Plantenettverket.&quot;<\/span><\/a>\t\t\t\t<\/div>\n\t\t\t<\/div>\n\t\t\t\t<\/div>\n<\/div>\n<\/div><\/div><div id=\"module-1\" class=\"hogan-module hogan-module-text hogan-module-1\"><div class=\"hogan-module-inner\"><p style=\"text-align: right;\"><a class=\"hogan-button button-blue\" href=\"https:\/\/www.normisjon.no\/plante\/vil-du-plante\/\">Vil du plante?<\/a><\/p>\n<p style=\"text-align: left;\"><a class=\"hogan-button button-blue\" href=\"https:\/\/www.normisjon.no\/prosjekt\/plante-i-norge\/\">Gi til planting<\/a><\/p><\/div><\/div>","protected":false},"excerpt":{"rendered":"<p>Vi ber om og arbeider for at vi skal lykkes med dr\u00f8mmen om \u00e5 plante nye menigheter og fellesskap.&nbsp; Det betyr at vi arbeider for [&hellip;]<\/p>\n","protected":false},"author":82,"featured_media":0,"parent":0,"menu_order":0,"comment_status":"closed","ping_status":"closed","template":"","meta":{"_acf_changed":false,"footnotes":""},"class_list":["post-469","page","type-page","status-publish","hentry"],"acf":[],"yoast_head":"<!-- This site is optimized with the Yoast SEO plugin v25.9 - https:\/\/yoast.com\/wordpress\/plugins\/seo\/ -->\n<title>V\u00e5rt Plantenettverk. - Plante<\/title>\n<meta name=\"robots\" content=\"index, follow, max-snippet:-1, max-image-preview:large, max-video-preview:-1\" \/>\n<link rel=\"canonical\" href=\"https:\/\/www.normisjon.no\/plante\/plantenettverk\/\" \/>\n<meta property=\"og:locale\" content=\"nb_NO\" \/>\n<meta property=\"og:type\" content=\"article\" \/>\n<meta property=\"og:title\" content=\"V\u00e5rt Plantenettverk. - Plante\" \/>\n<meta property=\"og:description\" content=\"Vi ber om og arbeider for at vi skal lykkes med dr\u00f8mmen om \u00e5 plante nye menigheter og fellesskap.&nbsp; Det betyr at vi arbeider for [&hellip;]\" \/>\n<meta property=\"og:url\" content=\"https:\/\/www.normisjon.no\/plante\/plantenettverk\/\" \/>\n<meta property=\"og:site_name\" content=\"Plante\" \/>\n<meta property=\"article:modified_time\" content=\"2025-10-07T08:55:27+00:00\" \/>\n<meta name=\"twitter:card\" content=\"summary_large_image\" \/>\n<meta name=\"twitter:label1\" content=\"Ansl. lesetid\" \/>\n\t<meta name=\"twitter:data1\" content=\"1 minutt\" \/>\n<script type=\"application\/ld+json\" class=\"yoast-schema-graph\">{\"@context\":\"https:\/\/schema.org\",\"@graph\":[{\"@type\":\"WebPage\",\"@id\":\"https:\/\/www.normisjon.no\/plante\/plantenettverk\/\",\"url\":\"https:\/\/www.normisjon.no\/plante\/plantenettverk\/\",\"name\":\"V\u00e5rt Plantenettverk. - Plante\",\"isPartOf\":{\"@id\":\"https:\/\/www.normisjon.no\/plante\/#website\"},\"datePublished\":\"2024-06-05T23:56:59+00:00\",\"dateModified\":\"2025-10-07T08:55:27+00:00\",\"breadcrumb\":{\"@id\":\"https:\/\/www.normisjon.no\/plante\/plantenettverk\/#breadcrumb\"},\"inLanguage\":\"nb-NO\",\"potentialAction\":[{\"@type\":\"ReadAction\",\"target\":[\"https:\/\/www.normisjon.no\/plante\/plantenettverk\/\"]}]},{\"@type\":\"BreadcrumbList\",\"@id\":\"https:\/\/www.normisjon.no\/plante\/plantenettverk\/#breadcrumb\",\"itemListElement\":[{\"@type\":\"ListItem\",\"position\":1,\"name\":\"Hjem\",\"item\":\"https:\/\/www.normisjon.no\/plante\/\"},{\"@type\":\"ListItem\",\"position\":2,\"name\":\"V\u00e5rt Plantenettverk.\"}]},{\"@type\":\"WebSite\",\"@id\":\"https:\/\/www.normisjon.no\/plante\/#website\",\"url\":\"https:\/\/www.normisjon.no\/plante\/\",\"name\":\"Plante\",\"description\":\"\",\"potentialAction\":[{\"@type\":\"SearchAction\",\"target\":{\"@type\":\"EntryPoint\",\"urlTemplate\":\"https:\/\/www.normisjon.no\/plante\/?s={search_term_string}\"},\"query-input\":{\"@type\":\"PropertyValueSpecification\",\"valueRequired\":true,\"valueName\":\"search_term_string\"}}],\"inLanguage\":\"nb-NO\"}]}<\/script>\n<!-- \/ Yoast SEO plugin. -->","yoast_head_json":{"title":"V\u00e5rt Plantenettverk. - Plante","robots":{"index":"index","follow":"follow","max-snippet":"max-snippet:-1","max-image-preview":"max-image-preview:large","max-video-preview":"max-video-preview:-1"},"canonical":"https:\/\/www.normisjon.no\/plante\/plantenettverk\/","og_locale":"nb_NO","og_type":"article","og_title":"V\u00e5rt Plantenettverk. - Plante","og_description":"Vi ber om og arbeider for at vi skal lykkes med dr\u00f8mmen om \u00e5 plante nye menigheter og fellesskap.&nbsp; Det betyr at vi arbeider for [&hellip;]","og_url":"https:\/\/www.normisjon.no\/plante\/plantenettverk\/","og_site_name":"Plante","article_modified_time":"2025-10-07T08:55:27+00:00","twitter_card":"summary_large_image","twitter_misc":{"Ansl. lesetid":"1 minutt"},"schema":{"@context":"https:\/\/schema.org","@graph":[{"@type":"WebPage","@id":"https:\/\/www.normisjon.no\/plante\/plantenettverk\/","url":"https:\/\/www.normisjon.no\/plante\/plantenettverk\/","name":"V\u00e5rt Plantenettverk. - Plante","isPartOf":{"@id":"https:\/\/www.normisjon.no\/plante\/#website"},"datePublished":"2024-06-05T23:56:59+00:00","dateModified":"2025-10-07T08:55:27+00:00","breadcrumb":{"@id":"https:\/\/www.normisjon.no\/plante\/plantenettverk\/#breadcrumb"},"inLanguage":"nb-NO","potentialAction":[{"@type":"ReadAction","target":["https:\/\/www.normisjon.no\/plante\/plantenettverk\/"]}]},{"@type":"BreadcrumbList","@id":"https:\/\/www.normisjon.no\/plante\/plantenettverk\/#breadcrumb","itemListElement":[{"@type":"ListItem","position":1,"name":"Hjem","item":"https:\/\/www.normisjon.no\/plante\/"},{"@type":"ListItem","position":2,"name":"V\u00e5rt Plantenettverk."}]},{"@type":"WebSite","@id":"https:\/\/www.normisjon.no\/plante\/#website","url":"https:\/\/www.normisjon.no\/plante\/","name":"Plante","description":"","potentialAction":[{"@type":"SearchAction","target":{"@type":"EntryPoint","urlTemplate":"https:\/\/www.normisjon.no\/plante\/?s={search_term_string}"},"query-input":{"@type":"PropertyValueSpecification","valueRequired":true,"valueName":"search_term_string"}}],"inLanguage":"nb-NO"}]}},"_links":{"self":[{"href":"https:\/\/www.normisjon.no\/plante\/wp-json\/wp\/v2\/pages\/469","targetHints":{"allow":["GET"]}}],"collection":[{"href":"https:\/\/www.normisjon.no\/plante\/wp-json\/wp\/v2\/pages"}],"about":[{"href":"https:\/\/www.normisjon.no\/plante\/wp-json\/wp\/v2\/types\/page"}],"author":[{"embeddable":true,"href":"https:\/\/www.normisjon.no\/plante\/wp-json\/wp\/v2\/users\/82"}],"replies":[{"embeddable":true,"href":"https:\/\/www.normisjon.no\/plante\/wp-json\/wp\/v2\/comments?post=469"}],"version-history":[{"count":12,"href":"https:\/\/www.normisjon.no\/plante\/wp-json\/wp\/v2\/pages\/469\/revisions"}],"predecessor-version":[{"id":799,"href":"https:\/\/www.normisjon.no\/plante\/wp-json\/wp\/v2\/pages\/469\/revisions\/799"}],"wp:attachment":[{"href":"https:\/\/www.normisjon.no\/plante\/wp-json\/wp\/v2\/media?parent=469"}],"curies":[{"name":"wp","href":"https:\/\/api.w.org\/{rel}","templated":true}]}}