{"id":5,"date":"2024-05-03T12:52:11","date_gmt":"2024-05-03T10:52:11","guid":{"rendered":"https:\/\/www.normisjon.no\/plante\/?page_id=5"},"modified":"2026-02-25T12:27:01","modified_gmt":"2026-02-25T11:27:01","slug":"forside","status":"publish","type":"page","link":"https:\/\/www.normisjon.no\/plante\/","title":{"rendered":""},"content":{"rendered":"<div class=\"entry-content alignfull wp-block-post-content has-global-padding is-layout-constrained wp-block-post-content-is-layout-constrained\">\n<div class=\"wp-block-group alignfull has-global-padding is-layout-constrained wp-block-group-is-layout-constrained\">\n<div class=\"wp-block-cover alignfull is-light has-parallax\"><div class=\"wp-block-cover__image-background wp-image-229 has-parallax\" style=\"background-position:50% 50%;background-image:url(https:\/\/www.normisjon.no\/content\/uploads\/sites\/44\/2024\/05\/Josefine-med-luft.jpg)\"><\/div><span aria-hidden=\"true\" class=\"wp-block-cover__background has-background-dim-20 has-background-dim\"><\/span><div class=\"wp-block-cover__inner-container is-layout-flow wp-block-cover-is-layout-flow\">\n<p class=\"has-text-align-center has-white-color has-text-color has-large-font-size\">Vil du gj\u00f8re Jesus synlig s\u00e5 mennesker i Norge kan bli forvandlet?<\/p>\n<\/div><\/div>\n<\/div>\n\n\n\n<div class=\"wp-block-buttons is-content-justification-center is-layout-flex wp-container-core-buttons-is-layout-a89b3969 wp-block-buttons-is-layout-flex\">\n<div class=\"wp-block-button\"><a class=\"wp-block-button__link wp-element-button\">Jeg vil bli med i nettverk<\/a><\/div>\n<\/div>\n\n\n<div class=\"t2-featured-content-layout alignwide alignwide wp-block-t2-featured-content-layout\" role=\"list\">\n<div class=\"t2-featured-single-post t2-featured-content is-post-type-page wp-block-t2-featured-single-post\" role=\"listitem\"><figure style=\"--t2-focal-point: 50% 50%;\" class=\"t2-post-featured-image has-image-ratio-4-3 wp-block-t2-post-featured-image\"><img loading=\"lazy\" decoding=\"async\" width=\"2560\" height=\"1923\" src=\"https:\/\/www.normisjon.no\/content\/uploads\/sites\/44\/2024\/05\/Josefine-og-Islam-3-edited-scaled.jpg\" class=\"attachment-post-thumbnail size-post-thumbnail wp-post-image\" alt=\"\" srcset=\"https:\/\/www.normisjon.no\/content\/uploads\/sites\/44\/2024\/05\/Josefine-og-Islam-3-edited-scaled.jpg 2560w, https:\/\/www.normisjon.no\/content\/uploads\/sites\/44\/2024\/05\/Josefine-og-Islam-3-edited-300x225.jpg 300w, https:\/\/www.normisjon.no\/content\/uploads\/sites\/44\/2024\/05\/Josefine-og-Islam-3-edited-1024x769.jpg 1024w, https:\/\/www.normisjon.no\/content\/uploads\/sites\/44\/2024\/05\/Josefine-og-Islam-3-edited-768x577.jpg 768w, https:\/\/www.normisjon.no\/content\/uploads\/sites\/44\/2024\/05\/Josefine-og-Islam-3-edited-1536x1154.jpg 1536w\" sizes=\"auto, (max-width: 2560px) 100vw, 2560px\" \/><\/figure>\n\n<div class=\"wp-block-group alignfull is-layout-flow wp-block-group-is-layout-flow\">\n\t<div class=\"t2-post-dynamic-part is-source-filter filter-card_meta card-meta wp-block-t2-post-dynamic-part\"><span class=\"card-meta__date\">06.05.2024<\/span><\/div>\n\t<h3 class=\"t2-post-title wp-block-t2-post-title\"><a href=\"https:\/\/www.normisjon.no\/plante\/hva-planter-vi\/\" class=\"t2-post-link\" target=\"_self\" >Hva er planting?<\/a><\/h3>\n\t<div class=\"t2-post-excerpt wp-block-t2-post-excerpt\"><p>Planting refererer til&nbsp;prosessen&nbsp;som resulterer i at et nytt kristent fellesskap eller menighet blir til! Planting er en strategi og metode for misjon i et bestemt [&hellip;]<\/p><\/div>\n<\/div>\n\n<\/div>\n\n<div class=\"t2-featured-single-post t2-featured-content is-post-type-page wp-block-t2-featured-single-post\" role=\"listitem\"><figure style=\"--t2-focal-point: 50% 50%;\" class=\"t2-post-featured-image has-image-ratio-4-3 wp-block-t2-post-featured-image\"><img loading=\"lazy\" decoding=\"async\" width=\"2560\" height=\"2560\" src=\"https:\/\/www.normisjon.no\/content\/uploads\/sites\/44\/2024\/06\/bIBEL-BESKJAERT-scaled.jpg\" class=\"attachment-post-thumbnail size-post-thumbnail wp-post-image\" alt=\"\" srcset=\"https:\/\/www.normisjon.no\/content\/uploads\/sites\/44\/2024\/06\/bIBEL-BESKJAERT-scaled.jpg 2560w, https:\/\/www.normisjon.no\/content\/uploads\/sites\/44\/2024\/06\/bIBEL-BESKJAERT-300x300.jpg 300w, https:\/\/www.normisjon.no\/content\/uploads\/sites\/44\/2024\/06\/bIBEL-BESKJAERT-1024x1024.jpg 1024w, https:\/\/www.normisjon.no\/content\/uploads\/sites\/44\/2024\/06\/bIBEL-BESKJAERT-150x150.jpg 150w, https:\/\/www.normisjon.no\/content\/uploads\/sites\/44\/2024\/06\/bIBEL-BESKJAERT-768x768.jpg 768w, https:\/\/www.normisjon.no\/content\/uploads\/sites\/44\/2024\/06\/bIBEL-BESKJAERT-1536x1536.jpg 1536w, https:\/\/www.normisjon.no\/content\/uploads\/sites\/44\/2024\/06\/bIBEL-BESKJAERT-2048x2048.jpg 2048w, https:\/\/www.normisjon.no\/content\/uploads\/sites\/44\/2024\/06\/bIBEL-BESKJAERT-1920x1920.jpg 1920w, https:\/\/www.normisjon.no\/content\/uploads\/sites\/44\/2024\/06\/bIBEL-BESKJAERT-1360x1360.jpg 1360w, https:\/\/www.normisjon.no\/content\/uploads\/sites\/44\/2024\/06\/bIBEL-BESKJAERT-960x960.jpg 960w\" sizes=\"auto, (max-width: 2560px) 100vw, 2560px\" \/><\/figure>\n\n<div class=\"wp-block-group alignfull is-layout-flow wp-block-group-is-layout-flow\">\n\t<div class=\"t2-post-dynamic-part is-source-filter filter-card_meta card-meta wp-block-t2-post-dynamic-part\"><span class=\"card-meta__date\">30.05.2024<\/span><\/div>\n\t<h3 class=\"t2-post-title wp-block-t2-post-title\"><a href=\"https:\/\/www.normisjon.no\/plante\/grunner-for-a-plante\/\" class=\"t2-post-link\" target=\"_self\" >7 grunner for \u00e5 plante<\/a><\/h3>\n\t<div class=\"t2-post-excerpt wp-block-t2-post-excerpt\"><p>At flere skal f\u00e5 h\u00f8re om Jesus og h\u00f8re til i et kristent fellesskap er v\u00e5rt kall og v\u00e5r drivkraft i Normisjon. Jesus Kristus til [&hellip;]<\/p><\/div>\n<\/div>\n\n<\/div>\n\n<div class=\"t2-featured-single-post t2-featured-content is-post-type-page wp-block-t2-featured-single-post\" role=\"listitem\"><figure style=\"--t2-focal-point: 50% 50%;\" class=\"t2-post-featured-image has-image-ratio-4-3 wp-block-t2-post-featured-image\"><img loading=\"lazy\" decoding=\"async\" width=\"8192\" height=\"5464\" src=\"https:\/\/www.normisjon.no\/content\/uploads\/sites\/44\/2024\/05\/Arild-og-gjengen.jpg\" class=\"attachment-post-thumbnail size-post-thumbnail wp-post-image\" alt=\"\" srcset=\"https:\/\/www.normisjon.no\/content\/uploads\/sites\/44\/2024\/05\/Arild-og-gjengen.jpg 8192w, https:\/\/www.normisjon.no\/content\/uploads\/sites\/44\/2024\/05\/Arild-og-gjengen-300x200.jpg 300w, https:\/\/www.normisjon.no\/content\/uploads\/sites\/44\/2024\/05\/Arild-og-gjengen-1024x683.jpg 1024w, https:\/\/www.normisjon.no\/content\/uploads\/sites\/44\/2024\/05\/Arild-og-gjengen-768x512.jpg 768w, https:\/\/www.normisjon.no\/content\/uploads\/sites\/44\/2024\/05\/Arild-og-gjengen-1536x1025.jpg 1536w, https:\/\/www.normisjon.no\/content\/uploads\/sites\/44\/2024\/05\/Arild-og-gjengen-1360x907.jpg 1360w, https:\/\/www.normisjon.no\/content\/uploads\/sites\/44\/2024\/05\/Arild-og-gjengen-960x640.jpg 960w\" sizes=\"auto, (max-width: 8192px) 100vw, 8192px\" \/><\/figure>\n\n<div class=\"wp-block-group alignfull is-layout-flow wp-block-group-is-layout-flow\">\n\t<div class=\"t2-post-dynamic-part is-source-filter filter-card_meta card-meta wp-block-t2-post-dynamic-part\"><span class=\"card-meta__date\">07.05.2024<\/span><\/div>\n\t<h3 class=\"t2-post-title wp-block-t2-post-title\"><a href=\"https:\/\/www.normisjon.no\/plante\/hvordan-plante\/\" class=\"t2-post-link\" target=\"_self\" >Hvordan plante?<\/a><\/h3>\n\t<div class=\"t2-post-excerpt wp-block-t2-post-excerpt\"><p>Hvordan plante en menighet eller fellesskap kan se veldig forskjellig ut. \u00c5 starte et lite fellesskap krever noe annet enn et stort fellesskap. Store byer [&hellip;]<\/p><\/div>\n<\/div>\n\n<\/div>\n<\/div>\n\n\n<p><\/p>\n\n\n\n<p><\/p>\n\n\n\n<div style=\"background:none repeat scroll 0 0 #ccc;margin:0 auto;width:100%;\"><div style=\"position:relative;\"><img decoding=\"async\" style=\"display:block;height:auto;width:100%\" alt=\"\" src=\"https:\/\/im16.inviewer.se\/skiss\/95\/95LE0IPSJK.jpg\" \/><iframe title=\"VI VIL PLANTE FERDIG\" style=\"position:absolute;top:0;left:0;width:100%;height:100%;border:0;\" src=\"\/\/play.mediaflow.com\/ovp\/16\/95LE0IPSJK?theme=\" allow=\"autoplay; encrypted-media; picture-in-picture\" allowfullscreen><\/iframe><\/div><\/div>\n\n\n\n<p><\/p>\n\n\n\n<p><\/p>\n\n\n\n<p><\/p>\n<\/div>","protected":false},"excerpt":{"rendered":"","protected":false},"author":1,"featured_media":0,"parent":0,"menu_order":0,"comment_status":"closed","ping_status":"closed","template":"","meta":{"_acf_changed":false,"footnotes":""},"class_list":["post-5","page","type-page","status-publish","hentry"],"acf":[],"yoast_head":"<!-- This site is optimized with the Yoast SEO plugin v25.9 - https:\/\/yoast.com\/wordpress\/plugins\/seo\/ -->\n<title>- Plante<\/title>\n<meta name=\"robots\" content=\"index, follow, max-snippet:-1, max-image-preview:large, max-video-preview:-1\" \/>\n<link rel=\"canonical\" href=\"https:\/\/www.normisjon.no\/plante\/\" \/>\n<meta property=\"og:locale\" content=\"nb_NO\" \/>\n<meta property=\"og:type\" content=\"article\" \/>\n<meta property=\"og:title\" content=\"- Plante\" \/>\n<meta property=\"og:url\" content=\"https:\/\/www.normisjon.no\/plante\/\" \/>\n<meta property=\"og:site_name\" content=\"Plante\" \/>\n<meta property=\"article:modified_time\" content=\"2026-02-25T11:27:01+00:00\" \/>\n<meta property=\"og:image\" content=\"https:\/\/im16.inviewer.se\/skiss\/95\/95LE0IPSJK.jpg\" \/>\n<meta name=\"twitter:card\" content=\"summary_large_image\" \/>\n<meta name=\"twitter:label1\" content=\"Ansl. lesetid\" \/>\n\t<meta name=\"twitter:data1\" content=\"1 minutt\" \/>\n<script type=\"application\/ld+json\" class=\"yoast-schema-graph\">{\"@context\":\"https:\/\/schema.org\",\"@graph\":[{\"@type\":\"WebPage\",\"@id\":\"https:\/\/www.normisjon.no\/plante\/\",\"url\":\"https:\/\/www.normisjon.no\/plante\/\",\"name\":\"- Plante\",\"isPartOf\":{\"@id\":\"https:\/\/www.normisjon.no\/plante\/#website\"},\"primaryImageOfPage\":{\"@id\":\"https:\/\/www.normisjon.no\/plante\/#primaryimage\"},\"image\":{\"@id\":\"https:\/\/www.normisjon.no\/plante\/#primaryimage\"},\"thumbnailUrl\":\"https:\/\/im16.inviewer.se\/skiss\/95\/95LE0IPSJK.jpg\",\"datePublished\":\"2024-05-03T10:52:11+00:00\",\"dateModified\":\"2026-02-25T11:27:01+00:00\",\"inLanguage\":\"nb-NO\",\"potentialAction\":[{\"@type\":\"ReadAction\",\"target\":[\"https:\/\/www.normisjon.no\/plante\/\"]}]},{\"@type\":\"ImageObject\",\"inLanguage\":\"nb-NO\",\"@id\":\"https:\/\/www.normisjon.no\/plante\/#primaryimage\",\"url\":\"https:\/\/im16.inviewer.se\/skiss\/95\/95LE0IPSJK.jpg\",\"contentUrl\":\"https:\/\/im16.inviewer.se\/skiss\/95\/95LE0IPSJK.jpg\"},{\"@type\":\"WebSite\",\"@id\":\"https:\/\/www.normisjon.no\/plante\/#website\",\"url\":\"https:\/\/www.normisjon.no\/plante\/\",\"name\":\"Plante\",\"description\":\"\",\"potentialAction\":[{\"@type\":\"SearchAction\",\"target\":{\"@type\":\"EntryPoint\",\"urlTemplate\":\"https:\/\/www.normisjon.no\/plante\/?s={search_term_string}\"},\"query-input\":{\"@type\":\"PropertyValueSpecification\",\"valueRequired\":true,\"valueName\":\"search_term_string\"}}],\"inLanguage\":\"nb-NO\"}]}<\/script>\n<!-- \/ Yoast SEO plugin. -->","yoast_head_json":{"title":"- Plante","robots":{"index":"index","follow":"follow","max-snippet":"max-snippet:-1","max-image-preview":"max-image-preview:large","max-video-preview":"max-video-preview:-1"},"canonical":"https:\/\/www.normisjon.no\/plante\/","og_locale":"nb_NO","og_type":"article","og_title":"- Plante","og_url":"https:\/\/www.normisjon.no\/plante\/","og_site_name":"Plante","article_modified_time":"2026-02-25T11:27:01+00:00","og_image":[{"url":"https:\/\/im16.inviewer.se\/skiss\/95\/95LE0IPSJK.jpg","type":"","width":"","height":""}],"twitter_card":"summary_large_image","twitter_misc":{"Ansl. lesetid":"1 minutt"},"schema":{"@context":"https:\/\/schema.org","@graph":[{"@type":"WebPage","@id":"https:\/\/www.normisjon.no\/plante\/","url":"https:\/\/www.normisjon.no\/plante\/","name":"- Plante","isPartOf":{"@id":"https:\/\/www.normisjon.no\/plante\/#website"},"primaryImageOfPage":{"@id":"https:\/\/www.normisjon.no\/plante\/#primaryimage"},"image":{"@id":"https:\/\/www.normisjon.no\/plante\/#primaryimage"},"thumbnailUrl":"https:\/\/im16.inviewer.se\/skiss\/95\/95LE0IPSJK.jpg","datePublished":"2024-05-03T10:52:11+00:00","dateModified":"2026-02-25T11:27:01+00:00","inLanguage":"nb-NO","potentialAction":[{"@type":"ReadAction","target":["https:\/\/www.normisjon.no\/plante\/"]}]},{"@type":"ImageObject","inLanguage":"nb-NO","@id":"https:\/\/www.normisjon.no\/plante\/#primaryimage","url":"https:\/\/im16.inviewer.se\/skiss\/95\/95LE0IPSJK.jpg","contentUrl":"https:\/\/im16.inviewer.se\/skiss\/95\/95LE0IPSJK.jpg"},{"@type":"WebSite","@id":"https:\/\/www.normisjon.no\/plante\/#website","url":"https:\/\/www.normisjon.no\/plante\/","name":"Plante","description":"","potentialAction":[{"@type":"SearchAction","target":{"@type":"EntryPoint","urlTemplate":"https:\/\/www.normisjon.no\/plante\/?s={search_term_string}"},"query-input":{"@type":"PropertyValueSpecification","valueRequired":true,"valueName":"search_term_string"}}],"inLanguage":"nb-NO"}]}},"_links":{"self":[{"href":"https:\/\/www.normisjon.no\/plante\/wp-json\/wp\/v2\/pages\/5","targetHints":{"allow":["GET"]}}],"collection":[{"href":"https:\/\/www.normisjon.no\/plante\/wp-json\/wp\/v2\/pages"}],"about":[{"href":"https:\/\/www.normisjon.no\/plante\/wp-json\/wp\/v2\/types\/page"}],"author":[{"embeddable":true,"href":"https:\/\/www.normisjon.no\/plante\/wp-json\/wp\/v2\/users\/1"}],"replies":[{"embeddable":true,"href":"https:\/\/www.normisjon.no\/plante\/wp-json\/wp\/v2\/comments?post=5"}],"version-history":[{"count":109,"href":"https:\/\/www.normisjon.no\/plante\/wp-json\/wp\/v2\/pages\/5\/revisions"}],"predecessor-version":[{"id":820,"href":"https:\/\/www.normisjon.no\/plante\/wp-json\/wp\/v2\/pages\/5\/revisions\/820"}],"wp:attachment":[{"href":"https:\/\/www.normisjon.no\/plante\/wp-json\/wp\/v2\/media?parent=5"}],"curies":[{"name":"wp","href":"https:\/\/api.w.org\/{rel}","templated":true}]}}