{"id":2656,"date":"2019-05-24T10:55:26","date_gmt":"2019-05-24T08:55:26","guid":{"rendered":"https:\/\/www.normisjon.no\/rogaland\/?page_id=2656"},"modified":"2019-07-12T10:57:00","modified_gmt":"2019-07-12T08:57:00","slug":"vaulalidagen","status":"publish","type":"page","link":"https:\/\/www.normisjon.no\/rogaland\/vaulalidagen\/","title":{"rendered":"Vaulalidagen"},"content":{"rendered":"<div id=\"module-0\" class=\"hogan-module hogan-module-grid hogan-module-0 hogan-grid-has-theme hogan-grid-theme-blue\"><div class=\"hogan-module-inner\"><h2 class=\"hogan-heading\">Vaulalidagen 2019<\/h2><div class=\"hogan-grid hogan-grid-text-center hogan-grid-size-dynamic\">\n\t<div class=\"hogan-grid-inner\">\n\t\t\t\t\t<div class=\"hogan-grid-item hogan-grid-item-size-small hogan-grid-item-type-post savage-has-image savage-has-heading\">\n\t\t\t\t<div class=\"hogan-grid-item-inner\">\n\t\t\t\t\t<div class=\"savage-card-image\">\n\t<div class=\"savage-card-image-inner\">\n\t\t<span class=\"savage-card-image-image\" style=\"background-image: url(https:\/\/www.normisjon.no\/content\/uploads\/sites\/18\/2019\/07\/Misjonsl\u00f8p-Vaulali-768x355.jpg);\"><\/span>\t<\/div>\n<\/div>\n\t\t<div class=\"savage-card-body\">\n\t\t\t<div class=\"savage-card-body-inner\">\n\t\t\t\t<div class=\"savage-card__date\">Publisert: 12. juli 2019<\/div><h2 class=\"savage-card-heading\">Finn sponsorer allerede n\u00e5!<\/h2>\t\t\t<\/div>\n\t\t<\/div>\n\t\t<a href=\"https:\/\/www.normisjon.no\/rogaland\/2019\/07\/12\/finn-sponsorer-allerede-na\/\" class=\"savage-card-link\"><span class=\"screen-reader-text\">Read article &quot;Finn sponsorer allerede n\u00e5!&quot;<\/span><\/a>\t\t\t\t<\/div>\n\t\t\t<\/div>\n\t\t\t\t\t\t<div class=\"hogan-grid-item hogan-grid-item-size-small hogan-grid-item-type-savage_custom_card savage-has-image savage-has-background savage-bg-default savage-has-heading savage-has-excerpt\">\n\t\t\t\t<div class=\"hogan-grid-item-inner\">\n\t\t\t\t\t<div class=\"savage-card-image\">\n\t<div class=\"savage-card-image-inner\">\n\t\t<span class=\"savage-card-image-image\" style=\"background-image: url(https:\/\/www.normisjon.no\/content\/uploads\/sites\/18\/2019\/07\/L\u00f8p-for-jentene-i-India4-768x170.jpg);\"><\/span>\t<\/div>\n<\/div>\n\t\t<div class=\"savage-card-body\">\n\t\t\t<div class=\"savage-card-body-inner\">\n\t\t\t\t<h2 class=\"savage-card-heading\">Misjonsl\u00f8p<\/h2><p class=\"savage-card-excerpt\">L\u00f8p for jentene i India <\/br>\r\nOpprett din egen innsamling!<\/p>\t\t\t<\/div>\n\t\t<\/div>\n\t\t<a href=\"https:\/\/bidra.normisjon.no\/rogaland\" class=\"savage-card-link\" target=\"_blank\"><span class=\"screen-reader-text\">Read article &quot;Misjonsl\u00f8p&quot;<\/span><\/a>\t\t\t\t<\/div>\n\t\t\t<\/div>\n\t\t\t\t\t\t<div class=\"hogan-grid-item hogan-grid-item-size-small hogan-grid-item-type-post savage-has-image savage-has-heading savage-has-excerpt\">\n\t\t\t\t<div class=\"hogan-grid-item-inner\">\n\t\t\t\t\t<div class=\"savage-card-image\">\n\t<div class=\"savage-card-image-inner\">\n\t\t<span class=\"savage-card-image-image\" style=\"background-image: url(https:\/\/www.normisjon.no\/content\/uploads\/sites\/18\/2019\/05\/Tuva.jpg);\"><\/span>\t<\/div>\n<\/div>\n\t\t<div class=\"savage-card-body\">\n\t\t\t<div class=\"savage-card-body-inner\">\n\t\t\t\t<div class=\"savage-card__date\">Publisert: 31. mai 2019<\/div><h2 class=\"savage-card-heading\">Bli med p\u00e5 misjonsl\u00f8pet<\/h2><p class=\"savage-card-excerpt\">Vaulalidagen, 18.august<\/p>\t\t\t<\/div>\n\t\t<\/div>\n\t\t<a href=\"https:\/\/www.normisjon.no\/rogaland\/2019\/05\/31\/bli-med-pa-misjonslopet\/\" class=\"savage-card-link\"><span class=\"screen-reader-text\">Read article &quot;Bli med p\u00e5 misjonsl\u00f8pet&quot;<\/span><\/a>\t\t\t\t<\/div>\n\t\t\t<\/div>\n\t\t\t\t\t\t<div class=\"hogan-grid-item hogan-grid-item-size-small hogan-grid-item-type-post savage-has-image savage-has-heading\">\n\t\t\t\t<div class=\"hogan-grid-item-inner\">\n\t\t\t\t\t<div class=\"savage-card-image\">\n\t<div class=\"savage-card-image-inner\">\n\t\t<span class=\"savage-card-image-image\" style=\"background-image: url(https:\/\/www.normisjon.no\/content\/uploads\/sites\/18\/2018\/05\/Vaulali.jpg);\"><\/span>\t<\/div>\n<\/div>\n\t\t<div class=\"savage-card-body\">\n\t\t\t<div class=\"savage-card-body-inner\">\n\t\t\t\t<div class=\"savage-card__date\">Publisert: 31. mai 2019<\/div><h2 class=\"savage-card-heading\">Vaulalidagen 2019<\/h2>\t\t\t<\/div>\n\t\t<\/div>\n\t\t<a href=\"https:\/\/www.normisjon.no\/rogaland\/2019\/05\/31\/vaulalidagen-2019\/\" class=\"savage-card-link\"><span class=\"screen-reader-text\">Read article &quot;Vaulalidagen 2019&quot;<\/span><\/a>\t\t\t\t<\/div>\n\t\t\t<\/div>\n\t\t\t\t<\/div>\n<\/div>\n<\/div><\/div>","protected":false},"excerpt":{"rendered":"<p>Vaulalidagen 2019 Publisert: 12. juli 2019Finn sponsorer allerede n\u00e5! Read article &quot;Finn sponsorer allerede n\u00e5!&quot; Misjonsl\u00f8pL\u00f8p for jentene i India Opprett din egen innsamling! Read [&hellip;]<\/p>\n","protected":false},"author":21,"featured_media":427,"parent":0,"menu_order":0,"comment_status":"closed","ping_status":"closed","template":"","meta":{"_acf_changed":false,"footnotes":""},"class_list":["post-2656","page","type-page","status-publish","has-post-thumbnail","hentry"],"acf":[],"yoast_head":"<!-- This site is optimized with the Yoast SEO plugin v25.9 - https:\/\/yoast.com\/wordpress\/plugins\/seo\/ -->\n<title>Vaulalidagen - Region Rogaland<\/title>\n<meta name=\"robots\" content=\"index, follow, max-snippet:-1, max-image-preview:large, max-video-preview:-1\" \/>\n<link rel=\"canonical\" href=\"https:\/\/www.normisjon.no\/rogaland\/vaulalidagen\/\" \/>\n<meta property=\"og:locale\" content=\"nb_NO\" \/>\n<meta property=\"og:type\" content=\"article\" \/>\n<meta property=\"og:title\" content=\"Vaulalidagen - Region Rogaland\" \/>\n<meta property=\"og:description\" content=\"Vaulalidagen 2019 Publisert: 12. juli 2019Finn sponsorer allerede n\u00e5! Read article &quot;Finn sponsorer allerede n\u00e5!&quot; Misjonsl\u00f8pL\u00f8p for jentene i India Opprett din egen innsamling! Read [&hellip;]\" \/>\n<meta property=\"og:url\" content=\"https:\/\/www.normisjon.no\/rogaland\/vaulalidagen\/\" \/>\n<meta property=\"og:site_name\" content=\"Region Rogaland\" \/>\n<meta property=\"article:modified_time\" content=\"2019-07-12T08:57:00+00:00\" \/>\n<meta property=\"og:image\" content=\"https:\/\/www.normisjon.no\/content\/uploads\/sites\/18\/2018\/05\/Vaulali.jpg\" \/>\n\t<meta property=\"og:image:width\" content=\"540\" \/>\n\t<meta property=\"og:image:height\" content=\"360\" \/>\n\t<meta property=\"og:image:type\" content=\"image\/jpeg\" \/>\n<meta name=\"twitter:card\" content=\"summary_large_image\" \/>\n<script type=\"application\/ld+json\" class=\"yoast-schema-graph\">{\"@context\":\"https:\/\/schema.org\",\"@graph\":[{\"@type\":\"WebPage\",\"@id\":\"https:\/\/www.normisjon.no\/rogaland\/vaulalidagen\/\",\"url\":\"https:\/\/www.normisjon.no\/rogaland\/vaulalidagen\/\",\"name\":\"Vaulalidagen - Region Rogaland\",\"isPartOf\":{\"@id\":\"https:\/\/www.normisjon.no\/rogaland\/#website\"},\"primaryImageOfPage\":{\"@id\":\"https:\/\/www.normisjon.no\/rogaland\/vaulalidagen\/#primaryimage\"},\"image\":{\"@id\":\"https:\/\/www.normisjon.no\/rogaland\/vaulalidagen\/#primaryimage\"},\"thumbnailUrl\":\"https:\/\/www.normisjon.no\/content\/uploads\/sites\/18\/2018\/05\/Vaulali.jpg\",\"datePublished\":\"2019-05-24T08:55:26+00:00\",\"dateModified\":\"2019-07-12T08:57:00+00:00\",\"breadcrumb\":{\"@id\":\"https:\/\/www.normisjon.no\/rogaland\/vaulalidagen\/#breadcrumb\"},\"inLanguage\":\"nb-NO\",\"potentialAction\":[{\"@type\":\"ReadAction\",\"target\":[\"https:\/\/www.normisjon.no\/rogaland\/vaulalidagen\/\"]}]},{\"@type\":\"ImageObject\",\"inLanguage\":\"nb-NO\",\"@id\":\"https:\/\/www.normisjon.no\/rogaland\/vaulalidagen\/#primaryimage\",\"url\":\"https:\/\/www.normisjon.no\/content\/uploads\/sites\/18\/2018\/05\/Vaulali.jpg\",\"contentUrl\":\"https:\/\/www.normisjon.no\/content\/uploads\/sites\/18\/2018\/05\/Vaulali.jpg\",\"width\":540,\"height\":360},{\"@type\":\"BreadcrumbList\",\"@id\":\"https:\/\/www.normisjon.no\/rogaland\/vaulalidagen\/#breadcrumb\",\"itemListElement\":[{\"@type\":\"ListItem\",\"position\":1,\"name\":\"Home\",\"item\":\"https:\/\/www.normisjon.no\/rogaland\/\"},{\"@type\":\"ListItem\",\"position\":2,\"name\":\"Vaulalidagen\"}]},{\"@type\":\"WebSite\",\"@id\":\"https:\/\/www.normisjon.no\/rogaland\/#website\",\"url\":\"https:\/\/www.normisjon.no\/rogaland\/\",\"name\":\"Region Rogaland\",\"description\":\"\",\"potentialAction\":[{\"@type\":\"SearchAction\",\"target\":{\"@type\":\"EntryPoint\",\"urlTemplate\":\"https:\/\/www.normisjon.no\/rogaland\/?s={search_term_string}\"},\"query-input\":{\"@type\":\"PropertyValueSpecification\",\"valueRequired\":true,\"valueName\":\"search_term_string\"}}],\"inLanguage\":\"nb-NO\"}]}<\/script>\n<!-- \/ Yoast SEO plugin. -->","yoast_head_json":{"title":"Vaulalidagen - Region Rogaland","robots":{"index":"index","follow":"follow","max-snippet":"max-snippet:-1","max-image-preview":"max-image-preview:large","max-video-preview":"max-video-preview:-1"},"canonical":"https:\/\/www.normisjon.no\/rogaland\/vaulalidagen\/","og_locale":"nb_NO","og_type":"article","og_title":"Vaulalidagen - Region Rogaland","og_description":"Vaulalidagen 2019 Publisert: 12. juli 2019Finn sponsorer allerede n\u00e5! Read article &quot;Finn sponsorer allerede n\u00e5!&quot; Misjonsl\u00f8pL\u00f8p for jentene i India Opprett din egen innsamling! Read [&hellip;]","og_url":"https:\/\/www.normisjon.no\/rogaland\/vaulalidagen\/","og_site_name":"Region Rogaland","article_modified_time":"2019-07-12T08:57:00+00:00","og_image":[{"width":540,"height":360,"url":"https:\/\/www.normisjon.no\/content\/uploads\/sites\/18\/2018\/05\/Vaulali.jpg","type":"image\/jpeg"}],"twitter_card":"summary_large_image","schema":{"@context":"https:\/\/schema.org","@graph":[{"@type":"WebPage","@id":"https:\/\/www.normisjon.no\/rogaland\/vaulalidagen\/","url":"https:\/\/www.normisjon.no\/rogaland\/vaulalidagen\/","name":"Vaulalidagen - Region Rogaland","isPartOf":{"@id":"https:\/\/www.normisjon.no\/rogaland\/#website"},"primaryImageOfPage":{"@id":"https:\/\/www.normisjon.no\/rogaland\/vaulalidagen\/#primaryimage"},"image":{"@id":"https:\/\/www.normisjon.no\/rogaland\/vaulalidagen\/#primaryimage"},"thumbnailUrl":"https:\/\/www.normisjon.no\/content\/uploads\/sites\/18\/2018\/05\/Vaulali.jpg","datePublished":"2019-05-24T08:55:26+00:00","dateModified":"2019-07-12T08:57:00+00:00","breadcrumb":{"@id":"https:\/\/www.normisjon.no\/rogaland\/vaulalidagen\/#breadcrumb"},"inLanguage":"nb-NO","potentialAction":[{"@type":"ReadAction","target":["https:\/\/www.normisjon.no\/rogaland\/vaulalidagen\/"]}]},{"@type":"ImageObject","inLanguage":"nb-NO","@id":"https:\/\/www.normisjon.no\/rogaland\/vaulalidagen\/#primaryimage","url":"https:\/\/www.normisjon.no\/content\/uploads\/sites\/18\/2018\/05\/Vaulali.jpg","contentUrl":"https:\/\/www.normisjon.no\/content\/uploads\/sites\/18\/2018\/05\/Vaulali.jpg","width":540,"height":360},{"@type":"BreadcrumbList","@id":"https:\/\/www.normisjon.no\/rogaland\/vaulalidagen\/#breadcrumb","itemListElement":[{"@type":"ListItem","position":1,"name":"Home","item":"https:\/\/www.normisjon.no\/rogaland\/"},{"@type":"ListItem","position":2,"name":"Vaulalidagen"}]},{"@type":"WebSite","@id":"https:\/\/www.normisjon.no\/rogaland\/#website","url":"https:\/\/www.normisjon.no\/rogaland\/","name":"Region Rogaland","description":"","potentialAction":[{"@type":"SearchAction","target":{"@type":"EntryPoint","urlTemplate":"https:\/\/www.normisjon.no\/rogaland\/?s={search_term_string}"},"query-input":{"@type":"PropertyValueSpecification","valueRequired":true,"valueName":"search_term_string"}}],"inLanguage":"nb-NO"}]}},"_links":{"self":[{"href":"https:\/\/www.normisjon.no\/rogaland\/wp-json\/wp\/v2\/pages\/2656","targetHints":{"allow":["GET"]}}],"collection":[{"href":"https:\/\/www.normisjon.no\/rogaland\/wp-json\/wp\/v2\/pages"}],"about":[{"href":"https:\/\/www.normisjon.no\/rogaland\/wp-json\/wp\/v2\/types\/page"}],"author":[{"embeddable":true,"href":"https:\/\/www.normisjon.no\/rogaland\/wp-json\/wp\/v2\/users\/21"}],"replies":[{"embeddable":true,"href":"https:\/\/www.normisjon.no\/rogaland\/wp-json\/wp\/v2\/comments?post=2656"}],"version-history":[{"count":3,"href":"https:\/\/www.normisjon.no\/rogaland\/wp-json\/wp\/v2\/pages\/2656\/revisions"}],"predecessor-version":[{"id":2749,"href":"https:\/\/www.normisjon.no\/rogaland\/wp-json\/wp\/v2\/pages\/2656\/revisions\/2749"}],"wp:featuredmedia":[{"embeddable":true,"href":"https:\/\/www.normisjon.no\/rogaland\/wp-json\/wp\/v2\/media\/427"}],"wp:attachment":[{"href":"https:\/\/www.normisjon.no\/rogaland\/wp-json\/wp\/v2\/media?parent=2656"}],"curies":[{"name":"wp","href":"https:\/\/api.w.org\/{rel}","templated":true}]}}