{"id":3684,"date":"2020-06-29T13:53:59","date_gmt":"2020-06-29T11:53:59","guid":{"rendered":"https:\/\/www.normisjon.no\/rogaland\/?page_id=3684"},"modified":"2020-07-28T15:52:23","modified_gmt":"2020-07-28T13:52:23","slug":"salgsvilkar","status":"publish","type":"page","link":"https:\/\/www.normisjon.no\/rogaland\/salgsvilkar\/","title":{"rendered":"Salgsvilk\u00e5r"},"content":{"rendered":"<div id=\"module-0\" class=\"hogan-module hogan-module-text hogan-module-0\"><div class=\"hogan-module-inner\"><p>for Normisjon region Rogaland sin digitale leirbasar<\/p>\n<p>1. Bestilte \u00e5rer (lodd) kan lastes ned umiddelbart etter kj\u00f8p.<br \/>\n2. Det er ikke angrerett p\u00e5 bestilte \u00e5rer (lodd).<\/p>\n<p>Mer om angrerett kan lese p\u00e5 <a href=\"https:\/\/www.forbrukerradet.no\/forside\/angrer-du-pa-et-kjop\/\" target=\"_blank\" rel=\"noopener\">Forbrukerr\u00e5dets sider<\/a> (ekstern link). <\/p>\n<p><a href=\"https:\/\/www.normisjon.no\/content\/uploads\/sites\/18\/2020\/06\/Angreskjema.pdf\" target=\"_blank\" rel=\"noopener\">Last ned angrerettskjema her<\/a><\/p>\n<div class=\"wp-block-image\">\n<figure class=\"aligncenter is-resized\"><img loading=\"lazy\" decoding=\"async\" class=\"wp-image-3655\" src=\"https:\/\/www.normisjon.no\/content\/uploads\/sites\/18\/2020\/06\/ROGALAND.jpg\" alt=\"\" width=\"128\" height=\"85\" \/><\/figure>\n<\/div>\n<p>&nbsp;<\/p>\n<p>&nbsp;<\/p><\/div><\/div>","protected":false},"excerpt":{"rendered":"<p>for Normisjon region Rogaland sin digitale leirbasar 1. Bestilte \u00e5rer (lodd) kan lastes ned umiddelbart etter kj\u00f8p. 2. Det er ikke angrerett p\u00e5 bestilte \u00e5rer [&hellip;]<\/p>\n","protected":false},"author":21,"featured_media":0,"parent":0,"menu_order":0,"comment_status":"closed","ping_status":"closed","template":"","meta":{"_acf_changed":false,"footnotes":""},"class_list":["post-3684","page","type-page","status-publish","hentry"],"acf":[],"yoast_head":"<!-- This site is optimized with the Yoast SEO plugin v25.9 - https:\/\/yoast.com\/wordpress\/plugins\/seo\/ -->\n<title>Salgsvilk\u00e5r - Region Rogaland<\/title>\n<meta name=\"robots\" content=\"index, follow, max-snippet:-1, max-image-preview:large, max-video-preview:-1\" \/>\n<link rel=\"canonical\" href=\"https:\/\/www.normisjon.no\/rogaland\/salgsvilkar\/\" \/>\n<meta property=\"og:locale\" content=\"nb_NO\" \/>\n<meta property=\"og:type\" content=\"article\" \/>\n<meta property=\"og:title\" content=\"Salgsvilk\u00e5r - Region Rogaland\" \/>\n<meta property=\"og:description\" content=\"for Normisjon region Rogaland sin digitale leirbasar 1. Bestilte \u00e5rer (lodd) kan lastes ned umiddelbart etter kj\u00f8p. 2. Det er ikke angrerett p\u00e5 bestilte \u00e5rer [&hellip;]\" \/>\n<meta property=\"og:url\" content=\"https:\/\/www.normisjon.no\/rogaland\/salgsvilkar\/\" \/>\n<meta property=\"og:site_name\" content=\"Region Rogaland\" \/>\n<meta property=\"article:modified_time\" content=\"2020-07-28T13:52:23+00:00\" \/>\n<meta name=\"twitter:card\" content=\"summary_large_image\" \/>\n<script type=\"application\/ld+json\" class=\"yoast-schema-graph\">{\"@context\":\"https:\/\/schema.org\",\"@graph\":[{\"@type\":\"WebPage\",\"@id\":\"https:\/\/www.normisjon.no\/rogaland\/salgsvilkar\/\",\"url\":\"https:\/\/www.normisjon.no\/rogaland\/salgsvilkar\/\",\"name\":\"Salgsvilk\u00e5r - Region Rogaland\",\"isPartOf\":{\"@id\":\"https:\/\/www.normisjon.no\/rogaland\/#website\"},\"datePublished\":\"2020-06-29T11:53:59+00:00\",\"dateModified\":\"2020-07-28T13:52:23+00:00\",\"breadcrumb\":{\"@id\":\"https:\/\/www.normisjon.no\/rogaland\/salgsvilkar\/#breadcrumb\"},\"inLanguage\":\"nb-NO\",\"potentialAction\":[{\"@type\":\"ReadAction\",\"target\":[\"https:\/\/www.normisjon.no\/rogaland\/salgsvilkar\/\"]}]},{\"@type\":\"BreadcrumbList\",\"@id\":\"https:\/\/www.normisjon.no\/rogaland\/salgsvilkar\/#breadcrumb\",\"itemListElement\":[{\"@type\":\"ListItem\",\"position\":1,\"name\":\"Home\",\"item\":\"https:\/\/www.normisjon.no\/rogaland\/\"},{\"@type\":\"ListItem\",\"position\":2,\"name\":\"Salgsvilk\u00e5r\"}]},{\"@type\":\"WebSite\",\"@id\":\"https:\/\/www.normisjon.no\/rogaland\/#website\",\"url\":\"https:\/\/www.normisjon.no\/rogaland\/\",\"name\":\"Region Rogaland\",\"description\":\"\",\"potentialAction\":[{\"@type\":\"SearchAction\",\"target\":{\"@type\":\"EntryPoint\",\"urlTemplate\":\"https:\/\/www.normisjon.no\/rogaland\/?s={search_term_string}\"},\"query-input\":{\"@type\":\"PropertyValueSpecification\",\"valueRequired\":true,\"valueName\":\"search_term_string\"}}],\"inLanguage\":\"nb-NO\"}]}<\/script>\n<!-- \/ Yoast SEO plugin. -->","yoast_head_json":{"title":"Salgsvilk\u00e5r - Region Rogaland","robots":{"index":"index","follow":"follow","max-snippet":"max-snippet:-1","max-image-preview":"max-image-preview:large","max-video-preview":"max-video-preview:-1"},"canonical":"https:\/\/www.normisjon.no\/rogaland\/salgsvilkar\/","og_locale":"nb_NO","og_type":"article","og_title":"Salgsvilk\u00e5r - Region Rogaland","og_description":"for Normisjon region Rogaland sin digitale leirbasar 1. Bestilte \u00e5rer (lodd) kan lastes ned umiddelbart etter kj\u00f8p. 2. Det er ikke angrerett p\u00e5 bestilte \u00e5rer [&hellip;]","og_url":"https:\/\/www.normisjon.no\/rogaland\/salgsvilkar\/","og_site_name":"Region Rogaland","article_modified_time":"2020-07-28T13:52:23+00:00","twitter_card":"summary_large_image","schema":{"@context":"https:\/\/schema.org","@graph":[{"@type":"WebPage","@id":"https:\/\/www.normisjon.no\/rogaland\/salgsvilkar\/","url":"https:\/\/www.normisjon.no\/rogaland\/salgsvilkar\/","name":"Salgsvilk\u00e5r - Region Rogaland","isPartOf":{"@id":"https:\/\/www.normisjon.no\/rogaland\/#website"},"datePublished":"2020-06-29T11:53:59+00:00","dateModified":"2020-07-28T13:52:23+00:00","breadcrumb":{"@id":"https:\/\/www.normisjon.no\/rogaland\/salgsvilkar\/#breadcrumb"},"inLanguage":"nb-NO","potentialAction":[{"@type":"ReadAction","target":["https:\/\/www.normisjon.no\/rogaland\/salgsvilkar\/"]}]},{"@type":"BreadcrumbList","@id":"https:\/\/www.normisjon.no\/rogaland\/salgsvilkar\/#breadcrumb","itemListElement":[{"@type":"ListItem","position":1,"name":"Home","item":"https:\/\/www.normisjon.no\/rogaland\/"},{"@type":"ListItem","position":2,"name":"Salgsvilk\u00e5r"}]},{"@type":"WebSite","@id":"https:\/\/www.normisjon.no\/rogaland\/#website","url":"https:\/\/www.normisjon.no\/rogaland\/","name":"Region Rogaland","description":"","potentialAction":[{"@type":"SearchAction","target":{"@type":"EntryPoint","urlTemplate":"https:\/\/www.normisjon.no\/rogaland\/?s={search_term_string}"},"query-input":{"@type":"PropertyValueSpecification","valueRequired":true,"valueName":"search_term_string"}}],"inLanguage":"nb-NO"}]}},"_links":{"self":[{"href":"https:\/\/www.normisjon.no\/rogaland\/wp-json\/wp\/v2\/pages\/3684","targetHints":{"allow":["GET"]}}],"collection":[{"href":"https:\/\/www.normisjon.no\/rogaland\/wp-json\/wp\/v2\/pages"}],"about":[{"href":"https:\/\/www.normisjon.no\/rogaland\/wp-json\/wp\/v2\/types\/page"}],"author":[{"embeddable":true,"href":"https:\/\/www.normisjon.no\/rogaland\/wp-json\/wp\/v2\/users\/21"}],"replies":[{"embeddable":true,"href":"https:\/\/www.normisjon.no\/rogaland\/wp-json\/wp\/v2\/comments?post=3684"}],"version-history":[{"count":4,"href":"https:\/\/www.normisjon.no\/rogaland\/wp-json\/wp\/v2\/pages\/3684\/revisions"}],"predecessor-version":[{"id":3724,"href":"https:\/\/www.normisjon.no\/rogaland\/wp-json\/wp\/v2\/pages\/3684\/revisions\/3724"}],"wp:attachment":[{"href":"https:\/\/www.normisjon.no\/rogaland\/wp-json\/wp\/v2\/media?parent=3684"}],"curies":[{"name":"wp","href":"https:\/\/api.w.org\/{rel}","templated":true}]}}