{"id":5146,"date":"2022-04-22T14:14:31","date_gmt":"2022-04-22T12:14:31","guid":{"rendered":"https:\/\/www.normisjon.no\/rogaland\/?page_id=5146"},"modified":"2022-04-22T14:14:31","modified_gmt":"2022-04-22T12:14:31","slug":"nytt-navn","status":"publish","type":"page","link":"https:\/\/www.normisjon.no\/rogaland\/nytt-navn\/","title":{"rendered":"Nytt navn"},"content":{"rendered":"<div class=\"entry-content alignfull wp-block-post-content has-global-padding is-layout-constrained wp-block-post-content-is-layout-constrained\">\n<p>Normisjonsforsamlinga p\u00e5 Vigrestad ble startet som et fellesskap i 2004, da med navnet Sundagssamling.no. Hovedfokus var samlinger annen hver s\u00f8ndag og et stort \u00f8nske om \u00e5 n\u00e5 20-40-generasjonen. Men behovet for noe mer vokste fram, f\u00f8rst med sm\u00e5grupper, videre med familiearbeid og \u00f8nske om \u00e5 f\u00e5 d\u00f8pe barna v\u00e5re inn i fellesskapet. Allerede i 2008 s\u00e5 lederskap og styre at fellesskapet gikk mot \u00e5 bli en forsamling, og navnet Sundagssamling.no, eller kallenavnet \u00abdotten\u00bb, var ikke lenger s\u00e5 dekkende.<\/p>\n\n\n\n<div class=\"wp-block-image\"><figure class=\"aligncenter size-full\"><img loading=\"lazy\" decoding=\"async\" width=\"320\" height=\"240\" src=\"https:\/\/www.normisjon.no\/content\/uploads\/sites\/18\/2022\/04\/Norkirken-Vigrestad_Bilde1.jpg\" alt=\"\" class=\"wp-image-5147\" srcset=\"https:\/\/www.normisjon.no\/content\/uploads\/sites\/18\/2022\/04\/Norkirken-Vigrestad_Bilde1.jpg 320w, https:\/\/www.normisjon.no\/content\/uploads\/sites\/18\/2022\/04\/Norkirken-Vigrestad_Bilde1-300x225.jpg 300w\" sizes=\"auto, (max-width: 320px) 100vw, 320px\" \/><\/figure><\/div>\n\n\n\n<p>Men kunne vi ta navnet Norkirken? Dette var det delte meninger om. Bokm\u00e5lsordet var litt unaturlig i den j\u00e6rske dialekten, og var det et for stort steg \u00e5 ta kirkenavnet, var sp\u00f8rsm\u00e5l som ble stilt. P\u00e5 \u00e5rsm\u00f8tet i 2009 \u00f8nsket lederskapet at medlemmene stemte over en navneendring, Norkirken Vigrestad og Norforsamlinga Vigrestad var de nye alternativene. Det var navnet Norforsamlinga Vigrestad som fikk flertallet av stemmene. Og navnet har vi b\u00e5ret med stolthet gjennom 12 \u00e5r. Likevel har \u00f8nsket om \u00e5 tilh\u00f8re Norkirkefamilien ogs\u00e5 i navnet, stadig blitt sterkere. Ved \u00e5rskiftet 2021-2022 ble Johan H\u00f8lland ansatt som ny hovedpastor, og da var tiden ogs\u00e5 moden for et navneskifte. P\u00e5 \u00e5rsm\u00f8tet i februar 2022 ble navnet Norkirken Vigrestad stemt inn med stort flertall. Endelig kan vi med stolthet og glede (og litt knoting, er det norkj\u00f8rkj\u00e5, eller norkykja?) kalle oss Norkirken Vigrestad! Fortsatt med m\u00e5l om \u00e5 v\u00e6re familie, leve menighet og gj\u00f8re disipler. Og visjonen er fortsatt n\u00e6rhet til Jesus, n\u00e6rhet til hverandre og n\u00e6rhet til omverda.<\/p>\n<\/div>","protected":false},"excerpt":{"rendered":"<p>Normisjonsforsamlinga p\u00e5 Vigrestad ble startet som et fellesskap i 2004, da med navnet Sundagssamling.no. Hovedfokus var samlinger annen hver s\u00f8ndag og et stort \u00f8nske om [&hellip;]<\/p>\n","protected":false},"author":21,"featured_media":5147,"parent":0,"menu_order":0,"comment_status":"closed","ping_status":"closed","template":"","meta":{"_acf_changed":false,"footnotes":""},"class_list":["post-5146","page","type-page","status-publish","has-post-thumbnail","hentry"],"acf":[],"yoast_head":"<!-- This site is optimized with the Yoast SEO plugin v25.9 - https:\/\/yoast.com\/wordpress\/plugins\/seo\/ -->\n<title>Nytt navn - Region Rogaland<\/title>\n<meta name=\"robots\" content=\"index, follow, max-snippet:-1, max-image-preview:large, max-video-preview:-1\" \/>\n<link rel=\"canonical\" href=\"https:\/\/www.normisjon.no\/rogaland\/nytt-navn\/\" \/>\n<meta property=\"og:locale\" content=\"nb_NO\" \/>\n<meta property=\"og:type\" content=\"article\" \/>\n<meta property=\"og:title\" content=\"Nytt navn - Region Rogaland\" \/>\n<meta property=\"og:description\" content=\"Normisjonsforsamlinga p\u00e5 Vigrestad ble startet som et fellesskap i 2004, da med navnet Sundagssamling.no. Hovedfokus var samlinger annen hver s\u00f8ndag og et stort \u00f8nske om [&hellip;]\" \/>\n<meta property=\"og:url\" content=\"https:\/\/www.normisjon.no\/rogaland\/nytt-navn\/\" \/>\n<meta property=\"og:site_name\" content=\"Region Rogaland\" \/>\n<meta property=\"og:image\" content=\"https:\/\/www.normisjon.no\/content\/uploads\/sites\/18\/2022\/04\/Norkirken-Vigrestad_Bilde1.jpg\" \/>\n\t<meta property=\"og:image:width\" content=\"320\" \/>\n\t<meta property=\"og:image:height\" content=\"240\" \/>\n\t<meta property=\"og:image:type\" content=\"image\/jpeg\" \/>\n<meta name=\"twitter:card\" content=\"summary_large_image\" \/>\n<meta name=\"twitter:label1\" content=\"Ansl. lesetid\" \/>\n\t<meta name=\"twitter:data1\" content=\"2 minutter\" \/>\n<script type=\"application\/ld+json\" class=\"yoast-schema-graph\">{\"@context\":\"https:\/\/schema.org\",\"@graph\":[{\"@type\":\"WebPage\",\"@id\":\"https:\/\/www.normisjon.no\/rogaland\/nytt-navn\/\",\"url\":\"https:\/\/www.normisjon.no\/rogaland\/nytt-navn\/\",\"name\":\"Nytt navn - Region Rogaland\",\"isPartOf\":{\"@id\":\"https:\/\/www.normisjon.no\/rogaland\/#website\"},\"primaryImageOfPage\":{\"@id\":\"https:\/\/www.normisjon.no\/rogaland\/nytt-navn\/#primaryimage\"},\"image\":{\"@id\":\"https:\/\/www.normisjon.no\/rogaland\/nytt-navn\/#primaryimage\"},\"thumbnailUrl\":\"https:\/\/www.normisjon.no\/content\/uploads\/sites\/18\/2022\/04\/Norkirken-Vigrestad_Bilde1.jpg\",\"datePublished\":\"2022-04-22T12:14:31+00:00\",\"breadcrumb\":{\"@id\":\"https:\/\/www.normisjon.no\/rogaland\/nytt-navn\/#breadcrumb\"},\"inLanguage\":\"nb-NO\",\"potentialAction\":[{\"@type\":\"ReadAction\",\"target\":[\"https:\/\/www.normisjon.no\/rogaland\/nytt-navn\/\"]}]},{\"@type\":\"ImageObject\",\"inLanguage\":\"nb-NO\",\"@id\":\"https:\/\/www.normisjon.no\/rogaland\/nytt-navn\/#primaryimage\",\"url\":\"https:\/\/www.normisjon.no\/content\/uploads\/sites\/18\/2022\/04\/Norkirken-Vigrestad_Bilde1.jpg\",\"contentUrl\":\"https:\/\/www.normisjon.no\/content\/uploads\/sites\/18\/2022\/04\/Norkirken-Vigrestad_Bilde1.jpg\",\"width\":320,\"height\":240},{\"@type\":\"BreadcrumbList\",\"@id\":\"https:\/\/www.normisjon.no\/rogaland\/nytt-navn\/#breadcrumb\",\"itemListElement\":[{\"@type\":\"ListItem\",\"position\":1,\"name\":\"Home\",\"item\":\"https:\/\/www.normisjon.no\/rogaland\/\"},{\"@type\":\"ListItem\",\"position\":2,\"name\":\"Nytt navn\"}]},{\"@type\":\"WebSite\",\"@id\":\"https:\/\/www.normisjon.no\/rogaland\/#website\",\"url\":\"https:\/\/www.normisjon.no\/rogaland\/\",\"name\":\"Region Rogaland\",\"description\":\"\",\"potentialAction\":[{\"@type\":\"SearchAction\",\"target\":{\"@type\":\"EntryPoint\",\"urlTemplate\":\"https:\/\/www.normisjon.no\/rogaland\/?s={search_term_string}\"},\"query-input\":{\"@type\":\"PropertyValueSpecification\",\"valueRequired\":true,\"valueName\":\"search_term_string\"}}],\"inLanguage\":\"nb-NO\"}]}<\/script>\n<!-- \/ Yoast SEO plugin. -->","yoast_head_json":{"title":"Nytt navn - Region Rogaland","robots":{"index":"index","follow":"follow","max-snippet":"max-snippet:-1","max-image-preview":"max-image-preview:large","max-video-preview":"max-video-preview:-1"},"canonical":"https:\/\/www.normisjon.no\/rogaland\/nytt-navn\/","og_locale":"nb_NO","og_type":"article","og_title":"Nytt navn - Region Rogaland","og_description":"Normisjonsforsamlinga p\u00e5 Vigrestad ble startet som et fellesskap i 2004, da med navnet Sundagssamling.no. Hovedfokus var samlinger annen hver s\u00f8ndag og et stort \u00f8nske om [&hellip;]","og_url":"https:\/\/www.normisjon.no\/rogaland\/nytt-navn\/","og_site_name":"Region Rogaland","og_image":[{"width":320,"height":240,"url":"https:\/\/www.normisjon.no\/content\/uploads\/sites\/18\/2022\/04\/Norkirken-Vigrestad_Bilde1.jpg","type":"image\/jpeg"}],"twitter_card":"summary_large_image","twitter_misc":{"Ansl. lesetid":"2 minutter"},"schema":{"@context":"https:\/\/schema.org","@graph":[{"@type":"WebPage","@id":"https:\/\/www.normisjon.no\/rogaland\/nytt-navn\/","url":"https:\/\/www.normisjon.no\/rogaland\/nytt-navn\/","name":"Nytt navn - Region Rogaland","isPartOf":{"@id":"https:\/\/www.normisjon.no\/rogaland\/#website"},"primaryImageOfPage":{"@id":"https:\/\/www.normisjon.no\/rogaland\/nytt-navn\/#primaryimage"},"image":{"@id":"https:\/\/www.normisjon.no\/rogaland\/nytt-navn\/#primaryimage"},"thumbnailUrl":"https:\/\/www.normisjon.no\/content\/uploads\/sites\/18\/2022\/04\/Norkirken-Vigrestad_Bilde1.jpg","datePublished":"2022-04-22T12:14:31+00:00","breadcrumb":{"@id":"https:\/\/www.normisjon.no\/rogaland\/nytt-navn\/#breadcrumb"},"inLanguage":"nb-NO","potentialAction":[{"@type":"ReadAction","target":["https:\/\/www.normisjon.no\/rogaland\/nytt-navn\/"]}]},{"@type":"ImageObject","inLanguage":"nb-NO","@id":"https:\/\/www.normisjon.no\/rogaland\/nytt-navn\/#primaryimage","url":"https:\/\/www.normisjon.no\/content\/uploads\/sites\/18\/2022\/04\/Norkirken-Vigrestad_Bilde1.jpg","contentUrl":"https:\/\/www.normisjon.no\/content\/uploads\/sites\/18\/2022\/04\/Norkirken-Vigrestad_Bilde1.jpg","width":320,"height":240},{"@type":"BreadcrumbList","@id":"https:\/\/www.normisjon.no\/rogaland\/nytt-navn\/#breadcrumb","itemListElement":[{"@type":"ListItem","position":1,"name":"Home","item":"https:\/\/www.normisjon.no\/rogaland\/"},{"@type":"ListItem","position":2,"name":"Nytt navn"}]},{"@type":"WebSite","@id":"https:\/\/www.normisjon.no\/rogaland\/#website","url":"https:\/\/www.normisjon.no\/rogaland\/","name":"Region Rogaland","description":"","potentialAction":[{"@type":"SearchAction","target":{"@type":"EntryPoint","urlTemplate":"https:\/\/www.normisjon.no\/rogaland\/?s={search_term_string}"},"query-input":{"@type":"PropertyValueSpecification","valueRequired":true,"valueName":"search_term_string"}}],"inLanguage":"nb-NO"}]}},"_links":{"self":[{"href":"https:\/\/www.normisjon.no\/rogaland\/wp-json\/wp\/v2\/pages\/5146","targetHints":{"allow":["GET"]}}],"collection":[{"href":"https:\/\/www.normisjon.no\/rogaland\/wp-json\/wp\/v2\/pages"}],"about":[{"href":"https:\/\/www.normisjon.no\/rogaland\/wp-json\/wp\/v2\/types\/page"}],"author":[{"embeddable":true,"href":"https:\/\/www.normisjon.no\/rogaland\/wp-json\/wp\/v2\/users\/21"}],"replies":[{"embeddable":true,"href":"https:\/\/www.normisjon.no\/rogaland\/wp-json\/wp\/v2\/comments?post=5146"}],"version-history":[{"count":1,"href":"https:\/\/www.normisjon.no\/rogaland\/wp-json\/wp\/v2\/pages\/5146\/revisions"}],"predecessor-version":[{"id":5148,"href":"https:\/\/www.normisjon.no\/rogaland\/wp-json\/wp\/v2\/pages\/5146\/revisions\/5148"}],"wp:featuredmedia":[{"embeddable":true,"href":"https:\/\/www.normisjon.no\/rogaland\/wp-json\/wp\/v2\/media\/5147"}],"wp:attachment":[{"href":"https:\/\/www.normisjon.no\/rogaland\/wp-json\/wp\/v2\/media?parent=5146"}],"curies":[{"name":"wp","href":"https:\/\/api.w.org\/{rel}","templated":true}]}}