{"id":596,"date":"2018-06-01T14:33:51","date_gmt":"2018-06-01T12:33:51","guid":{"rendered":"https:\/\/www.normisjon.no\/region-rogaland\/?page_id=596"},"modified":"2018-08-22T13:52:11","modified_gmt":"2018-08-22T11:52:11","slug":"leir","status":"publish","type":"page","link":"https:\/\/www.normisjon.no\/rogaland\/leir\/","title":{"rendered":"Leir"},"content":{"rendered":"<div id=\"module-0\" class=\"hogan-module hogan-module-grid hogan-module-0 hogan-grid-has-theme hogan-grid-theme-greygrey\"><div class=\"hogan-module-inner\"><div class=\"hogan-grid hogan-grid-text-center hogan-grid-size-dynamic\">\n\t<div class=\"hogan-grid-inner\">\n\t\t\t\t\t<div class=\"hogan-grid-item hogan-grid-item-size-medium hogan-grid-item-type-post savage-has-image savage-has-heading\">\n\t\t\t\t<div class=\"hogan-grid-item-inner\">\n\t\t\t\t\t<div class=\"savage-card-image\">\n\t<div class=\"savage-card-image-inner\">\n\t\t<span class=\"savage-card-image-image\" style=\"background-image: url(https:\/\/www.normisjon.no\/content\/uploads\/sites\/18\/2018\/06\/IMG_6305-768x512.jpg);\"><\/span>\t<\/div>\n<\/div>\n\t\t<div class=\"savage-card-body\">\n\t\t\t<div class=\"savage-card-body-inner\">\n\t\t\t\t<div class=\"savage-card__date\">Publisert: 19. juni 2018<\/div><h2 class=\"savage-card-heading\">Leirer i 2018 i Rogaland<\/h2>\t\t\t<\/div>\n\t\t<\/div>\n\t\t<a href=\"https:\/\/www.normisjon.no\/rogaland\/2018\/06\/19\/leirer-i-2018-i-rogaland\/\" class=\"savage-card-link\"><span class=\"screen-reader-text\">Read article &quot;Leirer i 2018 i Rogaland&quot;<\/span><\/a>\t\t\t\t<\/div>\n\t\t\t<\/div>\n\t\t\t\t\t\t<div class=\"hogan-grid-item hogan-grid-item-size-small hogan-grid-item-type-savage_custom_card savage-has-image savage-has-background savage-bg-default savage-has-heading savage-has-excerpt\">\n\t\t\t\t<div class=\"hogan-grid-item-inner\">\n\t\t\t\t\t<div class=\"savage-card-image\">\n\t<div class=\"savage-card-image-inner\">\n\t\t<span class=\"savage-card-image-image\" style=\"background-image: url(https:\/\/www.normisjon.no\/content\/uploads\/sites\/18\/2024\/08\/IMG_1907-768x512.jpg);\"><\/span>\t<\/div>\n<\/div>\n\t\t<div class=\"savage-card-body\">\n\t\t\t<div class=\"savage-card-body-inner\">\n\t\t\t\t<h2 class=\"savage-card-heading\">10:13-festivalen<\/h2><p class=\"savage-card-excerpt\">Forh\u00e5ndsp\u00e5melding er \u00e5pen <\/br>\r\n13.-20. januar 2026!<\/p>\t\t\t<\/div>\n\t\t<\/div>\n\t\t<a href=\"http:\/\/www.1013.no\/\" class=\"savage-card-link\" target=\"_blank\"><span class=\"screen-reader-text\">Read article &quot;10:13-festivalen&quot;<\/span><\/a>\t\t\t\t<\/div>\n\t\t\t<\/div>\n\t\t\t\t<\/div>\n<\/div>\n<\/div><\/div><div id=\"module-1\" class=\"hogan-module hogan-module-grid hogan-module-1\"><div class=\"hogan-module-inner\"><h2 class=\"hogan-heading\">Informasjon om leir<\/h2><div class=\"hogan-grid hogan-grid-text-center hogan-grid-size-dynamic\">\n\t<div class=\"hogan-grid-inner\">\n\t\t\t\t\t<div class=\"hogan-grid-item hogan-grid-item-size-small hogan-grid-item-type-post savage-has-image savage-has-heading\">\n\t\t\t\t<div class=\"hogan-grid-item-inner\">\n\t\t\t\t\t<div class=\"savage-card-image\">\n\t<div class=\"savage-card-image-inner\">\n\t\t<span class=\"savage-card-image-image\" style=\"background-image: url(https:\/\/www.normisjon.no\/content\/uploads\/sites\/18\/2018\/06\/Leirklubben.png);\"><\/span>\t<\/div>\n<\/div>\n\t\t<div class=\"savage-card-body\">\n\t\t\t<div class=\"savage-card-body-inner\">\n\t\t\t\t<div class=\"savage-card__date\">Publisert: 14. juni 2018<\/div><h2 class=\"savage-card-heading\">Leirklubben Acta Rogaland<\/h2>\t\t\t<\/div>\n\t\t<\/div>\n\t\t<a href=\"https:\/\/www.normisjon.no\/rogaland\/2018\/06\/14\/leirklubben-acta-rogaland\/\" class=\"savage-card-link\"><span class=\"screen-reader-text\">Read article &quot;Leirklubben Acta Rogaland&quot;<\/span><\/a>\t\t\t\t<\/div>\n\t\t\t<\/div>\n\t\t\t\t\t\t<div class=\"hogan-grid-item hogan-grid-item-size-small hogan-grid-item-type-savage_custom_card savage-has-image savage-has-background savage-bg-default savage-has-heading\">\n\t\t\t\t<div class=\"hogan-grid-item-inner\">\n\t\t\t\t\t<div class=\"savage-card-image\">\n\t<div class=\"savage-card-image-inner\">\n\t\t<span class=\"savage-card-image-image\" style=\"background-image: url(https:\/\/www.normisjon.no\/content\/uploads\/sites\/18\/2018\/06\/2208_12580_d19f882e0d-1.png);\"><\/span>\t<\/div>\n<\/div>\n\t\t<div class=\"savage-card-body\">\n\t\t\t<div class=\"savage-card-body-inner\">\n\t\t\t\t<h2 class=\"savage-card-heading\">Leirst\u00f8tte<\/h2>\t\t\t<\/div>\n\t\t<\/div>\n\t\t<a href=\"https:\/\/www.acta.as\/om-acta\/for-lokallag\/leirstotte\" class=\"savage-card-link\" target=\"_blank\"><span class=\"screen-reader-text\">Read article &quot;Leirst\u00f8tte&quot;<\/span><\/a>\t\t\t\t<\/div>\n\t\t\t<\/div>\n\t\t\t\t\t\t<div class=\"hogan-grid-item hogan-grid-item-size-small hogan-grid-item-type-post savage-has-image savage-has-heading\">\n\t\t\t\t<div class=\"hogan-grid-item-inner\">\n\t\t\t\t\t<div class=\"savage-card-image\">\n\t<div class=\"savage-card-image-inner\">\n\t\t<span class=\"savage-card-image-image\" style=\"background-image: url(https:\/\/www.normisjon.no\/content\/uploads\/sites\/18\/2018\/06\/backlit-bright-dawn-697243.jpg);\"><\/span>\t<\/div>\n<\/div>\n\t\t<div class=\"savage-card-body\">\n\t\t\t<div class=\"savage-card-body-inner\">\n\t\t\t\t<div class=\"savage-card__date\">Publisert: 19. juni 2018<\/div><h2 class=\"savage-card-heading\">Informasjon om leir i Rogaland<\/h2>\t\t\t<\/div>\n\t\t<\/div>\n\t\t<a href=\"https:\/\/www.normisjon.no\/rogaland\/2018\/06\/19\/informasjon-om-leir-i-rogaland\/\" class=\"savage-card-link\"><span class=\"screen-reader-text\">Read article &quot;Informasjon om leir i Rogaland&quot;<\/span><\/a>\t\t\t\t<\/div>\n\t\t\t<\/div>\n\t\t\t\t\t\t<div class=\"hogan-grid-item hogan-grid-item-size-small hogan-grid-item-type-post savage-has-image savage-has-heading\">\n\t\t\t\t<div class=\"hogan-grid-item-inner\">\n\t\t\t\t\t<div class=\"savage-card-image\">\n\t<div class=\"savage-card-image-inner\">\n\t\t<span class=\"savage-card-image-image\" style=\"background-image: url(https:\/\/www.normisjon.no\/content\/uploads\/sites\/18\/2018\/06\/4k-wallpaper-adorable-blur-1148998.jpg);\"><\/span>\t<\/div>\n<\/div>\n\t\t<div class=\"savage-card-body\">\n\t\t\t<div class=\"savage-card-body-inner\">\n\t\t\t\t<div class=\"savage-card__date\">Publisert: 19. juni 2018<\/div><h2 class=\"savage-card-heading\">Informasjon om leirkonsepter og leirsteder<\/h2>\t\t\t<\/div>\n\t\t<\/div>\n\t\t<a href=\"https:\/\/www.normisjon.no\/rogaland\/2018\/06\/19\/informasjon-om-leirkonsepter-og-leirsteder\/\" class=\"savage-card-link\"><span class=\"screen-reader-text\">Read article &quot;Informasjon om leirkonsepter og leirsteder&quot;<\/span><\/a>\t\t\t\t<\/div>\n\t\t\t<\/div>\n\t\t\t\t<\/div>\n<\/div>\n<\/div><\/div>","protected":false},"excerpt":{"rendered":"<p>Publisert: 19. juni 2018Leirer i 2018 i Rogaland Read article &quot;Leirer i 2018 i Rogaland&quot; 10:13-festivalenForh\u00e5ndsp\u00e5melding er \u00e5pen 13.-20. januar 2026! Read article &quot;10:13-festivalen&quot; Informasjon [&hellip;]<\/p>\n","protected":false},"author":21,"featured_media":0,"parent":0,"menu_order":0,"comment_status":"closed","ping_status":"closed","template":"","meta":{"_acf_changed":false,"footnotes":""},"class_list":["post-596","page","type-page","status-publish","hentry"],"acf":[],"yoast_head":"<!-- This site is optimized with the Yoast SEO plugin v25.9 - https:\/\/yoast.com\/wordpress\/plugins\/seo\/ -->\n<title>Leir - Region Rogaland<\/title>\n<meta name=\"robots\" content=\"index, follow, max-snippet:-1, max-image-preview:large, max-video-preview:-1\" \/>\n<link rel=\"canonical\" href=\"https:\/\/www.normisjon.no\/rogaland\/leir\/\" \/>\n<meta property=\"og:locale\" content=\"nb_NO\" \/>\n<meta property=\"og:type\" content=\"article\" \/>\n<meta property=\"og:title\" content=\"Leir - Region Rogaland\" \/>\n<meta property=\"og:description\" content=\"Publisert: 19. juni 2018Leirer i 2018 i Rogaland Read article &quot;Leirer i 2018 i Rogaland&quot; 10:13-festivalenForh\u00e5ndsp\u00e5melding er \u00e5pen 13.-20. januar 2026! Read article &quot;10:13-festivalen&quot; Informasjon [&hellip;]\" \/>\n<meta property=\"og:url\" content=\"https:\/\/www.normisjon.no\/rogaland\/leir\/\" \/>\n<meta property=\"og:site_name\" content=\"Region Rogaland\" \/>\n<meta property=\"article:modified_time\" content=\"2018-08-22T11:52:11+00:00\" \/>\n<meta name=\"twitter:card\" content=\"summary_large_image\" \/>\n<script type=\"application\/ld+json\" class=\"yoast-schema-graph\">{\"@context\":\"https:\/\/schema.org\",\"@graph\":[{\"@type\":\"WebPage\",\"@id\":\"https:\/\/www.normisjon.no\/rogaland\/leir\/\",\"url\":\"https:\/\/www.normisjon.no\/rogaland\/leir\/\",\"name\":\"Leir - Region Rogaland\",\"isPartOf\":{\"@id\":\"https:\/\/www.normisjon.no\/rogaland\/#website\"},\"datePublished\":\"2018-06-01T12:33:51+00:00\",\"dateModified\":\"2018-08-22T11:52:11+00:00\",\"breadcrumb\":{\"@id\":\"https:\/\/www.normisjon.no\/rogaland\/leir\/#breadcrumb\"},\"inLanguage\":\"nb-NO\",\"potentialAction\":[{\"@type\":\"ReadAction\",\"target\":[\"https:\/\/www.normisjon.no\/rogaland\/leir\/\"]}]},{\"@type\":\"BreadcrumbList\",\"@id\":\"https:\/\/www.normisjon.no\/rogaland\/leir\/#breadcrumb\",\"itemListElement\":[{\"@type\":\"ListItem\",\"position\":1,\"name\":\"Home\",\"item\":\"https:\/\/www.normisjon.no\/rogaland\/\"},{\"@type\":\"ListItem\",\"position\":2,\"name\":\"Leir\"}]},{\"@type\":\"WebSite\",\"@id\":\"https:\/\/www.normisjon.no\/rogaland\/#website\",\"url\":\"https:\/\/www.normisjon.no\/rogaland\/\",\"name\":\"Region Rogaland\",\"description\":\"\",\"potentialAction\":[{\"@type\":\"SearchAction\",\"target\":{\"@type\":\"EntryPoint\",\"urlTemplate\":\"https:\/\/www.normisjon.no\/rogaland\/?s={search_term_string}\"},\"query-input\":{\"@type\":\"PropertyValueSpecification\",\"valueRequired\":true,\"valueName\":\"search_term_string\"}}],\"inLanguage\":\"nb-NO\"}]}<\/script>\n<!-- \/ Yoast SEO plugin. -->","yoast_head_json":{"title":"Leir - Region Rogaland","robots":{"index":"index","follow":"follow","max-snippet":"max-snippet:-1","max-image-preview":"max-image-preview:large","max-video-preview":"max-video-preview:-1"},"canonical":"https:\/\/www.normisjon.no\/rogaland\/leir\/","og_locale":"nb_NO","og_type":"article","og_title":"Leir - Region Rogaland","og_description":"Publisert: 19. juni 2018Leirer i 2018 i Rogaland Read article &quot;Leirer i 2018 i Rogaland&quot; 10:13-festivalenForh\u00e5ndsp\u00e5melding er \u00e5pen 13.-20. januar 2026! Read article &quot;10:13-festivalen&quot; Informasjon [&hellip;]","og_url":"https:\/\/www.normisjon.no\/rogaland\/leir\/","og_site_name":"Region Rogaland","article_modified_time":"2018-08-22T11:52:11+00:00","twitter_card":"summary_large_image","schema":{"@context":"https:\/\/schema.org","@graph":[{"@type":"WebPage","@id":"https:\/\/www.normisjon.no\/rogaland\/leir\/","url":"https:\/\/www.normisjon.no\/rogaland\/leir\/","name":"Leir - Region Rogaland","isPartOf":{"@id":"https:\/\/www.normisjon.no\/rogaland\/#website"},"datePublished":"2018-06-01T12:33:51+00:00","dateModified":"2018-08-22T11:52:11+00:00","breadcrumb":{"@id":"https:\/\/www.normisjon.no\/rogaland\/leir\/#breadcrumb"},"inLanguage":"nb-NO","potentialAction":[{"@type":"ReadAction","target":["https:\/\/www.normisjon.no\/rogaland\/leir\/"]}]},{"@type":"BreadcrumbList","@id":"https:\/\/www.normisjon.no\/rogaland\/leir\/#breadcrumb","itemListElement":[{"@type":"ListItem","position":1,"name":"Home","item":"https:\/\/www.normisjon.no\/rogaland\/"},{"@type":"ListItem","position":2,"name":"Leir"}]},{"@type":"WebSite","@id":"https:\/\/www.normisjon.no\/rogaland\/#website","url":"https:\/\/www.normisjon.no\/rogaland\/","name":"Region Rogaland","description":"","potentialAction":[{"@type":"SearchAction","target":{"@type":"EntryPoint","urlTemplate":"https:\/\/www.normisjon.no\/rogaland\/?s={search_term_string}"},"query-input":{"@type":"PropertyValueSpecification","valueRequired":true,"valueName":"search_term_string"}}],"inLanguage":"nb-NO"}]}},"_links":{"self":[{"href":"https:\/\/www.normisjon.no\/rogaland\/wp-json\/wp\/v2\/pages\/596","targetHints":{"allow":["GET"]}}],"collection":[{"href":"https:\/\/www.normisjon.no\/rogaland\/wp-json\/wp\/v2\/pages"}],"about":[{"href":"https:\/\/www.normisjon.no\/rogaland\/wp-json\/wp\/v2\/types\/page"}],"author":[{"embeddable":true,"href":"https:\/\/www.normisjon.no\/rogaland\/wp-json\/wp\/v2\/users\/21"}],"replies":[{"embeddable":true,"href":"https:\/\/www.normisjon.no\/rogaland\/wp-json\/wp\/v2\/comments?post=596"}],"version-history":[{"count":2,"href":"https:\/\/www.normisjon.no\/rogaland\/wp-json\/wp\/v2\/pages\/596\/revisions"}],"predecessor-version":[{"id":1750,"href":"https:\/\/www.normisjon.no\/rogaland\/wp-json\/wp\/v2\/pages\/596\/revisions\/1750"}],"wp:attachment":[{"href":"https:\/\/www.normisjon.no\/rogaland\/wp-json\/wp\/v2\/media?parent=596"}],"curies":[{"name":"wp","href":"https:\/\/api.w.org\/{rel}","templated":true}]}}