{"id":105,"date":"2018-05-04T13:55:16","date_gmt":"2018-05-04T11:55:16","guid":{"rendered":"https:\/\/www.normisjon.no\/region-sogn-og-fjordane\/?page_id=105"},"modified":"2025-05-12T21:42:51","modified_gmt":"2025-05-12T19:42:51","slug":"om-oss","status":"publish","type":"page","link":"https:\/\/www.normisjon.no\/sof\/om-oss\/","title":{"rendered":"Om oss"},"content":{"rendered":"<div id=\"module-0\" class=\"hogan-module hogan-module-banner hogan-module-0 normisjon-banner-button-blue hogan-banner-content-left hogan-module-width-full hogan-banner-theme-gainsboro hogan-banner-layout-columns hogan-banner-text-center\"><div class=\"hogan-module-inner\"><div class=\"hogan-banner\">\n\t<div class=\"hogan-banner-column hogan-banner-image\">\n\t\t<img loading=\"lazy\" decoding=\"async\" width=\"801\" height=\"960\" src=\"https:\/\/www.normisjon.no\/content\/uploads\/sites\/19\/2020\/02\/Elsket_og_sendt-801x960.png\" class=\"attachment-half-width size-half-width\" alt=\"\" srcset=\"https:\/\/www.normisjon.no\/content\/uploads\/sites\/19\/2020\/02\/Elsket_og_sendt-801x960.png 801w, https:\/\/www.normisjon.no\/content\/uploads\/sites\/19\/2020\/02\/Elsket_og_sendt-250x300.png 250w, https:\/\/www.normisjon.no\/content\/uploads\/sites\/19\/2020\/02\/Elsket_og_sendt-768x920.png 768w, https:\/\/www.normisjon.no\/content\/uploads\/sites\/19\/2020\/02\/Elsket_og_sendt-855x1024.png 855w, https:\/\/www.normisjon.no\/content\/uploads\/sites\/19\/2020\/02\/Elsket_og_sendt.png 989w\" sizes=\"auto, (max-width: 801px) 100vw, 801px\" \/>\t<\/div>\n\t\t\t<div class=\"hogan-banner-column hogan-banner-content\">\n\t\t\t<div class=\"hogan-banner-content-inner\">\n\t\t\t\t<h2 class=\"hogan-heading\">Hei, her f\u00e5r du vite meir om oss<\/h2><p>Under finn du tilsette, kontaktinfo, styre og utval og annan info.<\/p>\n<p>Ser du etter arbeidsgreinene v\u00e5re?<\/p>\n<div class=\"hogan-banner-cta\"><span><a class=\"hogan-button\" href=\"https:\/\/www.normisjon.no\/sof\/vi_er_stolte_av\/\">Trykk her<\/a><\/span><\/div>\t\t\t<\/div>\n\t\t<\/div>\n\t<\/div>\n<\/div><\/div><div id=\"module-1\" class=\"hogan-module hogan-module-text hogan-module-1\"><div class=\"hogan-module-inner\"><p><strong>Ta kontakt<\/strong><br \/>\nTlf: 57 86 63 49<br \/>\nEpost:sof@normisjon.no<br \/>\nBes\u00f8ksadresse: Nordstrandsvegen 12, Sandane \u200b<br \/>\nPostadresse: Postboks 162, 6821 Sandane<\/p>\n<p>Regionleiar:<\/p>\n<p>J\u00f8rn Naustdal Ilje, tlf 93237310 Epost:\u00a0 sof@normisjon.no<\/p>\n<p><strong>G\u00e5ve \/ gjevarteneste \/ kontonummer<br \/>\n<\/strong>Kontonummer til regionen:\u00a03000.14.71186<\/p>\n<p>\u00d8nskjer du \u00e5 gje enkeltg\u00e5ve eller faste trekk til Normisjon\/Acta Sogn og Fjordane eller til ein av einingane v\u00e5re? Sj\u00e5 ulike moglegheiter p\u00e5 <a href=\"http:\/\/normisjon.no\/sof\/forside\/engasjer-deg\/gje-gave\/\">denne sida<\/a><\/p>\n<p>&nbsp;<\/p><\/div><\/div><div id=\"module-2\" class=\"hogan-module hogan-module-grid hogan-module-2 hogan-grid-has-theme hogan-grid-theme-blue\"><div class=\"hogan-module-inner\"><div class=\"hogan-grid hogan-grid-text-center hogan-grid-size-dynamic\">\n\t<div class=\"hogan-grid-inner\">\n\t\t\t\t\t<div class=\"hogan-grid-item hogan-grid-item-size-small hogan-grid-item-type-page savage-has-image savage-has-heading\">\n\t\t\t\t<div class=\"hogan-grid-item-inner\">\n\t\t\t\t\t<div class=\"savage-card-image\">\n\t<div class=\"savage-card-image-inner\">\n\t\t<span class=\"savage-card-image-image\" style=\"background-image: url(https:\/\/www.normisjon.no\/content\/uploads\/sites\/19\/2018\/06\/Normisjon-og-Actalogo-sammen-768x543.png);\"><\/span>\t<\/div>\n<\/div>\n\t\t<div class=\"savage-card-body\">\n\t\t\t<div class=\"savage-card-body-inner\">\n\t\t\t\t<h2 class=\"savage-card-heading\">Tilsette<\/h2>\t\t\t<\/div>\n\t\t<\/div>\n\t\t<a href=\"https:\/\/www.normisjon.no\/sof\/om-oss\/tilsette\/\" class=\"savage-card-link\"><span class=\"screen-reader-text\">Read article &quot;Tilsette&quot;<\/span><\/a>\t\t\t\t<\/div>\n\t\t\t<\/div>\n\t\t\t\t\t\t<div class=\"hogan-grid-item hogan-grid-item-size-small hogan-grid-item-type-page savage-has-image savage-has-heading\">\n\t\t\t\t<div class=\"hogan-grid-item-inner\">\n\t\t\t\t\t<div class=\"savage-card-image\">\n\t<div class=\"savage-card-image-inner\">\n\t\t<span class=\"savage-card-image-image\" style=\"background-image: url(https:\/\/www.normisjon.no\/content\/uploads\/sites\/19\/2020\/02\/logo_Normisjon_lang_regionsognogfjordane_bl\u00e5-1-768x221.jpg);\"><\/span>\t<\/div>\n<\/div>\n\t\t<div class=\"savage-card-body\">\n\t\t\t<div class=\"savage-card-body-inner\">\n\t\t\t\t<h2 class=\"savage-card-heading\">Styre og utval<\/h2>\t\t\t<\/div>\n\t\t<\/div>\n\t\t<a href=\"https:\/\/www.normisjon.no\/sof\/om-oss\/styre-og-utval\/\" class=\"savage-card-link\"><span class=\"screen-reader-text\">Read article &quot;Styre og utval&quot;<\/span><\/a>\t\t\t\t<\/div>\n\t\t\t<\/div>\n\t\t\t\t\t\t<div class=\"hogan-grid-item hogan-grid-item-size-small hogan-grid-item-type-page savage-has-image savage-has-heading\">\n\t\t\t\t<div class=\"hogan-grid-item-inner\">\n\t\t\t\t\t<div class=\"savage-card-image\">\n\t<div class=\"savage-card-image-inner\">\n\t\t<span class=\"savage-card-image-image\" style=\"background-image: url(https:\/\/www.normisjon.no\/content\/uploads\/sites\/19\/2018\/06\/Avisa-e1529572139960-768x512.jpg);\"><\/span>\t<\/div>\n<\/div>\n\t\t<div class=\"savage-card-body\">\n\t\t\t<div class=\"savage-card-body-inner\">\n\t\t\t\t<h2 class=\"savage-card-heading\">Nytt fr\u00e5 Normisjon Sogn og Fjordane<\/h2>\t\t\t<\/div>\n\t\t<\/div>\n\t\t<a href=\"https:\/\/www.normisjon.no\/sof\/om-oss\/nytt-fra-normisjon-sogn-og-fjordane\/\" class=\"savage-card-link\"><span class=\"screen-reader-text\">Read article &quot;Nytt fr\u00e5 Normisjon Sogn og Fjordane&quot;<\/span><\/a>\t\t\t\t<\/div>\n\t\t\t<\/div>\n\t\t\t\t<\/div>\n<\/div>\n<\/div><\/div><div id=\"module-3\" class=\"hogan-module hogan-module-form hogan-module-3\"><div class=\"hogan-module-inner\"><script type=\"text\/javascript\">\n\/* <![CDATA[ *\/\nvar gform;gform||(document.addEventListener(\"gform_main_scripts_loaded\",function(){gform.scriptsLoaded=!0}),document.addEventListener(\"gform\/theme\/scripts_loaded\",function(){gform.themeScriptsLoaded=!0}),window.addEventListener(\"DOMContentLoaded\",function(){gform.domLoaded=!0}),gform={domLoaded:!1,scriptsLoaded:!1,themeScriptsLoaded:!1,isFormEditor:()=>\"function\"==typeof InitializeEditor,callIfLoaded:function(o){return!(!gform.domLoaded||!gform.scriptsLoaded||!gform.themeScriptsLoaded&&!gform.isFormEditor()||(gform.isFormEditor()&&console.warn(\"The use of gform.initializeOnLoaded() is deprecated in the form editor context and will be removed in Gravity Forms 3.1.\"),o(),0))},initializeOnLoaded:function(o){gform.callIfLoaded(o)||(document.addEventListener(\"gform_main_scripts_loaded\",()=>{gform.scriptsLoaded=!0,gform.callIfLoaded(o)}),document.addEventListener(\"gform\/theme\/scripts_loaded\",()=>{gform.themeScriptsLoaded=!0,gform.callIfLoaded(o)}),window.addEventListener(\"DOMContentLoaded\",()=>{gform.domLoaded=!0,gform.callIfLoaded(o)}))},hooks:{action:{},filter:{}},addAction:function(o,r,e,t){gform.addHook(\"action\",o,r,e,t)},addFilter:function(o,r,e,t){gform.addHook(\"filter\",o,r,e,t)},doAction:function(o){gform.doHook(\"action\",o,arguments)},applyFilters:function(o){return gform.doHook(\"filter\",o,arguments)},removeAction:function(o,r){gform.removeHook(\"action\",o,r)},removeFilter:function(o,r,e){gform.removeHook(\"filter\",o,r,e)},addHook:function(o,r,e,t,n){null==gform.hooks[o][r]&&(gform.hooks[o][r]=[]);var d=gform.hooks[o][r];null==n&&(n=r+\"_\"+d.length),gform.hooks[o][r].push({tag:n,callable:e,priority:t=null==t?10:t})},doHook:function(r,o,e){var t;if(e=Array.prototype.slice.call(e,1),null!=gform.hooks[r][o]&&((o=gform.hooks[r][o]).sort(function(o,r){return o.priority-r.priority}),o.forEach(function(o){\"function\"!=typeof(t=o.callable)&&(t=window[t]),\"action\"==r?t.apply(null,e):e[0]=t.apply(null,e)})),\"filter\"==r)return e[0]},removeHook:function(o,r,t,n){var e;null!=gform.hooks[o][r]&&(e=(e=gform.hooks[o][r]).filter(function(o,r,e){return!!(null!=n&&n!=o.tag||null!=t&&t!=o.priority)}),gform.hooks[o][r]=e)}});\n\/* ]]> *\/\n<\/script>\n\n                <div class='gf_browser_gecko gform_wrapper gform_legacy_markup_wrapper gform-theme--no-framework' data-form-theme='legacy' data-form-index='0' id='gform_wrapper_1' >\n                        <div class='gform_heading'>\n                            <h3 class=\"gform_title\">Kontakt oss<\/h3>\n                            <p class='gform_description'>Har du sp\u00f8rsm\u00e5l til Normisjon Sogn og Fjordane, tilbakemeldingar eller anna som gjer at du vil kontakte oss; bruk gjerne skjemaet under, eller ring oss: 932 37 310 \/ send e-post: sof@normisjon.no\r\nVi vil gjerne h\u00f8yre fr\u00e5 deg!<\/p>\n                        <\/div><form method='post' enctype='multipart\/form-data'  id='gform_1'  action='\/sof\/wp-json\/wp\/v2\/pages\/105' data-formid='1' novalidate>\n                        <div class='gform-body gform_body'><ul id='gform_fields_1' class='gform_fields top_label form_sublabel_below description_below validation_below'><li id=\"field_1_7\" class=\"gfield gfield--type-honeypot gform_validation_container field_sublabel_below gfield--has-description field_description_below field_validation_below gfield_visibility_visible\"  ><label class='gfield_label gform-field-label' for='input_1_7'>URL<\/label><div class='ginput_container'><input name='input_7' id='input_1_7' type='text' value='' autocomplete='new-password'\/><\/div><div class='gfield_description' id='gfield_description_1_7'>Dette feltet er for valideringsform\u00e5l og skal st\u00e5 uendret.<\/div><\/li><li id=\"field_1_3\" class=\"gfield gfield--type-text gfield_contains_required field_sublabel_below gfield--no-description field_description_below field_validation_below gfield_visibility_visible\"  ><label class='gfield_label gform-field-label' for='input_1_3'>Namn<span class=\"gfield_required\"><span class=\"gfield_required gfield_required_asterisk\">*<\/span><\/span><\/label><div class='ginput_container ginput_container_text'><input name='input_3' id='input_1_3' type='text' value='' class='large'     aria-required=\"true\" aria-invalid=\"false\"   \/><\/div><\/li><li id=\"field_1_4\" class=\"gfield gfield--type-text gfield_contains_required field_sublabel_below gfield--no-description field_description_below field_validation_below gfield_visibility_visible\"  ><label class='gfield_label gform-field-label' for='input_1_4'>E-post eller telefonnummer<span class=\"gfield_required\"><span class=\"gfield_required gfield_required_asterisk\">*<\/span><\/span><\/label><div class='ginput_container ginput_container_text'><input name='input_4' id='input_1_4' type='text' value='' class='large' maxlength='50'    aria-required=\"true\" aria-invalid=\"false\"   \/><\/div><\/li><li id=\"field_1_6\" class=\"gfield gfield--type-textarea field_sublabel_below gfield--no-description field_description_below field_validation_below gfield_visibility_visible\"  ><label class='gfield_label gform-field-label' for='input_1_6'>Melding<\/label><div class='ginput_container ginput_container_textarea'><textarea name='input_6' id='input_1_6' class='textarea medium'      aria-invalid=\"false\"   rows='10' cols='50'><\/textarea><\/div><\/li><\/ul><\/div>\n        <div class='gform-footer gform_footer top_label'> <input type='submit' id='gform_submit_button_1' class='gform_button button' onclick='gform.submission.handleButtonClick(this);' data-submission-type='submit' value='Send inn'  \/> \n            <input type='hidden' class='gform_hidden' name='gform_submission_method' data-js='gform_submission_method_1' value='postback' \/>\n            <input type='hidden' class='gform_hidden' name='gform_theme' data-js='gform_theme_1' id='gform_theme_1' value='legacy' \/>\n            <input type='hidden' class='gform_hidden' name='gform_style_settings' data-js='gform_style_settings_1' id='gform_style_settings_1' value='' \/>\n            <input type='hidden' class='gform_hidden' name='is_submit_1' value='1' \/>\n            <input type='hidden' class='gform_hidden' name='gform_submit' value='1' \/>\n            \n            <input type='hidden' class='gform_hidden' name='gform_currency' data-currency='USD' value='YHV7Jh96xw9B1qmPjdV7pjv9YpCPXYinUU39u5g0fzVwWnieXGKtRySHQay3oMdGmXMErK45ZGX2QhwZ+b2RSr4EOPSJNoDBcpBiRf4blkJ86vk=' \/>\n            <input type='hidden' class='gform_hidden' name='gform_unique_id' value='' \/>\n            <input type='hidden' class='gform_hidden' name='state_1' value='WyJbXSIsImUyZjUxZjFhOGFhOTFhNThlMDRjMTgzMGI1MTk1MTlhIl0=' \/>\n            <input type='hidden' autocomplete='off' class='gform_hidden' name='gform_target_page_number_1' id='gform_target_page_number_1' value='0' \/>\n            <input type='hidden' autocomplete='off' class='gform_hidden' name='gform_source_page_number_1' id='gform_source_page_number_1' value='1' \/>\n            <input type='hidden' name='gform_field_values' value='' \/>\n            \n        <\/div>\n                        <\/form>\n                        <\/div><script type=\"text\/javascript\">\n\/* <![CDATA[ *\/\n gform.initializeOnLoaded( function() {gformInitSpinner( 1, 'https:\/\/www.normisjon.no\/content\/plugins\/gravityforms\/images\/spinner.svg', true );jQuery('#gform_ajax_frame_1').on('load',function(){var contents = jQuery(this).contents().find('*').html();var is_postback = contents.indexOf('GF_AJAX_POSTBACK') >= 0;if(!is_postback){return;}var form_content = jQuery(this).contents().find('#gform_wrapper_1');var is_confirmation = jQuery(this).contents().find('#gform_confirmation_wrapper_1').length > 0;var is_redirect = contents.indexOf('gformRedirect(){') >= 0;var is_form = form_content.length > 0 && ! is_redirect && ! is_confirmation;var mt = parseInt(jQuery('html').css('margin-top'), 10) + parseInt(jQuery('body').css('margin-top'), 10) + 100;if(is_form){jQuery('#gform_wrapper_1').html(form_content.html());if(form_content.hasClass('gform_validation_error')){jQuery('#gform_wrapper_1').addClass('gform_validation_error');} else {jQuery('#gform_wrapper_1').removeClass('gform_validation_error');}setTimeout( function() { \/* delay the scroll by 50 milliseconds to fix a bug in chrome *\/  }, 50 );if(window['gformInitDatepicker']) {gformInitDatepicker();}if(window['gformInitPriceFields']) {gformInitPriceFields();}var current_page = jQuery('#gform_source_page_number_1').val();gformInitSpinner( 1, 'https:\/\/www.normisjon.no\/content\/plugins\/gravityforms\/images\/spinner.svg', true );jQuery(document).trigger('gform_page_loaded', [1, current_page]);window['gf_submitting_1'] = false;}else if(!is_redirect){var confirmation_content = jQuery(this).contents().find('.GF_AJAX_POSTBACK').html();if(!confirmation_content){confirmation_content = contents;}jQuery('#gform_wrapper_1').replaceWith(confirmation_content);jQuery(document).trigger('gform_confirmation_loaded', [1]);window['gf_submitting_1'] = false;wp.a11y.speak(jQuery('#gform_confirmation_message_1').text());}else{jQuery('#gform_1').append(contents);if(window['gformRedirect']) {gformRedirect();}}jQuery(document).trigger(\"gform_pre_post_render\", [{ formId: \"1\", currentPage: \"current_page\", abort: function() { this.preventDefault(); } }]);        if (event && event.defaultPrevented) {                return;        }        const gformWrapperDiv = document.getElementById( \"gform_wrapper_1\" );        if ( gformWrapperDiv ) {            const visibilitySpan = document.createElement( \"span\" );            visibilitySpan.id = \"gform_visibility_test_1\";            gformWrapperDiv.insertAdjacentElement( \"afterend\", visibilitySpan );        }        const visibilityTestDiv = document.getElementById( \"gform_visibility_test_1\" );        let postRenderFired = false;        function triggerPostRender() {            if ( postRenderFired ) {                return;            }            postRenderFired = true;            gform.core.triggerPostRenderEvents( 1, current_page );            if ( visibilityTestDiv ) {                visibilityTestDiv.parentNode.removeChild( visibilityTestDiv );            }        }        function debounce( func, wait, immediate ) {            var timeout;            return function() {                var context = this, args = arguments;                var later = function() {                    timeout = null;                    if ( !immediate ) func.apply( context, args );                };                var callNow = immediate && !timeout;                clearTimeout( timeout );                timeout = setTimeout( later, wait );                if ( callNow ) func.apply( context, args );            };        }        const debouncedTriggerPostRender = debounce( function() {            triggerPostRender();        }, 200 );        if ( visibilityTestDiv && visibilityTestDiv.offsetParent === null ) {            const observer = new MutationObserver( ( mutations ) => {                mutations.forEach( ( mutation ) => {                    if ( mutation.type === 'attributes' && visibilityTestDiv.offsetParent !== null ) {                        debouncedTriggerPostRender();                        observer.disconnect();                    }                });            });            observer.observe( document.body, {                attributes: true,                childList: false,                subtree: true,                attributeFilter: [ 'style', 'class' ],            });        } else {            triggerPostRender();        }    } );} ); \n\/* ]]> *\/\n<\/script>\n<\/div><\/div>","protected":false},"excerpt":{"rendered":"<p>Hei, her f\u00e5r du vite meir om ossUnder finn du tilsette, kontaktinfo, styre og utval og annan info. Ser du etter arbeidsgreinene v\u00e5re? Trykk her [&hellip;]<\/p>\n","protected":false},"author":16,"featured_media":0,"parent":0,"menu_order":0,"comment_status":"closed","ping_status":"closed","template":"","meta":{"_acf_changed":false,"footnotes":""},"class_list":["post-105","page","type-page","status-publish","hentry"],"acf":[],"yoast_head":"<!-- This site is optimized with the Yoast SEO plugin v25.9 - https:\/\/yoast.com\/wordpress\/plugins\/seo\/ -->\n<title>Om oss - Region Sogn og Fjordane<\/title>\n<meta name=\"robots\" content=\"index, follow, max-snippet:-1, max-image-preview:large, max-video-preview:-1\" \/>\n<link rel=\"canonical\" href=\"https:\/\/www.normisjon.no\/sof\/om-oss\/\" \/>\n<meta property=\"og:locale\" content=\"nb_NO\" \/>\n<meta property=\"og:type\" content=\"article\" \/>\n<meta property=\"og:title\" content=\"Om oss - Region Sogn og Fjordane\" \/>\n<meta property=\"og:description\" content=\"Hei, her f\u00e5r du vite meir om ossUnder finn du tilsette, kontaktinfo, styre og utval og annan info. Ser du etter arbeidsgreinene v\u00e5re? Trykk her [&hellip;]\" \/>\n<meta property=\"og:url\" content=\"https:\/\/www.normisjon.no\/sof\/om-oss\/\" \/>\n<meta property=\"og:site_name\" content=\"Region Sogn og Fjordane\" \/>\n<meta property=\"article:modified_time\" content=\"2025-05-12T19:42:51+00:00\" \/>\n<meta name=\"twitter:card\" content=\"summary_large_image\" \/>\n<script type=\"application\/ld+json\" class=\"yoast-schema-graph\">{\"@context\":\"https:\/\/schema.org\",\"@graph\":[{\"@type\":\"WebPage\",\"@id\":\"https:\/\/www.normisjon.no\/sof\/om-oss\/\",\"url\":\"https:\/\/www.normisjon.no\/sof\/om-oss\/\",\"name\":\"Om oss - Region Sogn og Fjordane\",\"isPartOf\":{\"@id\":\"https:\/\/www.normisjon.no\/sof\/#website\"},\"datePublished\":\"2018-05-04T11:55:16+00:00\",\"dateModified\":\"2025-05-12T19:42:51+00:00\",\"breadcrumb\":{\"@id\":\"https:\/\/www.normisjon.no\/sof\/om-oss\/#breadcrumb\"},\"inLanguage\":\"nb-NO\",\"potentialAction\":[{\"@type\":\"ReadAction\",\"target\":[\"https:\/\/www.normisjon.no\/sof\/om-oss\/\"]}]},{\"@type\":\"BreadcrumbList\",\"@id\":\"https:\/\/www.normisjon.no\/sof\/om-oss\/#breadcrumb\",\"itemListElement\":[{\"@type\":\"ListItem\",\"position\":1,\"name\":\"Home\",\"item\":\"https:\/\/www.normisjon.no\/sof\/\"},{\"@type\":\"ListItem\",\"position\":2,\"name\":\"Om oss\"}]},{\"@type\":\"WebSite\",\"@id\":\"https:\/\/www.normisjon.no\/sof\/#website\",\"url\":\"https:\/\/www.normisjon.no\/sof\/\",\"name\":\"Region Sogn og Fjordane\",\"description\":\"\",\"potentialAction\":[{\"@type\":\"SearchAction\",\"target\":{\"@type\":\"EntryPoint\",\"urlTemplate\":\"https:\/\/www.normisjon.no\/sof\/?s={search_term_string}\"},\"query-input\":{\"@type\":\"PropertyValueSpecification\",\"valueRequired\":true,\"valueName\":\"search_term_string\"}}],\"inLanguage\":\"nb-NO\"}]}<\/script>\n<!-- \/ Yoast SEO plugin. -->","yoast_head_json":{"title":"Om oss - Region Sogn og Fjordane","robots":{"index":"index","follow":"follow","max-snippet":"max-snippet:-1","max-image-preview":"max-image-preview:large","max-video-preview":"max-video-preview:-1"},"canonical":"https:\/\/www.normisjon.no\/sof\/om-oss\/","og_locale":"nb_NO","og_type":"article","og_title":"Om oss - Region Sogn og Fjordane","og_description":"Hei, her f\u00e5r du vite meir om ossUnder finn du tilsette, kontaktinfo, styre og utval og annan info. Ser du etter arbeidsgreinene v\u00e5re? Trykk her [&hellip;]","og_url":"https:\/\/www.normisjon.no\/sof\/om-oss\/","og_site_name":"Region Sogn og Fjordane","article_modified_time":"2025-05-12T19:42:51+00:00","twitter_card":"summary_large_image","schema":{"@context":"https:\/\/schema.org","@graph":[{"@type":"WebPage","@id":"https:\/\/www.normisjon.no\/sof\/om-oss\/","url":"https:\/\/www.normisjon.no\/sof\/om-oss\/","name":"Om oss - Region Sogn og Fjordane","isPartOf":{"@id":"https:\/\/www.normisjon.no\/sof\/#website"},"datePublished":"2018-05-04T11:55:16+00:00","dateModified":"2025-05-12T19:42:51+00:00","breadcrumb":{"@id":"https:\/\/www.normisjon.no\/sof\/om-oss\/#breadcrumb"},"inLanguage":"nb-NO","potentialAction":[{"@type":"ReadAction","target":["https:\/\/www.normisjon.no\/sof\/om-oss\/"]}]},{"@type":"BreadcrumbList","@id":"https:\/\/www.normisjon.no\/sof\/om-oss\/#breadcrumb","itemListElement":[{"@type":"ListItem","position":1,"name":"Home","item":"https:\/\/www.normisjon.no\/sof\/"},{"@type":"ListItem","position":2,"name":"Om oss"}]},{"@type":"WebSite","@id":"https:\/\/www.normisjon.no\/sof\/#website","url":"https:\/\/www.normisjon.no\/sof\/","name":"Region Sogn og Fjordane","description":"","potentialAction":[{"@type":"SearchAction","target":{"@type":"EntryPoint","urlTemplate":"https:\/\/www.normisjon.no\/sof\/?s={search_term_string}"},"query-input":{"@type":"PropertyValueSpecification","valueRequired":true,"valueName":"search_term_string"}}],"inLanguage":"nb-NO"}]}},"_links":{"self":[{"href":"https:\/\/www.normisjon.no\/sof\/wp-json\/wp\/v2\/pages\/105","targetHints":{"allow":["GET"]}}],"collection":[{"href":"https:\/\/www.normisjon.no\/sof\/wp-json\/wp\/v2\/pages"}],"about":[{"href":"https:\/\/www.normisjon.no\/sof\/wp-json\/wp\/v2\/types\/page"}],"author":[{"embeddable":true,"href":"https:\/\/www.normisjon.no\/sof\/wp-json\/wp\/v2\/users\/16"}],"replies":[{"embeddable":true,"href":"https:\/\/www.normisjon.no\/sof\/wp-json\/wp\/v2\/comments?post=105"}],"version-history":[{"count":5,"href":"https:\/\/www.normisjon.no\/sof\/wp-json\/wp\/v2\/pages\/105\/revisions"}],"predecessor-version":[{"id":3486,"href":"https:\/\/www.normisjon.no\/sof\/wp-json\/wp\/v2\/pages\/105\/revisions\/3486"}],"wp:attachment":[{"href":"https:\/\/www.normisjon.no\/sof\/wp-json\/wp\/v2\/media?parent=105"}],"curies":[{"name":"wp","href":"https:\/\/api.w.org\/{rel}","templated":true}]}}