{"id":1212,"date":"2018-06-29T11:02:14","date_gmt":"2018-06-29T09:02:14","guid":{"rendered":"https:\/\/www.normisjon.no\/sof\/?page_id=1212"},"modified":"2018-06-29T11:02:14","modified_gmt":"2018-06-29T09:02:14","slug":"bli-medvandrar-for-ein-ungdom","status":"publish","type":"page","link":"https:\/\/www.normisjon.no\/sof\/forside\/engasjer-deg\/bli-medvandrar-for-ein-ungdom\/","title":{"rendered":"Bli medvandrar for ein ungdom"},"content":{"rendered":"<div id=\"module-0\" class=\"hogan-module hogan-module-image hogan-module-0 hogan-image-size-large\"><div class=\"hogan-module-inner\"><figure class=\"wp-caption size-large\"><img loading=\"lazy\" decoding=\"async\" width=\"1024\" height=\"717\" src=\"https:\/\/www.normisjon.no\/content\/uploads\/sites\/19\/2018\/06\/medvandring-eller-medpadling-1024x717.jpg\" class=\"attachment-large size-large\" alt=\"\" srcset=\"https:\/\/www.normisjon.no\/content\/uploads\/sites\/19\/2018\/06\/medvandring-eller-medpadling-1024x717.jpg 1024w, https:\/\/www.normisjon.no\/content\/uploads\/sites\/19\/2018\/06\/medvandring-eller-medpadling-300x210.jpg 300w, https:\/\/www.normisjon.no\/content\/uploads\/sites\/19\/2018\/06\/medvandring-eller-medpadling-768x538.jpg 768w, https:\/\/www.normisjon.no\/content\/uploads\/sites\/19\/2018\/06\/medvandring-eller-medpadling-1920x1345.jpg 1920w, https:\/\/www.normisjon.no\/content\/uploads\/sites\/19\/2018\/06\/medvandring-eller-medpadling-1360x953.jpg 1360w, https:\/\/www.normisjon.no\/content\/uploads\/sites\/19\/2018\/06\/medvandring-eller-medpadling-960x673.jpg 960w, https:\/\/www.normisjon.no\/content\/uploads\/sites\/19\/2018\/06\/medvandring-eller-medpadling.jpg 1954w\" sizes=\"auto, (max-width: 1024px) 100vw, 1024px\" \/><figcaption class=\"hogan-caption wp-caption-text\">Illustrasjonsfoto\n<\/figcaption><\/figure><\/div><\/div><div id=\"module-1\" class=\"hogan-module hogan-module-text hogan-module-1\"><div class=\"hogan-module-inner\"><p>Fleire ten\u00e5ringar og ungdomar i Acta \u00f8nskjer \u00e5 ha ein medvandrar som kan g\u00e5 eit stykke veg saman med ein, der ein kan f\u00e5 snakke om trua og livet.<\/p>\n<p>Kan du tenkje deg \u00e5 vere medvandrar for ein ungdom?<br \/>\nKontakt Actaleiar Stine Hopland:<br \/>\nstine.hopland@normisjon.no \/ 92 04 63 49<\/p>\n<p>Meir info om medvandringsopplegget til Acta region Sogn og Fjordane kjem her..<\/p><\/div><\/div>","protected":false},"excerpt":{"rendered":"<p>Illustrasjonsfoto Fleire ten\u00e5ringar og ungdomar i Acta \u00f8nskjer \u00e5 ha ein medvandrar som kan g\u00e5 eit stykke veg saman med ein, der ein kan f\u00e5 [&hellip;]<\/p>\n","protected":false},"author":16,"featured_media":1213,"parent":319,"menu_order":0,"comment_status":"closed","ping_status":"closed","template":"","meta":{"_acf_changed":false,"footnotes":""},"class_list":["post-1212","page","type-page","status-publish","has-post-thumbnail","hentry"],"acf":[],"yoast_head":"<!-- This site is optimized with the Yoast SEO plugin v25.9 - https:\/\/yoast.com\/wordpress\/plugins\/seo\/ -->\n<title>Bli medvandrar for ein ungdom - Region Sogn og Fjordane<\/title>\n<meta name=\"robots\" content=\"index, follow, max-snippet:-1, max-image-preview:large, max-video-preview:-1\" \/>\n<link rel=\"canonical\" href=\"https:\/\/www.normisjon.no\/sof\/forside\/engasjer-deg\/bli-medvandrar-for-ein-ungdom\/\" \/>\n<meta property=\"og:locale\" content=\"nb_NO\" \/>\n<meta property=\"og:type\" content=\"article\" \/>\n<meta property=\"og:title\" content=\"Bli medvandrar for ein ungdom - Region Sogn og Fjordane\" \/>\n<meta property=\"og:description\" content=\"Illustrasjonsfoto Fleire ten\u00e5ringar og ungdomar i Acta \u00f8nskjer \u00e5 ha ein medvandrar som kan g\u00e5 eit stykke veg saman med ein, der ein kan f\u00e5 [&hellip;]\" \/>\n<meta property=\"og:url\" content=\"https:\/\/www.normisjon.no\/sof\/forside\/engasjer-deg\/bli-medvandrar-for-ein-ungdom\/\" \/>\n<meta property=\"og:site_name\" content=\"Region Sogn og Fjordane\" \/>\n<meta property=\"og:image\" content=\"https:\/\/www.normisjon.no\/content\/uploads\/sites\/19\/2018\/06\/medvandring-eller-medpadling.jpg\" \/>\n\t<meta property=\"og:image:width\" content=\"1954\" \/>\n\t<meta property=\"og:image:height\" content=\"1369\" \/>\n\t<meta property=\"og:image:type\" content=\"image\/jpeg\" \/>\n<meta name=\"twitter:card\" content=\"summary_large_image\" \/>\n<script type=\"application\/ld+json\" class=\"yoast-schema-graph\">{\"@context\":\"https:\/\/schema.org\",\"@graph\":[{\"@type\":\"WebPage\",\"@id\":\"https:\/\/www.normisjon.no\/sof\/forside\/engasjer-deg\/bli-medvandrar-for-ein-ungdom\/\",\"url\":\"https:\/\/www.normisjon.no\/sof\/forside\/engasjer-deg\/bli-medvandrar-for-ein-ungdom\/\",\"name\":\"Bli medvandrar for ein ungdom - Region Sogn og Fjordane\",\"isPartOf\":{\"@id\":\"https:\/\/www.normisjon.no\/sof\/#website\"},\"primaryImageOfPage\":{\"@id\":\"https:\/\/www.normisjon.no\/sof\/forside\/engasjer-deg\/bli-medvandrar-for-ein-ungdom\/#primaryimage\"},\"image\":{\"@id\":\"https:\/\/www.normisjon.no\/sof\/forside\/engasjer-deg\/bli-medvandrar-for-ein-ungdom\/#primaryimage\"},\"thumbnailUrl\":\"https:\/\/www.normisjon.no\/content\/uploads\/sites\/19\/2018\/06\/medvandring-eller-medpadling.jpg\",\"datePublished\":\"2018-06-29T09:02:14+00:00\",\"breadcrumb\":{\"@id\":\"https:\/\/www.normisjon.no\/sof\/forside\/engasjer-deg\/bli-medvandrar-for-ein-ungdom\/#breadcrumb\"},\"inLanguage\":\"nb-NO\",\"potentialAction\":[{\"@type\":\"ReadAction\",\"target\":[\"https:\/\/www.normisjon.no\/sof\/forside\/engasjer-deg\/bli-medvandrar-for-ein-ungdom\/\"]}]},{\"@type\":\"ImageObject\",\"inLanguage\":\"nb-NO\",\"@id\":\"https:\/\/www.normisjon.no\/sof\/forside\/engasjer-deg\/bli-medvandrar-for-ein-ungdom\/#primaryimage\",\"url\":\"https:\/\/www.normisjon.no\/content\/uploads\/sites\/19\/2018\/06\/medvandring-eller-medpadling.jpg\",\"contentUrl\":\"https:\/\/www.normisjon.no\/content\/uploads\/sites\/19\/2018\/06\/medvandring-eller-medpadling.jpg\",\"width\":1954,\"height\":1369,\"caption\":\"Illustrasjonsfoto\"},{\"@type\":\"BreadcrumbList\",\"@id\":\"https:\/\/www.normisjon.no\/sof\/forside\/engasjer-deg\/bli-medvandrar-for-ein-ungdom\/#breadcrumb\",\"itemListElement\":[{\"@type\":\"ListItem\",\"position\":1,\"name\":\"Home\",\"item\":\"https:\/\/www.normisjon.no\/sof\/\"},{\"@type\":\"ListItem\",\"position\":2,\"name\":\"Forside\",\"item\":\"https:\/\/www.normisjon.no\/sof\/\"},{\"@type\":\"ListItem\",\"position\":3,\"name\":\"Engasjer deg\",\"item\":\"https:\/\/www.normisjon.no\/sof\/forside\/engasjer-deg\/\"},{\"@type\":\"ListItem\",\"position\":4,\"name\":\"Bli medvandrar for ein ungdom\"}]},{\"@type\":\"WebSite\",\"@id\":\"https:\/\/www.normisjon.no\/sof\/#website\",\"url\":\"https:\/\/www.normisjon.no\/sof\/\",\"name\":\"Region Sogn og Fjordane\",\"description\":\"\",\"potentialAction\":[{\"@type\":\"SearchAction\",\"target\":{\"@type\":\"EntryPoint\",\"urlTemplate\":\"https:\/\/www.normisjon.no\/sof\/?s={search_term_string}\"},\"query-input\":{\"@type\":\"PropertyValueSpecification\",\"valueRequired\":true,\"valueName\":\"search_term_string\"}}],\"inLanguage\":\"nb-NO\"}]}<\/script>\n<!-- \/ Yoast SEO plugin. -->","yoast_head_json":{"title":"Bli medvandrar for ein ungdom - Region Sogn og Fjordane","robots":{"index":"index","follow":"follow","max-snippet":"max-snippet:-1","max-image-preview":"max-image-preview:large","max-video-preview":"max-video-preview:-1"},"canonical":"https:\/\/www.normisjon.no\/sof\/forside\/engasjer-deg\/bli-medvandrar-for-ein-ungdom\/","og_locale":"nb_NO","og_type":"article","og_title":"Bli medvandrar for ein ungdom - Region Sogn og Fjordane","og_description":"Illustrasjonsfoto Fleire ten\u00e5ringar og ungdomar i Acta \u00f8nskjer \u00e5 ha ein medvandrar som kan g\u00e5 eit stykke veg saman med ein, der ein kan f\u00e5 [&hellip;]","og_url":"https:\/\/www.normisjon.no\/sof\/forside\/engasjer-deg\/bli-medvandrar-for-ein-ungdom\/","og_site_name":"Region Sogn og Fjordane","og_image":[{"width":1954,"height":1369,"url":"https:\/\/www.normisjon.no\/content\/uploads\/sites\/19\/2018\/06\/medvandring-eller-medpadling.jpg","type":"image\/jpeg"}],"twitter_card":"summary_large_image","schema":{"@context":"https:\/\/schema.org","@graph":[{"@type":"WebPage","@id":"https:\/\/www.normisjon.no\/sof\/forside\/engasjer-deg\/bli-medvandrar-for-ein-ungdom\/","url":"https:\/\/www.normisjon.no\/sof\/forside\/engasjer-deg\/bli-medvandrar-for-ein-ungdom\/","name":"Bli medvandrar for ein ungdom - Region Sogn og Fjordane","isPartOf":{"@id":"https:\/\/www.normisjon.no\/sof\/#website"},"primaryImageOfPage":{"@id":"https:\/\/www.normisjon.no\/sof\/forside\/engasjer-deg\/bli-medvandrar-for-ein-ungdom\/#primaryimage"},"image":{"@id":"https:\/\/www.normisjon.no\/sof\/forside\/engasjer-deg\/bli-medvandrar-for-ein-ungdom\/#primaryimage"},"thumbnailUrl":"https:\/\/www.normisjon.no\/content\/uploads\/sites\/19\/2018\/06\/medvandring-eller-medpadling.jpg","datePublished":"2018-06-29T09:02:14+00:00","breadcrumb":{"@id":"https:\/\/www.normisjon.no\/sof\/forside\/engasjer-deg\/bli-medvandrar-for-ein-ungdom\/#breadcrumb"},"inLanguage":"nb-NO","potentialAction":[{"@type":"ReadAction","target":["https:\/\/www.normisjon.no\/sof\/forside\/engasjer-deg\/bli-medvandrar-for-ein-ungdom\/"]}]},{"@type":"ImageObject","inLanguage":"nb-NO","@id":"https:\/\/www.normisjon.no\/sof\/forside\/engasjer-deg\/bli-medvandrar-for-ein-ungdom\/#primaryimage","url":"https:\/\/www.normisjon.no\/content\/uploads\/sites\/19\/2018\/06\/medvandring-eller-medpadling.jpg","contentUrl":"https:\/\/www.normisjon.no\/content\/uploads\/sites\/19\/2018\/06\/medvandring-eller-medpadling.jpg","width":1954,"height":1369,"caption":"Illustrasjonsfoto"},{"@type":"BreadcrumbList","@id":"https:\/\/www.normisjon.no\/sof\/forside\/engasjer-deg\/bli-medvandrar-for-ein-ungdom\/#breadcrumb","itemListElement":[{"@type":"ListItem","position":1,"name":"Home","item":"https:\/\/www.normisjon.no\/sof\/"},{"@type":"ListItem","position":2,"name":"Forside","item":"https:\/\/www.normisjon.no\/sof\/"},{"@type":"ListItem","position":3,"name":"Engasjer deg","item":"https:\/\/www.normisjon.no\/sof\/forside\/engasjer-deg\/"},{"@type":"ListItem","position":4,"name":"Bli medvandrar for ein ungdom"}]},{"@type":"WebSite","@id":"https:\/\/www.normisjon.no\/sof\/#website","url":"https:\/\/www.normisjon.no\/sof\/","name":"Region Sogn og Fjordane","description":"","potentialAction":[{"@type":"SearchAction","target":{"@type":"EntryPoint","urlTemplate":"https:\/\/www.normisjon.no\/sof\/?s={search_term_string}"},"query-input":{"@type":"PropertyValueSpecification","valueRequired":true,"valueName":"search_term_string"}}],"inLanguage":"nb-NO"}]}},"_links":{"self":[{"href":"https:\/\/www.normisjon.no\/sof\/wp-json\/wp\/v2\/pages\/1212","targetHints":{"allow":["GET"]}}],"collection":[{"href":"https:\/\/www.normisjon.no\/sof\/wp-json\/wp\/v2\/pages"}],"about":[{"href":"https:\/\/www.normisjon.no\/sof\/wp-json\/wp\/v2\/types\/page"}],"author":[{"embeddable":true,"href":"https:\/\/www.normisjon.no\/sof\/wp-json\/wp\/v2\/users\/16"}],"replies":[{"embeddable":true,"href":"https:\/\/www.normisjon.no\/sof\/wp-json\/wp\/v2\/comments?post=1212"}],"version-history":[{"count":1,"href":"https:\/\/www.normisjon.no\/sof\/wp-json\/wp\/v2\/pages\/1212\/revisions"}],"predecessor-version":[{"id":1214,"href":"https:\/\/www.normisjon.no\/sof\/wp-json\/wp\/v2\/pages\/1212\/revisions\/1214"}],"up":[{"embeddable":true,"href":"https:\/\/www.normisjon.no\/sof\/wp-json\/wp\/v2\/pages\/319"}],"wp:featuredmedia":[{"embeddable":true,"href":"https:\/\/www.normisjon.no\/sof\/wp-json\/wp\/v2\/media\/1213"}],"wp:attachment":[{"href":"https:\/\/www.normisjon.no\/sof\/wp-json\/wp\/v2\/media?parent=1212"}],"curies":[{"name":"wp","href":"https:\/\/api.w.org\/{rel}","templated":true}]}}