{"id":250,"date":"2018-06-01T09:06:35","date_gmt":"2018-06-01T07:06:35","guid":{"rendered":"https:\/\/www.normisjon.no\/region-sogn-og-fjordane\/?page_id=250"},"modified":"2018-06-01T09:09:00","modified_gmt":"2018-06-01T07:09:00","slug":"sunnfjord-folkehogskule","status":"publish","type":"page","link":"https:\/\/www.normisjon.no\/sof\/vi_er_stolte_av\/sunnfjord-folkehogskule\/","title":{"rendered":"Sunnfjord folkeh\u00f8gskule"},"content":{"rendered":"<div id=\"module-0\" class=\"hogan-module hogan-module-image hogan-module-0 hogan-image-size-large\"><div class=\"hogan-module-inner\"><figure class=\"wp-caption size-large\"><img loading=\"lazy\" decoding=\"async\" width=\"600\" height=\"338\" src=\"https:\/\/www.normisjon.no\/content\/uploads\/sites\/19\/2018\/06\/framside.jpg\" class=\"attachment-large size-large\" alt=\"\" srcset=\"https:\/\/www.normisjon.no\/content\/uploads\/sites\/19\/2018\/06\/framside.jpg 600w, https:\/\/www.normisjon.no\/content\/uploads\/sites\/19\/2018\/06\/framside-300x169.jpg 300w\" sizes=\"auto, (max-width: 600px) 100vw, 600px\" \/><\/figure><\/div><\/div><div id=\"module-1\" class=\"hogan-module hogan-module-text hogan-module-1\"><div class=\"hogan-module-inner\"><p>Med eit linjetilbod med stor fagleg bredde og kort veg til alt fr\u00e5 bre, fjell og fjord til golfbane, galleri, teater og idrettsanlegg, ligg alt til rette for eit spennande \u00e5r uansett kva for interessar du m\u00e5tte ha.<\/p>\n<p>Eigar: Normisjon Sogn og Fjordane.<\/p>\n<p>Les om skulen p\u00e5\u00a0<a href=\"http:\/\/www.sunnfjord.fhs.no\/\">www.sunnfjord.fhs.no<\/a><\/p><\/div><\/div>","protected":false},"excerpt":{"rendered":"<p>Med eit linjetilbod med stor fagleg bredde og kort veg til alt fr\u00e5 bre, fjell og fjord til golfbane, galleri, teater og idrettsanlegg, ligg alt [&hellip;]<\/p>\n","protected":false},"author":16,"featured_media":251,"parent":136,"menu_order":8,"comment_status":"closed","ping_status":"closed","template":"","meta":{"_acf_changed":false,"footnotes":""},"class_list":["post-250","page","type-page","status-publish","has-post-thumbnail","hentry"],"acf":[],"yoast_head":"<!-- This site is optimized with the Yoast SEO plugin v25.9 - https:\/\/yoast.com\/wordpress\/plugins\/seo\/ -->\n<title>Sunnfjord folkeh\u00f8gskule - Region Sogn og Fjordane<\/title>\n<meta name=\"robots\" content=\"index, follow, max-snippet:-1, max-image-preview:large, max-video-preview:-1\" \/>\n<link rel=\"canonical\" href=\"https:\/\/www.normisjon.no\/sof\/vi_er_stolte_av\/sunnfjord-folkehogskule\/\" \/>\n<meta property=\"og:locale\" content=\"nb_NO\" \/>\n<meta property=\"og:type\" content=\"article\" \/>\n<meta property=\"og:title\" content=\"Sunnfjord folkeh\u00f8gskule - Region Sogn og Fjordane\" \/>\n<meta property=\"og:description\" content=\"Med eit linjetilbod med stor fagleg bredde og kort veg til alt fr\u00e5 bre, fjell og fjord til golfbane, galleri, teater og idrettsanlegg, ligg alt [&hellip;]\" \/>\n<meta property=\"og:url\" content=\"https:\/\/www.normisjon.no\/sof\/vi_er_stolte_av\/sunnfjord-folkehogskule\/\" \/>\n<meta property=\"og:site_name\" content=\"Region Sogn og Fjordane\" \/>\n<meta property=\"article:modified_time\" content=\"2018-06-01T07:09:00+00:00\" \/>\n<meta property=\"og:image\" content=\"https:\/\/www.normisjon.no\/content\/uploads\/sites\/19\/2018\/06\/framside.jpg\" \/>\n\t<meta property=\"og:image:width\" content=\"600\" \/>\n\t<meta property=\"og:image:height\" content=\"338\" \/>\n\t<meta property=\"og:image:type\" content=\"image\/jpeg\" \/>\n<meta name=\"twitter:card\" content=\"summary_large_image\" \/>\n<script type=\"application\/ld+json\" class=\"yoast-schema-graph\">{\"@context\":\"https:\/\/schema.org\",\"@graph\":[{\"@type\":\"WebPage\",\"@id\":\"https:\/\/www.normisjon.no\/sof\/vi_er_stolte_av\/sunnfjord-folkehogskule\/\",\"url\":\"https:\/\/www.normisjon.no\/sof\/vi_er_stolte_av\/sunnfjord-folkehogskule\/\",\"name\":\"Sunnfjord folkeh\u00f8gskule - Region Sogn og Fjordane\",\"isPartOf\":{\"@id\":\"https:\/\/www.normisjon.no\/sof\/#website\"},\"primaryImageOfPage\":{\"@id\":\"https:\/\/www.normisjon.no\/sof\/vi_er_stolte_av\/sunnfjord-folkehogskule\/#primaryimage\"},\"image\":{\"@id\":\"https:\/\/www.normisjon.no\/sof\/vi_er_stolte_av\/sunnfjord-folkehogskule\/#primaryimage\"},\"thumbnailUrl\":\"https:\/\/www.normisjon.no\/content\/uploads\/sites\/19\/2018\/06\/framside.jpg\",\"datePublished\":\"2018-06-01T07:06:35+00:00\",\"dateModified\":\"2018-06-01T07:09:00+00:00\",\"breadcrumb\":{\"@id\":\"https:\/\/www.normisjon.no\/sof\/vi_er_stolte_av\/sunnfjord-folkehogskule\/#breadcrumb\"},\"inLanguage\":\"nb-NO\",\"potentialAction\":[{\"@type\":\"ReadAction\",\"target\":[\"https:\/\/www.normisjon.no\/sof\/vi_er_stolte_av\/sunnfjord-folkehogskule\/\"]}]},{\"@type\":\"ImageObject\",\"inLanguage\":\"nb-NO\",\"@id\":\"https:\/\/www.normisjon.no\/sof\/vi_er_stolte_av\/sunnfjord-folkehogskule\/#primaryimage\",\"url\":\"https:\/\/www.normisjon.no\/content\/uploads\/sites\/19\/2018\/06\/framside.jpg\",\"contentUrl\":\"https:\/\/www.normisjon.no\/content\/uploads\/sites\/19\/2018\/06\/framside.jpg\",\"width\":600,\"height\":338},{\"@type\":\"BreadcrumbList\",\"@id\":\"https:\/\/www.normisjon.no\/sof\/vi_er_stolte_av\/sunnfjord-folkehogskule\/#breadcrumb\",\"itemListElement\":[{\"@type\":\"ListItem\",\"position\":1,\"name\":\"Home\",\"item\":\"https:\/\/www.normisjon.no\/sof\/\"},{\"@type\":\"ListItem\",\"position\":2,\"name\":\"Vi er stolte av\",\"item\":\"https:\/\/www.normisjon.no\/sof\/vi_er_stolte_av\/\"},{\"@type\":\"ListItem\",\"position\":3,\"name\":\"Sunnfjord folkeh\u00f8gskule\"}]},{\"@type\":\"WebSite\",\"@id\":\"https:\/\/www.normisjon.no\/sof\/#website\",\"url\":\"https:\/\/www.normisjon.no\/sof\/\",\"name\":\"Region Sogn og Fjordane\",\"description\":\"\",\"potentialAction\":[{\"@type\":\"SearchAction\",\"target\":{\"@type\":\"EntryPoint\",\"urlTemplate\":\"https:\/\/www.normisjon.no\/sof\/?s={search_term_string}\"},\"query-input\":{\"@type\":\"PropertyValueSpecification\",\"valueRequired\":true,\"valueName\":\"search_term_string\"}}],\"inLanguage\":\"nb-NO\"}]}<\/script>\n<!-- \/ Yoast SEO plugin. -->","yoast_head_json":{"title":"Sunnfjord folkeh\u00f8gskule - Region Sogn og Fjordane","robots":{"index":"index","follow":"follow","max-snippet":"max-snippet:-1","max-image-preview":"max-image-preview:large","max-video-preview":"max-video-preview:-1"},"canonical":"https:\/\/www.normisjon.no\/sof\/vi_er_stolte_av\/sunnfjord-folkehogskule\/","og_locale":"nb_NO","og_type":"article","og_title":"Sunnfjord folkeh\u00f8gskule - Region Sogn og Fjordane","og_description":"Med eit linjetilbod med stor fagleg bredde og kort veg til alt fr\u00e5 bre, fjell og fjord til golfbane, galleri, teater og idrettsanlegg, ligg alt [&hellip;]","og_url":"https:\/\/www.normisjon.no\/sof\/vi_er_stolte_av\/sunnfjord-folkehogskule\/","og_site_name":"Region Sogn og Fjordane","article_modified_time":"2018-06-01T07:09:00+00:00","og_image":[{"width":600,"height":338,"url":"https:\/\/www.normisjon.no\/content\/uploads\/sites\/19\/2018\/06\/framside.jpg","type":"image\/jpeg"}],"twitter_card":"summary_large_image","schema":{"@context":"https:\/\/schema.org","@graph":[{"@type":"WebPage","@id":"https:\/\/www.normisjon.no\/sof\/vi_er_stolte_av\/sunnfjord-folkehogskule\/","url":"https:\/\/www.normisjon.no\/sof\/vi_er_stolte_av\/sunnfjord-folkehogskule\/","name":"Sunnfjord folkeh\u00f8gskule - Region Sogn og Fjordane","isPartOf":{"@id":"https:\/\/www.normisjon.no\/sof\/#website"},"primaryImageOfPage":{"@id":"https:\/\/www.normisjon.no\/sof\/vi_er_stolte_av\/sunnfjord-folkehogskule\/#primaryimage"},"image":{"@id":"https:\/\/www.normisjon.no\/sof\/vi_er_stolte_av\/sunnfjord-folkehogskule\/#primaryimage"},"thumbnailUrl":"https:\/\/www.normisjon.no\/content\/uploads\/sites\/19\/2018\/06\/framside.jpg","datePublished":"2018-06-01T07:06:35+00:00","dateModified":"2018-06-01T07:09:00+00:00","breadcrumb":{"@id":"https:\/\/www.normisjon.no\/sof\/vi_er_stolte_av\/sunnfjord-folkehogskule\/#breadcrumb"},"inLanguage":"nb-NO","potentialAction":[{"@type":"ReadAction","target":["https:\/\/www.normisjon.no\/sof\/vi_er_stolte_av\/sunnfjord-folkehogskule\/"]}]},{"@type":"ImageObject","inLanguage":"nb-NO","@id":"https:\/\/www.normisjon.no\/sof\/vi_er_stolte_av\/sunnfjord-folkehogskule\/#primaryimage","url":"https:\/\/www.normisjon.no\/content\/uploads\/sites\/19\/2018\/06\/framside.jpg","contentUrl":"https:\/\/www.normisjon.no\/content\/uploads\/sites\/19\/2018\/06\/framside.jpg","width":600,"height":338},{"@type":"BreadcrumbList","@id":"https:\/\/www.normisjon.no\/sof\/vi_er_stolte_av\/sunnfjord-folkehogskule\/#breadcrumb","itemListElement":[{"@type":"ListItem","position":1,"name":"Home","item":"https:\/\/www.normisjon.no\/sof\/"},{"@type":"ListItem","position":2,"name":"Vi er stolte av","item":"https:\/\/www.normisjon.no\/sof\/vi_er_stolte_av\/"},{"@type":"ListItem","position":3,"name":"Sunnfjord folkeh\u00f8gskule"}]},{"@type":"WebSite","@id":"https:\/\/www.normisjon.no\/sof\/#website","url":"https:\/\/www.normisjon.no\/sof\/","name":"Region Sogn og Fjordane","description":"","potentialAction":[{"@type":"SearchAction","target":{"@type":"EntryPoint","urlTemplate":"https:\/\/www.normisjon.no\/sof\/?s={search_term_string}"},"query-input":{"@type":"PropertyValueSpecification","valueRequired":true,"valueName":"search_term_string"}}],"inLanguage":"nb-NO"}]}},"_links":{"self":[{"href":"https:\/\/www.normisjon.no\/sof\/wp-json\/wp\/v2\/pages\/250","targetHints":{"allow":["GET"]}}],"collection":[{"href":"https:\/\/www.normisjon.no\/sof\/wp-json\/wp\/v2\/pages"}],"about":[{"href":"https:\/\/www.normisjon.no\/sof\/wp-json\/wp\/v2\/types\/page"}],"author":[{"embeddable":true,"href":"https:\/\/www.normisjon.no\/sof\/wp-json\/wp\/v2\/users\/16"}],"replies":[{"embeddable":true,"href":"https:\/\/www.normisjon.no\/sof\/wp-json\/wp\/v2\/comments?post=250"}],"version-history":[{"count":2,"href":"https:\/\/www.normisjon.no\/sof\/wp-json\/wp\/v2\/pages\/250\/revisions"}],"predecessor-version":[{"id":254,"href":"https:\/\/www.normisjon.no\/sof\/wp-json\/wp\/v2\/pages\/250\/revisions\/254"}],"up":[{"embeddable":true,"href":"https:\/\/www.normisjon.no\/sof\/wp-json\/wp\/v2\/pages\/136"}],"wp:featuredmedia":[{"embeddable":true,"href":"https:\/\/www.normisjon.no\/sof\/wp-json\/wp\/v2\/media\/251"}],"wp:attachment":[{"href":"https:\/\/www.normisjon.no\/sof\/wp-json\/wp\/v2\/media?parent=250"}],"curies":[{"name":"wp","href":"https:\/\/api.w.org\/{rel}","templated":true}]}}