{"id":255,"date":"2018-06-02T22:02:07","date_gmt":"2018-06-02T20:02:07","guid":{"rendered":"https:\/\/www.normisjon.no\/region-sogn-og-fjordane\/?page_id=255"},"modified":"2025-05-12T21:52:58","modified_gmt":"2025-05-12T19:52:58","slug":"styre-og-utval","status":"publish","type":"page","link":"https:\/\/www.normisjon.no\/sof\/om-oss\/styre-og-utval\/","title":{"rendered":"Styre og utval"},"content":{"rendered":"<div id=\"module-0\" class=\"hogan-module hogan-module-image hogan-module-0 hogan-image-size-large\"><div class=\"hogan-module-inner\"><figure class=\"wp-caption size-large\"><img loading=\"lazy\" decoding=\"async\" width=\"1024\" height=\"295\" src=\"https:\/\/www.normisjon.no\/content\/uploads\/sites\/19\/2020\/02\/logo_Normisjon_lang_regionsognogfjordane_bl\u00e5-1-1024x295.jpg\" class=\"attachment-large size-large\" alt=\"\" srcset=\"https:\/\/www.normisjon.no\/content\/uploads\/sites\/19\/2020\/02\/logo_Normisjon_lang_regionsognogfjordane_bl\u00e5-1-1024x295.jpg 1024w, https:\/\/www.normisjon.no\/content\/uploads\/sites\/19\/2020\/02\/logo_Normisjon_lang_regionsognogfjordane_bl\u00e5-1-300x86.jpg 300w, https:\/\/www.normisjon.no\/content\/uploads\/sites\/19\/2020\/02\/logo_Normisjon_lang_regionsognogfjordane_bl\u00e5-1-768x221.jpg 768w, https:\/\/www.normisjon.no\/content\/uploads\/sites\/19\/2020\/02\/logo_Normisjon_lang_regionsognogfjordane_bl\u00e5-1-1920x553.jpg 1920w, https:\/\/www.normisjon.no\/content\/uploads\/sites\/19\/2020\/02\/logo_Normisjon_lang_regionsognogfjordane_bl\u00e5-1-1360x392.jpg 1360w, https:\/\/www.normisjon.no\/content\/uploads\/sites\/19\/2020\/02\/logo_Normisjon_lang_regionsognogfjordane_bl\u00e5-1-960x277.jpg 960w, https:\/\/www.normisjon.no\/content\/uploads\/sites\/19\/2020\/02\/logo_Normisjon_lang_regionsognogfjordane_bl\u00e5-1.jpg 1953w\" sizes=\"auto, (max-width: 1024px) 100vw, 1024px\" \/><\/figure><\/div><\/div><div id=\"module-1\" class=\"hogan-module hogan-module-text hogan-module-1\"><div class=\"hogan-module-inner\"><p>Her er ei oversikt over kven som sit i dei ulike styra \/ utval som h\u00f8yrer til Normisjon Sogn og Fjordane<\/p>\n<p><strong>Regionstyret:\u00a0<\/strong><\/p>\n<p>Styreleiar: J\u00f8rn Naustdal Ilje\u00a0 \u00a0Haugen\u00a0 \u00a0 \u00a0 \u00a0styreleiar.sof@normisjon.no<br \/>\nNestleiar: Bjarte Urnes\u00a0 \u00a0 \u00a0 \u00a0 \u00a0 \u00a0 \u00a0F\u00f8rde\u00a0 \u00a0 \u00a0 \u00a0 \u00a0 nestleiar.sof@normisjon.no Styremedlemmer:<br \/>\nUnni Larsen Hatlegjerde\u00a0 \u00a0 \u00a0 \u00a0 \u00a0 Kj\u00f8lsdalen<br \/>\nAne Marte Stautland\u00a0 \u00a0 \u00a0 \u00a0 \u00a0 \u00a0 \u00a0 \u00a0 \u00a0F\u00f8rde<\/p>\n<p>1.Vara Kari Rygg Leirgul\u00a0 \u00a0 \u00a0 \u00a0 \u00a0 \u00a0Vereide<br \/>\n2.Vara Marit Brit Underhaug\u00a0 \u00a0F\u00f8rde<br \/>\n3.Vara Kim Rune Dalsb\u00f8\u00a0 \u00a0 \u00a0 \u00a0 \u00a0 \u00a0Stadlandet<\/p>\n<p><strong><u>Valgkomit\u00e9 2025-2026<\/u><\/strong><br \/>\nJohn Olav Hoddevik\u00a0 \u00a0 \u00a0 \u00a0 \u00a0 Sandane<br \/>\nMagnar Aarseth\u00a0 \u00a0 \u00a0 \u00a0 \u00a0 \u00a0 \u00a0 \u00a0 \u00a0F\u00f8rde<\/p>\n<p><strong>Acta-styret<\/strong><br \/>\nStyreleiar: P\u00e5l Andreas Berntsen (Bryggja) styreleiar.actasof@normisjon.no<br \/>\nStyremedlemmer:<br \/>\nBirgitte Fl\u00f8lo Nordgaard (Sandane)<br \/>\nLillian Prestevik (Stadlandet)<br \/>\nJohannes Hoddevik (Sandane)<br \/>\nRowan Abraham Morken (Almenningen)<\/p>\n<p>1.vara Rannveig Oline Bj\u00f8rnholm (Husev\u00e5g\u00f8y\/Stranda)<br \/>\n2.vara Nils-Inge Eimhjellen (Hyen)<\/p>\n<p>Valgnemd: Marte-Iren Lade<\/p>\n<p><strong>Teigenstyret:<br \/>\n<\/strong>Leiar: Sigrun Savland<br \/>\nNestleiar: Svein S\u00e6terlid<br \/>\nKasserar\/ styremedlem: Elisabeth Tonheim<br \/>\nBookingansvarlig: Sigrid Austevoll<\/p>\n<p><strong>Fjordlystyret:<br \/>\n<\/strong>Leiar: Sindre Storvoll<br \/>\nKjetil Hovstad<br \/>\nJohannes Nome 1. vara<\/p>\n<p><strong>Holmelystyret:<\/strong><br \/>\nLeiar: Jan Gudmund Skrivervik<br \/>\nSolveig Gj\u00f8rven<br \/>\nJessica Haaland<br \/>\nFrode Kvalheim<br \/>\nKari Rygg Leirgul<br \/>\nTor Olav Heldal, vara<\/p><\/div><\/div>","protected":false},"excerpt":{"rendered":"<p>Her er ei oversikt over kven som sit i dei ulike styra \/ utval som h\u00f8yrer til Normisjon Sogn og Fjordane Regionstyret:\u00a0 Styreleiar: J\u00f8rn Naustdal [&hellip;]<\/p>\n","protected":false},"author":16,"featured_media":2600,"parent":105,"menu_order":0,"comment_status":"closed","ping_status":"closed","template":"","meta":{"_acf_changed":false,"footnotes":""},"class_list":["post-255","page","type-page","status-publish","has-post-thumbnail","hentry"],"acf":[],"yoast_head":"<!-- This site is optimized with the Yoast SEO plugin v25.9 - https:\/\/yoast.com\/wordpress\/plugins\/seo\/ -->\n<title>Styre og utval - Region Sogn og Fjordane<\/title>\n<meta name=\"robots\" content=\"index, follow, max-snippet:-1, max-image-preview:large, max-video-preview:-1\" \/>\n<link rel=\"canonical\" href=\"https:\/\/www.normisjon.no\/sof\/om-oss\/styre-og-utval\/\" \/>\n<meta property=\"og:locale\" content=\"nb_NO\" \/>\n<meta property=\"og:type\" content=\"article\" \/>\n<meta property=\"og:title\" content=\"Styre og utval - Region Sogn og Fjordane\" \/>\n<meta property=\"og:description\" content=\"Her er ei oversikt over kven som sit i dei ulike styra \/ utval som h\u00f8yrer til Normisjon Sogn og Fjordane Regionstyret:\u00a0 Styreleiar: J\u00f8rn Naustdal [&hellip;]\" \/>\n<meta property=\"og:url\" content=\"https:\/\/www.normisjon.no\/sof\/om-oss\/styre-og-utval\/\" \/>\n<meta property=\"og:site_name\" content=\"Region Sogn og Fjordane\" \/>\n<meta property=\"article:modified_time\" content=\"2025-05-12T19:52:58+00:00\" \/>\n<meta property=\"og:image\" content=\"https:\/\/www.normisjon.no\/content\/uploads\/sites\/19\/2020\/02\/logo_Normisjon_lang_regionsognogfjordane_bl\u00e5-1.jpg\" \/>\n\t<meta property=\"og:image:width\" content=\"1953\" \/>\n\t<meta property=\"og:image:height\" content=\"563\" \/>\n\t<meta property=\"og:image:type\" content=\"image\/jpeg\" \/>\n<meta name=\"twitter:card\" content=\"summary_large_image\" \/>\n<script type=\"application\/ld+json\" class=\"yoast-schema-graph\">{\"@context\":\"https:\/\/schema.org\",\"@graph\":[{\"@type\":\"WebPage\",\"@id\":\"https:\/\/www.normisjon.no\/sof\/om-oss\/styre-og-utval\/\",\"url\":\"https:\/\/www.normisjon.no\/sof\/om-oss\/styre-og-utval\/\",\"name\":\"Styre og utval - Region Sogn og Fjordane\",\"isPartOf\":{\"@id\":\"https:\/\/www.normisjon.no\/sof\/#website\"},\"primaryImageOfPage\":{\"@id\":\"https:\/\/www.normisjon.no\/sof\/om-oss\/styre-og-utval\/#primaryimage\"},\"image\":{\"@id\":\"https:\/\/www.normisjon.no\/sof\/om-oss\/styre-og-utval\/#primaryimage\"},\"thumbnailUrl\":\"https:\/\/www.normisjon.no\/content\/uploads\/sites\/19\/2020\/02\/logo_Normisjon_lang_regionsognogfjordane_bl\u00e5-1.jpg\",\"datePublished\":\"2018-06-02T20:02:07+00:00\",\"dateModified\":\"2025-05-12T19:52:58+00:00\",\"breadcrumb\":{\"@id\":\"https:\/\/www.normisjon.no\/sof\/om-oss\/styre-og-utval\/#breadcrumb\"},\"inLanguage\":\"nb-NO\",\"potentialAction\":[{\"@type\":\"ReadAction\",\"target\":[\"https:\/\/www.normisjon.no\/sof\/om-oss\/styre-og-utval\/\"]}]},{\"@type\":\"ImageObject\",\"inLanguage\":\"nb-NO\",\"@id\":\"https:\/\/www.normisjon.no\/sof\/om-oss\/styre-og-utval\/#primaryimage\",\"url\":\"https:\/\/www.normisjon.no\/content\/uploads\/sites\/19\/2020\/02\/logo_Normisjon_lang_regionsognogfjordane_bl\u00e5-1.jpg\",\"contentUrl\":\"https:\/\/www.normisjon.no\/content\/uploads\/sites\/19\/2020\/02\/logo_Normisjon_lang_regionsognogfjordane_bl\u00e5-1.jpg\",\"width\":1953,\"height\":563},{\"@type\":\"BreadcrumbList\",\"@id\":\"https:\/\/www.normisjon.no\/sof\/om-oss\/styre-og-utval\/#breadcrumb\",\"itemListElement\":[{\"@type\":\"ListItem\",\"position\":1,\"name\":\"Home\",\"item\":\"https:\/\/www.normisjon.no\/sof\/\"},{\"@type\":\"ListItem\",\"position\":2,\"name\":\"Om oss\",\"item\":\"https:\/\/www.normisjon.no\/sof\/om-oss\/\"},{\"@type\":\"ListItem\",\"position\":3,\"name\":\"Styre og utval\"}]},{\"@type\":\"WebSite\",\"@id\":\"https:\/\/www.normisjon.no\/sof\/#website\",\"url\":\"https:\/\/www.normisjon.no\/sof\/\",\"name\":\"Region Sogn og Fjordane\",\"description\":\"\",\"potentialAction\":[{\"@type\":\"SearchAction\",\"target\":{\"@type\":\"EntryPoint\",\"urlTemplate\":\"https:\/\/www.normisjon.no\/sof\/?s={search_term_string}\"},\"query-input\":{\"@type\":\"PropertyValueSpecification\",\"valueRequired\":true,\"valueName\":\"search_term_string\"}}],\"inLanguage\":\"nb-NO\"}]}<\/script>\n<!-- \/ Yoast SEO plugin. -->","yoast_head_json":{"title":"Styre og utval - Region Sogn og Fjordane","robots":{"index":"index","follow":"follow","max-snippet":"max-snippet:-1","max-image-preview":"max-image-preview:large","max-video-preview":"max-video-preview:-1"},"canonical":"https:\/\/www.normisjon.no\/sof\/om-oss\/styre-og-utval\/","og_locale":"nb_NO","og_type":"article","og_title":"Styre og utval - Region Sogn og Fjordane","og_description":"Her er ei oversikt over kven som sit i dei ulike styra \/ utval som h\u00f8yrer til Normisjon Sogn og Fjordane Regionstyret:\u00a0 Styreleiar: J\u00f8rn Naustdal [&hellip;]","og_url":"https:\/\/www.normisjon.no\/sof\/om-oss\/styre-og-utval\/","og_site_name":"Region Sogn og Fjordane","article_modified_time":"2025-05-12T19:52:58+00:00","og_image":[{"width":1953,"height":563,"url":"https:\/\/www.normisjon.no\/content\/uploads\/sites\/19\/2020\/02\/logo_Normisjon_lang_regionsognogfjordane_bl\u00e5-1.jpg","type":"image\/jpeg"}],"twitter_card":"summary_large_image","schema":{"@context":"https:\/\/schema.org","@graph":[{"@type":"WebPage","@id":"https:\/\/www.normisjon.no\/sof\/om-oss\/styre-og-utval\/","url":"https:\/\/www.normisjon.no\/sof\/om-oss\/styre-og-utval\/","name":"Styre og utval - Region Sogn og Fjordane","isPartOf":{"@id":"https:\/\/www.normisjon.no\/sof\/#website"},"primaryImageOfPage":{"@id":"https:\/\/www.normisjon.no\/sof\/om-oss\/styre-og-utval\/#primaryimage"},"image":{"@id":"https:\/\/www.normisjon.no\/sof\/om-oss\/styre-og-utval\/#primaryimage"},"thumbnailUrl":"https:\/\/www.normisjon.no\/content\/uploads\/sites\/19\/2020\/02\/logo_Normisjon_lang_regionsognogfjordane_bl\u00e5-1.jpg","datePublished":"2018-06-02T20:02:07+00:00","dateModified":"2025-05-12T19:52:58+00:00","breadcrumb":{"@id":"https:\/\/www.normisjon.no\/sof\/om-oss\/styre-og-utval\/#breadcrumb"},"inLanguage":"nb-NO","potentialAction":[{"@type":"ReadAction","target":["https:\/\/www.normisjon.no\/sof\/om-oss\/styre-og-utval\/"]}]},{"@type":"ImageObject","inLanguage":"nb-NO","@id":"https:\/\/www.normisjon.no\/sof\/om-oss\/styre-og-utval\/#primaryimage","url":"https:\/\/www.normisjon.no\/content\/uploads\/sites\/19\/2020\/02\/logo_Normisjon_lang_regionsognogfjordane_bl\u00e5-1.jpg","contentUrl":"https:\/\/www.normisjon.no\/content\/uploads\/sites\/19\/2020\/02\/logo_Normisjon_lang_regionsognogfjordane_bl\u00e5-1.jpg","width":1953,"height":563},{"@type":"BreadcrumbList","@id":"https:\/\/www.normisjon.no\/sof\/om-oss\/styre-og-utval\/#breadcrumb","itemListElement":[{"@type":"ListItem","position":1,"name":"Home","item":"https:\/\/www.normisjon.no\/sof\/"},{"@type":"ListItem","position":2,"name":"Om oss","item":"https:\/\/www.normisjon.no\/sof\/om-oss\/"},{"@type":"ListItem","position":3,"name":"Styre og utval"}]},{"@type":"WebSite","@id":"https:\/\/www.normisjon.no\/sof\/#website","url":"https:\/\/www.normisjon.no\/sof\/","name":"Region Sogn og Fjordane","description":"","potentialAction":[{"@type":"SearchAction","target":{"@type":"EntryPoint","urlTemplate":"https:\/\/www.normisjon.no\/sof\/?s={search_term_string}"},"query-input":{"@type":"PropertyValueSpecification","valueRequired":true,"valueName":"search_term_string"}}],"inLanguage":"nb-NO"}]}},"_links":{"self":[{"href":"https:\/\/www.normisjon.no\/sof\/wp-json\/wp\/v2\/pages\/255","targetHints":{"allow":["GET"]}}],"collection":[{"href":"https:\/\/www.normisjon.no\/sof\/wp-json\/wp\/v2\/pages"}],"about":[{"href":"https:\/\/www.normisjon.no\/sof\/wp-json\/wp\/v2\/types\/page"}],"author":[{"embeddable":true,"href":"https:\/\/www.normisjon.no\/sof\/wp-json\/wp\/v2\/users\/16"}],"replies":[{"embeddable":true,"href":"https:\/\/www.normisjon.no\/sof\/wp-json\/wp\/v2\/comments?post=255"}],"version-history":[{"count":12,"href":"https:\/\/www.normisjon.no\/sof\/wp-json\/wp\/v2\/pages\/255\/revisions"}],"predecessor-version":[{"id":3490,"href":"https:\/\/www.normisjon.no\/sof\/wp-json\/wp\/v2\/pages\/255\/revisions\/3490"}],"up":[{"embeddable":true,"href":"https:\/\/www.normisjon.no\/sof\/wp-json\/wp\/v2\/pages\/105"}],"wp:featuredmedia":[{"embeddable":true,"href":"https:\/\/www.normisjon.no\/sof\/wp-json\/wp\/v2\/media\/2600"}],"wp:attachment":[{"href":"https:\/\/www.normisjon.no\/sof\/wp-json\/wp\/v2\/media?parent=255"}],"curies":[{"name":"wp","href":"https:\/\/api.w.org\/{rel}","templated":true}]}}