{"id":277,"date":"2018-06-06T11:28:38","date_gmt":"2018-06-06T09:28:38","guid":{"rendered":"https:\/\/www.normisjon.no\/region-sogn-og-fjordane\/?page_id=277"},"modified":"2018-10-30T13:00:30","modified_gmt":"2018-10-30T12:00:30","slug":"barne-og-ungdomsarbeid","status":"publish","type":"page","link":"https:\/\/www.normisjon.no\/sof\/vi_er_stolte_av\/barne-og-ungdomsarbeid\/","title":{"rendered":"Barne- og ungdomsarbeid"},"content":{"rendered":"<div id=\"module-0\" class=\"hogan-module hogan-module-image hogan-module-0 hogan-image-size-large\"><div class=\"hogan-module-inner\"><figure class=\"wp-caption size-large\"><img loading=\"lazy\" decoding=\"async\" width=\"1024\" height=\"652\" src=\"https:\/\/www.normisjon.no\/content\/uploads\/sites\/19\/2018\/06\/0-nettside-e1529571397370-1024x652.jpg\" class=\"attachment-large size-large\" alt=\"\" srcset=\"https:\/\/www.normisjon.no\/content\/uploads\/sites\/19\/2018\/06\/0-nettside-e1529571397370-1024x652.jpg 1024w, https:\/\/www.normisjon.no\/content\/uploads\/sites\/19\/2018\/06\/0-nettside-e1529571397370-300x191.jpg 300w, https:\/\/www.normisjon.no\/content\/uploads\/sites\/19\/2018\/06\/0-nettside-e1529571397370-768x489.jpg 768w, https:\/\/www.normisjon.no\/content\/uploads\/sites\/19\/2018\/06\/0-nettside-e1529571397370-1360x866.jpg 1360w, https:\/\/www.normisjon.no\/content\/uploads\/sites\/19\/2018\/06\/0-nettside-e1529571397370-960x611.jpg 960w, https:\/\/www.normisjon.no\/content\/uploads\/sites\/19\/2018\/06\/0-nettside-e1529571397370.jpg 1885w\" sizes=\"auto, (max-width: 1024px) 100vw, 1024px\" \/><\/figure><\/div><\/div><div id=\"module-1\" class=\"hogan-module hogan-module-text hogan-module-1\"><div class=\"hogan-module-inner\"><p>Acta barn og unge i Normisjon leier barne- og ungdomsarbeidet v\u00e5rt.<br \/>\nVi satsar p\u00e5 leir, lokale lag og kor, medvandring og leiartrening.<\/p>\n<p>Acta har nye nettsider: <a href=\"https:\/\/acta.no\/\">www.acta.no<\/a><br \/>\nActa region Sogn og Fjordane har ikkje f\u00e5tt tid end\u00e5 til \u00e5 lage den nye regionsida. Enn s\u00e5 lenge blir regionsida til Normisjon Sogn og Fjordane brukt.<\/p><\/div><\/div>","protected":false},"excerpt":{"rendered":"<p>Acta barn og unge i Normisjon leier barne- og ungdomsarbeidet v\u00e5rt. Vi satsar p\u00e5 leir, lokale lag og kor, medvandring og leiartrening. Acta har nye [&hellip;]<\/p>\n","protected":false},"author":16,"featured_media":335,"parent":136,"menu_order":0,"comment_status":"closed","ping_status":"closed","template":"","meta":{"_acf_changed":false,"footnotes":""},"class_list":["post-277","page","type-page","status-publish","has-post-thumbnail","hentry"],"acf":[],"yoast_head":"<!-- This site is optimized with the Yoast SEO plugin v25.9 - https:\/\/yoast.com\/wordpress\/plugins\/seo\/ -->\n<title>Barne- og ungdomsarbeid - Region Sogn og Fjordane<\/title>\n<meta name=\"robots\" content=\"index, follow, max-snippet:-1, max-image-preview:large, max-video-preview:-1\" \/>\n<link rel=\"canonical\" href=\"https:\/\/www.normisjon.no\/sof\/vi_er_stolte_av\/barne-og-ungdomsarbeid\/\" \/>\n<meta property=\"og:locale\" content=\"nb_NO\" \/>\n<meta property=\"og:type\" content=\"article\" \/>\n<meta property=\"og:title\" content=\"Barne- og ungdomsarbeid - Region Sogn og Fjordane\" \/>\n<meta property=\"og:description\" content=\"Acta barn og unge i Normisjon leier barne- og ungdomsarbeidet v\u00e5rt. Vi satsar p\u00e5 leir, lokale lag og kor, medvandring og leiartrening. Acta har nye [&hellip;]\" \/>\n<meta property=\"og:url\" content=\"https:\/\/www.normisjon.no\/sof\/vi_er_stolte_av\/barne-og-ungdomsarbeid\/\" \/>\n<meta property=\"og:site_name\" content=\"Region Sogn og Fjordane\" \/>\n<meta property=\"article:modified_time\" content=\"2018-10-30T12:00:30+00:00\" \/>\n<meta property=\"og:image\" content=\"https:\/\/www.normisjon.no\/content\/uploads\/sites\/19\/2018\/06\/0-nettside-e1529571397370.jpg\" \/>\n\t<meta property=\"og:image:width\" content=\"1885\" \/>\n\t<meta property=\"og:image:height\" content=\"1200\" \/>\n\t<meta property=\"og:image:type\" content=\"image\/jpeg\" \/>\n<meta name=\"twitter:card\" content=\"summary_large_image\" \/>\n<script type=\"application\/ld+json\" class=\"yoast-schema-graph\">{\"@context\":\"https:\/\/schema.org\",\"@graph\":[{\"@type\":\"WebPage\",\"@id\":\"https:\/\/www.normisjon.no\/sof\/vi_er_stolte_av\/barne-og-ungdomsarbeid\/\",\"url\":\"https:\/\/www.normisjon.no\/sof\/vi_er_stolte_av\/barne-og-ungdomsarbeid\/\",\"name\":\"Barne- og ungdomsarbeid - Region Sogn og Fjordane\",\"isPartOf\":{\"@id\":\"https:\/\/www.normisjon.no\/sof\/#website\"},\"primaryImageOfPage\":{\"@id\":\"https:\/\/www.normisjon.no\/sof\/vi_er_stolte_av\/barne-og-ungdomsarbeid\/#primaryimage\"},\"image\":{\"@id\":\"https:\/\/www.normisjon.no\/sof\/vi_er_stolte_av\/barne-og-ungdomsarbeid\/#primaryimage\"},\"thumbnailUrl\":\"https:\/\/www.normisjon.no\/content\/uploads\/sites\/19\/2018\/06\/0-nettside-e1529571397370.jpg\",\"datePublished\":\"2018-06-06T09:28:38+00:00\",\"dateModified\":\"2018-10-30T12:00:30+00:00\",\"breadcrumb\":{\"@id\":\"https:\/\/www.normisjon.no\/sof\/vi_er_stolte_av\/barne-og-ungdomsarbeid\/#breadcrumb\"},\"inLanguage\":\"nb-NO\",\"potentialAction\":[{\"@type\":\"ReadAction\",\"target\":[\"https:\/\/www.normisjon.no\/sof\/vi_er_stolte_av\/barne-og-ungdomsarbeid\/\"]}]},{\"@type\":\"ImageObject\",\"inLanguage\":\"nb-NO\",\"@id\":\"https:\/\/www.normisjon.no\/sof\/vi_er_stolte_av\/barne-og-ungdomsarbeid\/#primaryimage\",\"url\":\"https:\/\/www.normisjon.no\/content\/uploads\/sites\/19\/2018\/06\/0-nettside-e1529571397370.jpg\",\"contentUrl\":\"https:\/\/www.normisjon.no\/content\/uploads\/sites\/19\/2018\/06\/0-nettside-e1529571397370.jpg\",\"width\":1885,\"height\":1200},{\"@type\":\"BreadcrumbList\",\"@id\":\"https:\/\/www.normisjon.no\/sof\/vi_er_stolte_av\/barne-og-ungdomsarbeid\/#breadcrumb\",\"itemListElement\":[{\"@type\":\"ListItem\",\"position\":1,\"name\":\"Home\",\"item\":\"https:\/\/www.normisjon.no\/sof\/\"},{\"@type\":\"ListItem\",\"position\":2,\"name\":\"Vi er stolte av\",\"item\":\"https:\/\/www.normisjon.no\/sof\/vi_er_stolte_av\/\"},{\"@type\":\"ListItem\",\"position\":3,\"name\":\"Barne- og ungdomsarbeid\"}]},{\"@type\":\"WebSite\",\"@id\":\"https:\/\/www.normisjon.no\/sof\/#website\",\"url\":\"https:\/\/www.normisjon.no\/sof\/\",\"name\":\"Region Sogn og Fjordane\",\"description\":\"\",\"potentialAction\":[{\"@type\":\"SearchAction\",\"target\":{\"@type\":\"EntryPoint\",\"urlTemplate\":\"https:\/\/www.normisjon.no\/sof\/?s={search_term_string}\"},\"query-input\":{\"@type\":\"PropertyValueSpecification\",\"valueRequired\":true,\"valueName\":\"search_term_string\"}}],\"inLanguage\":\"nb-NO\"}]}<\/script>\n<!-- \/ Yoast SEO plugin. -->","yoast_head_json":{"title":"Barne- og ungdomsarbeid - Region Sogn og Fjordane","robots":{"index":"index","follow":"follow","max-snippet":"max-snippet:-1","max-image-preview":"max-image-preview:large","max-video-preview":"max-video-preview:-1"},"canonical":"https:\/\/www.normisjon.no\/sof\/vi_er_stolte_av\/barne-og-ungdomsarbeid\/","og_locale":"nb_NO","og_type":"article","og_title":"Barne- og ungdomsarbeid - Region Sogn og Fjordane","og_description":"Acta barn og unge i Normisjon leier barne- og ungdomsarbeidet v\u00e5rt. Vi satsar p\u00e5 leir, lokale lag og kor, medvandring og leiartrening. Acta har nye [&hellip;]","og_url":"https:\/\/www.normisjon.no\/sof\/vi_er_stolte_av\/barne-og-ungdomsarbeid\/","og_site_name":"Region Sogn og Fjordane","article_modified_time":"2018-10-30T12:00:30+00:00","og_image":[{"width":1885,"height":1200,"url":"https:\/\/www.normisjon.no\/content\/uploads\/sites\/19\/2018\/06\/0-nettside-e1529571397370.jpg","type":"image\/jpeg"}],"twitter_card":"summary_large_image","schema":{"@context":"https:\/\/schema.org","@graph":[{"@type":"WebPage","@id":"https:\/\/www.normisjon.no\/sof\/vi_er_stolte_av\/barne-og-ungdomsarbeid\/","url":"https:\/\/www.normisjon.no\/sof\/vi_er_stolte_av\/barne-og-ungdomsarbeid\/","name":"Barne- og ungdomsarbeid - Region Sogn og Fjordane","isPartOf":{"@id":"https:\/\/www.normisjon.no\/sof\/#website"},"primaryImageOfPage":{"@id":"https:\/\/www.normisjon.no\/sof\/vi_er_stolte_av\/barne-og-ungdomsarbeid\/#primaryimage"},"image":{"@id":"https:\/\/www.normisjon.no\/sof\/vi_er_stolte_av\/barne-og-ungdomsarbeid\/#primaryimage"},"thumbnailUrl":"https:\/\/www.normisjon.no\/content\/uploads\/sites\/19\/2018\/06\/0-nettside-e1529571397370.jpg","datePublished":"2018-06-06T09:28:38+00:00","dateModified":"2018-10-30T12:00:30+00:00","breadcrumb":{"@id":"https:\/\/www.normisjon.no\/sof\/vi_er_stolte_av\/barne-og-ungdomsarbeid\/#breadcrumb"},"inLanguage":"nb-NO","potentialAction":[{"@type":"ReadAction","target":["https:\/\/www.normisjon.no\/sof\/vi_er_stolte_av\/barne-og-ungdomsarbeid\/"]}]},{"@type":"ImageObject","inLanguage":"nb-NO","@id":"https:\/\/www.normisjon.no\/sof\/vi_er_stolte_av\/barne-og-ungdomsarbeid\/#primaryimage","url":"https:\/\/www.normisjon.no\/content\/uploads\/sites\/19\/2018\/06\/0-nettside-e1529571397370.jpg","contentUrl":"https:\/\/www.normisjon.no\/content\/uploads\/sites\/19\/2018\/06\/0-nettside-e1529571397370.jpg","width":1885,"height":1200},{"@type":"BreadcrumbList","@id":"https:\/\/www.normisjon.no\/sof\/vi_er_stolte_av\/barne-og-ungdomsarbeid\/#breadcrumb","itemListElement":[{"@type":"ListItem","position":1,"name":"Home","item":"https:\/\/www.normisjon.no\/sof\/"},{"@type":"ListItem","position":2,"name":"Vi er stolte av","item":"https:\/\/www.normisjon.no\/sof\/vi_er_stolte_av\/"},{"@type":"ListItem","position":3,"name":"Barne- og ungdomsarbeid"}]},{"@type":"WebSite","@id":"https:\/\/www.normisjon.no\/sof\/#website","url":"https:\/\/www.normisjon.no\/sof\/","name":"Region Sogn og Fjordane","description":"","potentialAction":[{"@type":"SearchAction","target":{"@type":"EntryPoint","urlTemplate":"https:\/\/www.normisjon.no\/sof\/?s={search_term_string}"},"query-input":{"@type":"PropertyValueSpecification","valueRequired":true,"valueName":"search_term_string"}}],"inLanguage":"nb-NO"}]}},"_links":{"self":[{"href":"https:\/\/www.normisjon.no\/sof\/wp-json\/wp\/v2\/pages\/277","targetHints":{"allow":["GET"]}}],"collection":[{"href":"https:\/\/www.normisjon.no\/sof\/wp-json\/wp\/v2\/pages"}],"about":[{"href":"https:\/\/www.normisjon.no\/sof\/wp-json\/wp\/v2\/types\/page"}],"author":[{"embeddable":true,"href":"https:\/\/www.normisjon.no\/sof\/wp-json\/wp\/v2\/users\/16"}],"replies":[{"embeddable":true,"href":"https:\/\/www.normisjon.no\/sof\/wp-json\/wp\/v2\/comments?post=277"}],"version-history":[{"count":2,"href":"https:\/\/www.normisjon.no\/sof\/wp-json\/wp\/v2\/pages\/277\/revisions"}],"predecessor-version":[{"id":1580,"href":"https:\/\/www.normisjon.no\/sof\/wp-json\/wp\/v2\/pages\/277\/revisions\/1580"}],"up":[{"embeddable":true,"href":"https:\/\/www.normisjon.no\/sof\/wp-json\/wp\/v2\/pages\/136"}],"wp:featuredmedia":[{"embeddable":true,"href":"https:\/\/www.normisjon.no\/sof\/wp-json\/wp\/v2\/media\/335"}],"wp:attachment":[{"href":"https:\/\/www.normisjon.no\/sof\/wp-json\/wp\/v2\/media?parent=277"}],"curies":[{"name":"wp","href":"https:\/\/api.w.org\/{rel}","templated":true}]}}