{"id":339,"date":"2018-06-21T11:10:31","date_gmt":"2018-06-21T09:10:31","guid":{"rendered":"https:\/\/www.normisjon.no\/sof\/?page_id=339"},"modified":"2019-06-12T13:39:06","modified_gmt":"2019-06-12T11:39:06","slug":"nytt-fra-normisjon-sogn-og-fjordane","status":"publish","type":"page","link":"https:\/\/www.normisjon.no\/sof\/om-oss\/nytt-fra-normisjon-sogn-og-fjordane\/","title":{"rendered":"Nytt fr\u00e5 Normisjon Sogn og Fjordane"},"content":{"rendered":"<div id=\"module-0\" class=\"hogan-module hogan-module-image hogan-module-0 hogan-image-size-large\"><div class=\"hogan-module-inner\"><figure class=\"wp-caption size-large\"><img loading=\"lazy\" decoding=\"async\" width=\"1024\" height=\"683\" src=\"https:\/\/www.normisjon.no\/content\/uploads\/sites\/19\/2018\/06\/Avisa-e1529572139960-1024x683.jpg\" class=\"attachment-large size-large\" alt=\"\" srcset=\"https:\/\/www.normisjon.no\/content\/uploads\/sites\/19\/2018\/06\/Avisa-e1529572139960-1024x683.jpg 1024w, https:\/\/www.normisjon.no\/content\/uploads\/sites\/19\/2018\/06\/Avisa-e1529572139960-300x200.jpg 300w, https:\/\/www.normisjon.no\/content\/uploads\/sites\/19\/2018\/06\/Avisa-e1529572139960-768x512.jpg 768w, https:\/\/www.normisjon.no\/content\/uploads\/sites\/19\/2018\/06\/Avisa-e1529572139960-960x641.jpg 960w, https:\/\/www.normisjon.no\/content\/uploads\/sites\/19\/2018\/06\/Avisa-e1529572139960.jpg 1193w\" sizes=\"auto, (max-width: 1024px) 100vw, 1024px\" \/><\/figure><\/div><\/div><div id=\"module-1\" class=\"hogan-module hogan-module-text hogan-module-1\"><div class=\"hogan-module-inner\"><p>Avisa som vi gjev ut fire ganger i \u00e5ret, fortel nytt fr\u00e5 arbeidet til Normisjon i Sogn og Fjordane. I tillegg kan du lese nytt fr\u00e5 nabofylket M\u00f8re og Romsdal og det internasjonale arbeidet v\u00e5rt.<\/p>\n<p>Ta kontakt med oss for \u00e5 f\u00e5 avisa tilsendt i posten.<\/p>\n<p>Tlf: 57 86 63 49<br \/>\nE-post:\u00a0<a href=\"mailto:\">region.sogn.fjordane@normisjon.no<\/a><\/p>\n<p>Frivillig abonnementspris: kr 250 i \u00e5ret.<\/p>\n<p><strong>Her kan du lese avisa i pdf-fil.\u00a0<\/strong><br \/>\n2019<br \/>\n<a href=\"https:\/\/www.normisjon.no\/content\/uploads\/sites\/19\/2019\/06\/Sognogfjord_M\u00f8re_nr-1_2019-til-nett.pdf\">Nr 1-19<\/a><br \/>\n<a href=\"https:\/\/www.normisjon.no\/content\/uploads\/sites\/19\/2019\/06\/Sognogfjord_nr-2_2019-til-nett.pdf\">Nr 2-19<\/a><\/p><\/div><\/div>","protected":false},"excerpt":{"rendered":"<p>Avisa som vi gjev ut fire ganger i \u00e5ret, fortel nytt fr\u00e5 arbeidet til Normisjon i Sogn og Fjordane. I tillegg kan du lese nytt [&hellip;]<\/p>\n","protected":false},"author":16,"featured_media":340,"parent":105,"menu_order":0,"comment_status":"closed","ping_status":"closed","template":"","meta":{"_acf_changed":false,"footnotes":""},"class_list":["post-339","page","type-page","status-publish","has-post-thumbnail","hentry"],"acf":[],"yoast_head":"<!-- This site is optimized with the Yoast SEO plugin v25.9 - https:\/\/yoast.com\/wordpress\/plugins\/seo\/ -->\n<title>Nytt fr\u00e5 Normisjon Sogn og Fjordane - Region Sogn og Fjordane<\/title>\n<meta name=\"robots\" content=\"index, follow, max-snippet:-1, max-image-preview:large, max-video-preview:-1\" \/>\n<link rel=\"canonical\" href=\"https:\/\/www.normisjon.no\/sof\/om-oss\/nytt-fra-normisjon-sogn-og-fjordane\/\" \/>\n<meta property=\"og:locale\" content=\"nb_NO\" \/>\n<meta property=\"og:type\" content=\"article\" \/>\n<meta property=\"og:title\" content=\"Nytt fr\u00e5 Normisjon Sogn og Fjordane - Region Sogn og Fjordane\" \/>\n<meta property=\"og:description\" content=\"Avisa som vi gjev ut fire ganger i \u00e5ret, fortel nytt fr\u00e5 arbeidet til Normisjon i Sogn og Fjordane. I tillegg kan du lese nytt [&hellip;]\" \/>\n<meta property=\"og:url\" content=\"https:\/\/www.normisjon.no\/sof\/om-oss\/nytt-fra-normisjon-sogn-og-fjordane\/\" \/>\n<meta property=\"og:site_name\" content=\"Region Sogn og Fjordane\" \/>\n<meta property=\"article:modified_time\" content=\"2019-06-12T11:39:06+00:00\" \/>\n<meta property=\"og:image\" content=\"https:\/\/www.normisjon.no\/content\/uploads\/sites\/19\/2018\/06\/Avisa-e1529572139960.jpg\" \/>\n\t<meta property=\"og:image:width\" content=\"1193\" \/>\n\t<meta property=\"og:image:height\" content=\"796\" \/>\n\t<meta property=\"og:image:type\" content=\"image\/jpeg\" \/>\n<meta name=\"twitter:card\" content=\"summary_large_image\" \/>\n<script type=\"application\/ld+json\" class=\"yoast-schema-graph\">{\"@context\":\"https:\/\/schema.org\",\"@graph\":[{\"@type\":\"WebPage\",\"@id\":\"https:\/\/www.normisjon.no\/sof\/om-oss\/nytt-fra-normisjon-sogn-og-fjordane\/\",\"url\":\"https:\/\/www.normisjon.no\/sof\/om-oss\/nytt-fra-normisjon-sogn-og-fjordane\/\",\"name\":\"Nytt fr\u00e5 Normisjon Sogn og Fjordane - Region Sogn og Fjordane\",\"isPartOf\":{\"@id\":\"https:\/\/www.normisjon.no\/sof\/#website\"},\"primaryImageOfPage\":{\"@id\":\"https:\/\/www.normisjon.no\/sof\/om-oss\/nytt-fra-normisjon-sogn-og-fjordane\/#primaryimage\"},\"image\":{\"@id\":\"https:\/\/www.normisjon.no\/sof\/om-oss\/nytt-fra-normisjon-sogn-og-fjordane\/#primaryimage\"},\"thumbnailUrl\":\"https:\/\/www.normisjon.no\/content\/uploads\/sites\/19\/2018\/06\/Avisa-e1529572139960.jpg\",\"datePublished\":\"2018-06-21T09:10:31+00:00\",\"dateModified\":\"2019-06-12T11:39:06+00:00\",\"breadcrumb\":{\"@id\":\"https:\/\/www.normisjon.no\/sof\/om-oss\/nytt-fra-normisjon-sogn-og-fjordane\/#breadcrumb\"},\"inLanguage\":\"nb-NO\",\"potentialAction\":[{\"@type\":\"ReadAction\",\"target\":[\"https:\/\/www.normisjon.no\/sof\/om-oss\/nytt-fra-normisjon-sogn-og-fjordane\/\"]}]},{\"@type\":\"ImageObject\",\"inLanguage\":\"nb-NO\",\"@id\":\"https:\/\/www.normisjon.no\/sof\/om-oss\/nytt-fra-normisjon-sogn-og-fjordane\/#primaryimage\",\"url\":\"https:\/\/www.normisjon.no\/content\/uploads\/sites\/19\/2018\/06\/Avisa-e1529572139960.jpg\",\"contentUrl\":\"https:\/\/www.normisjon.no\/content\/uploads\/sites\/19\/2018\/06\/Avisa-e1529572139960.jpg\",\"width\":1193,\"height\":796},{\"@type\":\"BreadcrumbList\",\"@id\":\"https:\/\/www.normisjon.no\/sof\/om-oss\/nytt-fra-normisjon-sogn-og-fjordane\/#breadcrumb\",\"itemListElement\":[{\"@type\":\"ListItem\",\"position\":1,\"name\":\"Home\",\"item\":\"https:\/\/www.normisjon.no\/sof\/\"},{\"@type\":\"ListItem\",\"position\":2,\"name\":\"Om oss\",\"item\":\"https:\/\/www.normisjon.no\/sof\/om-oss\/\"},{\"@type\":\"ListItem\",\"position\":3,\"name\":\"Nytt fr\u00e5 Normisjon Sogn og Fjordane\"}]},{\"@type\":\"WebSite\",\"@id\":\"https:\/\/www.normisjon.no\/sof\/#website\",\"url\":\"https:\/\/www.normisjon.no\/sof\/\",\"name\":\"Region Sogn og Fjordane\",\"description\":\"\",\"potentialAction\":[{\"@type\":\"SearchAction\",\"target\":{\"@type\":\"EntryPoint\",\"urlTemplate\":\"https:\/\/www.normisjon.no\/sof\/?s={search_term_string}\"},\"query-input\":{\"@type\":\"PropertyValueSpecification\",\"valueRequired\":true,\"valueName\":\"search_term_string\"}}],\"inLanguage\":\"nb-NO\"}]}<\/script>\n<!-- \/ Yoast SEO plugin. -->","yoast_head_json":{"title":"Nytt fr\u00e5 Normisjon Sogn og Fjordane - Region Sogn og Fjordane","robots":{"index":"index","follow":"follow","max-snippet":"max-snippet:-1","max-image-preview":"max-image-preview:large","max-video-preview":"max-video-preview:-1"},"canonical":"https:\/\/www.normisjon.no\/sof\/om-oss\/nytt-fra-normisjon-sogn-og-fjordane\/","og_locale":"nb_NO","og_type":"article","og_title":"Nytt fr\u00e5 Normisjon Sogn og Fjordane - Region Sogn og Fjordane","og_description":"Avisa som vi gjev ut fire ganger i \u00e5ret, fortel nytt fr\u00e5 arbeidet til Normisjon i Sogn og Fjordane. I tillegg kan du lese nytt [&hellip;]","og_url":"https:\/\/www.normisjon.no\/sof\/om-oss\/nytt-fra-normisjon-sogn-og-fjordane\/","og_site_name":"Region Sogn og Fjordane","article_modified_time":"2019-06-12T11:39:06+00:00","og_image":[{"width":1193,"height":796,"url":"https:\/\/www.normisjon.no\/content\/uploads\/sites\/19\/2018\/06\/Avisa-e1529572139960.jpg","type":"image\/jpeg"}],"twitter_card":"summary_large_image","schema":{"@context":"https:\/\/schema.org","@graph":[{"@type":"WebPage","@id":"https:\/\/www.normisjon.no\/sof\/om-oss\/nytt-fra-normisjon-sogn-og-fjordane\/","url":"https:\/\/www.normisjon.no\/sof\/om-oss\/nytt-fra-normisjon-sogn-og-fjordane\/","name":"Nytt fr\u00e5 Normisjon Sogn og Fjordane - Region Sogn og Fjordane","isPartOf":{"@id":"https:\/\/www.normisjon.no\/sof\/#website"},"primaryImageOfPage":{"@id":"https:\/\/www.normisjon.no\/sof\/om-oss\/nytt-fra-normisjon-sogn-og-fjordane\/#primaryimage"},"image":{"@id":"https:\/\/www.normisjon.no\/sof\/om-oss\/nytt-fra-normisjon-sogn-og-fjordane\/#primaryimage"},"thumbnailUrl":"https:\/\/www.normisjon.no\/content\/uploads\/sites\/19\/2018\/06\/Avisa-e1529572139960.jpg","datePublished":"2018-06-21T09:10:31+00:00","dateModified":"2019-06-12T11:39:06+00:00","breadcrumb":{"@id":"https:\/\/www.normisjon.no\/sof\/om-oss\/nytt-fra-normisjon-sogn-og-fjordane\/#breadcrumb"},"inLanguage":"nb-NO","potentialAction":[{"@type":"ReadAction","target":["https:\/\/www.normisjon.no\/sof\/om-oss\/nytt-fra-normisjon-sogn-og-fjordane\/"]}]},{"@type":"ImageObject","inLanguage":"nb-NO","@id":"https:\/\/www.normisjon.no\/sof\/om-oss\/nytt-fra-normisjon-sogn-og-fjordane\/#primaryimage","url":"https:\/\/www.normisjon.no\/content\/uploads\/sites\/19\/2018\/06\/Avisa-e1529572139960.jpg","contentUrl":"https:\/\/www.normisjon.no\/content\/uploads\/sites\/19\/2018\/06\/Avisa-e1529572139960.jpg","width":1193,"height":796},{"@type":"BreadcrumbList","@id":"https:\/\/www.normisjon.no\/sof\/om-oss\/nytt-fra-normisjon-sogn-og-fjordane\/#breadcrumb","itemListElement":[{"@type":"ListItem","position":1,"name":"Home","item":"https:\/\/www.normisjon.no\/sof\/"},{"@type":"ListItem","position":2,"name":"Om oss","item":"https:\/\/www.normisjon.no\/sof\/om-oss\/"},{"@type":"ListItem","position":3,"name":"Nytt fr\u00e5 Normisjon Sogn og Fjordane"}]},{"@type":"WebSite","@id":"https:\/\/www.normisjon.no\/sof\/#website","url":"https:\/\/www.normisjon.no\/sof\/","name":"Region Sogn og Fjordane","description":"","potentialAction":[{"@type":"SearchAction","target":{"@type":"EntryPoint","urlTemplate":"https:\/\/www.normisjon.no\/sof\/?s={search_term_string}"},"query-input":{"@type":"PropertyValueSpecification","valueRequired":true,"valueName":"search_term_string"}}],"inLanguage":"nb-NO"}]}},"_links":{"self":[{"href":"https:\/\/www.normisjon.no\/sof\/wp-json\/wp\/v2\/pages\/339","targetHints":{"allow":["GET"]}}],"collection":[{"href":"https:\/\/www.normisjon.no\/sof\/wp-json\/wp\/v2\/pages"}],"about":[{"href":"https:\/\/www.normisjon.no\/sof\/wp-json\/wp\/v2\/types\/page"}],"author":[{"embeddable":true,"href":"https:\/\/www.normisjon.no\/sof\/wp-json\/wp\/v2\/users\/16"}],"replies":[{"embeddable":true,"href":"https:\/\/www.normisjon.no\/sof\/wp-json\/wp\/v2\/comments?post=339"}],"version-history":[{"count":3,"href":"https:\/\/www.normisjon.no\/sof\/wp-json\/wp\/v2\/pages\/339\/revisions"}],"predecessor-version":[{"id":2379,"href":"https:\/\/www.normisjon.no\/sof\/wp-json\/wp\/v2\/pages\/339\/revisions\/2379"}],"up":[{"embeddable":true,"href":"https:\/\/www.normisjon.no\/sof\/wp-json\/wp\/v2\/pages\/105"}],"wp:featuredmedia":[{"embeddable":true,"href":"https:\/\/www.normisjon.no\/sof\/wp-json\/wp\/v2\/media\/340"}],"wp:attachment":[{"href":"https:\/\/www.normisjon.no\/sof\/wp-json\/wp\/v2\/media?parent=339"}],"curies":[{"name":"wp","href":"https:\/\/api.w.org\/{rel}","templated":true}]}}