{"id":1111,"date":"2022-04-01T01:05:40","date_gmt":"2022-03-31T23:05:40","guid":{"rendered":"https:\/\/www.normisjon.no\/oppland\/?page_id=1111"},"modified":"2024-01-14T00:08:47","modified_gmt":"2024-01-13T23:08:47","slug":"puls","status":"publish","type":"page","link":"https:\/\/www.normisjon.no\/strategi\/puls\/","title":{"rendered":"PULS er strategiens hovedfokus"},"content":{"rendered":"<div class=\"entry-content alignfull wp-block-post-content has-global-padding is-layout-constrained wp-block-post-content-is-layout-constrained\">\n<p style=\"font-size:25px\"><strong>Acta og Normisjon st\u00e5r samlet i oppdraget om \u00e5 n\u00e5 nye generasjoner og folkeslag med evangeliet om Jesus Kristus. For \u00e5 f\u00e5 til dette, trenger vi et tydelig spr\u00e5k som setter felles retning.<\/strong><\/p>\n\n\n\n<p>I strategiperioden im\u00f8teg\u00e5r vi organisasjonens utfordringer ved hjelp av\u00a0<strong>fire hovedfokus og 25\u00a0overordnede endringsm\u00e5l.<\/strong>\u00a0<\/p>\n\n\n\n<div id=\"mfvaeuhk\"><\/div><script>if(!document.querySelector('link[href=\"https:\/\/mfstatic.com\/css\/mediaflowplayer.min.css\"]')) {var mflaeuhk=document.createElement('link');mflaeuhk.setAttribute('rel','stylesheet');mflaeuhk.setAttribute('type','text\/css');mflaeuhk.setAttribute('href','https:\/\/mfstatic.com\/css\/mediaflowplayer.min.css');document.getElementsByTagName('head')[0].appendChild(mflaeuhk);}if(typeof(MFPlayer)=='undefined') {var mfsaeuhk = document.createElement('script');mfsaeuhk.setAttribute('crossorigin','anonymous');document.body.appendChild(mfsaeuhk);mfsaeuhk.onload=function(){var mfpaeuhk = new MFPlayer('#mfvaeuhk','74IEC79J65');};mfsaeuhk.src='https:\/\/mfstatic.com\/js\/mediaflowplayer.min.js';}else{var mfpaeuhk=new MFPlayer('#mfvaeuhk','74IEC79J65');}<\/script>\n\n\n\n<p>Dette er Normisjons hovedfokus i m\u00f8te med v\u00e5re utfordringer: <\/p>\n\n\n\n<div class=\"wp-block-columns is-not-stacked-on-mobile is-layout-flex wp-container-core-columns-is-layout-28f84493 wp-block-columns-is-layout-flex\">\n<div class=\"wp-block-column is-layout-flow wp-block-column-is-layout-flow\">\n<h2 class=\"has-normisjon-blue-color has-text-color wp-block-heading\" style=\"font-size:150px;margin:0!important;\">P<\/h2>\n<\/div>\n\n\n\n<div class=\"wp-block-column is-layout-flow wp-block-column-is-layout-flow\">\n<h2 class=\"has-normisjon-blue-color has-text-color wp-block-heading\" style=\"font-size:150px;margin:0!important;\">U<\/h2>\n<\/div>\n\n\n\n<div class=\"wp-block-column is-layout-flow wp-block-column-is-layout-flow\">\n<h2 class=\"has-normisjon-blue-color has-text-color wp-block-heading\" style=\"font-size:150px;margin:0!important;\">L<\/h2>\n<\/div>\n\n\n\n<div class=\"wp-block-column is-layout-flow wp-block-column-is-layout-flow\">\n<h2 class=\"has-normisjon-blue-color has-text-color wp-block-heading\" style=\"font-size:150px;margin:0!important;\">S<\/h2>\n<\/div>\n<\/div>\n\n\n\n<div class=\"wp-block-columns is-layout-flex wp-container-core-columns-is-layout-28f84493 wp-block-columns-is-layout-flex\">\n<div class=\"wp-block-column is-layout-flow wp-block-column-is-layout-flow\">\n<h2 style=\"margin-top:0!important;\" class=\"has-regular-font-size wp-block-heading\"><strong>Plante<\/strong><\/h2>\n\n\n\n<p class=\"has-small-font-size\">Vi planter evangeliet, nye id\u00e9er, prosjekter, menigheter og fellesskap. <\/p>\n<\/div>\n\n\n\n<div class=\"wp-block-column is-layout-flow wp-block-column-is-layout-flow\">\n<h2 style=\"margin-top:0!important;\" class=\"has-regular-font-size wp-block-heading\"><strong>Utvikle<\/strong><\/h2>\n\n\n\n<p class=\"has-small-font-size\">Vi utvikler etablerte fellesskap, tilbud, programmer og organisasjonsformer.<\/p>\n<\/div>\n\n\n\n<div class=\"wp-block-column is-layout-flow wp-block-column-is-layout-flow\">\n<h2 style=\"margin-top:0!important;\" class=\"has-regular-font-size wp-block-heading\"><strong>Lede<\/strong><\/h2>\n\n\n\n<p class=\"has-small-font-size\">Vi lar oss lede av Gud og hans ord, og vi utruster og inspirerer mennesker til \u00e5 lede seg selv og andre.<\/p>\n<\/div>\n\n\n\n<div class=\"wp-block-column is-layout-flow wp-block-column-is-layout-flow\">\n<h2 style=\"margin-top:0!important;\" class=\"has-regular-font-size wp-block-heading\"><strong>Sammenkoble<\/strong><\/h2>\n\n\n\n<p class=\"has-small-font-size\">Vi kobler sammen visjoner, m\u00e5l, avdelinger, enheter, behov og ressurser.<\/p>\n<\/div>\n<\/div>\n\n\n\n<div class=\"wp-block-media-text alignfull has-media-on-the-right is-stacked-on-mobile is-vertically-aligned-center has-white-background-color has-background\" style=\"grid-template-columns:auto 29%\"><div class=\"wp-block-media-text__content\">\n<div style=\"height:35px\" aria-hidden=\"true\" class=\"wp-block-spacer\"><\/div>\n\n\n\n<p class=\"has-large-font-size\"><strong>Plante<\/strong><\/p>\n\n\n\n<p>Vi planter evangeliet, nye id\u00e9er, prosjekter, menigheter og fellesskap.<\/p>\n\n\n\n<p class=\"has-normisjon-blue-color has-text-color has-small-font-size\"><strong>Normisjon i 2030:<\/strong><\/p>\n\n\n\n<ul class=\"has-normal-font-size wp-block-list\">\n<li>Vi har plantet minst 30 misjonale flergenerasjonsmenigheter.<\/li>\n\n\n\n<li>Vi har startet mange&nbsp;nye, ulike former for Jesussentrerte, inkluderende og&nbsp;disippelgj\u00f8rende fellesskap.<\/li>\n\n\n\n<li>En st\u00f8rre andel av ressursene v\u00e5re er rettet mot un\u00e5dde folkeslag (f\u00e6rre enn&nbsp;2% kristne).<\/li>\n\n\n\n<li>Vi har \u00f8kt&nbsp;innsatsen innen bibeloversettelse og&nbsp;evangelieformidling.<\/li>\n\n\n\n<li>Vi har&nbsp;bidratt til etablering av&nbsp;bedrifter med form\u00e5l om bedret livsgrunnlag for&nbsp;mennesker, og for \u00e5 skape inntekter til&nbsp;menighet og&nbsp;misjon.<\/li>\n\n\n\n<li>Vi bidrar til at nye&nbsp;kirker plantes p\u00e5 nye steder i v\u00e5re samarbeidsland.<\/li>\n<\/ul>\n\n\n\n<div style=\"height:65px\" aria-hidden=\"true\" class=\"wp-block-spacer\"><\/div>\n<\/div><figure class=\"wp-block-media-text__media\"><img decoding=\"async\" src=\"https:\/\/www.normisjon.no\/content\/uploads\/2023\/10\/Symbol-spade-1080x1080.png\" alt=\"\" class=\"wp-image-18924 size-full\"\/><\/figure><\/div>\n\n\n\n<div class=\"wp-block-media-text alignfull is-stacked-on-mobile is-vertically-aligned-center has-normisjon-light-grey-background-color has-background\" style=\"grid-template-columns:29% auto\"><figure class=\"wp-block-media-text__media\"><img decoding=\"async\" src=\"https:\/\/www.normisjon.no\/content\/uploads\/2023\/10\/Symbol-utvikling-1080x1080.png\" alt=\"\" class=\"wp-image-18922 size-full\"\/><\/figure><div class=\"wp-block-media-text__content\">\n<p class=\"has-large-font-size\"><strong>Utvikle<\/strong><\/p>\n\n\n\n<p>Vi utvikler etablerte fellesskap, tilbud, programmer og organisasjonsformer.<\/p>\n\n\n\n<p class=\"has-normisjon-blue-color has-text-color has-small-font-size\"><strong>Normisjon i 2030:<\/strong><\/p>\n\n\n\n<ul class=\"has-normal-font-size wp-block-list\">\n<li>Vi har utviklet&nbsp;et rammeverk med n\u00f8dvendige st\u00f8ttefunksjoner&nbsp;for menigheter&nbsp;i Normisjon.<\/li>\n\n\n\n<li>Vi har styrket arbeidet&nbsp;med fellesskapsutvikling, \u00e5ndelig lederskap og disippelgj\u00f8ring&nbsp;for etablerte fellesskap\/menigheter.<\/li>\n\n\n\n<li>Vi har utviklet Normisjons profil, kommunikasjon og teologiske formidling for \u00e5 n\u00e5 nye&nbsp;generasjoner og&nbsp;m\u00e5lgrupper.<\/li>\n\n\n\n<li>Vi har faset inn misjonssenter som organisasjonsform for lokalt, regionalt og&nbsp;globalt arbeid.<\/li>\n\n\n\n<li>Vi har styrket den misjonale identiteten hos v\u00e5re menigheter og samarbeidskirker.<\/li>\n\n\n\n<li>Vi har&nbsp;bidratt til videreutvikling av&nbsp;konsepter for&nbsp;sosialt og \u00f8konomisk&nbsp;entrepren\u00f8rskap i misjonsarbeidet.&nbsp;<\/li>\n<\/ul>\n<\/div><\/div>\n\n\n\n<div class=\"wp-block-media-text alignfull has-media-on-the-right is-stacked-on-mobile is-vertically-aligned-center has-white-background-color has-background\" style=\"grid-template-columns:auto 29%\"><div class=\"wp-block-media-text__content\">\n<div style=\"height:35px\" aria-hidden=\"true\" class=\"wp-block-spacer\"><\/div>\n\n\n\n<p class=\"has-large-font-size\"><strong>Lede<\/strong><\/p>\n\n\n\n<p>Vi lar oss lede av Gud og hans ord, og vi utruster og inspirerer mennesker til \u00e5 lede seg selv og andre.<\/p>\n\n\n\n<p class=\"has-normisjon-blue-color has-text-color has-small-font-size\"><strong>Normisjon i 2030:<\/strong><\/p>\n\n\n\n<ul class=\"has-normal-font-size wp-block-list\">\n<li>Normisjon er preget av en kultur der vi s\u00f8ker Gud f\u00f8rst, f\u00f8lger Jesus og l\u00e6rer \u00e5 disippelgj\u00f8re andre.<\/li>\n\n\n\n<li>Vi har etablert nye tilbud for pastorutdanning&nbsp;og&nbsp;rekruttering&nbsp;til lederstillinger, samt \u00f8kt kvaliteten p\u00e5&nbsp;kompetanseutvikling for ansatte&nbsp;og frivillige.<\/li>\n\n\n\n<li>V\u00e5re medlemmer, skoler og fellesskap tar ansvar som aktive samfunnsbyggere.<\/li>\n\n\n\n<li>Alle v\u00e5re skoler&nbsp;over grunnskoleniv\u00e5 tilbyr ledertrening for sine elever.<\/li>\n\n\n\n<li>Vi har \u00f8kt andelen kvinner i ledende stillinger og unge voksne i lederroller.<\/li>\n\n\n\n<li>V\u00e5re ansatte og frivillige opplever kristen tjeneste som attraktiv og b\u00e6rekraftig over tid.<\/li>\n\n\n\n<li>En st\u00f8rre andel av ressursene internasjonalt brukes i et barne- og ungdomsperspektiv.<\/li>\n<\/ul>\n\n\n\n<div style=\"height:65px\" aria-hidden=\"true\" class=\"wp-block-spacer\"><\/div>\n<\/div><figure class=\"wp-block-media-text__media\"><img decoding=\"async\" src=\"https:\/\/www.normisjon.no\/content\/uploads\/2023\/10\/Symbol-lede-1080x1080.png\" alt=\"\" class=\"wp-image-18925 size-full\"\/><\/figure><\/div>\n\n\n\n<div class=\"wp-block-media-text alignfull is-stacked-on-mobile is-vertically-aligned-center has-normisjon-light-grey-background-color has-background\" style=\"grid-template-columns:29% auto\"><figure class=\"wp-block-media-text__media\"><img decoding=\"async\" src=\"https:\/\/www.normisjon.no\/content\/uploads\/2023\/10\/Symbol-sammenkoble-1080x1080.png\" alt=\"\" class=\"wp-image-18926 size-full\"\/><\/figure><div class=\"wp-block-media-text__content\">\n<p class=\"has-large-font-size\"><strong>Sammenkoble<\/strong><\/p>\n\n\n\n<p>Vi kobler sammen visjoner, m\u00e5l, avdelinger, enheter, behov og ressurser.<\/p>\n\n\n\n<p class=\"has-normisjon-blue-color has-text-color has-small-font-size\"><strong>Normisjon i 2030:<\/strong><\/p>\n\n\n\n<ul class=\"has-normal-font-size wp-block-list\">\n<li>Alle menigheter og skoler i Normisjon deltar og bidrar i v\u00e5rt internasjonale&nbsp;misjonsarbeid.<\/li>\n\n\n\n<li>Vi s\u00f8ker alltid&nbsp;samarbeid med Acta der det tjener felles form\u00e5l.<\/li>\n\n\n\n<li>Samhandlingen mellom avdelinger og enheter&nbsp;i Normisjon har \u00f8kt betraktelig.<\/li>\n\n\n\n<li>Vi har omorganisert der det trengs for \u00e5 tilpasse oss til dagens misjonsutfordringer.<\/li>\n\n\n\n<li>Vi har styrket toveis samarbeid med strategisk viktige partnere internasjonalt.<\/li>\n\n\n\n<li>Vi dyktiggj\u00f8r stadig&nbsp;flere partnere internasjonalt for \u00e5 sikre lokal b\u00e6rekraft i misjon.<\/li>\n<\/ul>\n\n\n\n<div style=\"height:65px\" aria-hidden=\"true\" class=\"wp-block-spacer\"><\/div>\n<\/div><\/div>\n<\/div>","protected":false},"excerpt":{"rendered":"<p>Acta og Normisjon st\u00e5r samlet i oppdraget om \u00e5 n\u00e5 nye generasjoner og folkeslag med evangeliet om Jesus Kristus. For \u00e5 f\u00e5 til dette, trenger [&hellip;]<\/p>\n","protected":false},"author":82,"featured_media":0,"parent":0,"menu_order":0,"comment_status":"closed","ping_status":"closed","template":"","meta":{"_acf_changed":false,"footnotes":""},"class_list":["post-1111","page","type-page","status-publish","hentry"],"acf":[],"yoast_head":"<!-- This site is optimized with the Yoast SEO plugin v25.9 - https:\/\/yoast.com\/wordpress\/plugins\/seo\/ -->\n<title>PULS er strategiens hovedfokus - Normisjon strategi<\/title>\n<meta name=\"robots\" content=\"index, follow, max-snippet:-1, max-image-preview:large, max-video-preview:-1\" \/>\n<link rel=\"canonical\" href=\"https:\/\/www.normisjon.no\/strategi\/puls\/\" \/>\n<meta property=\"og:locale\" content=\"nb_NO\" \/>\n<meta property=\"og:type\" content=\"article\" \/>\n<meta property=\"og:title\" content=\"PULS er strategiens hovedfokus - Normisjon strategi\" \/>\n<meta property=\"og:description\" content=\"Acta og Normisjon st\u00e5r samlet i oppdraget om \u00e5 n\u00e5 nye generasjoner og folkeslag med evangeliet om Jesus Kristus. For \u00e5 f\u00e5 til dette, trenger [&hellip;]\" \/>\n<meta property=\"og:url\" content=\"https:\/\/www.normisjon.no\/strategi\/puls\/\" \/>\n<meta property=\"og:site_name\" content=\"Normisjon strategi\" \/>\n<meta property=\"article:modified_time\" content=\"2024-01-13T23:08:47+00:00\" \/>\n<meta property=\"og:image\" content=\"https:\/\/www.normisjon.no\/content\/uploads\/2023\/10\/Symbol-spade-1080x1080.png\" \/>\n<meta name=\"twitter:card\" content=\"summary_large_image\" \/>\n<meta name=\"twitter:label1\" content=\"Ansl. lesetid\" \/>\n\t<meta name=\"twitter:data1\" content=\"4 minutter\" \/>\n<script type=\"application\/ld+json\" class=\"yoast-schema-graph\">{\"@context\":\"https:\/\/schema.org\",\"@graph\":[{\"@type\":\"WebPage\",\"@id\":\"https:\/\/www.normisjon.no\/strategi\/puls\/\",\"url\":\"https:\/\/www.normisjon.no\/strategi\/puls\/\",\"name\":\"PULS er strategiens hovedfokus - Normisjon strategi\",\"isPartOf\":{\"@id\":\"https:\/\/www.normisjon.no\/strategi\/#website\"},\"primaryImageOfPage\":{\"@id\":\"https:\/\/www.normisjon.no\/strategi\/puls\/#primaryimage\"},\"image\":{\"@id\":\"https:\/\/www.normisjon.no\/strategi\/puls\/#primaryimage\"},\"thumbnailUrl\":\"https:\/\/www.normisjon.no\/content\/uploads\/2023\/10\/Symbol-spade-1080x1080.png\",\"datePublished\":\"2022-03-31T23:05:40+00:00\",\"dateModified\":\"2024-01-13T23:08:47+00:00\",\"breadcrumb\":{\"@id\":\"https:\/\/www.normisjon.no\/strategi\/puls\/#breadcrumb\"},\"inLanguage\":\"nb-NO\",\"potentialAction\":[{\"@type\":\"ReadAction\",\"target\":[\"https:\/\/www.normisjon.no\/strategi\/puls\/\"]}]},{\"@type\":\"ImageObject\",\"inLanguage\":\"nb-NO\",\"@id\":\"https:\/\/www.normisjon.no\/strategi\/puls\/#primaryimage\",\"url\":\"https:\/\/www.normisjon.no\/content\/uploads\/2023\/10\/Symbol-spade-1080x1080.png\",\"contentUrl\":\"https:\/\/www.normisjon.no\/content\/uploads\/2023\/10\/Symbol-spade-1080x1080.png\"},{\"@type\":\"BreadcrumbList\",\"@id\":\"https:\/\/www.normisjon.no\/strategi\/puls\/#breadcrumb\",\"itemListElement\":[{\"@type\":\"ListItem\",\"position\":1,\"name\":\"Home\",\"item\":\"https:\/\/www.normisjon.no\/strategi\/\"},{\"@type\":\"ListItem\",\"position\":2,\"name\":\"PULS er strategiens hovedfokus\"}]},{\"@type\":\"WebSite\",\"@id\":\"https:\/\/www.normisjon.no\/strategi\/#website\",\"url\":\"https:\/\/www.normisjon.no\/strategi\/\",\"name\":\"Normisjon strategi\",\"description\":\"\",\"potentialAction\":[{\"@type\":\"SearchAction\",\"target\":{\"@type\":\"EntryPoint\",\"urlTemplate\":\"https:\/\/www.normisjon.no\/strategi\/?s={search_term_string}\"},\"query-input\":{\"@type\":\"PropertyValueSpecification\",\"valueRequired\":true,\"valueName\":\"search_term_string\"}}],\"inLanguage\":\"nb-NO\"}]}<\/script>\n<!-- \/ Yoast SEO plugin. -->","yoast_head_json":{"title":"PULS er strategiens hovedfokus - Normisjon strategi","robots":{"index":"index","follow":"follow","max-snippet":"max-snippet:-1","max-image-preview":"max-image-preview:large","max-video-preview":"max-video-preview:-1"},"canonical":"https:\/\/www.normisjon.no\/strategi\/puls\/","og_locale":"nb_NO","og_type":"article","og_title":"PULS er strategiens hovedfokus - Normisjon strategi","og_description":"Acta og Normisjon st\u00e5r samlet i oppdraget om \u00e5 n\u00e5 nye generasjoner og folkeslag med evangeliet om Jesus Kristus. For \u00e5 f\u00e5 til dette, trenger [&hellip;]","og_url":"https:\/\/www.normisjon.no\/strategi\/puls\/","og_site_name":"Normisjon strategi","article_modified_time":"2024-01-13T23:08:47+00:00","og_image":[{"url":"https:\/\/www.normisjon.no\/content\/uploads\/2023\/10\/Symbol-spade-1080x1080.png","type":"","width":"","height":""}],"twitter_card":"summary_large_image","twitter_misc":{"Ansl. lesetid":"4 minutter"},"schema":{"@context":"https:\/\/schema.org","@graph":[{"@type":"WebPage","@id":"https:\/\/www.normisjon.no\/strategi\/puls\/","url":"https:\/\/www.normisjon.no\/strategi\/puls\/","name":"PULS er strategiens hovedfokus - Normisjon strategi","isPartOf":{"@id":"https:\/\/www.normisjon.no\/strategi\/#website"},"primaryImageOfPage":{"@id":"https:\/\/www.normisjon.no\/strategi\/puls\/#primaryimage"},"image":{"@id":"https:\/\/www.normisjon.no\/strategi\/puls\/#primaryimage"},"thumbnailUrl":"https:\/\/www.normisjon.no\/content\/uploads\/2023\/10\/Symbol-spade-1080x1080.png","datePublished":"2022-03-31T23:05:40+00:00","dateModified":"2024-01-13T23:08:47+00:00","breadcrumb":{"@id":"https:\/\/www.normisjon.no\/strategi\/puls\/#breadcrumb"},"inLanguage":"nb-NO","potentialAction":[{"@type":"ReadAction","target":["https:\/\/www.normisjon.no\/strategi\/puls\/"]}]},{"@type":"ImageObject","inLanguage":"nb-NO","@id":"https:\/\/www.normisjon.no\/strategi\/puls\/#primaryimage","url":"https:\/\/www.normisjon.no\/content\/uploads\/2023\/10\/Symbol-spade-1080x1080.png","contentUrl":"https:\/\/www.normisjon.no\/content\/uploads\/2023\/10\/Symbol-spade-1080x1080.png"},{"@type":"BreadcrumbList","@id":"https:\/\/www.normisjon.no\/strategi\/puls\/#breadcrumb","itemListElement":[{"@type":"ListItem","position":1,"name":"Home","item":"https:\/\/www.normisjon.no\/strategi\/"},{"@type":"ListItem","position":2,"name":"PULS er strategiens hovedfokus"}]},{"@type":"WebSite","@id":"https:\/\/www.normisjon.no\/strategi\/#website","url":"https:\/\/www.normisjon.no\/strategi\/","name":"Normisjon strategi","description":"","potentialAction":[{"@type":"SearchAction","target":{"@type":"EntryPoint","urlTemplate":"https:\/\/www.normisjon.no\/strategi\/?s={search_term_string}"},"query-input":{"@type":"PropertyValueSpecification","valueRequired":true,"valueName":"search_term_string"}}],"inLanguage":"nb-NO"}]}},"_links":{"self":[{"href":"https:\/\/www.normisjon.no\/strategi\/wp-json\/wp\/v2\/pages\/1111","targetHints":{"allow":["GET"]}}],"collection":[{"href":"https:\/\/www.normisjon.no\/strategi\/wp-json\/wp\/v2\/pages"}],"about":[{"href":"https:\/\/www.normisjon.no\/strategi\/wp-json\/wp\/v2\/types\/page"}],"author":[{"embeddable":true,"href":"https:\/\/www.normisjon.no\/strategi\/wp-json\/wp\/v2\/users\/82"}],"replies":[{"embeddable":true,"href":"https:\/\/www.normisjon.no\/strategi\/wp-json\/wp\/v2\/comments?post=1111"}],"version-history":[{"count":118,"href":"https:\/\/www.normisjon.no\/strategi\/wp-json\/wp\/v2\/pages\/1111\/revisions"}],"predecessor-version":[{"id":1564,"href":"https:\/\/www.normisjon.no\/strategi\/wp-json\/wp\/v2\/pages\/1111\/revisions\/1564"}],"wp:attachment":[{"href":"https:\/\/www.normisjon.no\/strategi\/wp-json\/wp\/v2\/media?parent=1111"}],"curies":[{"name":"wp","href":"https:\/\/api.w.org\/{rel}","templated":true}]}}