{"id":1514,"date":"2023-12-20T14:37:27","date_gmt":"2023-12-20T13:37:27","guid":{"rendered":"https:\/\/www.normisjon.no\/strategi\/?page_id=1514"},"modified":"2024-03-08T15:47:35","modified_gmt":"2024-03-08T14:47:35","slug":"lokalt-og-regionalt-strategiarbeid","status":"publish","type":"page","link":"https:\/\/www.normisjon.no\/strategi\/lokalt-og-regionalt-strategiarbeid\/","title":{"rendered":"Lokalt og regionalt strategiarbeid"},"content":{"rendered":"<div class=\"entry-content alignfull wp-block-post-content has-global-padding is-layout-constrained wp-block-post-content-is-layout-constrained\">\n<p>Det som presenteres p\u00e5 disse sidene, er Normisjons strategi for perioden 2024-2030.&nbsp;Vi oppfordrer lokale enheter og regioner til \u00e5 arbeide med hvordan strategien kan komme til uttrykk i deres del av Normisjon.<\/p>\n\n\n\n<h2 class=\"wp-block-heading\">Ressurser til strategiarbeid<\/h2>\n\n\n\n<ul class=\"wp-block-list\">\n<li><a href=\"https:\/\/www.normisjon.no\/content\/uploads\/sites\/17\/2024\/01\/Strategi-Normisjon-2024-2030.pdf\" target=\"_blank\" rel=\"noreferrer noopener\">Strategi for Normisjon (pdf)<\/a><\/li>\n\n\n\n<li><a href=\"https:\/\/www.normisjon.no\/content\/uploads\/2024\/03\/Strategi_Acta_2024-2026.pdf\" target=\"_blank\" rel=\"noreferrer noopener\">Strategi for Acta &#8211; barn og unge i Normisjon (pdf)<\/a><\/li>\n\n\n\n<li><a href=\"https:\/\/www.normisjon.no\/content\/uploads\/sites\/17\/2024\/02\/Strategi-Acta-og-Normisjon.pptx\" target=\"_blank\" rel=\"noreferrer noopener\">Presentasjon av PULS m\/endringsm\u00e5l for Acta og Normisjon (pptx)<\/a><\/li>\n\n\n\n<li><a href=\"https:\/\/www.normisjon.no\/content\/uploads\/sites\/17\/2024\/01\/Handlingsplan_mal.pdf\" target=\"_blank\" rel=\"noreferrer noopener\">Mal for lokal handlingsplan i Acta &#8211; barn og unge i Normisjon (pdf)<\/a><\/li>\n\n\n\n<li><a href=\"https:\/\/www.normisjon.no\/content\/uploads\/sites\/17\/2024\/01\/PULS-Bibelske-referanser.pdf\" target=\"_blank\" rel=\"noreferrer noopener\">Bibelske referanser for PULS (pdf)<\/a><\/li>\n\n\n\n<li><a href=\"#strategiteam\">Strategiteam<\/a><\/li>\n\n\n\n<li><a href=\"#plan\">Forslag til plan for strategiarbeid<\/a><\/li>\n\n\n\n<li><a href=\"#filmer\">Filmer om strategien<\/a><\/li>\n<\/ul>\n\n\n\n<h2 class=\"wp-block-heading\" id=\"strategiteam\">Strategiteam<\/h2>\n\n\n\n<p>For \u00e5 st\u00f8tte lokalt og regionalt strategiarbeid, st\u00e5r Normisjons team for misjon i Norge klare til \u00e5 bist\u00e5 i strategiprosesser for regioner og lokale enheter i samarbeid med regionlederne. Dette er ment som en hjelp for enheter som \u00f8nsker \u00e5 gjennomf\u00f8re en strategiprosess. Prosessen skal eies av lokale ledere.<\/p>\n\n\n\n<p><strong>Hva kan dere forvente?<\/strong><\/p>\n\n\n\n<p>Teamet vil kunne fasilitere samtaler om strategi blant styre, ansatte og medlemmer, samt bidra med tips og r\u00e5d i alle faser av strategiprosessen. De kan hjelpe til med \u00e5 utarbeide unders\u00f8kelser, workshops og konkretisering av m\u00e5l og tiltak der det er behov.<\/p>\n\n\n\n<p><strong>\u00d8nsker dere bistand?<\/strong><\/p>\n\n\n\n<p>Ta kontakt med organisasjonsutvikler \u00d8rjan Tinnen p\u00e5 <a href=\"mailto:orjan.tinnen@normisjon.no\">e-post<\/a> eller tlf 480 75 300. Ved mange henvendelser vil vi gj\u00f8re v\u00e5rt beste for \u00e5 bist\u00e5 flest mulig p\u00e5 kortest mulig tid. <\/p>\n\n\n\n<div class=\"wp-block-columns alignwide is-layout-flex wp-container-core-columns-is-layout-28f84493 wp-block-columns-is-layout-flex\">\n<div class=\"wp-block-column is-layout-flow wp-block-column-is-layout-flow\">\n<figure class=\"wp-block-image size-large\"><img loading=\"lazy\" decoding=\"async\" width=\"1024\" height=\"1024\" style=\"border-radius:50%;\" src=\"https:\/\/www.normisjon.no\/content\/uploads\/sites\/17\/2024\/01\/Vegard-Tennebo-kopi-scaled-2-1024x1024.jpg\" alt=\"\" class=\"wp-image-1542\" srcset=\"https:\/\/www.normisjon.no\/content\/uploads\/sites\/17\/2024\/01\/Vegard-Tennebo-kopi-scaled-2-1024x1024.jpg 1024w, https:\/\/www.normisjon.no\/content\/uploads\/sites\/17\/2024\/01\/Vegard-Tennebo-kopi-scaled-2-300x300.jpg 300w, https:\/\/www.normisjon.no\/content\/uploads\/sites\/17\/2024\/01\/Vegard-Tennebo-kopi-scaled-2-150x150.jpg 150w, https:\/\/www.normisjon.no\/content\/uploads\/sites\/17\/2024\/01\/Vegard-Tennebo-kopi-scaled-2-768x768.jpg 768w, https:\/\/www.normisjon.no\/content\/uploads\/sites\/17\/2024\/01\/Vegard-Tennebo-kopi-scaled-2-1360x1360.jpg 1360w, https:\/\/www.normisjon.no\/content\/uploads\/sites\/17\/2024\/01\/Vegard-Tennebo-kopi-scaled-2-960x960.jpg 960w, https:\/\/www.normisjon.no\/content\/uploads\/sites\/17\/2024\/01\/Vegard-Tennebo-kopi-scaled-2.jpg 1471w\" sizes=\"auto, (max-width: 1024px) 100vw, 1024px\" \/><figcaption class=\"wp-element-caption\"><strong>Vegard Tenneb\u00f8<\/strong><br>leder Misjon i Norge<\/figcaption><\/figure>\n<\/div>\n\n\n\n<div class=\"wp-block-column is-layout-flow wp-block-column-is-layout-flow\">\n<figure class=\"wp-block-image size-full\"><img decoding=\"async\" src=\"https:\/\/www.normisjon.no\/content\/uploads\/sites\/17\/2024\/01\/ansattbilde-orjan.jpeg\" style=\"border-radius:50%;\" alt=\"\" class=\"wp-image-1544\"\/><figcaption class=\"wp-element-caption\"><strong>\u00d8rjan Tinnen<br><\/strong>organisasjonsutvikler<\/figcaption><\/figure>\n<\/div>\n\n\n\n<div class=\"wp-block-column is-layout-flow wp-block-column-is-layout-flow\">\n<figure class=\"wp-block-image size-large\"><img decoding=\"async\" src=\"https:\/\/www.normisjon.no\/content\/uploads\/sites\/17\/2024\/01\/SandraKarine-1-1024x1024.jpg\" style=\"border-radius:50%;\" alt=\"\" class=\"wp-image-1545\"\/><figcaption class=\"wp-element-caption\"><strong>Sandra Karine Iversen<br><\/strong>organisasjonsutvikler<\/figcaption><\/figure>\n<\/div>\n\n\n\n<div class=\"wp-block-column is-layout-flow wp-block-column-is-layout-flow\">\n<figure class=\"wp-block-image size-large\"><img decoding=\"async\" src=\"https:\/\/www.normisjon.no\/content\/uploads\/sites\/17\/2024\/01\/Marit-E.-Berling-kopi-scaled-1-1024x1024.jpg\" style=\"border-radius:50%;\" alt=\"\" class=\"wp-image-1547\"\/><figcaption class=\"wp-element-caption\"><strong>Marit Elisabeth Berling<br><\/strong>skoleutvikler<\/figcaption><\/figure>\n<\/div>\n\n\n\n<div class=\"wp-block-column is-layout-flow wp-block-column-is-layout-flow\">\n<figure class=\"wp-block-image size-large\"><img loading=\"lazy\" decoding=\"async\" width=\"1024\" height=\"1024\" src=\"https:\/\/www.normisjon.no\/content\/uploads\/sites\/17\/2024\/01\/Ingebjorg-Berstad-Torp-NRM-13566-Foto_Inga_Lill_Nord_Nyvoll-scaled-1-1024x1024.jpg\" alt=\"\" style=\"border-radius:50%;\" class=\"wp-image-1548\" srcset=\"https:\/\/www.normisjon.no\/content\/uploads\/sites\/17\/2024\/01\/Ingebjorg-Berstad-Torp-NRM-13566-Foto_Inga_Lill_Nord_Nyvoll-scaled-1-1024x1024.jpg 1024w, https:\/\/www.normisjon.no\/content\/uploads\/sites\/17\/2024\/01\/Ingebjorg-Berstad-Torp-NRM-13566-Foto_Inga_Lill_Nord_Nyvoll-scaled-1-300x300.jpg 300w, https:\/\/www.normisjon.no\/content\/uploads\/sites\/17\/2024\/01\/Ingebjorg-Berstad-Torp-NRM-13566-Foto_Inga_Lill_Nord_Nyvoll-scaled-1-150x150.jpg 150w, https:\/\/www.normisjon.no\/content\/uploads\/sites\/17\/2024\/01\/Ingebjorg-Berstad-Torp-NRM-13566-Foto_Inga_Lill_Nord_Nyvoll-scaled-1-768x768.jpg 768w, https:\/\/www.normisjon.no\/content\/uploads\/sites\/17\/2024\/01\/Ingebjorg-Berstad-Torp-NRM-13566-Foto_Inga_Lill_Nord_Nyvoll-scaled-1-1536x1536.jpg 1536w, https:\/\/www.normisjon.no\/content\/uploads\/sites\/17\/2024\/01\/Ingebjorg-Berstad-Torp-NRM-13566-Foto_Inga_Lill_Nord_Nyvoll-scaled-1-1360x1360.jpg 1360w, https:\/\/www.normisjon.no\/content\/uploads\/sites\/17\/2024\/01\/Ingebjorg-Berstad-Torp-NRM-13566-Foto_Inga_Lill_Nord_Nyvoll-scaled-1-960x960.jpg 960w, https:\/\/www.normisjon.no\/content\/uploads\/sites\/17\/2024\/01\/Ingebjorg-Berstad-Torp-NRM-13566-Foto_Inga_Lill_Nord_Nyvoll-scaled-1.jpg 1835w\" sizes=\"auto, (max-width: 1024px) 100vw, 1024px\" \/><figcaption class=\"wp-element-caption\"><strong>Ingebj\u00f8rg Berstad Torp<\/strong><br>regioner<\/figcaption><\/figure>\n<\/div>\n\n\n\n<div class=\"wp-block-column is-layout-flow wp-block-column-is-layout-flow\">\n<figure class=\"wp-block-image size-large\"><img loading=\"lazy\" decoding=\"async\" width=\"1024\" height=\"1024\" src=\"https:\/\/www.normisjon.no\/content\/uploads\/sites\/17\/2024\/01\/Jann-Even-Endresen_1-1024x1024.jpg\" style=\"border-radius:50%;\" alt=\"\" class=\"wp-image-1549\" srcset=\"https:\/\/www.normisjon.no\/content\/uploads\/sites\/17\/2024\/01\/Jann-Even-Endresen_1-1024x1024.jpg 1024w, https:\/\/www.normisjon.no\/content\/uploads\/sites\/17\/2024\/01\/Jann-Even-Endresen_1-300x300.jpg 300w, https:\/\/www.normisjon.no\/content\/uploads\/sites\/17\/2024\/01\/Jann-Even-Endresen_1-150x150.jpg 150w, https:\/\/www.normisjon.no\/content\/uploads\/sites\/17\/2024\/01\/Jann-Even-Endresen_1-768x768.jpg 768w, https:\/\/www.normisjon.no\/content\/uploads\/sites\/17\/2024\/01\/Jann-Even-Endresen_1-1536x1536.jpg 1536w, https:\/\/www.normisjon.no\/content\/uploads\/sites\/17\/2024\/01\/Jann-Even-Endresen_1-2048x2048.jpg 2048w, https:\/\/www.normisjon.no\/content\/uploads\/sites\/17\/2024\/01\/Jann-Even-Endresen_1-1920x1920.jpg 1920w, https:\/\/www.normisjon.no\/content\/uploads\/sites\/17\/2024\/01\/Jann-Even-Endresen_1-1360x1360.jpg 1360w, https:\/\/www.normisjon.no\/content\/uploads\/sites\/17\/2024\/01\/Jann-Even-Endresen_1-960x960.jpg 960w\" sizes=\"auto, (max-width: 1024px) 100vw, 1024px\" \/><figcaption class=\"wp-element-caption\"><strong>Jann Even Andresen<\/strong><br>storbymenigheter<\/figcaption><\/figure>\n<\/div>\n<\/div>\n\n\n\n<h2 class=\"wp-block-heading\" id=\"plan\">Plan for strategiarbeid<\/h2>\n\n\n\n<p>Under f\u00f8lger et forslag til hvordan en strategiprosess kan gjennomf\u00f8res lokalt og regionalt. Prosessen kan tilpasses lokale forhold, som f.eks. enhetens st\u00f8rrelse og aktivitet. <\/p>\n\n\n\n<p>M\u00e5let med en strategiprosess er \u00e5 finne ut hvor vi \u00f8nsker \u00e5 g\u00e5 i \u00e5rene som kommer. Det er naturlig at strategiprosessen lokalt blir inspirert og utfordret av Acta og Normisjons overordnede strategier, i tillegg til utfordringer, muligheter og egenart i det lokale arbeidet.<\/p>\n\n\n\n<div class=\"wp-block-columns alignwide is-layout-flex wp-container-core-columns-is-layout-d2da2050 wp-block-columns-is-layout-flex\" style=\"margin-bottom:0\">\n<div class=\"wp-block-column has-text-color has-background has-link-color wp-elements-a96c418a53d3e3450407591315bdbb87 is-layout-flow wp-block-column-is-layout-flow\" style=\"color:#000000;background:linear-gradient(135deg,rgba(0,76,148,0.05) 0%,rgba(0,76,148,0.05) 100%);padding-top:2em;padding-right:2em;padding-bottom:2em;padding-left:2em\">\n<h2 class=\"wp-block-heading\" id=\"single\" style=\"font-size:40px\"><strong>Fase 1<\/strong><\/h2>\n\n\n\n<p class=\"has-normal-font-size\" style=\"line-height:1.5\"><strong>Samtale med styre og evt ansatte<\/strong> <\/p>\n\n\n\n<hr class=\"wp-block-separator has-text-color has-css-opacity has-background is-style-wide\" style=\"background-color:#000000;color:#000000\"\/>\n\n\n\n<ul class=\"has-normal-font-size wp-block-list\">\n<li>Innledende beskrivelse av n\u00e5situasjonen inkl. utfordringer og muligheter<\/li>\n\n\n\n<li>Planlegge strategiprosess<\/li>\n\n\n\n<li>Fordele ansvar for prosessen<\/li>\n<\/ul>\n<\/div>\n\n\n\n<div class=\"wp-block-column has-text-color has-background has-link-color wp-elements-b6a67cd8c9705dec247d99a29014fce1 is-layout-flow wp-block-column-is-layout-flow\" style=\"color:#000000;background:linear-gradient(135deg,rgba(0,76,148,0.11) 0%,rgba(0,76,148,0.11) 100%);padding-top:2em;padding-right:2em;padding-bottom:2em;padding-left:2em\">\n<h2 class=\"wp-block-heading\" id=\"family\" style=\"font-size:40px\"><strong>Fase 2<\/strong><\/h2>\n\n\n\n<p class=\"has-normal-font-size\" style=\"line-height:1.5\"><strong>Innhenting av informasjon<\/strong><\/p>\n\n\n\n<hr class=\"wp-block-separator has-css-opacity is-style-wide\"\/>\n\n\n\n<ul class=\"has-normal-font-size wp-block-list\">\n<li>Innspill fra medlemmer<\/li>\n\n\n\n<li>Sp\u00f8rreunders\u00f8kelse<\/li>\n\n\n\n<li>Workshop \/ arbeidsgrupper<\/li>\n\n\n\n<li>B\u00f8nn \/ s\u00f8ke Gud sammen<\/li>\n\n\n\n<li>Relevant informasjon fra interessenter<\/li>\n<\/ul>\n<\/div>\n\n\n\n<div class=\"wp-block-column has-text-color has-background has-link-color wp-elements-e567aa146b62f8067a8374280efc2a44 is-layout-flow wp-block-column-is-layout-flow\" style=\"color:#000000;background:linear-gradient(135deg,rgba(0,76,148,0.18) 1%,rgba(0,76,148,0.18) 100%);padding-top:2em;padding-right:2em;padding-bottom:2em;padding-left:2em\">\n<h2 class=\"wp-block-heading\" id=\"patron\" style=\"font-size:40px\">Fase 3<\/h2>\n\n\n\n<p class=\"has-normal-font-size\"><strong>Bearbeiding av materiale<\/strong><\/p>\n\n\n\n<hr class=\"wp-block-separator has-css-opacity is-style-wide\"\/>\n\n\n\n<ul class=\"has-normal-font-size wp-block-list\">\n<li>Identifisere hovedutfordringer og muligheter<\/li>\n\n\n\n<li>Utarbeide strategi \/ valg av hovedfokus og m\u00e5l<\/li>\n\n\n\n<li>Relevant innhold fra PULS<\/li>\n<\/ul>\n<\/div>\n\n\n\n<div class=\"wp-block-column has-text-color has-background has-link-color wp-elements-a539a3b2a141aec28ae793ce191b4c08 is-layout-flow wp-block-column-is-layout-flow\" style=\"color:#000000;background:linear-gradient(135deg,rgba(0,76,148,0.35) 2%,rgba(0,76,148,0.35) 100%);padding-top:2em;padding-right:2em;padding-bottom:2em;padding-left:2em\">\n<h2 class=\"wp-block-heading\" id=\"patron\" style=\"font-size:40px\">Fase 4<\/h2>\n\n\n\n<p class=\"has-normal-font-size\"><strong>Forankring og implementering<\/strong><\/p>\n\n\n\n<hr class=\"wp-block-separator has-css-opacity is-style-wide\"\/>\n\n\n\n<ul class=\"has-normal-font-size wp-block-list\">\n<li>Vedtak<\/li>\n\n\n\n<li>Konkretisere tiltak \/ handlingsplan<\/li>\n\n\n\n<li>Kommunisere strategien<\/li>\n\n\n\n<li>Evt deling av vedtatt strategi med Acta\/Normisjon og andre enheter<\/li>\n<\/ul>\n<\/div>\n<\/div>\n\n\n\n<div class=\"wp-block-columns alignwide is-layout-flex wp-container-core-columns-is-layout-28f84493 wp-block-columns-is-layout-flex\">\n<div class=\"wp-block-column is-layout-flow wp-block-column-is-layout-flow\"><\/div>\n\n\n\n<div class=\"wp-block-column is-layout-flow wp-block-column-is-layout-flow\"><\/div>\n\n\n\n<div class=\"wp-block-column is-layout-flow wp-block-column-is-layout-flow\"><\/div>\n\n\n\n<div class=\"wp-block-column is-layout-flow wp-block-column-is-layout-flow\"><\/div>\n<\/div>\n\n\n\n<h2 class=\"wp-block-heading\" id=\"filmer\">Filmer om strategien<\/h2>\n\n\n\n<p>Filmene under kan brukes fritt i ulike m\u00f8ter lokalt og regionalt.<\/p>\n\n\n\n<div class=\"wp-block-columns alignwide is-layout-flex wp-container-core-columns-is-layout-28f84493 wp-block-columns-is-layout-flex\">\n<div class=\"wp-block-column is-layout-flow wp-block-column-is-layout-flow\">\n<div id=\"mfvE9ItF\"><\/div><script>if(!document.querySelector('link[href=\"https:\/\/mfstatic.com\/css\/mediaflowplayer.min.css\"]')) {var mflE9ItF=document.createElement('link');mflE9ItF.setAttribute('rel','stylesheet');mflE9ItF.setAttribute('type','text\/css');mflE9ItF.setAttribute('href','https:\/\/mfstatic.com\/css\/mediaflowplayer.min.css');document.getElementsByTagName('head')[0].appendChild(mflE9ItF);}if(typeof(MFPlayer)=='undefined') {var mfsE9ItF = document.createElement('script');mfsE9ItF.setAttribute('crossorigin','anonymous');document.body.appendChild(mfsE9ItF);mfsE9ItF.onload=function(){var mfpE9ItF = new MFPlayer('#mfvE9ItF','03IE8E4CTH');};mfsE9ItF.src='https:\/\/mfstatic.com\/js\/mediaflowplayer.min.js';}else{var mfpE9ItF=new MFPlayer('#mfvE9ItF','03IE8E4CTH');}<\/script>\n<\/div>\n\n\n\n<div class=\"wp-block-column is-layout-flow wp-block-column-is-layout-flow\">\n<div id=\"mfvgvEPv\"><\/div><script>if(!document.querySelector('link[href=\"https:\/\/mfstatic.com\/css\/mediaflowplayer.min.css\"]')) {var mflgvEPv=document.createElement('link');mflgvEPv.setAttribute('rel','stylesheet');mflgvEPv.setAttribute('type','text\/css');mflgvEPv.setAttribute('href','https:\/\/mfstatic.com\/css\/mediaflowplayer.min.css');document.getElementsByTagName('head')[0].appendChild(mflgvEPv);}if(typeof(MFPlayer)=='undefined') {var mfsgvEPv = document.createElement('script');mfsgvEPv.setAttribute('crossorigin','anonymous');document.body.appendChild(mfsgvEPv);mfsgvEPv.onload=function(){var mfpgvEPv = new MFPlayer('#mfvgvEPv','46IER7EQ0S');};mfsgvEPv.src='https:\/\/mfstatic.com\/js\/mediaflowplayer.min.js';}else{var mfpgvEPv=new MFPlayer('#mfvgvEPv','46IER7EQ0S');}<\/script>\n<\/div>\n\n\n\n<div class=\"wp-block-column is-layout-flow wp-block-column-is-layout-flow\">\n<div id=\"mfvaeuhk\"><\/div><script>if(!document.querySelector('link[href=\"https:\/\/mfstatic.com\/css\/mediaflowplayer.min.css\"]')) {var mflaeuhk=document.createElement('link');mflaeuhk.setAttribute('rel','stylesheet');mflaeuhk.setAttribute('type','text\/css');mflaeuhk.setAttribute('href','https:\/\/mfstatic.com\/css\/mediaflowplayer.min.css');document.getElementsByTagName('head')[0].appendChild(mflaeuhk);}if(typeof(MFPlayer)=='undefined') {var mfsaeuhk = document.createElement('script');mfsaeuhk.setAttribute('crossorigin','anonymous');document.body.appendChild(mfsaeuhk);mfsaeuhk.onload=function(){var mfpaeuhk = new MFPlayer('#mfvaeuhk','74IEC79J65');};mfsaeuhk.src='https:\/\/mfstatic.com\/js\/mediaflowplayer.min.js';}else{var mfpaeuhk=new MFPlayer('#mfvaeuhk','74IEC79J65');}<\/script>\n<\/div>\n<\/div>\n<\/div>","protected":false},"excerpt":{"rendered":"<p>Det som presenteres p\u00e5 disse sidene, er Normisjons strategi for perioden 2024-2030.&nbsp;Vi oppfordrer lokale enheter og regioner til \u00e5 arbeide med hvordan strategien kan komme [&hellip;]<\/p>\n","protected":false},"author":82,"featured_media":0,"parent":0,"menu_order":0,"comment_status":"closed","ping_status":"closed","template":"","meta":{"_acf_changed":false,"footnotes":""},"class_list":["post-1514","page","type-page","status-publish","hentry"],"acf":[],"yoast_head":"<!-- This site is optimized with the Yoast SEO plugin v25.9 - https:\/\/yoast.com\/wordpress\/plugins\/seo\/ -->\n<title>Lokalt og regionalt strategiarbeid - Normisjon strategi<\/title>\n<meta name=\"robots\" content=\"index, follow, max-snippet:-1, max-image-preview:large, max-video-preview:-1\" \/>\n<link rel=\"canonical\" href=\"https:\/\/www.normisjon.no\/strategi\/lokalt-og-regionalt-strategiarbeid\/\" \/>\n<meta property=\"og:locale\" content=\"nb_NO\" \/>\n<meta property=\"og:type\" content=\"article\" \/>\n<meta property=\"og:title\" content=\"Lokalt og regionalt strategiarbeid - Normisjon strategi\" \/>\n<meta property=\"og:description\" content=\"Det som presenteres p\u00e5 disse sidene, er Normisjons strategi for perioden 2024-2030.&nbsp;Vi oppfordrer lokale enheter og regioner til \u00e5 arbeide med hvordan strategien kan komme [&hellip;]\" \/>\n<meta property=\"og:url\" content=\"https:\/\/www.normisjon.no\/strategi\/lokalt-og-regionalt-strategiarbeid\/\" \/>\n<meta property=\"og:site_name\" content=\"Normisjon strategi\" \/>\n<meta property=\"article:modified_time\" content=\"2024-03-08T14:47:35+00:00\" \/>\n<meta property=\"og:image\" content=\"https:\/\/www.normisjon.no\/content\/uploads\/sites\/17\/2024\/01\/Vegard-Tennebo-kopi-scaled-2-1024x1024.jpg\" \/>\n<meta name=\"twitter:card\" content=\"summary_large_image\" \/>\n<meta name=\"twitter:label1\" content=\"Ansl. lesetid\" \/>\n\t<meta name=\"twitter:data1\" content=\"4 minutter\" \/>\n<script type=\"application\/ld+json\" class=\"yoast-schema-graph\">{\"@context\":\"https:\/\/schema.org\",\"@graph\":[{\"@type\":\"WebPage\",\"@id\":\"https:\/\/www.normisjon.no\/strategi\/lokalt-og-regionalt-strategiarbeid\/\",\"url\":\"https:\/\/www.normisjon.no\/strategi\/lokalt-og-regionalt-strategiarbeid\/\",\"name\":\"Lokalt og regionalt strategiarbeid - Normisjon strategi\",\"isPartOf\":{\"@id\":\"https:\/\/www.normisjon.no\/strategi\/#website\"},\"primaryImageOfPage\":{\"@id\":\"https:\/\/www.normisjon.no\/strategi\/lokalt-og-regionalt-strategiarbeid\/#primaryimage\"},\"image\":{\"@id\":\"https:\/\/www.normisjon.no\/strategi\/lokalt-og-regionalt-strategiarbeid\/#primaryimage\"},\"thumbnailUrl\":\"https:\/\/www.normisjon.no\/content\/uploads\/sites\/17\/2024\/01\/Vegard-Tennebo-kopi-scaled-2-1024x1024.jpg\",\"datePublished\":\"2023-12-20T13:37:27+00:00\",\"dateModified\":\"2024-03-08T14:47:35+00:00\",\"breadcrumb\":{\"@id\":\"https:\/\/www.normisjon.no\/strategi\/lokalt-og-regionalt-strategiarbeid\/#breadcrumb\"},\"inLanguage\":\"nb-NO\",\"potentialAction\":[{\"@type\":\"ReadAction\",\"target\":[\"https:\/\/www.normisjon.no\/strategi\/lokalt-og-regionalt-strategiarbeid\/\"]}]},{\"@type\":\"ImageObject\",\"inLanguage\":\"nb-NO\",\"@id\":\"https:\/\/www.normisjon.no\/strategi\/lokalt-og-regionalt-strategiarbeid\/#primaryimage\",\"url\":\"https:\/\/www.normisjon.no\/content\/uploads\/sites\/17\/2024\/01\/Vegard-Tennebo-kopi-scaled-2-1024x1024.jpg\",\"contentUrl\":\"https:\/\/www.normisjon.no\/content\/uploads\/sites\/17\/2024\/01\/Vegard-Tennebo-kopi-scaled-2-1024x1024.jpg\"},{\"@type\":\"BreadcrumbList\",\"@id\":\"https:\/\/www.normisjon.no\/strategi\/lokalt-og-regionalt-strategiarbeid\/#breadcrumb\",\"itemListElement\":[{\"@type\":\"ListItem\",\"position\":1,\"name\":\"Home\",\"item\":\"https:\/\/www.normisjon.no\/strategi\/\"},{\"@type\":\"ListItem\",\"position\":2,\"name\":\"Lokalt og regionalt strategiarbeid\"}]},{\"@type\":\"WebSite\",\"@id\":\"https:\/\/www.normisjon.no\/strategi\/#website\",\"url\":\"https:\/\/www.normisjon.no\/strategi\/\",\"name\":\"Normisjon strategi\",\"description\":\"\",\"potentialAction\":[{\"@type\":\"SearchAction\",\"target\":{\"@type\":\"EntryPoint\",\"urlTemplate\":\"https:\/\/www.normisjon.no\/strategi\/?s={search_term_string}\"},\"query-input\":{\"@type\":\"PropertyValueSpecification\",\"valueRequired\":true,\"valueName\":\"search_term_string\"}}],\"inLanguage\":\"nb-NO\"}]}<\/script>\n<!-- \/ Yoast SEO plugin. -->","yoast_head_json":{"title":"Lokalt og regionalt strategiarbeid - Normisjon strategi","robots":{"index":"index","follow":"follow","max-snippet":"max-snippet:-1","max-image-preview":"max-image-preview:large","max-video-preview":"max-video-preview:-1"},"canonical":"https:\/\/www.normisjon.no\/strategi\/lokalt-og-regionalt-strategiarbeid\/","og_locale":"nb_NO","og_type":"article","og_title":"Lokalt og regionalt strategiarbeid - Normisjon strategi","og_description":"Det som presenteres p\u00e5 disse sidene, er Normisjons strategi for perioden 2024-2030.&nbsp;Vi oppfordrer lokale enheter og regioner til \u00e5 arbeide med hvordan strategien kan komme [&hellip;]","og_url":"https:\/\/www.normisjon.no\/strategi\/lokalt-og-regionalt-strategiarbeid\/","og_site_name":"Normisjon strategi","article_modified_time":"2024-03-08T14:47:35+00:00","og_image":[{"url":"https:\/\/www.normisjon.no\/content\/uploads\/sites\/17\/2024\/01\/Vegard-Tennebo-kopi-scaled-2-1024x1024.jpg","type":"","width":"","height":""}],"twitter_card":"summary_large_image","twitter_misc":{"Ansl. lesetid":"4 minutter"},"schema":{"@context":"https:\/\/schema.org","@graph":[{"@type":"WebPage","@id":"https:\/\/www.normisjon.no\/strategi\/lokalt-og-regionalt-strategiarbeid\/","url":"https:\/\/www.normisjon.no\/strategi\/lokalt-og-regionalt-strategiarbeid\/","name":"Lokalt og regionalt strategiarbeid - Normisjon strategi","isPartOf":{"@id":"https:\/\/www.normisjon.no\/strategi\/#website"},"primaryImageOfPage":{"@id":"https:\/\/www.normisjon.no\/strategi\/lokalt-og-regionalt-strategiarbeid\/#primaryimage"},"image":{"@id":"https:\/\/www.normisjon.no\/strategi\/lokalt-og-regionalt-strategiarbeid\/#primaryimage"},"thumbnailUrl":"https:\/\/www.normisjon.no\/content\/uploads\/sites\/17\/2024\/01\/Vegard-Tennebo-kopi-scaled-2-1024x1024.jpg","datePublished":"2023-12-20T13:37:27+00:00","dateModified":"2024-03-08T14:47:35+00:00","breadcrumb":{"@id":"https:\/\/www.normisjon.no\/strategi\/lokalt-og-regionalt-strategiarbeid\/#breadcrumb"},"inLanguage":"nb-NO","potentialAction":[{"@type":"ReadAction","target":["https:\/\/www.normisjon.no\/strategi\/lokalt-og-regionalt-strategiarbeid\/"]}]},{"@type":"ImageObject","inLanguage":"nb-NO","@id":"https:\/\/www.normisjon.no\/strategi\/lokalt-og-regionalt-strategiarbeid\/#primaryimage","url":"https:\/\/www.normisjon.no\/content\/uploads\/sites\/17\/2024\/01\/Vegard-Tennebo-kopi-scaled-2-1024x1024.jpg","contentUrl":"https:\/\/www.normisjon.no\/content\/uploads\/sites\/17\/2024\/01\/Vegard-Tennebo-kopi-scaled-2-1024x1024.jpg"},{"@type":"BreadcrumbList","@id":"https:\/\/www.normisjon.no\/strategi\/lokalt-og-regionalt-strategiarbeid\/#breadcrumb","itemListElement":[{"@type":"ListItem","position":1,"name":"Home","item":"https:\/\/www.normisjon.no\/strategi\/"},{"@type":"ListItem","position":2,"name":"Lokalt og regionalt strategiarbeid"}]},{"@type":"WebSite","@id":"https:\/\/www.normisjon.no\/strategi\/#website","url":"https:\/\/www.normisjon.no\/strategi\/","name":"Normisjon strategi","description":"","potentialAction":[{"@type":"SearchAction","target":{"@type":"EntryPoint","urlTemplate":"https:\/\/www.normisjon.no\/strategi\/?s={search_term_string}"},"query-input":{"@type":"PropertyValueSpecification","valueRequired":true,"valueName":"search_term_string"}}],"inLanguage":"nb-NO"}]}},"_links":{"self":[{"href":"https:\/\/www.normisjon.no\/strategi\/wp-json\/wp\/v2\/pages\/1514","targetHints":{"allow":["GET"]}}],"collection":[{"href":"https:\/\/www.normisjon.no\/strategi\/wp-json\/wp\/v2\/pages"}],"about":[{"href":"https:\/\/www.normisjon.no\/strategi\/wp-json\/wp\/v2\/types\/page"}],"author":[{"embeddable":true,"href":"https:\/\/www.normisjon.no\/strategi\/wp-json\/wp\/v2\/users\/82"}],"replies":[{"embeddable":true,"href":"https:\/\/www.normisjon.no\/strategi\/wp-json\/wp\/v2\/comments?post=1514"}],"version-history":[{"count":34,"href":"https:\/\/www.normisjon.no\/strategi\/wp-json\/wp\/v2\/pages\/1514\/revisions"}],"predecessor-version":[{"id":1583,"href":"https:\/\/www.normisjon.no\/strategi\/wp-json\/wp\/v2\/pages\/1514\/revisions\/1583"}],"wp:attachment":[{"href":"https:\/\/www.normisjon.no\/strategi\/wp-json\/wp\/v2\/media?parent=1514"}],"curies":[{"name":"wp","href":"https:\/\/api.w.org\/{rel}","templated":true}]}}