{"id":4,"date":"2018-04-11T13:17:44","date_gmt":"2018-04-11T11:17:44","guid":{"rendered":"https:\/\/www.normisjon.no\/region-oppland\/?page_id=4"},"modified":"2026-01-15T10:58:16","modified_gmt":"2026-01-15T09:58:16","slug":"forside","status":"publish","type":"page","link":"https:\/\/www.normisjon.no\/strategi\/","title":{"rendered":"Forside"},"content":{"rendered":"<div class=\"entry-content alignfull wp-block-post-content has-global-padding is-layout-constrained wp-block-post-content-is-layout-constrained\">\n<div class=\"wp-block-group alignfull has-global-padding is-layout-constrained wp-block-group-is-layout-constrained\">\n<div class=\"wp-block-cover alignfull is-light has-parallax has-custom-content-position is-position-bottom-center\" style=\"margin-top:0;min-height:608px;aspect-ratio:unset;\"><div class=\"wp-block-cover__image-background wp-image-1085 has-parallax\" style=\"background-position:50% 50%;background-image:url(https:\/\/www.normisjon.no\/content\/uploads\/sites\/17\/2023\/10\/Illustrasjonsbilder_Inga-Lill_5-scaled.jpg)\"><\/div><span aria-hidden=\"true\" class=\"wp-block-cover__background has-background-dim-10 has-background-dim\"><\/span><div class=\"wp-block-cover__inner-container is-layout-flow wp-block-cover-is-layout-flow\">\n<p class=\"has-text-align-center has-white-color has-text-color\" style=\"font-size:70px\">Strategi<\/p>\n\n\n\n<p class=\"has-text-align-center has-white-color has-text-color\" style=\"font-size:30px\">2024-2030<\/p>\n<\/div><\/div>\n<\/div>\n\n\n\n<blockquote class=\"wp-block-quote is-layout-flow wp-block-quote-is-layout-flow\">\n<p class=\"has-text-align-center has-large-font-size\">Normisjon skal v\u00e6re kjent for \u00e5 bringe Jesus Kristus til nye generasjoner og folkeslag. Vi vil plante, utvikle, lede og sammenkoble.<\/p>\n<\/blockquote>\n\n\n\n<div class=\"wp-block-columns alignfull has-text-color has-background is-layout-flex wp-container-core-columns-is-layout-28f84493 wp-block-columns-is-layout-flex\" style=\"color:#000000;background-color:#ffffff\">\n<div class=\"wp-block-column is-layout-flow wp-block-column-is-layout-flow\">\n<p class=\"has-normisjon-blue-color has-text-color has-small-font-size\"><strong>VISJON<\/strong><\/p>\n\n\n\n<h3 class=\"wp-block-heading\" style=\"font-size:24px;line-height:1.3\"><strong><strong>Jesus Kristus til nye generasjoner og folkeslag.<\/strong><\/strong><\/h3>\n\n\n\n<p>Dette er oppdraget v\u00e5rt. Nye generasjoner i Norge, men ogs\u00e5 i andre land. Nye folkeslag i andre land, men ogs\u00e5 i Norge.<\/p>\n<\/div>\n\n\n\n<div class=\"wp-block-column is-layout-flow wp-block-column-is-layout-flow\">\n<p class=\"has-normisjon-blue-color has-text-color has-small-font-size\"><strong>IDENTITET<\/strong><\/p>\n\n\n\n<h3 class=\"wp-block-heading\" style=\"font-size:24px;line-height:1.3\">Fellesskap. Barn og unge. Misjon<strong><strong>.<\/strong><\/strong><\/h3>\n\n\n\n<p>Dette er vi spesielt kjent for, og du skal lete lenge for \u00e5 finne noe hos oss som ikke handler om&nbsp;det.<\/p>\n<\/div>\n<\/div>\n\n\n\n<div style=\"height:45px\" aria-hidden=\"true\" class=\"wp-block-spacer\"><\/div>\n\n\n\n<div class=\"wp-block-group has-global-padding is-layout-constrained wp-block-group-is-layout-constrained\">\n<h2 class=\"wp-block-heading\">Guds ledelse og kraft<\/h2>\n\n\n\n<figure class=\"wp-block-image alignright size-large is-resized\"><img loading=\"lazy\" decoding=\"async\" width=\"1024\" height=\"683\" src=\"https:\/\/www.normisjon.no\/content\/uploads\/sites\/17\/2023\/10\/Illustrasjonsbilder_Inga-Lill-._3-1024x683.jpg\" alt=\"\" class=\"wp-image-1089\" style=\"width:345px;height:230px\" srcset=\"https:\/\/www.normisjon.no\/content\/uploads\/sites\/17\/2023\/10\/Illustrasjonsbilder_Inga-Lill-._3-1024x683.jpg 1024w, https:\/\/www.normisjon.no\/content\/uploads\/sites\/17\/2023\/10\/Illustrasjonsbilder_Inga-Lill-._3-300x200.jpg 300w, https:\/\/www.normisjon.no\/content\/uploads\/sites\/17\/2023\/10\/Illustrasjonsbilder_Inga-Lill-._3-768x512.jpg 768w, https:\/\/www.normisjon.no\/content\/uploads\/sites\/17\/2023\/10\/Illustrasjonsbilder_Inga-Lill-._3-1536x1024.jpg 1536w, https:\/\/www.normisjon.no\/content\/uploads\/sites\/17\/2023\/10\/Illustrasjonsbilder_Inga-Lill-._3-2048x1365.jpg 2048w, https:\/\/www.normisjon.no\/content\/uploads\/sites\/17\/2023\/10\/Illustrasjonsbilder_Inga-Lill-._3-1920x1280.jpg 1920w, https:\/\/www.normisjon.no\/content\/uploads\/sites\/17\/2023\/10\/Illustrasjonsbilder_Inga-Lill-._3-1360x907.jpg 1360w, https:\/\/www.normisjon.no\/content\/uploads\/sites\/17\/2023\/10\/Illustrasjonsbilder_Inga-Lill-._3-960x640.jpg 960w\" sizes=\"auto, (max-width: 1024px) 100vw, 1024px\" \/><\/figure>\n\n\n\n<p><strong>N\u00e5r vi planlegger og utformer strategi, s\u00f8ker vi f\u00f8rst og fremst Guds ledelse. <\/strong><\/p>\n\n\n\n<p>Vi erkjenner v\u00e5r begrensede forst\u00e5else, derfor ber vi Gud om visdom i v\u00e5re planer, vi ber Jesus om \u00e5 g\u00e5 foran oss i v\u00e5r tjeneste og om \u00c5ndens styrke og ledelse.<\/p>\n<\/div>\n\n\n\n<div class=\"wp-block-columns is-layout-flex wp-container-core-columns-is-layout-28f84493 wp-block-columns-is-layout-flex\">\n<div class=\"wp-block-column is-layout-flow wp-block-column-is-layout-flow\">\n<pre class=\"wp-block-verse has-normisjon-grey-background-color has-background\" style=\"font-size:13px\">\u00abHva er vel Apollos? Og hva er Paulus? Tjenere som hjalp dere til tro! Begge gjorde vi det Herren hadde satt oss til. Jeg plantet, Apollos vannet, men Gud ga vekst. Derfor er de ikke noe, verken den som planter eller den som vanner. Bare Gud er noe, han som gir vekst.\u00bb <strong>1. Kor 3,5-7<\/strong><\/pre>\n<\/div>\n\n\n\n<div class=\"wp-block-column is-layout-flow wp-block-column-is-layout-flow\">\n<pre class=\"wp-block-verse has-normisjon-grey-background-color has-background\" style=\"font-size:13px\">\u00abBli i meg, s\u00e5 blir jeg i dere. Slik som greinen ikke kan b\u00e6re frukt av seg selv, men bare hvis den blir p\u00e5 vintreet, slik kan heller ikke dere b\u00e6re frukt hvis dere ikke blir i meg. Jeg er vintreet, dere er greinene. Den som blir i meg og jeg i ham, b\u00e6rer mye frukt. For uten meg kan dere ingen ting gj\u00f8re.\u00bb <strong>Joh 15, 4-5<\/strong><\/pre>\n<\/div>\n<\/div>\n\n\n\n<div style=\"height:12px\" aria-hidden=\"true\" class=\"wp-block-spacer\"><\/div>\n\n\n\n<h2 class=\"wp-block-heading\">Hvordan forst\u00e5 strategien?<\/h2>\n\n\n\n<p><strong>Det du n\u00e5 leser, er Normisjons strategi for perioden 2024-2030, vedtatt av generalforsamlingen. <\/strong><\/p>\n\n\n\n<p>Strategien beskriver ikke alt som er viktig i Normisjon. Den tar utgangspunkt i et situasjonsbilde som er analysert gjennom de siste \u00e5rene, og presenterer \u00e5tte hovedutfordringer p\u00e5 grunnlag av dette. Utfordringene blir im\u00f8teg\u00e5tt av fire hovedfokus, som er forkortet med akronymet PULS. Under hvert hovedfokus finnes til sammen 25 overordnede endringsm\u00e5l. <\/p>\n\n\n\n<p>Strategien omtaler ikke hele Normisjons virksomhet, men det betyr ikke at det som ikke er nevnt skal nedprioriteres. Vi kaller strategien for en endringsstrategi, som fokuserer p\u00e5 de omr\u00e5dene der vi trenger \u00e5 justere kurs for \u00e5 n\u00e5 m\u00e5lene v\u00e5re.<\/p>\n\n\n\n<div id=\"mfvE9ItF\"><\/div><script>if(!document.querySelector('link[href=\"https:\/\/mfstatic.com\/css\/mediaflowplayer.min.css\"]')) {var mflE9ItF=document.createElement('link');mflE9ItF.setAttribute('rel','stylesheet');mflE9ItF.setAttribute('type','text\/css');mflE9ItF.setAttribute('href','https:\/\/mfstatic.com\/css\/mediaflowplayer.min.css');document.getElementsByTagName('head')[0].appendChild(mflE9ItF);}if(typeof(MFPlayer)=='undefined') {var mfsE9ItF = document.createElement('script');mfsE9ItF.setAttribute('crossorigin','anonymous');document.body.appendChild(mfsE9ItF);mfsE9ItF.onload=function(){var mfpE9ItF = new MFPlayer('#mfvE9ItF','03IE8E4CTH');};mfsE9ItF.src='https:\/\/mfstatic.com\/js\/mediaflowplayer.min.js';}else{var mfpE9ItF=new MFPlayer('#mfvE9ItF','03IE8E4CTH');}<\/script>\n\n\n\n<div class=\"wp-block-buttons is-content-justification-right is-layout-flex wp-container-core-buttons-is-layout-d445cf74 wp-block-buttons-is-layout-flex\">\n<div class=\"wp-block-button is-style-fill\"><a class=\"wp-block-button__link has-normisjon-blue-background-color has-background wp-element-button\" href=\"https:\/\/www.normisjon.no\/strategi\/utfordringer\/\">LES OM v\u00e5re utfordringer<\/a><\/div>\n<\/div>\n<\/div>","protected":false},"excerpt":{"rendered":"<p>Normisjon skal v\u00e6re kjent for \u00e5 bringe Jesus Kristus til nye generasjoner og folkeslag. Vi vil plante, utvikle, lede og sammenkoble. VISJON Jesus Kristus til [&hellip;]<\/p>\n","protected":false},"author":82,"featured_media":0,"parent":0,"menu_order":0,"comment_status":"closed","ping_status":"closed","template":"","meta":{"_acf_changed":false,"footnotes":""},"class_list":["post-4","page","type-page","status-publish","hentry"],"acf":[],"yoast_head":"<!-- This site is optimized with the Yoast SEO plugin v25.9 - https:\/\/yoast.com\/wordpress\/plugins\/seo\/ -->\n<title>Forside - Normisjon strategi<\/title>\n<meta name=\"robots\" content=\"index, follow, max-snippet:-1, max-image-preview:large, max-video-preview:-1\" \/>\n<link rel=\"canonical\" href=\"https:\/\/www.normisjon.no\/strategi\/\" \/>\n<meta property=\"og:locale\" content=\"nb_NO\" \/>\n<meta property=\"og:type\" content=\"article\" \/>\n<meta property=\"og:title\" content=\"Forside - Normisjon strategi\" \/>\n<meta property=\"og:description\" content=\"Normisjon skal v\u00e6re kjent for \u00e5 bringe Jesus Kristus til nye generasjoner og folkeslag. Vi vil plante, utvikle, lede og sammenkoble. VISJON Jesus Kristus til [&hellip;]\" \/>\n<meta property=\"og:url\" content=\"https:\/\/www.normisjon.no\/strategi\/\" \/>\n<meta property=\"og:site_name\" content=\"Normisjon strategi\" \/>\n<meta property=\"article:modified_time\" content=\"2026-01-15T09:58:16+00:00\" \/>\n<meta property=\"og:image\" content=\"https:\/\/www.normisjon.no\/content\/uploads\/sites\/17\/2023\/10\/Illustrasjonsbilder_Inga-Lill-._3-scaled.jpg\" \/>\n\t<meta property=\"og:image:width\" content=\"2560\" \/>\n\t<meta property=\"og:image:height\" content=\"1707\" \/>\n\t<meta property=\"og:image:type\" content=\"image\/jpeg\" \/>\n<meta name=\"twitter:card\" content=\"summary_large_image\" \/>\n<meta name=\"twitter:label1\" content=\"Ansl. lesetid\" \/>\n\t<meta name=\"twitter:data1\" content=\"2 minutter\" \/>\n<script type=\"application\/ld+json\" class=\"yoast-schema-graph\">{\"@context\":\"https:\/\/schema.org\",\"@graph\":[{\"@type\":\"WebPage\",\"@id\":\"https:\/\/www.normisjon.no\/strategi\/\",\"url\":\"https:\/\/www.normisjon.no\/strategi\/\",\"name\":\"Forside - Normisjon strategi\",\"isPartOf\":{\"@id\":\"https:\/\/www.normisjon.no\/strategi\/#website\"},\"primaryImageOfPage\":{\"@id\":\"https:\/\/www.normisjon.no\/strategi\/#primaryimage\"},\"image\":{\"@id\":\"https:\/\/www.normisjon.no\/strategi\/#primaryimage\"},\"thumbnailUrl\":\"https:\/\/www.normisjon.no\/content\/uploads\/sites\/17\/2023\/10\/Illustrasjonsbilder_Inga-Lill-._3-1024x683.jpg\",\"datePublished\":\"2018-04-11T11:17:44+00:00\",\"dateModified\":\"2026-01-15T09:58:16+00:00\",\"breadcrumb\":{\"@id\":\"https:\/\/www.normisjon.no\/strategi\/#breadcrumb\"},\"inLanguage\":\"nb-NO\",\"potentialAction\":[{\"@type\":\"ReadAction\",\"target\":[\"https:\/\/www.normisjon.no\/strategi\/\"]}]},{\"@type\":\"ImageObject\",\"inLanguage\":\"nb-NO\",\"@id\":\"https:\/\/www.normisjon.no\/strategi\/#primaryimage\",\"url\":\"https:\/\/www.normisjon.no\/content\/uploads\/sites\/17\/2023\/10\/Illustrasjonsbilder_Inga-Lill-._3-1024x683.jpg\",\"contentUrl\":\"https:\/\/www.normisjon.no\/content\/uploads\/sites\/17\/2023\/10\/Illustrasjonsbilder_Inga-Lill-._3-1024x683.jpg\"},{\"@type\":\"BreadcrumbList\",\"@id\":\"https:\/\/www.normisjon.no\/strategi\/#breadcrumb\",\"itemListElement\":[{\"@type\":\"ListItem\",\"position\":1,\"name\":\"Home\",\"item\":\"https:\/\/www.normisjon.no\/strategi\/\"},{\"@type\":\"ListItem\",\"position\":2,\"name\":\"Forside\"}]},{\"@type\":\"WebSite\",\"@id\":\"https:\/\/www.normisjon.no\/strategi\/#website\",\"url\":\"https:\/\/www.normisjon.no\/strategi\/\",\"name\":\"Normisjon strategi\",\"description\":\"\",\"potentialAction\":[{\"@type\":\"SearchAction\",\"target\":{\"@type\":\"EntryPoint\",\"urlTemplate\":\"https:\/\/www.normisjon.no\/strategi\/?s={search_term_string}\"},\"query-input\":{\"@type\":\"PropertyValueSpecification\",\"valueRequired\":true,\"valueName\":\"search_term_string\"}}],\"inLanguage\":\"nb-NO\"}]}<\/script>\n<!-- \/ Yoast SEO plugin. -->","yoast_head_json":{"title":"Forside - Normisjon strategi","robots":{"index":"index","follow":"follow","max-snippet":"max-snippet:-1","max-image-preview":"max-image-preview:large","max-video-preview":"max-video-preview:-1"},"canonical":"https:\/\/www.normisjon.no\/strategi\/","og_locale":"nb_NO","og_type":"article","og_title":"Forside - Normisjon strategi","og_description":"Normisjon skal v\u00e6re kjent for \u00e5 bringe Jesus Kristus til nye generasjoner og folkeslag. Vi vil plante, utvikle, lede og sammenkoble. VISJON Jesus Kristus til [&hellip;]","og_url":"https:\/\/www.normisjon.no\/strategi\/","og_site_name":"Normisjon strategi","article_modified_time":"2026-01-15T09:58:16+00:00","og_image":[{"width":2560,"height":1707,"url":"https:\/\/www.normisjon.no\/content\/uploads\/sites\/17\/2023\/10\/Illustrasjonsbilder_Inga-Lill-._3-scaled.jpg","type":"image\/jpeg"}],"twitter_card":"summary_large_image","twitter_misc":{"Ansl. lesetid":"2 minutter"},"schema":{"@context":"https:\/\/schema.org","@graph":[{"@type":"WebPage","@id":"https:\/\/www.normisjon.no\/strategi\/","url":"https:\/\/www.normisjon.no\/strategi\/","name":"Forside - Normisjon strategi","isPartOf":{"@id":"https:\/\/www.normisjon.no\/strategi\/#website"},"primaryImageOfPage":{"@id":"https:\/\/www.normisjon.no\/strategi\/#primaryimage"},"image":{"@id":"https:\/\/www.normisjon.no\/strategi\/#primaryimage"},"thumbnailUrl":"https:\/\/www.normisjon.no\/content\/uploads\/sites\/17\/2023\/10\/Illustrasjonsbilder_Inga-Lill-._3-1024x683.jpg","datePublished":"2018-04-11T11:17:44+00:00","dateModified":"2026-01-15T09:58:16+00:00","breadcrumb":{"@id":"https:\/\/www.normisjon.no\/strategi\/#breadcrumb"},"inLanguage":"nb-NO","potentialAction":[{"@type":"ReadAction","target":["https:\/\/www.normisjon.no\/strategi\/"]}]},{"@type":"ImageObject","inLanguage":"nb-NO","@id":"https:\/\/www.normisjon.no\/strategi\/#primaryimage","url":"https:\/\/www.normisjon.no\/content\/uploads\/sites\/17\/2023\/10\/Illustrasjonsbilder_Inga-Lill-._3-1024x683.jpg","contentUrl":"https:\/\/www.normisjon.no\/content\/uploads\/sites\/17\/2023\/10\/Illustrasjonsbilder_Inga-Lill-._3-1024x683.jpg"},{"@type":"BreadcrumbList","@id":"https:\/\/www.normisjon.no\/strategi\/#breadcrumb","itemListElement":[{"@type":"ListItem","position":1,"name":"Home","item":"https:\/\/www.normisjon.no\/strategi\/"},{"@type":"ListItem","position":2,"name":"Forside"}]},{"@type":"WebSite","@id":"https:\/\/www.normisjon.no\/strategi\/#website","url":"https:\/\/www.normisjon.no\/strategi\/","name":"Normisjon strategi","description":"","potentialAction":[{"@type":"SearchAction","target":{"@type":"EntryPoint","urlTemplate":"https:\/\/www.normisjon.no\/strategi\/?s={search_term_string}"},"query-input":{"@type":"PropertyValueSpecification","valueRequired":true,"valueName":"search_term_string"}}],"inLanguage":"nb-NO"}]}},"_links":{"self":[{"href":"https:\/\/www.normisjon.no\/strategi\/wp-json\/wp\/v2\/pages\/4","targetHints":{"allow":["GET"]}}],"collection":[{"href":"https:\/\/www.normisjon.no\/strategi\/wp-json\/wp\/v2\/pages"}],"about":[{"href":"https:\/\/www.normisjon.no\/strategi\/wp-json\/wp\/v2\/types\/page"}],"author":[{"embeddable":true,"href":"https:\/\/www.normisjon.no\/strategi\/wp-json\/wp\/v2\/users\/82"}],"replies":[{"embeddable":true,"href":"https:\/\/www.normisjon.no\/strategi\/wp-json\/wp\/v2\/comments?post=4"}],"version-history":[{"count":89,"href":"https:\/\/www.normisjon.no\/strategi\/wp-json\/wp\/v2\/pages\/4\/revisions"}],"predecessor-version":[{"id":1587,"href":"https:\/\/www.normisjon.no\/strategi\/wp-json\/wp\/v2\/pages\/4\/revisions\/1587"}],"wp:attachment":[{"href":"https:\/\/www.normisjon.no\/strategi\/wp-json\/wp\/v2\/media?parent=4"}],"curies":[{"name":"wp","href":"https:\/\/api.w.org\/{rel}","templated":true}]}}