{"id":128,"date":"2018-05-02T15:36:15","date_gmt":"2018-05-02T13:36:15","guid":{"rendered":"https:\/\/www.normisjon.no\/region-telemark\/?page_id=128"},"modified":"2023-10-05T13:42:41","modified_gmt":"2023-10-05T11:42:41","slug":"leirsteder","status":"publish","type":"page","link":"https:\/\/www.normisjon.no\/telemark\/leirsteder\/","title":{"rendered":"Leirsteder"},"content":{"rendered":"<div id=\"module-0\" class=\"hogan-module hogan-module-grid hogan-module-0 hogan-grid-has-theme hogan-grid-theme-gainsboro\"><div class=\"hogan-module-inner\"><div class=\"hogan-grid hogan-grid-text-center hogan-grid-size-dynamic\">\n\t<div class=\"hogan-grid-inner\">\n\t\t\t\t\t<div class=\"hogan-grid-item hogan-grid-item-size-small hogan-grid-item-type-page savage-has-image savage-has-heading\">\n\t\t\t\t<div class=\"hogan-grid-item-inner\">\n\t\t\t\t\t<div class=\"savage-card-image\">\n\t<div class=\"savage-card-image-inner\">\n\t\t<span class=\"savage-card-image-image\" style=\"background-image: url(https:\/\/www.normisjon.no\/content\/uploads\/sites\/20\/2018\/05\/DSCN3875-1-768x576.jpg);\"><\/span>\t<\/div>\n<\/div>\n\t\t<div class=\"savage-card-body\">\n\t\t\t<div class=\"savage-card-body-inner\">\n\t\t\t\t<h2 class=\"savage-card-heading\">Oks\u00f8ya Leirsted<\/h2>\t\t\t<\/div>\n\t\t<\/div>\n\t\t<a href=\"https:\/\/www.normisjon.no\/telemark\/oksoya\/\" class=\"savage-card-link\"><span class=\"screen-reader-text\">Read article &quot;Oks\u00f8ya Leirsted&quot;<\/span><\/a>\t\t\t\t<\/div>\n\t\t\t<\/div>\n\t\t\t\t\t\t<div class=\"hogan-grid-item hogan-grid-item-size-small hogan-grid-item-type-page savage-has-image savage-has-heading\">\n\t\t\t\t<div class=\"hogan-grid-item-inner\">\n\t\t\t\t\t<div class=\"savage-card-image\">\n\t<div class=\"savage-card-image-inner\">\n\t\t<span class=\"savage-card-image-image\" style=\"background-image: url(https:\/\/www.normisjon.no\/content\/uploads\/sites\/20\/2023\/09\/K-768x411.jpg);\"><\/span>\t<\/div>\n<\/div>\n\t\t<div class=\"savage-card-body\">\n\t\t\t<div class=\"savage-card-body-inner\">\n\t\t\t\t<h2 class=\"savage-card-heading\">Trovassli Leirsted<\/h2>\t\t\t<\/div>\n\t\t<\/div>\n\t\t<a href=\"https:\/\/www.normisjon.no\/telemark\/56-2\/\" class=\"savage-card-link\"><span class=\"screen-reader-text\">Read article &quot;Trovassli Leirsted&quot;<\/span><\/a>\t\t\t\t<\/div>\n\t\t\t<\/div>\n\t\t\t\t\t\t<div class=\"hogan-grid-item hogan-grid-item-size-small hogan-grid-item-type-page savage-has-image savage-has-heading\">\n\t\t\t\t<div class=\"hogan-grid-item-inner\">\n\t\t\t\t\t<div class=\"savage-card-image\">\n\t<div class=\"savage-card-image-inner\">\n\t\t<span class=\"savage-card-image-image\" style=\"background-image: url(https:\/\/www.normisjon.no\/content\/uploads\/sites\/20\/2023\/10\/14-2-768x576.jpg);\"><\/span>\t<\/div>\n<\/div>\n\t\t<div class=\"savage-card-body\">\n\t\t\t<div class=\"savage-card-body-inner\">\n\t\t\t\t<h2 class=\"savage-card-heading\">Leilighet p\u00e5 Trovassli Leirsted<\/h2>\t\t\t<\/div>\n\t\t<\/div>\n\t\t<a href=\"https:\/\/www.normisjon.no\/telemark\/leilighet-pa-trovassli-leirsted\/\" class=\"savage-card-link\"><span class=\"screen-reader-text\">Read article &quot;Leilighet p\u00e5 Trovassli Leirsted&quot;<\/span><\/a>\t\t\t\t<\/div>\n\t\t\t<\/div>\n\t\t\t\t<\/div>\n<\/div>\n<\/div><\/div>","protected":false},"excerpt":{"rendered":"<p>Oks\u00f8ya Leirsted Read article &quot;Oks\u00f8ya Leirsted&quot; Trovassli Leirsted Read article &quot;Trovassli Leirsted&quot; Leilighet p\u00e5 Trovassli Leirsted Read article &quot;Leilighet p\u00e5 Trovassli Leirsted&quot;<\/p>\n","protected":false},"author":30,"featured_media":0,"parent":0,"menu_order":0,"comment_status":"closed","ping_status":"closed","template":"","meta":{"_acf_changed":false,"footnotes":""},"class_list":["post-128","page","type-page","status-publish","hentry"],"acf":[],"yoast_head":"<!-- This site is optimized with the Yoast SEO plugin v25.9 - https:\/\/yoast.com\/wordpress\/plugins\/seo\/ -->\n<title>Leirsteder - Region Telemark<\/title>\n<meta name=\"robots\" content=\"index, follow, max-snippet:-1, max-image-preview:large, max-video-preview:-1\" \/>\n<link rel=\"canonical\" href=\"https:\/\/www.normisjon.no\/telemark\/leirsteder\/\" \/>\n<meta property=\"og:locale\" content=\"nb_NO\" \/>\n<meta property=\"og:type\" content=\"article\" \/>\n<meta property=\"og:title\" content=\"Leirsteder - Region Telemark\" \/>\n<meta property=\"og:description\" content=\"Oks\u00f8ya Leirsted Read article &quot;Oks\u00f8ya Leirsted&quot; Trovassli Leirsted Read article &quot;Trovassli Leirsted&quot; Leilighet p\u00e5 Trovassli Leirsted Read article &quot;Leilighet p\u00e5 Trovassli Leirsted&quot;\" \/>\n<meta property=\"og:url\" content=\"https:\/\/www.normisjon.no\/telemark\/leirsteder\/\" \/>\n<meta property=\"og:site_name\" content=\"Region Telemark\" \/>\n<meta property=\"article:modified_time\" content=\"2023-10-05T11:42:41+00:00\" \/>\n<meta name=\"twitter:card\" content=\"summary_large_image\" \/>\n<script type=\"application\/ld+json\" class=\"yoast-schema-graph\">{\"@context\":\"https:\/\/schema.org\",\"@graph\":[{\"@type\":\"WebPage\",\"@id\":\"https:\/\/www.normisjon.no\/telemark\/leirsteder\/\",\"url\":\"https:\/\/www.normisjon.no\/telemark\/leirsteder\/\",\"name\":\"Leirsteder - Region Telemark\",\"isPartOf\":{\"@id\":\"https:\/\/www.normisjon.no\/telemark\/#website\"},\"datePublished\":\"2018-05-02T13:36:15+00:00\",\"dateModified\":\"2023-10-05T11:42:41+00:00\",\"breadcrumb\":{\"@id\":\"https:\/\/www.normisjon.no\/telemark\/leirsteder\/#breadcrumb\"},\"inLanguage\":\"nb-NO\",\"potentialAction\":[{\"@type\":\"ReadAction\",\"target\":[\"https:\/\/www.normisjon.no\/telemark\/leirsteder\/\"]}]},{\"@type\":\"BreadcrumbList\",\"@id\":\"https:\/\/www.normisjon.no\/telemark\/leirsteder\/#breadcrumb\",\"itemListElement\":[{\"@type\":\"ListItem\",\"position\":1,\"name\":\"Home\",\"item\":\"https:\/\/www.normisjon.no\/telemark\/\"},{\"@type\":\"ListItem\",\"position\":2,\"name\":\"Leirsteder\"}]},{\"@type\":\"WebSite\",\"@id\":\"https:\/\/www.normisjon.no\/telemark\/#website\",\"url\":\"https:\/\/www.normisjon.no\/telemark\/\",\"name\":\"Region Telemark\",\"description\":\"Sammen er vi Normisjon\",\"potentialAction\":[{\"@type\":\"SearchAction\",\"target\":{\"@type\":\"EntryPoint\",\"urlTemplate\":\"https:\/\/www.normisjon.no\/telemark\/?s={search_term_string}\"},\"query-input\":{\"@type\":\"PropertyValueSpecification\",\"valueRequired\":true,\"valueName\":\"search_term_string\"}}],\"inLanguage\":\"nb-NO\"}]}<\/script>\n<!-- \/ Yoast SEO plugin. -->","yoast_head_json":{"title":"Leirsteder - Region Telemark","robots":{"index":"index","follow":"follow","max-snippet":"max-snippet:-1","max-image-preview":"max-image-preview:large","max-video-preview":"max-video-preview:-1"},"canonical":"https:\/\/www.normisjon.no\/telemark\/leirsteder\/","og_locale":"nb_NO","og_type":"article","og_title":"Leirsteder - Region Telemark","og_description":"Oks\u00f8ya Leirsted Read article &quot;Oks\u00f8ya Leirsted&quot; Trovassli Leirsted Read article &quot;Trovassli Leirsted&quot; Leilighet p\u00e5 Trovassli Leirsted Read article &quot;Leilighet p\u00e5 Trovassli Leirsted&quot;","og_url":"https:\/\/www.normisjon.no\/telemark\/leirsteder\/","og_site_name":"Region Telemark","article_modified_time":"2023-10-05T11:42:41+00:00","twitter_card":"summary_large_image","schema":{"@context":"https:\/\/schema.org","@graph":[{"@type":"WebPage","@id":"https:\/\/www.normisjon.no\/telemark\/leirsteder\/","url":"https:\/\/www.normisjon.no\/telemark\/leirsteder\/","name":"Leirsteder - Region Telemark","isPartOf":{"@id":"https:\/\/www.normisjon.no\/telemark\/#website"},"datePublished":"2018-05-02T13:36:15+00:00","dateModified":"2023-10-05T11:42:41+00:00","breadcrumb":{"@id":"https:\/\/www.normisjon.no\/telemark\/leirsteder\/#breadcrumb"},"inLanguage":"nb-NO","potentialAction":[{"@type":"ReadAction","target":["https:\/\/www.normisjon.no\/telemark\/leirsteder\/"]}]},{"@type":"BreadcrumbList","@id":"https:\/\/www.normisjon.no\/telemark\/leirsteder\/#breadcrumb","itemListElement":[{"@type":"ListItem","position":1,"name":"Home","item":"https:\/\/www.normisjon.no\/telemark\/"},{"@type":"ListItem","position":2,"name":"Leirsteder"}]},{"@type":"WebSite","@id":"https:\/\/www.normisjon.no\/telemark\/#website","url":"https:\/\/www.normisjon.no\/telemark\/","name":"Region Telemark","description":"Sammen er vi Normisjon","potentialAction":[{"@type":"SearchAction","target":{"@type":"EntryPoint","urlTemplate":"https:\/\/www.normisjon.no\/telemark\/?s={search_term_string}"},"query-input":{"@type":"PropertyValueSpecification","valueRequired":true,"valueName":"search_term_string"}}],"inLanguage":"nb-NO"}]}},"_links":{"self":[{"href":"https:\/\/www.normisjon.no\/telemark\/wp-json\/wp\/v2\/pages\/128","targetHints":{"allow":["GET"]}}],"collection":[{"href":"https:\/\/www.normisjon.no\/telemark\/wp-json\/wp\/v2\/pages"}],"about":[{"href":"https:\/\/www.normisjon.no\/telemark\/wp-json\/wp\/v2\/types\/page"}],"author":[{"embeddable":true,"href":"https:\/\/www.normisjon.no\/telemark\/wp-json\/wp\/v2\/users\/30"}],"replies":[{"embeddable":true,"href":"https:\/\/www.normisjon.no\/telemark\/wp-json\/wp\/v2\/comments?post=128"}],"version-history":[{"count":6,"href":"https:\/\/www.normisjon.no\/telemark\/wp-json\/wp\/v2\/pages\/128\/revisions"}],"predecessor-version":[{"id":2821,"href":"https:\/\/www.normisjon.no\/telemark\/wp-json\/wp\/v2\/pages\/128\/revisions\/2821"}],"wp:attachment":[{"href":"https:\/\/www.normisjon.no\/telemark\/wp-json\/wp\/v2\/media?parent=128"}],"curies":[{"name":"wp","href":"https:\/\/api.w.org\/{rel}","templated":true}]}}