{"id":1283,"date":"2020-05-25T11:17:55","date_gmt":"2020-05-25T09:17:55","guid":{"rendered":"https:\/\/www.normisjon.no\/telemark\/?page_id=1283"},"modified":"2020-05-25T13:45:50","modified_gmt":"2020-05-25T11:45:50","slug":"1283-2","status":"publish","type":"page","link":"https:\/\/www.normisjon.no\/telemark\/1283-2\/","title":{"rendered":"Bedehusjakten 2020"},"content":{"rendered":"<div id=\"module-0\" class=\"hogan-module hogan-module-image hogan-module-0 hogan-image-size-large\"><div class=\"hogan-module-inner\"><figure class=\"wp-caption size-large\"><img loading=\"lazy\" decoding=\"async\" width=\"1024\" height=\"219\" src=\"https:\/\/www.normisjon.no\/content\/uploads\/sites\/20\/2020\/05\/Bedehusjakten2407-1024x219.png\" class=\"attachment-large size-large\" alt=\"\" srcset=\"https:\/\/www.normisjon.no\/content\/uploads\/sites\/20\/2020\/05\/Bedehusjakten2407-1024x219.png 1024w, https:\/\/www.normisjon.no\/content\/uploads\/sites\/20\/2020\/05\/Bedehusjakten2407-300x64.png 300w, https:\/\/www.normisjon.no\/content\/uploads\/sites\/20\/2020\/05\/Bedehusjakten2407-768x164.png 768w, https:\/\/www.normisjon.no\/content\/uploads\/sites\/20\/2020\/05\/Bedehusjakten2407-1360x291.png 1360w, https:\/\/www.normisjon.no\/content\/uploads\/sites\/20\/2020\/05\/Bedehusjakten2407-960x205.png 960w, https:\/\/www.normisjon.no\/content\/uploads\/sites\/20\/2020\/05\/Bedehusjakten2407.png 1811w\" sizes=\"auto, (max-width: 1024px) 100vw, 1024px\" \/><\/figure><\/div><\/div><div id=\"module-1\" class=\"hogan-module hogan-module-grid hogan-module-1\"><div class=\"hogan-module-inner\"><div class=\"hogan-grid hogan-grid-text-center hogan-grid-size-dynamic\">\n\t<div class=\"hogan-grid-inner\">\n\t\t\t\t\t<div class=\"hogan-grid-item hogan-grid-item-size-small hogan-grid-item-type-savage_custom_card savage-has-image savage-has-background savage-bg-default savage-has-heading\">\n\t\t\t\t<div class=\"hogan-grid-item-inner\">\n\t\t\t\t\t<div class=\"savage-card-image\">\n\t<div class=\"savage-card-image-inner\">\n\t\t<span class=\"savage-card-image-image\" style=\"background-image: url(https:\/\/www.normisjon.no\/content\/uploads\/sites\/20\/2020\/05\/pin-768x1186.png);\"><\/span>\t<\/div>\n<\/div>\n\t\t<div class=\"savage-card-body\">\n\t\t\t<div class=\"savage-card-body-inner\">\n\t\t\t\t<h2 class=\"savage-card-heading\">Bedehusjakten &#8211; info og p\u00e5melding<\/h2>\t\t\t<\/div>\n\t\t<\/div>\n\t\t<a href=\"https:\/\/www.normisjon.no\/telemark\/bedehusjakten-info-pamelding\/\" class=\"savage-card-link\"><span class=\"screen-reader-text\">Read article &quot;Bedehusjakten &#8211; info og p\u00e5melding&quot;<\/span><\/a>\t\t\t\t<\/div>\n\t\t\t<\/div>\n\t\t\t\t\t\t<div class=\"hogan-grid-item hogan-grid-item-size-small hogan-grid-item-type-savage_custom_card savage-has-image savage-has-background savage-bg-default savage-has-heading\">\n\t\t\t\t<div class=\"hogan-grid-item-inner\">\n\t\t\t\t\t<div class=\"savage-card-image\">\n\t<div class=\"savage-card-image-inner\">\n\t\t<span class=\"savage-card-image-image\" style=\"background-image: url(https:\/\/www.normisjon.no\/content\/uploads\/sites\/20\/2018\/06\/haugesminde-768x431.jpg);\"><\/span>\t<\/div>\n<\/div>\n\t\t<div class=\"savage-card-body\">\n\t\t\t<div class=\"savage-card-body-inner\">\n\t\t\t\t<h2 class=\"savage-card-heading\">Hvilke bedehus er med?<\/h2>\t\t\t<\/div>\n\t\t<\/div>\n\t\t<a href=\"https:\/\/www.normisjon.no\/telemark\/bedehus-i-alfabetisk-rekkefolge\/\" class=\"savage-card-link\"><span class=\"screen-reader-text\">Read article &quot;Bedehus i alfabetisk rekkef\u00f8lge&quot;<\/span><\/a>\t\t\t\t<\/div>\n\t\t\t<\/div>\n\t\t\t\t\t\t<div class=\"hogan-grid-item hogan-grid-item-size-small hogan-grid-item-type-savage_custom_card savage-has-image savage-has-background savage-bg-default savage-has-heading\">\n\t\t\t\t<div class=\"hogan-grid-item-inner\">\n\t\t\t\t\t<div class=\"savage-card-image\">\n\t<div class=\"savage-card-image-inner\">\n\t\t<span class=\"savage-card-image-image\" style=\"background-image: url(https:\/\/www.normisjon.no\/content\/uploads\/sites\/20\/2020\/05\/blomster-768x512.jpg);\"><\/span>\t<\/div>\n<\/div>\n\t\t<div class=\"savage-card-body\">\n\t\t\t<div class=\"savage-card-body-inner\">\n\t\t\t\t<h2 class=\"savage-card-heading\">Gave til arbeidet<\/h2>\t\t\t<\/div>\n\t\t<\/div>\n\t\t<a href=\"https:\/\/www.normisjon.no\/telemark\/bedehusjakten-gave-til-arbeidet\/\" class=\"savage-card-link\"><span class=\"screen-reader-text\">Read article &quot;Bedehusjakten &#8211; gave til arbeidet&quot;<\/span><\/a>\t\t\t\t<\/div>\n\t\t\t<\/div>\n\t\t\t\t<\/div>\n<\/div>\n<\/div><\/div><div id=\"module-2\" class=\"hogan-module hogan-module-text hogan-module-2\"><div class=\"hogan-module-inner\"><p><strong>Kart over bedehusene:<\/strong><\/p>\n<p><iframe loading=\"lazy\" src=\"\/\/umap.openstreetmap.fr\/no\/map\/bedehusjakten_454060?scaleControl=false&amp;miniMap=false&amp;scrollWheelZoom=false&amp;zoomControl=true&amp;allowEdit=false&amp;moreControl=false&amp;searchControl=null&amp;tilelayersControl=null&amp;embedControl=null&amp;datalayersControl=false&amp;onLoadPanel=undefined&amp;captionBar=false\" width=\"100%\" height=\"540\" frameborder=\"0\" allowfullscreen=\"allowfullscreen\"><\/iframe><\/p>\n<p><a href=\"\/\/umap.openstreetmap.fr\/no\/map\/bedehusjakten_454060\">See full screen<\/a><\/p><\/div><\/div>","protected":false},"excerpt":{"rendered":"<p>Bedehusjakten &#8211; info og p\u00e5melding Read article &quot;Bedehusjakten &#8211; info og p\u00e5melding&quot; Hvilke bedehus er med? Read article &quot;Bedehus i alfabetisk rekkef\u00f8lge&quot; Gave til arbeidet [&hellip;]<\/p>\n","protected":false},"author":30,"featured_media":0,"parent":0,"menu_order":0,"comment_status":"closed","ping_status":"closed","template":"","meta":{"_acf_changed":false,"footnotes":""},"class_list":["post-1283","page","type-page","status-publish","hentry"],"acf":[],"yoast_head":"<!-- This site is optimized with the Yoast SEO plugin v25.9 - https:\/\/yoast.com\/wordpress\/plugins\/seo\/ -->\n<title>Bedehusjakten 2020 - Region Telemark<\/title>\n<meta name=\"robots\" content=\"index, follow, max-snippet:-1, max-image-preview:large, max-video-preview:-1\" \/>\n<link rel=\"canonical\" href=\"https:\/\/www.normisjon.no\/telemark\/1283-2\/\" \/>\n<meta property=\"og:locale\" content=\"nb_NO\" \/>\n<meta property=\"og:type\" content=\"article\" \/>\n<meta property=\"og:title\" content=\"Bedehusjakten 2020 - Region Telemark\" \/>\n<meta property=\"og:description\" content=\"Bedehusjakten &#8211; info og p\u00e5melding Read article &quot;Bedehusjakten &#8211; info og p\u00e5melding&quot; Hvilke bedehus er med? Read article &quot;Bedehus i alfabetisk rekkef\u00f8lge&quot; Gave til arbeidet [&hellip;]\" \/>\n<meta property=\"og:url\" content=\"https:\/\/www.normisjon.no\/telemark\/1283-2\/\" \/>\n<meta property=\"og:site_name\" content=\"Region Telemark\" \/>\n<meta property=\"article:modified_time\" content=\"2020-05-25T11:45:50+00:00\" \/>\n<meta name=\"twitter:card\" content=\"summary_large_image\" \/>\n<script type=\"application\/ld+json\" class=\"yoast-schema-graph\">{\"@context\":\"https:\/\/schema.org\",\"@graph\":[{\"@type\":\"WebPage\",\"@id\":\"https:\/\/www.normisjon.no\/telemark\/1283-2\/\",\"url\":\"https:\/\/www.normisjon.no\/telemark\/1283-2\/\",\"name\":\"Bedehusjakten 2020 - Region Telemark\",\"isPartOf\":{\"@id\":\"https:\/\/www.normisjon.no\/telemark\/#website\"},\"datePublished\":\"2020-05-25T09:17:55+00:00\",\"dateModified\":\"2020-05-25T11:45:50+00:00\",\"breadcrumb\":{\"@id\":\"https:\/\/www.normisjon.no\/telemark\/1283-2\/#breadcrumb\"},\"inLanguage\":\"nb-NO\",\"potentialAction\":[{\"@type\":\"ReadAction\",\"target\":[\"https:\/\/www.normisjon.no\/telemark\/1283-2\/\"]}]},{\"@type\":\"BreadcrumbList\",\"@id\":\"https:\/\/www.normisjon.no\/telemark\/1283-2\/#breadcrumb\",\"itemListElement\":[{\"@type\":\"ListItem\",\"position\":1,\"name\":\"Home\",\"item\":\"https:\/\/www.normisjon.no\/telemark\/\"},{\"@type\":\"ListItem\",\"position\":2,\"name\":\"Bedehusjakten 2020\"}]},{\"@type\":\"WebSite\",\"@id\":\"https:\/\/www.normisjon.no\/telemark\/#website\",\"url\":\"https:\/\/www.normisjon.no\/telemark\/\",\"name\":\"Region Telemark\",\"description\":\"Sammen er vi Normisjon\",\"potentialAction\":[{\"@type\":\"SearchAction\",\"target\":{\"@type\":\"EntryPoint\",\"urlTemplate\":\"https:\/\/www.normisjon.no\/telemark\/?s={search_term_string}\"},\"query-input\":{\"@type\":\"PropertyValueSpecification\",\"valueRequired\":true,\"valueName\":\"search_term_string\"}}],\"inLanguage\":\"nb-NO\"}]}<\/script>\n<!-- \/ Yoast SEO plugin. -->","yoast_head_json":{"title":"Bedehusjakten 2020 - Region Telemark","robots":{"index":"index","follow":"follow","max-snippet":"max-snippet:-1","max-image-preview":"max-image-preview:large","max-video-preview":"max-video-preview:-1"},"canonical":"https:\/\/www.normisjon.no\/telemark\/1283-2\/","og_locale":"nb_NO","og_type":"article","og_title":"Bedehusjakten 2020 - Region Telemark","og_description":"Bedehusjakten &#8211; info og p\u00e5melding Read article &quot;Bedehusjakten &#8211; info og p\u00e5melding&quot; Hvilke bedehus er med? Read article &quot;Bedehus i alfabetisk rekkef\u00f8lge&quot; Gave til arbeidet [&hellip;]","og_url":"https:\/\/www.normisjon.no\/telemark\/1283-2\/","og_site_name":"Region Telemark","article_modified_time":"2020-05-25T11:45:50+00:00","twitter_card":"summary_large_image","schema":{"@context":"https:\/\/schema.org","@graph":[{"@type":"WebPage","@id":"https:\/\/www.normisjon.no\/telemark\/1283-2\/","url":"https:\/\/www.normisjon.no\/telemark\/1283-2\/","name":"Bedehusjakten 2020 - Region Telemark","isPartOf":{"@id":"https:\/\/www.normisjon.no\/telemark\/#website"},"datePublished":"2020-05-25T09:17:55+00:00","dateModified":"2020-05-25T11:45:50+00:00","breadcrumb":{"@id":"https:\/\/www.normisjon.no\/telemark\/1283-2\/#breadcrumb"},"inLanguage":"nb-NO","potentialAction":[{"@type":"ReadAction","target":["https:\/\/www.normisjon.no\/telemark\/1283-2\/"]}]},{"@type":"BreadcrumbList","@id":"https:\/\/www.normisjon.no\/telemark\/1283-2\/#breadcrumb","itemListElement":[{"@type":"ListItem","position":1,"name":"Home","item":"https:\/\/www.normisjon.no\/telemark\/"},{"@type":"ListItem","position":2,"name":"Bedehusjakten 2020"}]},{"@type":"WebSite","@id":"https:\/\/www.normisjon.no\/telemark\/#website","url":"https:\/\/www.normisjon.no\/telemark\/","name":"Region Telemark","description":"Sammen er vi Normisjon","potentialAction":[{"@type":"SearchAction","target":{"@type":"EntryPoint","urlTemplate":"https:\/\/www.normisjon.no\/telemark\/?s={search_term_string}"},"query-input":{"@type":"PropertyValueSpecification","valueRequired":true,"valueName":"search_term_string"}}],"inLanguage":"nb-NO"}]}},"_links":{"self":[{"href":"https:\/\/www.normisjon.no\/telemark\/wp-json\/wp\/v2\/pages\/1283","targetHints":{"allow":["GET"]}}],"collection":[{"href":"https:\/\/www.normisjon.no\/telemark\/wp-json\/wp\/v2\/pages"}],"about":[{"href":"https:\/\/www.normisjon.no\/telemark\/wp-json\/wp\/v2\/types\/page"}],"author":[{"embeddable":true,"href":"https:\/\/www.normisjon.no\/telemark\/wp-json\/wp\/v2\/users\/30"}],"replies":[{"embeddable":true,"href":"https:\/\/www.normisjon.no\/telemark\/wp-json\/wp\/v2\/comments?post=1283"}],"version-history":[{"count":3,"href":"https:\/\/www.normisjon.no\/telemark\/wp-json\/wp\/v2\/pages\/1283\/revisions"}],"predecessor-version":[{"id":1358,"href":"https:\/\/www.normisjon.no\/telemark\/wp-json\/wp\/v2\/pages\/1283\/revisions\/1358"}],"wp:attachment":[{"href":"https:\/\/www.normisjon.no\/telemark\/wp-json\/wp\/v2\/media?parent=1283"}],"curies":[{"name":"wp","href":"https:\/\/api.w.org\/{rel}","templated":true}]}}