{"id":1285,"date":"2020-05-25T11:15:37","date_gmt":"2020-05-25T09:15:37","guid":{"rendered":"https:\/\/www.normisjon.no\/telemark\/?page_id=1285"},"modified":"2020-05-25T12:07:03","modified_gmt":"2020-05-25T10:07:03","slug":"bedehusjakten-info-pamelding","status":"publish","type":"page","link":"https:\/\/www.normisjon.no\/telemark\/bedehusjakten-info-pamelding\/","title":{"rendered":"Bedehusjakten &#8211; info og p\u00e5melding"},"content":{"rendered":"<div id=\"module-0\" class=\"hogan-module hogan-module-text hogan-module-0\"><div class=\"hogan-module-inner\"><p><strong>Bli med p\u00e5 bedehusjakt i sommer!<\/strong><\/p>\n<p>Det finnes mange Normisjonsbedehus i region Telemark og VeBu. N\u00e5 kan du v\u00e6re med i konkurransen om \u00e5 finne flest bedehus samtidig som du kan bes\u00f8ke turomr\u00e5der og severdigheter i omr\u00e5dene rundt.<\/p>\n<p><strong>Alle generasjoner<\/strong> kan v\u00e6re med og det blir premiering i f\u00f8lgende klasser:<br \/>\nBarn: 0-14 \u00e5r, Ungdom\/student: 15-25 \u00e5r og Voksen 26+.<br \/>\nDet blir premie for flest bes\u00f8kte bedehus i tillegg til at det trekkes vinnere blant alle som har deltatt. Antall poeng samlet, gir samme antall lodd i trekningen.<\/p>\n<p><strong>Deltageravgiften<\/strong> er h.h.v. 25, 50 og 150 kr.<\/p>\n<p><strong>Reglene er enkle:<\/strong><br \/>\n\u2022 Du melder deg p\u00e5 og f\u00e5r tilsendt et deltagernummer p\u00e5 e-post.<br \/>\n\u2022 I kartet p\u00e5 forrige side finner du oversikt over alle bedehusene som er med. Du kan ogs\u00e5 se alfabetisk oversikt over bedehusene der. For hvert sted, er det satt opp forslag til opplevelser i n\u00e6romr\u00e5det<br \/>\n\u2022 P\u00e5 hvert bedehus henger en plakat med litt lokal informasjon.<br \/>\n\u2022 Du samler poeng for hvert bedehus, poengene varierer mellom 1-3 p\u00e5 hvert sted.<br \/>\n\u2022 N\u00e5r du har funnet et bedehus, tar du et bilde av bedehuset (gjerne med plakaten) eller en selfie av deg\/dere foran bedehuset. Bildet sendes som melding til 406 03 097.<br \/>\n\u2022 Konkurransen starter 1. juni og avsluttes 31. august.<br \/>\n\u2022 Premieringen skjer i september.<\/p>\n<p><a href=\"https:\/\/www.checkin.no\/event\/23363\/bedehusjakten-2020\">Meld deg p\u00e5 her!<\/a><\/p><\/div><\/div><div id=\"module-1\" class=\"hogan-module hogan-module-image hogan-module-1 hogan-image-size-large\"><div class=\"hogan-module-inner\"><figure class=\"wp-caption size-large\"><img loading=\"lazy\" decoding=\"async\" width=\"1024\" height=\"219\" src=\"https:\/\/www.normisjon.no\/content\/uploads\/sites\/20\/2020\/05\/Bedehusjakten2407-1024x219.png\" class=\"attachment-large size-large\" alt=\"\" srcset=\"https:\/\/www.normisjon.no\/content\/uploads\/sites\/20\/2020\/05\/Bedehusjakten2407-1024x219.png 1024w, https:\/\/www.normisjon.no\/content\/uploads\/sites\/20\/2020\/05\/Bedehusjakten2407-300x64.png 300w, https:\/\/www.normisjon.no\/content\/uploads\/sites\/20\/2020\/05\/Bedehusjakten2407-768x164.png 768w, https:\/\/www.normisjon.no\/content\/uploads\/sites\/20\/2020\/05\/Bedehusjakten2407-1360x291.png 1360w, https:\/\/www.normisjon.no\/content\/uploads\/sites\/20\/2020\/05\/Bedehusjakten2407-960x205.png 960w, https:\/\/www.normisjon.no\/content\/uploads\/sites\/20\/2020\/05\/Bedehusjakten2407.png 1811w\" sizes=\"auto, (max-width: 1024px) 100vw, 1024px\" \/><\/figure><\/div><\/div>","protected":false},"excerpt":{"rendered":"<p>Bli med p\u00e5 bedehusjakt i sommer! Det finnes mange Normisjonsbedehus i region Telemark og VeBu. N\u00e5 kan du v\u00e6re med i konkurransen om \u00e5 finne [&hellip;]<\/p>\n","protected":false},"author":30,"featured_media":1286,"parent":0,"menu_order":0,"comment_status":"closed","ping_status":"closed","template":"","meta":{"_acf_changed":false,"footnotes":""},"class_list":["post-1285","page","type-page","status-publish","has-post-thumbnail","hentry"],"acf":[],"yoast_head":"<!-- This site is optimized with the Yoast SEO plugin v25.9 - https:\/\/yoast.com\/wordpress\/plugins\/seo\/ -->\n<title>Bedehusjakten - info og p\u00e5melding - Region Telemark<\/title>\n<meta name=\"robots\" content=\"index, follow, max-snippet:-1, max-image-preview:large, max-video-preview:-1\" \/>\n<link rel=\"canonical\" href=\"https:\/\/www.normisjon.no\/telemark\/bedehusjakten-info-pamelding\/\" \/>\n<meta property=\"og:locale\" content=\"nb_NO\" \/>\n<meta property=\"og:type\" content=\"article\" \/>\n<meta property=\"og:title\" content=\"Bedehusjakten - info og p\u00e5melding - Region Telemark\" \/>\n<meta property=\"og:description\" content=\"Bli med p\u00e5 bedehusjakt i sommer! Det finnes mange Normisjonsbedehus i region Telemark og VeBu. N\u00e5 kan du v\u00e6re med i konkurransen om \u00e5 finne [&hellip;]\" \/>\n<meta property=\"og:url\" content=\"https:\/\/www.normisjon.no\/telemark\/bedehusjakten-info-pamelding\/\" \/>\n<meta property=\"og:site_name\" content=\"Region Telemark\" \/>\n<meta property=\"article:modified_time\" content=\"2020-05-25T10:07:03+00:00\" \/>\n<meta property=\"og:image\" content=\"https:\/\/www.normisjon.no\/content\/uploads\/sites\/20\/2020\/05\/pin-e1590401465521.png\" \/>\n\t<meta property=\"og:image:width\" content=\"900\" \/>\n\t<meta property=\"og:image:height\" content=\"1390\" \/>\n\t<meta property=\"og:image:type\" content=\"image\/png\" \/>\n<meta name=\"twitter:card\" content=\"summary_large_image\" \/>\n<script type=\"application\/ld+json\" class=\"yoast-schema-graph\">{\"@context\":\"https:\/\/schema.org\",\"@graph\":[{\"@type\":\"WebPage\",\"@id\":\"https:\/\/www.normisjon.no\/telemark\/bedehusjakten-info-pamelding\/\",\"url\":\"https:\/\/www.normisjon.no\/telemark\/bedehusjakten-info-pamelding\/\",\"name\":\"Bedehusjakten - info og p\u00e5melding - Region Telemark\",\"isPartOf\":{\"@id\":\"https:\/\/www.normisjon.no\/telemark\/#website\"},\"primaryImageOfPage\":{\"@id\":\"https:\/\/www.normisjon.no\/telemark\/bedehusjakten-info-pamelding\/#primaryimage\"},\"image\":{\"@id\":\"https:\/\/www.normisjon.no\/telemark\/bedehusjakten-info-pamelding\/#primaryimage\"},\"thumbnailUrl\":\"https:\/\/www.normisjon.no\/content\/uploads\/sites\/20\/2020\/05\/pin-e1590401465521.png\",\"datePublished\":\"2020-05-25T09:15:37+00:00\",\"dateModified\":\"2020-05-25T10:07:03+00:00\",\"breadcrumb\":{\"@id\":\"https:\/\/www.normisjon.no\/telemark\/bedehusjakten-info-pamelding\/#breadcrumb\"},\"inLanguage\":\"nb-NO\",\"potentialAction\":[{\"@type\":\"ReadAction\",\"target\":[\"https:\/\/www.normisjon.no\/telemark\/bedehusjakten-info-pamelding\/\"]}]},{\"@type\":\"ImageObject\",\"inLanguage\":\"nb-NO\",\"@id\":\"https:\/\/www.normisjon.no\/telemark\/bedehusjakten-info-pamelding\/#primaryimage\",\"url\":\"https:\/\/www.normisjon.no\/content\/uploads\/sites\/20\/2020\/05\/pin-e1590401465521.png\",\"contentUrl\":\"https:\/\/www.normisjon.no\/content\/uploads\/sites\/20\/2020\/05\/pin-e1590401465521.png\",\"width\":900,\"height\":1390},{\"@type\":\"BreadcrumbList\",\"@id\":\"https:\/\/www.normisjon.no\/telemark\/bedehusjakten-info-pamelding\/#breadcrumb\",\"itemListElement\":[{\"@type\":\"ListItem\",\"position\":1,\"name\":\"Home\",\"item\":\"https:\/\/www.normisjon.no\/telemark\/\"},{\"@type\":\"ListItem\",\"position\":2,\"name\":\"Bedehusjakten &#8211; info og p\u00e5melding\"}]},{\"@type\":\"WebSite\",\"@id\":\"https:\/\/www.normisjon.no\/telemark\/#website\",\"url\":\"https:\/\/www.normisjon.no\/telemark\/\",\"name\":\"Region Telemark\",\"description\":\"Sammen er vi Normisjon\",\"potentialAction\":[{\"@type\":\"SearchAction\",\"target\":{\"@type\":\"EntryPoint\",\"urlTemplate\":\"https:\/\/www.normisjon.no\/telemark\/?s={search_term_string}\"},\"query-input\":{\"@type\":\"PropertyValueSpecification\",\"valueRequired\":true,\"valueName\":\"search_term_string\"}}],\"inLanguage\":\"nb-NO\"}]}<\/script>\n<!-- \/ Yoast SEO plugin. -->","yoast_head_json":{"title":"Bedehusjakten - info og p\u00e5melding - Region Telemark","robots":{"index":"index","follow":"follow","max-snippet":"max-snippet:-1","max-image-preview":"max-image-preview:large","max-video-preview":"max-video-preview:-1"},"canonical":"https:\/\/www.normisjon.no\/telemark\/bedehusjakten-info-pamelding\/","og_locale":"nb_NO","og_type":"article","og_title":"Bedehusjakten - info og p\u00e5melding - Region Telemark","og_description":"Bli med p\u00e5 bedehusjakt i sommer! Det finnes mange Normisjonsbedehus i region Telemark og VeBu. N\u00e5 kan du v\u00e6re med i konkurransen om \u00e5 finne [&hellip;]","og_url":"https:\/\/www.normisjon.no\/telemark\/bedehusjakten-info-pamelding\/","og_site_name":"Region Telemark","article_modified_time":"2020-05-25T10:07:03+00:00","og_image":[{"width":900,"height":1390,"url":"https:\/\/www.normisjon.no\/content\/uploads\/sites\/20\/2020\/05\/pin-e1590401465521.png","type":"image\/png"}],"twitter_card":"summary_large_image","schema":{"@context":"https:\/\/schema.org","@graph":[{"@type":"WebPage","@id":"https:\/\/www.normisjon.no\/telemark\/bedehusjakten-info-pamelding\/","url":"https:\/\/www.normisjon.no\/telemark\/bedehusjakten-info-pamelding\/","name":"Bedehusjakten - info og p\u00e5melding - Region Telemark","isPartOf":{"@id":"https:\/\/www.normisjon.no\/telemark\/#website"},"primaryImageOfPage":{"@id":"https:\/\/www.normisjon.no\/telemark\/bedehusjakten-info-pamelding\/#primaryimage"},"image":{"@id":"https:\/\/www.normisjon.no\/telemark\/bedehusjakten-info-pamelding\/#primaryimage"},"thumbnailUrl":"https:\/\/www.normisjon.no\/content\/uploads\/sites\/20\/2020\/05\/pin-e1590401465521.png","datePublished":"2020-05-25T09:15:37+00:00","dateModified":"2020-05-25T10:07:03+00:00","breadcrumb":{"@id":"https:\/\/www.normisjon.no\/telemark\/bedehusjakten-info-pamelding\/#breadcrumb"},"inLanguage":"nb-NO","potentialAction":[{"@type":"ReadAction","target":["https:\/\/www.normisjon.no\/telemark\/bedehusjakten-info-pamelding\/"]}]},{"@type":"ImageObject","inLanguage":"nb-NO","@id":"https:\/\/www.normisjon.no\/telemark\/bedehusjakten-info-pamelding\/#primaryimage","url":"https:\/\/www.normisjon.no\/content\/uploads\/sites\/20\/2020\/05\/pin-e1590401465521.png","contentUrl":"https:\/\/www.normisjon.no\/content\/uploads\/sites\/20\/2020\/05\/pin-e1590401465521.png","width":900,"height":1390},{"@type":"BreadcrumbList","@id":"https:\/\/www.normisjon.no\/telemark\/bedehusjakten-info-pamelding\/#breadcrumb","itemListElement":[{"@type":"ListItem","position":1,"name":"Home","item":"https:\/\/www.normisjon.no\/telemark\/"},{"@type":"ListItem","position":2,"name":"Bedehusjakten &#8211; info og p\u00e5melding"}]},{"@type":"WebSite","@id":"https:\/\/www.normisjon.no\/telemark\/#website","url":"https:\/\/www.normisjon.no\/telemark\/","name":"Region Telemark","description":"Sammen er vi Normisjon","potentialAction":[{"@type":"SearchAction","target":{"@type":"EntryPoint","urlTemplate":"https:\/\/www.normisjon.no\/telemark\/?s={search_term_string}"},"query-input":{"@type":"PropertyValueSpecification","valueRequired":true,"valueName":"search_term_string"}}],"inLanguage":"nb-NO"}]}},"_links":{"self":[{"href":"https:\/\/www.normisjon.no\/telemark\/wp-json\/wp\/v2\/pages\/1285","targetHints":{"allow":["GET"]}}],"collection":[{"href":"https:\/\/www.normisjon.no\/telemark\/wp-json\/wp\/v2\/pages"}],"about":[{"href":"https:\/\/www.normisjon.no\/telemark\/wp-json\/wp\/v2\/types\/page"}],"author":[{"embeddable":true,"href":"https:\/\/www.normisjon.no\/telemark\/wp-json\/wp\/v2\/users\/30"}],"replies":[{"embeddable":true,"href":"https:\/\/www.normisjon.no\/telemark\/wp-json\/wp\/v2\/comments?post=1285"}],"version-history":[{"count":3,"href":"https:\/\/www.normisjon.no\/telemark\/wp-json\/wp\/v2\/pages\/1285\/revisions"}],"predecessor-version":[{"id":1313,"href":"https:\/\/www.normisjon.no\/telemark\/wp-json\/wp\/v2\/pages\/1285\/revisions\/1313"}],"wp:featuredmedia":[{"embeddable":true,"href":"https:\/\/www.normisjon.no\/telemark\/wp-json\/wp\/v2\/media\/1286"}],"wp:attachment":[{"href":"https:\/\/www.normisjon.no\/telemark\/wp-json\/wp\/v2\/media?parent=1285"}],"curies":[{"name":"wp","href":"https:\/\/api.w.org\/{rel}","templated":true}]}}