{"id":2836,"date":"2023-10-11T10:39:28","date_gmt":"2023-10-11T08:39:28","guid":{"rendered":"https:\/\/www.normisjon.no\/telemark\/?page_id=2836"},"modified":"2023-10-11T10:45:50","modified_gmt":"2023-10-11T08:45:50","slug":"trovasslistevnet-2024","status":"publish","type":"page","link":"https:\/\/www.normisjon.no\/telemark\/trovasslistevnet-2024\/","title":{"rendered":"Trovasslistevnet 2024"},"content":{"rendered":"<div class=\"entry-content alignfull wp-block-post-content has-global-padding is-layout-constrained wp-block-post-content-is-layout-constrained\">\n<figure class=\"wp-block-image size-large\"><img loading=\"lazy\" decoding=\"async\" width=\"1024\" height=\"548\" src=\"https:\/\/www.normisjon.no\/content\/uploads\/sites\/20\/2023\/10\/K-1-1024x548.jpg\" alt=\"\" class=\"wp-image-2837\" srcset=\"https:\/\/www.normisjon.no\/content\/uploads\/sites\/20\/2023\/10\/K-1-1024x548.jpg 1024w, https:\/\/www.normisjon.no\/content\/uploads\/sites\/20\/2023\/10\/K-1-300x161.jpg 300w, https:\/\/www.normisjon.no\/content\/uploads\/sites\/20\/2023\/10\/K-1-768x411.jpg 768w, https:\/\/www.normisjon.no\/content\/uploads\/sites\/20\/2023\/10\/K-1-1536x822.jpg 1536w, https:\/\/www.normisjon.no\/content\/uploads\/sites\/20\/2023\/10\/K-1-1360x728.jpg 1360w, https:\/\/www.normisjon.no\/content\/uploads\/sites\/20\/2023\/10\/K-1-960x514.jpg 960w, https:\/\/www.normisjon.no\/content\/uploads\/sites\/20\/2023\/10\/K-1.jpg 1557w\" sizes=\"auto, (max-width: 1024px) 100vw, 1024px\" \/><\/figure>\n\n\n\n<p><\/p>\n<\/div><div id=\"module-0\" class=\"hogan-module hogan-module-text hogan-module-0\"><div class=\"hogan-module-inner\"><p>Hold av dagen allerede n\u00e5!<\/p>\n<p>S\u00f8ndag 18. august 2024 er du hjertelig velkommen p\u00e5 Trovasslistevnet.<\/p>\n<p>&nbsp;<\/p>\n<p><strong>TROVASSLI 50 \u00c5R!<\/strong><\/p>\n<p>Trovassli Leirsted fyller 50 \u00e5r i 2024, og dette markerer vi p\u00e5 Trovasslistevnet.<\/p>\n<p>S\u00e5 hold av dagen! Mer informasjon kommer<\/p><\/div><\/div>","protected":false},"excerpt":{"rendered":"<p>Hold av dagen allerede n\u00e5! S\u00f8ndag 18. august 2024 er du hjertelig velkommen p\u00e5 Trovasslistevnet. &nbsp; TROVASSLI 50 \u00c5R! Trovassli Leirsted fyller 50 \u00e5r i [&hellip;]<\/p>\n","protected":false},"author":122,"featured_media":2837,"parent":0,"menu_order":0,"comment_status":"closed","ping_status":"closed","template":"","meta":{"_acf_changed":false,"footnotes":""},"class_list":["post-2836","page","type-page","status-publish","has-post-thumbnail","hentry"],"acf":[],"yoast_head":"<!-- This site is optimized with the Yoast SEO plugin v25.9 - https:\/\/yoast.com\/wordpress\/plugins\/seo\/ -->\n<title>Trovasslistevnet 2024 - Region Telemark<\/title>\n<meta name=\"robots\" content=\"index, follow, max-snippet:-1, max-image-preview:large, max-video-preview:-1\" \/>\n<link rel=\"canonical\" href=\"https:\/\/www.normisjon.no\/telemark\/trovasslistevnet-2024\/\" \/>\n<meta property=\"og:locale\" content=\"nb_NO\" \/>\n<meta property=\"og:type\" content=\"article\" \/>\n<meta property=\"og:title\" content=\"Trovasslistevnet 2024 - Region Telemark\" \/>\n<meta property=\"og:description\" content=\"Hold av dagen allerede n\u00e5! S\u00f8ndag 18. august 2024 er du hjertelig velkommen p\u00e5 Trovasslistevnet. &nbsp; TROVASSLI 50 \u00c5R! Trovassli Leirsted fyller 50 \u00e5r i [&hellip;]\" \/>\n<meta property=\"og:url\" content=\"https:\/\/www.normisjon.no\/telemark\/trovasslistevnet-2024\/\" \/>\n<meta property=\"og:site_name\" content=\"Region Telemark\" \/>\n<meta property=\"article:modified_time\" content=\"2023-10-11T08:45:50+00:00\" \/>\n<meta property=\"og:image\" content=\"https:\/\/www.normisjon.no\/content\/uploads\/sites\/20\/2023\/10\/K-1.jpg\" \/>\n\t<meta property=\"og:image:width\" content=\"1557\" \/>\n\t<meta property=\"og:image:height\" content=\"833\" \/>\n\t<meta property=\"og:image:type\" content=\"image\/jpeg\" \/>\n<meta name=\"twitter:card\" content=\"summary_large_image\" \/>\n<meta name=\"twitter:label1\" content=\"Ansl. lesetid\" \/>\n\t<meta name=\"twitter:data1\" content=\"1 minutt\" \/>\n<script type=\"application\/ld+json\" class=\"yoast-schema-graph\">{\"@context\":\"https:\/\/schema.org\",\"@graph\":[{\"@type\":\"WebPage\",\"@id\":\"https:\/\/www.normisjon.no\/telemark\/trovasslistevnet-2024\/\",\"url\":\"https:\/\/www.normisjon.no\/telemark\/trovasslistevnet-2024\/\",\"name\":\"Trovasslistevnet 2024 - Region Telemark\",\"isPartOf\":{\"@id\":\"https:\/\/www.normisjon.no\/telemark\/#website\"},\"primaryImageOfPage\":{\"@id\":\"https:\/\/www.normisjon.no\/telemark\/trovasslistevnet-2024\/#primaryimage\"},\"image\":{\"@id\":\"https:\/\/www.normisjon.no\/telemark\/trovasslistevnet-2024\/#primaryimage\"},\"thumbnailUrl\":\"https:\/\/www.normisjon.no\/content\/uploads\/sites\/20\/2023\/10\/K-1.jpg\",\"datePublished\":\"2023-10-11T08:39:28+00:00\",\"dateModified\":\"2023-10-11T08:45:50+00:00\",\"breadcrumb\":{\"@id\":\"https:\/\/www.normisjon.no\/telemark\/trovasslistevnet-2024\/#breadcrumb\"},\"inLanguage\":\"nb-NO\",\"potentialAction\":[{\"@type\":\"ReadAction\",\"target\":[\"https:\/\/www.normisjon.no\/telemark\/trovasslistevnet-2024\/\"]}]},{\"@type\":\"ImageObject\",\"inLanguage\":\"nb-NO\",\"@id\":\"https:\/\/www.normisjon.no\/telemark\/trovasslistevnet-2024\/#primaryimage\",\"url\":\"https:\/\/www.normisjon.no\/content\/uploads\/sites\/20\/2023\/10\/K-1.jpg\",\"contentUrl\":\"https:\/\/www.normisjon.no\/content\/uploads\/sites\/20\/2023\/10\/K-1.jpg\",\"width\":1557,\"height\":833},{\"@type\":\"BreadcrumbList\",\"@id\":\"https:\/\/www.normisjon.no\/telemark\/trovasslistevnet-2024\/#breadcrumb\",\"itemListElement\":[{\"@type\":\"ListItem\",\"position\":1,\"name\":\"Home\",\"item\":\"https:\/\/www.normisjon.no\/telemark\/\"},{\"@type\":\"ListItem\",\"position\":2,\"name\":\"Trovasslistevnet 2024\"}]},{\"@type\":\"WebSite\",\"@id\":\"https:\/\/www.normisjon.no\/telemark\/#website\",\"url\":\"https:\/\/www.normisjon.no\/telemark\/\",\"name\":\"Region Telemark\",\"description\":\"Sammen er vi Normisjon\",\"potentialAction\":[{\"@type\":\"SearchAction\",\"target\":{\"@type\":\"EntryPoint\",\"urlTemplate\":\"https:\/\/www.normisjon.no\/telemark\/?s={search_term_string}\"},\"query-input\":{\"@type\":\"PropertyValueSpecification\",\"valueRequired\":true,\"valueName\":\"search_term_string\"}}],\"inLanguage\":\"nb-NO\"}]}<\/script>\n<!-- \/ Yoast SEO plugin. -->","yoast_head_json":{"title":"Trovasslistevnet 2024 - Region Telemark","robots":{"index":"index","follow":"follow","max-snippet":"max-snippet:-1","max-image-preview":"max-image-preview:large","max-video-preview":"max-video-preview:-1"},"canonical":"https:\/\/www.normisjon.no\/telemark\/trovasslistevnet-2024\/","og_locale":"nb_NO","og_type":"article","og_title":"Trovasslistevnet 2024 - Region Telemark","og_description":"Hold av dagen allerede n\u00e5! S\u00f8ndag 18. august 2024 er du hjertelig velkommen p\u00e5 Trovasslistevnet. &nbsp; TROVASSLI 50 \u00c5R! Trovassli Leirsted fyller 50 \u00e5r i [&hellip;]","og_url":"https:\/\/www.normisjon.no\/telemark\/trovasslistevnet-2024\/","og_site_name":"Region Telemark","article_modified_time":"2023-10-11T08:45:50+00:00","og_image":[{"width":1557,"height":833,"url":"https:\/\/www.normisjon.no\/content\/uploads\/sites\/20\/2023\/10\/K-1.jpg","type":"image\/jpeg"}],"twitter_card":"summary_large_image","twitter_misc":{"Ansl. lesetid":"1 minutt"},"schema":{"@context":"https:\/\/schema.org","@graph":[{"@type":"WebPage","@id":"https:\/\/www.normisjon.no\/telemark\/trovasslistevnet-2024\/","url":"https:\/\/www.normisjon.no\/telemark\/trovasslistevnet-2024\/","name":"Trovasslistevnet 2024 - Region Telemark","isPartOf":{"@id":"https:\/\/www.normisjon.no\/telemark\/#website"},"primaryImageOfPage":{"@id":"https:\/\/www.normisjon.no\/telemark\/trovasslistevnet-2024\/#primaryimage"},"image":{"@id":"https:\/\/www.normisjon.no\/telemark\/trovasslistevnet-2024\/#primaryimage"},"thumbnailUrl":"https:\/\/www.normisjon.no\/content\/uploads\/sites\/20\/2023\/10\/K-1.jpg","datePublished":"2023-10-11T08:39:28+00:00","dateModified":"2023-10-11T08:45:50+00:00","breadcrumb":{"@id":"https:\/\/www.normisjon.no\/telemark\/trovasslistevnet-2024\/#breadcrumb"},"inLanguage":"nb-NO","potentialAction":[{"@type":"ReadAction","target":["https:\/\/www.normisjon.no\/telemark\/trovasslistevnet-2024\/"]}]},{"@type":"ImageObject","inLanguage":"nb-NO","@id":"https:\/\/www.normisjon.no\/telemark\/trovasslistevnet-2024\/#primaryimage","url":"https:\/\/www.normisjon.no\/content\/uploads\/sites\/20\/2023\/10\/K-1.jpg","contentUrl":"https:\/\/www.normisjon.no\/content\/uploads\/sites\/20\/2023\/10\/K-1.jpg","width":1557,"height":833},{"@type":"BreadcrumbList","@id":"https:\/\/www.normisjon.no\/telemark\/trovasslistevnet-2024\/#breadcrumb","itemListElement":[{"@type":"ListItem","position":1,"name":"Home","item":"https:\/\/www.normisjon.no\/telemark\/"},{"@type":"ListItem","position":2,"name":"Trovasslistevnet 2024"}]},{"@type":"WebSite","@id":"https:\/\/www.normisjon.no\/telemark\/#website","url":"https:\/\/www.normisjon.no\/telemark\/","name":"Region Telemark","description":"Sammen er vi Normisjon","potentialAction":[{"@type":"SearchAction","target":{"@type":"EntryPoint","urlTemplate":"https:\/\/www.normisjon.no\/telemark\/?s={search_term_string}"},"query-input":{"@type":"PropertyValueSpecification","valueRequired":true,"valueName":"search_term_string"}}],"inLanguage":"nb-NO"}]}},"_links":{"self":[{"href":"https:\/\/www.normisjon.no\/telemark\/wp-json\/wp\/v2\/pages\/2836","targetHints":{"allow":["GET"]}}],"collection":[{"href":"https:\/\/www.normisjon.no\/telemark\/wp-json\/wp\/v2\/pages"}],"about":[{"href":"https:\/\/www.normisjon.no\/telemark\/wp-json\/wp\/v2\/types\/page"}],"author":[{"embeddable":true,"href":"https:\/\/www.normisjon.no\/telemark\/wp-json\/wp\/v2\/users\/122"}],"replies":[{"embeddable":true,"href":"https:\/\/www.normisjon.no\/telemark\/wp-json\/wp\/v2\/comments?post=2836"}],"version-history":[{"count":6,"href":"https:\/\/www.normisjon.no\/telemark\/wp-json\/wp\/v2\/pages\/2836\/revisions"}],"predecessor-version":[{"id":2845,"href":"https:\/\/www.normisjon.no\/telemark\/wp-json\/wp\/v2\/pages\/2836\/revisions\/2845"}],"wp:featuredmedia":[{"embeddable":true,"href":"https:\/\/www.normisjon.no\/telemark\/wp-json\/wp\/v2\/media\/2837"}],"wp:attachment":[{"href":"https:\/\/www.normisjon.no\/telemark\/wp-json\/wp\/v2\/media?parent=2836"}],"curies":[{"name":"wp","href":"https:\/\/api.w.org\/{rel}","templated":true}]}}