{"id":2888,"date":"2023-11-07T12:35:20","date_gmt":"2023-11-07T11:35:20","guid":{"rendered":"https:\/\/www.normisjon.no\/telemark\/?page_id=2888"},"modified":"2023-11-07T12:35:21","modified_gmt":"2023-11-07T11:35:21","slug":"prosjekt-julehjelpen-2023","status":"publish","type":"page","link":"https:\/\/www.normisjon.no\/telemark\/prosjekt-julehjelpen-2023\/","title":{"rendered":"Prosjekt Julehjelpen 2023"},"content":{"rendered":"<div id=\"module-0\" class=\"hogan-module hogan-module-text hogan-module-0\"><div class=\"hogan-module-inner\"><p><strong>Actas julegaveaksjon 2023<\/strong><\/p>\n<p><strong>\u00a0<\/strong><\/p>\n<p>I \u00e5r vil Acta ungdom i Grenland v\u00e6re med \u00e5 bidra for barn og unge i n\u00e6rmilj\u00f8et, hvor familien har presset \u00f8konomi.<\/p>\n<p>Foresatte som ikke kan ta seg r\u00e5d til \u00e5 kj\u00f8pe gaver til barna, kan formidle barnas julegave\u00f8nsker til Acta i Skien, og ungdommene i Acta skal handle gaver og levere dem til foresatte s\u00e5 langt vi har midler til.<\/p>\n<p>P\u00e5 denne m\u00e5ten \u00f8nsker Acta ungdommer \u00e5 bidra med noe som er viktig for alle barn og unge i julen, f\u00e5 en gave man \u00f8nsker seg.<\/p>\n<p>Vi vet at \u00f8kte levekostnader siste \u00e5ret h\u00e5r \u00f8kt behovet for bistand til familier lokalt mye, og vi \u00f8nsker \u00e5 hjelpe s\u00e5 mange som mulig p\u00e5 v\u00e5r m\u00e5te.<\/p>\n<p>I november vil vi samle inn midler for aksjonen, presentere aksjonen i sosiale medier, og \u00e5pne for gaveforesp\u00f8rsler. I uke 49, 4. &#8211; 8. desember, har vi aksjonsuke hvor vi handler og formidler gaver.<\/p>\n<p>&nbsp;<\/p>\n<p>Vennlig hilsen<\/p>\n<p>Actaleder &#8211; Tor Arne Langeland<\/p>\n<p>&nbsp;<\/p><\/div><\/div><div id=\"module-1\" class=\"hogan-module hogan-module-image hogan-module-1 hogan-image-size-large\"><div class=\"hogan-module-inner\"><figure class=\"wp-caption size-large\"><img loading=\"lazy\" decoding=\"async\" width=\"576\" height=\"1024\" src=\"https:\/\/www.normisjon.no\/content\/uploads\/sites\/20\/2023\/11\/2-576x1024.png\" class=\"attachment-large size-large\" alt=\"\" srcset=\"https:\/\/www.normisjon.no\/content\/uploads\/sites\/20\/2023\/11\/2-576x1024.png 576w, https:\/\/www.normisjon.no\/content\/uploads\/sites\/20\/2023\/11\/2-169x300.png 169w, https:\/\/www.normisjon.no\/content\/uploads\/sites\/20\/2023\/11\/2-768x1365.png 768w, https:\/\/www.normisjon.no\/content\/uploads\/sites\/20\/2023\/11\/2-864x1536.png 864w, https:\/\/www.normisjon.no\/content\/uploads\/sites\/20\/2023\/11\/2-540x960.png 540w, https:\/\/www.normisjon.no\/content\/uploads\/sites\/20\/2023\/11\/2.png 1080w\" sizes=\"auto, (max-width: 576px) 100vw, 576px\" \/><\/figure><\/div><\/div><div id=\"module-2\" class=\"hogan-module hogan-module-image hogan-module-2 hogan-image-size-large\"><div class=\"hogan-module-inner\"><figure class=\"wp-caption size-large\"><img loading=\"lazy\" decoding=\"async\" width=\"576\" height=\"1024\" src=\"https:\/\/www.normisjon.no\/content\/uploads\/sites\/20\/2023\/11\/1-576x1024.png\" class=\"attachment-large size-large\" alt=\"\" srcset=\"https:\/\/www.normisjon.no\/content\/uploads\/sites\/20\/2023\/11\/1-576x1024.png 576w, https:\/\/www.normisjon.no\/content\/uploads\/sites\/20\/2023\/11\/1-169x300.png 169w, https:\/\/www.normisjon.no\/content\/uploads\/sites\/20\/2023\/11\/1-768x1365.png 768w, https:\/\/www.normisjon.no\/content\/uploads\/sites\/20\/2023\/11\/1-864x1536.png 864w, https:\/\/www.normisjon.no\/content\/uploads\/sites\/20\/2023\/11\/1-540x960.png 540w, https:\/\/www.normisjon.no\/content\/uploads\/sites\/20\/2023\/11\/1.png 1080w\" sizes=\"auto, (max-width: 576px) 100vw, 576px\" \/><\/figure><\/div><\/div>","protected":false},"excerpt":{"rendered":"<p>Actas julegaveaksjon 2023 \u00a0 I \u00e5r vil Acta ungdom i Grenland v\u00e6re med \u00e5 bidra for barn og unge i n\u00e6rmilj\u00f8et, hvor familien har presset [&hellip;]<\/p>\n","protected":false},"author":122,"featured_media":2889,"parent":0,"menu_order":0,"comment_status":"closed","ping_status":"closed","template":"","meta":{"_acf_changed":false,"footnotes":""},"class_list":["post-2888","page","type-page","status-publish","has-post-thumbnail","hentry"],"acf":[],"yoast_head":"<!-- This site is optimized with the Yoast SEO plugin v25.9 - https:\/\/yoast.com\/wordpress\/plugins\/seo\/ -->\n<title>Prosjekt Julehjelpen 2023 - Region Telemark<\/title>\n<meta name=\"robots\" content=\"index, follow, max-snippet:-1, max-image-preview:large, max-video-preview:-1\" \/>\n<link rel=\"canonical\" href=\"https:\/\/www.normisjon.no\/telemark\/prosjekt-julehjelpen-2023\/\" \/>\n<meta property=\"og:locale\" content=\"nb_NO\" \/>\n<meta property=\"og:type\" content=\"article\" \/>\n<meta property=\"og:title\" content=\"Prosjekt Julehjelpen 2023 - Region Telemark\" \/>\n<meta property=\"og:description\" content=\"Actas julegaveaksjon 2023 \u00a0 I \u00e5r vil Acta ungdom i Grenland v\u00e6re med \u00e5 bidra for barn og unge i n\u00e6rmilj\u00f8et, hvor familien har presset [&hellip;]\" \/>\n<meta property=\"og:url\" content=\"https:\/\/www.normisjon.no\/telemark\/prosjekt-julehjelpen-2023\/\" \/>\n<meta property=\"og:site_name\" content=\"Region Telemark\" \/>\n<meta property=\"article:modified_time\" content=\"2023-11-07T11:35:21+00:00\" \/>\n<meta property=\"og:image\" content=\"https:\/\/www.normisjon.no\/content\/uploads\/sites\/20\/2023\/11\/Just-living-1024x837.png\" \/>\n\t<meta property=\"og:image:width\" content=\"1024\" \/>\n\t<meta property=\"og:image:height\" content=\"837\" \/>\n\t<meta property=\"og:image:type\" content=\"image\/png\" \/>\n<meta name=\"twitter:card\" content=\"summary_large_image\" \/>\n<meta name=\"twitter:label1\" content=\"Ansl. lesetid\" \/>\n\t<meta name=\"twitter:data1\" content=\"1 minutt\" \/>\n<script type=\"application\/ld+json\" class=\"yoast-schema-graph\">{\"@context\":\"https:\/\/schema.org\",\"@graph\":[{\"@type\":\"WebPage\",\"@id\":\"https:\/\/www.normisjon.no\/telemark\/prosjekt-julehjelpen-2023\/\",\"url\":\"https:\/\/www.normisjon.no\/telemark\/prosjekt-julehjelpen-2023\/\",\"name\":\"Prosjekt Julehjelpen 2023 - Region Telemark\",\"isPartOf\":{\"@id\":\"https:\/\/www.normisjon.no\/telemark\/#website\"},\"primaryImageOfPage\":{\"@id\":\"https:\/\/www.normisjon.no\/telemark\/prosjekt-julehjelpen-2023\/#primaryimage\"},\"image\":{\"@id\":\"https:\/\/www.normisjon.no\/telemark\/prosjekt-julehjelpen-2023\/#primaryimage\"},\"thumbnailUrl\":\"https:\/\/www.normisjon.no\/content\/uploads\/sites\/20\/2023\/11\/Just-living.png\",\"datePublished\":\"2023-11-07T11:35:20+00:00\",\"dateModified\":\"2023-11-07T11:35:21+00:00\",\"breadcrumb\":{\"@id\":\"https:\/\/www.normisjon.no\/telemark\/prosjekt-julehjelpen-2023\/#breadcrumb\"},\"inLanguage\":\"nb-NO\",\"potentialAction\":[{\"@type\":\"ReadAction\",\"target\":[\"https:\/\/www.normisjon.no\/telemark\/prosjekt-julehjelpen-2023\/\"]}]},{\"@type\":\"ImageObject\",\"inLanguage\":\"nb-NO\",\"@id\":\"https:\/\/www.normisjon.no\/telemark\/prosjekt-julehjelpen-2023\/#primaryimage\",\"url\":\"https:\/\/www.normisjon.no\/content\/uploads\/sites\/20\/2023\/11\/Just-living.png\",\"contentUrl\":\"https:\/\/www.normisjon.no\/content\/uploads\/sites\/20\/2023\/11\/Just-living.png\",\"width\":2000,\"height\":1634},{\"@type\":\"BreadcrumbList\",\"@id\":\"https:\/\/www.normisjon.no\/telemark\/prosjekt-julehjelpen-2023\/#breadcrumb\",\"itemListElement\":[{\"@type\":\"ListItem\",\"position\":1,\"name\":\"Home\",\"item\":\"https:\/\/www.normisjon.no\/telemark\/\"},{\"@type\":\"ListItem\",\"position\":2,\"name\":\"Prosjekt Julehjelpen 2023\"}]},{\"@type\":\"WebSite\",\"@id\":\"https:\/\/www.normisjon.no\/telemark\/#website\",\"url\":\"https:\/\/www.normisjon.no\/telemark\/\",\"name\":\"Region Telemark\",\"description\":\"Sammen er vi Normisjon\",\"potentialAction\":[{\"@type\":\"SearchAction\",\"target\":{\"@type\":\"EntryPoint\",\"urlTemplate\":\"https:\/\/www.normisjon.no\/telemark\/?s={search_term_string}\"},\"query-input\":{\"@type\":\"PropertyValueSpecification\",\"valueRequired\":true,\"valueName\":\"search_term_string\"}}],\"inLanguage\":\"nb-NO\"}]}<\/script>\n<!-- \/ Yoast SEO plugin. -->","yoast_head_json":{"title":"Prosjekt Julehjelpen 2023 - Region Telemark","robots":{"index":"index","follow":"follow","max-snippet":"max-snippet:-1","max-image-preview":"max-image-preview:large","max-video-preview":"max-video-preview:-1"},"canonical":"https:\/\/www.normisjon.no\/telemark\/prosjekt-julehjelpen-2023\/","og_locale":"nb_NO","og_type":"article","og_title":"Prosjekt Julehjelpen 2023 - Region Telemark","og_description":"Actas julegaveaksjon 2023 \u00a0 I \u00e5r vil Acta ungdom i Grenland v\u00e6re med \u00e5 bidra for barn og unge i n\u00e6rmilj\u00f8et, hvor familien har presset [&hellip;]","og_url":"https:\/\/www.normisjon.no\/telemark\/prosjekt-julehjelpen-2023\/","og_site_name":"Region Telemark","article_modified_time":"2023-11-07T11:35:21+00:00","og_image":[{"width":1024,"height":837,"url":"https:\/\/www.normisjon.no\/content\/uploads\/sites\/20\/2023\/11\/Just-living-1024x837.png","type":"image\/png"}],"twitter_card":"summary_large_image","twitter_misc":{"Ansl. lesetid":"1 minutt"},"schema":{"@context":"https:\/\/schema.org","@graph":[{"@type":"WebPage","@id":"https:\/\/www.normisjon.no\/telemark\/prosjekt-julehjelpen-2023\/","url":"https:\/\/www.normisjon.no\/telemark\/prosjekt-julehjelpen-2023\/","name":"Prosjekt Julehjelpen 2023 - Region Telemark","isPartOf":{"@id":"https:\/\/www.normisjon.no\/telemark\/#website"},"primaryImageOfPage":{"@id":"https:\/\/www.normisjon.no\/telemark\/prosjekt-julehjelpen-2023\/#primaryimage"},"image":{"@id":"https:\/\/www.normisjon.no\/telemark\/prosjekt-julehjelpen-2023\/#primaryimage"},"thumbnailUrl":"https:\/\/www.normisjon.no\/content\/uploads\/sites\/20\/2023\/11\/Just-living.png","datePublished":"2023-11-07T11:35:20+00:00","dateModified":"2023-11-07T11:35:21+00:00","breadcrumb":{"@id":"https:\/\/www.normisjon.no\/telemark\/prosjekt-julehjelpen-2023\/#breadcrumb"},"inLanguage":"nb-NO","potentialAction":[{"@type":"ReadAction","target":["https:\/\/www.normisjon.no\/telemark\/prosjekt-julehjelpen-2023\/"]}]},{"@type":"ImageObject","inLanguage":"nb-NO","@id":"https:\/\/www.normisjon.no\/telemark\/prosjekt-julehjelpen-2023\/#primaryimage","url":"https:\/\/www.normisjon.no\/content\/uploads\/sites\/20\/2023\/11\/Just-living.png","contentUrl":"https:\/\/www.normisjon.no\/content\/uploads\/sites\/20\/2023\/11\/Just-living.png","width":2000,"height":1634},{"@type":"BreadcrumbList","@id":"https:\/\/www.normisjon.no\/telemark\/prosjekt-julehjelpen-2023\/#breadcrumb","itemListElement":[{"@type":"ListItem","position":1,"name":"Home","item":"https:\/\/www.normisjon.no\/telemark\/"},{"@type":"ListItem","position":2,"name":"Prosjekt Julehjelpen 2023"}]},{"@type":"WebSite","@id":"https:\/\/www.normisjon.no\/telemark\/#website","url":"https:\/\/www.normisjon.no\/telemark\/","name":"Region Telemark","description":"Sammen er vi Normisjon","potentialAction":[{"@type":"SearchAction","target":{"@type":"EntryPoint","urlTemplate":"https:\/\/www.normisjon.no\/telemark\/?s={search_term_string}"},"query-input":{"@type":"PropertyValueSpecification","valueRequired":true,"valueName":"search_term_string"}}],"inLanguage":"nb-NO"}]}},"_links":{"self":[{"href":"https:\/\/www.normisjon.no\/telemark\/wp-json\/wp\/v2\/pages\/2888","targetHints":{"allow":["GET"]}}],"collection":[{"href":"https:\/\/www.normisjon.no\/telemark\/wp-json\/wp\/v2\/pages"}],"about":[{"href":"https:\/\/www.normisjon.no\/telemark\/wp-json\/wp\/v2\/types\/page"}],"author":[{"embeddable":true,"href":"https:\/\/www.normisjon.no\/telemark\/wp-json\/wp\/v2\/users\/122"}],"replies":[{"embeddable":true,"href":"https:\/\/www.normisjon.no\/telemark\/wp-json\/wp\/v2\/comments?post=2888"}],"version-history":[{"count":2,"href":"https:\/\/www.normisjon.no\/telemark\/wp-json\/wp\/v2\/pages\/2888\/revisions"}],"predecessor-version":[{"id":2893,"href":"https:\/\/www.normisjon.no\/telemark\/wp-json\/wp\/v2\/pages\/2888\/revisions\/2893"}],"wp:featuredmedia":[{"embeddable":true,"href":"https:\/\/www.normisjon.no\/telemark\/wp-json\/wp\/v2\/media\/2889"}],"wp:attachment":[{"href":"https:\/\/www.normisjon.no\/telemark\/wp-json\/wp\/v2\/media?parent=2888"}],"curies":[{"name":"wp","href":"https:\/\/api.w.org\/{rel}","templated":true}]}}