{"id":2902,"date":"2023-12-21T11:14:28","date_gmt":"2023-12-21T10:14:28","guid":{"rendered":"https:\/\/www.normisjon.no\/telemark\/?page_id=2902"},"modified":"2026-01-23T13:47:28","modified_gmt":"2026-01-23T12:47:28","slug":"vinter-action","status":"publish","type":"page","link":"https:\/\/www.normisjon.no\/telemark\/vinter-action\/","title":{"rendered":"Vinter Action 2026"},"content":{"rendered":"<div class=\"entry-content alignfull wp-block-post-content has-global-padding is-layout-constrained wp-block-post-content-is-layout-constrained\">\n<figure class=\"wp-block-image size-full\"><img loading=\"lazy\" decoding=\"async\" width=\"700\" height=\"394\" src=\"https:\/\/www.normisjon.no\/content\/uploads\/sites\/20\/2026\/01\/VinterAction-2026.jpg\" alt=\"\" class=\"wp-image-3354\" srcset=\"https:\/\/www.normisjon.no\/content\/uploads\/sites\/20\/2026\/01\/VinterAction-2026.jpg 700w, https:\/\/www.normisjon.no\/content\/uploads\/sites\/20\/2026\/01\/VinterAction-2026-300x169.jpg 300w\" sizes=\"auto, (max-width: 700px) 100vw, 700px\" \/><\/figure>\n\n\n\n<h1 class=\"wp-block-heading\">Klar for leir i vinterferien?<\/h1>\n\n\n\n<p>Bli med p\u00e5 vinter Action! Her blir det lek, ski, aking, workshops, m\u00f8ter, Jesus, nye venner, gamle venner, kule ledere og mye mye annet.<\/p>\n\n\n\n<p>Trovassli leirsted i Vinje innbyr til mye lek ute i sn\u00f8en, s\u00e5 her m\u00e5 det tas med masse utekl\u00e6r, ski og akebrett.<\/p>\n\n\n\n<p>For 4.-7.klasse.<\/p>\n\n\n\n<p><strong>Pris:<\/strong>&nbsp; 1190,- Inkludert leirklubbmedlemskap for 2026<\/p>\n\n\n\n<p>Som medlem av leirklubben vil du f\u00e5 rabatt p\u00e5 de fleste av v\u00e5re leirer! Dette koster 100,- pr \u00e5r og ligger inne i prisen p\u00e5 denne leiren.&nbsp;<br>Ditt medlemskap betyr mye for Acta!<br>Vi f\u00e5r vi st\u00f8tte fra staten pr. medlem vi har. Derfor gj\u00f8r ditt medlemskap det mulig for oss \u00e5 arrangere leirer \u00e5ret rundt.<\/p>\n\n\n\n<p>Har du sp\u00f8rsm\u00e5l, kontakt Tor Arne Langeland p\u00e5 tlf 413 74 261 eller acta.telemark@normisjon.no<\/p>\n\n\n\n<p><strong>Sted:<\/strong> Trovassli.<\/p>\n\n\n\n<p>Det blir ikke satt opp felles busstransport til leiren. Ta kontakt hvis transport er vanskelig, s\u00e5 pr\u00f8ver vi \u00e5 formidle samkj\u00f8ring.<\/p>\n\n\n\n<p><br><strong>Alder:<\/strong> 4-7 klasse<\/p>\n\n\n\n<p><strong>Start:<\/strong> Fredag 13.02.2025 klokken 18.00<br><br><strong>Slutt:<\/strong> Mandag 16.02.2025 klokken 14.00<br><br>&nbsp; &nbsp; &nbsp; &nbsp; &nbsp;&nbsp;<\/p>\n\n\n\n<p>Vi \u00f8nsker at alle som vil skal f\u00e5 bli med p\u00e5 leir! Det er mulig \u00e5 f\u00e5 dekket leiren av Acta Telemarks leirst\u00f8tte dersom man av ulike \u00e5rsaker er i en presset \u00f8konomisk situasjon. For mer informasjon ta kontakt med oss p\u00e5 acta.telemark@normisjon.no<\/p>\n\n\n\n<p><strong>For dere som er ukjent med leir,<\/strong>&nbsp;her er litt informasjon:<br><br>Program p\u00e5 leir: Et vanlig dagsprogram p\u00e5 leir vil inneholde: vekking, frokost, bibeltime, ulike aktiviteter, lunsj, kiosk, aktiviteter, middag, noen ganger festm\u00e5ltid, festkveld, kveldsm\u00f8te, og deretter litt kake og snaks f\u00f8r ro.<br><br>Pakkeliste til leir: Bibel\/Det nye testamentet, skrivesaker, sovepose + laken og putetrekk, toalettsaker, h\u00e5ndkle, utekl\u00e6r, innesko og evt penger til kollekt og kiosk.<br><br>Trygg leir: Et viktig fokus i leirarbeidet er trygg leir. Vi jobber bevisst med at v\u00e5re leirer skal v\u00e6re TRYGGE p\u00e5 alle m\u00e5ter, b\u00e5de fysisk, emosjonelt og \u00e5ndelig. Ta kontakt med oss om du eller noen andre ikke opplever dette.<br><br>I uken f\u00f8r leir vil du ogs\u00e5 motta en epost fra oss p\u00e5 hva leiren vil inneholde.&nbsp;<br><br>Lik gjerne siden v\u00e5r p\u00e5 Facebook (Normisjon og Acta Telemark), f\u00f8lg oss p\u00e5 actatelemark p\u00e5 instagram eller legg til actatelemark p\u00e5 snapchat. Her kommer jevnlige oppdateringer.&nbsp;<\/p>\n\n\n\n<p>Bare ta kontakt hvis du lurer p\u00e5 noe mer!<\/p>\n\n\n\n<p><strong>Velkommen p\u00e5 leir \ud83d\ude42<\/strong>&nbsp;<\/p>\n\n\n\n<p><\/p>\n<\/div><div id=\"module-0\" class=\"hogan-module hogan-module-text hogan-module-0\"><div class=\"hogan-module-inner\"><div id=\"checkin_registration\"><\/div>\n<p><script src=\"https:\/\/registration.checkin.no\/registration.loader.js\" data-event-id=\"215649\" async><\/script><\/p><\/div><\/div>","protected":false},"excerpt":{"rendered":"<p>Klar for leir i vinterferien? Bli med p\u00e5 vinter Action! Her blir det lek, ski, aking, workshops, m\u00f8ter, Jesus, nye venner, gamle venner, kule ledere [&hellip;]<\/p>\n","protected":false},"author":122,"featured_media":3354,"parent":0,"menu_order":0,"comment_status":"closed","ping_status":"closed","template":"","meta":{"_acf_changed":false,"footnotes":""},"class_list":["post-2902","page","type-page","status-publish","has-post-thumbnail","hentry"],"acf":[],"yoast_head":"<!-- This site is optimized with the Yoast SEO plugin v25.9 - https:\/\/yoast.com\/wordpress\/plugins\/seo\/ -->\n<title>Vinter Action 2026 - Region Telemark<\/title>\n<meta name=\"robots\" content=\"index, follow, max-snippet:-1, max-image-preview:large, max-video-preview:-1\" \/>\n<link rel=\"canonical\" href=\"https:\/\/www.normisjon.no\/telemark\/vinter-action\/\" \/>\n<meta property=\"og:locale\" content=\"nb_NO\" \/>\n<meta property=\"og:type\" content=\"article\" \/>\n<meta property=\"og:title\" content=\"Vinter Action 2026 - Region Telemark\" \/>\n<meta property=\"og:description\" content=\"Klar for leir i vinterferien? Bli med p\u00e5 vinter Action! Her blir det lek, ski, aking, workshops, m\u00f8ter, Jesus, nye venner, gamle venner, kule ledere [&hellip;]\" \/>\n<meta property=\"og:url\" content=\"https:\/\/www.normisjon.no\/telemark\/vinter-action\/\" \/>\n<meta property=\"og:site_name\" content=\"Region Telemark\" \/>\n<meta property=\"article:modified_time\" content=\"2026-01-23T12:47:28+00:00\" \/>\n<meta property=\"og:image\" content=\"https:\/\/www.normisjon.no\/content\/uploads\/sites\/20\/2026\/01\/VinterAction-2026.jpg\" \/>\n\t<meta property=\"og:image:width\" content=\"700\" \/>\n\t<meta property=\"og:image:height\" content=\"394\" \/>\n\t<meta property=\"og:image:type\" content=\"image\/jpeg\" \/>\n<meta name=\"twitter:card\" content=\"summary_large_image\" \/>\n<meta name=\"twitter:label1\" content=\"Ansl. lesetid\" \/>\n\t<meta name=\"twitter:data1\" content=\"3 minutter\" \/>\n<script type=\"application\/ld+json\" class=\"yoast-schema-graph\">{\"@context\":\"https:\/\/schema.org\",\"@graph\":[{\"@type\":\"WebPage\",\"@id\":\"https:\/\/www.normisjon.no\/telemark\/vinter-action\/\",\"url\":\"https:\/\/www.normisjon.no\/telemark\/vinter-action\/\",\"name\":\"Vinter Action 2026 - Region Telemark\",\"isPartOf\":{\"@id\":\"https:\/\/www.normisjon.no\/telemark\/#website\"},\"primaryImageOfPage\":{\"@id\":\"https:\/\/www.normisjon.no\/telemark\/vinter-action\/#primaryimage\"},\"image\":{\"@id\":\"https:\/\/www.normisjon.no\/telemark\/vinter-action\/#primaryimage\"},\"thumbnailUrl\":\"https:\/\/www.normisjon.no\/content\/uploads\/sites\/20\/2026\/01\/VinterAction-2026.jpg\",\"datePublished\":\"2023-12-21T10:14:28+00:00\",\"dateModified\":\"2026-01-23T12:47:28+00:00\",\"breadcrumb\":{\"@id\":\"https:\/\/www.normisjon.no\/telemark\/vinter-action\/#breadcrumb\"},\"inLanguage\":\"nb-NO\",\"potentialAction\":[{\"@type\":\"ReadAction\",\"target\":[\"https:\/\/www.normisjon.no\/telemark\/vinter-action\/\"]}]},{\"@type\":\"ImageObject\",\"inLanguage\":\"nb-NO\",\"@id\":\"https:\/\/www.normisjon.no\/telemark\/vinter-action\/#primaryimage\",\"url\":\"https:\/\/www.normisjon.no\/content\/uploads\/sites\/20\/2026\/01\/VinterAction-2026.jpg\",\"contentUrl\":\"https:\/\/www.normisjon.no\/content\/uploads\/sites\/20\/2026\/01\/VinterAction-2026.jpg\",\"width\":700,\"height\":394},{\"@type\":\"BreadcrumbList\",\"@id\":\"https:\/\/www.normisjon.no\/telemark\/vinter-action\/#breadcrumb\",\"itemListElement\":[{\"@type\":\"ListItem\",\"position\":1,\"name\":\"Home\",\"item\":\"https:\/\/www.normisjon.no\/telemark\/\"},{\"@type\":\"ListItem\",\"position\":2,\"name\":\"Vinter Action 2026\"}]},{\"@type\":\"WebSite\",\"@id\":\"https:\/\/www.normisjon.no\/telemark\/#website\",\"url\":\"https:\/\/www.normisjon.no\/telemark\/\",\"name\":\"Region Telemark\",\"description\":\"Sammen er vi Normisjon\",\"potentialAction\":[{\"@type\":\"SearchAction\",\"target\":{\"@type\":\"EntryPoint\",\"urlTemplate\":\"https:\/\/www.normisjon.no\/telemark\/?s={search_term_string}\"},\"query-input\":{\"@type\":\"PropertyValueSpecification\",\"valueRequired\":true,\"valueName\":\"search_term_string\"}}],\"inLanguage\":\"nb-NO\"}]}<\/script>\n<!-- \/ Yoast SEO plugin. -->","yoast_head_json":{"title":"Vinter Action 2026 - Region Telemark","robots":{"index":"index","follow":"follow","max-snippet":"max-snippet:-1","max-image-preview":"max-image-preview:large","max-video-preview":"max-video-preview:-1"},"canonical":"https:\/\/www.normisjon.no\/telemark\/vinter-action\/","og_locale":"nb_NO","og_type":"article","og_title":"Vinter Action 2026 - Region Telemark","og_description":"Klar for leir i vinterferien? Bli med p\u00e5 vinter Action! Her blir det lek, ski, aking, workshops, m\u00f8ter, Jesus, nye venner, gamle venner, kule ledere [&hellip;]","og_url":"https:\/\/www.normisjon.no\/telemark\/vinter-action\/","og_site_name":"Region Telemark","article_modified_time":"2026-01-23T12:47:28+00:00","og_image":[{"width":700,"height":394,"url":"https:\/\/www.normisjon.no\/content\/uploads\/sites\/20\/2026\/01\/VinterAction-2026.jpg","type":"image\/jpeg"}],"twitter_card":"summary_large_image","twitter_misc":{"Ansl. lesetid":"3 minutter"},"schema":{"@context":"https:\/\/schema.org","@graph":[{"@type":"WebPage","@id":"https:\/\/www.normisjon.no\/telemark\/vinter-action\/","url":"https:\/\/www.normisjon.no\/telemark\/vinter-action\/","name":"Vinter Action 2026 - Region Telemark","isPartOf":{"@id":"https:\/\/www.normisjon.no\/telemark\/#website"},"primaryImageOfPage":{"@id":"https:\/\/www.normisjon.no\/telemark\/vinter-action\/#primaryimage"},"image":{"@id":"https:\/\/www.normisjon.no\/telemark\/vinter-action\/#primaryimage"},"thumbnailUrl":"https:\/\/www.normisjon.no\/content\/uploads\/sites\/20\/2026\/01\/VinterAction-2026.jpg","datePublished":"2023-12-21T10:14:28+00:00","dateModified":"2026-01-23T12:47:28+00:00","breadcrumb":{"@id":"https:\/\/www.normisjon.no\/telemark\/vinter-action\/#breadcrumb"},"inLanguage":"nb-NO","potentialAction":[{"@type":"ReadAction","target":["https:\/\/www.normisjon.no\/telemark\/vinter-action\/"]}]},{"@type":"ImageObject","inLanguage":"nb-NO","@id":"https:\/\/www.normisjon.no\/telemark\/vinter-action\/#primaryimage","url":"https:\/\/www.normisjon.no\/content\/uploads\/sites\/20\/2026\/01\/VinterAction-2026.jpg","contentUrl":"https:\/\/www.normisjon.no\/content\/uploads\/sites\/20\/2026\/01\/VinterAction-2026.jpg","width":700,"height":394},{"@type":"BreadcrumbList","@id":"https:\/\/www.normisjon.no\/telemark\/vinter-action\/#breadcrumb","itemListElement":[{"@type":"ListItem","position":1,"name":"Home","item":"https:\/\/www.normisjon.no\/telemark\/"},{"@type":"ListItem","position":2,"name":"Vinter Action 2026"}]},{"@type":"WebSite","@id":"https:\/\/www.normisjon.no\/telemark\/#website","url":"https:\/\/www.normisjon.no\/telemark\/","name":"Region Telemark","description":"Sammen er vi Normisjon","potentialAction":[{"@type":"SearchAction","target":{"@type":"EntryPoint","urlTemplate":"https:\/\/www.normisjon.no\/telemark\/?s={search_term_string}"},"query-input":{"@type":"PropertyValueSpecification","valueRequired":true,"valueName":"search_term_string"}}],"inLanguage":"nb-NO"}]}},"_links":{"self":[{"href":"https:\/\/www.normisjon.no\/telemark\/wp-json\/wp\/v2\/pages\/2902","targetHints":{"allow":["GET"]}}],"collection":[{"href":"https:\/\/www.normisjon.no\/telemark\/wp-json\/wp\/v2\/pages"}],"about":[{"href":"https:\/\/www.normisjon.no\/telemark\/wp-json\/wp\/v2\/types\/page"}],"author":[{"embeddable":true,"href":"https:\/\/www.normisjon.no\/telemark\/wp-json\/wp\/v2\/users\/122"}],"replies":[{"embeddable":true,"href":"https:\/\/www.normisjon.no\/telemark\/wp-json\/wp\/v2\/comments?post=2902"}],"version-history":[{"count":13,"href":"https:\/\/www.normisjon.no\/telemark\/wp-json\/wp\/v2\/pages\/2902\/revisions"}],"predecessor-version":[{"id":3368,"href":"https:\/\/www.normisjon.no\/telemark\/wp-json\/wp\/v2\/pages\/2902\/revisions\/3368"}],"wp:featuredmedia":[{"embeddable":true,"href":"https:\/\/www.normisjon.no\/telemark\/wp-json\/wp\/v2\/media\/3354"}],"wp:attachment":[{"href":"https:\/\/www.normisjon.no\/telemark\/wp-json\/wp\/v2\/media?parent=2902"}],"curies":[{"name":"wp","href":"https:\/\/api.w.org\/{rel}","templated":true}]}}