{"id":3099,"date":"2024-04-16T11:12:01","date_gmt":"2024-04-16T09:12:01","guid":{"rendered":"https:\/\/www.normisjon.no\/telemark\/?page_id=3099"},"modified":"2026-03-20T11:00:38","modified_gmt":"2026-03-20T10:00:38","slug":"familieleir-pa-oksoya","status":"publish","type":"page","link":"https:\/\/www.normisjon.no\/telemark\/familieleir-pa-oksoya\/","title":{"rendered":"Familieleir p\u00e5 Oks\u00f8ya"},"content":{"rendered":"<div class=\"entry-content alignfull wp-block-post-content has-global-padding is-layout-constrained wp-block-post-content-is-layout-constrained\">\n<p class=\"has-text-align-center\">6.-9.august<\/p>\n\n\n\n<figure class=\"wp-block-image size-large\"><img loading=\"lazy\" decoding=\"async\" width=\"724\" height=\"1024\" src=\"https:\/\/www.normisjon.no\/content\/uploads\/sites\/20\/2026\/03\/16-724x1024.png\" alt=\"\" class=\"wp-image-3379\" srcset=\"https:\/\/www.normisjon.no\/content\/uploads\/sites\/20\/2026\/03\/16-724x1024.png 724w, https:\/\/www.normisjon.no\/content\/uploads\/sites\/20\/2026\/03\/16-212x300.png 212w, https:\/\/www.normisjon.no\/content\/uploads\/sites\/20\/2026\/03\/16-768x1086.png 768w, https:\/\/www.normisjon.no\/content\/uploads\/sites\/20\/2026\/03\/16-1086x1536.png 1086w, https:\/\/www.normisjon.no\/content\/uploads\/sites\/20\/2026\/03\/16-1357x1920.png 1357w, https:\/\/www.normisjon.no\/content\/uploads\/sites\/20\/2026\/03\/16-679x960.png 679w, https:\/\/www.normisjon.no\/content\/uploads\/sites\/20\/2026\/03\/16.png 1414w\" sizes=\"auto, (max-width: 724px) 100vw, 724px\" \/><\/figure>\n\n\n\n<p>En typisk dag p\u00e5 leir ser slik ut:&nbsp;<\/p>\n\n\n\n<p>08.00-09.00 Flexifrokost<\/p>\n\n\n\n<p>10.00-11.00 Familiem\u00f8te<\/p>\n\n\n\n<p>ca. 11.30 Nistelunsj<\/p>\n\n\n\n<p>12.00 Aktiviteter ved vann og p\u00e5 land<\/p>\n\n\n\n<p>16.00 Middag<\/p>\n\n\n\n<p>18:00 Kveldssamling<\/p>\n\n\n\n<p>18.30 Kvelds\/trallemat<\/p>\n\n\n\n<p>19.00 Leggetid for de minste og opplegg for de st\u00f8rre barna&nbsp;<\/p>\n\n\n\n<p>20.00 Kvelsm\u00f8te for de voksne\u00a0<br><\/p>\n\n\n\n<p>Oks\u00f8ya har to internat, Hagen og Jordet. Det er 4.mansrom med k\u00f8yesenger og vask p\u00e5 rommene. Toaletter og dusj er i gangene. Det er pute p\u00e5 alle rom, men dyne\/sovepose m\u00e5 man ta med selv. <br><br>Vi har vollyballbane, fotballbane, huskestativ, sandkasse, kiosk, matsal, innebandyrom, bordtennisrom, m\u00f8tesal og peisestue. Nede ved vannet er det en strand og en lang brygge, med muligheter for \u00e5 bade, fiskekrabber eller fiske etter fisk. Vi har tr\u00e5kkeb\u00e5t som det g\u00e5r ann \u00e5 benytte. <\/p>\n\n\n\n<p>Vi gleder oss til \u00e5 tilbringe tid sammen som familier p\u00e5 Oks\u00f8ya. Vi h\u00e5per \u00e5 se deg! <br>Hilsen Liv, Kristin, Hilde og Kristine! <\/p>\n\n\n\n<p><\/p>\n<\/div><div id=\"module-0\" class=\"hogan-module hogan-module-text hogan-module-0\"><div class=\"hogan-module-inner\"><div id=\"checkin_registration\"><\/div>\n<p><script src=\"https:\/\/registration.checkin.no\/registration.loader.js\" data-event-id=\"220276\" async><\/script><\/p><\/div><\/div>","protected":false},"excerpt":{"rendered":"<p>6.-9.august En typisk dag p\u00e5 leir ser slik ut:&nbsp; 08.00-09.00 Flexifrokost 10.00-11.00 Familiem\u00f8te ca. 11.30 Nistelunsj 12.00 Aktiviteter ved vann og p\u00e5 land 16.00 Middag [&hellip;]<\/p>\n","protected":false},"author":120,"featured_media":3386,"parent":0,"menu_order":0,"comment_status":"closed","ping_status":"closed","template":"","meta":{"_acf_changed":false,"footnotes":""},"class_list":["post-3099","page","type-page","status-publish","has-post-thumbnail","hentry"],"acf":[],"yoast_head":"<!-- This site is optimized with the Yoast SEO plugin v25.9 - https:\/\/yoast.com\/wordpress\/plugins\/seo\/ -->\n<title>Familieleir p\u00e5 Oks\u00f8ya - Region Telemark<\/title>\n<meta name=\"robots\" content=\"index, follow, max-snippet:-1, max-image-preview:large, max-video-preview:-1\" \/>\n<link rel=\"canonical\" href=\"https:\/\/www.normisjon.no\/telemark\/familieleir-pa-oksoya\/\" \/>\n<meta property=\"og:locale\" content=\"nb_NO\" \/>\n<meta property=\"og:type\" content=\"article\" \/>\n<meta property=\"og:title\" content=\"Familieleir p\u00e5 Oks\u00f8ya - Region Telemark\" \/>\n<meta property=\"og:description\" content=\"6.-9.august En typisk dag p\u00e5 leir ser slik ut:&nbsp; 08.00-09.00 Flexifrokost 10.00-11.00 Familiem\u00f8te ca. 11.30 Nistelunsj 12.00 Aktiviteter ved vann og p\u00e5 land 16.00 Middag [&hellip;]\" \/>\n<meta property=\"og:url\" content=\"https:\/\/www.normisjon.no\/telemark\/familieleir-pa-oksoya\/\" \/>\n<meta property=\"og:site_name\" content=\"Region Telemark\" \/>\n<meta property=\"article:modified_time\" content=\"2026-03-20T10:00:38+00:00\" \/>\n<meta property=\"og:image\" content=\"https:\/\/www.normisjon.no\/content\/uploads\/sites\/20\/2026\/03\/Familieleir.jpg\" \/>\n\t<meta property=\"og:image:width\" content=\"1748\" \/>\n\t<meta property=\"og:image:height\" content=\"1240\" \/>\n\t<meta property=\"og:image:type\" content=\"image\/jpeg\" \/>\n<meta name=\"twitter:card\" content=\"summary_large_image\" \/>\n<meta name=\"twitter:label1\" content=\"Ansl. lesetid\" \/>\n\t<meta name=\"twitter:data1\" content=\"2 minutter\" \/>\n<script type=\"application\/ld+json\" class=\"yoast-schema-graph\">{\"@context\":\"https:\/\/schema.org\",\"@graph\":[{\"@type\":\"WebPage\",\"@id\":\"https:\/\/www.normisjon.no\/telemark\/familieleir-pa-oksoya\/\",\"url\":\"https:\/\/www.normisjon.no\/telemark\/familieleir-pa-oksoya\/\",\"name\":\"Familieleir p\u00e5 Oks\u00f8ya - Region Telemark\",\"isPartOf\":{\"@id\":\"https:\/\/www.normisjon.no\/telemark\/#website\"},\"primaryImageOfPage\":{\"@id\":\"https:\/\/www.normisjon.no\/telemark\/familieleir-pa-oksoya\/#primaryimage\"},\"image\":{\"@id\":\"https:\/\/www.normisjon.no\/telemark\/familieleir-pa-oksoya\/#primaryimage\"},\"thumbnailUrl\":\"https:\/\/www.normisjon.no\/content\/uploads\/sites\/20\/2026\/03\/Familieleir.jpg\",\"datePublished\":\"2024-04-16T09:12:01+00:00\",\"dateModified\":\"2026-03-20T10:00:38+00:00\",\"breadcrumb\":{\"@id\":\"https:\/\/www.normisjon.no\/telemark\/familieleir-pa-oksoya\/#breadcrumb\"},\"inLanguage\":\"nb-NO\",\"potentialAction\":[{\"@type\":\"ReadAction\",\"target\":[\"https:\/\/www.normisjon.no\/telemark\/familieleir-pa-oksoya\/\"]}]},{\"@type\":\"ImageObject\",\"inLanguage\":\"nb-NO\",\"@id\":\"https:\/\/www.normisjon.no\/telemark\/familieleir-pa-oksoya\/#primaryimage\",\"url\":\"https:\/\/www.normisjon.no\/content\/uploads\/sites\/20\/2026\/03\/Familieleir.jpg\",\"contentUrl\":\"https:\/\/www.normisjon.no\/content\/uploads\/sites\/20\/2026\/03\/Familieleir.jpg\",\"width\":1748,\"height\":1240},{\"@type\":\"BreadcrumbList\",\"@id\":\"https:\/\/www.normisjon.no\/telemark\/familieleir-pa-oksoya\/#breadcrumb\",\"itemListElement\":[{\"@type\":\"ListItem\",\"position\":1,\"name\":\"Home\",\"item\":\"https:\/\/www.normisjon.no\/telemark\/\"},{\"@type\":\"ListItem\",\"position\":2,\"name\":\"Familieleir p\u00e5 Oks\u00f8ya\"}]},{\"@type\":\"WebSite\",\"@id\":\"https:\/\/www.normisjon.no\/telemark\/#website\",\"url\":\"https:\/\/www.normisjon.no\/telemark\/\",\"name\":\"Region Telemark\",\"description\":\"Sammen er vi Normisjon\",\"potentialAction\":[{\"@type\":\"SearchAction\",\"target\":{\"@type\":\"EntryPoint\",\"urlTemplate\":\"https:\/\/www.normisjon.no\/telemark\/?s={search_term_string}\"},\"query-input\":{\"@type\":\"PropertyValueSpecification\",\"valueRequired\":true,\"valueName\":\"search_term_string\"}}],\"inLanguage\":\"nb-NO\"}]}<\/script>\n<!-- \/ Yoast SEO plugin. -->","yoast_head_json":{"title":"Familieleir p\u00e5 Oks\u00f8ya - Region Telemark","robots":{"index":"index","follow":"follow","max-snippet":"max-snippet:-1","max-image-preview":"max-image-preview:large","max-video-preview":"max-video-preview:-1"},"canonical":"https:\/\/www.normisjon.no\/telemark\/familieleir-pa-oksoya\/","og_locale":"nb_NO","og_type":"article","og_title":"Familieleir p\u00e5 Oks\u00f8ya - Region Telemark","og_description":"6.-9.august En typisk dag p\u00e5 leir ser slik ut:&nbsp; 08.00-09.00 Flexifrokost 10.00-11.00 Familiem\u00f8te ca. 11.30 Nistelunsj 12.00 Aktiviteter ved vann og p\u00e5 land 16.00 Middag [&hellip;]","og_url":"https:\/\/www.normisjon.no\/telemark\/familieleir-pa-oksoya\/","og_site_name":"Region Telemark","article_modified_time":"2026-03-20T10:00:38+00:00","og_image":[{"width":1748,"height":1240,"url":"https:\/\/www.normisjon.no\/content\/uploads\/sites\/20\/2026\/03\/Familieleir.jpg","type":"image\/jpeg"}],"twitter_card":"summary_large_image","twitter_misc":{"Ansl. lesetid":"2 minutter"},"schema":{"@context":"https:\/\/schema.org","@graph":[{"@type":"WebPage","@id":"https:\/\/www.normisjon.no\/telemark\/familieleir-pa-oksoya\/","url":"https:\/\/www.normisjon.no\/telemark\/familieleir-pa-oksoya\/","name":"Familieleir p\u00e5 Oks\u00f8ya - Region Telemark","isPartOf":{"@id":"https:\/\/www.normisjon.no\/telemark\/#website"},"primaryImageOfPage":{"@id":"https:\/\/www.normisjon.no\/telemark\/familieleir-pa-oksoya\/#primaryimage"},"image":{"@id":"https:\/\/www.normisjon.no\/telemark\/familieleir-pa-oksoya\/#primaryimage"},"thumbnailUrl":"https:\/\/www.normisjon.no\/content\/uploads\/sites\/20\/2026\/03\/Familieleir.jpg","datePublished":"2024-04-16T09:12:01+00:00","dateModified":"2026-03-20T10:00:38+00:00","breadcrumb":{"@id":"https:\/\/www.normisjon.no\/telemark\/familieleir-pa-oksoya\/#breadcrumb"},"inLanguage":"nb-NO","potentialAction":[{"@type":"ReadAction","target":["https:\/\/www.normisjon.no\/telemark\/familieleir-pa-oksoya\/"]}]},{"@type":"ImageObject","inLanguage":"nb-NO","@id":"https:\/\/www.normisjon.no\/telemark\/familieleir-pa-oksoya\/#primaryimage","url":"https:\/\/www.normisjon.no\/content\/uploads\/sites\/20\/2026\/03\/Familieleir.jpg","contentUrl":"https:\/\/www.normisjon.no\/content\/uploads\/sites\/20\/2026\/03\/Familieleir.jpg","width":1748,"height":1240},{"@type":"BreadcrumbList","@id":"https:\/\/www.normisjon.no\/telemark\/familieleir-pa-oksoya\/#breadcrumb","itemListElement":[{"@type":"ListItem","position":1,"name":"Home","item":"https:\/\/www.normisjon.no\/telemark\/"},{"@type":"ListItem","position":2,"name":"Familieleir p\u00e5 Oks\u00f8ya"}]},{"@type":"WebSite","@id":"https:\/\/www.normisjon.no\/telemark\/#website","url":"https:\/\/www.normisjon.no\/telemark\/","name":"Region Telemark","description":"Sammen er vi Normisjon","potentialAction":[{"@type":"SearchAction","target":{"@type":"EntryPoint","urlTemplate":"https:\/\/www.normisjon.no\/telemark\/?s={search_term_string}"},"query-input":{"@type":"PropertyValueSpecification","valueRequired":true,"valueName":"search_term_string"}}],"inLanguage":"nb-NO"}]}},"_links":{"self":[{"href":"https:\/\/www.normisjon.no\/telemark\/wp-json\/wp\/v2\/pages\/3099","targetHints":{"allow":["GET"]}}],"collection":[{"href":"https:\/\/www.normisjon.no\/telemark\/wp-json\/wp\/v2\/pages"}],"about":[{"href":"https:\/\/www.normisjon.no\/telemark\/wp-json\/wp\/v2\/types\/page"}],"author":[{"embeddable":true,"href":"https:\/\/www.normisjon.no\/telemark\/wp-json\/wp\/v2\/users\/120"}],"replies":[{"embeddable":true,"href":"https:\/\/www.normisjon.no\/telemark\/wp-json\/wp\/v2\/comments?post=3099"}],"version-history":[{"count":9,"href":"https:\/\/www.normisjon.no\/telemark\/wp-json\/wp\/v2\/pages\/3099\/revisions"}],"predecessor-version":[{"id":3430,"href":"https:\/\/www.normisjon.no\/telemark\/wp-json\/wp\/v2\/pages\/3099\/revisions\/3430"}],"wp:featuredmedia":[{"embeddable":true,"href":"https:\/\/www.normisjon.no\/telemark\/wp-json\/wp\/v2\/media\/3386"}],"wp:attachment":[{"href":"https:\/\/www.normisjon.no\/telemark\/wp-json\/wp\/v2\/media?parent=3099"}],"curies":[{"name":"wp","href":"https:\/\/api.w.org\/{rel}","templated":true}]}}