{"id":353,"date":"2018-06-13T10:45:28","date_gmt":"2018-06-13T08:45:28","guid":{"rendered":"https:\/\/www.normisjon.no\/region-telemark\/?page_id=353"},"modified":"2021-11-24T09:34:54","modified_gmt":"2021-11-24T08:34:54","slug":"hvemervi","status":"publish","type":"page","link":"https:\/\/www.normisjon.no\/telemark\/hvemervi\/","title":{"rendered":"Hvem er vi?"},"content":{"rendered":"<div id=\"module-0\" class=\"hogan-module hogan-module-text hogan-module-0\"><div class=\"hogan-module-inner\"><p><strong>Normisjon, Region Telemark<\/strong> het f\u00f8r fusjonen mellom Det norske lutherske Indremisjonsselskap og Santalmisjonen i 2001, Langesundsfjordens Indremisjonsselskap. Langesundsfjordens Indremisjonsselskap var landets eldste Indremisjonsorganisasjon, stiftet i\u00a0 1866,\u00a0 to \u00e5r f\u00f8r Indremisjonsselskapet. Som navnet tilsa, var virkeomr\u00e5det begge sider av Langesundsfjorden og Telemark, samt noen bygder helt \u00f8st i Aust-Agder ute ved kysten.\u00a0 Regionen omfatter dermed ogs\u00e5 deler av Vestfold, hovedsakelig Brunlanes.<\/p>\n<p>Region Telemark har sitt regionkontor i bedehuset Hauges Minde, rett ved Ibsenhuset sentralt i Skien. Vi eier leirstedene <a href=\"https:\/\/www.normisjon.no\/telemark\/oksoya\/\">Oks\u00f8ya<\/a> utenfor Brevik i Porsgrunn og <a href=\"https:\/\/www.normisjon.no\/telemark\/56-2\/\">Trovassli<\/a> i \u00d8yfjell i Vinje.<\/p>\n<p>Regionen har i dag 4 ansatte og et Actateam best\u00e5ende av 7 ungdom.<\/p>\n<p>Vi har ca 50 foreninger i voksenarbeidet og ca 50 Actalag.<\/p>\n<p>Normisjon region Telemark finansieres med frivillige gaver.\u00a0Takk til alle som bidrar til virksomheten v\u00e5r!<\/p>\n<p>Normisjon, region Telemarks \u00f8verste organ er \u00e5rsm\u00f8tet. \u00c5rsm\u00f8te velger et regionsstyre.<br \/>\nStyret for 2021\/2022 er:<br \/>\nJostein Gj\u00e6rum (leder), Christian Dahl, Magnus Stulen, May Eriksr\u00f8d Selle, Tor Erik Helvin og Sigmund Holtskog.<\/p>\n<p>Vara er: Liv Sneltvedt Lund.<\/p>\n<p>&nbsp;<\/p>\n<p><strong>Acta, er barne og ungdomsorganisasjonen til Normisjon.<\/strong> Acta er en av landets st\u00f8rste kristne barne- og ungdomsorganisasjoner med over 20.000 betalende barn og unge. I region Telemark har vi 58 lokallag. Totalt har vi ca 1200 medlemmer fordelt p\u00e5 lokallagene.<\/p>\n<p>Acta, region Telemark er en egen selvstendig organisasjon. Organisasjonens \u00f8verste organ er \u00e5rsm\u00f8tet, som velger et styre.<br \/>\nStyret for 2020\/2021 best\u00e5r av:<br \/>\nMagnus Stulen (leder),\u00a0Ada Ripegutu Valle (nestleder), Andrea Gudbrands, Ingrid Eriksr\u00f8d og Christian Aronsen.<\/p>\n<p>Vara: Jon \u00c5smund Langemyhr, Erle Listaul og Bettina Gr\u00f8nli.<\/p><\/div><\/div><div id=\"module-1\" class=\"hogan-module hogan-module-image hogan-module-1 hogan-image-size-large\"><div class=\"hogan-module-inner\"><figure class=\"wp-caption size-large\"><img loading=\"lazy\" decoding=\"async\" width=\"1024\" height=\"577\" src=\"https:\/\/www.normisjon.no\/content\/uploads\/sites\/20\/2021\/11\/IMG_5828-2-1024x577.jpeg\" class=\"attachment-large size-large\" alt=\"\" srcset=\"https:\/\/www.normisjon.no\/content\/uploads\/sites\/20\/2021\/11\/IMG_5828-2-1024x577.jpeg 1024w, https:\/\/www.normisjon.no\/content\/uploads\/sites\/20\/2021\/11\/IMG_5828-2-300x169.jpeg 300w, https:\/\/www.normisjon.no\/content\/uploads\/sites\/20\/2021\/11\/IMG_5828-2-768x433.jpeg 768w, https:\/\/www.normisjon.no\/content\/uploads\/sites\/20\/2021\/11\/IMG_5828-2-1920x1081.jpeg 1920w, https:\/\/www.normisjon.no\/content\/uploads\/sites\/20\/2021\/11\/IMG_5828-2-1360x766.jpeg 1360w, https:\/\/www.normisjon.no\/content\/uploads\/sites\/20\/2021\/11\/IMG_5828-2-960x541.jpeg 960w\" sizes=\"auto, (max-width: 1024px) 100vw, 1024px\" \/><figcaption class=\"hogan-caption wp-caption-text\">Acta-teamet 2021\nFra v. Ingrid, Bettina, Ada, Elise, Andrea, Erle, Bertil\n<\/figcaption><\/figure><\/div><\/div>","protected":false},"excerpt":{"rendered":"<p>Normisjon, Region Telemark het f\u00f8r fusjonen mellom Det norske lutherske Indremisjonsselskap og Santalmisjonen i 2001, Langesundsfjordens Indremisjonsselskap. Langesundsfjordens Indremisjonsselskap var landets eldste Indremisjonsorganisasjon, stiftet i\u00a0 [&hellip;]<\/p>\n","protected":false},"author":30,"featured_media":534,"parent":0,"menu_order":0,"comment_status":"closed","ping_status":"closed","template":"","meta":{"_acf_changed":false,"footnotes":""},"class_list":["post-353","page","type-page","status-publish","has-post-thumbnail","hentry"],"acf":[],"yoast_head":"<!-- This site is optimized with the Yoast SEO plugin v25.9 - https:\/\/yoast.com\/wordpress\/plugins\/seo\/ -->\n<title>Hvem er vi? - Region Telemark<\/title>\n<meta name=\"description\" content=\"Hvem er Normisjon Telemark\" \/>\n<meta name=\"robots\" content=\"index, follow, max-snippet:-1, max-image-preview:large, max-video-preview:-1\" \/>\n<link rel=\"canonical\" href=\"https:\/\/www.normisjon.no\/telemark\/hvemervi\/\" \/>\n<meta property=\"og:locale\" content=\"nb_NO\" \/>\n<meta property=\"og:type\" content=\"article\" \/>\n<meta property=\"og:title\" content=\"Hvem er vi? - Region Telemark\" \/>\n<meta property=\"og:description\" content=\"Hvem er Normisjon Telemark\" \/>\n<meta property=\"og:url\" content=\"https:\/\/www.normisjon.no\/telemark\/hvemervi\/\" \/>\n<meta property=\"og:site_name\" content=\"Region Telemark\" \/>\n<meta property=\"article:modified_time\" content=\"2021-11-24T08:34:54+00:00\" \/>\n<meta property=\"og:image\" content=\"https:\/\/www.normisjon.no\/content\/uploads\/sites\/20\/2018\/09\/Logo-begge-a.jpg\" \/>\n\t<meta property=\"og:image:width\" content=\"2362\" \/>\n\t<meta property=\"og:image:height\" content=\"1890\" \/>\n\t<meta property=\"og:image:type\" content=\"image\/jpeg\" \/>\n<meta name=\"twitter:card\" content=\"summary_large_image\" \/>\n<script type=\"application\/ld+json\" class=\"yoast-schema-graph\">{\"@context\":\"https:\/\/schema.org\",\"@graph\":[{\"@type\":\"WebPage\",\"@id\":\"https:\/\/www.normisjon.no\/telemark\/hvemervi\/\",\"url\":\"https:\/\/www.normisjon.no\/telemark\/hvemervi\/\",\"name\":\"Hvem er vi? - Region Telemark\",\"isPartOf\":{\"@id\":\"https:\/\/www.normisjon.no\/telemark\/#website\"},\"primaryImageOfPage\":{\"@id\":\"https:\/\/www.normisjon.no\/telemark\/hvemervi\/#primaryimage\"},\"image\":{\"@id\":\"https:\/\/www.normisjon.no\/telemark\/hvemervi\/#primaryimage\"},\"thumbnailUrl\":\"https:\/\/www.normisjon.no\/content\/uploads\/sites\/20\/2018\/09\/Logo-begge-a.jpg\",\"datePublished\":\"2018-06-13T08:45:28+00:00\",\"dateModified\":\"2021-11-24T08:34:54+00:00\",\"description\":\"Hvem er Normisjon Telemark\",\"breadcrumb\":{\"@id\":\"https:\/\/www.normisjon.no\/telemark\/hvemervi\/#breadcrumb\"},\"inLanguage\":\"nb-NO\",\"potentialAction\":[{\"@type\":\"ReadAction\",\"target\":[\"https:\/\/www.normisjon.no\/telemark\/hvemervi\/\"]}]},{\"@type\":\"ImageObject\",\"inLanguage\":\"nb-NO\",\"@id\":\"https:\/\/www.normisjon.no\/telemark\/hvemervi\/#primaryimage\",\"url\":\"https:\/\/www.normisjon.no\/content\/uploads\/sites\/20\/2018\/09\/Logo-begge-a.jpg\",\"contentUrl\":\"https:\/\/www.normisjon.no\/content\/uploads\/sites\/20\/2018\/09\/Logo-begge-a.jpg\",\"width\":2362,\"height\":1890},{\"@type\":\"BreadcrumbList\",\"@id\":\"https:\/\/www.normisjon.no\/telemark\/hvemervi\/#breadcrumb\",\"itemListElement\":[{\"@type\":\"ListItem\",\"position\":1,\"name\":\"Home\",\"item\":\"https:\/\/www.normisjon.no\/telemark\/\"},{\"@type\":\"ListItem\",\"position\":2,\"name\":\"Hvem er vi?\"}]},{\"@type\":\"WebSite\",\"@id\":\"https:\/\/www.normisjon.no\/telemark\/#website\",\"url\":\"https:\/\/www.normisjon.no\/telemark\/\",\"name\":\"Region Telemark\",\"description\":\"Sammen er vi Normisjon\",\"potentialAction\":[{\"@type\":\"SearchAction\",\"target\":{\"@type\":\"EntryPoint\",\"urlTemplate\":\"https:\/\/www.normisjon.no\/telemark\/?s={search_term_string}\"},\"query-input\":{\"@type\":\"PropertyValueSpecification\",\"valueRequired\":true,\"valueName\":\"search_term_string\"}}],\"inLanguage\":\"nb-NO\"}]}<\/script>\n<!-- \/ Yoast SEO plugin. -->","yoast_head_json":{"title":"Hvem er vi? - Region Telemark","description":"Hvem er Normisjon Telemark","robots":{"index":"index","follow":"follow","max-snippet":"max-snippet:-1","max-image-preview":"max-image-preview:large","max-video-preview":"max-video-preview:-1"},"canonical":"https:\/\/www.normisjon.no\/telemark\/hvemervi\/","og_locale":"nb_NO","og_type":"article","og_title":"Hvem er vi? - Region Telemark","og_description":"Hvem er Normisjon Telemark","og_url":"https:\/\/www.normisjon.no\/telemark\/hvemervi\/","og_site_name":"Region Telemark","article_modified_time":"2021-11-24T08:34:54+00:00","og_image":[{"width":2362,"height":1890,"url":"https:\/\/www.normisjon.no\/content\/uploads\/sites\/20\/2018\/09\/Logo-begge-a.jpg","type":"image\/jpeg"}],"twitter_card":"summary_large_image","schema":{"@context":"https:\/\/schema.org","@graph":[{"@type":"WebPage","@id":"https:\/\/www.normisjon.no\/telemark\/hvemervi\/","url":"https:\/\/www.normisjon.no\/telemark\/hvemervi\/","name":"Hvem er vi? - Region Telemark","isPartOf":{"@id":"https:\/\/www.normisjon.no\/telemark\/#website"},"primaryImageOfPage":{"@id":"https:\/\/www.normisjon.no\/telemark\/hvemervi\/#primaryimage"},"image":{"@id":"https:\/\/www.normisjon.no\/telemark\/hvemervi\/#primaryimage"},"thumbnailUrl":"https:\/\/www.normisjon.no\/content\/uploads\/sites\/20\/2018\/09\/Logo-begge-a.jpg","datePublished":"2018-06-13T08:45:28+00:00","dateModified":"2021-11-24T08:34:54+00:00","description":"Hvem er Normisjon Telemark","breadcrumb":{"@id":"https:\/\/www.normisjon.no\/telemark\/hvemervi\/#breadcrumb"},"inLanguage":"nb-NO","potentialAction":[{"@type":"ReadAction","target":["https:\/\/www.normisjon.no\/telemark\/hvemervi\/"]}]},{"@type":"ImageObject","inLanguage":"nb-NO","@id":"https:\/\/www.normisjon.no\/telemark\/hvemervi\/#primaryimage","url":"https:\/\/www.normisjon.no\/content\/uploads\/sites\/20\/2018\/09\/Logo-begge-a.jpg","contentUrl":"https:\/\/www.normisjon.no\/content\/uploads\/sites\/20\/2018\/09\/Logo-begge-a.jpg","width":2362,"height":1890},{"@type":"BreadcrumbList","@id":"https:\/\/www.normisjon.no\/telemark\/hvemervi\/#breadcrumb","itemListElement":[{"@type":"ListItem","position":1,"name":"Home","item":"https:\/\/www.normisjon.no\/telemark\/"},{"@type":"ListItem","position":2,"name":"Hvem er vi?"}]},{"@type":"WebSite","@id":"https:\/\/www.normisjon.no\/telemark\/#website","url":"https:\/\/www.normisjon.no\/telemark\/","name":"Region Telemark","description":"Sammen er vi Normisjon","potentialAction":[{"@type":"SearchAction","target":{"@type":"EntryPoint","urlTemplate":"https:\/\/www.normisjon.no\/telemark\/?s={search_term_string}"},"query-input":{"@type":"PropertyValueSpecification","valueRequired":true,"valueName":"search_term_string"}}],"inLanguage":"nb-NO"}]}},"_links":{"self":[{"href":"https:\/\/www.normisjon.no\/telemark\/wp-json\/wp\/v2\/pages\/353","targetHints":{"allow":["GET"]}}],"collection":[{"href":"https:\/\/www.normisjon.no\/telemark\/wp-json\/wp\/v2\/pages"}],"about":[{"href":"https:\/\/www.normisjon.no\/telemark\/wp-json\/wp\/v2\/types\/page"}],"author":[{"embeddable":true,"href":"https:\/\/www.normisjon.no\/telemark\/wp-json\/wp\/v2\/users\/30"}],"replies":[{"embeddable":true,"href":"https:\/\/www.normisjon.no\/telemark\/wp-json\/wp\/v2\/comments?post=353"}],"version-history":[{"count":3,"href":"https:\/\/www.normisjon.no\/telemark\/wp-json\/wp\/v2\/pages\/353\/revisions"}],"predecessor-version":[{"id":1979,"href":"https:\/\/www.normisjon.no\/telemark\/wp-json\/wp\/v2\/pages\/353\/revisions\/1979"}],"wp:featuredmedia":[{"embeddable":true,"href":"https:\/\/www.normisjon.no\/telemark\/wp-json\/wp\/v2\/media\/534"}],"wp:attachment":[{"href":"https:\/\/www.normisjon.no\/telemark\/wp-json\/wp\/v2\/media?parent=353"}],"curies":[{"name":"wp","href":"https:\/\/api.w.org\/{rel}","templated":true}]}}