{"id":1748,"date":"2025-12-30T15:19:11","date_gmt":"2025-12-30T14:19:11","guid":{"rendered":"https:\/\/www.normisjon.no\/trondelag\/?page_id=1748"},"modified":"2026-01-15T11:05:38","modified_gmt":"2026-01-15T10:05:38","slug":"daglig-leder","status":"publish","type":"page","link":"https:\/\/www.normisjon.no\/trondelag\/daglig-leder\/","title":{"rendered":"Lise Vindsetmo blir daglig leder"},"content":{"rendered":"<div class=\"entry-content alignfull wp-block-post-content has-global-padding is-layout-constrained wp-block-post-content-is-layout-constrained\">\n<div class=\"wp-block-group has-global-padding is-layout-constrained wp-block-group-is-layout-constrained\">\n<p><strong>Norkirken Trondheim Salem og Normisjon region Tr\u00f8ndelag har ansatt Lise Vindsetmo (46) fra Trondheim i felles stilling som daglig leder.&nbsp;<\/strong><\/p>\n\n\n\n<figure class=\"wp-block-image alignright size-large is-resized\"><img loading=\"lazy\" decoding=\"async\" width=\"966\" height=\"1024\" src=\"https:\/\/www.normisjon.no\/content\/uploads\/sites\/21\/2025\/12\/Lise-Vindsetmo-966x1024.jpg\" alt=\"\" class=\"wp-image-1887\" style=\"width:338px;height:auto\" srcset=\"https:\/\/www.normisjon.no\/content\/uploads\/sites\/21\/2025\/12\/Lise-Vindsetmo-966x1024.jpg 966w, https:\/\/www.normisjon.no\/content\/uploads\/sites\/21\/2025\/12\/Lise-Vindsetmo-283x300.jpg 283w, https:\/\/www.normisjon.no\/content\/uploads\/sites\/21\/2025\/12\/Lise-Vindsetmo-768x814.jpg 768w, https:\/\/www.normisjon.no\/content\/uploads\/sites\/21\/2025\/12\/Lise-Vindsetmo-1449x1536.jpg 1449w, https:\/\/www.normisjon.no\/content\/uploads\/sites\/21\/2025\/12\/Lise-Vindsetmo-1932x2048.jpg 1932w, https:\/\/www.normisjon.no\/content\/uploads\/sites\/21\/2025\/12\/Lise-Vindsetmo-1920x2035.jpg 1920w, https:\/\/www.normisjon.no\/content\/uploads\/sites\/21\/2025\/12\/Lise-Vindsetmo-1360x1442.jpg 1360w, https:\/\/www.normisjon.no\/content\/uploads\/sites\/21\/2025\/12\/Lise-Vindsetmo-1811x1920.jpg 1811w, https:\/\/www.normisjon.no\/content\/uploads\/sites\/21\/2025\/12\/Lise-Vindsetmo-906x960.jpg 906w\" sizes=\"auto, (max-width: 966px) 100vw, 966px\" \/><\/figure>\n\n\n\n<p>&#8211; Lise har solid erfaring og utdanning. Vi er sv\u00e6rt tilfredse med at hun har takket ja til den nye jobben, sier styreledere Daniel Wiesenberg (Norkirken) og Torbj\u00f8rn Landmark (regionen).&nbsp;<\/p>\n\n\n\n<p>Vindsetmo kommer fra stillingen som seksjonsleder for Ty Tannklinikk i Trondheim, der hun har v\u00e6rt det siste \u00e5ret. F\u00f8r det var hun daglig leder i Sm\u00e5bergan barnehage i ti \u00e5r. Hun har en master fra Dronning Mauds Minne H\u00f8gskole og er i tillegg utdannet hjelpepleier.&nbsp;<\/p>\n\n\n\n<p>&#8211;&nbsp;Som leder er det viktig for meg \u00e5 skape et trygt fellesskap hvor ansatte og frivillige opplever vekst og utvikling, sier Lise Vindsetmo.&nbsp;<\/p>\n<\/div>\n\n\n\n<p>Vindsetmo har og utdanning i strategisk ledelse, og ser frem til \u00e5 v\u00e6re en del av Normisjon.&nbsp;<\/p>\n\n\n\n<p>&#8211; Jeg ser virkelig frem til \u00e5 begynne i denne spennende jobben.&nbsp;Jeg finner det sv\u00e6rt meningsfullt \u00e5 jobbe i en menighet der jeg f\u00e5r bidra i et fellesskap der mennesker kan vokse i tro og tjeneste, spesielt med menighetens tydelige satsing p\u00e5 barn, unge og misjon, som i tillegg ogs\u00e5 har et s\u00e5 stort samfunnsengasjement.&nbsp;<\/p>\n\n\n\n<p>&#8211; Jeg ser p\u00e5 dette som en unik mulighet til \u00e5 kombinere min faglige kompetanse med et engasjement jeg har hatt lenge, sier Vindsetmo.&nbsp;<\/p>\n\n\n\n<p>Styrene i Normisjon region Tr\u00f8ndelag og Norkirken Trondheim Salem har i lang tid jobbet med \u00e5 forene kreftene. Den nye felles daglige lederen vil ha det overordnede ansvaret for drift og utvikling av menigheten, regionen og de tilknyttede virksomhetene.<\/p>\n\n\n\n<p>&#8211; Norkirken er i stadig utvikling. Vi vokser her i byen, og ting er og i endring flere steder i Tr\u00f8ndelag. Vi m\u00e5 tenke nytt, det gj\u00f8r vi med denne stillingen, sier Wiesenberg.&nbsp;<\/p>\n\n\n\n<p>Vindsetmo tiltrer stillingen p\u00e5 v\u00e5rparten mars\/april.&nbsp;<\/p>\n\n\n\n<p><em>Publisert 30. desember 2025<\/em><\/p>\n\n\n\n<div style=\"height:48px\" aria-hidden=\"true\" class=\"wp-block-spacer\"><\/div>\n<\/div>","protected":false},"excerpt":{"rendered":"<p>Norkirken Trondheim Salem og Normisjon region Tr\u00f8ndelag har ansatt Lise Vindsetmo (46) fra Trondheim i felles stilling som daglig leder.&nbsp; &#8211; Lise har solid erfaring [&hellip;]<\/p>\n","protected":false},"author":124,"featured_media":1887,"parent":0,"menu_order":0,"comment_status":"closed","ping_status":"closed","template":"","meta":{"_acf_changed":false,"footnotes":""},"class_list":["post-1748","page","type-page","status-publish","has-post-thumbnail","hentry"],"acf":[],"yoast_head":"<!-- This site is optimized with the Yoast SEO plugin v25.9 - https:\/\/yoast.com\/wordpress\/plugins\/seo\/ -->\n<title>Lise Vindsetmo blir daglig leder - Normisjon Region Tr\u00f8ndelag<\/title>\n<meta name=\"robots\" content=\"index, follow, max-snippet:-1, max-image-preview:large, max-video-preview:-1\" \/>\n<link rel=\"canonical\" href=\"https:\/\/www.normisjon.no\/trondelag\/daglig-leder\/\" \/>\n<meta property=\"og:locale\" content=\"nb_NO\" \/>\n<meta property=\"og:type\" content=\"article\" \/>\n<meta property=\"og:title\" content=\"Lise Vindsetmo blir daglig leder - Normisjon Region Tr\u00f8ndelag\" \/>\n<meta property=\"og:description\" content=\"Norkirken Trondheim Salem og Normisjon region Tr\u00f8ndelag har ansatt Lise Vindsetmo (46) fra Trondheim i felles stilling som daglig leder.&nbsp; &#8211; Lise har solid erfaring [&hellip;]\" \/>\n<meta property=\"og:url\" content=\"https:\/\/www.normisjon.no\/trondelag\/daglig-leder\/\" \/>\n<meta property=\"og:site_name\" content=\"Normisjon Region Tr\u00f8ndelag\" \/>\n<meta property=\"article:publisher\" content=\"https:\/\/www.facebook.com\/NormisjonTrondelag\" \/>\n<meta property=\"article:modified_time\" content=\"2026-01-15T10:05:38+00:00\" \/>\n<meta property=\"og:image\" content=\"https:\/\/www.normisjon.no\/content\/uploads\/sites\/21\/2025\/12\/Lise-Vindsetmo-1-scaled.jpg\" \/>\n\t<meta property=\"og:image:width\" content=\"2560\" \/>\n\t<meta property=\"og:image:height\" content=\"1733\" \/>\n\t<meta property=\"og:image:type\" content=\"image\/jpeg\" \/>\n<meta name=\"twitter:card\" content=\"summary_large_image\" \/>\n<meta name=\"twitter:label1\" content=\"Ansl. lesetid\" \/>\n\t<meta name=\"twitter:data1\" content=\"2 minutter\" \/>\n<script type=\"application\/ld+json\" class=\"yoast-schema-graph\">{\"@context\":\"https:\/\/schema.org\",\"@graph\":[{\"@type\":\"WebPage\",\"@id\":\"https:\/\/www.normisjon.no\/trondelag\/daglig-leder\/\",\"url\":\"https:\/\/www.normisjon.no\/trondelag\/daglig-leder\/\",\"name\":\"Lise Vindsetmo blir daglig leder - Normisjon Region Tr\u00f8ndelag\",\"isPartOf\":{\"@id\":\"https:\/\/www.normisjon.no\/trondelag\/#website\"},\"primaryImageOfPage\":{\"@id\":\"https:\/\/www.normisjon.no\/trondelag\/daglig-leder\/#primaryimage\"},\"image\":{\"@id\":\"https:\/\/www.normisjon.no\/trondelag\/daglig-leder\/#primaryimage\"},\"thumbnailUrl\":\"https:\/\/www.normisjon.no\/content\/uploads\/sites\/21\/2025\/12\/Lise-Vindsetmo-scaled.jpg\",\"datePublished\":\"2025-12-30T14:19:11+00:00\",\"dateModified\":\"2026-01-15T10:05:38+00:00\",\"breadcrumb\":{\"@id\":\"https:\/\/www.normisjon.no\/trondelag\/daglig-leder\/#breadcrumb\"},\"inLanguage\":\"nb-NO\",\"potentialAction\":[{\"@type\":\"ReadAction\",\"target\":[\"https:\/\/www.normisjon.no\/trondelag\/daglig-leder\/\"]}]},{\"@type\":\"ImageObject\",\"inLanguage\":\"nb-NO\",\"@id\":\"https:\/\/www.normisjon.no\/trondelag\/daglig-leder\/#primaryimage\",\"url\":\"https:\/\/www.normisjon.no\/content\/uploads\/sites\/21\/2025\/12\/Lise-Vindsetmo-scaled.jpg\",\"contentUrl\":\"https:\/\/www.normisjon.no\/content\/uploads\/sites\/21\/2025\/12\/Lise-Vindsetmo-scaled.jpg\",\"width\":2415,\"height\":2560},{\"@type\":\"BreadcrumbList\",\"@id\":\"https:\/\/www.normisjon.no\/trondelag\/daglig-leder\/#breadcrumb\",\"itemListElement\":[{\"@type\":\"ListItem\",\"position\":1,\"name\":\"Home\",\"item\":\"https:\/\/www.normisjon.no\/trondelag\/\"},{\"@type\":\"ListItem\",\"position\":2,\"name\":\"Lise Vindsetmo blir daglig leder\"}]},{\"@type\":\"WebSite\",\"@id\":\"https:\/\/www.normisjon.no\/trondelag\/#website\",\"url\":\"https:\/\/www.normisjon.no\/trondelag\/\",\"name\":\"Normisjon Region Tr\u00f8ndelag\",\"description\":\"Jesus Kristus til nye generasjoner og folkeslag\",\"publisher\":{\"@id\":\"https:\/\/www.normisjon.no\/trondelag\/#organization\"},\"potentialAction\":[{\"@type\":\"SearchAction\",\"target\":{\"@type\":\"EntryPoint\",\"urlTemplate\":\"https:\/\/www.normisjon.no\/trondelag\/?s={search_term_string}\"},\"query-input\":{\"@type\":\"PropertyValueSpecification\",\"valueRequired\":true,\"valueName\":\"search_term_string\"}}],\"inLanguage\":\"nb-NO\"},{\"@type\":\"Organization\",\"@id\":\"https:\/\/www.normisjon.no\/trondelag\/#organization\",\"name\":\"Normisjon Region Tr\u00f8ndelag\",\"url\":\"https:\/\/www.normisjon.no\/trondelag\/\",\"logo\":{\"@type\":\"ImageObject\",\"inLanguage\":\"nb-NO\",\"@id\":\"https:\/\/www.normisjon.no\/trondelag\/#\/schema\/logo\/image\/\",\"url\":\"https:\/\/www.normisjon.no\/content\/uploads\/sites\/21\/2018\/10\/logo_Normisjon_svart_600.jpg\",\"contentUrl\":\"https:\/\/www.normisjon.no\/content\/uploads\/sites\/21\/2018\/10\/logo_Normisjon_svart_600.jpg\",\"width\":600,\"height\":173,\"caption\":\"Normisjon Region Tr\u00f8ndelag\"},\"image\":{\"@id\":\"https:\/\/www.normisjon.no\/trondelag\/#\/schema\/logo\/image\/\"},\"sameAs\":[\"https:\/\/www.facebook.com\/NormisjonTrondelag\"]}]}<\/script>\n<!-- \/ Yoast SEO plugin. -->","yoast_head_json":{"title":"Lise Vindsetmo blir daglig leder - Normisjon Region Tr\u00f8ndelag","robots":{"index":"index","follow":"follow","max-snippet":"max-snippet:-1","max-image-preview":"max-image-preview:large","max-video-preview":"max-video-preview:-1"},"canonical":"https:\/\/www.normisjon.no\/trondelag\/daglig-leder\/","og_locale":"nb_NO","og_type":"article","og_title":"Lise Vindsetmo blir daglig leder - Normisjon Region Tr\u00f8ndelag","og_description":"Norkirken Trondheim Salem og Normisjon region Tr\u00f8ndelag har ansatt Lise Vindsetmo (46) fra Trondheim i felles stilling som daglig leder.&nbsp; &#8211; Lise har solid erfaring [&hellip;]","og_url":"https:\/\/www.normisjon.no\/trondelag\/daglig-leder\/","og_site_name":"Normisjon Region Tr\u00f8ndelag","article_publisher":"https:\/\/www.facebook.com\/NormisjonTrondelag","article_modified_time":"2026-01-15T10:05:38+00:00","og_image":[{"width":2560,"height":1733,"url":"https:\/\/www.normisjon.no\/content\/uploads\/sites\/21\/2025\/12\/Lise-Vindsetmo-1-scaled.jpg","type":"image\/jpeg"}],"twitter_card":"summary_large_image","twitter_misc":{"Ansl. lesetid":"2 minutter"},"schema":{"@context":"https:\/\/schema.org","@graph":[{"@type":"WebPage","@id":"https:\/\/www.normisjon.no\/trondelag\/daglig-leder\/","url":"https:\/\/www.normisjon.no\/trondelag\/daglig-leder\/","name":"Lise Vindsetmo blir daglig leder - Normisjon Region Tr\u00f8ndelag","isPartOf":{"@id":"https:\/\/www.normisjon.no\/trondelag\/#website"},"primaryImageOfPage":{"@id":"https:\/\/www.normisjon.no\/trondelag\/daglig-leder\/#primaryimage"},"image":{"@id":"https:\/\/www.normisjon.no\/trondelag\/daglig-leder\/#primaryimage"},"thumbnailUrl":"https:\/\/www.normisjon.no\/content\/uploads\/sites\/21\/2025\/12\/Lise-Vindsetmo-scaled.jpg","datePublished":"2025-12-30T14:19:11+00:00","dateModified":"2026-01-15T10:05:38+00:00","breadcrumb":{"@id":"https:\/\/www.normisjon.no\/trondelag\/daglig-leder\/#breadcrumb"},"inLanguage":"nb-NO","potentialAction":[{"@type":"ReadAction","target":["https:\/\/www.normisjon.no\/trondelag\/daglig-leder\/"]}]},{"@type":"ImageObject","inLanguage":"nb-NO","@id":"https:\/\/www.normisjon.no\/trondelag\/daglig-leder\/#primaryimage","url":"https:\/\/www.normisjon.no\/content\/uploads\/sites\/21\/2025\/12\/Lise-Vindsetmo-scaled.jpg","contentUrl":"https:\/\/www.normisjon.no\/content\/uploads\/sites\/21\/2025\/12\/Lise-Vindsetmo-scaled.jpg","width":2415,"height":2560},{"@type":"BreadcrumbList","@id":"https:\/\/www.normisjon.no\/trondelag\/daglig-leder\/#breadcrumb","itemListElement":[{"@type":"ListItem","position":1,"name":"Home","item":"https:\/\/www.normisjon.no\/trondelag\/"},{"@type":"ListItem","position":2,"name":"Lise Vindsetmo blir daglig leder"}]},{"@type":"WebSite","@id":"https:\/\/www.normisjon.no\/trondelag\/#website","url":"https:\/\/www.normisjon.no\/trondelag\/","name":"Normisjon Region Tr\u00f8ndelag","description":"Jesus Kristus til nye generasjoner og folkeslag","publisher":{"@id":"https:\/\/www.normisjon.no\/trondelag\/#organization"},"potentialAction":[{"@type":"SearchAction","target":{"@type":"EntryPoint","urlTemplate":"https:\/\/www.normisjon.no\/trondelag\/?s={search_term_string}"},"query-input":{"@type":"PropertyValueSpecification","valueRequired":true,"valueName":"search_term_string"}}],"inLanguage":"nb-NO"},{"@type":"Organization","@id":"https:\/\/www.normisjon.no\/trondelag\/#organization","name":"Normisjon Region Tr\u00f8ndelag","url":"https:\/\/www.normisjon.no\/trondelag\/","logo":{"@type":"ImageObject","inLanguage":"nb-NO","@id":"https:\/\/www.normisjon.no\/trondelag\/#\/schema\/logo\/image\/","url":"https:\/\/www.normisjon.no\/content\/uploads\/sites\/21\/2018\/10\/logo_Normisjon_svart_600.jpg","contentUrl":"https:\/\/www.normisjon.no\/content\/uploads\/sites\/21\/2018\/10\/logo_Normisjon_svart_600.jpg","width":600,"height":173,"caption":"Normisjon Region Tr\u00f8ndelag"},"image":{"@id":"https:\/\/www.normisjon.no\/trondelag\/#\/schema\/logo\/image\/"},"sameAs":["https:\/\/www.facebook.com\/NormisjonTrondelag"]}]}},"_links":{"self":[{"href":"https:\/\/www.normisjon.no\/trondelag\/wp-json\/wp\/v2\/pages\/1748","targetHints":{"allow":["GET"]}}],"collection":[{"href":"https:\/\/www.normisjon.no\/trondelag\/wp-json\/wp\/v2\/pages"}],"about":[{"href":"https:\/\/www.normisjon.no\/trondelag\/wp-json\/wp\/v2\/types\/page"}],"author":[{"embeddable":true,"href":"https:\/\/www.normisjon.no\/trondelag\/wp-json\/wp\/v2\/users\/124"}],"replies":[{"embeddable":true,"href":"https:\/\/www.normisjon.no\/trondelag\/wp-json\/wp\/v2\/comments?post=1748"}],"version-history":[{"count":16,"href":"https:\/\/www.normisjon.no\/trondelag\/wp-json\/wp\/v2\/pages\/1748\/revisions"}],"predecessor-version":[{"id":1907,"href":"https:\/\/www.normisjon.no\/trondelag\/wp-json\/wp\/v2\/pages\/1748\/revisions\/1907"}],"wp:featuredmedia":[{"embeddable":true,"href":"https:\/\/www.normisjon.no\/trondelag\/wp-json\/wp\/v2\/media\/1887"}],"wp:attachment":[{"href":"https:\/\/www.normisjon.no\/trondelag\/wp-json\/wp\/v2\/media?parent=1748"}],"curies":[{"name":"wp","href":"https:\/\/api.w.org\/{rel}","templated":true}]}}