{"id":1870,"date":"2026-01-12T10:25:02","date_gmt":"2026-01-12T09:25:02","guid":{"rendered":"https:\/\/www.normisjon.no\/trondelag\/?page_id=1870"},"modified":"2026-01-16T16:46:34","modified_gmt":"2026-01-16T15:46:34","slug":"2025-03-klekkeriet","status":"publish","type":"page","link":"https:\/\/www.normisjon.no\/trondelag\/panorama\/2025-03-klekkeriet\/","title":{"rendered":"Et sted hvor dr\u00f8mmer f\u00e5r liv"},"content":{"rendered":"<div id=\"module-0\" class=\"hogan-module hogan-module-banner hogan-module-0 normisjon-banner-button-default hogan-banner-content-left hogan-module-width-full hogan-banner-theme-secondary hogan-banner-layout-columns hogan-banner-text-center\"><div class=\"hogan-module-inner\"><div class=\"hogan-banner\">\n\t<div class=\"hogan-banner-column hogan-banner-image\">\n\t\t<img loading=\"lazy\" decoding=\"async\" width=\"960\" height=\"555\" src=\"https:\/\/www.normisjon.no\/content\/uploads\/sites\/21\/2026\/01\/IMG_3289-scaled-e1768209882628-960x555.jpeg\" class=\"attachment-half-width size-half-width\" alt=\"\" srcset=\"https:\/\/www.normisjon.no\/content\/uploads\/sites\/21\/2026\/01\/IMG_3289-scaled-e1768209882628-960x555.jpeg 960w, https:\/\/www.normisjon.no\/content\/uploads\/sites\/21\/2026\/01\/IMG_3289-scaled-e1768209882628-300x173.jpeg 300w, https:\/\/www.normisjon.no\/content\/uploads\/sites\/21\/2026\/01\/IMG_3289-scaled-e1768209882628-1024x592.jpeg 1024w, https:\/\/www.normisjon.no\/content\/uploads\/sites\/21\/2026\/01\/IMG_3289-scaled-e1768209882628-768x444.jpeg 768w, https:\/\/www.normisjon.no\/content\/uploads\/sites\/21\/2026\/01\/IMG_3289-scaled-e1768209882628-1536x887.jpeg 1536w, https:\/\/www.normisjon.no\/content\/uploads\/sites\/21\/2026\/01\/IMG_3289-scaled-e1768209882628-2048x1183.jpeg 2048w, https:\/\/www.normisjon.no\/content\/uploads\/sites\/21\/2026\/01\/IMG_3289-scaled-e1768209882628-1920x1109.jpeg 1920w, https:\/\/www.normisjon.no\/content\/uploads\/sites\/21\/2026\/01\/IMG_3289-scaled-e1768209882628-1360x786.jpeg 1360w\" sizes=\"auto, (max-width: 960px) 100vw, 960px\" \/>\t<\/div>\n\t\t\t<div class=\"hogan-banner-column hogan-banner-content\">\n\t\t\t<div class=\"hogan-banner-content-inner\">\n\t\t\t\t<h2 class=\"hogan-heading\">Klekkeriet<\/h2><p>Hvordan kan dr\u00f8mmer bli til virkelighet? Hvordan kan visjoner for fellesskap og tro f\u00e5 vokse frem og b\u00e6re frukt? I Normisjon har man utviklet et konsept som nettopp handler om dette. Det kalles Klekkeriet \u2013 et sted hvor dr\u00f8mmer f\u00e5r modnes, formes og til slutt \u00abklekkes\u00bb ut i verden.<\/p>\n\t\t\t<\/div>\n\t\t<\/div>\n\t<\/div>\n<\/div><\/div><div id=\"module-1\" class=\"hogan-module hogan-module-text hogan-module-1\"><div class=\"hogan-module-inner\"><p>Av: SANDRA KARINE KVISGAARD IVERSEN (publisert i Panorama nr. 3-2025)<\/p>\n<p><strong>Et rom for dr\u00f8mmer og vekst<\/strong><\/p>\n<p>Klekkeriet er et samlingspunkt for mennesker som \u00f8nsker \u00e5 sette ord p\u00e5 dr\u00f8mmer, dele visjoner og finne veien videre \u2013 steg for steg. Ideen er enkel, men kraftfull: N\u00e5r man f\u00e5r hjelp til \u00e5 uttrykke det<br \/>\nman lengter etter, kan det ogs\u00e5 vokse frem noe nytt.<\/p>\n<p>Bildet av et egg som ligger klart til klekking, gir en god illustrasjon. I trygge omgivelser f\u00e5r dr\u00f8mmer tid til \u00e5 modnes, og n\u00e5r tiden er inne, kan de bryte frem til liv.<\/p>\n<p><strong>Erfaringer fra Tr\u00f8ndelag<\/strong><\/p>\n<p>Allerede har flere fellesskap f\u00e5tt erfare hvor inspirerende og samlende dette kan<br \/>\nv\u00e6re. B\u00e5de B\u00f8rsa og Rennebu har hatt bes\u00f8k av felleskapsutvikler Sandra Iversen, som har ledet samlinger der deltakerne har f\u00e5tt reflektere over dr\u00f8mmer, visjoner og neste steg. Nylig ble det ogs\u00e5 arrangert en fellesskapsdag p\u00e5 R\u00f8ros, der deltakerne sammen fikk utforske hva Gud kanskje allerede har lagt ned av spirer i hjertene deres. Som en deltager fra Alvdal sa: \u00abDette var s\u00e5 nyttig! Kunne \u00f8nske hele fellesskapet mitt var her! Jeg har jo f\u00e5tt l\u00e6re s\u00e5 mye av dette, men vi skulle ha f\u00e5tt l\u00e6rt dette sammen!\u00bb<\/p>\n<p>Et Klekkeri best\u00e5r som regel av tre deler. Hver del har litt input, men det er hovedsakelig samtalen til de man sitter sammen med som vies tid.<\/p>\n<p><strong>Hvorfor plante<\/strong><br \/>\nHer f\u00e5r man utforske hvorfor det er viktig \u00e5 starte noe nytt \u2013 og hva som driver oss.<\/p>\n<p><strong>Hvordan plante<\/strong><br \/>\nI denne delen ser man p\u00e5 konkrete steg for \u00e5 gj\u00f8re dr\u00f8mmen virkelig: Hvordan g\u00e5r man frem, hvem trengs, og hvilke ressurser finnes?<\/p>\n<p><strong>Hvor \u2014 og med hvem?<\/strong><br \/>\nTil slutt handler det om \u00e5 finne stedet og fellesskapet der dr\u00f8mmen kan sl\u00e5 rot.<\/p>\n<p><strong>Planting som grunnprinsipp<\/strong><br \/>\nSelve tanken om \u00e5 \u00abplante\u00bb har r\u00f8tter i Bibelen. Paulus skriver:<br \/>\n\u00abJeg plantet, Apollos vannet, men Gud ga vekst.\u00bb (1. Kor 3,6)<br \/>\nDet er Gud som gir vekst, men vi f\u00e5r lov til \u00e5 v\u00e6re med \u00e5 plante fr\u00f8ene. Kanskje er det dr\u00f8mmen om et nytt fellesskap, en samling i bygda, eller en m\u00e5te \u00e5 vise Guds kj\u00e6rlighet p\u00e5 i praksis. Uansett form handler Klekkeriet om \u00e5 lytte til hva Gud gj\u00f8r \u2014 og v\u00e5ge \u00e5 ta de f\u00f8rste skrittene mot det.<\/p>\n<p>I l\u00f8pet av v\u00e5ren er planen \u00e5 gjennomf\u00f8re flere omr\u00e5desamlinger i regionen.<\/p><\/div><\/div>","protected":false},"excerpt":{"rendered":"<p>KlekkerietHvordan kan dr\u00f8mmer bli til virkelighet? Hvordan kan visjoner for fellesskap og tro f\u00e5 vokse frem og b\u00e6re frukt? I Normisjon har man utviklet et [&hellip;]<\/p>\n","protected":false},"author":145,"featured_media":0,"parent":91,"menu_order":0,"comment_status":"closed","ping_status":"closed","template":"","meta":{"_acf_changed":false,"footnotes":""},"class_list":["post-1870","page","type-page","status-publish","hentry"],"acf":[],"yoast_head":"<!-- This site is optimized with the Yoast SEO plugin v25.9 - https:\/\/yoast.com\/wordpress\/plugins\/seo\/ -->\n<title>Et sted hvor dr\u00f8mmer f\u00e5r liv - Normisjon Region Tr\u00f8ndelag<\/title>\n<meta name=\"robots\" content=\"index, follow, max-snippet:-1, max-image-preview:large, max-video-preview:-1\" \/>\n<link rel=\"canonical\" href=\"https:\/\/www.normisjon.no\/trondelag\/panorama\/2025-03-klekkeriet\/\" \/>\n<meta property=\"og:locale\" content=\"nb_NO\" \/>\n<meta property=\"og:type\" content=\"article\" \/>\n<meta property=\"og:title\" content=\"Et sted hvor dr\u00f8mmer f\u00e5r liv - Normisjon Region Tr\u00f8ndelag\" \/>\n<meta property=\"og:description\" content=\"KlekkerietHvordan kan dr\u00f8mmer bli til virkelighet? Hvordan kan visjoner for fellesskap og tro f\u00e5 vokse frem og b\u00e6re frukt? I Normisjon har man utviklet et [&hellip;]\" \/>\n<meta property=\"og:url\" content=\"https:\/\/www.normisjon.no\/trondelag\/panorama\/2025-03-klekkeriet\/\" \/>\n<meta property=\"og:site_name\" content=\"Normisjon Region Tr\u00f8ndelag\" \/>\n<meta property=\"article:publisher\" content=\"https:\/\/www.facebook.com\/NormisjonTrondelag\" \/>\n<meta property=\"article:modified_time\" content=\"2026-01-16T15:46:34+00:00\" \/>\n<meta name=\"twitter:card\" content=\"summary_large_image\" \/>\n<script type=\"application\/ld+json\" class=\"yoast-schema-graph\">{\"@context\":\"https:\/\/schema.org\",\"@graph\":[{\"@type\":\"WebPage\",\"@id\":\"https:\/\/www.normisjon.no\/trondelag\/panorama\/2025-03-klekkeriet\/\",\"url\":\"https:\/\/www.normisjon.no\/trondelag\/panorama\/2025-03-klekkeriet\/\",\"name\":\"Et sted hvor dr\u00f8mmer f\u00e5r liv - Normisjon Region Tr\u00f8ndelag\",\"isPartOf\":{\"@id\":\"https:\/\/www.normisjon.no\/trondelag\/#website\"},\"datePublished\":\"2026-01-12T09:25:02+00:00\",\"dateModified\":\"2026-01-16T15:46:34+00:00\",\"breadcrumb\":{\"@id\":\"https:\/\/www.normisjon.no\/trondelag\/panorama\/2025-03-klekkeriet\/#breadcrumb\"},\"inLanguage\":\"nb-NO\",\"potentialAction\":[{\"@type\":\"ReadAction\",\"target\":[\"https:\/\/www.normisjon.no\/trondelag\/panorama\/2025-03-klekkeriet\/\"]}]},{\"@type\":\"BreadcrumbList\",\"@id\":\"https:\/\/www.normisjon.no\/trondelag\/panorama\/2025-03-klekkeriet\/#breadcrumb\",\"itemListElement\":[{\"@type\":\"ListItem\",\"position\":1,\"name\":\"Home\",\"item\":\"https:\/\/www.normisjon.no\/trondelag\/\"},{\"@type\":\"ListItem\",\"position\":2,\"name\":\"Panorama\",\"item\":\"https:\/\/www.normisjon.no\/trondelag\/panorama\/\"},{\"@type\":\"ListItem\",\"position\":3,\"name\":\"Et sted hvor dr\u00f8mmer f\u00e5r liv\"}]},{\"@type\":\"WebSite\",\"@id\":\"https:\/\/www.normisjon.no\/trondelag\/#website\",\"url\":\"https:\/\/www.normisjon.no\/trondelag\/\",\"name\":\"Normisjon Region Tr\u00f8ndelag\",\"description\":\"Jesus Kristus til nye generasjoner og folkeslag\",\"publisher\":{\"@id\":\"https:\/\/www.normisjon.no\/trondelag\/#organization\"},\"potentialAction\":[{\"@type\":\"SearchAction\",\"target\":{\"@type\":\"EntryPoint\",\"urlTemplate\":\"https:\/\/www.normisjon.no\/trondelag\/?s={search_term_string}\"},\"query-input\":{\"@type\":\"PropertyValueSpecification\",\"valueRequired\":true,\"valueName\":\"search_term_string\"}}],\"inLanguage\":\"nb-NO\"},{\"@type\":\"Organization\",\"@id\":\"https:\/\/www.normisjon.no\/trondelag\/#organization\",\"name\":\"Normisjon Region Tr\u00f8ndelag\",\"url\":\"https:\/\/www.normisjon.no\/trondelag\/\",\"logo\":{\"@type\":\"ImageObject\",\"inLanguage\":\"nb-NO\",\"@id\":\"https:\/\/www.normisjon.no\/trondelag\/#\/schema\/logo\/image\/\",\"url\":\"https:\/\/www.normisjon.no\/content\/uploads\/sites\/21\/2018\/10\/logo_Normisjon_svart_600.jpg\",\"contentUrl\":\"https:\/\/www.normisjon.no\/content\/uploads\/sites\/21\/2018\/10\/logo_Normisjon_svart_600.jpg\",\"width\":600,\"height\":173,\"caption\":\"Normisjon Region Tr\u00f8ndelag\"},\"image\":{\"@id\":\"https:\/\/www.normisjon.no\/trondelag\/#\/schema\/logo\/image\/\"},\"sameAs\":[\"https:\/\/www.facebook.com\/NormisjonTrondelag\"]}]}<\/script>\n<!-- \/ Yoast SEO plugin. -->","yoast_head_json":{"title":"Et sted hvor dr\u00f8mmer f\u00e5r liv - Normisjon Region Tr\u00f8ndelag","robots":{"index":"index","follow":"follow","max-snippet":"max-snippet:-1","max-image-preview":"max-image-preview:large","max-video-preview":"max-video-preview:-1"},"canonical":"https:\/\/www.normisjon.no\/trondelag\/panorama\/2025-03-klekkeriet\/","og_locale":"nb_NO","og_type":"article","og_title":"Et sted hvor dr\u00f8mmer f\u00e5r liv - Normisjon Region Tr\u00f8ndelag","og_description":"KlekkerietHvordan kan dr\u00f8mmer bli til virkelighet? Hvordan kan visjoner for fellesskap og tro f\u00e5 vokse frem og b\u00e6re frukt? I Normisjon har man utviklet et [&hellip;]","og_url":"https:\/\/www.normisjon.no\/trondelag\/panorama\/2025-03-klekkeriet\/","og_site_name":"Normisjon Region Tr\u00f8ndelag","article_publisher":"https:\/\/www.facebook.com\/NormisjonTrondelag","article_modified_time":"2026-01-16T15:46:34+00:00","twitter_card":"summary_large_image","schema":{"@context":"https:\/\/schema.org","@graph":[{"@type":"WebPage","@id":"https:\/\/www.normisjon.no\/trondelag\/panorama\/2025-03-klekkeriet\/","url":"https:\/\/www.normisjon.no\/trondelag\/panorama\/2025-03-klekkeriet\/","name":"Et sted hvor dr\u00f8mmer f\u00e5r liv - Normisjon Region Tr\u00f8ndelag","isPartOf":{"@id":"https:\/\/www.normisjon.no\/trondelag\/#website"},"datePublished":"2026-01-12T09:25:02+00:00","dateModified":"2026-01-16T15:46:34+00:00","breadcrumb":{"@id":"https:\/\/www.normisjon.no\/trondelag\/panorama\/2025-03-klekkeriet\/#breadcrumb"},"inLanguage":"nb-NO","potentialAction":[{"@type":"ReadAction","target":["https:\/\/www.normisjon.no\/trondelag\/panorama\/2025-03-klekkeriet\/"]}]},{"@type":"BreadcrumbList","@id":"https:\/\/www.normisjon.no\/trondelag\/panorama\/2025-03-klekkeriet\/#breadcrumb","itemListElement":[{"@type":"ListItem","position":1,"name":"Home","item":"https:\/\/www.normisjon.no\/trondelag\/"},{"@type":"ListItem","position":2,"name":"Panorama","item":"https:\/\/www.normisjon.no\/trondelag\/panorama\/"},{"@type":"ListItem","position":3,"name":"Et sted hvor dr\u00f8mmer f\u00e5r liv"}]},{"@type":"WebSite","@id":"https:\/\/www.normisjon.no\/trondelag\/#website","url":"https:\/\/www.normisjon.no\/trondelag\/","name":"Normisjon Region Tr\u00f8ndelag","description":"Jesus Kristus til nye generasjoner og folkeslag","publisher":{"@id":"https:\/\/www.normisjon.no\/trondelag\/#organization"},"potentialAction":[{"@type":"SearchAction","target":{"@type":"EntryPoint","urlTemplate":"https:\/\/www.normisjon.no\/trondelag\/?s={search_term_string}"},"query-input":{"@type":"PropertyValueSpecification","valueRequired":true,"valueName":"search_term_string"}}],"inLanguage":"nb-NO"},{"@type":"Organization","@id":"https:\/\/www.normisjon.no\/trondelag\/#organization","name":"Normisjon Region Tr\u00f8ndelag","url":"https:\/\/www.normisjon.no\/trondelag\/","logo":{"@type":"ImageObject","inLanguage":"nb-NO","@id":"https:\/\/www.normisjon.no\/trondelag\/#\/schema\/logo\/image\/","url":"https:\/\/www.normisjon.no\/content\/uploads\/sites\/21\/2018\/10\/logo_Normisjon_svart_600.jpg","contentUrl":"https:\/\/www.normisjon.no\/content\/uploads\/sites\/21\/2018\/10\/logo_Normisjon_svart_600.jpg","width":600,"height":173,"caption":"Normisjon Region Tr\u00f8ndelag"},"image":{"@id":"https:\/\/www.normisjon.no\/trondelag\/#\/schema\/logo\/image\/"},"sameAs":["https:\/\/www.facebook.com\/NormisjonTrondelag"]}]}},"_links":{"self":[{"href":"https:\/\/www.normisjon.no\/trondelag\/wp-json\/wp\/v2\/pages\/1870","targetHints":{"allow":["GET"]}}],"collection":[{"href":"https:\/\/www.normisjon.no\/trondelag\/wp-json\/wp\/v2\/pages"}],"about":[{"href":"https:\/\/www.normisjon.no\/trondelag\/wp-json\/wp\/v2\/types\/page"}],"author":[{"embeddable":true,"href":"https:\/\/www.normisjon.no\/trondelag\/wp-json\/wp\/v2\/users\/145"}],"replies":[{"embeddable":true,"href":"https:\/\/www.normisjon.no\/trondelag\/wp-json\/wp\/v2\/comments?post=1870"}],"version-history":[{"count":9,"href":"https:\/\/www.normisjon.no\/trondelag\/wp-json\/wp\/v2\/pages\/1870\/revisions"}],"predecessor-version":[{"id":1942,"href":"https:\/\/www.normisjon.no\/trondelag\/wp-json\/wp\/v2\/pages\/1870\/revisions\/1942"}],"up":[{"embeddable":true,"href":"https:\/\/www.normisjon.no\/trondelag\/wp-json\/wp\/v2\/pages\/91"}],"wp:attachment":[{"href":"https:\/\/www.normisjon.no\/trondelag\/wp-json\/wp\/v2\/media?parent=1870"}],"curies":[{"name":"wp","href":"https:\/\/api.w.org\/{rel}","templated":true}]}}