{"id":1961,"date":"2026-03-31T10:26:15","date_gmt":"2026-03-31T08:26:15","guid":{"rendered":"https:\/\/www.normisjon.no\/trondelag\/?page_id=1961"},"modified":"2026-03-31T10:30:55","modified_gmt":"2026-03-31T08:30:55","slug":"arsmote-normisjon-region-trondelag","status":"publish","type":"page","link":"https:\/\/www.normisjon.no\/trondelag\/arsmote-normisjon-region-trondelag\/","title":{"rendered":"\u00c5rsm\u00f8te Normisjon region Tr\u00f8ndelag"},"content":{"rendered":"<div class=\"entry-content alignfull wp-block-post-content has-global-padding is-layout-constrained wp-block-post-content-is-layout-constrained\">\n<style>\n\t.nm-schedule-day {\n\t\tdisplay: grid;\n\t\tgap: 10px;\n\t}\n\n\t.nm-schedule-day p {\n\t\tmargin: 0;\n\t}\n\n\t.nm-schedule-grid {\n\t\tdisplay: grid;\n\t\tgrid-template-columns: 70px minmax(0, 1fr);\n\t\tcolumn-gap: 0;\n\t\trow-gap: 0;\n\t\talign-items: start;\n\t}\n\n\t.nm-schedule-time {\n\t\twhite-space: nowrap;\n\t}\n\n\t.nm-schedule-time,\n\t.nm-schedule-item {\n\t\tmargin: 0;\n\t}\n\n\t.nm-schedule-item {\n\t\tmin-width: 0;\n\t\toverflow-wrap: anywhere;\n\t}\n\n\t@media (max-width: 480px) {\n\t\t.nm-schedule-grid {\n\t\t\tgrid-template-columns: 64px minmax(0, 1fr);\n\t\t}\n\t}\n<\/style>\n\n\n\n<div class=\"wp-block-group has-global-padding is-layout-constrained wp-container-core-group-is-layout-bdcbbb17 wp-block-group-is-layout-constrained\">\n<h2 class=\"wp-block-heading\">18. april, IMI St\u00f8len<\/h2>\n\n\n\n<p>\n\t\tP\u00e5melding (frist 15. april):\n\t\t<a href=\"https:\/\/docs.google.com\/forms\/d\/e\/1FAIpQLSfQaPSkbI8HwoNf2eMvM1O55BxqfA_Sj9GsfRAo_dxfi_a2SQ\/viewform\">\n\t\t\timi-stolen.no\/pamelding\n\t\t<\/a>\n\t<\/p>\n\n\n\n<h2 class=\"wp-block-heading\">Program<\/h2>\n\n\n\n<div class=\"nm-schedule-day\">\n\t\t<p><strong>L\u00f8rdag 18. april<\/strong><\/p>\n\n\t\t<div class=\"nm-schedule-grid\">\n\t\t\t<div class=\"nm-schedule-time\">11:30<\/div>\n\t\t\t<div class=\"nm-schedule-item\">Lunsj<\/div>\n\n\t\t\t<div class=\"nm-schedule-time\">13:00<\/div>\n\t\t\t<div class=\"nm-schedule-item\">\u00c5rsm\u00f8te<\/div>\n\n\t\t\t<div class=\"nm-schedule-time\">17:00<\/div>\n\t\t\t<div class=\"nm-schedule-item\">Middag<\/div>\n\n\t\t\t<div class=\"nm-schedule-time\">19:30<\/div>\n\t\t\t<div class=\"nm-schedule-item\">\n\t\t\t\tKveldsandakt m\/Tore Bj\u00f8rsvik<br>\n\t\t\t\tVitnesbyrd og bilder fra Kambodsja og Japan<br>\n\t\t\t\tm\/studenter p\u00e5 G\u00e5 Ut Senteret\n\t\t\t<\/div>\n\n\t\t\t<div class=\"nm-schedule-time\">20:00<\/div>\n\t\t\t<div class=\"nm-schedule-item\">Allsang m\/Sandra Karine Iversen<\/div>\n\n\t\t\t<div class=\"nm-schedule-time\">21:30<\/div>\n\t\t\t<div class=\"nm-schedule-item\">Kaker og kaffe<\/div>\n\t\t<\/div>\n\t<\/div>\n\n\n\n<div class=\"nm-schedule-day\">\n\t\t<p><strong>S\u00f8ndag 19. april<\/strong><\/p>\n\n\t\t<div class=\"nm-schedule-grid\">\n\t\t\t<div class=\"nm-schedule-time\">08:00<\/div>\n\t\t\t<div class=\"nm-schedule-item\">Frokost m\/ord for dagen<\/div>\n\n\t\t\t<div class=\"nm-schedule-time\">10:00<\/div>\n\t\t\t<div class=\"nm-schedule-item\">\n\t\t\t\tM\u00f8te, tema misjon m\/Tore Bj\u00f8rsvik<br>\n\t\t\t\tOddbj\u00f8rn Saltbones p\u00e5 piano\n\t\t\t<\/div>\n\n\t\t\t<div class=\"nm-schedule-time\">12:30<\/div>\n\t\t\t<div class=\"nm-schedule-item\">Middag og avslutning<\/div>\n\t\t<\/div>\n\t<\/div>\n\n\n\n<h2 class=\"wp-block-heading\">Saksliste for \u00e5rsm\u00f8tet<\/h2>\n\n\n\n<ul class=\"wp-block-list\">\n<li>\u00c5rsrapport, regnskap, revisjonsrapport for regionen og IMI St\u00f8len<\/li>\n\n\n\n<li>\u00c5rsrapport Acta, Hallarheim og hilsen fra skolene<\/li>\n\n\n\n<li>Budsjett for 2026<\/li>\n\n\n\n<li>Til orientering valg av fast medlem og vara til regionstyret<\/li>\n\n\n\n<li>Valg av valgkomit\u00e9<\/li>\n\n\n\n<li>Valg av revisor for 2026<\/li>\n\n\n\n<li>Hilsen fra landsstyret<\/li>\n\n\n\n<li>Bevar<\/li>\n\n\n\n<li>IMI St\u00f8len \u2013 dette har skjedd siden forrige \u00e5rsm\u00f8te<\/li>\n\n\n\n<li>Frimodige ytringer om arbeidet i Normisjon<\/li>\n<\/ul>\n<\/div>\n\n\n\n<figure class=\"wp-block-image size-full\"><img loading=\"lazy\" decoding=\"async\" width=\"595\" height=\"842\" src=\"https:\/\/www.normisjon.no\/content\/uploads\/sites\/21\/2026\/03\/Plakat-arsmote-2026.png\" alt=\"\" class=\"wp-image-1982\" srcset=\"https:\/\/www.normisjon.no\/content\/uploads\/sites\/21\/2026\/03\/Plakat-arsmote-2026.png 595w, https:\/\/www.normisjon.no\/content\/uploads\/sites\/21\/2026\/03\/Plakat-arsmote-2026-212x300.png 212w\" sizes=\"auto, (max-width: 595px) 100vw, 595px\" \/><\/figure>\n<\/div>","protected":false},"excerpt":{"rendered":"<p>18. april, IMI St\u00f8len P\u00e5melding (frist 15. april): imi-stolen.no\/pamelding Program L\u00f8rdag 18. april 11:30 Lunsj 13:00 \u00c5rsm\u00f8te 17:00 Middag 19:30 Kveldsandakt m\/Tore Bj\u00f8rsvik Vitnesbyrd og [&hellip;]<\/p>\n","protected":false},"author":140,"featured_media":1982,"parent":0,"menu_order":0,"comment_status":"closed","ping_status":"closed","template":"","meta":{"_acf_changed":false,"footnotes":""},"class_list":["post-1961","page","type-page","status-publish","has-post-thumbnail","hentry"],"acf":[],"yoast_head":"<!-- This site is optimized with the Yoast SEO plugin v25.9 - https:\/\/yoast.com\/wordpress\/plugins\/seo\/ -->\n<title>\u00c5rsm\u00f8te Normisjon region Tr\u00f8ndelag - Normisjon Region Tr\u00f8ndelag<\/title>\n<meta name=\"robots\" content=\"index, follow, max-snippet:-1, max-image-preview:large, max-video-preview:-1\" \/>\n<link rel=\"canonical\" href=\"https:\/\/www.normisjon.no\/trondelag\/arsmote-normisjon-region-trondelag\/\" \/>\n<meta property=\"og:locale\" content=\"nb_NO\" \/>\n<meta property=\"og:type\" content=\"article\" \/>\n<meta property=\"og:title\" content=\"\u00c5rsm\u00f8te Normisjon region Tr\u00f8ndelag - Normisjon Region Tr\u00f8ndelag\" \/>\n<meta property=\"og:description\" content=\"18. april, IMI St\u00f8len P\u00e5melding (frist 15. april): imi-stolen.no\/pamelding Program L\u00f8rdag 18. april 11:30 Lunsj 13:00 \u00c5rsm\u00f8te 17:00 Middag 19:30 Kveldsandakt m\/Tore Bj\u00f8rsvik Vitnesbyrd og [&hellip;]\" \/>\n<meta property=\"og:url\" content=\"https:\/\/www.normisjon.no\/trondelag\/arsmote-normisjon-region-trondelag\/\" \/>\n<meta property=\"og:site_name\" content=\"Normisjon Region Tr\u00f8ndelag\" \/>\n<meta property=\"article:publisher\" content=\"https:\/\/www.facebook.com\/NormisjonTrondelag\" \/>\n<meta property=\"article:modified_time\" content=\"2026-03-31T08:30:55+00:00\" \/>\n<meta property=\"og:image\" content=\"https:\/\/www.normisjon.no\/content\/uploads\/sites\/21\/2026\/03\/Plakat-arsmote-2026.png\" \/>\n\t<meta property=\"og:image:width\" content=\"595\" \/>\n\t<meta property=\"og:image:height\" content=\"842\" \/>\n\t<meta property=\"og:image:type\" content=\"image\/png\" \/>\n<meta name=\"twitter:card\" content=\"summary_large_image\" \/>\n<meta name=\"twitter:label1\" content=\"Ansl. lesetid\" \/>\n\t<meta name=\"twitter:data1\" content=\"2 minutter\" \/>\n<script type=\"application\/ld+json\" class=\"yoast-schema-graph\">{\"@context\":\"https:\/\/schema.org\",\"@graph\":[{\"@type\":\"WebPage\",\"@id\":\"https:\/\/www.normisjon.no\/trondelag\/arsmote-normisjon-region-trondelag\/\",\"url\":\"https:\/\/www.normisjon.no\/trondelag\/arsmote-normisjon-region-trondelag\/\",\"name\":\"\u00c5rsm\u00f8te Normisjon region Tr\u00f8ndelag - Normisjon Region Tr\u00f8ndelag\",\"isPartOf\":{\"@id\":\"https:\/\/www.normisjon.no\/trondelag\/#website\"},\"primaryImageOfPage\":{\"@id\":\"https:\/\/www.normisjon.no\/trondelag\/arsmote-normisjon-region-trondelag\/#primaryimage\"},\"image\":{\"@id\":\"https:\/\/www.normisjon.no\/trondelag\/arsmote-normisjon-region-trondelag\/#primaryimage\"},\"thumbnailUrl\":\"https:\/\/www.normisjon.no\/content\/uploads\/sites\/21\/2026\/03\/Plakat-arsmote-2026.png\",\"datePublished\":\"2026-03-31T08:26:15+00:00\",\"dateModified\":\"2026-03-31T08:30:55+00:00\",\"breadcrumb\":{\"@id\":\"https:\/\/www.normisjon.no\/trondelag\/arsmote-normisjon-region-trondelag\/#breadcrumb\"},\"inLanguage\":\"nb-NO\",\"potentialAction\":[{\"@type\":\"ReadAction\",\"target\":[\"https:\/\/www.normisjon.no\/trondelag\/arsmote-normisjon-region-trondelag\/\"]}]},{\"@type\":\"ImageObject\",\"inLanguage\":\"nb-NO\",\"@id\":\"https:\/\/www.normisjon.no\/trondelag\/arsmote-normisjon-region-trondelag\/#primaryimage\",\"url\":\"https:\/\/www.normisjon.no\/content\/uploads\/sites\/21\/2026\/03\/Plakat-arsmote-2026.png\",\"contentUrl\":\"https:\/\/www.normisjon.no\/content\/uploads\/sites\/21\/2026\/03\/Plakat-arsmote-2026.png\",\"width\":595,\"height\":842},{\"@type\":\"BreadcrumbList\",\"@id\":\"https:\/\/www.normisjon.no\/trondelag\/arsmote-normisjon-region-trondelag\/#breadcrumb\",\"itemListElement\":[{\"@type\":\"ListItem\",\"position\":1,\"name\":\"Home\",\"item\":\"https:\/\/www.normisjon.no\/trondelag\/\"},{\"@type\":\"ListItem\",\"position\":2,\"name\":\"\u00c5rsm\u00f8te Normisjon region Tr\u00f8ndelag\"}]},{\"@type\":\"WebSite\",\"@id\":\"https:\/\/www.normisjon.no\/trondelag\/#website\",\"url\":\"https:\/\/www.normisjon.no\/trondelag\/\",\"name\":\"Normisjon Region Tr\u00f8ndelag\",\"description\":\"Jesus Kristus til nye generasjoner og folkeslag\",\"publisher\":{\"@id\":\"https:\/\/www.normisjon.no\/trondelag\/#organization\"},\"potentialAction\":[{\"@type\":\"SearchAction\",\"target\":{\"@type\":\"EntryPoint\",\"urlTemplate\":\"https:\/\/www.normisjon.no\/trondelag\/?s={search_term_string}\"},\"query-input\":{\"@type\":\"PropertyValueSpecification\",\"valueRequired\":true,\"valueName\":\"search_term_string\"}}],\"inLanguage\":\"nb-NO\"},{\"@type\":\"Organization\",\"@id\":\"https:\/\/www.normisjon.no\/trondelag\/#organization\",\"name\":\"Normisjon Region Tr\u00f8ndelag\",\"url\":\"https:\/\/www.normisjon.no\/trondelag\/\",\"logo\":{\"@type\":\"ImageObject\",\"inLanguage\":\"nb-NO\",\"@id\":\"https:\/\/www.normisjon.no\/trondelag\/#\/schema\/logo\/image\/\",\"url\":\"https:\/\/www.normisjon.no\/content\/uploads\/sites\/21\/2018\/10\/logo_Normisjon_svart_600.jpg\",\"contentUrl\":\"https:\/\/www.normisjon.no\/content\/uploads\/sites\/21\/2018\/10\/logo_Normisjon_svart_600.jpg\",\"width\":600,\"height\":173,\"caption\":\"Normisjon Region Tr\u00f8ndelag\"},\"image\":{\"@id\":\"https:\/\/www.normisjon.no\/trondelag\/#\/schema\/logo\/image\/\"},\"sameAs\":[\"https:\/\/www.facebook.com\/NormisjonTrondelag\"]}]}<\/script>\n<!-- \/ Yoast SEO plugin. -->","yoast_head_json":{"title":"\u00c5rsm\u00f8te Normisjon region Tr\u00f8ndelag - Normisjon Region Tr\u00f8ndelag","robots":{"index":"index","follow":"follow","max-snippet":"max-snippet:-1","max-image-preview":"max-image-preview:large","max-video-preview":"max-video-preview:-1"},"canonical":"https:\/\/www.normisjon.no\/trondelag\/arsmote-normisjon-region-trondelag\/","og_locale":"nb_NO","og_type":"article","og_title":"\u00c5rsm\u00f8te Normisjon region Tr\u00f8ndelag - Normisjon Region Tr\u00f8ndelag","og_description":"18. april, IMI St\u00f8len P\u00e5melding (frist 15. april): imi-stolen.no\/pamelding Program L\u00f8rdag 18. april 11:30 Lunsj 13:00 \u00c5rsm\u00f8te 17:00 Middag 19:30 Kveldsandakt m\/Tore Bj\u00f8rsvik Vitnesbyrd og [&hellip;]","og_url":"https:\/\/www.normisjon.no\/trondelag\/arsmote-normisjon-region-trondelag\/","og_site_name":"Normisjon Region Tr\u00f8ndelag","article_publisher":"https:\/\/www.facebook.com\/NormisjonTrondelag","article_modified_time":"2026-03-31T08:30:55+00:00","og_image":[{"width":595,"height":842,"url":"https:\/\/www.normisjon.no\/content\/uploads\/sites\/21\/2026\/03\/Plakat-arsmote-2026.png","type":"image\/png"}],"twitter_card":"summary_large_image","twitter_misc":{"Ansl. lesetid":"2 minutter"},"schema":{"@context":"https:\/\/schema.org","@graph":[{"@type":"WebPage","@id":"https:\/\/www.normisjon.no\/trondelag\/arsmote-normisjon-region-trondelag\/","url":"https:\/\/www.normisjon.no\/trondelag\/arsmote-normisjon-region-trondelag\/","name":"\u00c5rsm\u00f8te Normisjon region Tr\u00f8ndelag - Normisjon Region Tr\u00f8ndelag","isPartOf":{"@id":"https:\/\/www.normisjon.no\/trondelag\/#website"},"primaryImageOfPage":{"@id":"https:\/\/www.normisjon.no\/trondelag\/arsmote-normisjon-region-trondelag\/#primaryimage"},"image":{"@id":"https:\/\/www.normisjon.no\/trondelag\/arsmote-normisjon-region-trondelag\/#primaryimage"},"thumbnailUrl":"https:\/\/www.normisjon.no\/content\/uploads\/sites\/21\/2026\/03\/Plakat-arsmote-2026.png","datePublished":"2026-03-31T08:26:15+00:00","dateModified":"2026-03-31T08:30:55+00:00","breadcrumb":{"@id":"https:\/\/www.normisjon.no\/trondelag\/arsmote-normisjon-region-trondelag\/#breadcrumb"},"inLanguage":"nb-NO","potentialAction":[{"@type":"ReadAction","target":["https:\/\/www.normisjon.no\/trondelag\/arsmote-normisjon-region-trondelag\/"]}]},{"@type":"ImageObject","inLanguage":"nb-NO","@id":"https:\/\/www.normisjon.no\/trondelag\/arsmote-normisjon-region-trondelag\/#primaryimage","url":"https:\/\/www.normisjon.no\/content\/uploads\/sites\/21\/2026\/03\/Plakat-arsmote-2026.png","contentUrl":"https:\/\/www.normisjon.no\/content\/uploads\/sites\/21\/2026\/03\/Plakat-arsmote-2026.png","width":595,"height":842},{"@type":"BreadcrumbList","@id":"https:\/\/www.normisjon.no\/trondelag\/arsmote-normisjon-region-trondelag\/#breadcrumb","itemListElement":[{"@type":"ListItem","position":1,"name":"Home","item":"https:\/\/www.normisjon.no\/trondelag\/"},{"@type":"ListItem","position":2,"name":"\u00c5rsm\u00f8te Normisjon region Tr\u00f8ndelag"}]},{"@type":"WebSite","@id":"https:\/\/www.normisjon.no\/trondelag\/#website","url":"https:\/\/www.normisjon.no\/trondelag\/","name":"Normisjon Region Tr\u00f8ndelag","description":"Jesus Kristus til nye generasjoner og folkeslag","publisher":{"@id":"https:\/\/www.normisjon.no\/trondelag\/#organization"},"potentialAction":[{"@type":"SearchAction","target":{"@type":"EntryPoint","urlTemplate":"https:\/\/www.normisjon.no\/trondelag\/?s={search_term_string}"},"query-input":{"@type":"PropertyValueSpecification","valueRequired":true,"valueName":"search_term_string"}}],"inLanguage":"nb-NO"},{"@type":"Organization","@id":"https:\/\/www.normisjon.no\/trondelag\/#organization","name":"Normisjon Region Tr\u00f8ndelag","url":"https:\/\/www.normisjon.no\/trondelag\/","logo":{"@type":"ImageObject","inLanguage":"nb-NO","@id":"https:\/\/www.normisjon.no\/trondelag\/#\/schema\/logo\/image\/","url":"https:\/\/www.normisjon.no\/content\/uploads\/sites\/21\/2018\/10\/logo_Normisjon_svart_600.jpg","contentUrl":"https:\/\/www.normisjon.no\/content\/uploads\/sites\/21\/2018\/10\/logo_Normisjon_svart_600.jpg","width":600,"height":173,"caption":"Normisjon Region Tr\u00f8ndelag"},"image":{"@id":"https:\/\/www.normisjon.no\/trondelag\/#\/schema\/logo\/image\/"},"sameAs":["https:\/\/www.facebook.com\/NormisjonTrondelag"]}]}},"_links":{"self":[{"href":"https:\/\/www.normisjon.no\/trondelag\/wp-json\/wp\/v2\/pages\/1961","targetHints":{"allow":["GET"]}}],"collection":[{"href":"https:\/\/www.normisjon.no\/trondelag\/wp-json\/wp\/v2\/pages"}],"about":[{"href":"https:\/\/www.normisjon.no\/trondelag\/wp-json\/wp\/v2\/types\/page"}],"author":[{"embeddable":true,"href":"https:\/\/www.normisjon.no\/trondelag\/wp-json\/wp\/v2\/users\/140"}],"replies":[{"embeddable":true,"href":"https:\/\/www.normisjon.no\/trondelag\/wp-json\/wp\/v2\/comments?post=1961"}],"version-history":[{"count":20,"href":"https:\/\/www.normisjon.no\/trondelag\/wp-json\/wp\/v2\/pages\/1961\/revisions"}],"predecessor-version":[{"id":1984,"href":"https:\/\/www.normisjon.no\/trondelag\/wp-json\/wp\/v2\/pages\/1961\/revisions\/1984"}],"wp:featuredmedia":[{"embeddable":true,"href":"https:\/\/www.normisjon.no\/trondelag\/wp-json\/wp\/v2\/media\/1982"}],"wp:attachment":[{"href":"https:\/\/www.normisjon.no\/trondelag\/wp-json\/wp\/v2\/media?parent=1961"}],"curies":[{"name":"wp","href":"https:\/\/api.w.org\/{rel}","templated":true}]}}