{"id":210,"date":"2018-10-26T15:03:39","date_gmt":"2018-10-26T13:03:39","guid":{"rendered":"https:\/\/www.normisjon.no\/trondelag\/?page_id=210"},"modified":"2026-03-31T10:37:05","modified_gmt":"2026-03-31T08:37:05","slug":"normisjon-region-trondelag","status":"publish","type":"page","link":"https:\/\/www.normisjon.no\/trondelag\/","title":{"rendered":"Normisjon Region Tr\u00f8ndelag"},"content":{"rendered":"<div class=\"entry-content alignfull wp-block-post-content has-global-padding is-layout-constrained wp-block-post-content-is-layout-constrained\">\n<div class=\"wp-block-cover alignfull is-light\" style=\"min-height:454px;aspect-ratio:unset;\"><span aria-hidden=\"true\" class=\"wp-block-cover__background has-background-dim\"><\/span><img loading=\"lazy\" decoding=\"async\" width=\"2560\" height=\"1440\" class=\"wp-block-cover__image-background wp-image-1394\" alt=\"\" src=\"https:\/\/www.normisjon.no\/content\/uploads\/sites\/21\/2024\/05\/8_37076887141b1436b924c70d98a2897a-scaled.jpg\" data-object-fit=\"cover\" srcset=\"https:\/\/www.normisjon.no\/content\/uploads\/sites\/21\/2024\/05\/8_37076887141b1436b924c70d98a2897a-scaled.jpg 2560w, https:\/\/www.normisjon.no\/content\/uploads\/sites\/21\/2024\/05\/8_37076887141b1436b924c70d98a2897a-300x169.jpg 300w, https:\/\/www.normisjon.no\/content\/uploads\/sites\/21\/2024\/05\/8_37076887141b1436b924c70d98a2897a-1024x576.jpg 1024w, https:\/\/www.normisjon.no\/content\/uploads\/sites\/21\/2024\/05\/8_37076887141b1436b924c70d98a2897a-768x432.jpg 768w, https:\/\/www.normisjon.no\/content\/uploads\/sites\/21\/2024\/05\/8_37076887141b1436b924c70d98a2897a-1536x864.jpg 1536w, https:\/\/www.normisjon.no\/content\/uploads\/sites\/21\/2024\/05\/8_37076887141b1436b924c70d98a2897a-2048x1152.jpg 2048w, https:\/\/www.normisjon.no\/content\/uploads\/sites\/21\/2024\/05\/8_37076887141b1436b924c70d98a2897a-1920x1080.jpg 1920w, https:\/\/www.normisjon.no\/content\/uploads\/sites\/21\/2024\/05\/8_37076887141b1436b924c70d98a2897a-1360x765.jpg 1360w, https:\/\/www.normisjon.no\/content\/uploads\/sites\/21\/2024\/05\/8_37076887141b1436b924c70d98a2897a-960x540.jpg 960w\" sizes=\"auto, (max-width: 2560px) 100vw, 2560px\" \/><div class=\"wp-block-cover__inner-container is-layout-flow wp-block-cover-is-layout-flow\">\n<p class=\"has-text-align-center has-white-color has-text-color\" style=\"font-size:60px\">Normisjon region Tr\u00f8ndelag<\/p>\n<\/div><span class=\"t2-image-credit\">\n\t\t\t<span class=\"t2-image-credit-text wp-element-caption\">Kalle Punsvik<\/span>\n\t\t<\/span><\/div>\n<\/div><div id=\"module-0\" class=\"hogan-module hogan-module-grid hogan-module-0 hogan-grid-has-theme hogan-grid-theme-greygrey-reverse\"><div class=\"hogan-module-inner\"><div class=\"hogan-grid hogan-grid-text-center hogan-grid-size-dynamic\">\n\t<div class=\"hogan-grid-inner\">\n\t\t\t\t\t<div class=\"hogan-grid-item hogan-grid-item-size-small hogan-grid-item-type-page savage-has-image savage-has-heading savage-has-excerpt\">\n\t\t\t\t<div class=\"hogan-grid-item-inner\">\n\t\t\t\t\t<div class=\"savage-card-image\">\n\t<div class=\"savage-card-image-inner\">\n\t\t<span class=\"savage-card-image-image\" style=\"background-image: url(https:\/\/www.normisjon.no\/content\/uploads\/sites\/21\/2026\/03\/Plakat-arsmote-2026.png);\"><\/span>\t<\/div>\n<\/div>\n\t\t<div class=\"savage-card-body\">\n\t\t\t<div class=\"savage-card-body-inner\">\n\t\t\t\t<h2 class=\"savage-card-heading\">\u00c5rsm\u00f8te Normisjon Tr\u00f8ndelag<\/h2><p class=\"savage-card-excerpt\">\u00c5rsm\u00f8te arrangeres p\u00e5 IM\u00c5rsm\u00f8te Normisjon Tr\u00f8ndelagI St\u00f8len 18.-19. april 2026.<\/p>\t\t\t<\/div>\n\t\t<\/div>\n\t\t<a href=\"https:\/\/www.normisjon.no\/trondelag\/arsmote-normisjon-region-trondelag\/\" class=\"savage-card-link\"><span class=\"screen-reader-text\">Read article &quot;\u00c5rsm\u00f8te Normisjon region Tr\u00f8ndelag&quot;<\/span><\/a>\t\t\t\t<\/div>\n\t\t\t<\/div>\n\t\t\t\t\t\t<div class=\"hogan-grid-item hogan-grid-item-size-small hogan-grid-item-type-page savage-has-image savage-has-heading savage-has-excerpt\">\n\t\t\t\t<div class=\"hogan-grid-item-inner\">\n\t\t\t\t\t<div class=\"savage-card-image\">\n\t<div class=\"savage-card-image-inner\">\n\t\t<span class=\"savage-card-image-image\" style=\"background-image: url(https:\/\/www.normisjon.no\/content\/uploads\/sites\/21\/2025\/12\/Lise-Vindsetmo-768x814.jpg);\"><\/span>\t<\/div>\n<\/div>\n\t\t<div class=\"savage-card-body\">\n\t\t\t<div class=\"savage-card-body-inner\">\n\t\t\t\t<h2 class=\"savage-card-heading\">Lise Vindsetmo blir daglig leder<\/h2><p class=\"savage-card-excerpt\">Lise Vindsetmo (46) er ansatt som daglig leder i Normisjon region Tr\u00f8ndelag og Norkirken Trondheim Salem.<\/p>\t\t\t<\/div>\n\t\t<\/div>\n\t\t<a href=\"https:\/\/www.normisjon.no\/trondelag\/daglig-leder\/\" class=\"savage-card-link\"><span class=\"screen-reader-text\">Read article &quot;Lise Vindsetmo blir daglig leder&quot;<\/span><\/a>\t\t\t\t<\/div>\n\t\t\t<\/div>\n\t\t\t\t\t\t<div class=\"hogan-grid-item hogan-grid-item-size-small hogan-grid-item-type-savage_custom_card savage-has-image savage-has-background savage-bg-default savage-has-heading savage-has-excerpt\">\n\t\t\t\t<div class=\"hogan-grid-item-inner\">\n\t\t\t\t\t<div class=\"savage-card-image\">\n\t<div class=\"savage-card-image-inner\">\n\t\t<span class=\"savage-card-image-image\" style=\"background-image: url(https:\/\/www.normisjon.no\/content\/uploads\/sites\/21\/2023\/09\/IMG_7463-1920x1280-1-768x512.jpg);\"><\/span>\t<\/div>\n<\/div>\n\t\t<div class=\"savage-card-body\">\n\t\t\t<div class=\"savage-card-body-inner\">\n\t\t\t\t<h2 class=\"savage-card-heading\">Bli med p\u00e5 Actaleir!<\/h2><p class=\"savage-card-excerpt\">Her finner du Acta Tr\u00f8ndelag sine leirer og arrangement<\/p>\t\t\t<\/div>\n\t\t<\/div>\n\t\t<a href=\"https:\/\/acta.no\/trondelag\/leirer-og-arrangement\/\" class=\"savage-card-link\"><span class=\"screen-reader-text\">Her finner du Acta Tr\u00f8ndelag sine leirer og arrangement<\/span><\/a>\t\t\t\t<\/div>\n\t\t\t<\/div>\n\t\t\t\t<\/div>\n<\/div>\n<\/div><\/div>","protected":false},"excerpt":{"rendered":"<p>\u00c5rsm\u00f8te Normisjon Tr\u00f8ndelag \u00c5rsm\u00f8te arrangeres p\u00e5 IM\u00c5rsm\u00f8te Normisjon Tr\u00f8ndelagI St\u00f8len 18.-19. april 2026. Read article &quot;\u00c5rsm\u00f8te Normisjon region Tr\u00f8ndelag&quot; Lise Vindsetmo blir daglig leder Lise [&hellip;]<\/p>\n","protected":false},"author":33,"featured_media":299,"parent":0,"menu_order":0,"comment_status":"closed","ping_status":"closed","template":"","meta":{"_acf_changed":false,"footnotes":""},"class_list":["post-210","page","type-page","status-publish","has-post-thumbnail","hentry"],"acf":[],"yoast_head":"<!-- This site is optimized with the Yoast SEO plugin v25.9 - https:\/\/yoast.com\/wordpress\/plugins\/seo\/ -->\n<title>Normisjon Region Tr\u00f8ndelag - Normisjon Region Tr\u00f8ndelag<\/title>\n<meta name=\"description\" content=\"Normisjon Tr\u00f8ndelag er en kristen organisasjon som jobber for fellesskap, tro og misjon.\" \/>\n<meta name=\"robots\" content=\"index, follow, max-snippet:-1, max-image-preview:large, max-video-preview:-1\" \/>\n<link rel=\"canonical\" href=\"https:\/\/www.normisjon.no\/trondelag\/\" \/>\n<meta property=\"og:locale\" content=\"nb_NO\" \/>\n<meta property=\"og:type\" content=\"article\" \/>\n<meta property=\"og:title\" content=\"Normisjon Region Tr\u00f8ndelag - Normisjon Region Tr\u00f8ndelag\" \/>\n<meta property=\"og:description\" content=\"Normisjon Tr\u00f8ndelag er en kristen organisasjon som jobber for fellesskap, tro og misjon.\" \/>\n<meta property=\"og:url\" content=\"https:\/\/www.normisjon.no\/trondelag\/\" \/>\n<meta property=\"og:site_name\" content=\"Normisjon Region Tr\u00f8ndelag\" \/>\n<meta property=\"article:publisher\" content=\"https:\/\/www.facebook.com\/NormisjonTrondelag\" \/>\n<meta property=\"article:modified_time\" content=\"2026-03-31T08:37:05+00:00\" \/>\n<meta property=\"og:image\" content=\"https:\/\/www.normisjon.no\/content\/uploads\/sites\/21\/2018\/10\/normisjon-korset-blaa-800x800.jpg\" \/>\n\t<meta property=\"og:image:width\" content=\"800\" \/>\n\t<meta property=\"og:image:height\" content=\"800\" \/>\n\t<meta property=\"og:image:type\" content=\"image\/jpeg\" \/>\n<meta name=\"twitter:card\" content=\"summary_large_image\" \/>\n<meta name=\"twitter:label1\" content=\"Ansl. lesetid\" \/>\n\t<meta name=\"twitter:data1\" content=\"1 minutt\" \/>\n<script type=\"application\/ld+json\" class=\"yoast-schema-graph\">{\"@context\":\"https:\/\/schema.org\",\"@graph\":[{\"@type\":\"WebPage\",\"@id\":\"https:\/\/www.normisjon.no\/trondelag\/\",\"url\":\"https:\/\/www.normisjon.no\/trondelag\/\",\"name\":\"Normisjon Region Tr\u00f8ndelag - Normisjon Region Tr\u00f8ndelag\",\"isPartOf\":{\"@id\":\"https:\/\/www.normisjon.no\/trondelag\/#website\"},\"primaryImageOfPage\":{\"@id\":\"https:\/\/www.normisjon.no\/trondelag\/#primaryimage\"},\"image\":{\"@id\":\"https:\/\/www.normisjon.no\/trondelag\/#primaryimage\"},\"thumbnailUrl\":\"https:\/\/www.normisjon.no\/content\/uploads\/sites\/21\/2018\/10\/normisjon-korset-blaa-800x800.jpg\",\"datePublished\":\"2018-10-26T13:03:39+00:00\",\"dateModified\":\"2026-03-31T08:37:05+00:00\",\"description\":\"Normisjon Tr\u00f8ndelag er en kristen organisasjon som jobber for fellesskap, tro og misjon.\",\"breadcrumb\":{\"@id\":\"https:\/\/www.normisjon.no\/trondelag\/#breadcrumb\"},\"inLanguage\":\"nb-NO\",\"potentialAction\":[{\"@type\":\"ReadAction\",\"target\":[\"https:\/\/www.normisjon.no\/trondelag\/\"]}]},{\"@type\":\"ImageObject\",\"inLanguage\":\"nb-NO\",\"@id\":\"https:\/\/www.normisjon.no\/trondelag\/#primaryimage\",\"url\":\"https:\/\/www.normisjon.no\/content\/uploads\/sites\/21\/2018\/10\/normisjon-korset-blaa-800x800.jpg\",\"contentUrl\":\"https:\/\/www.normisjon.no\/content\/uploads\/sites\/21\/2018\/10\/normisjon-korset-blaa-800x800.jpg\",\"width\":800,\"height\":800},{\"@type\":\"BreadcrumbList\",\"@id\":\"https:\/\/www.normisjon.no\/trondelag\/#breadcrumb\",\"itemListElement\":[{\"@type\":\"ListItem\",\"position\":1,\"name\":\"Home\",\"item\":\"https:\/\/www.normisjon.no\/trondelag\/\"},{\"@type\":\"ListItem\",\"position\":2,\"name\":\"Normisjon Region Tr\u00f8ndelag\"}]},{\"@type\":\"WebSite\",\"@id\":\"https:\/\/www.normisjon.no\/trondelag\/#website\",\"url\":\"https:\/\/www.normisjon.no\/trondelag\/\",\"name\":\"Normisjon Region Tr\u00f8ndelag\",\"description\":\"Jesus Kristus til nye generasjoner og folkeslag\",\"publisher\":{\"@id\":\"https:\/\/www.normisjon.no\/trondelag\/#organization\"},\"potentialAction\":[{\"@type\":\"SearchAction\",\"target\":{\"@type\":\"EntryPoint\",\"urlTemplate\":\"https:\/\/www.normisjon.no\/trondelag\/?s={search_term_string}\"},\"query-input\":{\"@type\":\"PropertyValueSpecification\",\"valueRequired\":true,\"valueName\":\"search_term_string\"}}],\"inLanguage\":\"nb-NO\"},{\"@type\":\"Organization\",\"@id\":\"https:\/\/www.normisjon.no\/trondelag\/#organization\",\"name\":\"Normisjon Region Tr\u00f8ndelag\",\"url\":\"https:\/\/www.normisjon.no\/trondelag\/\",\"logo\":{\"@type\":\"ImageObject\",\"inLanguage\":\"nb-NO\",\"@id\":\"https:\/\/www.normisjon.no\/trondelag\/#\/schema\/logo\/image\/\",\"url\":\"https:\/\/www.normisjon.no\/content\/uploads\/sites\/21\/2018\/10\/logo_Normisjon_svart_600.jpg\",\"contentUrl\":\"https:\/\/www.normisjon.no\/content\/uploads\/sites\/21\/2018\/10\/logo_Normisjon_svart_600.jpg\",\"width\":600,\"height\":173,\"caption\":\"Normisjon Region Tr\u00f8ndelag\"},\"image\":{\"@id\":\"https:\/\/www.normisjon.no\/trondelag\/#\/schema\/logo\/image\/\"},\"sameAs\":[\"https:\/\/www.facebook.com\/NormisjonTrondelag\"]}]}<\/script>\n<!-- \/ Yoast SEO plugin. -->","yoast_head_json":{"title":"Normisjon Region Tr\u00f8ndelag - Normisjon Region Tr\u00f8ndelag","description":"Normisjon Tr\u00f8ndelag er en kristen organisasjon som jobber for fellesskap, tro og misjon.","robots":{"index":"index","follow":"follow","max-snippet":"max-snippet:-1","max-image-preview":"max-image-preview:large","max-video-preview":"max-video-preview:-1"},"canonical":"https:\/\/www.normisjon.no\/trondelag\/","og_locale":"nb_NO","og_type":"article","og_title":"Normisjon Region Tr\u00f8ndelag - Normisjon Region Tr\u00f8ndelag","og_description":"Normisjon Tr\u00f8ndelag er en kristen organisasjon som jobber for fellesskap, tro og misjon.","og_url":"https:\/\/www.normisjon.no\/trondelag\/","og_site_name":"Normisjon Region Tr\u00f8ndelag","article_publisher":"https:\/\/www.facebook.com\/NormisjonTrondelag","article_modified_time":"2026-03-31T08:37:05+00:00","og_image":[{"width":800,"height":800,"url":"https:\/\/www.normisjon.no\/content\/uploads\/sites\/21\/2018\/10\/normisjon-korset-blaa-800x800.jpg","type":"image\/jpeg"}],"twitter_card":"summary_large_image","twitter_misc":{"Ansl. lesetid":"1 minutt"},"schema":{"@context":"https:\/\/schema.org","@graph":[{"@type":"WebPage","@id":"https:\/\/www.normisjon.no\/trondelag\/","url":"https:\/\/www.normisjon.no\/trondelag\/","name":"Normisjon Region Tr\u00f8ndelag - Normisjon Region Tr\u00f8ndelag","isPartOf":{"@id":"https:\/\/www.normisjon.no\/trondelag\/#website"},"primaryImageOfPage":{"@id":"https:\/\/www.normisjon.no\/trondelag\/#primaryimage"},"image":{"@id":"https:\/\/www.normisjon.no\/trondelag\/#primaryimage"},"thumbnailUrl":"https:\/\/www.normisjon.no\/content\/uploads\/sites\/21\/2018\/10\/normisjon-korset-blaa-800x800.jpg","datePublished":"2018-10-26T13:03:39+00:00","dateModified":"2026-03-31T08:37:05+00:00","description":"Normisjon Tr\u00f8ndelag er en kristen organisasjon som jobber for fellesskap, tro og misjon.","breadcrumb":{"@id":"https:\/\/www.normisjon.no\/trondelag\/#breadcrumb"},"inLanguage":"nb-NO","potentialAction":[{"@type":"ReadAction","target":["https:\/\/www.normisjon.no\/trondelag\/"]}]},{"@type":"ImageObject","inLanguage":"nb-NO","@id":"https:\/\/www.normisjon.no\/trondelag\/#primaryimage","url":"https:\/\/www.normisjon.no\/content\/uploads\/sites\/21\/2018\/10\/normisjon-korset-blaa-800x800.jpg","contentUrl":"https:\/\/www.normisjon.no\/content\/uploads\/sites\/21\/2018\/10\/normisjon-korset-blaa-800x800.jpg","width":800,"height":800},{"@type":"BreadcrumbList","@id":"https:\/\/www.normisjon.no\/trondelag\/#breadcrumb","itemListElement":[{"@type":"ListItem","position":1,"name":"Home","item":"https:\/\/www.normisjon.no\/trondelag\/"},{"@type":"ListItem","position":2,"name":"Normisjon Region Tr\u00f8ndelag"}]},{"@type":"WebSite","@id":"https:\/\/www.normisjon.no\/trondelag\/#website","url":"https:\/\/www.normisjon.no\/trondelag\/","name":"Normisjon Region Tr\u00f8ndelag","description":"Jesus Kristus til nye generasjoner og folkeslag","publisher":{"@id":"https:\/\/www.normisjon.no\/trondelag\/#organization"},"potentialAction":[{"@type":"SearchAction","target":{"@type":"EntryPoint","urlTemplate":"https:\/\/www.normisjon.no\/trondelag\/?s={search_term_string}"},"query-input":{"@type":"PropertyValueSpecification","valueRequired":true,"valueName":"search_term_string"}}],"inLanguage":"nb-NO"},{"@type":"Organization","@id":"https:\/\/www.normisjon.no\/trondelag\/#organization","name":"Normisjon Region Tr\u00f8ndelag","url":"https:\/\/www.normisjon.no\/trondelag\/","logo":{"@type":"ImageObject","inLanguage":"nb-NO","@id":"https:\/\/www.normisjon.no\/trondelag\/#\/schema\/logo\/image\/","url":"https:\/\/www.normisjon.no\/content\/uploads\/sites\/21\/2018\/10\/logo_Normisjon_svart_600.jpg","contentUrl":"https:\/\/www.normisjon.no\/content\/uploads\/sites\/21\/2018\/10\/logo_Normisjon_svart_600.jpg","width":600,"height":173,"caption":"Normisjon Region Tr\u00f8ndelag"},"image":{"@id":"https:\/\/www.normisjon.no\/trondelag\/#\/schema\/logo\/image\/"},"sameAs":["https:\/\/www.facebook.com\/NormisjonTrondelag"]}]}},"_links":{"self":[{"href":"https:\/\/www.normisjon.no\/trondelag\/wp-json\/wp\/v2\/pages\/210","targetHints":{"allow":["GET"]}}],"collection":[{"href":"https:\/\/www.normisjon.no\/trondelag\/wp-json\/wp\/v2\/pages"}],"about":[{"href":"https:\/\/www.normisjon.no\/trondelag\/wp-json\/wp\/v2\/types\/page"}],"author":[{"embeddable":true,"href":"https:\/\/www.normisjon.no\/trondelag\/wp-json\/wp\/v2\/users\/33"}],"replies":[{"embeddable":true,"href":"https:\/\/www.normisjon.no\/trondelag\/wp-json\/wp\/v2\/comments?post=210"}],"version-history":[{"count":65,"href":"https:\/\/www.normisjon.no\/trondelag\/wp-json\/wp\/v2\/pages\/210\/revisions"}],"predecessor-version":[{"id":1985,"href":"https:\/\/www.normisjon.no\/trondelag\/wp-json\/wp\/v2\/pages\/210\/revisions\/1985"}],"wp:featuredmedia":[{"embeddable":true,"href":"https:\/\/www.normisjon.no\/trondelag\/wp-json\/wp\/v2\/media\/299"}],"wp:attachment":[{"href":"https:\/\/www.normisjon.no\/trondelag\/wp-json\/wp\/v2\/media?parent=210"}],"curies":[{"name":"wp","href":"https:\/\/api.w.org\/{rel}","templated":true}]}}