{"id":220,"date":"2018-10-26T15:13:48","date_gmt":"2018-10-26T13:13:48","guid":{"rendered":"https:\/\/www.normisjon.no\/trondelag\/?page_id=220"},"modified":"2019-03-01T14:11:41","modified_gmt":"2019-03-01T13:11:41","slug":"ladepausen","status":"publish","type":"page","link":"https:\/\/www.normisjon.no\/trondelag\/til-inspirasjon\/ladepausen\/","title":{"rendered":"Ladepausen"},"content":{"rendered":"<div id=\"module-0\" class=\"hogan-module hogan-module-banner hogan-module-0 normisjon-banner-button-default hogan-banner-content-left hogan-module-width-full hogan-banner-theme-dark-transparent hogan-banner-layout-full hogan-banner-text-center\"><div class=\"hogan-module-inner\"><div class=\"hogan-banner\">\n\t<div class=\"hogan-banner-column hogan-banner-image hogan-banner-dim-image\">\n\t\t<img loading=\"lazy\" decoding=\"async\" width=\"1050\" height=\"420\" src=\"https:\/\/www.normisjon.no\/content\/uploads\/sites\/21\/2018\/10\/lade-elbil.jpg\" class=\"attachment-full-width size-full-width\" alt=\"\" srcset=\"https:\/\/www.normisjon.no\/content\/uploads\/sites\/21\/2018\/10\/lade-elbil.jpg 1050w, https:\/\/www.normisjon.no\/content\/uploads\/sites\/21\/2018\/10\/lade-elbil-300x120.jpg 300w, https:\/\/www.normisjon.no\/content\/uploads\/sites\/21\/2018\/10\/lade-elbil-768x307.jpg 768w, https:\/\/www.normisjon.no\/content\/uploads\/sites\/21\/2018\/10\/lade-elbil-1024x410.jpg 1024w, https:\/\/www.normisjon.no\/content\/uploads\/sites\/21\/2018\/10\/lade-elbil-960x384.jpg 960w\" sizes=\"auto, (max-width: 1050px) 100vw, 1050px\" \/>\t<\/div>\n\t\t\t<div class=\"hogan-banner-column hogan-banner-content\">\n\t\t\t<div class=\"hogan-banner-content-inner\">\n\t\t\t\t<p>De siste \u00e5rene har jeg v\u00e6rt sammen med noen bileiere som er veldig opptatt av bilens behov. De tenker og snakker: Trenger den \u00e5 lades n\u00e5? Hvor langt kommer den med str\u00f8mmen den har n\u00e5? Skal jeg legge inn ladepause underveis?<\/p>\n\t\t\t<\/div>\n\t\t<\/div>\n\t<\/div>\n<\/div><\/div><div id=\"module-1\" class=\"hogan-module hogan-module-text hogan-module-1\"><div class=\"hogan-module-inner\"><p>En elbil-eier vet at det er mye billigere \u00e5 lade ofte enn \u00e5 bytte batteri. Jeg opplever at elbil-eiere \u00a0til enhver tid er opptatt av hvor langt str\u00f8mmen rekker. Og n\u00e5r de er ute og kj\u00f8rer langt, planlegger de en ladepause eller flere underveis. Og nettopp fordi de gj\u00f8r det kommer de trygt frem til m\u00e5let. Leste en reklame for en ladestasjon, der stod det \u2013 \u00abvi gj\u00f8r livet bedre for deg\u00bb<\/p>\n<p>Tenk om vi kunne v\u00e6re like bevisst v\u00e5re egne behov? Bevisst stoppe opp i hverdagen og ta en ladestopp.\u00a0 Gj\u00f8r vi det, tror jeg vi ville kjenne mer glede og frihet i hverdagen.<\/p>\n<p>Hvis vi overf\u00f8rer noen av disse tankene til kristenlivet v\u00e5rt og til det arbeidet vi har i Normisjon, kan vi sp\u00f8rre: Hva er v\u00e5rt behov? Trenger vi ladestasjon, og hvor ofte? Tar vi ladepauser i hverdagen? Og n\u00e5r vi tar ladepause &#8211; hva skjer da?<\/p>\n<p>Jeg tror det er utrolig viktig at vi gir Gud tid i v\u00e5re liv. Viktig at vi i en travel hverdag har tid til \u00e5 koble oss p\u00e5 Jesus, og la han fylle oss med det han ser vi trenger.<\/p>\n<p>B\u00f8nn er utrolig viktig, vi ber til v\u00e5r Far og blir p\u00e5koblet med en gang. Det er viktig at vi er p\u00e5koblet i de store valgene vi m\u00e5 ta i livet, men like viktig er det at vi har kontakten med Ham i v\u00e5re hverdagslige valg.<\/p>\n<p>I Ap.gj. 17.28 heter det: <strong><em>\u00abFor det er i ham vi lever, beveger oss og er til\u00bb<\/em><\/strong>. Gud er kilden til liv, og n\u00e5r vi er p\u00e5koblet s\u00e5 vi f\u00e5r det han vil gi oss. Jeg tror at n\u00e5r vi er p\u00e5 \u00abladestasjonen\u00bb hos Gud da f\u00e5r vi kraft og overskudd til hverdagslivets mange gleder og utfordringer. N\u00e5r vi er p\u00e5koblet s\u00e5 tror jeg at v\u00e5re liv ikke blir s\u00e5 rastl\u00f8se og urolige, men vi blir trygg p\u00e5 at Jesus er der og vil vise oss sin veg.<\/p>\n<p>Men det er s\u00e5 lett \u00e5 glemme.<\/p>\n<p>Jeg tror vi noen ganger m\u00e5 stanse opp og sp\u00f8rre p\u00e5 vegne av oss selv: Hvor lang rekkevidde har jeg egentlig? Jesus \u00f8nsker at vi skal ta ladepause hos han.<\/p>\n<p>Det er en tid for alt. Ogs\u00e5 for \u00e5 hvile. I en vanlig hverdag kan det v\u00e6re nok \u00e5 sette seg ned i stillhet, og bare la Gud fylle oss med sitt n\u00e6rv\u00e6r.<\/p>\n<p>Bare v\u00e6re p\u00e5koblet.<\/p><\/div><\/div><div id=\"module-2\" class=\"hogan-module hogan-module-image hogan-module-2 hogan-image-size-large\"><div class=\"hogan-module-inner\"><figure class=\"wp-caption size-large\"><img loading=\"lazy\" decoding=\"async\" width=\"500\" height=\"332\" src=\"https:\/\/www.normisjon.no\/content\/uploads\/sites\/21\/2018\/10\/ibr.jpg\" class=\"attachment-large size-large\" alt=\"\" srcset=\"https:\/\/www.normisjon.no\/content\/uploads\/sites\/21\/2018\/10\/ibr.jpg 500w, https:\/\/www.normisjon.no\/content\/uploads\/sites\/21\/2018\/10\/ibr-300x199.jpg 300w\" sizes=\"auto, (max-width: 500px) 100vw, 500px\" \/><figcaption class=\"hogan-caption wp-caption-text\"><em>Av Inger Brit R\u00f8dberg, regionleder i Normisjon Tr\u00f8ndelag<\/em>\n<\/figcaption><\/figure><\/div><\/div>","protected":false},"excerpt":{"rendered":"<p>De siste \u00e5rene har jeg v\u00e6rt sammen med noen bileiere som er veldig opptatt av bilens behov. De tenker og snakker: Trenger den \u00e5 lades [&hellip;]<\/p>\n","protected":false},"author":33,"featured_media":261,"parent":218,"menu_order":0,"comment_status":"closed","ping_status":"closed","template":"","meta":{"_acf_changed":false,"footnotes":""},"class_list":["post-220","page","type-page","status-publish","has-post-thumbnail","hentry"],"acf":[],"yoast_head":"<!-- This site is optimized with the Yoast SEO plugin v25.9 - https:\/\/yoast.com\/wordpress\/plugins\/seo\/ -->\n<title>Ladepausen - Normisjon Region Tr\u00f8ndelag<\/title>\n<meta name=\"robots\" content=\"index, follow, max-snippet:-1, max-image-preview:large, max-video-preview:-1\" \/>\n<link rel=\"canonical\" href=\"https:\/\/www.normisjon.no\/trondelag\/til-inspirasjon\/ladepausen\/\" \/>\n<meta property=\"og:locale\" content=\"nb_NO\" \/>\n<meta property=\"og:type\" content=\"article\" \/>\n<meta property=\"og:title\" content=\"Ladepausen - Normisjon Region Tr\u00f8ndelag\" \/>\n<meta property=\"og:description\" content=\"De siste \u00e5rene har jeg v\u00e6rt sammen med noen bileiere som er veldig opptatt av bilens behov. De tenker og snakker: Trenger den \u00e5 lades [&hellip;]\" \/>\n<meta property=\"og:url\" content=\"https:\/\/www.normisjon.no\/trondelag\/til-inspirasjon\/ladepausen\/\" \/>\n<meta property=\"og:site_name\" content=\"Normisjon Region Tr\u00f8ndelag\" \/>\n<meta property=\"article:publisher\" content=\"https:\/\/www.facebook.com\/NormisjonTrondelag\" \/>\n<meta property=\"article:modified_time\" content=\"2019-03-01T13:11:41+00:00\" \/>\n<meta property=\"og:image\" content=\"https:\/\/www.normisjon.no\/content\/uploads\/sites\/21\/2018\/10\/lade-elbil.jpg\" \/>\n\t<meta property=\"og:image:width\" content=\"1050\" \/>\n\t<meta property=\"og:image:height\" content=\"420\" \/>\n\t<meta property=\"og:image:type\" content=\"image\/jpeg\" \/>\n<meta name=\"twitter:card\" content=\"summary_large_image\" \/>\n<script type=\"application\/ld+json\" class=\"yoast-schema-graph\">{\"@context\":\"https:\/\/schema.org\",\"@graph\":[{\"@type\":\"WebPage\",\"@id\":\"https:\/\/www.normisjon.no\/trondelag\/til-inspirasjon\/ladepausen\/\",\"url\":\"https:\/\/www.normisjon.no\/trondelag\/til-inspirasjon\/ladepausen\/\",\"name\":\"Ladepausen - Normisjon Region Tr\u00f8ndelag\",\"isPartOf\":{\"@id\":\"https:\/\/www.normisjon.no\/trondelag\/#website\"},\"primaryImageOfPage\":{\"@id\":\"https:\/\/www.normisjon.no\/trondelag\/til-inspirasjon\/ladepausen\/#primaryimage\"},\"image\":{\"@id\":\"https:\/\/www.normisjon.no\/trondelag\/til-inspirasjon\/ladepausen\/#primaryimage\"},\"thumbnailUrl\":\"https:\/\/www.normisjon.no\/content\/uploads\/sites\/21\/2018\/10\/lade-elbil.jpg\",\"datePublished\":\"2018-10-26T13:13:48+00:00\",\"dateModified\":\"2019-03-01T13:11:41+00:00\",\"breadcrumb\":{\"@id\":\"https:\/\/www.normisjon.no\/trondelag\/til-inspirasjon\/ladepausen\/#breadcrumb\"},\"inLanguage\":\"nb-NO\",\"potentialAction\":[{\"@type\":\"ReadAction\",\"target\":[\"https:\/\/www.normisjon.no\/trondelag\/til-inspirasjon\/ladepausen\/\"]}]},{\"@type\":\"ImageObject\",\"inLanguage\":\"nb-NO\",\"@id\":\"https:\/\/www.normisjon.no\/trondelag\/til-inspirasjon\/ladepausen\/#primaryimage\",\"url\":\"https:\/\/www.normisjon.no\/content\/uploads\/sites\/21\/2018\/10\/lade-elbil.jpg\",\"contentUrl\":\"https:\/\/www.normisjon.no\/content\/uploads\/sites\/21\/2018\/10\/lade-elbil.jpg\",\"width\":1050,\"height\":420},{\"@type\":\"BreadcrumbList\",\"@id\":\"https:\/\/www.normisjon.no\/trondelag\/til-inspirasjon\/ladepausen\/#breadcrumb\",\"itemListElement\":[{\"@type\":\"ListItem\",\"position\":1,\"name\":\"Home\",\"item\":\"https:\/\/www.normisjon.no\/trondelag\/\"},{\"@type\":\"ListItem\",\"position\":2,\"name\":\"Til inspirasjon\",\"item\":\"https:\/\/www.normisjon.no\/trondelag\/til-inspirasjon\/\"},{\"@type\":\"ListItem\",\"position\":3,\"name\":\"Ladepausen\"}]},{\"@type\":\"WebSite\",\"@id\":\"https:\/\/www.normisjon.no\/trondelag\/#website\",\"url\":\"https:\/\/www.normisjon.no\/trondelag\/\",\"name\":\"Normisjon Region Tr\u00f8ndelag\",\"description\":\"Jesus Kristus til nye generasjoner og folkeslag\",\"publisher\":{\"@id\":\"https:\/\/www.normisjon.no\/trondelag\/#organization\"},\"potentialAction\":[{\"@type\":\"SearchAction\",\"target\":{\"@type\":\"EntryPoint\",\"urlTemplate\":\"https:\/\/www.normisjon.no\/trondelag\/?s={search_term_string}\"},\"query-input\":{\"@type\":\"PropertyValueSpecification\",\"valueRequired\":true,\"valueName\":\"search_term_string\"}}],\"inLanguage\":\"nb-NO\"},{\"@type\":\"Organization\",\"@id\":\"https:\/\/www.normisjon.no\/trondelag\/#organization\",\"name\":\"Normisjon Region Tr\u00f8ndelag\",\"url\":\"https:\/\/www.normisjon.no\/trondelag\/\",\"logo\":{\"@type\":\"ImageObject\",\"inLanguage\":\"nb-NO\",\"@id\":\"https:\/\/www.normisjon.no\/trondelag\/#\/schema\/logo\/image\/\",\"url\":\"https:\/\/www.normisjon.no\/content\/uploads\/sites\/21\/2018\/10\/logo_Normisjon_svart_600.jpg\",\"contentUrl\":\"https:\/\/www.normisjon.no\/content\/uploads\/sites\/21\/2018\/10\/logo_Normisjon_svart_600.jpg\",\"width\":600,\"height\":173,\"caption\":\"Normisjon Region Tr\u00f8ndelag\"},\"image\":{\"@id\":\"https:\/\/www.normisjon.no\/trondelag\/#\/schema\/logo\/image\/\"},\"sameAs\":[\"https:\/\/www.facebook.com\/NormisjonTrondelag\"]}]}<\/script>\n<!-- \/ Yoast SEO plugin. -->","yoast_head_json":{"title":"Ladepausen - Normisjon Region Tr\u00f8ndelag","robots":{"index":"index","follow":"follow","max-snippet":"max-snippet:-1","max-image-preview":"max-image-preview:large","max-video-preview":"max-video-preview:-1"},"canonical":"https:\/\/www.normisjon.no\/trondelag\/til-inspirasjon\/ladepausen\/","og_locale":"nb_NO","og_type":"article","og_title":"Ladepausen - Normisjon Region Tr\u00f8ndelag","og_description":"De siste \u00e5rene har jeg v\u00e6rt sammen med noen bileiere som er veldig opptatt av bilens behov. De tenker og snakker: Trenger den \u00e5 lades [&hellip;]","og_url":"https:\/\/www.normisjon.no\/trondelag\/til-inspirasjon\/ladepausen\/","og_site_name":"Normisjon Region Tr\u00f8ndelag","article_publisher":"https:\/\/www.facebook.com\/NormisjonTrondelag","article_modified_time":"2019-03-01T13:11:41+00:00","og_image":[{"width":1050,"height":420,"url":"https:\/\/www.normisjon.no\/content\/uploads\/sites\/21\/2018\/10\/lade-elbil.jpg","type":"image\/jpeg"}],"twitter_card":"summary_large_image","schema":{"@context":"https:\/\/schema.org","@graph":[{"@type":"WebPage","@id":"https:\/\/www.normisjon.no\/trondelag\/til-inspirasjon\/ladepausen\/","url":"https:\/\/www.normisjon.no\/trondelag\/til-inspirasjon\/ladepausen\/","name":"Ladepausen - Normisjon Region Tr\u00f8ndelag","isPartOf":{"@id":"https:\/\/www.normisjon.no\/trondelag\/#website"},"primaryImageOfPage":{"@id":"https:\/\/www.normisjon.no\/trondelag\/til-inspirasjon\/ladepausen\/#primaryimage"},"image":{"@id":"https:\/\/www.normisjon.no\/trondelag\/til-inspirasjon\/ladepausen\/#primaryimage"},"thumbnailUrl":"https:\/\/www.normisjon.no\/content\/uploads\/sites\/21\/2018\/10\/lade-elbil.jpg","datePublished":"2018-10-26T13:13:48+00:00","dateModified":"2019-03-01T13:11:41+00:00","breadcrumb":{"@id":"https:\/\/www.normisjon.no\/trondelag\/til-inspirasjon\/ladepausen\/#breadcrumb"},"inLanguage":"nb-NO","potentialAction":[{"@type":"ReadAction","target":["https:\/\/www.normisjon.no\/trondelag\/til-inspirasjon\/ladepausen\/"]}]},{"@type":"ImageObject","inLanguage":"nb-NO","@id":"https:\/\/www.normisjon.no\/trondelag\/til-inspirasjon\/ladepausen\/#primaryimage","url":"https:\/\/www.normisjon.no\/content\/uploads\/sites\/21\/2018\/10\/lade-elbil.jpg","contentUrl":"https:\/\/www.normisjon.no\/content\/uploads\/sites\/21\/2018\/10\/lade-elbil.jpg","width":1050,"height":420},{"@type":"BreadcrumbList","@id":"https:\/\/www.normisjon.no\/trondelag\/til-inspirasjon\/ladepausen\/#breadcrumb","itemListElement":[{"@type":"ListItem","position":1,"name":"Home","item":"https:\/\/www.normisjon.no\/trondelag\/"},{"@type":"ListItem","position":2,"name":"Til inspirasjon","item":"https:\/\/www.normisjon.no\/trondelag\/til-inspirasjon\/"},{"@type":"ListItem","position":3,"name":"Ladepausen"}]},{"@type":"WebSite","@id":"https:\/\/www.normisjon.no\/trondelag\/#website","url":"https:\/\/www.normisjon.no\/trondelag\/","name":"Normisjon Region Tr\u00f8ndelag","description":"Jesus Kristus til nye generasjoner og folkeslag","publisher":{"@id":"https:\/\/www.normisjon.no\/trondelag\/#organization"},"potentialAction":[{"@type":"SearchAction","target":{"@type":"EntryPoint","urlTemplate":"https:\/\/www.normisjon.no\/trondelag\/?s={search_term_string}"},"query-input":{"@type":"PropertyValueSpecification","valueRequired":true,"valueName":"search_term_string"}}],"inLanguage":"nb-NO"},{"@type":"Organization","@id":"https:\/\/www.normisjon.no\/trondelag\/#organization","name":"Normisjon Region Tr\u00f8ndelag","url":"https:\/\/www.normisjon.no\/trondelag\/","logo":{"@type":"ImageObject","inLanguage":"nb-NO","@id":"https:\/\/www.normisjon.no\/trondelag\/#\/schema\/logo\/image\/","url":"https:\/\/www.normisjon.no\/content\/uploads\/sites\/21\/2018\/10\/logo_Normisjon_svart_600.jpg","contentUrl":"https:\/\/www.normisjon.no\/content\/uploads\/sites\/21\/2018\/10\/logo_Normisjon_svart_600.jpg","width":600,"height":173,"caption":"Normisjon Region Tr\u00f8ndelag"},"image":{"@id":"https:\/\/www.normisjon.no\/trondelag\/#\/schema\/logo\/image\/"},"sameAs":["https:\/\/www.facebook.com\/NormisjonTrondelag"]}]}},"_links":{"self":[{"href":"https:\/\/www.normisjon.no\/trondelag\/wp-json\/wp\/v2\/pages\/220","targetHints":{"allow":["GET"]}}],"collection":[{"href":"https:\/\/www.normisjon.no\/trondelag\/wp-json\/wp\/v2\/pages"}],"about":[{"href":"https:\/\/www.normisjon.no\/trondelag\/wp-json\/wp\/v2\/types\/page"}],"author":[{"embeddable":true,"href":"https:\/\/www.normisjon.no\/trondelag\/wp-json\/wp\/v2\/users\/33"}],"replies":[{"embeddable":true,"href":"https:\/\/www.normisjon.no\/trondelag\/wp-json\/wp\/v2\/comments?post=220"}],"version-history":[{"count":3,"href":"https:\/\/www.normisjon.no\/trondelag\/wp-json\/wp\/v2\/pages\/220\/revisions"}],"predecessor-version":[{"id":266,"href":"https:\/\/www.normisjon.no\/trondelag\/wp-json\/wp\/v2\/pages\/220\/revisions\/266"}],"up":[{"embeddable":true,"href":"https:\/\/www.normisjon.no\/trondelag\/wp-json\/wp\/v2\/pages\/218"}],"wp:featuredmedia":[{"embeddable":true,"href":"https:\/\/www.normisjon.no\/trondelag\/wp-json\/wp\/v2\/media\/261"}],"wp:attachment":[{"href":"https:\/\/www.normisjon.no\/trondelag\/wp-json\/wp\/v2\/media?parent=220"}],"curies":[{"name":"wp","href":"https:\/\/api.w.org\/{rel}","templated":true}]}}