{"id":23,"date":"2018-05-02T15:32:21","date_gmt":"2018-05-02T13:32:21","guid":{"rendered":"https:\/\/www.normisjon.no\/region-trondelag\/?page_id=23"},"modified":"2025-02-28T14:20:17","modified_gmt":"2025-02-28T13:20:17","slug":"arrangementer","status":"publish","type":"page","link":"https:\/\/www.normisjon.no\/trondelag\/normisjon-region-trondelag\/arrangementer\/","title":{"rendered":"Arrangementer"},"content":{"rendered":"<div id=\"module-0\" class=\"hogan-module hogan-module-grid hogan-module-0 hogan-grid-has-theme hogan-grid-theme-gainsboro\"><div class=\"hogan-module-inner\"><div class=\"hogan-grid hogan-grid-text-center hogan-grid-size-dynamic\">\n\t<div class=\"hogan-grid-inner\">\n\t\t\t\t\t<div class=\"hogan-grid-item hogan-grid-item-size-large hogan-grid-item-type-savage_custom_card savage-has-image savage-has-background savage-bg-default savage-has-heading savage-has-excerpt\">\n\t\t\t\t<div class=\"hogan-grid-item-inner\">\n\t\t\t\t\t<div class=\"savage-card-image\">\n\t<div class=\"savage-card-image-inner\">\n\t\t<span class=\"savage-card-image-image\" style=\"background-image: url(https:\/\/www.normisjon.no\/content\/uploads\/sites\/21\/2023\/09\/IMG_7463-1920x1280-1-768x512.jpg);\"><\/span>\t<\/div>\n<\/div>\n\t\t<div class=\"savage-card-body\">\n\t\t\t<div class=\"savage-card-body-inner\">\n\t\t\t\t<h2 class=\"savage-card-heading\">Bli med p\u00e5 Actaleir!<\/h2><p class=\"savage-card-excerpt\">Her finner du Acta Tr\u00f8ndelag sine leirer og arrangement<\/p>\t\t\t<\/div>\n\t\t<\/div>\n\t\t<a href=\"https:\/\/acta.no\/trondelag\/leirer-og-arrangement\/\" class=\"savage-card-link\"><span class=\"screen-reader-text\">Her finner du Acta Tr\u00f8ndelag sine leirer og arrangement<\/span><\/a>\t\t\t\t<\/div>\n\t\t\t<\/div>\n\t\t\t\t<\/div>\n<\/div>\n<\/div><\/div>","protected":false},"excerpt":{"rendered":"<p>Bli med p\u00e5 Actaleir!Her finner du Acta Tr\u00f8ndelag sine leirer og arrangement Her finner du Acta Tr\u00f8ndelag sine leirer og arrangement<\/p>\n","protected":false},"author":33,"featured_media":299,"parent":210,"menu_order":0,"comment_status":"closed","ping_status":"closed","template":"","meta":{"_acf_changed":false,"footnotes":""},"class_list":["post-23","page","type-page","status-publish","has-post-thumbnail","hentry"],"acf":[],"yoast_head":"<!-- This site is optimized with the Yoast SEO plugin v25.9 - https:\/\/yoast.com\/wordpress\/plugins\/seo\/ -->\n<title>Arrangementer - Normisjon Region Tr\u00f8ndelag<\/title>\n<meta name=\"robots\" content=\"index, follow, max-snippet:-1, max-image-preview:large, max-video-preview:-1\" \/>\n<link rel=\"canonical\" href=\"https:\/\/www.normisjon.no\/trondelag\/normisjon-region-trondelag\/arrangementer\/\" \/>\n<meta property=\"og:locale\" content=\"nb_NO\" \/>\n<meta property=\"og:type\" content=\"article\" \/>\n<meta property=\"og:title\" content=\"Arrangementer - Normisjon Region Tr\u00f8ndelag\" \/>\n<meta property=\"og:description\" content=\"Bli med p\u00e5 Actaleir!Her finner du Acta Tr\u00f8ndelag sine leirer og arrangement Her finner du Acta Tr\u00f8ndelag sine leirer og arrangement\" \/>\n<meta property=\"og:url\" content=\"https:\/\/www.normisjon.no\/trondelag\/normisjon-region-trondelag\/arrangementer\/\" \/>\n<meta property=\"og:site_name\" content=\"Normisjon Region Tr\u00f8ndelag\" \/>\n<meta property=\"article:publisher\" content=\"https:\/\/www.facebook.com\/NormisjonTrondelag\" \/>\n<meta property=\"article:modified_time\" content=\"2025-02-28T13:20:17+00:00\" \/>\n<meta property=\"og:image\" content=\"https:\/\/www.normisjon.no\/content\/uploads\/sites\/21\/2018\/10\/normisjon-korset-blaa-800x800.jpg\" \/>\n\t<meta property=\"og:image:width\" content=\"800\" \/>\n\t<meta property=\"og:image:height\" content=\"800\" \/>\n\t<meta property=\"og:image:type\" content=\"image\/jpeg\" \/>\n<meta name=\"twitter:card\" content=\"summary_large_image\" \/>\n<script type=\"application\/ld+json\" class=\"yoast-schema-graph\">{\"@context\":\"https:\/\/schema.org\",\"@graph\":[{\"@type\":\"WebPage\",\"@id\":\"https:\/\/www.normisjon.no\/trondelag\/normisjon-region-trondelag\/arrangementer\/\",\"url\":\"https:\/\/www.normisjon.no\/trondelag\/normisjon-region-trondelag\/arrangementer\/\",\"name\":\"Arrangementer - Normisjon Region Tr\u00f8ndelag\",\"isPartOf\":{\"@id\":\"https:\/\/www.normisjon.no\/trondelag\/#website\"},\"primaryImageOfPage\":{\"@id\":\"https:\/\/www.normisjon.no\/trondelag\/normisjon-region-trondelag\/arrangementer\/#primaryimage\"},\"image\":{\"@id\":\"https:\/\/www.normisjon.no\/trondelag\/normisjon-region-trondelag\/arrangementer\/#primaryimage\"},\"thumbnailUrl\":\"https:\/\/www.normisjon.no\/content\/uploads\/sites\/21\/2018\/10\/normisjon-korset-blaa-800x800.jpg\",\"datePublished\":\"2018-05-02T13:32:21+00:00\",\"dateModified\":\"2025-02-28T13:20:17+00:00\",\"breadcrumb\":{\"@id\":\"https:\/\/www.normisjon.no\/trondelag\/normisjon-region-trondelag\/arrangementer\/#breadcrumb\"},\"inLanguage\":\"nb-NO\",\"potentialAction\":[{\"@type\":\"ReadAction\",\"target\":[\"https:\/\/www.normisjon.no\/trondelag\/normisjon-region-trondelag\/arrangementer\/\"]}]},{\"@type\":\"ImageObject\",\"inLanguage\":\"nb-NO\",\"@id\":\"https:\/\/www.normisjon.no\/trondelag\/normisjon-region-trondelag\/arrangementer\/#primaryimage\",\"url\":\"https:\/\/www.normisjon.no\/content\/uploads\/sites\/21\/2018\/10\/normisjon-korset-blaa-800x800.jpg\",\"contentUrl\":\"https:\/\/www.normisjon.no\/content\/uploads\/sites\/21\/2018\/10\/normisjon-korset-blaa-800x800.jpg\",\"width\":800,\"height\":800},{\"@type\":\"BreadcrumbList\",\"@id\":\"https:\/\/www.normisjon.no\/trondelag\/normisjon-region-trondelag\/arrangementer\/#breadcrumb\",\"itemListElement\":[{\"@type\":\"ListItem\",\"position\":1,\"name\":\"Home\",\"item\":\"https:\/\/www.normisjon.no\/trondelag\/\"},{\"@type\":\"ListItem\",\"position\":2,\"name\":\"Normisjon Region Tr\u00f8ndelag\",\"item\":\"https:\/\/www.normisjon.no\/trondelag\/\"},{\"@type\":\"ListItem\",\"position\":3,\"name\":\"Arrangementer\"}]},{\"@type\":\"WebSite\",\"@id\":\"https:\/\/www.normisjon.no\/trondelag\/#website\",\"url\":\"https:\/\/www.normisjon.no\/trondelag\/\",\"name\":\"Normisjon Region Tr\u00f8ndelag\",\"description\":\"Jesus Kristus til nye generasjoner og folkeslag\",\"publisher\":{\"@id\":\"https:\/\/www.normisjon.no\/trondelag\/#organization\"},\"potentialAction\":[{\"@type\":\"SearchAction\",\"target\":{\"@type\":\"EntryPoint\",\"urlTemplate\":\"https:\/\/www.normisjon.no\/trondelag\/?s={search_term_string}\"},\"query-input\":{\"@type\":\"PropertyValueSpecification\",\"valueRequired\":true,\"valueName\":\"search_term_string\"}}],\"inLanguage\":\"nb-NO\"},{\"@type\":\"Organization\",\"@id\":\"https:\/\/www.normisjon.no\/trondelag\/#organization\",\"name\":\"Normisjon Region Tr\u00f8ndelag\",\"url\":\"https:\/\/www.normisjon.no\/trondelag\/\",\"logo\":{\"@type\":\"ImageObject\",\"inLanguage\":\"nb-NO\",\"@id\":\"https:\/\/www.normisjon.no\/trondelag\/#\/schema\/logo\/image\/\",\"url\":\"https:\/\/www.normisjon.no\/content\/uploads\/sites\/21\/2018\/10\/logo_Normisjon_svart_600.jpg\",\"contentUrl\":\"https:\/\/www.normisjon.no\/content\/uploads\/sites\/21\/2018\/10\/logo_Normisjon_svart_600.jpg\",\"width\":600,\"height\":173,\"caption\":\"Normisjon Region Tr\u00f8ndelag\"},\"image\":{\"@id\":\"https:\/\/www.normisjon.no\/trondelag\/#\/schema\/logo\/image\/\"},\"sameAs\":[\"https:\/\/www.facebook.com\/NormisjonTrondelag\"]}]}<\/script>\n<!-- \/ Yoast SEO plugin. -->","yoast_head_json":{"title":"Arrangementer - Normisjon Region Tr\u00f8ndelag","robots":{"index":"index","follow":"follow","max-snippet":"max-snippet:-1","max-image-preview":"max-image-preview:large","max-video-preview":"max-video-preview:-1"},"canonical":"https:\/\/www.normisjon.no\/trondelag\/normisjon-region-trondelag\/arrangementer\/","og_locale":"nb_NO","og_type":"article","og_title":"Arrangementer - Normisjon Region Tr\u00f8ndelag","og_description":"Bli med p\u00e5 Actaleir!Her finner du Acta Tr\u00f8ndelag sine leirer og arrangement Her finner du Acta Tr\u00f8ndelag sine leirer og arrangement","og_url":"https:\/\/www.normisjon.no\/trondelag\/normisjon-region-trondelag\/arrangementer\/","og_site_name":"Normisjon Region Tr\u00f8ndelag","article_publisher":"https:\/\/www.facebook.com\/NormisjonTrondelag","article_modified_time":"2025-02-28T13:20:17+00:00","og_image":[{"width":800,"height":800,"url":"https:\/\/www.normisjon.no\/content\/uploads\/sites\/21\/2018\/10\/normisjon-korset-blaa-800x800.jpg","type":"image\/jpeg"}],"twitter_card":"summary_large_image","schema":{"@context":"https:\/\/schema.org","@graph":[{"@type":"WebPage","@id":"https:\/\/www.normisjon.no\/trondelag\/normisjon-region-trondelag\/arrangementer\/","url":"https:\/\/www.normisjon.no\/trondelag\/normisjon-region-trondelag\/arrangementer\/","name":"Arrangementer - Normisjon Region Tr\u00f8ndelag","isPartOf":{"@id":"https:\/\/www.normisjon.no\/trondelag\/#website"},"primaryImageOfPage":{"@id":"https:\/\/www.normisjon.no\/trondelag\/normisjon-region-trondelag\/arrangementer\/#primaryimage"},"image":{"@id":"https:\/\/www.normisjon.no\/trondelag\/normisjon-region-trondelag\/arrangementer\/#primaryimage"},"thumbnailUrl":"https:\/\/www.normisjon.no\/content\/uploads\/sites\/21\/2018\/10\/normisjon-korset-blaa-800x800.jpg","datePublished":"2018-05-02T13:32:21+00:00","dateModified":"2025-02-28T13:20:17+00:00","breadcrumb":{"@id":"https:\/\/www.normisjon.no\/trondelag\/normisjon-region-trondelag\/arrangementer\/#breadcrumb"},"inLanguage":"nb-NO","potentialAction":[{"@type":"ReadAction","target":["https:\/\/www.normisjon.no\/trondelag\/normisjon-region-trondelag\/arrangementer\/"]}]},{"@type":"ImageObject","inLanguage":"nb-NO","@id":"https:\/\/www.normisjon.no\/trondelag\/normisjon-region-trondelag\/arrangementer\/#primaryimage","url":"https:\/\/www.normisjon.no\/content\/uploads\/sites\/21\/2018\/10\/normisjon-korset-blaa-800x800.jpg","contentUrl":"https:\/\/www.normisjon.no\/content\/uploads\/sites\/21\/2018\/10\/normisjon-korset-blaa-800x800.jpg","width":800,"height":800},{"@type":"BreadcrumbList","@id":"https:\/\/www.normisjon.no\/trondelag\/normisjon-region-trondelag\/arrangementer\/#breadcrumb","itemListElement":[{"@type":"ListItem","position":1,"name":"Home","item":"https:\/\/www.normisjon.no\/trondelag\/"},{"@type":"ListItem","position":2,"name":"Normisjon Region Tr\u00f8ndelag","item":"https:\/\/www.normisjon.no\/trondelag\/"},{"@type":"ListItem","position":3,"name":"Arrangementer"}]},{"@type":"WebSite","@id":"https:\/\/www.normisjon.no\/trondelag\/#website","url":"https:\/\/www.normisjon.no\/trondelag\/","name":"Normisjon Region Tr\u00f8ndelag","description":"Jesus Kristus til nye generasjoner og folkeslag","publisher":{"@id":"https:\/\/www.normisjon.no\/trondelag\/#organization"},"potentialAction":[{"@type":"SearchAction","target":{"@type":"EntryPoint","urlTemplate":"https:\/\/www.normisjon.no\/trondelag\/?s={search_term_string}"},"query-input":{"@type":"PropertyValueSpecification","valueRequired":true,"valueName":"search_term_string"}}],"inLanguage":"nb-NO"},{"@type":"Organization","@id":"https:\/\/www.normisjon.no\/trondelag\/#organization","name":"Normisjon Region Tr\u00f8ndelag","url":"https:\/\/www.normisjon.no\/trondelag\/","logo":{"@type":"ImageObject","inLanguage":"nb-NO","@id":"https:\/\/www.normisjon.no\/trondelag\/#\/schema\/logo\/image\/","url":"https:\/\/www.normisjon.no\/content\/uploads\/sites\/21\/2018\/10\/logo_Normisjon_svart_600.jpg","contentUrl":"https:\/\/www.normisjon.no\/content\/uploads\/sites\/21\/2018\/10\/logo_Normisjon_svart_600.jpg","width":600,"height":173,"caption":"Normisjon Region Tr\u00f8ndelag"},"image":{"@id":"https:\/\/www.normisjon.no\/trondelag\/#\/schema\/logo\/image\/"},"sameAs":["https:\/\/www.facebook.com\/NormisjonTrondelag"]}]}},"_links":{"self":[{"href":"https:\/\/www.normisjon.no\/trondelag\/wp-json\/wp\/v2\/pages\/23","targetHints":{"allow":["GET"]}}],"collection":[{"href":"https:\/\/www.normisjon.no\/trondelag\/wp-json\/wp\/v2\/pages"}],"about":[{"href":"https:\/\/www.normisjon.no\/trondelag\/wp-json\/wp\/v2\/types\/page"}],"author":[{"embeddable":true,"href":"https:\/\/www.normisjon.no\/trondelag\/wp-json\/wp\/v2\/users\/33"}],"replies":[{"embeddable":true,"href":"https:\/\/www.normisjon.no\/trondelag\/wp-json\/wp\/v2\/comments?post=23"}],"version-history":[{"count":14,"href":"https:\/\/www.normisjon.no\/trondelag\/wp-json\/wp\/v2\/pages\/23\/revisions"}],"predecessor-version":[{"id":1567,"href":"https:\/\/www.normisjon.no\/trondelag\/wp-json\/wp\/v2\/pages\/23\/revisions\/1567"}],"up":[{"embeddable":true,"href":"https:\/\/www.normisjon.no\/trondelag\/wp-json\/wp\/v2\/pages\/210"}],"wp:featuredmedia":[{"embeddable":true,"href":"https:\/\/www.normisjon.no\/trondelag\/wp-json\/wp\/v2\/media\/299"}],"wp:attachment":[{"href":"https:\/\/www.normisjon.no\/trondelag\/wp-json\/wp\/v2\/media?parent=23"}],"curies":[{"name":"wp","href":"https:\/\/api.w.org\/{rel}","templated":true}]}}