{"id":25,"date":"2018-05-02T15:32:44","date_gmt":"2018-05-02T13:32:44","guid":{"rendered":"https:\/\/www.normisjon.no\/region-trondelag\/?page_id=25"},"modified":"2023-10-19T09:28:43","modified_gmt":"2023-10-19T07:28:43","slug":"skoler-og-leirsteder","status":"publish","type":"page","link":"https:\/\/www.normisjon.no\/trondelag\/skoler-og-leirsteder\/","title":{"rendered":"Leirsteder og skoler"},"content":{"rendered":"<div id=\"module-0\" class=\"hogan-module hogan-module-text hogan-module-0\"><div class=\"hogan-module-inner\"><p>I Tr\u00f8ndelag er det flere leirsteder og skoler som er knyttet til Normisjon i st\u00f8rre eller mindre grad. Her har du en oversikt over dem, med lenke til deres egne nettsider.<\/p><\/div><\/div><div id=\"module-1\" class=\"hogan-module hogan-module-linklist hogan-module-1\"><nav class=\"hogan-module-inner\">\n<ul class=\"hogan-linklist-container\">\n\t\t\t<li class=\"hogan-linklist-inner\">\n\t\t\t\t\t\t\t<h3 class=\"hogan-linklist-title\">Leirsteder<\/h3>\n\t\t\t\n\t\t\t<ul class=\"hogan-linklist-items\">\n\t\t\t\t<li class=\"hogan-linklist-item\"><a href=\"https:\/\/www.normisjon.no\/trondelag\/imi-stolen\/\">IMI St\u00f8len<svg xmlns=\"http:\/\/www.w3.org\/2000\/svg\" viewBox=\"0 0 56 100\" class=\"hogan-linklist-icon\"><path d=\"M54.3 47.3L7 0 .1 6.9l42.2 42.2L0 93.1l7.1 6.8 48.9-51z\"\/><\/svg><\/a><\/li><li class=\"hogan-linklist-item\"><a href=\"https:\/\/www.normisjon.no\/trondelag\/hallarheim-leirsted\/\" target=\"_blank\" rel=\"noopener noreferrer\">Hallarheim leirsted<svg xmlns=\"http:\/\/www.w3.org\/2000\/svg\" viewBox=\"0 0 56 100\" class=\"hogan-linklist-icon\"><path d=\"M54.3 47.3L7 0 .1 6.9l42.2 42.2L0 93.1l7.1 6.8 48.9-51z\"\/><\/svg><\/a><\/li><li class=\"hogan-linklist-item\"><a href=\"https:\/\/www.normisjon.no\/trondelag\/tron-ungdomssenter\/\">Tron Ungdomssenter<svg xmlns=\"http:\/\/www.w3.org\/2000\/svg\" viewBox=\"0 0 56 100\" class=\"hogan-linklist-icon\"><path d=\"M54.3 47.3L7 0 .1 6.9l42.2 42.2L0 93.1l7.1 6.8 48.9-51z\"\/><\/svg><\/a><\/li>\t\t\t<\/ul>\n\t\t<\/li>\n\t<\/ul>\n<\/nav><\/div><div id=\"module-2\" class=\"hogan-module hogan-module-linklist hogan-module-2\"><nav class=\"hogan-module-inner\">\n<ul class=\"hogan-linklist-container\">\n\t\t\t<li class=\"hogan-linklist-inner\">\n\t\t\t\t\t\t\t<h3 class=\"hogan-linklist-title\">Skoler<\/h3>\n\t\t\t\n\t\t\t<ul class=\"hogan-linklist-items\">\n\t\t\t\t<li class=\"hogan-linklist-item hogan-linklist-item-external\"><a href=\"http:\/\/bakketun.fhs.no\/\" target=\"_blank\" rel=\"noopener noreferrer\">Bakketun folkeh\u00f8gskole<svg xmlns=\"http:\/\/www.w3.org\/2000\/svg\" viewBox=\"0 0 56 100\" class=\"hogan-linklist-icon\"><path d=\"M54.3 47.3L7 0 .1 6.9l42.2 42.2L0 93.1l7.1 6.8 48.9-51z\"\/><\/svg><\/a><\/li><li class=\"hogan-linklist-item hogan-linklist-item-external\"><a href=\"https:\/\/fredly.fhs.no\/\" target=\"_blank\" rel=\"noopener noreferrer\">Fredly folkeh\u00f8gskole<svg xmlns=\"http:\/\/www.w3.org\/2000\/svg\" viewBox=\"0 0 56 100\" class=\"hogan-linklist-icon\"><path d=\"M54.3 47.3L7 0 .1 6.9l42.2 42.2L0 93.1l7.1 6.8 48.9-51z\"\/><\/svg><\/a><\/li><li class=\"hogan-linklist-item hogan-linklist-item-external\"><a href=\"http:\/\/www.oya.vgs.no\/\" target=\"_blank\" rel=\"noopener noreferrer\">\u00d8ya videreg\u00e5ende skole<svg xmlns=\"http:\/\/www.w3.org\/2000\/svg\" viewBox=\"0 0 56 100\" class=\"hogan-linklist-icon\"><path d=\"M54.3 47.3L7 0 .1 6.9l42.2 42.2L0 93.1l7.1 6.8 48.9-51z\"\/><\/svg><\/a><\/li><li class=\"hogan-linklist-item hogan-linklist-item-external\"><a href=\"http:\/\/www.kvt.vgs.no\/\" target=\"_blank\" rel=\"noopener noreferrer\">Kristen Videreg\u00e5ende skole Tr\u00f8ndelag - KVT<svg xmlns=\"http:\/\/www.w3.org\/2000\/svg\" viewBox=\"0 0 56 100\" class=\"hogan-linklist-icon\"><path d=\"M54.3 47.3L7 0 .1 6.9l42.2 42.2L0 93.1l7.1 6.8 48.9-51z\"\/><\/svg><\/a><\/li><li class=\"hogan-linklist-item hogan-linklist-item-external\"><a href=\"http:\/\/gus.no\/\" target=\"_blank\" rel=\"noopener noreferrer\">G\u00e5 Ut Senteret<svg xmlns=\"http:\/\/www.w3.org\/2000\/svg\" viewBox=\"0 0 56 100\" class=\"hogan-linklist-icon\"><path d=\"M54.3 47.3L7 0 .1 6.9l42.2 42.2L0 93.1l7.1 6.8 48.9-51z\"\/><\/svg><\/a><\/li>\t\t\t<\/ul>\n\t\t<\/li>\n\t<\/ul>\n<\/nav><\/div>","protected":false},"excerpt":{"rendered":"<p>I Tr\u00f8ndelag er det flere leirsteder og skoler som er knyttet til Normisjon i st\u00f8rre eller mindre grad. Her har du en oversikt over dem, [&hellip;]<\/p>\n","protected":false},"author":33,"featured_media":119,"parent":0,"menu_order":0,"comment_status":"closed","ping_status":"closed","template":"","meta":{"_acf_changed":false,"footnotes":""},"class_list":["post-25","page","type-page","status-publish","has-post-thumbnail","hentry"],"acf":[],"yoast_head":"<!-- This site is optimized with the Yoast SEO plugin v25.9 - https:\/\/yoast.com\/wordpress\/plugins\/seo\/ -->\n<title>Leirsteder og skoler - Normisjon Region Tr\u00f8ndelag<\/title>\n<meta name=\"robots\" content=\"index, follow, max-snippet:-1, max-image-preview:large, max-video-preview:-1\" \/>\n<link rel=\"canonical\" href=\"https:\/\/www.normisjon.no\/trondelag\/skoler-og-leirsteder\/\" \/>\n<meta property=\"og:locale\" content=\"nb_NO\" \/>\n<meta property=\"og:type\" content=\"article\" \/>\n<meta property=\"og:title\" content=\"Leirsteder og skoler - Normisjon Region Tr\u00f8ndelag\" \/>\n<meta property=\"og:description\" content=\"I Tr\u00f8ndelag er det flere leirsteder og skoler som er knyttet til Normisjon i st\u00f8rre eller mindre grad. Her har du en oversikt over dem, [&hellip;]\" \/>\n<meta property=\"og:url\" content=\"https:\/\/www.normisjon.no\/trondelag\/skoler-og-leirsteder\/\" \/>\n<meta property=\"og:site_name\" content=\"Normisjon Region Tr\u00f8ndelag\" \/>\n<meta property=\"article:publisher\" content=\"https:\/\/www.facebook.com\/NormisjonTrondelag\" \/>\n<meta property=\"article:modified_time\" content=\"2023-10-19T07:28:43+00:00\" \/>\n<meta property=\"og:image\" content=\"https:\/\/www.normisjon.no\/content\/uploads\/sites\/21\/2018\/06\/imi-stolen-vinter-ute.jpg\" \/>\n\t<meta property=\"og:image:width\" content=\"1500\" \/>\n\t<meta property=\"og:image:height\" content=\"1000\" \/>\n\t<meta property=\"og:image:type\" content=\"image\/jpeg\" \/>\n<meta name=\"twitter:card\" content=\"summary_large_image\" \/>\n<script type=\"application\/ld+json\" class=\"yoast-schema-graph\">{\"@context\":\"https:\/\/schema.org\",\"@graph\":[{\"@type\":\"WebPage\",\"@id\":\"https:\/\/www.normisjon.no\/trondelag\/skoler-og-leirsteder\/\",\"url\":\"https:\/\/www.normisjon.no\/trondelag\/skoler-og-leirsteder\/\",\"name\":\"Leirsteder og skoler - Normisjon Region Tr\u00f8ndelag\",\"isPartOf\":{\"@id\":\"https:\/\/www.normisjon.no\/trondelag\/#website\"},\"primaryImageOfPage\":{\"@id\":\"https:\/\/www.normisjon.no\/trondelag\/skoler-og-leirsteder\/#primaryimage\"},\"image\":{\"@id\":\"https:\/\/www.normisjon.no\/trondelag\/skoler-og-leirsteder\/#primaryimage\"},\"thumbnailUrl\":\"https:\/\/www.normisjon.no\/content\/uploads\/sites\/21\/2018\/06\/imi-stolen-vinter-ute.jpg\",\"datePublished\":\"2018-05-02T13:32:44+00:00\",\"dateModified\":\"2023-10-19T07:28:43+00:00\",\"breadcrumb\":{\"@id\":\"https:\/\/www.normisjon.no\/trondelag\/skoler-og-leirsteder\/#breadcrumb\"},\"inLanguage\":\"nb-NO\",\"potentialAction\":[{\"@type\":\"ReadAction\",\"target\":[\"https:\/\/www.normisjon.no\/trondelag\/skoler-og-leirsteder\/\"]}]},{\"@type\":\"ImageObject\",\"inLanguage\":\"nb-NO\",\"@id\":\"https:\/\/www.normisjon.no\/trondelag\/skoler-og-leirsteder\/#primaryimage\",\"url\":\"https:\/\/www.normisjon.no\/content\/uploads\/sites\/21\/2018\/06\/imi-stolen-vinter-ute.jpg\",\"contentUrl\":\"https:\/\/www.normisjon.no\/content\/uploads\/sites\/21\/2018\/06\/imi-stolen-vinter-ute.jpg\",\"width\":1500,\"height\":1000},{\"@type\":\"BreadcrumbList\",\"@id\":\"https:\/\/www.normisjon.no\/trondelag\/skoler-og-leirsteder\/#breadcrumb\",\"itemListElement\":[{\"@type\":\"ListItem\",\"position\":1,\"name\":\"Home\",\"item\":\"https:\/\/www.normisjon.no\/trondelag\/\"},{\"@type\":\"ListItem\",\"position\":2,\"name\":\"Leirsteder og skoler\"}]},{\"@type\":\"WebSite\",\"@id\":\"https:\/\/www.normisjon.no\/trondelag\/#website\",\"url\":\"https:\/\/www.normisjon.no\/trondelag\/\",\"name\":\"Normisjon Region Tr\u00f8ndelag\",\"description\":\"Jesus Kristus til nye generasjoner og folkeslag\",\"publisher\":{\"@id\":\"https:\/\/www.normisjon.no\/trondelag\/#organization\"},\"potentialAction\":[{\"@type\":\"SearchAction\",\"target\":{\"@type\":\"EntryPoint\",\"urlTemplate\":\"https:\/\/www.normisjon.no\/trondelag\/?s={search_term_string}\"},\"query-input\":{\"@type\":\"PropertyValueSpecification\",\"valueRequired\":true,\"valueName\":\"search_term_string\"}}],\"inLanguage\":\"nb-NO\"},{\"@type\":\"Organization\",\"@id\":\"https:\/\/www.normisjon.no\/trondelag\/#organization\",\"name\":\"Normisjon Region Tr\u00f8ndelag\",\"url\":\"https:\/\/www.normisjon.no\/trondelag\/\",\"logo\":{\"@type\":\"ImageObject\",\"inLanguage\":\"nb-NO\",\"@id\":\"https:\/\/www.normisjon.no\/trondelag\/#\/schema\/logo\/image\/\",\"url\":\"https:\/\/www.normisjon.no\/content\/uploads\/sites\/21\/2018\/10\/logo_Normisjon_svart_600.jpg\",\"contentUrl\":\"https:\/\/www.normisjon.no\/content\/uploads\/sites\/21\/2018\/10\/logo_Normisjon_svart_600.jpg\",\"width\":600,\"height\":173,\"caption\":\"Normisjon Region Tr\u00f8ndelag\"},\"image\":{\"@id\":\"https:\/\/www.normisjon.no\/trondelag\/#\/schema\/logo\/image\/\"},\"sameAs\":[\"https:\/\/www.facebook.com\/NormisjonTrondelag\"]}]}<\/script>\n<!-- \/ Yoast SEO plugin. -->","yoast_head_json":{"title":"Leirsteder og skoler - Normisjon Region Tr\u00f8ndelag","robots":{"index":"index","follow":"follow","max-snippet":"max-snippet:-1","max-image-preview":"max-image-preview:large","max-video-preview":"max-video-preview:-1"},"canonical":"https:\/\/www.normisjon.no\/trondelag\/skoler-og-leirsteder\/","og_locale":"nb_NO","og_type":"article","og_title":"Leirsteder og skoler - Normisjon Region Tr\u00f8ndelag","og_description":"I Tr\u00f8ndelag er det flere leirsteder og skoler som er knyttet til Normisjon i st\u00f8rre eller mindre grad. Her har du en oversikt over dem, [&hellip;]","og_url":"https:\/\/www.normisjon.no\/trondelag\/skoler-og-leirsteder\/","og_site_name":"Normisjon Region Tr\u00f8ndelag","article_publisher":"https:\/\/www.facebook.com\/NormisjonTrondelag","article_modified_time":"2023-10-19T07:28:43+00:00","og_image":[{"width":1500,"height":1000,"url":"https:\/\/www.normisjon.no\/content\/uploads\/sites\/21\/2018\/06\/imi-stolen-vinter-ute.jpg","type":"image\/jpeg"}],"twitter_card":"summary_large_image","schema":{"@context":"https:\/\/schema.org","@graph":[{"@type":"WebPage","@id":"https:\/\/www.normisjon.no\/trondelag\/skoler-og-leirsteder\/","url":"https:\/\/www.normisjon.no\/trondelag\/skoler-og-leirsteder\/","name":"Leirsteder og skoler - Normisjon Region Tr\u00f8ndelag","isPartOf":{"@id":"https:\/\/www.normisjon.no\/trondelag\/#website"},"primaryImageOfPage":{"@id":"https:\/\/www.normisjon.no\/trondelag\/skoler-og-leirsteder\/#primaryimage"},"image":{"@id":"https:\/\/www.normisjon.no\/trondelag\/skoler-og-leirsteder\/#primaryimage"},"thumbnailUrl":"https:\/\/www.normisjon.no\/content\/uploads\/sites\/21\/2018\/06\/imi-stolen-vinter-ute.jpg","datePublished":"2018-05-02T13:32:44+00:00","dateModified":"2023-10-19T07:28:43+00:00","breadcrumb":{"@id":"https:\/\/www.normisjon.no\/trondelag\/skoler-og-leirsteder\/#breadcrumb"},"inLanguage":"nb-NO","potentialAction":[{"@type":"ReadAction","target":["https:\/\/www.normisjon.no\/trondelag\/skoler-og-leirsteder\/"]}]},{"@type":"ImageObject","inLanguage":"nb-NO","@id":"https:\/\/www.normisjon.no\/trondelag\/skoler-og-leirsteder\/#primaryimage","url":"https:\/\/www.normisjon.no\/content\/uploads\/sites\/21\/2018\/06\/imi-stolen-vinter-ute.jpg","contentUrl":"https:\/\/www.normisjon.no\/content\/uploads\/sites\/21\/2018\/06\/imi-stolen-vinter-ute.jpg","width":1500,"height":1000},{"@type":"BreadcrumbList","@id":"https:\/\/www.normisjon.no\/trondelag\/skoler-og-leirsteder\/#breadcrumb","itemListElement":[{"@type":"ListItem","position":1,"name":"Home","item":"https:\/\/www.normisjon.no\/trondelag\/"},{"@type":"ListItem","position":2,"name":"Leirsteder og skoler"}]},{"@type":"WebSite","@id":"https:\/\/www.normisjon.no\/trondelag\/#website","url":"https:\/\/www.normisjon.no\/trondelag\/","name":"Normisjon Region Tr\u00f8ndelag","description":"Jesus Kristus til nye generasjoner og folkeslag","publisher":{"@id":"https:\/\/www.normisjon.no\/trondelag\/#organization"},"potentialAction":[{"@type":"SearchAction","target":{"@type":"EntryPoint","urlTemplate":"https:\/\/www.normisjon.no\/trondelag\/?s={search_term_string}"},"query-input":{"@type":"PropertyValueSpecification","valueRequired":true,"valueName":"search_term_string"}}],"inLanguage":"nb-NO"},{"@type":"Organization","@id":"https:\/\/www.normisjon.no\/trondelag\/#organization","name":"Normisjon Region Tr\u00f8ndelag","url":"https:\/\/www.normisjon.no\/trondelag\/","logo":{"@type":"ImageObject","inLanguage":"nb-NO","@id":"https:\/\/www.normisjon.no\/trondelag\/#\/schema\/logo\/image\/","url":"https:\/\/www.normisjon.no\/content\/uploads\/sites\/21\/2018\/10\/logo_Normisjon_svart_600.jpg","contentUrl":"https:\/\/www.normisjon.no\/content\/uploads\/sites\/21\/2018\/10\/logo_Normisjon_svart_600.jpg","width":600,"height":173,"caption":"Normisjon Region Tr\u00f8ndelag"},"image":{"@id":"https:\/\/www.normisjon.no\/trondelag\/#\/schema\/logo\/image\/"},"sameAs":["https:\/\/www.facebook.com\/NormisjonTrondelag"]}]}},"_links":{"self":[{"href":"https:\/\/www.normisjon.no\/trondelag\/wp-json\/wp\/v2\/pages\/25","targetHints":{"allow":["GET"]}}],"collection":[{"href":"https:\/\/www.normisjon.no\/trondelag\/wp-json\/wp\/v2\/pages"}],"about":[{"href":"https:\/\/www.normisjon.no\/trondelag\/wp-json\/wp\/v2\/types\/page"}],"author":[{"embeddable":true,"href":"https:\/\/www.normisjon.no\/trondelag\/wp-json\/wp\/v2\/users\/33"}],"replies":[{"embeddable":true,"href":"https:\/\/www.normisjon.no\/trondelag\/wp-json\/wp\/v2\/comments?post=25"}],"version-history":[{"count":4,"href":"https:\/\/www.normisjon.no\/trondelag\/wp-json\/wp\/v2\/pages\/25\/revisions"}],"predecessor-version":[{"id":1305,"href":"https:\/\/www.normisjon.no\/trondelag\/wp-json\/wp\/v2\/pages\/25\/revisions\/1305"}],"wp:featuredmedia":[{"embeddable":true,"href":"https:\/\/www.normisjon.no\/trondelag\/wp-json\/wp\/v2\/media\/119"}],"wp:attachment":[{"href":"https:\/\/www.normisjon.no\/trondelag\/wp-json\/wp\/v2\/media?parent=25"}],"curies":[{"name":"wp","href":"https:\/\/api.w.org\/{rel}","templated":true}]}}