{"id":499,"date":"2019-08-06T10:30:32","date_gmt":"2019-08-06T08:30:32","guid":{"rendered":"https:\/\/www.normisjon.no\/trondelag\/?page_id=499"},"modified":"2026-01-16T16:52:33","modified_gmt":"2026-01-16T15:52:33","slug":"vil-leve-ut-drommen-i-senegal","status":"publish","type":"page","link":"https:\/\/www.normisjon.no\/trondelag\/panorama\/vil-leve-ut-drommen-i-senegal\/","title":{"rendered":"Vil leve ut dr\u00f8mmen i Senegal"},"content":{"rendered":"<div id=\"module-0\" class=\"hogan-module hogan-module-banner hogan-module-0 normisjon-banner-button-default hogan-banner-content-left hogan-module-width-full hogan-banner-theme-secondary hogan-banner-layout-columns hogan-banner-text-center\"><div class=\"hogan-module-inner\"><div class=\"hogan-banner\">\n\t<div class=\"hogan-banner-column hogan-banner-image\">\n\t\t<img loading=\"lazy\" decoding=\"async\" width=\"960\" height=\"641\" src=\"https:\/\/www.normisjon.no\/content\/uploads\/sites\/21\/2019\/08\/8-9-Anne-Gitte-foran-bussen-960x641.jpg\" class=\"attachment-half-width size-half-width\" alt=\"\" srcset=\"https:\/\/www.normisjon.no\/content\/uploads\/sites\/21\/2019\/08\/8-9-Anne-Gitte-foran-bussen-960x641.jpg 960w, https:\/\/www.normisjon.no\/content\/uploads\/sites\/21\/2019\/08\/8-9-Anne-Gitte-foran-bussen-300x200.jpg 300w, https:\/\/www.normisjon.no\/content\/uploads\/sites\/21\/2019\/08\/8-9-Anne-Gitte-foran-bussen-768x512.jpg 768w, https:\/\/www.normisjon.no\/content\/uploads\/sites\/21\/2019\/08\/8-9-Anne-Gitte-foran-bussen-1024x683.jpg 1024w, https:\/\/www.normisjon.no\/content\/uploads\/sites\/21\/2019\/08\/8-9-Anne-Gitte-foran-bussen.jpg 1079w\" sizes=\"auto, (max-width: 960px) 100vw, 960px\" \/>\t<\/div>\n\t\t\t<div class=\"hogan-banner-column hogan-banner-content\">\n\t\t\t<div class=\"hogan-banner-content-inner\">\n\t\t\t\t<p>Allerede som ung jente kjente hun at misjon\u00e6renes historier fra Afrika ber\u00f8rte henne sterkt. N\u00e5 tar 28 \u00e5r gamle Anne-Gitte Stenhaug fra Trondheim over ansvaret for Normisjons skole og barnehage i Senegal.<\/p>\n\t\t\t<\/div>\n\t\t<\/div>\n\t<\/div>\n<\/div><\/div><div id=\"module-1\" class=\"hogan-module hogan-module-text hogan-module-1\"><div class=\"hogan-module-inner\"><p><em>AV: MAGNE VIK BJ\u00d8RK\u00d8Y &#8211; publisert i Panorama nr. 6-2019<\/em><\/p>\n<p>L\u00e6reren fra By\u00e5sen smiler spent der hun sitter i en kontorstol p\u00e5 Salems kontor i Trondheim. Hun legger ikke skjul p\u00e5 at det er selve dr\u00f8mmen hun oppfyller n\u00e5r hun i august reiser til det vestafrikanske landet for \u00e5 undervise barna til misjon\u00e6rene der.<\/p>\n<p>&#8211; Jeg bestemte meg allerede da jeg studerte p\u00e5 G\u00e5 Ut Senteret, og hadde praksis blant Normisjons misjon\u00e6rer i Mali. Det er vanskelig \u00e5 forklare dette, men jeg kjente at det var her jeg ville v\u00e6re, og aller helst \u00f8nsket jeg \u00e5 bli brukt som l\u00e6rer, forteller Anne-Gitte.<\/p>\n<p>Som sagt, s\u00e5 gjort: Da hun var tilbake fra Mali og ferdig p\u00e5 G\u00e5 Ut Senteret (GUS), og etter \u00e5 ha jobbet et \u00e5r ved \u00c5sveien skole, fylte hun m\u00e5lbevisst ut s\u00f8knaden til l\u00e6rerstudiene i Trondheim. Da hun var ferdig utdannet, ga hun beskjed til Normisjon at hun var klar for \u00e5 reise ut. Og n\u00e5; noen \u00e5r senere har dr\u00f8mmen blitt virkelighet.<\/p><\/div><\/div><div id=\"module-2\" class=\"hogan-module hogan-module-text hogan-module-2\"><div class=\"hogan-module-inner\"><p><strong>Et tydelig kall <\/strong><\/p>\n<p>&#8211; Jeg har opplevd dette som et kall fra Gud. Og jeg har flere ganger kjent t\u00e5rene presse p\u00e5 n\u00e5r jeg har h\u00f8rt om arbeidet og behovene som finnes i andre deler av verden, forteller den unge l\u00e6reren, som i tillegg til engasjementet for Mali og Senegal ogs\u00e5 har arbeidet for b\u00e5tflyktninger i Hellas og organisert \u00abGodhetsfester\u00bb i Salem for mennesker med en utfordrende hverdag.<\/p>\n<p>&#8211; For meg handler det om \u00e5 gi videre det jeg har l\u00e6rt \u2013 i praksis, sier Stenhaug.<\/p><\/div><\/div><div id=\"module-3\" class=\"hogan-module hogan-module-banner hogan-module-3 normisjon-banner-button-default hogan-banner-content-left hogan-module-width-full hogan-banner-theme-secondary hogan-banner-layout-columns hogan-banner-text-center\"><div class=\"hogan-module-inner\"><div class=\"hogan-banner\">\n\t<div class=\"hogan-banner-column hogan-banner-image\">\n\t\t<img loading=\"lazy\" decoding=\"async\" width=\"960\" height=\"641\" src=\"https:\/\/www.normisjon.no\/content\/uploads\/sites\/21\/2019\/08\/8-9-Anne-Gitte-PC-960x641.jpg\" class=\"attachment-half-width size-half-width\" alt=\"\" srcset=\"https:\/\/www.normisjon.no\/content\/uploads\/sites\/21\/2019\/08\/8-9-Anne-Gitte-PC-960x641.jpg 960w, https:\/\/www.normisjon.no\/content\/uploads\/sites\/21\/2019\/08\/8-9-Anne-Gitte-PC-300x200.jpg 300w, https:\/\/www.normisjon.no\/content\/uploads\/sites\/21\/2019\/08\/8-9-Anne-Gitte-PC-768x512.jpg 768w, https:\/\/www.normisjon.no\/content\/uploads\/sites\/21\/2019\/08\/8-9-Anne-Gitte-PC-1024x683.jpg 1024w, https:\/\/www.normisjon.no\/content\/uploads\/sites\/21\/2019\/08\/8-9-Anne-Gitte-PC.jpg 1079w\" sizes=\"auto, (max-width: 960px) 100vw, 960px\" \/>\t<\/div>\n\t\t\t<div class=\"hogan-banner-column hogan-banner-content\">\n\t\t\t<div class=\"hogan-banner-content-inner\">\n\t\t\t\t<p>KALL: - Jeg opplever det \u00e5 dra til Senegal som et tydelig kall. Vest-Afrika har alltid betydd noe spesielt. Da misjonshistoriene derfra kom, spisset jeg alltid \u00f8rene, forteller Anne-Gitte Stenhaug, som snart er p\u00e5 plass som l\u00e6rer for misjon\u00e6rbarna i Senegal. FOTO: MAGNE VIK BJ\u00d8RK\u00d8Y<\/p>\n\t\t\t<\/div>\n\t\t<\/div>\n\t<\/div>\n<\/div><\/div><div id=\"module-4\" class=\"hogan-module hogan-module-text hogan-module-4\"><div class=\"hogan-module-inner\"><p><strong>&#8211; T\u00f8ff og modig<\/strong><\/p>\n<p>De siste tre \u00e5rene har Anne-Gitte Stenhaug arbeidet som l\u00e6rer og spesialpedagog p\u00e5 \u00c5sveien skole. Her har reaksjonene v\u00e6rt kun positive p\u00e5 at hun n\u00e5 tar et radikalt livsvalg:<\/p>\n<p>&#8211; L\u00e6rerkollegene kaller meg t\u00f8ff og modig, og sier de er imponert over at jeg v\u00e5ger \u00e5 f\u00f8lge dr\u00f8mmen min. Det har v\u00e6rt godt \u00e5 kjenne p\u00e5 st\u00f8tten fra alle jeg snakker med her.<\/p><\/div><\/div><div id=\"module-5\" class=\"hogan-module hogan-module-banner hogan-module-5 normisjon-banner-button-default hogan-banner-content-left hogan-module-width-full hogan-banner-theme-secondary hogan-banner-layout-columns hogan-banner-text-center\"><div class=\"hogan-module-inner\"><div class=\"hogan-banner\">\n\t<div class=\"hogan-banner-column hogan-banner-image\">\n\t\t<img loading=\"lazy\" decoding=\"async\" width=\"960\" height=\"705\" src=\"https:\/\/www.normisjon.no\/content\/uploads\/sites\/21\/2019\/08\/8-9-Anne-Gitte-Lesvos-960x705.jpg\" class=\"attachment-half-width size-half-width\" alt=\"\" srcset=\"https:\/\/www.normisjon.no\/content\/uploads\/sites\/21\/2019\/08\/8-9-Anne-Gitte-Lesvos-960x705.jpg 960w, https:\/\/www.normisjon.no\/content\/uploads\/sites\/21\/2019\/08\/8-9-Anne-Gitte-Lesvos-300x220.jpg 300w, https:\/\/www.normisjon.no\/content\/uploads\/sites\/21\/2019\/08\/8-9-Anne-Gitte-Lesvos-768x564.jpg 768w, https:\/\/www.normisjon.no\/content\/uploads\/sites\/21\/2019\/08\/8-9-Anne-Gitte-Lesvos-1024x752.jpg 1024w, https:\/\/www.normisjon.no\/content\/uploads\/sites\/21\/2019\/08\/8-9-Anne-Gitte-Lesvos.jpg 1920w, https:\/\/www.normisjon.no\/content\/uploads\/sites\/21\/2019\/08\/8-9-Anne-Gitte-Lesvos-1360x999.jpg 1360w\" sizes=\"auto, (max-width: 960px) 100vw, 960px\" \/>\t<\/div>\n\t\t\t<div class=\"hogan-banner-column hogan-banner-content\">\n\t\t\t<div class=\"hogan-banner-content-inner\">\n\t\t\t\t<p>HJELPEARBEID: Anne-Gitte Stenhaug har lenge v\u00e6rt brennende i arbeidet for medmennesker. Her fra utdeling av hjelpemateriell til b\u00e5tflyktninger i Lesvos i Hellas. FOTO: PRIVAT<\/p>\n\t\t\t<\/div>\n\t\t<\/div>\n\t<\/div>\n<\/div><\/div><div id=\"module-6\" class=\"hogan-module hogan-module-text hogan-module-6\"><div class=\"hogan-module-inner\"><p><strong>L\u00e6rer og rektor<\/strong><\/p>\n<p>Som l\u00e6rer i Senegal, vil hun ha ansvar for all skoleundervisning til misjon\u00e6rbarna som lever i landsbyen oppe ved grensen til Mali. Hun vil med andre ord fungere b\u00e5de som l\u00e6rer og rektor i en alder av 28 \u00e5r\u2026.!<\/p>\n<p>&#8211; I disse dager sitter jeg og setter opp l\u00e6replaner og bestiller b\u00f8ker. Jeg kan nesten ikke vente med \u00e5 komme i gang, smiler hun.<\/p>\n<p>&#8211; Hva gleder du deg mest til?<\/p>\n<p>&#8211; Jeg ser veldig frem til \u00e5 bli enda bedre kjent med kulturen i Vest-Afrika. Da jeg var i Mali som GUS-student, m\u00f8tte jeg en s\u00e5 stor \u00e5penhet og gjestfrihet. Jeg er selv en type som liker \u00e5 prate med folk og bli kjent med stadig nye, s\u00e5 dette vil passe meg bra. Samtidig er jeg forberedt p\u00e5 at det tar tid \u00e5 bygge relasjoner, sier Anne-Gitte Stenhaug.<\/p>\n<p>&#8211; Jeg h\u00e5per at jeg kan v\u00e6re med p\u00e5 \u00e5 gi noe til dem som blir mine nye naboer i det vestafrikanske landet. Men jeg ser ogs\u00e5 at jeg kan f\u00e5 s\u00e5 mye tilbake. Og at en slik jobb i et slikt land kan utvide perspektiv og takknemlighet for det hverdagslivet jeg har her i Trondheim, avslutter Normisjons nye l\u00e6rer i Senegal.<\/p>\n<p><strong>PS: Flere av PANORAMAs lesere kjenner Anne-Gitte allerede, og i l\u00f8pet av \u00e5ret som kommer vil det bli flere muligheter til \u00e5 bli kjent med den tr\u00f8nderske utsendingen i det som blir Normisjon Tr\u00f8ndelags nye satsningsland. Anne-Gitte lover nemlig \u00e5 sende rapporter som blir satt p\u00e5 trykk i PANORAMA.<\/strong><\/p>\n<p><strong>I PANORAMA nr. 6 kan du ogs\u00e5 lese om det unge misjon\u00e6rparet Ingrid og Einar Amlie, som leder Normisjons arbeid i Senegal. <\/strong><\/p>\n<p><strong>Ikke abonnent? Send en mail til <a href=\"mailto:panorama@normisjon.no\">panorama@normisjon.no<\/a>, s\u00e5 f\u00e5r du gratis abonnement ut \u00e5ret, samt siste nummer tilsendt i posten!\u00a0<\/strong><\/p><\/div><\/div>","protected":false},"excerpt":{"rendered":"<p>Allerede som ung jente kjente hun at misjon\u00e6renes historier fra Afrika ber\u00f8rte henne sterkt. N\u00e5 tar 28 \u00e5r gamle Anne-Gitte Stenhaug fra Trondheim over ansvaret [&hellip;]<\/p>\n","protected":false},"author":33,"featured_media":500,"parent":91,"menu_order":0,"comment_status":"closed","ping_status":"closed","template":"","meta":{"_acf_changed":false,"footnotes":""},"class_list":["post-499","page","type-page","status-publish","has-post-thumbnail","hentry"],"acf":[],"yoast_head":"<!-- This site is optimized with the Yoast SEO plugin v25.9 - https:\/\/yoast.com\/wordpress\/plugins\/seo\/ -->\n<title>Vil leve ut dr\u00f8mmen i Senegal - Normisjon Region Tr\u00f8ndelag<\/title>\n<meta name=\"robots\" content=\"index, follow, max-snippet:-1, max-image-preview:large, max-video-preview:-1\" \/>\n<link rel=\"canonical\" href=\"https:\/\/www.normisjon.no\/trondelag\/panorama\/vil-leve-ut-drommen-i-senegal\/\" \/>\n<meta property=\"og:locale\" content=\"nb_NO\" \/>\n<meta property=\"og:type\" content=\"article\" \/>\n<meta property=\"og:title\" content=\"Vil leve ut dr\u00f8mmen i Senegal - Normisjon Region Tr\u00f8ndelag\" \/>\n<meta property=\"og:description\" content=\"Allerede som ung jente kjente hun at misjon\u00e6renes historier fra Afrika ber\u00f8rte henne sterkt. N\u00e5 tar 28 \u00e5r gamle Anne-Gitte Stenhaug fra Trondheim over ansvaret [&hellip;]\" \/>\n<meta property=\"og:url\" content=\"https:\/\/www.normisjon.no\/trondelag\/panorama\/vil-leve-ut-drommen-i-senegal\/\" \/>\n<meta property=\"og:site_name\" content=\"Normisjon Region Tr\u00f8ndelag\" \/>\n<meta property=\"article:publisher\" content=\"https:\/\/www.facebook.com\/NormisjonTrondelag\" \/>\n<meta property=\"article:modified_time\" content=\"2026-01-16T15:52:33+00:00\" \/>\n<meta property=\"og:image\" content=\"https:\/\/www.normisjon.no\/content\/uploads\/sites\/21\/2019\/08\/8-9-Anne-Gitte-foran-bussen.jpg\" \/>\n\t<meta property=\"og:image:width\" content=\"1079\" \/>\n\t<meta property=\"og:image:height\" content=\"720\" \/>\n\t<meta property=\"og:image:type\" content=\"image\/jpeg\" \/>\n<meta name=\"twitter:card\" content=\"summary_large_image\" \/>\n<meta name=\"twitter:label1\" content=\"Ansl. lesetid\" \/>\n\t<meta name=\"twitter:data1\" content=\"1 minutt\" \/>\n<script type=\"application\/ld+json\" class=\"yoast-schema-graph\">{\"@context\":\"https:\/\/schema.org\",\"@graph\":[{\"@type\":\"WebPage\",\"@id\":\"https:\/\/www.normisjon.no\/trondelag\/panorama\/vil-leve-ut-drommen-i-senegal\/\",\"url\":\"https:\/\/www.normisjon.no\/trondelag\/panorama\/vil-leve-ut-drommen-i-senegal\/\",\"name\":\"Vil leve ut dr\u00f8mmen i Senegal - Normisjon Region Tr\u00f8ndelag\",\"isPartOf\":{\"@id\":\"https:\/\/www.normisjon.no\/trondelag\/#website\"},\"primaryImageOfPage\":{\"@id\":\"https:\/\/www.normisjon.no\/trondelag\/panorama\/vil-leve-ut-drommen-i-senegal\/#primaryimage\"},\"image\":{\"@id\":\"https:\/\/www.normisjon.no\/trondelag\/panorama\/vil-leve-ut-drommen-i-senegal\/#primaryimage\"},\"thumbnailUrl\":\"https:\/\/www.normisjon.no\/content\/uploads\/sites\/21\/2019\/08\/8-9-Anne-Gitte-foran-bussen.jpg\",\"datePublished\":\"2019-08-06T08:30:32+00:00\",\"dateModified\":\"2026-01-16T15:52:33+00:00\",\"breadcrumb\":{\"@id\":\"https:\/\/www.normisjon.no\/trondelag\/panorama\/vil-leve-ut-drommen-i-senegal\/#breadcrumb\"},\"inLanguage\":\"nb-NO\",\"potentialAction\":[{\"@type\":\"ReadAction\",\"target\":[\"https:\/\/www.normisjon.no\/trondelag\/panorama\/vil-leve-ut-drommen-i-senegal\/\"]}]},{\"@type\":\"ImageObject\",\"inLanguage\":\"nb-NO\",\"@id\":\"https:\/\/www.normisjon.no\/trondelag\/panorama\/vil-leve-ut-drommen-i-senegal\/#primaryimage\",\"url\":\"https:\/\/www.normisjon.no\/content\/uploads\/sites\/21\/2019\/08\/8-9-Anne-Gitte-foran-bussen.jpg\",\"contentUrl\":\"https:\/\/www.normisjon.no\/content\/uploads\/sites\/21\/2019\/08\/8-9-Anne-Gitte-foran-bussen.jpg\",\"width\":1079,\"height\":720},{\"@type\":\"BreadcrumbList\",\"@id\":\"https:\/\/www.normisjon.no\/trondelag\/panorama\/vil-leve-ut-drommen-i-senegal\/#breadcrumb\",\"itemListElement\":[{\"@type\":\"ListItem\",\"position\":1,\"name\":\"Home\",\"item\":\"https:\/\/www.normisjon.no\/trondelag\/\"},{\"@type\":\"ListItem\",\"position\":2,\"name\":\"Panorama\",\"item\":\"https:\/\/www.normisjon.no\/trondelag\/panorama\/\"},{\"@type\":\"ListItem\",\"position\":3,\"name\":\"Vil leve ut dr\u00f8mmen i Senegal\"}]},{\"@type\":\"WebSite\",\"@id\":\"https:\/\/www.normisjon.no\/trondelag\/#website\",\"url\":\"https:\/\/www.normisjon.no\/trondelag\/\",\"name\":\"Normisjon Region Tr\u00f8ndelag\",\"description\":\"Jesus Kristus til nye generasjoner og folkeslag\",\"publisher\":{\"@id\":\"https:\/\/www.normisjon.no\/trondelag\/#organization\"},\"potentialAction\":[{\"@type\":\"SearchAction\",\"target\":{\"@type\":\"EntryPoint\",\"urlTemplate\":\"https:\/\/www.normisjon.no\/trondelag\/?s={search_term_string}\"},\"query-input\":{\"@type\":\"PropertyValueSpecification\",\"valueRequired\":true,\"valueName\":\"search_term_string\"}}],\"inLanguage\":\"nb-NO\"},{\"@type\":\"Organization\",\"@id\":\"https:\/\/www.normisjon.no\/trondelag\/#organization\",\"name\":\"Normisjon Region Tr\u00f8ndelag\",\"url\":\"https:\/\/www.normisjon.no\/trondelag\/\",\"logo\":{\"@type\":\"ImageObject\",\"inLanguage\":\"nb-NO\",\"@id\":\"https:\/\/www.normisjon.no\/trondelag\/#\/schema\/logo\/image\/\",\"url\":\"https:\/\/www.normisjon.no\/content\/uploads\/sites\/21\/2018\/10\/logo_Normisjon_svart_600.jpg\",\"contentUrl\":\"https:\/\/www.normisjon.no\/content\/uploads\/sites\/21\/2018\/10\/logo_Normisjon_svart_600.jpg\",\"width\":600,\"height\":173,\"caption\":\"Normisjon Region Tr\u00f8ndelag\"},\"image\":{\"@id\":\"https:\/\/www.normisjon.no\/trondelag\/#\/schema\/logo\/image\/\"},\"sameAs\":[\"https:\/\/www.facebook.com\/NormisjonTrondelag\"]}]}<\/script>\n<!-- \/ Yoast SEO plugin. -->","yoast_head_json":{"title":"Vil leve ut dr\u00f8mmen i Senegal - Normisjon Region Tr\u00f8ndelag","robots":{"index":"index","follow":"follow","max-snippet":"max-snippet:-1","max-image-preview":"max-image-preview:large","max-video-preview":"max-video-preview:-1"},"canonical":"https:\/\/www.normisjon.no\/trondelag\/panorama\/vil-leve-ut-drommen-i-senegal\/","og_locale":"nb_NO","og_type":"article","og_title":"Vil leve ut dr\u00f8mmen i Senegal - Normisjon Region Tr\u00f8ndelag","og_description":"Allerede som ung jente kjente hun at misjon\u00e6renes historier fra Afrika ber\u00f8rte henne sterkt. N\u00e5 tar 28 \u00e5r gamle Anne-Gitte Stenhaug fra Trondheim over ansvaret [&hellip;]","og_url":"https:\/\/www.normisjon.no\/trondelag\/panorama\/vil-leve-ut-drommen-i-senegal\/","og_site_name":"Normisjon Region Tr\u00f8ndelag","article_publisher":"https:\/\/www.facebook.com\/NormisjonTrondelag","article_modified_time":"2026-01-16T15:52:33+00:00","og_image":[{"width":1079,"height":720,"url":"https:\/\/www.normisjon.no\/content\/uploads\/sites\/21\/2019\/08\/8-9-Anne-Gitte-foran-bussen.jpg","type":"image\/jpeg"}],"twitter_card":"summary_large_image","twitter_misc":{"Ansl. lesetid":"1 minutt"},"schema":{"@context":"https:\/\/schema.org","@graph":[{"@type":"WebPage","@id":"https:\/\/www.normisjon.no\/trondelag\/panorama\/vil-leve-ut-drommen-i-senegal\/","url":"https:\/\/www.normisjon.no\/trondelag\/panorama\/vil-leve-ut-drommen-i-senegal\/","name":"Vil leve ut dr\u00f8mmen i Senegal - Normisjon Region Tr\u00f8ndelag","isPartOf":{"@id":"https:\/\/www.normisjon.no\/trondelag\/#website"},"primaryImageOfPage":{"@id":"https:\/\/www.normisjon.no\/trondelag\/panorama\/vil-leve-ut-drommen-i-senegal\/#primaryimage"},"image":{"@id":"https:\/\/www.normisjon.no\/trondelag\/panorama\/vil-leve-ut-drommen-i-senegal\/#primaryimage"},"thumbnailUrl":"https:\/\/www.normisjon.no\/content\/uploads\/sites\/21\/2019\/08\/8-9-Anne-Gitte-foran-bussen.jpg","datePublished":"2019-08-06T08:30:32+00:00","dateModified":"2026-01-16T15:52:33+00:00","breadcrumb":{"@id":"https:\/\/www.normisjon.no\/trondelag\/panorama\/vil-leve-ut-drommen-i-senegal\/#breadcrumb"},"inLanguage":"nb-NO","potentialAction":[{"@type":"ReadAction","target":["https:\/\/www.normisjon.no\/trondelag\/panorama\/vil-leve-ut-drommen-i-senegal\/"]}]},{"@type":"ImageObject","inLanguage":"nb-NO","@id":"https:\/\/www.normisjon.no\/trondelag\/panorama\/vil-leve-ut-drommen-i-senegal\/#primaryimage","url":"https:\/\/www.normisjon.no\/content\/uploads\/sites\/21\/2019\/08\/8-9-Anne-Gitte-foran-bussen.jpg","contentUrl":"https:\/\/www.normisjon.no\/content\/uploads\/sites\/21\/2019\/08\/8-9-Anne-Gitte-foran-bussen.jpg","width":1079,"height":720},{"@type":"BreadcrumbList","@id":"https:\/\/www.normisjon.no\/trondelag\/panorama\/vil-leve-ut-drommen-i-senegal\/#breadcrumb","itemListElement":[{"@type":"ListItem","position":1,"name":"Home","item":"https:\/\/www.normisjon.no\/trondelag\/"},{"@type":"ListItem","position":2,"name":"Panorama","item":"https:\/\/www.normisjon.no\/trondelag\/panorama\/"},{"@type":"ListItem","position":3,"name":"Vil leve ut dr\u00f8mmen i Senegal"}]},{"@type":"WebSite","@id":"https:\/\/www.normisjon.no\/trondelag\/#website","url":"https:\/\/www.normisjon.no\/trondelag\/","name":"Normisjon Region Tr\u00f8ndelag","description":"Jesus Kristus til nye generasjoner og folkeslag","publisher":{"@id":"https:\/\/www.normisjon.no\/trondelag\/#organization"},"potentialAction":[{"@type":"SearchAction","target":{"@type":"EntryPoint","urlTemplate":"https:\/\/www.normisjon.no\/trondelag\/?s={search_term_string}"},"query-input":{"@type":"PropertyValueSpecification","valueRequired":true,"valueName":"search_term_string"}}],"inLanguage":"nb-NO"},{"@type":"Organization","@id":"https:\/\/www.normisjon.no\/trondelag\/#organization","name":"Normisjon Region Tr\u00f8ndelag","url":"https:\/\/www.normisjon.no\/trondelag\/","logo":{"@type":"ImageObject","inLanguage":"nb-NO","@id":"https:\/\/www.normisjon.no\/trondelag\/#\/schema\/logo\/image\/","url":"https:\/\/www.normisjon.no\/content\/uploads\/sites\/21\/2018\/10\/logo_Normisjon_svart_600.jpg","contentUrl":"https:\/\/www.normisjon.no\/content\/uploads\/sites\/21\/2018\/10\/logo_Normisjon_svart_600.jpg","width":600,"height":173,"caption":"Normisjon Region Tr\u00f8ndelag"},"image":{"@id":"https:\/\/www.normisjon.no\/trondelag\/#\/schema\/logo\/image\/"},"sameAs":["https:\/\/www.facebook.com\/NormisjonTrondelag"]}]}},"_links":{"self":[{"href":"https:\/\/www.normisjon.no\/trondelag\/wp-json\/wp\/v2\/pages\/499","targetHints":{"allow":["GET"]}}],"collection":[{"href":"https:\/\/www.normisjon.no\/trondelag\/wp-json\/wp\/v2\/pages"}],"about":[{"href":"https:\/\/www.normisjon.no\/trondelag\/wp-json\/wp\/v2\/types\/page"}],"author":[{"embeddable":true,"href":"https:\/\/www.normisjon.no\/trondelag\/wp-json\/wp\/v2\/users\/33"}],"replies":[{"embeddable":true,"href":"https:\/\/www.normisjon.no\/trondelag\/wp-json\/wp\/v2\/comments?post=499"}],"version-history":[{"count":9,"href":"https:\/\/www.normisjon.no\/trondelag\/wp-json\/wp\/v2\/pages\/499\/revisions"}],"predecessor-version":[{"id":1950,"href":"https:\/\/www.normisjon.no\/trondelag\/wp-json\/wp\/v2\/pages\/499\/revisions\/1950"}],"up":[{"embeddable":true,"href":"https:\/\/www.normisjon.no\/trondelag\/wp-json\/wp\/v2\/pages\/91"}],"wp:featuredmedia":[{"embeddable":true,"href":"https:\/\/www.normisjon.no\/trondelag\/wp-json\/wp\/v2\/media\/500"}],"wp:attachment":[{"href":"https:\/\/www.normisjon.no\/trondelag\/wp-json\/wp\/v2\/media?parent=499"}],"curies":[{"name":"wp","href":"https:\/\/api.w.org\/{rel}","templated":true}]}}