{"id":8,"date":"2018-05-02T13:42:00","date_gmt":"2018-05-02T11:42:00","guid":{"rendered":"https:\/\/www.normisjon.no\/region-trondelag\/?page_id=8"},"modified":"2026-03-02T11:20:17","modified_gmt":"2026-03-02T10:20:17","slug":"om-oss","status":"publish","type":"page","link":"https:\/\/www.normisjon.no\/trondelag\/om-oss\/","title":{"rendered":"Om oss"},"content":{"rendered":"<div id=\"module-0\" class=\"hogan-module hogan-module-text hogan-module-0\"><div class=\"hogan-module-inner\"><p style=\"text-align: center;\" align=\"center\"><b>NORMISJON REGION TR\u00d8NDELAG<\/b><br \/>\nBes\u00f8ksadresse: Repslagerveita 3, 7012 TRONDHEIM<br \/>\nPostadresse:\u00a0Prinsens gt. 22B, 7012 TRONDHEIM<br \/>\nTlf.: 40 44 88 70<\/p>\n<p style=\"text-align: center;\" align=\"center\"><strong>\u00c5pningstid regionkontoret:<\/strong><b><br \/>\n<\/b>mandag\u2013fredag kl. 10.00\u201315.00<\/p>\n<p style=\"text-align: center;\" align=\"center\">Bankkonto: 3000.14.71518<br \/>\nForetaksnummer: 980 999\u00a0548<\/p><\/div><\/div><div id=\"module-1\" class=\"hogan-module hogan-module-grid hogan-module-1\"><div class=\"hogan-module-inner\"><h2 class=\"hogan-heading\">Ansatte<\/h2><div class=\"hogan-grid hogan-grid-text-center hogan-grid-size-dynamic\">\n\t<div class=\"hogan-grid-inner\">\n\t\t\t\t\t<div class=\"hogan-grid-item hogan-grid-item-size-small hogan-grid-item-type-savage_custom_card savage-has-image savage-has-background savage-bg-default savage-has-layout savage-layout-card_content savage-has-teaser\">\n\t\t\t\t<div class=\"hogan-grid-item-inner\">\n\t\t\t\t\t<div class=\"savage-card-image\">\n\t<div class=\"savage-card-image-inner\">\n\t\t<span class=\"savage-card-image-image\" style=\"background-image: url(https:\/\/www.normisjon.no\/content\/uploads\/sites\/21\/2025\/09\/6A4417D5-D55A-4BCC-A27C-D07C337275A8_1_201_a-e1760536152491-768x907.jpg);\"><\/span>\t<\/div>\n<\/div>\n\t\t<div class=\"savage-card-body\">\n\t\t\t<div class=\"savage-card-body-inner\">\n\t\t\t\t<p><strong>Fungerende regionleder<\/strong><br \/>\nKine Hel\u00e9n Vik Ravndal<br \/>\n+47 41 33 85 04<\/p>\n<p class=\"savage-card-teaser\">Send e-post<\/p>\t\t\t<\/div>\n\t\t<\/div>\n\t\t<a href=\"mailto:kine.vik.ravndal@normisjon.no\" class=\"savage-card-link\"><span class=\"screen-reader-text\">Send e-post<\/span><\/a>\t\t\t\t<\/div>\n\t\t\t<\/div>\n\t\t\t\t\t\t<div class=\"hogan-grid-item hogan-grid-item-size-small hogan-grid-item-type-savage_custom_card savage-has-image savage-has-background savage-bg-default savage-has-layout savage-layout-card_content savage-has-teaser\">\n\t\t\t\t<div class=\"hogan-grid-item-inner\">\n\t\t\t\t\t<div class=\"savage-card-image\">\n\t<div class=\"savage-card-image-inner\">\n\t\t<span class=\"savage-card-image-image\" style=\"background-image: url(https:\/\/www.normisjon.no\/content\/uploads\/sites\/21\/2022\/01\/Ola_nettside_redigert_cropped-768x768.jpg);\"><\/span>\t<\/div>\n<\/div>\n\t\t<div class=\"savage-card-body\">\n\t\t\t<div class=\"savage-card-body-inner\">\n\t\t\t\t<p><strong>Adminstrasjonsleder<\/strong><br \/>\nOla Muan<br \/>\n+47 40 44 88 70<\/p>\n<p class=\"savage-card-teaser\">Send e-post<\/p>\t\t\t<\/div>\n\t\t<\/div>\n\t\t<a href=\"mailto:ola.muan@normisjon.noSPAM\" class=\"savage-card-link\"><span class=\"screen-reader-text\">Send e-post<\/span><\/a>\t\t\t\t<\/div>\n\t\t\t<\/div>\n\t\t\t\t\t\t<div class=\"hogan-grid-item hogan-grid-item-size-small hogan-grid-item-type-savage_custom_card savage-has-image savage-has-background savage-bg-default savage-has-layout savage-layout-card_content savage-has-teaser\">\n\t\t\t\t<div class=\"hogan-grid-item-inner\">\n\t\t\t\t\t<div class=\"savage-card-image\">\n\t<div class=\"savage-card-image-inner\">\n\t\t<span class=\"savage-card-image-image\" style=\"background-image: url(https:\/\/www.normisjon.no\/content\/uploads\/sites\/21\/2025\/09\/SandraKarine-scaled-e1758724357301-768x889.jpeg);\"><\/span>\t<\/div>\n<\/div>\n\t\t<div class=\"savage-card-body\">\n\t\t\t<div class=\"savage-card-body-inner\">\n\t\t\t\t<p><strong>Fellesskapsutvikler<\/strong><br \/>\nSandra Karine Kvisgaard Iversen<br \/>\n+47 48 39 60 20<\/p>\n<p class=\"savage-card-teaser\">Send e-post<\/p>\t\t\t<\/div>\n\t\t<\/div>\n\t\t<a href=\"mailto:sandra.iversen@normisjon.no\" class=\"savage-card-link\"><span class=\"screen-reader-text\">Send e-post<\/span><\/a>\t\t\t\t<\/div>\n\t\t\t<\/div>\n\t\t\t\t\t\t<div class=\"hogan-grid-item hogan-grid-item-size-small hogan-grid-item-type-savage_custom_card savage-has-image savage-has-background savage-bg-default savage-has-layout savage-layout-card_content savage-has-teaser\">\n\t\t\t\t<div class=\"hogan-grid-item-inner\">\n\t\t\t\t\t<div class=\"savage-card-image\">\n\t<div class=\"savage-card-image-inner\">\n\t\t<span class=\"savage-card-image-image\" style=\"background-image: url(https:\/\/www.normisjon.no\/content\/uploads\/sites\/21\/2023\/02\/B25E368A-3EB3-4EE3-B100-DF8EA1829DE1_1_201_a-768x960.jpg);\"><\/span>\t<\/div>\n<\/div>\n\t\t<div class=\"savage-card-body\">\n\t\t\t<div class=\"savage-card-body-inner\">\n\t\t\t\t<p><strong>Acta-leder<br \/>\n<\/strong>Iren L\u00f8berg Gilde<br \/>\n+47 917 41 595<\/p>\n<p class=\"savage-card-teaser\">Send e-post<\/p>\t\t\t<\/div>\n\t\t<\/div>\n\t\t<a href=\"mailto:iren.gilde@normisjon.noSPAM\" class=\"savage-card-link\"><span class=\"screen-reader-text\">Send e-post<\/span><\/a>\t\t\t\t<\/div>\n\t\t\t<\/div>\n\t\t\t\t\t\t<div class=\"hogan-grid-item hogan-grid-item-size-small hogan-grid-item-type-savage_custom_card savage-has-image savage-has-background savage-bg-default savage-has-layout savage-layout-card_content savage-has-teaser\">\n\t\t\t\t<div class=\"hogan-grid-item-inner\">\n\t\t\t\t\t<div class=\"savage-card-image\">\n\t<div class=\"savage-card-image-inner\">\n\t\t<span class=\"savage-card-image-image\" style=\"background-image: url(https:\/\/www.normisjon.no\/content\/uploads\/sites\/21\/2022\/01\/1861B471-D77F-402B-819D-00A7D4D79506_1_201_a-e1760537100560-768x922.jpg);\"><\/span>\t<\/div>\n<\/div>\n\t\t<div class=\"savage-card-body\">\n\t\t\t<div class=\"savage-card-body-inner\">\n\t\t\t\t<p><strong>Actaarbeider<br \/>\n<\/strong>Kristine Hjellen<br \/>\n+47 995 34 967<\/p>\n<p class=\"savage-card-teaser\">Send e-post<\/p>\t\t\t<\/div>\n\t\t<\/div>\n\t\t<a href=\"mailto:kristine@actatrondelag.noSPAM\" class=\"savage-card-link\"><span class=\"screen-reader-text\">Send e-post<\/span><\/a>\t\t\t\t<\/div>\n\t\t\t<\/div>\n\t\t\t\t\t\t<div class=\"hogan-grid-item hogan-grid-item-size-small hogan-grid-item-type-savage_custom_card savage-has-image savage-has-background savage-bg-default savage-has-layout savage-layout-card_content savage-has-teaser\">\n\t\t\t\t<div class=\"hogan-grid-item-inner\">\n\t\t\t\t\t<div class=\"savage-card-image\">\n\t<div class=\"savage-card-image-inner\">\n\t\t<span class=\"savage-card-image-image\" style=\"background-image: url(https:\/\/www.normisjon.no\/content\/uploads\/sites\/21\/2025\/09\/C48CDF38-B996-4EE3-8733-629F8629413C_1_201_a-e1760536064633-768x887.jpg);\"><\/span>\t<\/div>\n<\/div>\n\t\t<div class=\"savage-card-body\">\n\t\t\t<div class=\"savage-card-body-inner\">\n\t\t\t\t<p><strong>Impulsleder &#038; Actaarbeider<\/strong><br \/>\nIngjerd H\u00f8ivik<br \/>\n+47 46 76 60 03<\/p>\n<p class=\"savage-card-teaser\">Send e-post<\/p>\t\t\t<\/div>\n\t\t<\/div>\n\t\t<a href=\"mailto:Ingjerd.hoivik@normisjon.no\" class=\"savage-card-link\"><span class=\"screen-reader-text\">Send e-post<\/span><\/a>\t\t\t\t<\/div>\n\t\t\t<\/div>\n\t\t\t\t\t\t<div class=\"hogan-grid-item hogan-grid-item-size-small hogan-grid-item-type-savage_custom_card savage-has-image savage-has-background savage-bg-default savage-has-layout savage-layout-card_content savage-has-teaser\">\n\t\t\t\t<div class=\"hogan-grid-item-inner\">\n\t\t\t\t\t<div class=\"savage-card-image\">\n\t<div class=\"savage-card-image-inner\">\n\t\t<span class=\"savage-card-image-image\" style=\"background-image: url(https:\/\/www.normisjon.no\/content\/uploads\/sites\/21\/2025\/09\/2ECCCDAC-18F4-416F-A2F6-3DA796C7B093_1_201_a-e1760536238639-768x888.jpg);\"><\/span>\t<\/div>\n<\/div>\n\t\t<div class=\"savage-card-body\">\n\t\t\t<div class=\"savage-card-body-inner\">\n\t\t\t\t<p><strong>Actaarbeider<\/strong><br \/>\nKaroline L\u00f8yning<br \/>\n+47 91 24 49 89<\/p>\n<p class=\"savage-card-teaser\">Send e-post<\/p>\t\t\t<\/div>\n\t\t<\/div>\n\t\t<a href=\"mailto:karoline.loyning@normisjon.no\" class=\"savage-card-link\"><span class=\"screen-reader-text\">Send e-post<\/span><\/a>\t\t\t\t<\/div>\n\t\t\t<\/div>\n\t\t\t\t<\/div>\n<\/div>\n<\/div><\/div>","protected":false},"excerpt":{"rendered":"<p>NORMISJON REGION TR\u00d8NDELAG Bes\u00f8ksadresse: Repslagerveita 3, 7012 TRONDHEIM Postadresse:\u00a0Prinsens gt. 22B, 7012 TRONDHEIM Tlf.: 40 44 88 70 \u00c5pningstid regionkontoret: mandag\u2013fredag kl. 10.00\u201315.00 Bankkonto: 3000.14.71518 [&hellip;]<\/p>\n","protected":false},"author":33,"featured_media":299,"parent":0,"menu_order":0,"comment_status":"closed","ping_status":"closed","template":"","meta":{"_acf_changed":false,"footnotes":""},"class_list":["post-8","page","type-page","status-publish","has-post-thumbnail","hentry"],"acf":[],"yoast_head":"<!-- This site is optimized with the Yoast SEO plugin v25.9 - https:\/\/yoast.com\/wordpress\/plugins\/seo\/ -->\n<title>Om oss - Normisjon Region Tr\u00f8ndelag<\/title>\n<meta name=\"robots\" content=\"index, follow, max-snippet:-1, max-image-preview:large, max-video-preview:-1\" \/>\n<link rel=\"canonical\" href=\"https:\/\/www.normisjon.no\/trondelag\/om-oss\/\" \/>\n<meta property=\"og:locale\" content=\"nb_NO\" \/>\n<meta property=\"og:type\" content=\"article\" \/>\n<meta property=\"og:title\" content=\"Om oss - Normisjon Region Tr\u00f8ndelag\" \/>\n<meta property=\"og:description\" content=\"NORMISJON REGION TR\u00d8NDELAG Bes\u00f8ksadresse: Repslagerveita 3, 7012 TRONDHEIM Postadresse:\u00a0Prinsens gt. 22B, 7012 TRONDHEIM Tlf.: 40 44 88 70 \u00c5pningstid regionkontoret: mandag\u2013fredag kl. 10.00\u201315.00 Bankkonto: 3000.14.71518 [&hellip;]\" \/>\n<meta property=\"og:url\" content=\"https:\/\/www.normisjon.no\/trondelag\/om-oss\/\" \/>\n<meta property=\"og:site_name\" content=\"Normisjon Region Tr\u00f8ndelag\" \/>\n<meta property=\"article:publisher\" content=\"https:\/\/www.facebook.com\/NormisjonTrondelag\" \/>\n<meta property=\"article:modified_time\" content=\"2026-03-02T10:20:17+00:00\" \/>\n<meta property=\"og:image\" content=\"https:\/\/www.normisjon.no\/content\/uploads\/sites\/21\/2018\/10\/normisjon-korset-blaa-800x800.jpg\" \/>\n\t<meta property=\"og:image:width\" content=\"800\" \/>\n\t<meta property=\"og:image:height\" content=\"800\" \/>\n\t<meta property=\"og:image:type\" content=\"image\/jpeg\" \/>\n<meta name=\"twitter:card\" content=\"summary_large_image\" \/>\n<meta name=\"twitter:label1\" content=\"Ansl. lesetid\" \/>\n\t<meta name=\"twitter:data1\" content=\"1 minutt\" \/>\n<script type=\"application\/ld+json\" class=\"yoast-schema-graph\">{\"@context\":\"https:\/\/schema.org\",\"@graph\":[{\"@type\":\"WebPage\",\"@id\":\"https:\/\/www.normisjon.no\/trondelag\/om-oss\/\",\"url\":\"https:\/\/www.normisjon.no\/trondelag\/om-oss\/\",\"name\":\"Om oss - Normisjon Region Tr\u00f8ndelag\",\"isPartOf\":{\"@id\":\"https:\/\/www.normisjon.no\/trondelag\/#website\"},\"primaryImageOfPage\":{\"@id\":\"https:\/\/www.normisjon.no\/trondelag\/om-oss\/#primaryimage\"},\"image\":{\"@id\":\"https:\/\/www.normisjon.no\/trondelag\/om-oss\/#primaryimage\"},\"thumbnailUrl\":\"https:\/\/www.normisjon.no\/content\/uploads\/sites\/21\/2018\/10\/normisjon-korset-blaa-800x800.jpg\",\"datePublished\":\"2018-05-02T11:42:00+00:00\",\"dateModified\":\"2026-03-02T10:20:17+00:00\",\"breadcrumb\":{\"@id\":\"https:\/\/www.normisjon.no\/trondelag\/om-oss\/#breadcrumb\"},\"inLanguage\":\"nb-NO\",\"potentialAction\":[{\"@type\":\"ReadAction\",\"target\":[\"https:\/\/www.normisjon.no\/trondelag\/om-oss\/\"]}]},{\"@type\":\"ImageObject\",\"inLanguage\":\"nb-NO\",\"@id\":\"https:\/\/www.normisjon.no\/trondelag\/om-oss\/#primaryimage\",\"url\":\"https:\/\/www.normisjon.no\/content\/uploads\/sites\/21\/2018\/10\/normisjon-korset-blaa-800x800.jpg\",\"contentUrl\":\"https:\/\/www.normisjon.no\/content\/uploads\/sites\/21\/2018\/10\/normisjon-korset-blaa-800x800.jpg\",\"width\":800,\"height\":800},{\"@type\":\"BreadcrumbList\",\"@id\":\"https:\/\/www.normisjon.no\/trondelag\/om-oss\/#breadcrumb\",\"itemListElement\":[{\"@type\":\"ListItem\",\"position\":1,\"name\":\"Home\",\"item\":\"https:\/\/www.normisjon.no\/trondelag\/\"},{\"@type\":\"ListItem\",\"position\":2,\"name\":\"Om oss\"}]},{\"@type\":\"WebSite\",\"@id\":\"https:\/\/www.normisjon.no\/trondelag\/#website\",\"url\":\"https:\/\/www.normisjon.no\/trondelag\/\",\"name\":\"Normisjon Region Tr\u00f8ndelag\",\"description\":\"Jesus Kristus til nye generasjoner og folkeslag\",\"publisher\":{\"@id\":\"https:\/\/www.normisjon.no\/trondelag\/#organization\"},\"potentialAction\":[{\"@type\":\"SearchAction\",\"target\":{\"@type\":\"EntryPoint\",\"urlTemplate\":\"https:\/\/www.normisjon.no\/trondelag\/?s={search_term_string}\"},\"query-input\":{\"@type\":\"PropertyValueSpecification\",\"valueRequired\":true,\"valueName\":\"search_term_string\"}}],\"inLanguage\":\"nb-NO\"},{\"@type\":\"Organization\",\"@id\":\"https:\/\/www.normisjon.no\/trondelag\/#organization\",\"name\":\"Normisjon Region Tr\u00f8ndelag\",\"url\":\"https:\/\/www.normisjon.no\/trondelag\/\",\"logo\":{\"@type\":\"ImageObject\",\"inLanguage\":\"nb-NO\",\"@id\":\"https:\/\/www.normisjon.no\/trondelag\/#\/schema\/logo\/image\/\",\"url\":\"https:\/\/www.normisjon.no\/content\/uploads\/sites\/21\/2018\/10\/logo_Normisjon_svart_600.jpg\",\"contentUrl\":\"https:\/\/www.normisjon.no\/content\/uploads\/sites\/21\/2018\/10\/logo_Normisjon_svart_600.jpg\",\"width\":600,\"height\":173,\"caption\":\"Normisjon Region Tr\u00f8ndelag\"},\"image\":{\"@id\":\"https:\/\/www.normisjon.no\/trondelag\/#\/schema\/logo\/image\/\"},\"sameAs\":[\"https:\/\/www.facebook.com\/NormisjonTrondelag\"]}]}<\/script>\n<!-- \/ Yoast SEO plugin. -->","yoast_head_json":{"title":"Om oss - Normisjon Region Tr\u00f8ndelag","robots":{"index":"index","follow":"follow","max-snippet":"max-snippet:-1","max-image-preview":"max-image-preview:large","max-video-preview":"max-video-preview:-1"},"canonical":"https:\/\/www.normisjon.no\/trondelag\/om-oss\/","og_locale":"nb_NO","og_type":"article","og_title":"Om oss - Normisjon Region Tr\u00f8ndelag","og_description":"NORMISJON REGION TR\u00d8NDELAG Bes\u00f8ksadresse: Repslagerveita 3, 7012 TRONDHEIM Postadresse:\u00a0Prinsens gt. 22B, 7012 TRONDHEIM Tlf.: 40 44 88 70 \u00c5pningstid regionkontoret: mandag\u2013fredag kl. 10.00\u201315.00 Bankkonto: 3000.14.71518 [&hellip;]","og_url":"https:\/\/www.normisjon.no\/trondelag\/om-oss\/","og_site_name":"Normisjon Region Tr\u00f8ndelag","article_publisher":"https:\/\/www.facebook.com\/NormisjonTrondelag","article_modified_time":"2026-03-02T10:20:17+00:00","og_image":[{"width":800,"height":800,"url":"https:\/\/www.normisjon.no\/content\/uploads\/sites\/21\/2018\/10\/normisjon-korset-blaa-800x800.jpg","type":"image\/jpeg"}],"twitter_card":"summary_large_image","twitter_misc":{"Ansl. lesetid":"1 minutt"},"schema":{"@context":"https:\/\/schema.org","@graph":[{"@type":"WebPage","@id":"https:\/\/www.normisjon.no\/trondelag\/om-oss\/","url":"https:\/\/www.normisjon.no\/trondelag\/om-oss\/","name":"Om oss - Normisjon Region Tr\u00f8ndelag","isPartOf":{"@id":"https:\/\/www.normisjon.no\/trondelag\/#website"},"primaryImageOfPage":{"@id":"https:\/\/www.normisjon.no\/trondelag\/om-oss\/#primaryimage"},"image":{"@id":"https:\/\/www.normisjon.no\/trondelag\/om-oss\/#primaryimage"},"thumbnailUrl":"https:\/\/www.normisjon.no\/content\/uploads\/sites\/21\/2018\/10\/normisjon-korset-blaa-800x800.jpg","datePublished":"2018-05-02T11:42:00+00:00","dateModified":"2026-03-02T10:20:17+00:00","breadcrumb":{"@id":"https:\/\/www.normisjon.no\/trondelag\/om-oss\/#breadcrumb"},"inLanguage":"nb-NO","potentialAction":[{"@type":"ReadAction","target":["https:\/\/www.normisjon.no\/trondelag\/om-oss\/"]}]},{"@type":"ImageObject","inLanguage":"nb-NO","@id":"https:\/\/www.normisjon.no\/trondelag\/om-oss\/#primaryimage","url":"https:\/\/www.normisjon.no\/content\/uploads\/sites\/21\/2018\/10\/normisjon-korset-blaa-800x800.jpg","contentUrl":"https:\/\/www.normisjon.no\/content\/uploads\/sites\/21\/2018\/10\/normisjon-korset-blaa-800x800.jpg","width":800,"height":800},{"@type":"BreadcrumbList","@id":"https:\/\/www.normisjon.no\/trondelag\/om-oss\/#breadcrumb","itemListElement":[{"@type":"ListItem","position":1,"name":"Home","item":"https:\/\/www.normisjon.no\/trondelag\/"},{"@type":"ListItem","position":2,"name":"Om oss"}]},{"@type":"WebSite","@id":"https:\/\/www.normisjon.no\/trondelag\/#website","url":"https:\/\/www.normisjon.no\/trondelag\/","name":"Normisjon Region Tr\u00f8ndelag","description":"Jesus Kristus til nye generasjoner og folkeslag","publisher":{"@id":"https:\/\/www.normisjon.no\/trondelag\/#organization"},"potentialAction":[{"@type":"SearchAction","target":{"@type":"EntryPoint","urlTemplate":"https:\/\/www.normisjon.no\/trondelag\/?s={search_term_string}"},"query-input":{"@type":"PropertyValueSpecification","valueRequired":true,"valueName":"search_term_string"}}],"inLanguage":"nb-NO"},{"@type":"Organization","@id":"https:\/\/www.normisjon.no\/trondelag\/#organization","name":"Normisjon Region Tr\u00f8ndelag","url":"https:\/\/www.normisjon.no\/trondelag\/","logo":{"@type":"ImageObject","inLanguage":"nb-NO","@id":"https:\/\/www.normisjon.no\/trondelag\/#\/schema\/logo\/image\/","url":"https:\/\/www.normisjon.no\/content\/uploads\/sites\/21\/2018\/10\/logo_Normisjon_svart_600.jpg","contentUrl":"https:\/\/www.normisjon.no\/content\/uploads\/sites\/21\/2018\/10\/logo_Normisjon_svart_600.jpg","width":600,"height":173,"caption":"Normisjon Region Tr\u00f8ndelag"},"image":{"@id":"https:\/\/www.normisjon.no\/trondelag\/#\/schema\/logo\/image\/"},"sameAs":["https:\/\/www.facebook.com\/NormisjonTrondelag"]}]}},"_links":{"self":[{"href":"https:\/\/www.normisjon.no\/trondelag\/wp-json\/wp\/v2\/pages\/8","targetHints":{"allow":["GET"]}}],"collection":[{"href":"https:\/\/www.normisjon.no\/trondelag\/wp-json\/wp\/v2\/pages"}],"about":[{"href":"https:\/\/www.normisjon.no\/trondelag\/wp-json\/wp\/v2\/types\/page"}],"author":[{"embeddable":true,"href":"https:\/\/www.normisjon.no\/trondelag\/wp-json\/wp\/v2\/users\/33"}],"replies":[{"embeddable":true,"href":"https:\/\/www.normisjon.no\/trondelag\/wp-json\/wp\/v2\/comments?post=8"}],"version-history":[{"count":26,"href":"https:\/\/www.normisjon.no\/trondelag\/wp-json\/wp\/v2\/pages\/8\/revisions"}],"predecessor-version":[{"id":1960,"href":"https:\/\/www.normisjon.no\/trondelag\/wp-json\/wp\/v2\/pages\/8\/revisions\/1960"}],"wp:featuredmedia":[{"embeddable":true,"href":"https:\/\/www.normisjon.no\/trondelag\/wp-json\/wp\/v2\/media\/299"}],"wp:attachment":[{"href":"https:\/\/www.normisjon.no\/trondelag\/wp-json\/wp\/v2\/media?parent=8"}],"curies":[{"name":"wp","href":"https:\/\/api.w.org\/{rel}","templated":true}]}}