{"id":35,"date":"2025-10-18T10:11:35","date_gmt":"2025-10-18T08:11:35","guid":{"rendered":"https:\/\/www.normisjon.no\/trossamfunn\/?page_id=35"},"modified":"2026-04-05T08:07:45","modified_gmt":"2026-04-05T06:07:45","slug":"informasjon","status":"publish","type":"page","link":"https:\/\/www.normisjon.no\/trossamfunn\/informasjon\/","title":{"rendered":"Ofte stilte sp\u00f8rsm\u00e5l"},"content":{"rendered":"<div class=\"entry-content alignfull wp-block-post-content has-global-padding is-layout-constrained wp-block-post-content-is-layout-constrained\">\n<h2 class=\"wp-block-heading\">Hvordan melder jeg med inn? <\/h2>\n\n\n\n<p>Du kan melde deg inn digitalt med Bank ID via linken her. <\/p>\n\n\n\n<p>Du m\u00e5 ha mottatt en bekreftelse p\u00e5 utmelding fra ditt tidligere trossamfunn f\u00f8r du kan melde deg inn i Normisjon trossamfunn. For medlemmer i Den norske kirke er det n\u00e5 mulig \u00e5 sjekke medlemsskap og melde seg inn\/ut av kirken p\u00e5 nett.\u00a0<a href=\"https:\/\/kirken.no\/medlem\" target=\"_blank\" rel=\"noreferrer noopener\">Klikk her for \u00e5 administrere medlemsskap i Dnk<\/a>. (Ekstern lenke)<\/p>\n\n\n\n<h2 class=\"wp-block-heading\"><strong>Er&nbsp;Normisjon&nbsp;blitt et kirkesamfunn som erstatter Den norske kirke?<\/strong>&nbsp;<\/h2>\n\n\n\n<p>Nei.&nbsp;Normisjon&nbsp;er fortsatt en misjonsbevegelse, og trossamfunnet er et\u202f<strong>tilbud<\/strong>\u202ffor dem som \u00f8nsker formell tilh\u00f8righet i&nbsp;Normisjon.&nbsp;Normisjon&nbsp;\u00f8nsker \u00e5 ivareta mangfoldet \u2013 ogs\u00e5 de som har sin tilh\u00f8righet i Den norske kirke.\u202f&nbsp;<\/p>\n\n\n\n<h2 class=\"wp-block-heading\"><strong>Er jeg \u201cmindre&nbsp;Normisjon-venn\u201d hvis jeg ikke melder meg inn?<\/strong>&nbsp;<\/h2>\n\n\n\n<p>Nei. Du kan fullt ut h\u00f8re til og tjene i&nbsp;Normisjon&nbsp;uten medlemskap i trossamfunnet. (Dette prinsippet er tydelig i&nbsp;Normisjons&nbsp;egen kommunikasjon om ordningen.)\u202f&nbsp;<\/p>\n\n\n\n<h2 class=\"wp-block-heading\"><strong>Hva bygger\u00a0Normisjon\u00a0trossamfunn p\u00e5?<\/strong>\u00a0<\/h2>\n\n\n\n<p>Den hellige skrift og Den evangelisk-lutherske kirkes bekjennelse (evangelisk-luthersk grunn).\u202f\u00a0<\/p>\n\n\n\n<h2 class=\"wp-block-heading\"><strong>Kan barn meldes inn?<\/strong>\u00a0<\/h2>\n\n\n\n<p>Barn under 15 kan meldes inn av foreldre\/foresatte. Fra 15 \u00e5r melder ungdommen seg normalt inn selv, og barnet har rett til medvirkning ut fra modenhet.\u202f\u00a0<\/p>\n\n\n\n<h2 class=\"wp-block-heading\">Blir barnet automatisk medlem i trossamfunnet hvis vi d\u00f8per det i en Normisjon menighet? <\/h2>\n\n\n\n<p>Nei. Dere m\u00e5 selv melde barnet inn i trossamfunnet.  <\/p>\n\n\n\n<h2 class=\"wp-block-heading\"><strong>Hvorfor m\u00e5 inn\/utmelding tas p\u00e5 alvor?<\/strong>\u00a0<\/h2>\n\n\n\n<p>Fordi trossamfunnsregistrering handler om tros- og livssynsfrihet og krever ryddige rutiner, s\u00e6rlig for inn- og utmelding og personvern.\u00a0<\/p>\n\n\n\n<h2 class=\"wp-block-heading\">Hva koster det \u00e5 v\u00e6re medlem? <\/h2>\n\n\n\n<p>Det er gratis \u00e5 v\u00e6re medlem i Normisjon trossamfunn.<\/p>\n<\/div>","protected":false},"excerpt":{"rendered":"<p>Hvordan melder jeg med inn? Du kan melde deg inn digitalt med Bank ID via linken her. Du m\u00e5 ha mottatt en bekreftelse p\u00e5 utmelding [&hellip;]<\/p>\n","protected":false},"author":128,"featured_media":36,"parent":0,"menu_order":0,"comment_status":"closed","ping_status":"closed","template":"","meta":{"_acf_changed":false,"footnotes":""},"class_list":["post-35","page","type-page","status-publish","has-post-thumbnail","hentry"],"acf":[],"yoast_head":"<!-- This site is optimized with the Yoast SEO plugin v25.9 - https:\/\/yoast.com\/wordpress\/plugins\/seo\/ -->\n<title>Ofte stilte sp\u00f8rsm\u00e5l - Trossamfunn<\/title>\n<meta name=\"robots\" content=\"index, follow, max-snippet:-1, max-image-preview:large, max-video-preview:-1\" \/>\n<link rel=\"canonical\" href=\"https:\/\/www.normisjon.no\/trossamfunn\/informasjon\/\" \/>\n<meta property=\"og:locale\" content=\"nb_NO\" \/>\n<meta property=\"og:type\" content=\"article\" \/>\n<meta property=\"og:title\" content=\"Ofte stilte sp\u00f8rsm\u00e5l - Trossamfunn\" \/>\n<meta property=\"og:description\" content=\"Hvordan melder jeg med inn? Du kan melde deg inn digitalt med Bank ID via linken her. Du m\u00e5 ha mottatt en bekreftelse p\u00e5 utmelding [&hellip;]\" \/>\n<meta property=\"og:url\" content=\"https:\/\/www.normisjon.no\/trossamfunn\/informasjon\/\" \/>\n<meta property=\"og:site_name\" content=\"Trossamfunn\" \/>\n<meta property=\"article:modified_time\" content=\"2026-04-05T06:07:45+00:00\" \/>\n<meta property=\"og:image\" content=\"https:\/\/www.normisjon.no\/content\/uploads\/sites\/48\/2025\/10\/Oyvind-og-Josefine-leser-bibel-1024x683.jpg\" \/>\n\t<meta property=\"og:image:width\" content=\"1024\" \/>\n\t<meta property=\"og:image:height\" content=\"683\" \/>\n\t<meta property=\"og:image:type\" content=\"image\/jpeg\" \/>\n<meta name=\"twitter:card\" content=\"summary_large_image\" \/>\n<meta name=\"twitter:label1\" content=\"Ansl. lesetid\" \/>\n\t<meta name=\"twitter:data1\" content=\"2 minutter\" \/>\n<script type=\"application\/ld+json\" class=\"yoast-schema-graph\">{\"@context\":\"https:\/\/schema.org\",\"@graph\":[{\"@type\":\"WebPage\",\"@id\":\"https:\/\/www.normisjon.no\/trossamfunn\/informasjon\/\",\"url\":\"https:\/\/www.normisjon.no\/trossamfunn\/informasjon\/\",\"name\":\"Ofte stilte sp\u00f8rsm\u00e5l - Trossamfunn\",\"isPartOf\":{\"@id\":\"https:\/\/www.normisjon.no\/trossamfunn\/#website\"},\"primaryImageOfPage\":{\"@id\":\"https:\/\/www.normisjon.no\/trossamfunn\/informasjon\/#primaryimage\"},\"image\":{\"@id\":\"https:\/\/www.normisjon.no\/trossamfunn\/informasjon\/#primaryimage\"},\"thumbnailUrl\":\"https:\/\/www.normisjon.no\/content\/uploads\/sites\/48\/2025\/10\/Oyvind-og-Josefine-leser-bibel.jpg\",\"datePublished\":\"2025-10-18T08:11:35+00:00\",\"dateModified\":\"2026-04-05T06:07:45+00:00\",\"breadcrumb\":{\"@id\":\"https:\/\/www.normisjon.no\/trossamfunn\/informasjon\/#breadcrumb\"},\"inLanguage\":\"nb-NO\",\"potentialAction\":[{\"@type\":\"ReadAction\",\"target\":[\"https:\/\/www.normisjon.no\/trossamfunn\/informasjon\/\"]}]},{\"@type\":\"ImageObject\",\"inLanguage\":\"nb-NO\",\"@id\":\"https:\/\/www.normisjon.no\/trossamfunn\/informasjon\/#primaryimage\",\"url\":\"https:\/\/www.normisjon.no\/content\/uploads\/sites\/48\/2025\/10\/Oyvind-og-Josefine-leser-bibel.jpg\",\"contentUrl\":\"https:\/\/www.normisjon.no\/content\/uploads\/sites\/48\/2025\/10\/Oyvind-og-Josefine-leser-bibel.jpg\",\"width\":7768,\"height\":5181},{\"@type\":\"BreadcrumbList\",\"@id\":\"https:\/\/www.normisjon.no\/trossamfunn\/informasjon\/#breadcrumb\",\"itemListElement\":[{\"@type\":\"ListItem\",\"position\":1,\"name\":\"Hjem\",\"item\":\"https:\/\/www.normisjon.no\/trossamfunn\/\"},{\"@type\":\"ListItem\",\"position\":2,\"name\":\"Ofte stilte sp\u00f8rsm\u00e5l\"}]},{\"@type\":\"WebSite\",\"@id\":\"https:\/\/www.normisjon.no\/trossamfunn\/#website\",\"url\":\"https:\/\/www.normisjon.no\/trossamfunn\/\",\"name\":\"Trossamfunn\",\"description\":\"\",\"potentialAction\":[{\"@type\":\"SearchAction\",\"target\":{\"@type\":\"EntryPoint\",\"urlTemplate\":\"https:\/\/www.normisjon.no\/trossamfunn\/?s={search_term_string}\"},\"query-input\":{\"@type\":\"PropertyValueSpecification\",\"valueRequired\":true,\"valueName\":\"search_term_string\"}}],\"inLanguage\":\"nb-NO\"}]}<\/script>\n<!-- \/ Yoast SEO plugin. -->","yoast_head_json":{"title":"Ofte stilte sp\u00f8rsm\u00e5l - Trossamfunn","robots":{"index":"index","follow":"follow","max-snippet":"max-snippet:-1","max-image-preview":"max-image-preview:large","max-video-preview":"max-video-preview:-1"},"canonical":"https:\/\/www.normisjon.no\/trossamfunn\/informasjon\/","og_locale":"nb_NO","og_type":"article","og_title":"Ofte stilte sp\u00f8rsm\u00e5l - Trossamfunn","og_description":"Hvordan melder jeg med inn? Du kan melde deg inn digitalt med Bank ID via linken her. Du m\u00e5 ha mottatt en bekreftelse p\u00e5 utmelding [&hellip;]","og_url":"https:\/\/www.normisjon.no\/trossamfunn\/informasjon\/","og_site_name":"Trossamfunn","article_modified_time":"2026-04-05T06:07:45+00:00","og_image":[{"width":1024,"height":683,"url":"https:\/\/www.normisjon.no\/content\/uploads\/sites\/48\/2025\/10\/Oyvind-og-Josefine-leser-bibel-1024x683.jpg","type":"image\/jpeg"}],"twitter_card":"summary_large_image","twitter_misc":{"Ansl. lesetid":"2 minutter"},"schema":{"@context":"https:\/\/schema.org","@graph":[{"@type":"WebPage","@id":"https:\/\/www.normisjon.no\/trossamfunn\/informasjon\/","url":"https:\/\/www.normisjon.no\/trossamfunn\/informasjon\/","name":"Ofte stilte sp\u00f8rsm\u00e5l - Trossamfunn","isPartOf":{"@id":"https:\/\/www.normisjon.no\/trossamfunn\/#website"},"primaryImageOfPage":{"@id":"https:\/\/www.normisjon.no\/trossamfunn\/informasjon\/#primaryimage"},"image":{"@id":"https:\/\/www.normisjon.no\/trossamfunn\/informasjon\/#primaryimage"},"thumbnailUrl":"https:\/\/www.normisjon.no\/content\/uploads\/sites\/48\/2025\/10\/Oyvind-og-Josefine-leser-bibel.jpg","datePublished":"2025-10-18T08:11:35+00:00","dateModified":"2026-04-05T06:07:45+00:00","breadcrumb":{"@id":"https:\/\/www.normisjon.no\/trossamfunn\/informasjon\/#breadcrumb"},"inLanguage":"nb-NO","potentialAction":[{"@type":"ReadAction","target":["https:\/\/www.normisjon.no\/trossamfunn\/informasjon\/"]}]},{"@type":"ImageObject","inLanguage":"nb-NO","@id":"https:\/\/www.normisjon.no\/trossamfunn\/informasjon\/#primaryimage","url":"https:\/\/www.normisjon.no\/content\/uploads\/sites\/48\/2025\/10\/Oyvind-og-Josefine-leser-bibel.jpg","contentUrl":"https:\/\/www.normisjon.no\/content\/uploads\/sites\/48\/2025\/10\/Oyvind-og-Josefine-leser-bibel.jpg","width":7768,"height":5181},{"@type":"BreadcrumbList","@id":"https:\/\/www.normisjon.no\/trossamfunn\/informasjon\/#breadcrumb","itemListElement":[{"@type":"ListItem","position":1,"name":"Hjem","item":"https:\/\/www.normisjon.no\/trossamfunn\/"},{"@type":"ListItem","position":2,"name":"Ofte stilte sp\u00f8rsm\u00e5l"}]},{"@type":"WebSite","@id":"https:\/\/www.normisjon.no\/trossamfunn\/#website","url":"https:\/\/www.normisjon.no\/trossamfunn\/","name":"Trossamfunn","description":"","potentialAction":[{"@type":"SearchAction","target":{"@type":"EntryPoint","urlTemplate":"https:\/\/www.normisjon.no\/trossamfunn\/?s={search_term_string}"},"query-input":{"@type":"PropertyValueSpecification","valueRequired":true,"valueName":"search_term_string"}}],"inLanguage":"nb-NO"}]}},"_links":{"self":[{"href":"https:\/\/www.normisjon.no\/trossamfunn\/wp-json\/wp\/v2\/pages\/35","targetHints":{"allow":["GET"]}}],"collection":[{"href":"https:\/\/www.normisjon.no\/trossamfunn\/wp-json\/wp\/v2\/pages"}],"about":[{"href":"https:\/\/www.normisjon.no\/trossamfunn\/wp-json\/wp\/v2\/types\/page"}],"author":[{"embeddable":true,"href":"https:\/\/www.normisjon.no\/trossamfunn\/wp-json\/wp\/v2\/users\/128"}],"replies":[{"embeddable":true,"href":"https:\/\/www.normisjon.no\/trossamfunn\/wp-json\/wp\/v2\/comments?post=35"}],"version-history":[{"count":5,"href":"https:\/\/www.normisjon.no\/trossamfunn\/wp-json\/wp\/v2\/pages\/35\/revisions"}],"predecessor-version":[{"id":52,"href":"https:\/\/www.normisjon.no\/trossamfunn\/wp-json\/wp\/v2\/pages\/35\/revisions\/52"}],"wp:featuredmedia":[{"embeddable":true,"href":"https:\/\/www.normisjon.no\/trossamfunn\/wp-json\/wp\/v2\/media\/36"}],"wp:attachment":[{"href":"https:\/\/www.normisjon.no\/trossamfunn\/wp-json\/wp\/v2\/media?parent=35"}],"curies":[{"name":"wp","href":"https:\/\/api.w.org\/{rel}","templated":true}]}}