{"id":11,"date":"2018-05-02T13:32:37","date_gmt":"2018-05-02T11:32:37","guid":{"rendered":"https:\/\/www.normisjon.no\/region-vestfold-buskerud\/?page_id=11"},"modified":"2021-03-10T14:42:11","modified_gmt":"2021-03-10T13:42:11","slug":"om-oss","status":"publish","type":"page","link":"https:\/\/www.normisjon.no\/vebu\/om-oss\/","title":{"rendered":"Om oss"},"content":{"rendered":"<div id=\"module-0\" class=\"hogan-module hogan-module-text hogan-module-0\"><div class=\"hogan-module-inner\"><p>B\u00e5de lokalt og regionalt drives det et mangfoldig og stort arbeid for alle generasjoner i regionen. Det er over 50 sm\u00e5 og store Normisjons-fellesskap i regionen, og i Kongsberg, Drammen og Sandefjord finner man regionens tre Norkirker.<\/p>\n<p>Acta, Normisjons barne \u2013 og ungdomsarbeid, er regionens satsingsomr\u00e5de. Acta har 45 lag, fra Larvik i s\u00f8r til Hemsedal i nord. Gjennom leirarbeid og andre arrangement samler Acta regionalt hundrevis av barn og ungdommer hvert \u00e5r. Ledertrening og ungdomsteam er to av Actas satstingsomr\u00e5der utenom leir.<\/p>\n<p>Gjennestad videreg\u00e5ende skole og Danvik folkeh\u00f8yskole er begge skoler i v\u00e5r region som eies og drives av Normisjon. Gjennestad er 100 % en Normisjons-skole, Danvik eier og driver vi sammen med KFUK \u2013 KFUM.<\/p>\n<p>Fire barnehager eies og drives av Normisjon i v\u00e5r region.<\/p>\n<p>Gjennom frivilig innsats drives det det to gjenbruksbutikker i regionen, Galleri Normisjon Drammen og Galleri Normisjon \u00c5l. Overskuddet fra begge disse butikkene g\u00e5r til Normisjons arbeid internasjonalt og til Actas arbeid regionalt.<\/p>\n<p>Normisjons TV-satsing, JesusNett, har sin base i v\u00e5r region.<\/p>\n<p>V\u00e5r visjon er \u201dJesus Kristus til nye generasjoner og folkeslag\u201d. Vi har prosjekter i flere samarbeidsland, og misjon\u00e6rer som ogs\u00e5 er fra v\u00e5r region.<\/p>\n<p>Regionen eier Strand leirsted og gjesteg\u00e5rd, hvor vi har hatt leirer siden 1939. Leirstedet ble kj\u00f8pt av organisasjonen i 1943.<\/p><\/div><\/div><div id=\"module-1\" class=\"hogan-module hogan-module-grid hogan-module-1\"><div class=\"hogan-module-inner\"><div class=\"hogan-grid hogan-grid-text-center hogan-grid-size-dynamic\">\n\t<div class=\"hogan-grid-inner\">\n\t\t\t\t\t<div class=\"hogan-grid-item hogan-grid-item-size-small hogan-grid-item-type-savage_custom_card savage-has-image savage-has-background savage-bg-default savage-has-heading\">\n\t\t\t\t<div class=\"hogan-grid-item-inner\">\n\t\t\t\t\t<div class=\"savage-card-image\">\n\t<div class=\"savage-card-image-inner\">\n\t\t<span class=\"savage-card-image-image\" style=\"background-image: url(https:\/\/www.normisjon.no\/content\/themes\/normisjon-gutenberg\/assets\/images\/fallback.png);\"><\/span>\t<\/div>\n<\/div>\n\t\t<div class=\"savage-card-body\">\n\t\t\t<div class=\"savage-card-body-inner\">\n\t\t\t\t<h2 class=\"savage-card-heading\">Danvik Folkeh\u00f8gskole<\/h2>\t\t\t<\/div>\n\t\t<\/div>\n\t\t<a href=\"http:\/\/danvikfhs.no\/\" class=\"savage-card-link\"><span class=\"screen-reader-text\">Read article &quot;Danvik Folkeh\u00f8gskole&quot;<\/span><\/a>\t\t\t\t<\/div>\n\t\t\t<\/div>\n\t\t\t\t\t\t<div class=\"hogan-grid-item hogan-grid-item-size-small hogan-grid-item-type-savage_custom_card savage-has-image savage-has-background savage-bg-default savage-has-heading\">\n\t\t\t\t<div class=\"hogan-grid-item-inner\">\n\t\t\t\t\t<div class=\"savage-card-image\">\n\t<div class=\"savage-card-image-inner\">\n\t\t<span class=\"savage-card-image-image\" style=\"background-image: url(https:\/\/www.normisjon.no\/content\/themes\/normisjon-gutenberg\/assets\/images\/fallback.png);\"><\/span>\t<\/div>\n<\/div>\n\t\t<div class=\"savage-card-body\">\n\t\t\t<div class=\"savage-card-body-inner\">\n\t\t\t\t<h2 class=\"savage-card-heading\">Gjennestad Videreg\u00e5ende Skole<\/h2>\t\t\t<\/div>\n\t\t<\/div>\n\t\t<a href=\"https:\/\/www.gjennestadvgs.no\/\" class=\"savage-card-link\" target=\"_blank\"><span class=\"screen-reader-text\">Gjennestad Videreg\u00e5ende Skole<\/span><\/a>\t\t\t\t<\/div>\n\t\t\t<\/div>\n\t\t\t\t<\/div>\n<\/div>\n<\/div><\/div>","protected":false},"excerpt":{"rendered":"<p>B\u00e5de lokalt og regionalt drives det et mangfoldig og stort arbeid for alle generasjoner i regionen. Det er over 50 sm\u00e5 og store Normisjons-fellesskap i [&hellip;]<\/p>\n","protected":false},"author":27,"featured_media":0,"parent":0,"menu_order":0,"comment_status":"closed","ping_status":"closed","template":"","meta":{"_acf_changed":false,"footnotes":""},"class_list":["post-11","page","type-page","status-publish","hentry"],"acf":[],"yoast_head":"<!-- This site is optimized with the Yoast SEO plugin v25.9 - https:\/\/yoast.com\/wordpress\/plugins\/seo\/ -->\n<title>Om oss - Region VeBu<\/title>\n<meta name=\"robots\" content=\"index, follow, max-snippet:-1, max-image-preview:large, max-video-preview:-1\" \/>\n<link rel=\"canonical\" href=\"https:\/\/www.normisjon.no\/vebu\/om-oss\/\" \/>\n<meta property=\"og:locale\" content=\"nb_NO\" \/>\n<meta property=\"og:type\" content=\"article\" \/>\n<meta property=\"og:title\" content=\"Om oss - Region VeBu\" \/>\n<meta property=\"og:description\" content=\"B\u00e5de lokalt og regionalt drives det et mangfoldig og stort arbeid for alle generasjoner i regionen. Det er over 50 sm\u00e5 og store Normisjons-fellesskap i [&hellip;]\" \/>\n<meta property=\"og:url\" content=\"https:\/\/www.normisjon.no\/vebu\/om-oss\/\" \/>\n<meta property=\"og:site_name\" content=\"Region VeBu\" \/>\n<meta property=\"article:modified_time\" content=\"2021-03-10T13:42:11+00:00\" \/>\n<meta name=\"twitter:card\" content=\"summary_large_image\" \/>\n<script type=\"application\/ld+json\" class=\"yoast-schema-graph\">{\"@context\":\"https:\/\/schema.org\",\"@graph\":[{\"@type\":\"WebPage\",\"@id\":\"https:\/\/www.normisjon.no\/vebu\/om-oss\/\",\"url\":\"https:\/\/www.normisjon.no\/vebu\/om-oss\/\",\"name\":\"Om oss - Region VeBu\",\"isPartOf\":{\"@id\":\"https:\/\/www.normisjon.no\/vebu\/#website\"},\"datePublished\":\"2018-05-02T11:32:37+00:00\",\"dateModified\":\"2021-03-10T13:42:11+00:00\",\"breadcrumb\":{\"@id\":\"https:\/\/www.normisjon.no\/vebu\/om-oss\/#breadcrumb\"},\"inLanguage\":\"nb-NO\",\"potentialAction\":[{\"@type\":\"ReadAction\",\"target\":[\"https:\/\/www.normisjon.no\/vebu\/om-oss\/\"]}]},{\"@type\":\"BreadcrumbList\",\"@id\":\"https:\/\/www.normisjon.no\/vebu\/om-oss\/#breadcrumb\",\"itemListElement\":[{\"@type\":\"ListItem\",\"position\":1,\"name\":\"Home\",\"item\":\"https:\/\/www.normisjon.no\/vebu\/\"},{\"@type\":\"ListItem\",\"position\":2,\"name\":\"Om oss\"}]},{\"@type\":\"WebSite\",\"@id\":\"https:\/\/www.normisjon.no\/vebu\/#website\",\"url\":\"https:\/\/www.normisjon.no\/vebu\/\",\"name\":\"Region VeBu\",\"description\":\"\",\"potentialAction\":[{\"@type\":\"SearchAction\",\"target\":{\"@type\":\"EntryPoint\",\"urlTemplate\":\"https:\/\/www.normisjon.no\/vebu\/?s={search_term_string}\"},\"query-input\":{\"@type\":\"PropertyValueSpecification\",\"valueRequired\":true,\"valueName\":\"search_term_string\"}}],\"inLanguage\":\"nb-NO\"}]}<\/script>\n<!-- \/ Yoast SEO plugin. -->","yoast_head_json":{"title":"Om oss - Region VeBu","robots":{"index":"index","follow":"follow","max-snippet":"max-snippet:-1","max-image-preview":"max-image-preview:large","max-video-preview":"max-video-preview:-1"},"canonical":"https:\/\/www.normisjon.no\/vebu\/om-oss\/","og_locale":"nb_NO","og_type":"article","og_title":"Om oss - Region VeBu","og_description":"B\u00e5de lokalt og regionalt drives det et mangfoldig og stort arbeid for alle generasjoner i regionen. Det er over 50 sm\u00e5 og store Normisjons-fellesskap i [&hellip;]","og_url":"https:\/\/www.normisjon.no\/vebu\/om-oss\/","og_site_name":"Region VeBu","article_modified_time":"2021-03-10T13:42:11+00:00","twitter_card":"summary_large_image","schema":{"@context":"https:\/\/schema.org","@graph":[{"@type":"WebPage","@id":"https:\/\/www.normisjon.no\/vebu\/om-oss\/","url":"https:\/\/www.normisjon.no\/vebu\/om-oss\/","name":"Om oss - Region VeBu","isPartOf":{"@id":"https:\/\/www.normisjon.no\/vebu\/#website"},"datePublished":"2018-05-02T11:32:37+00:00","dateModified":"2021-03-10T13:42:11+00:00","breadcrumb":{"@id":"https:\/\/www.normisjon.no\/vebu\/om-oss\/#breadcrumb"},"inLanguage":"nb-NO","potentialAction":[{"@type":"ReadAction","target":["https:\/\/www.normisjon.no\/vebu\/om-oss\/"]}]},{"@type":"BreadcrumbList","@id":"https:\/\/www.normisjon.no\/vebu\/om-oss\/#breadcrumb","itemListElement":[{"@type":"ListItem","position":1,"name":"Home","item":"https:\/\/www.normisjon.no\/vebu\/"},{"@type":"ListItem","position":2,"name":"Om oss"}]},{"@type":"WebSite","@id":"https:\/\/www.normisjon.no\/vebu\/#website","url":"https:\/\/www.normisjon.no\/vebu\/","name":"Region VeBu","description":"","potentialAction":[{"@type":"SearchAction","target":{"@type":"EntryPoint","urlTemplate":"https:\/\/www.normisjon.no\/vebu\/?s={search_term_string}"},"query-input":{"@type":"PropertyValueSpecification","valueRequired":true,"valueName":"search_term_string"}}],"inLanguage":"nb-NO"}]}},"_links":{"self":[{"href":"https:\/\/www.normisjon.no\/vebu\/wp-json\/wp\/v2\/pages\/11","targetHints":{"allow":["GET"]}}],"collection":[{"href":"https:\/\/www.normisjon.no\/vebu\/wp-json\/wp\/v2\/pages"}],"about":[{"href":"https:\/\/www.normisjon.no\/vebu\/wp-json\/wp\/v2\/types\/page"}],"author":[{"embeddable":true,"href":"https:\/\/www.normisjon.no\/vebu\/wp-json\/wp\/v2\/users\/27"}],"replies":[{"embeddable":true,"href":"https:\/\/www.normisjon.no\/vebu\/wp-json\/wp\/v2\/comments?post=11"}],"version-history":[{"count":3,"href":"https:\/\/www.normisjon.no\/vebu\/wp-json\/wp\/v2\/pages\/11\/revisions"}],"predecessor-version":[{"id":2188,"href":"https:\/\/www.normisjon.no\/vebu\/wp-json\/wp\/v2\/pages\/11\/revisions\/2188"}],"wp:attachment":[{"href":"https:\/\/www.normisjon.no\/vebu\/wp-json\/wp\/v2\/media?parent=11"}],"curies":[{"name":"wp","href":"https:\/\/api.w.org\/{rel}","templated":true}]}}