{"id":1138,"date":"2020-04-30T10:48:14","date_gmt":"2020-04-30T08:48:14","guid":{"rendered":"https:\/\/www.normisjon.no\/vebu\/?page_id=1138"},"modified":"2026-05-07T11:13:27","modified_gmt":"2026-05-07T09:13:27","slug":"arrangement-3","status":"publish","type":"page","link":"https:\/\/www.normisjon.no\/vebu\/arrangement-3\/","title":{"rendered":"Arrangement"},"content":{"rendered":"<div id=\"module-0\" class=\"hogan-module hogan-module-text hogan-module-0\"><div class=\"hogan-module-inner\"><p style=\"text-align: center;\"><strong>Velkommen til ett eller flere av v\u00e5re arrangement!<\/strong><\/p>\n<p style=\"text-align: center;\">Oppdatering av program skjer fortl\u00f8pende.<\/p>\n<h3 style=\"text-align: center;\"><strong>2026<\/strong><\/h3>\n<p><strong>Mai<\/strong><\/p>\n<p>14.: Kristi himmelfart. Middagsbuffet p\u00e5 Strand<br \/>\n20. og 21: <a href=\"https:\/\/www.normisjon.no\/vebu\/tett-ved-sida-mi\/\" target=\"_blank\" rel=\"noopener\">Tett ved sida mi g\u00e5r Jesus.<\/a> <strong>Haldis Reigstad<\/strong> leser dikt og forteller. Drammen, Strand og Hof.<br \/>\n29. mai-7. juni: <a href=\"https:\/\/www.normisjon.no\/vebu\/goforit-tur-med-tru-2026\/\" target=\"_blank\" rel=\"noopener\">GOFORIT<\/a><strong><br \/>\n<\/strong><\/p>\n<p><strong>Juni<\/strong><\/p>\n<p>29. mai-7. juni: <a href=\"https:\/\/www.normisjon.no\/vebu\/goforit-tur-med-tru-2026\/\" target=\"_blank\" rel=\"noopener\">GOFORIT<\/a><br \/>\n8.-12.: <a href=\"https:\/\/www.normisjon.no\/vebu\/seniorstevne-2026\/\" target=\"_blank\" rel=\"noopener\">Seniorstevne<\/a> Musikkfolkeh\u00f8gskolen Viken.<br \/>\n14.: S\u00f8ndagsbuffet p\u00e5 Strand<br \/>\n16.: <a href=\"https:\/\/www.normisjon.no\/vebu\/lunsjforedrag-2026\/\" target=\"_blank\" rel=\"noopener\">Lunsjforedrag<\/a> p\u00e5 Strand. <strong>Per Arne Dahl.\u00a0<\/strong>Tema: &laquo;Aktiv livshjelp&raquo;.<\/p>\n<p><strong>Juli<\/strong><\/p>\n<p>12.: S\u00f8ndagsbuffet p\u00e5 Strand<\/p>\n<p><strong>August<\/strong><\/p>\n<p>16.-21.: <a href=\"https:\/\/www.normisjon.no\/vebu\/fjelluker-2026\/\" target=\"_blank\" rel=\"noopener\">Fjelluke<\/a> for seniorer, arr Normisjon sentralt<br \/>\n23.-28.: <a href=\"https:\/\/www.normisjon.no\/vebu\/fjelluker-2026\/\" target=\"_blank\" rel=\"noopener\">Fjelluke<\/a> for seniorer, arr Normisjon sentralt<br \/>\n23.-28.: Seniortur til <a href=\"https:\/\/hermonh.no\/arrangementer\/hendelse-detalj\/calendar_event\/7840266\" target=\"_blank\" rel=\"noopener\">Hermon H\u00f8yfjellsenter<\/a><\/p>\n<p><strong>September<\/strong><\/p>\n<p>3.: Semesterstart. Gudstjeneste, lunsj, info p\u00e5 Strand.<br \/>\n6.: S\u00f8ndagsbuffet p\u00e5 Strand<br \/>\n8.-10.: Seniortur til Gj\u00f8vik og Lillehammer<br \/>\n15.: <a href=\"https:\/\/www.normisjon.no\/vebu\/lunsjforedrag-2026\/\" target=\"_blank\" rel=\"noopener\">Lunsjforedrag<\/a> p\u00e5 Strand. <strong>Andreas Kristiansen.<\/strong> Tema: &laquo;C.S. Lewis. Tro og lidelse. Om veien til tro og om hans forhold til lidelse.&raquo;<\/p>\n<p><strong>Oktober<\/strong><\/p>\n<p>3.: Loppemarked<br \/>\n13.: <a href=\"https:\/\/www.normisjon.no\/vebu\/lunsjforedrag-2026\/\" target=\"_blank\" rel=\"noopener\">Lunsjforedrag<\/a> p\u00e5 Strand. <strong>Harald H\u00f8iback.<\/strong> Tema: &laquo;\u00c5 ta en Bl\u00fccher.&raquo;<br \/>\n21. &#8211; 22.: Strandtorget<br \/>\n23.-24.: <a href=\"https:\/\/www.normisjon.no\/vebu\/mariahelg-2026\/\" target=\"_blank\" rel=\"noopener\">Mariahelg<\/a><br \/>\n25.: S\u00f8ndagsbuffet p\u00e5 Strand<\/p>\n<p><strong>November<\/strong><\/p>\n<p>10.: <a href=\"https:\/\/www.normisjon.no\/vebu\/lunsjforedrag-2026\/\" target=\"_blank\" rel=\"noopener\">Lunsjforedrag<\/a> p\u00e5 Strand. <strong>Christopher Sjuve.<\/strong> Tema: &laquo;Hvem bestemmer hva vi spiser?&raquo;<\/p>\n<p><strong>Desember<\/strong><\/p>\n<p>1.: <a href=\"https:\/\/www.normisjon.no\/vebu\/lunsjforedrag-2026\/\">Lunsjforedrag<\/a> p\u00e5 Strand. <strong>Geir Thomas Ris\u00e5sen.<\/strong> Tema: &laquo;God jul. Fra 1. desember til 20.dag jul.&raquo;<strong><br \/>\n<\/strong><\/p>\n<p>&nbsp;<\/p><\/div><\/div>","protected":false},"excerpt":{"rendered":"<p>Velkommen til ett eller flere av v\u00e5re arrangement! Oppdatering av program skjer fortl\u00f8pende. 2026 Mai 14.: Kristi himmelfart. Middagsbuffet p\u00e5 Strand 20. og 21: Tett [&hellip;]<\/p>\n","protected":false},"author":24,"featured_media":0,"parent":0,"menu_order":0,"comment_status":"closed","ping_status":"closed","template":"","meta":{"_acf_changed":false,"footnotes":""},"class_list":["post-1138","page","type-page","status-publish","hentry"],"acf":[],"yoast_head":"<!-- This site is optimized with the Yoast SEO plugin v25.9 - https:\/\/yoast.com\/wordpress\/plugins\/seo\/ -->\n<title>Arrangement - Region VeBu<\/title>\n<meta name=\"robots\" content=\"index, follow, max-snippet:-1, max-image-preview:large, max-video-preview:-1\" \/>\n<link rel=\"canonical\" href=\"https:\/\/www.normisjon.no\/vebu\/arrangement-3\/\" \/>\n<meta property=\"og:locale\" content=\"nb_NO\" \/>\n<meta property=\"og:type\" content=\"article\" \/>\n<meta property=\"og:title\" content=\"Arrangement - Region VeBu\" \/>\n<meta property=\"og:description\" content=\"Velkommen til ett eller flere av v\u00e5re arrangement! Oppdatering av program skjer fortl\u00f8pende. 2026 Mai 14.: Kristi himmelfart. Middagsbuffet p\u00e5 Strand 20. og 21: Tett [&hellip;]\" \/>\n<meta property=\"og:url\" content=\"https:\/\/www.normisjon.no\/vebu\/arrangement-3\/\" \/>\n<meta property=\"og:site_name\" content=\"Region VeBu\" \/>\n<meta property=\"article:modified_time\" content=\"2026-05-07T09:13:27+00:00\" \/>\n<meta name=\"twitter:card\" content=\"summary_large_image\" \/>\n<script type=\"application\/ld+json\" class=\"yoast-schema-graph\">{\"@context\":\"https:\/\/schema.org\",\"@graph\":[{\"@type\":\"WebPage\",\"@id\":\"https:\/\/www.normisjon.no\/vebu\/arrangement-3\/\",\"url\":\"https:\/\/www.normisjon.no\/vebu\/arrangement-3\/\",\"name\":\"Arrangement - Region VeBu\",\"isPartOf\":{\"@id\":\"https:\/\/www.normisjon.no\/vebu\/#website\"},\"datePublished\":\"2020-04-30T08:48:14+00:00\",\"dateModified\":\"2026-05-07T09:13:27+00:00\",\"breadcrumb\":{\"@id\":\"https:\/\/www.normisjon.no\/vebu\/arrangement-3\/#breadcrumb\"},\"inLanguage\":\"nb-NO\",\"potentialAction\":[{\"@type\":\"ReadAction\",\"target\":[\"https:\/\/www.normisjon.no\/vebu\/arrangement-3\/\"]}]},{\"@type\":\"BreadcrumbList\",\"@id\":\"https:\/\/www.normisjon.no\/vebu\/arrangement-3\/#breadcrumb\",\"itemListElement\":[{\"@type\":\"ListItem\",\"position\":1,\"name\":\"Home\",\"item\":\"https:\/\/www.normisjon.no\/vebu\/\"},{\"@type\":\"ListItem\",\"position\":2,\"name\":\"Arrangement\"}]},{\"@type\":\"WebSite\",\"@id\":\"https:\/\/www.normisjon.no\/vebu\/#website\",\"url\":\"https:\/\/www.normisjon.no\/vebu\/\",\"name\":\"Region VeBu\",\"description\":\"\",\"potentialAction\":[{\"@type\":\"SearchAction\",\"target\":{\"@type\":\"EntryPoint\",\"urlTemplate\":\"https:\/\/www.normisjon.no\/vebu\/?s={search_term_string}\"},\"query-input\":{\"@type\":\"PropertyValueSpecification\",\"valueRequired\":true,\"valueName\":\"search_term_string\"}}],\"inLanguage\":\"nb-NO\"}]}<\/script>\n<!-- \/ Yoast SEO plugin. -->","yoast_head_json":{"title":"Arrangement - Region VeBu","robots":{"index":"index","follow":"follow","max-snippet":"max-snippet:-1","max-image-preview":"max-image-preview:large","max-video-preview":"max-video-preview:-1"},"canonical":"https:\/\/www.normisjon.no\/vebu\/arrangement-3\/","og_locale":"nb_NO","og_type":"article","og_title":"Arrangement - Region VeBu","og_description":"Velkommen til ett eller flere av v\u00e5re arrangement! Oppdatering av program skjer fortl\u00f8pende. 2026 Mai 14.: Kristi himmelfart. Middagsbuffet p\u00e5 Strand 20. og 21: Tett [&hellip;]","og_url":"https:\/\/www.normisjon.no\/vebu\/arrangement-3\/","og_site_name":"Region VeBu","article_modified_time":"2026-05-07T09:13:27+00:00","twitter_card":"summary_large_image","schema":{"@context":"https:\/\/schema.org","@graph":[{"@type":"WebPage","@id":"https:\/\/www.normisjon.no\/vebu\/arrangement-3\/","url":"https:\/\/www.normisjon.no\/vebu\/arrangement-3\/","name":"Arrangement - Region VeBu","isPartOf":{"@id":"https:\/\/www.normisjon.no\/vebu\/#website"},"datePublished":"2020-04-30T08:48:14+00:00","dateModified":"2026-05-07T09:13:27+00:00","breadcrumb":{"@id":"https:\/\/www.normisjon.no\/vebu\/arrangement-3\/#breadcrumb"},"inLanguage":"nb-NO","potentialAction":[{"@type":"ReadAction","target":["https:\/\/www.normisjon.no\/vebu\/arrangement-3\/"]}]},{"@type":"BreadcrumbList","@id":"https:\/\/www.normisjon.no\/vebu\/arrangement-3\/#breadcrumb","itemListElement":[{"@type":"ListItem","position":1,"name":"Home","item":"https:\/\/www.normisjon.no\/vebu\/"},{"@type":"ListItem","position":2,"name":"Arrangement"}]},{"@type":"WebSite","@id":"https:\/\/www.normisjon.no\/vebu\/#website","url":"https:\/\/www.normisjon.no\/vebu\/","name":"Region VeBu","description":"","potentialAction":[{"@type":"SearchAction","target":{"@type":"EntryPoint","urlTemplate":"https:\/\/www.normisjon.no\/vebu\/?s={search_term_string}"},"query-input":{"@type":"PropertyValueSpecification","valueRequired":true,"valueName":"search_term_string"}}],"inLanguage":"nb-NO"}]}},"_links":{"self":[{"href":"https:\/\/www.normisjon.no\/vebu\/wp-json\/wp\/v2\/pages\/1138","targetHints":{"allow":["GET"]}}],"collection":[{"href":"https:\/\/www.normisjon.no\/vebu\/wp-json\/wp\/v2\/pages"}],"about":[{"href":"https:\/\/www.normisjon.no\/vebu\/wp-json\/wp\/v2\/types\/page"}],"author":[{"embeddable":true,"href":"https:\/\/www.normisjon.no\/vebu\/wp-json\/wp\/v2\/users\/24"}],"replies":[{"embeddable":true,"href":"https:\/\/www.normisjon.no\/vebu\/wp-json\/wp\/v2\/comments?post=1138"}],"version-history":[{"count":263,"href":"https:\/\/www.normisjon.no\/vebu\/wp-json\/wp\/v2\/pages\/1138\/revisions"}],"predecessor-version":[{"id":5827,"href":"https:\/\/www.normisjon.no\/vebu\/wp-json\/wp\/v2\/pages\/1138\/revisions\/5827"}],"wp:attachment":[{"href":"https:\/\/www.normisjon.no\/vebu\/wp-json\/wp\/v2\/media?parent=1138"}],"curies":[{"name":"wp","href":"https:\/\/api.w.org\/{rel}","templated":true}]}}