{"id":157,"date":"2018-06-13T12:51:22","date_gmt":"2018-06-13T10:51:22","guid":{"rendered":"https:\/\/www.normisjon.no\/region-vestfold-buskerud\/?page_id=157"},"modified":"2025-11-27T16:10:55","modified_gmt":"2025-11-27T15:10:55","slug":"kontakt-oss","status":"publish","type":"page","link":"https:\/\/www.normisjon.no\/vebu\/acta\/kontakt-oss\/","title":{"rendered":"Kontakt oss"},"content":{"rendered":"<div id=\"module-0\" class=\"hogan-module hogan-module-text hogan-module-0\"><div class=\"hogan-module-inner\"><p style=\"text-align: center;\"><strong>Bes\u00f8ksadresse:<\/strong> \u00d8ster\u00f8yveien 233, 3237 Sandefjord<br \/>\n<strong>Telefon:<\/strong> 406 03 097 mandag til torsdag kl 9-15.<br \/>\n<strong>E-post:<\/strong> <a href=\"mailto:gunn.marit.selle@normisjon.no\">gunn.marit.selle@normisjon.no<\/a><br \/>\n<strong>V\u00e5rt kontonummer:<\/strong> 3000 14 71550<\/p>\n<p style=\"text-align: center;\"><\/div><\/div><div id=\"module-1\" class=\"hogan-module hogan-module-grid hogan-module-1\"><div class=\"hogan-module-inner\"><h2 class=\"hogan-heading\">Ansatte<\/h2><div class=\"hogan-grid hogan-grid-text-center hogan-grid-size-dynamic\">\n\t<div class=\"hogan-grid-inner\">\n\t\t\t\t\t<div class=\"hogan-grid-item hogan-grid-item-size-small hogan-grid-item-type-savage_custom_card savage-has-image savage-has-background savage-bg-default savage-has-layout savage-layout-card_content savage-has-teaser\">\n\t\t\t\t<div class=\"hogan-grid-item-inner\">\n\t\t\t\t\t<div class=\"savage-card-image\">\n\t<div class=\"savage-card-image-inner\">\n\t\t<span class=\"savage-card-image-image\" style=\"background-image: url(https:\/\/www.normisjon.no\/content\/uploads\/sites\/22\/2020\/06\/Svein-Tony-2-768x1023.jpg);\"><\/span>\t<\/div>\n<\/div>\n\t\t<div class=\"savage-card-body\">\n\t\t\t<div class=\"savage-card-body-inner\">\n\t\t\t\t<h4>Svein-Tony G\u00e5rds\u00f8<br \/>\nRegionleder<\/h4>\n<p>Mob: 953 36 440<br \/>\nE-post: svein.tony.gardso@normisjon.no<\/p>\n<p class=\"savage-card-teaser\">Send e-post<\/p>\t\t\t<\/div>\n\t\t<\/div>\n\t\t<a href=\"mailto:svein.tony.gardso@normisjon.no\" class=\"savage-card-link\"><span class=\"screen-reader-text\">Send e-post<\/span><\/a>\t\t\t\t<\/div>\n\t\t\t<\/div>\n\t\t\t\t\t\t<div class=\"hogan-grid-item hogan-grid-item-size-small hogan-grid-item-type-savage_custom_card savage-has-image savage-has-background savage-bg-default savage-has-layout savage-layout-card_content savage-has-teaser\">\n\t\t\t\t<div class=\"hogan-grid-item-inner\">\n\t\t\t\t\t<div class=\"savage-card-image\">\n\t<div class=\"savage-card-image-inner\">\n\t\t<span class=\"savage-card-image-image\" style=\"background-image: url(https:\/\/www.normisjon.no\/content\/uploads\/sites\/22\/2020\/06\/Gunn-Marit-2-768x1023.jpg);\"><\/span>\t<\/div>\n<\/div>\n\t\t<div class=\"savage-card-body\">\n\t\t\t<div class=\"savage-card-body-inner\">\n\t\t\t\t<h4>Gunn-Marit Eriksr\u00f8d Selle<br \/>\nAdministrasjonsleder<\/h4>\n<p>Mob: 928 40 659<br \/>\nE-post: gunn.marit.selle@normisjon.no<\/p>\n<p class=\"savage-card-teaser\">Send e-post<\/p>\t\t\t<\/div>\n\t\t<\/div>\n\t\t<a href=\"mailto:gunn.marit.selle@normisjon.no\" class=\"savage-card-link\"><span class=\"screen-reader-text\">Send e-post<\/span><\/a>\t\t\t\t<\/div>\n\t\t\t<\/div>\n\t\t\t\t\t\t<div class=\"hogan-grid-item hogan-grid-item-size-small hogan-grid-item-type-savage_custom_card savage-has-image savage-has-background savage-bg-default savage-has-layout savage-layout-card_content savage-has-teaser\">\n\t\t\t\t<div class=\"hogan-grid-item-inner\">\n\t\t\t\t\t<div class=\"savage-card-image\">\n\t<div class=\"savage-card-image-inner\">\n\t\t<span class=\"savage-card-image-image\" style=\"background-image: url(https:\/\/www.normisjon.no\/content\/uploads\/sites\/22\/2020\/06\/Stein-Joar-2-768x1023.jpg);\"><\/span>\t<\/div>\n<\/div>\n\t\t<div class=\"savage-card-body\">\n\t\t\t<div class=\"savage-card-body-inner\">\n\t\t\t\t<h4>Stein Joar Myrvang<br \/>\nActaleder<\/h4>\n<p>Mob: 995 00 047<br \/>\nE-post: stein.joar.myrvang@normisjon.no<\/p>\n<p class=\"savage-card-teaser\">Send e-post<\/p>\t\t\t<\/div>\n\t\t<\/div>\n\t\t<a href=\"mailto:stein.joar.myrvang@normisjon.no\" class=\"savage-card-link\"><span class=\"screen-reader-text\">Send e-post<\/span><\/a>\t\t\t\t<\/div>\n\t\t\t<\/div>\n\t\t\t\t\t\t<div class=\"hogan-grid-item hogan-grid-item-size-small hogan-grid-item-type-savage_custom_card savage-has-image savage-has-background savage-bg-default savage-has-layout savage-layout-card_content savage-has-teaser\">\n\t\t\t\t<div class=\"hogan-grid-item-inner\">\n\t\t\t\t\t<div class=\"savage-card-image\">\n\t<div class=\"savage-card-image-inner\">\n\t\t<span class=\"savage-card-image-image\" style=\"background-image: url(https:\/\/www.normisjon.no\/content\/uploads\/sites\/22\/2025\/09\/Jim-aug-25.jpg);\"><\/span>\t<\/div>\n<\/div>\n\t\t<div class=\"savage-card-body\">\n\t\t\t<div class=\"savage-card-body-inner\">\n\t\t\t\t<h4>Jim Henriksen<br \/>\nVaktmesterassistent<\/h4>\n<p>Mob: 413 81 332<br \/>\nE-post: stomperud9117@gmail.com<\/p>\n<p class=\"savage-card-teaser\">Send e-post<\/p>\t\t\t<\/div>\n\t\t<\/div>\n\t\t<a href=\"mailto:stomperud9117@gmail.com\" class=\"savage-card-link\"><span class=\"screen-reader-text\">Send e-post<\/span><\/a>\t\t\t\t<\/div>\n\t\t\t<\/div>\n\t\t\t\t\t\t<div class=\"hogan-grid-item hogan-grid-item-size-small hogan-grid-item-type-savage_custom_card savage-has-image savage-has-background savage-bg-default savage-has-layout savage-layout-card_content savage-has-teaser\">\n\t\t\t\t<div class=\"hogan-grid-item-inner\">\n\t\t\t\t\t<div class=\"savage-card-image\">\n\t<div class=\"savage-card-image-inner\">\n\t\t<span class=\"savage-card-image-image\" style=\"background-image: url(https:\/\/www.normisjon.no\/content\/uploads\/sites\/22\/2020\/06\/Sara-768x1023.jpg);\"><\/span>\t<\/div>\n<\/div>\n\t\t<div class=\"savage-card-body\">\n\t\t\t<div class=\"savage-card-body-inner\">\n\t\t\t\t<h4>Sara Greb\u00e4ck<br \/>\nKokk<\/h4>\n<p>Mob: 918 90 471<br \/>\nE-post: saragreback@normisjon.no<\/p>\n<p class=\"savage-card-teaser\">Send e-post<\/p>\t\t\t<\/div>\n\t\t<\/div>\n\t\t<a href=\"mailto:saragreback@normisjon.no\" class=\"savage-card-link\"><span class=\"screen-reader-text\">Send e-post<\/span><\/a>\t\t\t\t<\/div>\n\t\t\t<\/div>\n\t\t\t\t\t\t<div class=\"hogan-grid-item hogan-grid-item-size-small hogan-grid-item-type-savage_custom_card savage-has-image savage-has-background savage-bg-default savage-has-layout savage-layout-card_content savage-has-teaser\">\n\t\t\t\t<div class=\"hogan-grid-item-inner\">\n\t\t\t\t\t<div class=\"savage-card-image\">\n\t<div class=\"savage-card-image-inner\">\n\t\t<span class=\"savage-card-image-image\" style=\"background-image: url(https:\/\/www.normisjon.no\/content\/uploads\/sites\/22\/2025\/09\/Rebekka-aug-25-768x843.png);\"><\/span>\t<\/div>\n<\/div>\n\t\t<div class=\"savage-card-body\">\n\t\t\t<div class=\"savage-card-body-inner\">\n\t\t\t\t<h4>Ellen Rebecka Grorud<br \/>\nKokk<\/h4>\n<p>Mob: 981 36 523<br \/>\nE-post: rebecka.grorud@normisjon.no<\/p>\n<p class=\"savage-card-teaser\">Send e-post<\/p>\t\t\t<\/div>\n\t\t<\/div>\n\t\t<a href=\"mailto:rebecka.grorud@normisjon.no\" class=\"savage-card-link\"><span class=\"screen-reader-text\">Send e-post<\/span><\/a>\t\t\t\t<\/div>\n\t\t\t<\/div>\n\t\t\t\t\t\t<div class=\"hogan-grid-item hogan-grid-item-size-small hogan-grid-item-type-savage_custom_card savage-has-image savage-has-background savage-bg-default savage-has-layout savage-layout-card_content savage-has-teaser\">\n\t\t\t\t<div class=\"hogan-grid-item-inner\">\n\t\t\t\t\t<div class=\"savage-card-image\">\n\t<div class=\"savage-card-image-inner\">\n\t\t<span class=\"savage-card-image-image\" style=\"background-image: url(https:\/\/www.normisjon.no\/content\/uploads\/sites\/22\/2025\/11\/Oystein-Boen.jpeg);\"><\/span>\t<\/div>\n<\/div>\n\t\t<div class=\"savage-card-body\">\n\t\t\t<div class=\"savage-card-body-inner\">\n\t\t\t\t<p><strong>\u00d8ystein B\u00f8en<\/strong><br \/>\n<strong>Daglig leder Strand leirsted<\/strong><\/p>\n<p>Mob: 911 90 570<br \/>\nE-post: oystein.boen@normisjon.no<\/p>\n<p class=\"savage-card-teaser\">Send e-post<\/p>\t\t\t<\/div>\n\t\t<\/div>\n\t\t<a href=\"mailto:oystein.boen@normisjon.no\" class=\"savage-card-link\"><span class=\"screen-reader-text\">Send e-post<\/span><\/a>\t\t\t\t<\/div>\n\t\t\t<\/div>\n\t\t\t\t<\/div>\n<\/div>\n<\/div><\/div><div id=\"module-2\" class=\"hogan-module hogan-module-text hogan-module-2\"><div class=\"hogan-module-inner\"><p><iframe loading=\"lazy\" style=\"border: 0;\" src=\"https:\/\/www.google.com\/maps\/embed?pb=!1m18!1m12!1m3!1d41715.75751452498!2d10.37572710536185!3d59.08993488584761!2m3!1f0!2f0!3f0!3m2!1i1024!2i768!4f13.1!3m3!1m2!1s0x4646bfa73e3e631b%3A0x30fd83a9bcfa8733!2sStrand+Leirsted+og+gjestehus!5e0!3m2!1sno!2sno!4v1534405890672\" width=\"900\" height=\"300\" frameborder=\"0\" allowfullscreen=\"allowfullscreen\"><\/iframe><\/p><\/div><\/div>","protected":false},"excerpt":{"rendered":"<p>Bes\u00f8ksadresse: \u00d8ster\u00f8yveien 233, 3237 Sandefjord Telefon: 406 03 097 mandag til torsdag kl 9-15. E-post: gunn.marit.selle@normisjon.no V\u00e5rt kontonummer: 3000 14 71550 Ansatte Svein-Tony G\u00e5rds\u00f8 Regionleder [&hellip;]<\/p>\n","protected":false},"author":41,"featured_media":0,"parent":165,"menu_order":0,"comment_status":"closed","ping_status":"closed","template":"","meta":{"_acf_changed":false,"footnotes":""},"class_list":["post-157","page","type-page","status-publish","hentry"],"acf":[],"yoast_head":"<!-- This site is optimized with the Yoast SEO plugin v25.9 - https:\/\/yoast.com\/wordpress\/plugins\/seo\/ -->\n<title>Kontakt oss - Region VeBu<\/title>\n<meta name=\"robots\" content=\"index, follow, max-snippet:-1, max-image-preview:large, max-video-preview:-1\" \/>\n<link rel=\"canonical\" href=\"https:\/\/www.normisjon.no\/vebu\/acta\/kontakt-oss\/\" \/>\n<meta property=\"og:locale\" content=\"nb_NO\" \/>\n<meta property=\"og:type\" content=\"article\" \/>\n<meta property=\"og:title\" content=\"Kontakt oss - Region VeBu\" \/>\n<meta property=\"og:description\" content=\"Bes\u00f8ksadresse: \u00d8ster\u00f8yveien 233, 3237 Sandefjord Telefon: 406 03 097 mandag til torsdag kl 9-15. E-post: gunn.marit.selle@normisjon.no V\u00e5rt kontonummer: 3000 14 71550 Ansatte Svein-Tony G\u00e5rds\u00f8 Regionleder [&hellip;]\" \/>\n<meta property=\"og:url\" content=\"https:\/\/www.normisjon.no\/vebu\/acta\/kontakt-oss\/\" \/>\n<meta property=\"og:site_name\" content=\"Region VeBu\" \/>\n<meta property=\"article:modified_time\" content=\"2025-11-27T15:10:55+00:00\" \/>\n<meta name=\"twitter:card\" content=\"summary_large_image\" \/>\n<script type=\"application\/ld+json\" class=\"yoast-schema-graph\">{\"@context\":\"https:\/\/schema.org\",\"@graph\":[{\"@type\":\"WebPage\",\"@id\":\"https:\/\/www.normisjon.no\/vebu\/acta\/kontakt-oss\/\",\"url\":\"https:\/\/www.normisjon.no\/vebu\/acta\/kontakt-oss\/\",\"name\":\"Kontakt oss - Region VeBu\",\"isPartOf\":{\"@id\":\"https:\/\/www.normisjon.no\/vebu\/#website\"},\"datePublished\":\"2018-06-13T10:51:22+00:00\",\"dateModified\":\"2025-11-27T15:10:55+00:00\",\"breadcrumb\":{\"@id\":\"https:\/\/www.normisjon.no\/vebu\/acta\/kontakt-oss\/#breadcrumb\"},\"inLanguage\":\"nb-NO\",\"potentialAction\":[{\"@type\":\"ReadAction\",\"target\":[\"https:\/\/www.normisjon.no\/vebu\/acta\/kontakt-oss\/\"]}]},{\"@type\":\"BreadcrumbList\",\"@id\":\"https:\/\/www.normisjon.no\/vebu\/acta\/kontakt-oss\/#breadcrumb\",\"itemListElement\":[{\"@type\":\"ListItem\",\"position\":1,\"name\":\"Home\",\"item\":\"https:\/\/www.normisjon.no\/vebu\/\"},{\"@type\":\"ListItem\",\"position\":2,\"name\":\"Om Acta\",\"item\":\"https:\/\/www.normisjon.no\/vebu\/acta\/\"},{\"@type\":\"ListItem\",\"position\":3,\"name\":\"Kontakt oss\"}]},{\"@type\":\"WebSite\",\"@id\":\"https:\/\/www.normisjon.no\/vebu\/#website\",\"url\":\"https:\/\/www.normisjon.no\/vebu\/\",\"name\":\"Region VeBu\",\"description\":\"\",\"potentialAction\":[{\"@type\":\"SearchAction\",\"target\":{\"@type\":\"EntryPoint\",\"urlTemplate\":\"https:\/\/www.normisjon.no\/vebu\/?s={search_term_string}\"},\"query-input\":{\"@type\":\"PropertyValueSpecification\",\"valueRequired\":true,\"valueName\":\"search_term_string\"}}],\"inLanguage\":\"nb-NO\"}]}<\/script>\n<!-- \/ Yoast SEO plugin. -->","yoast_head_json":{"title":"Kontakt oss - Region VeBu","robots":{"index":"index","follow":"follow","max-snippet":"max-snippet:-1","max-image-preview":"max-image-preview:large","max-video-preview":"max-video-preview:-1"},"canonical":"https:\/\/www.normisjon.no\/vebu\/acta\/kontakt-oss\/","og_locale":"nb_NO","og_type":"article","og_title":"Kontakt oss - Region VeBu","og_description":"Bes\u00f8ksadresse: \u00d8ster\u00f8yveien 233, 3237 Sandefjord Telefon: 406 03 097 mandag til torsdag kl 9-15. E-post: gunn.marit.selle@normisjon.no V\u00e5rt kontonummer: 3000 14 71550 Ansatte Svein-Tony G\u00e5rds\u00f8 Regionleder [&hellip;]","og_url":"https:\/\/www.normisjon.no\/vebu\/acta\/kontakt-oss\/","og_site_name":"Region VeBu","article_modified_time":"2025-11-27T15:10:55+00:00","twitter_card":"summary_large_image","schema":{"@context":"https:\/\/schema.org","@graph":[{"@type":"WebPage","@id":"https:\/\/www.normisjon.no\/vebu\/acta\/kontakt-oss\/","url":"https:\/\/www.normisjon.no\/vebu\/acta\/kontakt-oss\/","name":"Kontakt oss - Region VeBu","isPartOf":{"@id":"https:\/\/www.normisjon.no\/vebu\/#website"},"datePublished":"2018-06-13T10:51:22+00:00","dateModified":"2025-11-27T15:10:55+00:00","breadcrumb":{"@id":"https:\/\/www.normisjon.no\/vebu\/acta\/kontakt-oss\/#breadcrumb"},"inLanguage":"nb-NO","potentialAction":[{"@type":"ReadAction","target":["https:\/\/www.normisjon.no\/vebu\/acta\/kontakt-oss\/"]}]},{"@type":"BreadcrumbList","@id":"https:\/\/www.normisjon.no\/vebu\/acta\/kontakt-oss\/#breadcrumb","itemListElement":[{"@type":"ListItem","position":1,"name":"Home","item":"https:\/\/www.normisjon.no\/vebu\/"},{"@type":"ListItem","position":2,"name":"Om Acta","item":"https:\/\/www.normisjon.no\/vebu\/acta\/"},{"@type":"ListItem","position":3,"name":"Kontakt oss"}]},{"@type":"WebSite","@id":"https:\/\/www.normisjon.no\/vebu\/#website","url":"https:\/\/www.normisjon.no\/vebu\/","name":"Region VeBu","description":"","potentialAction":[{"@type":"SearchAction","target":{"@type":"EntryPoint","urlTemplate":"https:\/\/www.normisjon.no\/vebu\/?s={search_term_string}"},"query-input":{"@type":"PropertyValueSpecification","valueRequired":true,"valueName":"search_term_string"}}],"inLanguage":"nb-NO"}]}},"_links":{"self":[{"href":"https:\/\/www.normisjon.no\/vebu\/wp-json\/wp\/v2\/pages\/157","targetHints":{"allow":["GET"]}}],"collection":[{"href":"https:\/\/www.normisjon.no\/vebu\/wp-json\/wp\/v2\/pages"}],"about":[{"href":"https:\/\/www.normisjon.no\/vebu\/wp-json\/wp\/v2\/types\/page"}],"author":[{"embeddable":true,"href":"https:\/\/www.normisjon.no\/vebu\/wp-json\/wp\/v2\/users\/41"}],"replies":[{"embeddable":true,"href":"https:\/\/www.normisjon.no\/vebu\/wp-json\/wp\/v2\/comments?post=157"}],"version-history":[{"count":15,"href":"https:\/\/www.normisjon.no\/vebu\/wp-json\/wp\/v2\/pages\/157\/revisions"}],"predecessor-version":[{"id":5493,"href":"https:\/\/www.normisjon.no\/vebu\/wp-json\/wp\/v2\/pages\/157\/revisions\/5493"}],"up":[{"embeddable":true,"href":"https:\/\/www.normisjon.no\/vebu\/wp-json\/wp\/v2\/pages\/165"}],"wp:attachment":[{"href":"https:\/\/www.normisjon.no\/vebu\/wp-json\/wp\/v2\/media?parent=157"}],"curies":[{"name":"wp","href":"https:\/\/api.w.org\/{rel}","templated":true}]}}