{"id":167,"date":"2018-06-13T12:58:28","date_gmt":"2018-06-13T10:58:28","guid":{"rendered":"https:\/\/www.normisjon.no\/region-vestfold-buskerud\/?page_id=167"},"modified":"2019-01-16T16:04:54","modified_gmt":"2019-01-16T15:04:54","slug":"velkommen","status":"publish","type":"page","link":"https:\/\/www.normisjon.no\/vebu\/velkommen\/","title":{"rendered":"Om Strand leirsted"},"content":{"rendered":"<div id=\"module-0\" class=\"hogan-module hogan-module-text hogan-module-0\"><div class=\"hogan-module-inner\"><p><span style=\"color: #000000;font-size: medium\">Strand leirsted er et rusfritt leirsted med egne leirer og utleie til eksternes leirer, konferanse og selskaper. V\u00e5r bygningsmasse og beliggenhet er et meget godt utgangspunkt for mange av v\u00e5re leietakere for deres arrangementer. <\/span><\/p>\n<p><span style=\"color: #000000;font-size: medium\">\u00a0<\/span><span style=\"color: #000000;font-size: medium\">Strand ligger idyllisk til p\u00e5 \u00d8ster\u00f8ya i Sandefjord med strandlinje mot\u00a0Mefjorden. Kun 6 km fra sentrum av Sandefjord og 16 km fra Sandefjord\u00a0Lufthavn Torp, og midt mellom T\u00f8nsberg og Larvik.\u00a0Med offentlige kommunikasjoner som fly, buss, tog og ferge er det kort\u00a0vei til Sandefjord fra de fleste byer i S\u00f8r-Norge og flere europeiske\u00a0storbyer.<\/span><\/p>\n<p><span style=\"color: #000000;font-size: medium\">\u00d8ster\u00f8ya er kjent for sine friomr\u00e5der som er godt tilrettelagt for rikt\u00a0og variert friluftsliv. Skj\u00e6rg\u00e5rden gir mange muligheter, og ligger\u00a0flott til for fiske. Kort vei til Skjellvika badestrand. Her kommer man\u00a0inn p\u00e5 kyststien som strekker seg ca 10 km seg utover \u00d8ster\u00f8ya mot\u00a0Flautangen og T\u00f8nsberg T\u00f8nne. Utsikten fra \u00abT\u00f8nna\u00bb er fantastisk, enten\u00a0sola skinner eller vinden uler. Mefjorden, som ligger beskyttet mellom\u00a0\u00d8ster\u00f8ya og Vester\u00f8ya, har mange holmer og viker og egner seg godt til\u00a0strandhugg med kano eller b\u00e5t.<\/span><\/p>\n<p><span style=\"color: #000000;font-family: Calibri\">Strand leirsted eies av Normisjon region Vestfold\/Buskerud og drives med kristen profil. Av prinsipielle grunner er det derfor ikke anledning til \u00e5 severe alkohol p\u00e5 Strand.<\/span><\/p>\n<p><strong>Se <a href=\"http:\/\/www.strand-sandefjord.no\">www.strand-sandefjord.no<\/a> for booking og mer informasjon.<\/strong><\/p>\n<p>&nbsp;<\/p><\/div><\/div>","protected":false},"excerpt":{"rendered":"<p>Strand leirsted er et rusfritt leirsted med egne leirer og utleie til eksternes leirer, konferanse og selskaper. V\u00e5r bygningsmasse og beliggenhet er et meget godt [&hellip;]<\/p>\n","protected":false},"author":41,"featured_media":0,"parent":0,"menu_order":0,"comment_status":"closed","ping_status":"closed","template":"","meta":{"_acf_changed":false,"footnotes":""},"class_list":["post-167","page","type-page","status-publish","hentry"],"acf":[],"yoast_head":"<!-- This site is optimized with the Yoast SEO plugin v25.9 - https:\/\/yoast.com\/wordpress\/plugins\/seo\/ -->\n<title>Om Strand leirsted - Region VeBu<\/title>\n<meta name=\"robots\" content=\"index, follow, max-snippet:-1, max-image-preview:large, max-video-preview:-1\" \/>\n<link rel=\"canonical\" href=\"https:\/\/www.normisjon.no\/vebu\/velkommen\/\" \/>\n<meta property=\"og:locale\" content=\"nb_NO\" \/>\n<meta property=\"og:type\" content=\"article\" \/>\n<meta property=\"og:title\" content=\"Om Strand leirsted - Region VeBu\" \/>\n<meta property=\"og:description\" content=\"Strand leirsted er et rusfritt leirsted med egne leirer og utleie til eksternes leirer, konferanse og selskaper. V\u00e5r bygningsmasse og beliggenhet er et meget godt [&hellip;]\" \/>\n<meta property=\"og:url\" content=\"https:\/\/www.normisjon.no\/vebu\/velkommen\/\" \/>\n<meta property=\"og:site_name\" content=\"Region VeBu\" \/>\n<meta property=\"article:modified_time\" content=\"2019-01-16T15:04:54+00:00\" \/>\n<meta name=\"twitter:card\" content=\"summary_large_image\" \/>\n<script type=\"application\/ld+json\" class=\"yoast-schema-graph\">{\"@context\":\"https:\/\/schema.org\",\"@graph\":[{\"@type\":\"WebPage\",\"@id\":\"https:\/\/www.normisjon.no\/vebu\/velkommen\/\",\"url\":\"https:\/\/www.normisjon.no\/vebu\/velkommen\/\",\"name\":\"Om Strand leirsted - Region VeBu\",\"isPartOf\":{\"@id\":\"https:\/\/www.normisjon.no\/vebu\/#website\"},\"datePublished\":\"2018-06-13T10:58:28+00:00\",\"dateModified\":\"2019-01-16T15:04:54+00:00\",\"breadcrumb\":{\"@id\":\"https:\/\/www.normisjon.no\/vebu\/velkommen\/#breadcrumb\"},\"inLanguage\":\"nb-NO\",\"potentialAction\":[{\"@type\":\"ReadAction\",\"target\":[\"https:\/\/www.normisjon.no\/vebu\/velkommen\/\"]}]},{\"@type\":\"BreadcrumbList\",\"@id\":\"https:\/\/www.normisjon.no\/vebu\/velkommen\/#breadcrumb\",\"itemListElement\":[{\"@type\":\"ListItem\",\"position\":1,\"name\":\"Home\",\"item\":\"https:\/\/www.normisjon.no\/vebu\/\"},{\"@type\":\"ListItem\",\"position\":2,\"name\":\"Om Strand leirsted\"}]},{\"@type\":\"WebSite\",\"@id\":\"https:\/\/www.normisjon.no\/vebu\/#website\",\"url\":\"https:\/\/www.normisjon.no\/vebu\/\",\"name\":\"Region VeBu\",\"description\":\"\",\"potentialAction\":[{\"@type\":\"SearchAction\",\"target\":{\"@type\":\"EntryPoint\",\"urlTemplate\":\"https:\/\/www.normisjon.no\/vebu\/?s={search_term_string}\"},\"query-input\":{\"@type\":\"PropertyValueSpecification\",\"valueRequired\":true,\"valueName\":\"search_term_string\"}}],\"inLanguage\":\"nb-NO\"}]}<\/script>\n<!-- \/ Yoast SEO plugin. -->","yoast_head_json":{"title":"Om Strand leirsted - Region VeBu","robots":{"index":"index","follow":"follow","max-snippet":"max-snippet:-1","max-image-preview":"max-image-preview:large","max-video-preview":"max-video-preview:-1"},"canonical":"https:\/\/www.normisjon.no\/vebu\/velkommen\/","og_locale":"nb_NO","og_type":"article","og_title":"Om Strand leirsted - Region VeBu","og_description":"Strand leirsted er et rusfritt leirsted med egne leirer og utleie til eksternes leirer, konferanse og selskaper. V\u00e5r bygningsmasse og beliggenhet er et meget godt [&hellip;]","og_url":"https:\/\/www.normisjon.no\/vebu\/velkommen\/","og_site_name":"Region VeBu","article_modified_time":"2019-01-16T15:04:54+00:00","twitter_card":"summary_large_image","schema":{"@context":"https:\/\/schema.org","@graph":[{"@type":"WebPage","@id":"https:\/\/www.normisjon.no\/vebu\/velkommen\/","url":"https:\/\/www.normisjon.no\/vebu\/velkommen\/","name":"Om Strand leirsted - Region VeBu","isPartOf":{"@id":"https:\/\/www.normisjon.no\/vebu\/#website"},"datePublished":"2018-06-13T10:58:28+00:00","dateModified":"2019-01-16T15:04:54+00:00","breadcrumb":{"@id":"https:\/\/www.normisjon.no\/vebu\/velkommen\/#breadcrumb"},"inLanguage":"nb-NO","potentialAction":[{"@type":"ReadAction","target":["https:\/\/www.normisjon.no\/vebu\/velkommen\/"]}]},{"@type":"BreadcrumbList","@id":"https:\/\/www.normisjon.no\/vebu\/velkommen\/#breadcrumb","itemListElement":[{"@type":"ListItem","position":1,"name":"Home","item":"https:\/\/www.normisjon.no\/vebu\/"},{"@type":"ListItem","position":2,"name":"Om Strand leirsted"}]},{"@type":"WebSite","@id":"https:\/\/www.normisjon.no\/vebu\/#website","url":"https:\/\/www.normisjon.no\/vebu\/","name":"Region VeBu","description":"","potentialAction":[{"@type":"SearchAction","target":{"@type":"EntryPoint","urlTemplate":"https:\/\/www.normisjon.no\/vebu\/?s={search_term_string}"},"query-input":{"@type":"PropertyValueSpecification","valueRequired":true,"valueName":"search_term_string"}}],"inLanguage":"nb-NO"}]}},"_links":{"self":[{"href":"https:\/\/www.normisjon.no\/vebu\/wp-json\/wp\/v2\/pages\/167","targetHints":{"allow":["GET"]}}],"collection":[{"href":"https:\/\/www.normisjon.no\/vebu\/wp-json\/wp\/v2\/pages"}],"about":[{"href":"https:\/\/www.normisjon.no\/vebu\/wp-json\/wp\/v2\/types\/page"}],"author":[{"embeddable":true,"href":"https:\/\/www.normisjon.no\/vebu\/wp-json\/wp\/v2\/users\/41"}],"replies":[{"embeddable":true,"href":"https:\/\/www.normisjon.no\/vebu\/wp-json\/wp\/v2\/comments?post=167"}],"version-history":[{"count":3,"href":"https:\/\/www.normisjon.no\/vebu\/wp-json\/wp\/v2\/pages\/167\/revisions"}],"predecessor-version":[{"id":738,"href":"https:\/\/www.normisjon.no\/vebu\/wp-json\/wp\/v2\/pages\/167\/revisions\/738"}],"wp:attachment":[{"href":"https:\/\/www.normisjon.no\/vebu\/wp-json\/wp\/v2\/media?parent=167"}],"curies":[{"name":"wp","href":"https:\/\/api.w.org\/{rel}","templated":true}]}}