{"id":2648,"date":"2021-10-18T14:42:45","date_gmt":"2021-10-18T12:42:45","guid":{"rendered":"https:\/\/www.normisjon.no\/vebu\/?page_id=2648"},"modified":"2021-10-18T14:54:42","modified_gmt":"2021-10-18T12:54:42","slug":"strandtorget-27-og-28-oktober-2021","status":"publish","type":"page","link":"https:\/\/www.normisjon.no\/vebu\/strandtorget-27-og-28-oktober-2021\/","title":{"rendered":"Strandtorget 27. og 28. oktober 2021"},"content":{"rendered":"<div id=\"module-0\" class=\"hogan-module hogan-module-text hogan-module-0\"><div class=\"hogan-module-inner\"><p><strong>Velkommen til Strand og 30 forskjellige salgsboder!<\/strong><\/p>\n<p>Det er stor variasjon i vareutvalget disse dagene. Her kan du finne flere typer h\u00e5ndarbeid, kransekake, lefser og annet bakverk, honning, Tupperware, ryer, mynter for nye samlere, akvareller, b\u00f8ker, malte glass, Tiffanyengler og lykter, dukker, antikk og brukt, juleforkl\u00e6r og juletreryer, produkter fra naturen (l\u00f8vetannsirup, bjerkesaft, geitramssaft, sylta granskudd, ramsl\u00f8ksm\u00f8r og bringeb\u00e6reddik), kluter og mopper, trefigurer, smykker, bilder m.m.<\/p>\n<p><strong>\u00c5pningstider for Strandtorget er kl 11-19<\/strong><\/p>\n<p>Det vil v\u00e6re kafeteria begge dager med r\u00f8mmegr\u00f8t, lapskaus, sm\u00f8rbr\u00f8d og kaker<\/p>\n<p>Det vil ogs\u00e5 v\u00e6re lynlotteri.<\/p>\n<p><strong>Du er hjertelig velkommen!<\/strong><\/p><\/div><\/div><div id=\"module-1\" class=\"hogan-module hogan-module-image hogan-module-1 hogan-image-size-large\"><div class=\"hogan-module-inner\"><figure class=\"wp-caption size-large\"><img loading=\"lazy\" decoding=\"async\" width=\"1024\" height=\"768\" src=\"https:\/\/www.normisjon.no\/content\/uploads\/sites\/22\/2021\/10\/IMG_3104-1024x768.jpg\" class=\"attachment-large size-large\" alt=\"\" srcset=\"https:\/\/www.normisjon.no\/content\/uploads\/sites\/22\/2021\/10\/IMG_3104-1024x768.jpg 1024w, https:\/\/www.normisjon.no\/content\/uploads\/sites\/22\/2021\/10\/IMG_3104-300x225.jpg 300w, https:\/\/www.normisjon.no\/content\/uploads\/sites\/22\/2021\/10\/IMG_3104-768x576.jpg 768w, https:\/\/www.normisjon.no\/content\/uploads\/sites\/22\/2021\/10\/IMG_3104-1920x1440.jpg 1920w, https:\/\/www.normisjon.no\/content\/uploads\/sites\/22\/2021\/10\/IMG_3104-1360x1020.jpg 1360w, https:\/\/www.normisjon.no\/content\/uploads\/sites\/22\/2021\/10\/IMG_3104-960x720.jpg 960w\" sizes=\"auto, (max-width: 1024px) 100vw, 1024px\" \/><\/figure><\/div><\/div>","protected":false},"excerpt":{"rendered":"<p>Velkommen til Strand og 30 forskjellige salgsboder! Det er stor variasjon i vareutvalget disse dagene. Her kan du finne flere typer h\u00e5ndarbeid, kransekake, lefser og [&hellip;]<\/p>\n","protected":false},"author":24,"featured_media":2655,"parent":0,"menu_order":0,"comment_status":"closed","ping_status":"closed","template":"","meta":{"_acf_changed":false,"footnotes":""},"class_list":["post-2648","page","type-page","status-publish","has-post-thumbnail","hentry"],"acf":[],"yoast_head":"<!-- This site is optimized with the Yoast SEO plugin v25.9 - https:\/\/yoast.com\/wordpress\/plugins\/seo\/ -->\n<title>Strandtorget 27. og 28. oktober 2021 - Region VeBu<\/title>\n<meta name=\"robots\" content=\"index, follow, max-snippet:-1, max-image-preview:large, max-video-preview:-1\" \/>\n<link rel=\"canonical\" href=\"https:\/\/www.normisjon.no\/vebu\/strandtorget-27-og-28-oktober-2021\/\" \/>\n<meta property=\"og:locale\" content=\"nb_NO\" \/>\n<meta property=\"og:type\" content=\"article\" \/>\n<meta property=\"og:title\" content=\"Strandtorget 27. og 28. oktober 2021 - Region VeBu\" \/>\n<meta property=\"og:description\" content=\"Velkommen til Strand og 30 forskjellige salgsboder! Det er stor variasjon i vareutvalget disse dagene. Her kan du finne flere typer h\u00e5ndarbeid, kransekake, lefser og [&hellip;]\" \/>\n<meta property=\"og:url\" content=\"https:\/\/www.normisjon.no\/vebu\/strandtorget-27-og-28-oktober-2021\/\" \/>\n<meta property=\"og:site_name\" content=\"Region VeBu\" \/>\n<meta property=\"article:modified_time\" content=\"2021-10-18T12:54:42+00:00\" \/>\n<meta property=\"og:image\" content=\"https:\/\/www.normisjon.no\/content\/uploads\/sites\/22\/2021\/10\/IMG_5054.jpg\" \/>\n\t<meta property=\"og:image:width\" content=\"3264\" \/>\n\t<meta property=\"og:image:height\" content=\"2448\" \/>\n\t<meta property=\"og:image:type\" content=\"image\/jpeg\" \/>\n<meta name=\"twitter:card\" content=\"summary_large_image\" \/>\n<script type=\"application\/ld+json\" class=\"yoast-schema-graph\">{\"@context\":\"https:\/\/schema.org\",\"@graph\":[{\"@type\":\"WebPage\",\"@id\":\"https:\/\/www.normisjon.no\/vebu\/strandtorget-27-og-28-oktober-2021\/\",\"url\":\"https:\/\/www.normisjon.no\/vebu\/strandtorget-27-og-28-oktober-2021\/\",\"name\":\"Strandtorget 27. og 28. oktober 2021 - Region VeBu\",\"isPartOf\":{\"@id\":\"https:\/\/www.normisjon.no\/vebu\/#website\"},\"primaryImageOfPage\":{\"@id\":\"https:\/\/www.normisjon.no\/vebu\/strandtorget-27-og-28-oktober-2021\/#primaryimage\"},\"image\":{\"@id\":\"https:\/\/www.normisjon.no\/vebu\/strandtorget-27-og-28-oktober-2021\/#primaryimage\"},\"thumbnailUrl\":\"https:\/\/www.normisjon.no\/content\/uploads\/sites\/22\/2021\/10\/IMG_5054.jpg\",\"datePublished\":\"2021-10-18T12:42:45+00:00\",\"dateModified\":\"2021-10-18T12:54:42+00:00\",\"breadcrumb\":{\"@id\":\"https:\/\/www.normisjon.no\/vebu\/strandtorget-27-og-28-oktober-2021\/#breadcrumb\"},\"inLanguage\":\"nb-NO\",\"potentialAction\":[{\"@type\":\"ReadAction\",\"target\":[\"https:\/\/www.normisjon.no\/vebu\/strandtorget-27-og-28-oktober-2021\/\"]}]},{\"@type\":\"ImageObject\",\"inLanguage\":\"nb-NO\",\"@id\":\"https:\/\/www.normisjon.no\/vebu\/strandtorget-27-og-28-oktober-2021\/#primaryimage\",\"url\":\"https:\/\/www.normisjon.no\/content\/uploads\/sites\/22\/2021\/10\/IMG_5054.jpg\",\"contentUrl\":\"https:\/\/www.normisjon.no\/content\/uploads\/sites\/22\/2021\/10\/IMG_5054.jpg\",\"width\":3264,\"height\":2448},{\"@type\":\"BreadcrumbList\",\"@id\":\"https:\/\/www.normisjon.no\/vebu\/strandtorget-27-og-28-oktober-2021\/#breadcrumb\",\"itemListElement\":[{\"@type\":\"ListItem\",\"position\":1,\"name\":\"Home\",\"item\":\"https:\/\/www.normisjon.no\/vebu\/\"},{\"@type\":\"ListItem\",\"position\":2,\"name\":\"Strandtorget 27. og 28. oktober 2021\"}]},{\"@type\":\"WebSite\",\"@id\":\"https:\/\/www.normisjon.no\/vebu\/#website\",\"url\":\"https:\/\/www.normisjon.no\/vebu\/\",\"name\":\"Region VeBu\",\"description\":\"\",\"potentialAction\":[{\"@type\":\"SearchAction\",\"target\":{\"@type\":\"EntryPoint\",\"urlTemplate\":\"https:\/\/www.normisjon.no\/vebu\/?s={search_term_string}\"},\"query-input\":{\"@type\":\"PropertyValueSpecification\",\"valueRequired\":true,\"valueName\":\"search_term_string\"}}],\"inLanguage\":\"nb-NO\"}]}<\/script>\n<!-- \/ Yoast SEO plugin. -->","yoast_head_json":{"title":"Strandtorget 27. og 28. oktober 2021 - Region VeBu","robots":{"index":"index","follow":"follow","max-snippet":"max-snippet:-1","max-image-preview":"max-image-preview:large","max-video-preview":"max-video-preview:-1"},"canonical":"https:\/\/www.normisjon.no\/vebu\/strandtorget-27-og-28-oktober-2021\/","og_locale":"nb_NO","og_type":"article","og_title":"Strandtorget 27. og 28. oktober 2021 - Region VeBu","og_description":"Velkommen til Strand og 30 forskjellige salgsboder! Det er stor variasjon i vareutvalget disse dagene. Her kan du finne flere typer h\u00e5ndarbeid, kransekake, lefser og [&hellip;]","og_url":"https:\/\/www.normisjon.no\/vebu\/strandtorget-27-og-28-oktober-2021\/","og_site_name":"Region VeBu","article_modified_time":"2021-10-18T12:54:42+00:00","og_image":[{"width":3264,"height":2448,"url":"https:\/\/www.normisjon.no\/content\/uploads\/sites\/22\/2021\/10\/IMG_5054.jpg","type":"image\/jpeg"}],"twitter_card":"summary_large_image","schema":{"@context":"https:\/\/schema.org","@graph":[{"@type":"WebPage","@id":"https:\/\/www.normisjon.no\/vebu\/strandtorget-27-og-28-oktober-2021\/","url":"https:\/\/www.normisjon.no\/vebu\/strandtorget-27-og-28-oktober-2021\/","name":"Strandtorget 27. og 28. oktober 2021 - Region VeBu","isPartOf":{"@id":"https:\/\/www.normisjon.no\/vebu\/#website"},"primaryImageOfPage":{"@id":"https:\/\/www.normisjon.no\/vebu\/strandtorget-27-og-28-oktober-2021\/#primaryimage"},"image":{"@id":"https:\/\/www.normisjon.no\/vebu\/strandtorget-27-og-28-oktober-2021\/#primaryimage"},"thumbnailUrl":"https:\/\/www.normisjon.no\/content\/uploads\/sites\/22\/2021\/10\/IMG_5054.jpg","datePublished":"2021-10-18T12:42:45+00:00","dateModified":"2021-10-18T12:54:42+00:00","breadcrumb":{"@id":"https:\/\/www.normisjon.no\/vebu\/strandtorget-27-og-28-oktober-2021\/#breadcrumb"},"inLanguage":"nb-NO","potentialAction":[{"@type":"ReadAction","target":["https:\/\/www.normisjon.no\/vebu\/strandtorget-27-og-28-oktober-2021\/"]}]},{"@type":"ImageObject","inLanguage":"nb-NO","@id":"https:\/\/www.normisjon.no\/vebu\/strandtorget-27-og-28-oktober-2021\/#primaryimage","url":"https:\/\/www.normisjon.no\/content\/uploads\/sites\/22\/2021\/10\/IMG_5054.jpg","contentUrl":"https:\/\/www.normisjon.no\/content\/uploads\/sites\/22\/2021\/10\/IMG_5054.jpg","width":3264,"height":2448},{"@type":"BreadcrumbList","@id":"https:\/\/www.normisjon.no\/vebu\/strandtorget-27-og-28-oktober-2021\/#breadcrumb","itemListElement":[{"@type":"ListItem","position":1,"name":"Home","item":"https:\/\/www.normisjon.no\/vebu\/"},{"@type":"ListItem","position":2,"name":"Strandtorget 27. og 28. oktober 2021"}]},{"@type":"WebSite","@id":"https:\/\/www.normisjon.no\/vebu\/#website","url":"https:\/\/www.normisjon.no\/vebu\/","name":"Region VeBu","description":"","potentialAction":[{"@type":"SearchAction","target":{"@type":"EntryPoint","urlTemplate":"https:\/\/www.normisjon.no\/vebu\/?s={search_term_string}"},"query-input":{"@type":"PropertyValueSpecification","valueRequired":true,"valueName":"search_term_string"}}],"inLanguage":"nb-NO"}]}},"_links":{"self":[{"href":"https:\/\/www.normisjon.no\/vebu\/wp-json\/wp\/v2\/pages\/2648","targetHints":{"allow":["GET"]}}],"collection":[{"href":"https:\/\/www.normisjon.no\/vebu\/wp-json\/wp\/v2\/pages"}],"about":[{"href":"https:\/\/www.normisjon.no\/vebu\/wp-json\/wp\/v2\/types\/page"}],"author":[{"embeddable":true,"href":"https:\/\/www.normisjon.no\/vebu\/wp-json\/wp\/v2\/users\/24"}],"replies":[{"embeddable":true,"href":"https:\/\/www.normisjon.no\/vebu\/wp-json\/wp\/v2\/comments?post=2648"}],"version-history":[{"count":3,"href":"https:\/\/www.normisjon.no\/vebu\/wp-json\/wp\/v2\/pages\/2648\/revisions"}],"predecessor-version":[{"id":2656,"href":"https:\/\/www.normisjon.no\/vebu\/wp-json\/wp\/v2\/pages\/2648\/revisions\/2656"}],"wp:featuredmedia":[{"embeddable":true,"href":"https:\/\/www.normisjon.no\/vebu\/wp-json\/wp\/v2\/media\/2655"}],"wp:attachment":[{"href":"https:\/\/www.normisjon.no\/vebu\/wp-json\/wp\/v2\/media?parent=2648"}],"curies":[{"name":"wp","href":"https:\/\/api.w.org\/{rel}","templated":true}]}}